{"id":23137,"date":"2025-01-27T16:42:53","date_gmt":"2025-01-27T13:42:53","guid":{"rendered":"https:\/\/www.facecorner.lv\/?post_type=product&#038;p=23137"},"modified":"2026-04-01T14:50:54","modified_gmt":"2026-04-01T11:50:54","slug":"celimax-the-vita-a-retinal-shot-tightening-booster-retinola-krems-01-15ml","status":"publish","type":"product","link":"https:\/\/www.facecorner.lv\/en\/shop\/celimax-the-vita-a-retinal-shot-tightening-booster-retinola-krems-01-15ml\/","title":{"rendered":"Celimax The Vita-A Retinal Shot Tightening Booster retinola kr\u0113ms 0,1% 15ml"},"content":{"rendered":"<p>Celimax The Vita-A Retinal Shot Tightening Booster\u00a0 ir bag\u0101t\u012bgas tekst\u016bras produkts lok\u0101lai lieto\u0161anai pretnoveco\u0161an\u0101s kop\u0161anas proces\u0101. Produktam ir izteikta liftinga iedarb\u012bba, nov\u0113r\u0161 audu ptozi, uztur to tonusu, samazina statisk\u0101s un sejas grumbas, samazina to dzi\u013cumu.<\/p>\n<p>Regul\u0101ri lietojot, kr\u0113ms izl\u012bdzina mikroreljefu &#8211; samazina poru izm\u0113ru un dzi\u013cumu, palielinot elast\u012bbu un elast\u012bbu.<\/p>\n<p>Kr\u0113ms efekt\u012bvi iedarbojas uz vecuma un p\u0113ciekaisuma pigment\u0101ciju, likvid\u0113 p\u0113pne- un stagn\u0101cijas plankumus, izl\u012bdzina \u0101das tekst\u016bru un tonusu, pie\u0161\u0137ir tai dabisku mirdzumu.<\/p>\n<p><strong>Main active ingredients:<\/strong><\/p>\n<ul>\n<li>Retinal (0,1%) stimul\u0113 atjauno\u0161anos \u0161\u016bnu l\u012bmen\u012b, aktiviz\u0113 kolag\u0113na un elast\u012bna ra\u017eo\u0161anu. Tam piem\u012bt pretiekaisuma un pretnoveco\u0161an\u0101s \u012bpa\u0161\u012bbas: samazina pinnes risku, regul\u0113 sebuma veido\u0161anos, izl\u012bdzina \u0101das toni un tekst\u016bru, samazinot poru izm\u0113ru un dzi\u013cumu un izl\u012bdzinot grumbas.<\/li>\n<li>A-ShotTM &#8211; patent\u0113ts mikroadatu komplekss (20 250) nodro\u0161ina akt\u012bvo sast\u0101vda\u013cu pieg\u0101di dzi\u013cos epidermas sl\u0101\u0146os un stimul\u0113 \u0161\u016bnu atjauno\u0161an\u0101s procesus. Tam piem\u012bt maiga p\u012blinga iedarb\u012bba, tas pal\u012bdz samazin\u0101t hiperpigment\u0101ciju un izl\u012bdzin\u0101t \u0101das strukt\u016bru.<\/li>\n<li>Matrixyl\u00ae3000 (3%, palmitoiltripept\u012bds-1, palmitoiltetrapept\u012bds-7) &#8211; patent\u0113ts pept\u012bdu-matrik\u012bnu komplekss. Tas stimul\u0113 \u0161\u016bnu atjauno\u0161anos, stiprina \u0101rpus\u0161\u016bnu matricu, palielina kolag\u0113na un hialuronsk\u0101bes sint\u0113zi, t\u0101d\u0113j\u0101di savelk un izl\u012bdzina \u0101du, model\u0113 sejas ov\u0101lu un atjauno elast\u012bbu.<\/li>\n<li>Pantenols (1 %, vitam\u012bns B5) atjauno raga sl\u0101\u0146a integrit\u0101ti, optimiz\u0113 \u0101das barjeras funkcijas, pa\u0101trina mikro boj\u0101jumu dz\u012b\u0161anu, mazina aps\u0101rtumu un kairin\u0101jumu, piem\u012bt br\u016b\u010du dziedino\u0161as \u012bpa\u0161\u012bbas.<\/li>\n<li>Niacinam\u012bds (vitam\u012bns B3) pal\u012bdz stimul\u0113t kolag\u0113na sint\u0113zi un uzlabot aizsargfunkcijas, pal\u012bdz samazin\u0101t transepiderm\u0101lo mitruma zudumu un nov\u0113rst pigment\u0101ciju, mitrina, sa\u0161aurina poras, nomierina, izgaismo.<\/li>\n<li>Askorb\u012bnsk\u0101be ir nestabila C vitam\u012bna forma, kurai piem\u012bt vissp\u0113c\u012bg\u0101k\u0101 balino\u0161\u0101 un pretnoveco\u0161an\u0101s iedarb\u012bba.<\/li>\n<\/ul>\n<p>Piem\u0113rots taukainai, jauktai, norm\u0101lai un sausai \u0101dai.<\/p>\n<p><strong>How to use:<\/strong> vakara kop\u0161anas laik\u0101 uz iepriek\u0161 att\u012br\u012btas \u0101das uzkl\u0101jiet nepiecie\u0161amo produkta daudzumu, izkl\u0101jiet ar pirkstiem un pagaidiet, l\u012bdz piln\u012bb\u0101 ies\u016bcas. Turpiniet kop\u0161anu ar kr\u0113mu. Dienas laik\u0101 lietot saules aizsargkr\u0113mu SPF50 PA++++.<\/p>\n<p><strong>Uzman\u012bbu!<\/strong> Ja iepriek\u0161 neesat lietoju\u0161i produktus ar retinolu, ievietojiet produktu pak\u0101peniski: piem\u0113ram, lietojiet produktu 2 reizes ned\u0113\u013c\u0101 2 ned\u0113\u013cas. P\u0113c tam, ja \u0101dai nerodas kairin\u0101juma paz\u012bmes, lietojiet kr\u0113mu 3 reizes ned\u0113\u013c\u0101 2 ned\u0113\u013cas. Nelietojiet produktus ar retinolu gr\u016btniec\u012bbas un z\u012bd\u012b\u0161anas laik\u0101 vai se\u0161us m\u0113ne\u0161us pirms gr\u016btniec\u012bbas.<\/p>\n<p><strong>Ingredientes:<\/strong> <span style=\"font-size: 16px;\">Water, Butylene Glycol, Glycerin, Caprylic\/Capric Triglyceride, Cetearyl Alcohol, Niacinamide, Diisostearyl Malate, 1,2-Hexanediol, Polypropylsilsesquioxane, Panthenol, Cetearyl Olivate, Cetearyl Glucoside, Sorbitan Olivate, Hydroxyethyl Acrylate\/Sodium Acryloyldimethyl Taurate Copolymer, Lecithin, Carbomer, Arginine, Dimethicone\/Vinyl Dimethicone Crosspolymer, Tocopherol, Retinal (0.1%), Xanthan Gum, Ethylhexylglycerin, Adenosine, Sorbitan Isostearate, Sodium Lactate, Hydrolyzed Sponge, Disodium EDTA, Polysorbate 20, Ascorbic Acid, Glucose, Palmitoyl Tripeptide-1, Palmitoyl Tetrapeptide-7<\/span><\/p>\n<div class=\"slider similar\"><\/div>","protected":false},"excerpt":{"rendered":"<p>Celimax The Vita-A Retinal Shot Tightening Booster ir bag\u0101t\u012bgas tekst\u016bras produkts lok\u0101lai lieto\u0161anai pretnoveco\u0161an\u0101s kop\u0161anas proces\u0101. Produktam ir izteikta liftinga iedarb\u012bba, nov\u0113r\u0161 audu ptozi, uztur to tonusu, samazina statisk\u0101s un sejas grumbas, samazina to dzi\u013cumu.<\/p>","protected":false},"featured_media":23138,"comment_status":"open","ping_status":"closed","template":"","meta":{"site-sidebar-layout":"default","site-content-layout":"","ast-site-content-layout":"default","site-content-style":"default","site-sidebar-style":"default","ast-global-header-display":"","ast-banner-title-visibility":"","ast-main-header-display":"","ast-hfb-above-header-display":"","ast-hfb-below-header-display":"","ast-hfb-mobile-header-display":"","site-post-title":"","ast-breadcrumbs-content":"","ast-featured-img":"","footer-sml-layout":"","theme-transparent-header-meta":"default","adv-header-id-meta":"","stick-header-meta":"","header-above-stick-meta":"","header-main-stick-meta":"","header-below-stick-meta":"","astra-migrate-meta-layouts":"set","ast-page-background-enabled":"default","ast-page-background-meta":{"desktop":{"background-color":"var(--ast-global-color-4)","background-image":"","background-repeat":"repeat","background-position":"center center","background-size":"auto","background-attachment":"scroll","background-type":"","background-media":"","overlay-type":"","overlay-color":"","overlay-opacity":"","overlay-gradient":""},"tablet":{"background-color":"","background-image":"","background-repeat":"repeat","background-position":"center center","background-size":"auto","background-attachment":"scroll","background-type":"","background-media":"","overlay-type":"","overlay-color":"","overlay-opacity":"","overlay-gradient":""},"mobile":{"background-color":"","background-image":"","background-repeat":"repeat","background-position":"center center","background-size":"auto","background-attachment":"scroll","background-type":"","background-media":"","overlay-type":"","overlay-color":"","overlay-opacity":"","overlay-gradient":""}},"ast-content-background-meta":{"desktop":{"background-color":"var(--ast-global-color-5)","background-image":"","background-repeat":"repeat","background-position":"center center","background-size":"auto","background-attachment":"scroll","background-type":"","background-media":"","overlay-type":"","overlay-color":"","overlay-opacity":"","overlay-gradient":""},"tablet":{"background-color":"var(--ast-global-color-5)","background-image":"","background-repeat":"repeat","background-position":"center center","background-size":"auto","background-attachment":"scroll","background-type":"","background-media":"","overlay-type":"","overlay-color":"","overlay-opacity":"","overlay-gradient":""},"mobile":{"background-color":"var(--ast-global-color-5)","background-image":"","background-repeat":"repeat","background-position":"center center","background-size":"auto","background-attachment":"scroll","background-type":"","background-media":"","overlay-type":"","overlay-color":"","overlay-opacity":"","overlay-gradient":""}}},"product_brand":[],"product_cat":[370,371,372,373,374,363],"product_tag":[],"berocket_brand":[604],"class_list":{"0":"post-23137","1":"product","2":"type-product","3":"status-publish","4":"has-post-thumbnail","6":"product_cat-adas-mirdzumam","7":"product_cat-anti-age","8":"product_cat-jutigai-adai-serumi","9":"product_cat-poras-sasaurinoss","10":"product_cat-pret-pinnem","11":"product_cat-serumi","12":"berocket_brand-celimax","13":"desktop-align-left","14":"tablet-align-left","15":"mobile-align-left","17":"first","18":"instock","19":"taxable","20":"shipping-taxable","21":"purchasable","22":"product-type-simple","23":"add-to-wishlist-before_image"},"yoast_head":"<!-- This site is optimized with the Yoast SEO plugin v27.4 - https:\/\/yoast.com\/product\/yoast-seo-wordpress\/ -->\n<title>Celimax The Vita-A Retinal Shot Tightening Booster retinola kr\u0113ms 0,1% 15ml - FACECORNER<\/title>\n<meta name=\"description\" content=\"Celimax The Vita-A Retinal Shot Tightening Booster ir bag\u0101t\u012bgas tekst\u016bras produkts lok\u0101lai lieto\u0161anai pretnoveco\u0161an\u0101s kop\u0161anas proces\u0101.\" \/>\n<meta name=\"robots\" content=\"index, follow, max-snippet:-1, max-image-preview:large, max-video-preview:-1\" \/>\n<link rel=\"canonical\" href=\"https:\/\/www.facecorner.lv\/en\/shop\/celimax-the-vita-a-retinal-shot-tightening-booster-retinola-krems-01-15ml\/\" \/>\n<meta property=\"og:locale\" content=\"en_US\" \/>\n<meta property=\"og:type\" content=\"article\" \/>\n<meta property=\"og:title\" content=\"Celimax The Vita-A Retinal Shot Tightening Booster retinola kr\u0113ms 0,1% 15ml - FACECORNER\" \/>\n<meta property=\"og:description\" content=\"Celimax The Vita-A Retinal Shot Tightening Booster ir bag\u0101t\u012bgas tekst\u016bras produkts lok\u0101lai lieto\u0161anai pretnoveco\u0161an\u0101s kop\u0161anas proces\u0101.\" \/>\n<meta property=\"og:url\" content=\"https:\/\/www.facecorner.lv\/en\/shop\/celimax-the-vita-a-retinal-shot-tightening-booster-retinola-krems-01-15ml\/\" \/>\n<meta property=\"og:site_name\" content=\"FACECORNER\" \/>\n<meta property=\"article:publisher\" content=\"https:\/\/www.facebook.com\/profile.php?id=100063824551839\" \/>\n<meta property=\"article:modified_time\" content=\"2026-04-01T11:50:54+00:00\" \/>\n<meta property=\"og:image\" content=\"https:\/\/www.facecorner.lv\/wp-content\/uploads\/2025\/01\/retinal-shot-tightening-booster-15mlcelimaxvionine-402812.jpg-1000x1000-1.jpg\" \/>\n\t<meta property=\"og:image:width\" content=\"1000\" \/>\n\t<meta property=\"og:image:height\" content=\"1000\" \/>\n\t<meta property=\"og:image:type\" content=\"image\/jpeg\" \/>\n<meta name=\"twitter:card\" content=\"summary_large_image\" \/>\n<meta name=\"twitter:label1\" content=\"Price\" \/>\n\t<meta name=\"twitter:data1\" content=\"&euro;39.00\" \/>\n\t<meta name=\"twitter:label2\" content=\"Availability\" \/>\n\t<meta name=\"twitter:data2\" content=\"In stock\" \/>\n<script type=\"application\/ld+json\" class=\"yoast-schema-graph\">{\"@context\":\"https:\\\/\\\/schema.org\",\"@graph\":[{\"@type\":\"WebPage\",\"@id\":\"https:\\\/\\\/www.facecorner.lv\\\/shop\\\/celimax-the-vita-a-retinal-shot-tightening-booster-retinola-krems-01-15ml\\\/\",\"url\":\"https:\\\/\\\/www.facecorner.lv\\\/shop\\\/celimax-the-vita-a-retinal-shot-tightening-booster-retinola-krems-01-15ml\\\/\",\"name\":\"Celimax The Vita-A Retinal Shot Tightening Booster retinola kr\u0113ms 0,1% 15ml - FACECORNER\",\"isPartOf\":{\"@id\":\"https:\\\/\\\/www.facecorner.lv\\\/#website\"},\"primaryImageOfPage\":{\"@id\":\"https:\\\/\\\/www.facecorner.lv\\\/shop\\\/celimax-the-vita-a-retinal-shot-tightening-booster-retinola-krems-01-15ml\\\/#primaryimage\"},\"image\":{\"@id\":\"https:\\\/\\\/www.facecorner.lv\\\/shop\\\/celimax-the-vita-a-retinal-shot-tightening-booster-retinola-krems-01-15ml\\\/#primaryimage\"},\"thumbnailUrl\":\"https:\\\/\\\/www.facecorner.lv\\\/wp-content\\\/uploads\\\/2025\\\/01\\\/retinal-shot-tightening-booster-15mlcelimaxvionine-402812.jpg-1000x1000-1.jpg\",\"datePublished\":\"2025-01-27T13:42:53+00:00\",\"dateModified\":\"2026-04-01T11:50:54+00:00\",\"description\":\"Celimax The Vita-A Retinal Shot Tightening Booster ir bag\u0101t\u012bgas tekst\u016bras produkts lok\u0101lai lieto\u0161anai pretnoveco\u0161an\u0101s kop\u0161anas proces\u0101.\",\"breadcrumb\":{\"@id\":\"https:\\\/\\\/www.facecorner.lv\\\/shop\\\/celimax-the-vita-a-retinal-shot-tightening-booster-retinola-krems-01-15ml\\\/#breadcrumb\"},\"inLanguage\":\"en-US\",\"potentialAction\":[{\"@type\":\"ReadAction\",\"target\":[\"https:\\\/\\\/www.facecorner.lv\\\/shop\\\/celimax-the-vita-a-retinal-shot-tightening-booster-retinola-krems-01-15ml\\\/\"]}]},{\"@type\":\"ImageObject\",\"inLanguage\":\"en-US\",\"@id\":\"https:\\\/\\\/www.facecorner.lv\\\/shop\\\/celimax-the-vita-a-retinal-shot-tightening-booster-retinola-krems-01-15ml\\\/#primaryimage\",\"url\":\"https:\\\/\\\/www.facecorner.lv\\\/wp-content\\\/uploads\\\/2025\\\/01\\\/retinal-shot-tightening-booster-15mlcelimaxvionine-402812.jpg-1000x1000-1.jpg\",\"contentUrl\":\"https:\\\/\\\/www.facecorner.lv\\\/wp-content\\\/uploads\\\/2025\\\/01\\\/retinal-shot-tightening-booster-15mlcelimaxvionine-402812.jpg-1000x1000-1.jpg\",\"width\":1000,\"height\":1000,\"caption\":\"Celimax The Vita-A Retinal Shot Tightening Booster\"},{\"@type\":\"BreadcrumbList\",\"@id\":\"https:\\\/\\\/www.facecorner.lv\\\/shop\\\/celimax-the-vita-a-retinal-shot-tightening-booster-retinola-krems-01-15ml\\\/#breadcrumb\",\"itemListElement\":[{\"@type\":\"ListItem\",\"position\":1,\"name\":\"Home\",\"item\":\"https:\\\/\\\/www.facecorner.lv\\\/\"},{\"@type\":\"ListItem\",\"position\":2,\"name\":\"Veikals\",\"item\":\"https:\\\/\\\/www.facecorner.lv\\\/shop\\\/\"},{\"@type\":\"ListItem\",\"position\":3,\"name\":\"Celimax The Vita-A Retinal Shot Tightening Booster retinola kr\u0113ms 0,1% 15ml\"}]},{\"@type\":\"WebSite\",\"@id\":\"https:\\\/\\\/www.facecorner.lv\\\/#website\",\"url\":\"https:\\\/\\\/www.facecorner.lv\\\/\",\"name\":\"Facecorner\",\"description\":\"\",\"publisher\":{\"@id\":\"https:\\\/\\\/www.facecorner.lv\\\/#organization\"},\"potentialAction\":[{\"@type\":\"SearchAction\",\"target\":{\"@type\":\"EntryPoint\",\"urlTemplate\":\"https:\\\/\\\/www.facecorner.lv\\\/?s={search_term_string}\"},\"query-input\":{\"@type\":\"PropertyValueSpecification\",\"valueRequired\":true,\"valueName\":\"search_term_string\"}}],\"inLanguage\":\"en-US\"},{\"@type\":\"Organization\",\"@id\":\"https:\\\/\\\/www.facecorner.lv\\\/#organization\",\"name\":\"Facecorner\",\"url\":\"https:\\\/\\\/www.facecorner.lv\\\/\",\"logo\":{\"@type\":\"ImageObject\",\"inLanguage\":\"en-US\",\"@id\":\"https:\\\/\\\/www.facecorner.lv\\\/#\\\/schema\\\/logo\\\/image\\\/\",\"url\":\"https:\\\/\\\/www.facecorner.lv\\\/wp-content\\\/uploads\\\/2024\\\/04\\\/fc-logo.jpg\",\"contentUrl\":\"https:\\\/\\\/www.facecorner.lv\\\/wp-content\\\/uploads\\\/2024\\\/04\\\/fc-logo.jpg\",\"width\":174,\"height\":28,\"caption\":\"Facecorner\"},\"image\":{\"@id\":\"https:\\\/\\\/www.facecorner.lv\\\/#\\\/schema\\\/logo\\\/image\\\/\"},\"sameAs\":[\"https:\\\/\\\/www.facebook.com\\\/profile.php?id=100063824551839\",\"https:\\\/\\\/www.instagram.com\\\/facecorner_shop\\\/\"]}]}<\/script>\n<meta property=\"product:price:amount\" content=\"39.00\" \/>\n<meta property=\"product:price:currency\" content=\"EUR\" \/>\n<meta property=\"og:availability\" content=\"instock\" \/>\n<meta property=\"product:availability\" content=\"instock\" \/>\n<meta property=\"product:condition\" content=\"new\" \/>\n<!-- \/ Yoast SEO plugin. -->","yoast_head_json":{"title":"Celimax The Vita-A Retinal Shot Tightening Booster retinola kr\u0113ms 0,1% 15ml - FACECORNER","description":"Celimax The Vita-A Retinal Shot Tightening Booster ir bag\u0101t\u012bgas tekst\u016bras produkts lok\u0101lai lieto\u0161anai pretnoveco\u0161an\u0101s kop\u0161anas proces\u0101.","robots":{"index":"index","follow":"follow","max-snippet":"max-snippet:-1","max-image-preview":"max-image-preview:large","max-video-preview":"max-video-preview:-1"},"canonical":"https:\/\/www.facecorner.lv\/en\/shop\/celimax-the-vita-a-retinal-shot-tightening-booster-retinola-krems-01-15ml\/","og_locale":"en_US","og_type":"article","og_title":"Celimax The Vita-A Retinal Shot Tightening Booster retinola kr\u0113ms 0,1% 15ml - FACECORNER","og_description":"Celimax The Vita-A Retinal Shot Tightening Booster ir bag\u0101t\u012bgas tekst\u016bras produkts lok\u0101lai lieto\u0161anai pretnoveco\u0161an\u0101s kop\u0161anas proces\u0101.","og_url":"https:\/\/www.facecorner.lv\/en\/shop\/celimax-the-vita-a-retinal-shot-tightening-booster-retinola-krems-01-15ml\/","og_site_name":"FACECORNER","article_publisher":"https:\/\/www.facebook.com\/profile.php?id=100063824551839","article_modified_time":"2026-04-01T11:50:54+00:00","og_image":[{"width":1000,"height":1000,"url":"https:\/\/www.facecorner.lv\/wp-content\/uploads\/2025\/01\/retinal-shot-tightening-booster-15mlcelimaxvionine-402812.jpg-1000x1000-1.jpg","type":"image\/jpeg"}],"twitter_card":"summary_large_image","twitter_misc":{"Price":"&euro;39.00","Availability":"In stock"},"schema":{"@context":"https:\/\/schema.org","@graph":[{"@type":"WebPage","@id":"https:\/\/www.facecorner.lv\/shop\/celimax-the-vita-a-retinal-shot-tightening-booster-retinola-krems-01-15ml\/","url":"https:\/\/www.facecorner.lv\/shop\/celimax-the-vita-a-retinal-shot-tightening-booster-retinola-krems-01-15ml\/","name":"Celimax The Vita-A Retinal Shot Tightening Booster retinola kr\u0113ms 0,1% 15ml - FACECORNER","isPartOf":{"@id":"https:\/\/www.facecorner.lv\/#website"},"primaryImageOfPage":{"@id":"https:\/\/www.facecorner.lv\/shop\/celimax-the-vita-a-retinal-shot-tightening-booster-retinola-krems-01-15ml\/#primaryimage"},"image":{"@id":"https:\/\/www.facecorner.lv\/shop\/celimax-the-vita-a-retinal-shot-tightening-booster-retinola-krems-01-15ml\/#primaryimage"},"thumbnailUrl":"https:\/\/www.facecorner.lv\/wp-content\/uploads\/2025\/01\/retinal-shot-tightening-booster-15mlcelimaxvionine-402812.jpg-1000x1000-1.jpg","datePublished":"2025-01-27T13:42:53+00:00","dateModified":"2026-04-01T11:50:54+00:00","description":"Celimax The Vita-A Retinal Shot Tightening Booster ir bag\u0101t\u012bgas tekst\u016bras produkts lok\u0101lai lieto\u0161anai pretnoveco\u0161an\u0101s kop\u0161anas proces\u0101.","breadcrumb":{"@id":"https:\/\/www.facecorner.lv\/shop\/celimax-the-vita-a-retinal-shot-tightening-booster-retinola-krems-01-15ml\/#breadcrumb"},"inLanguage":"en-US","potentialAction":[{"@type":"ReadAction","target":["https:\/\/www.facecorner.lv\/shop\/celimax-the-vita-a-retinal-shot-tightening-booster-retinola-krems-01-15ml\/"]}]},{"@type":"ImageObject","inLanguage":"en-US","@id":"https:\/\/www.facecorner.lv\/shop\/celimax-the-vita-a-retinal-shot-tightening-booster-retinola-krems-01-15ml\/#primaryimage","url":"https:\/\/www.facecorner.lv\/wp-content\/uploads\/2025\/01\/retinal-shot-tightening-booster-15mlcelimaxvionine-402812.jpg-1000x1000-1.jpg","contentUrl":"https:\/\/www.facecorner.lv\/wp-content\/uploads\/2025\/01\/retinal-shot-tightening-booster-15mlcelimaxvionine-402812.jpg-1000x1000-1.jpg","width":1000,"height":1000,"caption":"Celimax The Vita-A Retinal Shot Tightening Booster"},{"@type":"BreadcrumbList","@id":"https:\/\/www.facecorner.lv\/shop\/celimax-the-vita-a-retinal-shot-tightening-booster-retinola-krems-01-15ml\/#breadcrumb","itemListElement":[{"@type":"ListItem","position":1,"name":"Home","item":"https:\/\/www.facecorner.lv\/"},{"@type":"ListItem","position":2,"name":"Veikals","item":"https:\/\/www.facecorner.lv\/shop\/"},{"@type":"ListItem","position":3,"name":"Celimax The Vita-A Retinal Shot Tightening Booster retinola kr\u0113ms 0,1% 15ml"}]},{"@type":"WebSite","@id":"https:\/\/www.facecorner.lv\/#website","url":"https:\/\/www.facecorner.lv\/","name":"Facecorner","description":"","publisher":{"@id":"https:\/\/www.facecorner.lv\/#organization"},"potentialAction":[{"@type":"SearchAction","target":{"@type":"EntryPoint","urlTemplate":"https:\/\/www.facecorner.lv\/?s={search_term_string}"},"query-input":{"@type":"PropertyValueSpecification","valueRequired":true,"valueName":"search_term_string"}}],"inLanguage":"en-US"},{"@type":"Organization","@id":"https:\/\/www.facecorner.lv\/#organization","name":"Facecorner","url":"https:\/\/www.facecorner.lv\/","logo":{"@type":"ImageObject","inLanguage":"en-US","@id":"https:\/\/www.facecorner.lv\/#\/schema\/logo\/image\/","url":"https:\/\/www.facecorner.lv\/wp-content\/uploads\/2024\/04\/fc-logo.jpg","contentUrl":"https:\/\/www.facecorner.lv\/wp-content\/uploads\/2024\/04\/fc-logo.jpg","width":174,"height":28,"caption":"Facecorner"},"image":{"@id":"https:\/\/www.facecorner.lv\/#\/schema\/logo\/image\/"},"sameAs":["https:\/\/www.facebook.com\/profile.php?id=100063824551839","https:\/\/www.instagram.com\/facecorner_shop\/"]}]},"product_price_amount":"39.00","product_price_currency":"EUR","og_availability":"instock","product_availability":"instock","product_condition":"new"},"_links":{"self":[{"href":"https:\/\/www.facecorner.lv\/en\/wp-json\/wp\/v2\/product\/23137","targetHints":{"allow":["GET"]}}],"collection":[{"href":"https:\/\/www.facecorner.lv\/en\/wp-json\/wp\/v2\/product"}],"about":[{"href":"https:\/\/www.facecorner.lv\/en\/wp-json\/wp\/v2\/types\/product"}],"replies":[{"embeddable":true,"href":"https:\/\/www.facecorner.lv\/en\/wp-json\/wp\/v2\/comments?post=23137"}],"wp:featuredmedia":[{"embeddable":true,"href":"https:\/\/www.facecorner.lv\/en\/wp-json\/wp\/v2\/media\/23138"}],"wp:attachment":[{"href":"https:\/\/www.facecorner.lv\/en\/wp-json\/wp\/v2\/media?parent=23137"}],"wp:term":[{"taxonomy":"product_brand","embeddable":true,"href":"https:\/\/www.facecorner.lv\/en\/wp-json\/wp\/v2\/product_brand?post=23137"},{"taxonomy":"product_cat","embeddable":true,"href":"https:\/\/www.facecorner.lv\/en\/wp-json\/wp\/v2\/product_cat?post=23137"},{"taxonomy":"product_tag","embeddable":true,"href":"https:\/\/www.facecorner.lv\/en\/wp-json\/wp\/v2\/product_tag?post=23137"},{"taxonomy":"berocket_brand","embeddable":true,"href":"https:\/\/www.facecorner.lv\/en\/wp-json\/wp\/v2\/berocket_brand?post=23137"}],"curies":[{"name":"wp","href":"https:\/\/api.w.org\/{rel}","templated":true}]}}