{"id":23096,"date":"2025-01-24T16:01:59","date_gmt":"2025-01-24T13:01:59","guid":{"rendered":"https:\/\/www.facecorner.lv\/?post_type=product&#038;p=23096"},"modified":"2025-07-23T18:14:18","modified_gmt":"2025-07-23T15:14:18","slug":"purederm-ultrasonic-skin-scrubber","status":"publish","type":"product","link":"https:\/\/www.facecorner.lv\/en\/shop\/purederm-ultrasonic-skin-scrubber\/","title":{"rendered":"PUREDERM Ultrasonic Skin Scrubber"},"content":{"rendered":"<p>PUREDERM Ultrasonic Skin Scrubber- paredz\u0113ts 3-in-1 kavit\u0101cijas p\u012blingam. Kavit\u0101cijas p\u012blings ir neinvaz\u012bva un nes\u0101p\u012bga \u0101das att\u012br\u012b\u0161anas proced\u016bra, kas ir lieliska alternat\u012bva manu\u0101lai poru t\u012br\u012b\u0161anai.<\/p>\n<p><strong>Ier\u012bcei ir tr\u012bs darb\u012bbas re\u017e\u012bmi:<\/strong><\/p>\n<ul>\n<li>P\u012blings &#8211; t\u012br\u012b\u0161ana.<\/li>\n<li>Absorb &#8211; absorbcija, pateicoties \u0161ai funkcijai, j\u016bs ievad\u012bsiet akt\u012bv\u0101s sast\u0101vda\u013cas dzi\u013c\u0101kos \u0101das sl\u0101\u0146os.<\/li>\n<li>Liftings &#8211; nostiprino\u0161a mas\u0101\u017ea.<\/li>\n<\/ul>\n<p><strong>Ko dara PUREDERM Ultrasonic Skin Scrubber?<\/strong><\/p>\n<ul>\n<li>Sk\u0101bekli pies\u0101tina audus un stimul\u0113 \u0101das re\u0123ener\u0101ciju.<\/li>\n<li>J\u016bsu \u0101da b\u016bs gluda, t\u012bra un starojo\u0161a.<\/li>\n<li>darbojas ar augstfrekvences ultraska\u0146as vi\u013c\u0146iem, kas ener\u0123\u0113tiski uzl\u0101d\u0113 \u0101du, uzlabo limfas cirkul\u0101ciju un izl\u012bdzina \u0101das tonusu.<\/li>\n<li>darbojas ar vienu pogu un uzl\u0101d\u0113jas ar USB kabeli.<\/li>\n<\/ul>\n<p><strong>How to use:<\/strong> samitriniet \u0101du ar \u016bdeni un izmantojiet ier\u012bci, kas, izmantojot ultraska\u0146as vi\u013c\u0146us, izjauc mikroskopiskus \u016bdens burbul\u012b\u0161us, kas piepild\u012bti ar izpl\u016bdu\u0161u g\u0101zi.<\/p>","protected":false},"excerpt":{"rendered":"<p>Purederm ultraska\u0146as \u0101das skruberis &#8211; paredz\u0113ts 3-in-1 kavit\u0101cijas p\u012blingam. Kavit\u0101cijas p\u012blings ir neinvaz\u012bva un nes\u0101p\u012bga \u0101das att\u012br\u012b\u0161anas proced\u016bra, kas ir lieliska alternat\u012bva manu\u0101lai poru t\u012br\u012b\u0161anai.<\/p>","protected":false},"featured_media":23094,"comment_status":"open","ping_status":"closed","template":"","meta":{"site-sidebar-layout":"default","site-content-layout":"","ast-site-content-layout":"default","site-content-style":"default","site-sidebar-style":"default","ast-global-header-display":"","ast-banner-title-visibility":"","ast-main-header-display":"","ast-hfb-above-header-display":"","ast-hfb-below-header-display":"","ast-hfb-mobile-header-display":"","site-post-title":"","ast-breadcrumbs-content":"","ast-featured-img":"","footer-sml-layout":"","theme-transparent-header-meta":"default","adv-header-id-meta":"","stick-header-meta":"","header-above-stick-meta":"","header-main-stick-meta":"","header-below-stick-meta":"","astra-migrate-meta-layouts":"set","ast-page-background-enabled":"default","ast-page-background-meta":{"desktop":{"background-color":"var(--ast-global-color-4)","background-image":"","background-repeat":"repeat","background-position":"center center","background-size":"auto","background-attachment":"scroll","background-type":"","background-media":"","overlay-type":"","overlay-color":"","overlay-opacity":"","overlay-gradient":""},"tablet":{"background-color":"","background-image":"","background-repeat":"repeat","background-position":"center center","background-size":"auto","background-attachment":"scroll","background-type":"","background-media":"","overlay-type":"","overlay-color":"","overlay-opacity":"","overlay-gradient":""},"mobile":{"background-color":"","background-image":"","background-repeat":"repeat","background-position":"center center","background-size":"auto","background-attachment":"scroll","background-type":"","background-media":"","overlay-type":"","overlay-color":"","overlay-opacity":"","overlay-gradient":""}},"ast-content-background-meta":{"desktop":{"background-color":"var(--ast-global-color-5)","background-image":"","background-repeat":"repeat","background-position":"center center","background-size":"auto","background-attachment":"scroll","background-type":"","background-media":"","overlay-type":"","overlay-color":"","overlay-opacity":"","overlay-gradient":""},"tablet":{"background-color":"var(--ast-global-color-5)","background-image":"","background-repeat":"repeat","background-position":"center center","background-size":"auto","background-attachment":"scroll","background-type":"","background-media":"","overlay-type":"","overlay-color":"","overlay-opacity":"","overlay-gradient":""},"mobile":{"background-color":"var(--ast-global-color-5)","background-image":"","background-repeat":"repeat","background-position":"center center","background-size":"auto","background-attachment":"scroll","background-type":"","background-media":"","overlay-type":"","overlay-color":"","overlay-opacity":"","overlay-gradient":""}}},"product_brand":[],"product_cat":[511,310,311,312,313,317,314],"product_tag":[],"berocket_brand":[],"class_list":{"0":"post-23096","1":"product","2":"type-product","3":"status-publish","4":"has-post-thumbnail","6":"product_cat-atlaides","7":"product_cat-attirisana","8":"product_cat-jutigai-adai-attirisana","9":"product_cat-kombinetai-adai-attirisana","10":"product_cat-problematiskai-adai-attirisana","11":"product_cat-sausai-adai-attirisana","12":"product_cat-taukainai-adai-attirisana","13":"desktop-align-left","14":"tablet-align-left","15":"mobile-align-left","17":"first","18":"outofstock","19":"sale","20":"taxable","21":"shipping-taxable","22":"purchasable","23":"product-type-simple","24":"add-to-wishlist-before_image"},"yoast_head":"<!-- This site is optimized with the Yoast SEO plugin v27.4 - https:\/\/yoast.com\/product\/yoast-seo-wordpress\/ -->\n<title>PUREDERM Ultrasonic Skin Scrubber - FACECORNER<\/title>\n<meta name=\"description\" content=\"PUREDERM Ultrasonic Skin Scrubber- paredz\u0113ts 3-in-1 kavit\u0101cijas p\u012blingam. Kavit\u0101cijas p\u012blings ir neinvaz\u012bva un nes\u0101p\u012bga \u0101das att\u012br\u012b\u0161anas proced\u016bra\" \/>\n<meta name=\"robots\" content=\"index, follow, max-snippet:-1, max-image-preview:large, max-video-preview:-1\" \/>\n<link rel=\"canonical\" href=\"https:\/\/www.facecorner.lv\/en\/shop\/purederm-ultrasonic-skin-scrubber\/\" \/>\n<meta property=\"og:locale\" content=\"en_US\" \/>\n<meta property=\"og:type\" content=\"article\" \/>\n<meta property=\"og:title\" content=\"PUREDERM Ultrasonic Skin Scrubber - FACECORNER\" \/>\n<meta property=\"og:description\" content=\"PUREDERM Ultrasonic Skin Scrubber- paredz\u0113ts 3-in-1 kavit\u0101cijas p\u012blingam. Kavit\u0101cijas p\u012blings ir neinvaz\u012bva un nes\u0101p\u012bga \u0101das att\u012br\u012b\u0161anas proced\u016bra\" \/>\n<meta property=\"og:url\" content=\"https:\/\/www.facecorner.lv\/en\/shop\/purederm-ultrasonic-skin-scrubber\/\" \/>\n<meta property=\"og:site_name\" content=\"FACECORNER\" \/>\n<meta property=\"article:publisher\" content=\"https:\/\/www.facebook.com\/profile.php?id=100063824551839\" \/>\n<meta property=\"article:modified_time\" content=\"2025-07-23T15:14:18+00:00\" \/>\n<meta property=\"og:image\" content=\"https:\/\/www.facecorner.lv\/wp-content\/uploads\/2025\/01\/ultrasonic-facial-scrubber-cleansing-beauty-tool-canada-657553.webp\" \/>\n\t<meta property=\"og:image:width\" content=\"1000\" \/>\n\t<meta property=\"og:image:height\" content=\"1000\" \/>\n\t<meta property=\"og:image:type\" content=\"image\/webp\" \/>\n<meta name=\"twitter:card\" content=\"summary_large_image\" \/>\n<meta name=\"twitter:label1\" content=\"Price\" \/>\n\t<meta name=\"twitter:data1\" content=\"&euro;44.90\" \/>\n\t<meta name=\"twitter:label2\" content=\"Availability\" \/>\n\t<meta name=\"twitter:data2\" content=\"Out of stock\" \/>\n<script type=\"application\/ld+json\" class=\"yoast-schema-graph\">{\"@context\":\"https:\\\/\\\/schema.org\",\"@graph\":[{\"@type\":\"WebPage\",\"@id\":\"https:\\\/\\\/www.facecorner.lv\\\/shop\\\/purederm-ultrasonic-skin-scrubber\\\/\",\"url\":\"https:\\\/\\\/www.facecorner.lv\\\/shop\\\/purederm-ultrasonic-skin-scrubber\\\/\",\"name\":\"PUREDERM Ultrasonic Skin Scrubber - FACECORNER\",\"isPartOf\":{\"@id\":\"https:\\\/\\\/www.facecorner.lv\\\/#website\"},\"primaryImageOfPage\":{\"@id\":\"https:\\\/\\\/www.facecorner.lv\\\/shop\\\/purederm-ultrasonic-skin-scrubber\\\/#primaryimage\"},\"image\":{\"@id\":\"https:\\\/\\\/www.facecorner.lv\\\/shop\\\/purederm-ultrasonic-skin-scrubber\\\/#primaryimage\"},\"thumbnailUrl\":\"https:\\\/\\\/www.facecorner.lv\\\/wp-content\\\/uploads\\\/2025\\\/01\\\/ultrasonic-facial-scrubber-cleansing-beauty-tool-canada-657553.webp\",\"datePublished\":\"2025-01-24T13:01:59+00:00\",\"dateModified\":\"2025-07-23T15:14:18+00:00\",\"description\":\"PUREDERM Ultrasonic Skin Scrubber- paredz\u0113ts 3-in-1 kavit\u0101cijas p\u012blingam. Kavit\u0101cijas p\u012blings ir neinvaz\u012bva un nes\u0101p\u012bga \u0101das att\u012br\u012b\u0161anas proced\u016bra\",\"breadcrumb\":{\"@id\":\"https:\\\/\\\/www.facecorner.lv\\\/shop\\\/purederm-ultrasonic-skin-scrubber\\\/#breadcrumb\"},\"inLanguage\":\"en-US\",\"potentialAction\":[{\"@type\":\"ReadAction\",\"target\":[\"https:\\\/\\\/www.facecorner.lv\\\/shop\\\/purederm-ultrasonic-skin-scrubber\\\/\"]}]},{\"@type\":\"ImageObject\",\"inLanguage\":\"en-US\",\"@id\":\"https:\\\/\\\/www.facecorner.lv\\\/shop\\\/purederm-ultrasonic-skin-scrubber\\\/#primaryimage\",\"url\":\"https:\\\/\\\/www.facecorner.lv\\\/wp-content\\\/uploads\\\/2025\\\/01\\\/ultrasonic-facial-scrubber-cleansing-beauty-tool-canada-657553.webp\",\"contentUrl\":\"https:\\\/\\\/www.facecorner.lv\\\/wp-content\\\/uploads\\\/2025\\\/01\\\/ultrasonic-facial-scrubber-cleansing-beauty-tool-canada-657553.webp\",\"width\":1000,\"height\":1000},{\"@type\":\"BreadcrumbList\",\"@id\":\"https:\\\/\\\/www.facecorner.lv\\\/shop\\\/purederm-ultrasonic-skin-scrubber\\\/#breadcrumb\",\"itemListElement\":[{\"@type\":\"ListItem\",\"position\":1,\"name\":\"Home\",\"item\":\"https:\\\/\\\/www.facecorner.lv\\\/\"},{\"@type\":\"ListItem\",\"position\":2,\"name\":\"Veikals\",\"item\":\"https:\\\/\\\/www.facecorner.lv\\\/shop\\\/\"},{\"@type\":\"ListItem\",\"position\":3,\"name\":\"PUREDERM Ultrasonic Skin Scrubber\"}]},{\"@type\":\"WebSite\",\"@id\":\"https:\\\/\\\/www.facecorner.lv\\\/#website\",\"url\":\"https:\\\/\\\/www.facecorner.lv\\\/\",\"name\":\"Facecorner\",\"description\":\"\",\"publisher\":{\"@id\":\"https:\\\/\\\/www.facecorner.lv\\\/#organization\"},\"potentialAction\":[{\"@type\":\"SearchAction\",\"target\":{\"@type\":\"EntryPoint\",\"urlTemplate\":\"https:\\\/\\\/www.facecorner.lv\\\/?s={search_term_string}\"},\"query-input\":{\"@type\":\"PropertyValueSpecification\",\"valueRequired\":true,\"valueName\":\"search_term_string\"}}],\"inLanguage\":\"en-US\"},{\"@type\":\"Organization\",\"@id\":\"https:\\\/\\\/www.facecorner.lv\\\/#organization\",\"name\":\"Facecorner\",\"url\":\"https:\\\/\\\/www.facecorner.lv\\\/\",\"logo\":{\"@type\":\"ImageObject\",\"inLanguage\":\"en-US\",\"@id\":\"https:\\\/\\\/www.facecorner.lv\\\/#\\\/schema\\\/logo\\\/image\\\/\",\"url\":\"https:\\\/\\\/www.facecorner.lv\\\/wp-content\\\/uploads\\\/2024\\\/04\\\/fc-logo.jpg\",\"contentUrl\":\"https:\\\/\\\/www.facecorner.lv\\\/wp-content\\\/uploads\\\/2024\\\/04\\\/fc-logo.jpg\",\"width\":174,\"height\":28,\"caption\":\"Facecorner\"},\"image\":{\"@id\":\"https:\\\/\\\/www.facecorner.lv\\\/#\\\/schema\\\/logo\\\/image\\\/\"},\"sameAs\":[\"https:\\\/\\\/www.facebook.com\\\/profile.php?id=100063824551839\",\"https:\\\/\\\/www.instagram.com\\\/facecorner_shop\\\/\"]}]}<\/script>\n<meta property=\"product:price:amount\" content=\"44.90\" \/>\n<meta property=\"product:price:currency\" content=\"EUR\" \/>\n<meta property=\"og:availability\" content=\"out of stock\" \/>\n<meta property=\"product:availability\" content=\"out of stock\" \/>\n<meta property=\"product:condition\" content=\"new\" \/>\n<!-- \/ Yoast SEO plugin. -->","yoast_head_json":{"title":"PUREDERM Ultrasonic Skin Scrubber - FACECORNER","description":"PUREDERM Ultrasonic Skin Scrubber- paredz\u0113ts 3-in-1 kavit\u0101cijas p\u012blingam. Kavit\u0101cijas p\u012blings ir neinvaz\u012bva un nes\u0101p\u012bga \u0101das att\u012br\u012b\u0161anas proced\u016bra","robots":{"index":"index","follow":"follow","max-snippet":"max-snippet:-1","max-image-preview":"max-image-preview:large","max-video-preview":"max-video-preview:-1"},"canonical":"https:\/\/www.facecorner.lv\/en\/shop\/purederm-ultrasonic-skin-scrubber\/","og_locale":"en_US","og_type":"article","og_title":"PUREDERM Ultrasonic Skin Scrubber - FACECORNER","og_description":"PUREDERM Ultrasonic Skin Scrubber- paredz\u0113ts 3-in-1 kavit\u0101cijas p\u012blingam. Kavit\u0101cijas p\u012blings ir neinvaz\u012bva un nes\u0101p\u012bga \u0101das att\u012br\u012b\u0161anas proced\u016bra","og_url":"https:\/\/www.facecorner.lv\/en\/shop\/purederm-ultrasonic-skin-scrubber\/","og_site_name":"FACECORNER","article_publisher":"https:\/\/www.facebook.com\/profile.php?id=100063824551839","article_modified_time":"2025-07-23T15:14:18+00:00","og_image":[{"width":1000,"height":1000,"url":"https:\/\/www.facecorner.lv\/wp-content\/uploads\/2025\/01\/ultrasonic-facial-scrubber-cleansing-beauty-tool-canada-657553.webp","type":"image\/webp"}],"twitter_card":"summary_large_image","twitter_misc":{"Price":"&euro;44.90","Availability":"Out of stock"},"schema":{"@context":"https:\/\/schema.org","@graph":[{"@type":"WebPage","@id":"https:\/\/www.facecorner.lv\/shop\/purederm-ultrasonic-skin-scrubber\/","url":"https:\/\/www.facecorner.lv\/shop\/purederm-ultrasonic-skin-scrubber\/","name":"PUREDERM Ultrasonic Skin Scrubber - FACECORNER","isPartOf":{"@id":"https:\/\/www.facecorner.lv\/#website"},"primaryImageOfPage":{"@id":"https:\/\/www.facecorner.lv\/shop\/purederm-ultrasonic-skin-scrubber\/#primaryimage"},"image":{"@id":"https:\/\/www.facecorner.lv\/shop\/purederm-ultrasonic-skin-scrubber\/#primaryimage"},"thumbnailUrl":"https:\/\/www.facecorner.lv\/wp-content\/uploads\/2025\/01\/ultrasonic-facial-scrubber-cleansing-beauty-tool-canada-657553.webp","datePublished":"2025-01-24T13:01:59+00:00","dateModified":"2025-07-23T15:14:18+00:00","description":"PUREDERM Ultrasonic Skin Scrubber- paredz\u0113ts 3-in-1 kavit\u0101cijas p\u012blingam. Kavit\u0101cijas p\u012blings ir neinvaz\u012bva un nes\u0101p\u012bga \u0101das att\u012br\u012b\u0161anas proced\u016bra","breadcrumb":{"@id":"https:\/\/www.facecorner.lv\/shop\/purederm-ultrasonic-skin-scrubber\/#breadcrumb"},"inLanguage":"en-US","potentialAction":[{"@type":"ReadAction","target":["https:\/\/www.facecorner.lv\/shop\/purederm-ultrasonic-skin-scrubber\/"]}]},{"@type":"ImageObject","inLanguage":"en-US","@id":"https:\/\/www.facecorner.lv\/shop\/purederm-ultrasonic-skin-scrubber\/#primaryimage","url":"https:\/\/www.facecorner.lv\/wp-content\/uploads\/2025\/01\/ultrasonic-facial-scrubber-cleansing-beauty-tool-canada-657553.webp","contentUrl":"https:\/\/www.facecorner.lv\/wp-content\/uploads\/2025\/01\/ultrasonic-facial-scrubber-cleansing-beauty-tool-canada-657553.webp","width":1000,"height":1000},{"@type":"BreadcrumbList","@id":"https:\/\/www.facecorner.lv\/shop\/purederm-ultrasonic-skin-scrubber\/#breadcrumb","itemListElement":[{"@type":"ListItem","position":1,"name":"Home","item":"https:\/\/www.facecorner.lv\/"},{"@type":"ListItem","position":2,"name":"Veikals","item":"https:\/\/www.facecorner.lv\/shop\/"},{"@type":"ListItem","position":3,"name":"PUREDERM Ultrasonic Skin Scrubber"}]},{"@type":"WebSite","@id":"https:\/\/www.facecorner.lv\/#website","url":"https:\/\/www.facecorner.lv\/","name":"Facecorner","description":"","publisher":{"@id":"https:\/\/www.facecorner.lv\/#organization"},"potentialAction":[{"@type":"SearchAction","target":{"@type":"EntryPoint","urlTemplate":"https:\/\/www.facecorner.lv\/?s={search_term_string}"},"query-input":{"@type":"PropertyValueSpecification","valueRequired":true,"valueName":"search_term_string"}}],"inLanguage":"en-US"},{"@type":"Organization","@id":"https:\/\/www.facecorner.lv\/#organization","name":"Facecorner","url":"https:\/\/www.facecorner.lv\/","logo":{"@type":"ImageObject","inLanguage":"en-US","@id":"https:\/\/www.facecorner.lv\/#\/schema\/logo\/image\/","url":"https:\/\/www.facecorner.lv\/wp-content\/uploads\/2024\/04\/fc-logo.jpg","contentUrl":"https:\/\/www.facecorner.lv\/wp-content\/uploads\/2024\/04\/fc-logo.jpg","width":174,"height":28,"caption":"Facecorner"},"image":{"@id":"https:\/\/www.facecorner.lv\/#\/schema\/logo\/image\/"},"sameAs":["https:\/\/www.facebook.com\/profile.php?id=100063824551839","https:\/\/www.instagram.com\/facecorner_shop\/"]}]},"product_price_amount":"44.90","product_price_currency":"EUR","og_availability":"out of stock","product_availability":"out of stock","product_condition":"new"},"_links":{"self":[{"href":"https:\/\/www.facecorner.lv\/en\/wp-json\/wp\/v2\/product\/23096","targetHints":{"allow":["GET"]}}],"collection":[{"href":"https:\/\/www.facecorner.lv\/en\/wp-json\/wp\/v2\/product"}],"about":[{"href":"https:\/\/www.facecorner.lv\/en\/wp-json\/wp\/v2\/types\/product"}],"replies":[{"embeddable":true,"href":"https:\/\/www.facecorner.lv\/en\/wp-json\/wp\/v2\/comments?post=23096"}],"wp:featuredmedia":[{"embeddable":true,"href":"https:\/\/www.facecorner.lv\/en\/wp-json\/wp\/v2\/media\/23094"}],"wp:attachment":[{"href":"https:\/\/www.facecorner.lv\/en\/wp-json\/wp\/v2\/media?parent=23096"}],"wp:term":[{"taxonomy":"product_brand","embeddable":true,"href":"https:\/\/www.facecorner.lv\/en\/wp-json\/wp\/v2\/product_brand?post=23096"},{"taxonomy":"product_cat","embeddable":true,"href":"https:\/\/www.facecorner.lv\/en\/wp-json\/wp\/v2\/product_cat?post=23096"},{"taxonomy":"product_tag","embeddable":true,"href":"https:\/\/www.facecorner.lv\/en\/wp-json\/wp\/v2\/product_tag?post=23096"},{"taxonomy":"berocket_brand","embeddable":true,"href":"https:\/\/www.facecorner.lv\/en\/wp-json\/wp\/v2\/berocket_brand?post=23096"}],"curies":[{"name":"wp","href":"https:\/\/api.w.org\/{rel}","templated":true}]}}