{"id":23000,"date":"2025-01-17T15:07:03","date_gmt":"2025-01-17T12:07:03","guid":{"rendered":"https:\/\/www.facecorner.lv\/?post_type=product&#038;p=23000"},"modified":"2025-04-23T09:34:18","modified_gmt":"2025-04-23T06:34:18","slug":"celimax-the-real-noni-energy-ampoule-mist-50ml","status":"publish","type":"product","link":"https:\/\/www.facecorner.lv\/en\/shop\/celimax-the-real-noni-energy-ampoule-mist-50ml\/","title":{"rendered":"Celimax The Real Noni Energy Ampoule Mist 50ml"},"content":{"rendered":"<p>Celimax The Real Noni Energy Ampoule Mist atsvaidzina un nomierina \u0101du, atjaunojot mitruma tr\u016bkumu. L\u012bdzeklis iek\u013c\u016bst dzi\u013ci epiderm\u0101 ar smalku pilienu pal\u012bdz\u012bbu, kas transport\u0113 akt\u012bv\u0101s sast\u0101vda\u013cas, nov\u0113r\u0161ot sausumu un sasprindzin\u0101jumu.<\/p>\n<p>Produkts nodro\u0161ina pretnoveco\u0161an\u0101s kop\u0161anu, palielinot elast\u012bbu un samazinot grumbu dzi\u013cumu, pateicoties intens\u012bvai baro\u0161anai un antioksidantu aizsardz\u012bbai. Tas ar\u012b izl\u012bdzina tonusu, pie\u0161\u0137ir iek\u0161\u0113ju mirdzumu un nov\u0113r\u0161 bl\u0101vumu.<\/p>\n<p>Migli\u0146ai ir hipoaler\u0123iska formula, t\u0101 neizraisa kairin\u0101jumu un ir piem\u0113rota jut\u012bgai \u0101dai: vis\u0101m sast\u0101vda\u013c\u0101m ir EWG Green dro\u0161\u012bbas klase.<\/p>\n<p>Produkts nesv\u012bst, to var lietot pirms kosm\u0113tikas uzkl\u0101\u0161anas.<\/p>\n<p>Galven\u0101 sast\u0101vda\u013ca ir 0,8 % noni ekstrakta, kas ir super\u0113diens no tropiem un ir bag\u0101ts ar vitam\u012bniem, polifenoliem un miner\u0101lviel\u0101m. Noni piem\u012bt m\u012bkstino\u0161a un pretiekaisuma iedarb\u012bba, mazina kairin\u0101jumu un pa\u0101trina audu atjauno\u0161anos, nodro\u0161ina antioksidantu aizsardz\u012bbu un pal\u0113nina noveco\u0161an\u0101s procesus.<\/p>\n<p><strong>KEY INGREDIENTS:<\/strong><\/p>\n<ul>\n<li>Fitosfingoz\u012bns &#8211; fosfolip\u012bds, paildzina \u0161\u016bnu jaun\u012bbu, tam ir antibakteri\u0101la un pretiekaisuma iedarb\u012bba, stiprina hidrolip\u012bdu apvalku, pa\u0101trina dz\u012b\u0161anu.<\/li>\n<li>Adenoz\u012bns &#8211; paz\u012bstama pretnoveco\u0161an\u0101s sast\u0101vda\u013ca, palielina kolag\u0113na &#8211; epidermas galven\u0101 struktur\u0101l\u0101 prote\u012bna &#8211; veido\u0161anos, kas sabiezina un izl\u012bdzina \u0101du, pie\u0161\u0137irot tai elast\u012bbu.<\/li>\n<li>Ceram\u012bdi iek\u013caujas aizsargsl\u0101n\u012b un nostiprina to, nov\u0113r\u0161ot mitruma zudumu un kait\u012bgo vielu iek\u013c\u016b\u0161anu.<\/li>\n<li>2 hialuronsk\u0101bes veidi ir lieliski mitrino\u0161i l\u012bdzek\u013ci, kas veido nej\u016bt\u012bgu mitruma barjeru un atjauno elast\u012bbu.<\/li>\n<li>Rozmar\u012bna lapu e\u013c\u013ca stimul\u0113 re\u0123ener\u0101ciju, uzlabo mikrocirkul\u0101ciju un tai ir att\u012bro\u0161a iedarb\u012bba.<\/li>\n<\/ul>\n<p><strong>How to use:<\/strong> 10 &#8211; 15 cm att\u0101lum\u0101 no sejas uzsmidziniet miglu, pirms tam aizv\u0113rt acis. Lietojiet l\u012bdzekli vienm\u0113r, kad \u0101dai nepiecie\u0161ama mitrin\u0101\u0161ana un baro\u0161ana. Lai pan\u0101ktu atv\u0113sino\u0161u efektu, pirms lieto\u0161anas ievietojiet produktu ledusskap\u012b. Var lietot k\u0101 toniku.<\/p>\n<p><strong>Ingredientes:<\/strong>: Morinda Citrifolia Fruit Extract, Butylene Glycol, Water, 1,2-Hexanediol, Hydroxyethyl Urea, Citrus Reticulata (Tangerine) Peel Extract, Hydrolyzed Hyaluronic Acid, Copper Tripeptide-1, Morinda Citrifolia Seed Oil, Sodium Hyaluronate, Melia Azadirachta Leaf Extract, Melia Azadirachta Flower Extract, Theobroma Cacao (Cocoa) Extract, Rosmarinus Officinalis (Rosemary) Leaf Oil, Ceramide NP, Olea Europaea (Olive) Fruit Oil, Butyrospermum Parkii (Shea) Butter, Squalane, Phytosphingosine, Polyglutamic Acid, Cholesterol, Diethoxyethyl Succinate, Coconut Acid, Polyquaternium-51, Proline, Caprylic\/Capric Triglyceride, Glycerin, Dipotassium Glycyrrhizate, Adenosine, Dextrin, Hydrogenated Lecithin, Disodium EDTA, Chlorphenesin<\/p>","protected":false},"excerpt":{"rendered":"<p>Celimax The Real Noni Energy Ampoule Migla mitrina, atsvaidzina un nomierina \u0101du, nov\u0113r\u0161 t\u0101s noveco\u0161anos, izmantojot sp\u0113c\u012bgus antioksidantus un bar\u012bbas vielas. Produkts uzlabo \u0101das tvirtumu, izl\u012bdzina tonusu un samazina nepiln\u012bbu izskatu, vienlaikus izl\u012bdzinot \u0101das tekst\u016bru. T\u0101 sast\u0101v\u0101 ir noni ekstrakts, keram\u012bdi, adenoz\u012bns, fitosfingoz\u012bns un hialuronsk\u0101be.<\/p>","protected":false},"featured_media":23001,"comment_status":"open","ping_status":"closed","template":"","meta":{"site-sidebar-layout":"default","site-content-layout":"","ast-site-content-layout":"default","site-content-style":"default","site-sidebar-style":"default","ast-global-header-display":"","ast-banner-title-visibility":"","ast-main-header-display":"","ast-hfb-above-header-display":"","ast-hfb-below-header-display":"","ast-hfb-mobile-header-display":"","site-post-title":"","ast-breadcrumbs-content":"","ast-featured-img":"","footer-sml-layout":"","theme-transparent-header-meta":"default","adv-header-id-meta":"","stick-header-meta":"","header-above-stick-meta":"","header-main-stick-meta":"","header-below-stick-meta":"","astra-migrate-meta-layouts":"set","ast-page-background-enabled":"default","ast-page-background-meta":{"desktop":{"background-color":"var(--ast-global-color-4)","background-image":"","background-repeat":"repeat","background-position":"center center","background-size":"auto","background-attachment":"scroll","background-type":"","background-media":"","overlay-type":"","overlay-color":"","overlay-opacity":"","overlay-gradient":""},"tablet":{"background-color":"","background-image":"","background-repeat":"repeat","background-position":"center center","background-size":"auto","background-attachment":"scroll","background-type":"","background-media":"","overlay-type":"","overlay-color":"","overlay-opacity":"","overlay-gradient":""},"mobile":{"background-color":"","background-image":"","background-repeat":"repeat","background-position":"center center","background-size":"auto","background-attachment":"scroll","background-type":"","background-media":"","overlay-type":"","overlay-color":"","overlay-opacity":"","overlay-gradient":""}},"ast-content-background-meta":{"desktop":{"background-color":"var(--ast-global-color-5)","background-image":"","background-repeat":"repeat","background-position":"center center","background-size":"auto","background-attachment":"scroll","background-type":"","background-media":"","overlay-type":"","overlay-color":"","overlay-opacity":"","overlay-gradient":""},"tablet":{"background-color":"var(--ast-global-color-5)","background-image":"","background-repeat":"repeat","background-position":"center center","background-size":"auto","background-attachment":"scroll","background-type":"","background-media":"","overlay-type":"","overlay-color":"","overlay-opacity":"","overlay-gradient":""},"mobile":{"background-color":"var(--ast-global-color-5)","background-image":"","background-repeat":"repeat","background-position":"center center","background-size":"auto","background-attachment":"scroll","background-type":"","background-media":"","overlay-type":"","overlay-color":"","overlay-opacity":"","overlay-gradient":""}}},"product_brand":[],"product_cat":[375,377,378,364,376],"product_tag":[],"berocket_brand":[604],"class_list":{"0":"post-23000","1":"product","2":"type-product","3":"status-publish","4":"has-post-thumbnail","6":"product_cat-jutigai-adai-toneri","7":"product_cat-problematiskai-adai-toneri","8":"product_cat-sausai-adai-toneri","9":"product_cat-toneri","10":"product_cat-kombinetai-adai-toneri","11":"berocket_brand-celimax","12":"desktop-align-left","13":"tablet-align-left","14":"mobile-align-left","16":"first","17":"outofstock","18":"taxable","19":"shipping-taxable","20":"purchasable","21":"product-type-simple","22":"add-to-wishlist-before_image"},"yoast_head":"<!-- This site is optimized with the Yoast SEO plugin v27.3 - https:\/\/yoast.com\/product\/yoast-seo-wordpress\/ -->\n<title>Celimax The Real Noni Energy Ampoule Mist 50ml - FACECORNER<\/title>\n<meta name=\"description\" content=\"Celimax The Real Noni Energy Ampoule Mist atsvaidzina un nomierina \u0101du, atjaunojot mitruma tr\u016bkumu. L\u012bdzeklis iek\u013c\u016bst dzi\u013ci epiderm\u0101\" \/>\n<meta name=\"robots\" content=\"index, follow, max-snippet:-1, max-image-preview:large, max-video-preview:-1\" \/>\n<link rel=\"canonical\" href=\"https:\/\/www.facecorner.lv\/en\/shop\/celimax-the-real-noni-energy-ampoule-mist-50ml\/\" \/>\n<meta property=\"og:locale\" content=\"en_US\" \/>\n<meta property=\"og:type\" content=\"article\" \/>\n<meta property=\"og:title\" content=\"Celimax The Real Noni Energy Ampoule Mist 50ml - FACECORNER\" \/>\n<meta property=\"og:description\" content=\"Celimax The Real Noni Energy Ampoule Mist atsvaidzina un nomierina \u0101du, atjaunojot mitruma tr\u016bkumu. L\u012bdzeklis iek\u013c\u016bst dzi\u013ci epiderm\u0101\" \/>\n<meta property=\"og:url\" content=\"https:\/\/www.facecorner.lv\/en\/shop\/celimax-the-real-noni-energy-ampoule-mist-50ml\/\" \/>\n<meta property=\"og:site_name\" content=\"FACECORNER\" \/>\n<meta property=\"article:publisher\" content=\"https:\/\/www.facebook.com\/profile.php?id=100063824551839\" \/>\n<meta property=\"article:modified_time\" content=\"2025-04-23T06:34:18+00:00\" \/>\n<meta property=\"og:image\" content=\"https:\/\/www.facecorner.lv\/wp-content\/uploads\/2025\/01\/image-1.webp\" \/>\n\t<meta property=\"og:image:width\" content=\"1370\" \/>\n\t<meta property=\"og:image:height\" content=\"1370\" \/>\n\t<meta property=\"og:image:type\" content=\"image\/webp\" \/>\n<meta name=\"twitter:card\" content=\"summary_large_image\" \/>\n<meta name=\"twitter:label1\" content=\"Price\" \/>\n\t<meta name=\"twitter:data1\" content=\"&euro;22.10\" \/>\n\t<meta name=\"twitter:label2\" content=\"Availability\" \/>\n\t<meta name=\"twitter:data2\" content=\"Out of stock\" \/>\n<script type=\"application\/ld+json\" class=\"yoast-schema-graph\">{\"@context\":\"https:\\\/\\\/schema.org\",\"@graph\":[{\"@type\":\"WebPage\",\"@id\":\"https:\\\/\\\/www.facecorner.lv\\\/shop\\\/celimax-the-real-noni-energy-ampoule-mist-50ml\\\/\",\"url\":\"https:\\\/\\\/www.facecorner.lv\\\/shop\\\/celimax-the-real-noni-energy-ampoule-mist-50ml\\\/\",\"name\":\"Celimax The Real Noni Energy Ampoule Mist 50ml - FACECORNER\",\"isPartOf\":{\"@id\":\"https:\\\/\\\/www.facecorner.lv\\\/#website\"},\"primaryImageOfPage\":{\"@id\":\"https:\\\/\\\/www.facecorner.lv\\\/shop\\\/celimax-the-real-noni-energy-ampoule-mist-50ml\\\/#primaryimage\"},\"image\":{\"@id\":\"https:\\\/\\\/www.facecorner.lv\\\/shop\\\/celimax-the-real-noni-energy-ampoule-mist-50ml\\\/#primaryimage\"},\"thumbnailUrl\":\"https:\\\/\\\/www.facecorner.lv\\\/wp-content\\\/uploads\\\/2025\\\/01\\\/image-1.webp\",\"datePublished\":\"2025-01-17T12:07:03+00:00\",\"dateModified\":\"2025-04-23T06:34:18+00:00\",\"description\":\"Celimax The Real Noni Energy Ampoule Mist atsvaidzina un nomierina \u0101du, atjaunojot mitruma tr\u016bkumu. L\u012bdzeklis iek\u013c\u016bst dzi\u013ci epiderm\u0101\",\"breadcrumb\":{\"@id\":\"https:\\\/\\\/www.facecorner.lv\\\/shop\\\/celimax-the-real-noni-energy-ampoule-mist-50ml\\\/#breadcrumb\"},\"inLanguage\":\"en-US\",\"potentialAction\":[{\"@type\":\"ReadAction\",\"target\":[\"https:\\\/\\\/www.facecorner.lv\\\/shop\\\/celimax-the-real-noni-energy-ampoule-mist-50ml\\\/\"]}]},{\"@type\":\"ImageObject\",\"inLanguage\":\"en-US\",\"@id\":\"https:\\\/\\\/www.facecorner.lv\\\/shop\\\/celimax-the-real-noni-energy-ampoule-mist-50ml\\\/#primaryimage\",\"url\":\"https:\\\/\\\/www.facecorner.lv\\\/wp-content\\\/uploads\\\/2025\\\/01\\\/image-1.webp\",\"contentUrl\":\"https:\\\/\\\/www.facecorner.lv\\\/wp-content\\\/uploads\\\/2025\\\/01\\\/image-1.webp\",\"width\":1370,\"height\":1370,\"caption\":\"Celimax The Real Noni Energy Ampoule Mist\"},{\"@type\":\"BreadcrumbList\",\"@id\":\"https:\\\/\\\/www.facecorner.lv\\\/shop\\\/celimax-the-real-noni-energy-ampoule-mist-50ml\\\/#breadcrumb\",\"itemListElement\":[{\"@type\":\"ListItem\",\"position\":1,\"name\":\"Home\",\"item\":\"https:\\\/\\\/www.facecorner.lv\\\/\"},{\"@type\":\"ListItem\",\"position\":2,\"name\":\"Veikals\",\"item\":\"https:\\\/\\\/www.facecorner.lv\\\/shop\\\/\"},{\"@type\":\"ListItem\",\"position\":3,\"name\":\"Celimax The Real Noni Energy Ampoule Mist 50ml\"}]},{\"@type\":\"WebSite\",\"@id\":\"https:\\\/\\\/www.facecorner.lv\\\/#website\",\"url\":\"https:\\\/\\\/www.facecorner.lv\\\/\",\"name\":\"Facecorner\",\"description\":\"\",\"publisher\":{\"@id\":\"https:\\\/\\\/www.facecorner.lv\\\/#organization\"},\"potentialAction\":[{\"@type\":\"SearchAction\",\"target\":{\"@type\":\"EntryPoint\",\"urlTemplate\":\"https:\\\/\\\/www.facecorner.lv\\\/?s={search_term_string}\"},\"query-input\":{\"@type\":\"PropertyValueSpecification\",\"valueRequired\":true,\"valueName\":\"search_term_string\"}}],\"inLanguage\":\"en-US\"},{\"@type\":\"Organization\",\"@id\":\"https:\\\/\\\/www.facecorner.lv\\\/#organization\",\"name\":\"Facecorner\",\"url\":\"https:\\\/\\\/www.facecorner.lv\\\/\",\"logo\":{\"@type\":\"ImageObject\",\"inLanguage\":\"en-US\",\"@id\":\"https:\\\/\\\/www.facecorner.lv\\\/#\\\/schema\\\/logo\\\/image\\\/\",\"url\":\"https:\\\/\\\/www.facecorner.lv\\\/wp-content\\\/uploads\\\/2024\\\/04\\\/fc-logo.jpg\",\"contentUrl\":\"https:\\\/\\\/www.facecorner.lv\\\/wp-content\\\/uploads\\\/2024\\\/04\\\/fc-logo.jpg\",\"width\":174,\"height\":28,\"caption\":\"Facecorner\"},\"image\":{\"@id\":\"https:\\\/\\\/www.facecorner.lv\\\/#\\\/schema\\\/logo\\\/image\\\/\"},\"sameAs\":[\"https:\\\/\\\/www.facebook.com\\\/profile.php?id=100063824551839\",\"https:\\\/\\\/www.instagram.com\\\/facecorner_shop\\\/\"]}]}<\/script>\n<meta property=\"product:price:amount\" content=\"22.10\" \/>\n<meta property=\"product:price:currency\" content=\"EUR\" \/>\n<meta property=\"og:availability\" content=\"out of stock\" \/>\n<meta property=\"product:availability\" content=\"out of stock\" \/>\n<meta property=\"product:condition\" content=\"new\" \/>\n<!-- \/ Yoast SEO plugin. -->","yoast_head_json":{"title":"Celimax The Real Noni Energy Ampoule Mist 50ml - FACECORNER","description":"Celimax The Real Noni Energy Ampoule Mist atsvaidzina un nomierina \u0101du, atjaunojot mitruma tr\u016bkumu. L\u012bdzeklis iek\u013c\u016bst dzi\u013ci epiderm\u0101","robots":{"index":"index","follow":"follow","max-snippet":"max-snippet:-1","max-image-preview":"max-image-preview:large","max-video-preview":"max-video-preview:-1"},"canonical":"https:\/\/www.facecorner.lv\/en\/shop\/celimax-the-real-noni-energy-ampoule-mist-50ml\/","og_locale":"en_US","og_type":"article","og_title":"Celimax The Real Noni Energy Ampoule Mist 50ml - FACECORNER","og_description":"Celimax The Real Noni Energy Ampoule Mist atsvaidzina un nomierina \u0101du, atjaunojot mitruma tr\u016bkumu. L\u012bdzeklis iek\u013c\u016bst dzi\u013ci epiderm\u0101","og_url":"https:\/\/www.facecorner.lv\/en\/shop\/celimax-the-real-noni-energy-ampoule-mist-50ml\/","og_site_name":"FACECORNER","article_publisher":"https:\/\/www.facebook.com\/profile.php?id=100063824551839","article_modified_time":"2025-04-23T06:34:18+00:00","og_image":[{"width":1370,"height":1370,"url":"https:\/\/www.facecorner.lv\/wp-content\/uploads\/2025\/01\/image-1.webp","type":"image\/webp"}],"twitter_card":"summary_large_image","twitter_misc":{"Price":"&euro;22.10","Availability":"Out of stock"},"schema":{"@context":"https:\/\/schema.org","@graph":[{"@type":"WebPage","@id":"https:\/\/www.facecorner.lv\/shop\/celimax-the-real-noni-energy-ampoule-mist-50ml\/","url":"https:\/\/www.facecorner.lv\/shop\/celimax-the-real-noni-energy-ampoule-mist-50ml\/","name":"Celimax The Real Noni Energy Ampoule Mist 50ml - FACECORNER","isPartOf":{"@id":"https:\/\/www.facecorner.lv\/#website"},"primaryImageOfPage":{"@id":"https:\/\/www.facecorner.lv\/shop\/celimax-the-real-noni-energy-ampoule-mist-50ml\/#primaryimage"},"image":{"@id":"https:\/\/www.facecorner.lv\/shop\/celimax-the-real-noni-energy-ampoule-mist-50ml\/#primaryimage"},"thumbnailUrl":"https:\/\/www.facecorner.lv\/wp-content\/uploads\/2025\/01\/image-1.webp","datePublished":"2025-01-17T12:07:03+00:00","dateModified":"2025-04-23T06:34:18+00:00","description":"Celimax The Real Noni Energy Ampoule Mist atsvaidzina un nomierina \u0101du, atjaunojot mitruma tr\u016bkumu. L\u012bdzeklis iek\u013c\u016bst dzi\u013ci epiderm\u0101","breadcrumb":{"@id":"https:\/\/www.facecorner.lv\/shop\/celimax-the-real-noni-energy-ampoule-mist-50ml\/#breadcrumb"},"inLanguage":"en-US","potentialAction":[{"@type":"ReadAction","target":["https:\/\/www.facecorner.lv\/shop\/celimax-the-real-noni-energy-ampoule-mist-50ml\/"]}]},{"@type":"ImageObject","inLanguage":"en-US","@id":"https:\/\/www.facecorner.lv\/shop\/celimax-the-real-noni-energy-ampoule-mist-50ml\/#primaryimage","url":"https:\/\/www.facecorner.lv\/wp-content\/uploads\/2025\/01\/image-1.webp","contentUrl":"https:\/\/www.facecorner.lv\/wp-content\/uploads\/2025\/01\/image-1.webp","width":1370,"height":1370,"caption":"Celimax The Real Noni Energy Ampoule Mist"},{"@type":"BreadcrumbList","@id":"https:\/\/www.facecorner.lv\/shop\/celimax-the-real-noni-energy-ampoule-mist-50ml\/#breadcrumb","itemListElement":[{"@type":"ListItem","position":1,"name":"Home","item":"https:\/\/www.facecorner.lv\/"},{"@type":"ListItem","position":2,"name":"Veikals","item":"https:\/\/www.facecorner.lv\/shop\/"},{"@type":"ListItem","position":3,"name":"Celimax The Real Noni Energy Ampoule Mist 50ml"}]},{"@type":"WebSite","@id":"https:\/\/www.facecorner.lv\/#website","url":"https:\/\/www.facecorner.lv\/","name":"Facecorner","description":"","publisher":{"@id":"https:\/\/www.facecorner.lv\/#organization"},"potentialAction":[{"@type":"SearchAction","target":{"@type":"EntryPoint","urlTemplate":"https:\/\/www.facecorner.lv\/?s={search_term_string}"},"query-input":{"@type":"PropertyValueSpecification","valueRequired":true,"valueName":"search_term_string"}}],"inLanguage":"en-US"},{"@type":"Organization","@id":"https:\/\/www.facecorner.lv\/#organization","name":"Facecorner","url":"https:\/\/www.facecorner.lv\/","logo":{"@type":"ImageObject","inLanguage":"en-US","@id":"https:\/\/www.facecorner.lv\/#\/schema\/logo\/image\/","url":"https:\/\/www.facecorner.lv\/wp-content\/uploads\/2024\/04\/fc-logo.jpg","contentUrl":"https:\/\/www.facecorner.lv\/wp-content\/uploads\/2024\/04\/fc-logo.jpg","width":174,"height":28,"caption":"Facecorner"},"image":{"@id":"https:\/\/www.facecorner.lv\/#\/schema\/logo\/image\/"},"sameAs":["https:\/\/www.facebook.com\/profile.php?id=100063824551839","https:\/\/www.instagram.com\/facecorner_shop\/"]}]},"product_price_amount":"22.10","product_price_currency":"EUR","og_availability":"out of stock","product_availability":"out of stock","product_condition":"new"},"_links":{"self":[{"href":"https:\/\/www.facecorner.lv\/en\/wp-json\/wp\/v2\/product\/23000","targetHints":{"allow":["GET"]}}],"collection":[{"href":"https:\/\/www.facecorner.lv\/en\/wp-json\/wp\/v2\/product"}],"about":[{"href":"https:\/\/www.facecorner.lv\/en\/wp-json\/wp\/v2\/types\/product"}],"replies":[{"embeddable":true,"href":"https:\/\/www.facecorner.lv\/en\/wp-json\/wp\/v2\/comments?post=23000"}],"wp:featuredmedia":[{"embeddable":true,"href":"https:\/\/www.facecorner.lv\/en\/wp-json\/wp\/v2\/media\/23001"}],"wp:attachment":[{"href":"https:\/\/www.facecorner.lv\/en\/wp-json\/wp\/v2\/media?parent=23000"}],"wp:term":[{"taxonomy":"product_brand","embeddable":true,"href":"https:\/\/www.facecorner.lv\/en\/wp-json\/wp\/v2\/product_brand?post=23000"},{"taxonomy":"product_cat","embeddable":true,"href":"https:\/\/www.facecorner.lv\/en\/wp-json\/wp\/v2\/product_cat?post=23000"},{"taxonomy":"product_tag","embeddable":true,"href":"https:\/\/www.facecorner.lv\/en\/wp-json\/wp\/v2\/product_tag?post=23000"},{"taxonomy":"berocket_brand","embeddable":true,"href":"https:\/\/www.facecorner.lv\/en\/wp-json\/wp\/v2\/berocket_brand?post=23000"}],"curies":[{"name":"wp","href":"https:\/\/api.w.org\/{rel}","templated":true}]}}