{"id":22950,"date":"2025-01-15T16:55:08","date_gmt":"2025-01-15T13:55:08","guid":{"rendered":"https:\/\/www.facecorner.lv\/?post_type=product&#038;p=22950"},"modified":"2025-04-22T16:34:27","modified_gmt":"2025-04-22T13:34:27","slug":"medicube-exosome-cica-ampoule-30ml","status":"publish","type":"product","link":"https:\/\/www.facecorner.lv\/en\/shop\/medicube-exosome-cica-ampoule-30ml\/","title":{"rendered":"Medicube Exosome Cica Ampoule 30ml"},"content":{"rendered":"<p>Medicube Exosome Cica Ampoule nomierino\u0161s serums ar centellu un t\u0113jas koku lieliski mitrina \u0101du un iedarbojas nomierino\u0161i. <strong>Tas pal\u012bdz \u0101tri mazin\u0101t iekaisumu un aps\u0101rtumu, vienlaikus pat\u012bkami atsvaidzinot un atv\u0113sinot sakairin\u0101tu \u0101du.<\/strong><\/p>\n<p>Seruma galven\u0101 akt\u012bv\u0101 sast\u0101vda\u013ca ir Exosome Cica komplekss, kas veicina \u0101das dz\u012b\u0161anu, stiprina \u0101das barjeru un sp\u0113c\u012bgi nomierina \u0101du. Centella asiatica atvasin\u0101jumu komplekss nodro\u0161ina dzi\u013cu \u0101das mitrin\u0101\u0161anu un baro\u0161anu, pal\u012bdz samazin\u0101t grumbi\u0146as un uzlabot \u0101das tekst\u016bru.<\/p>\n<p>T\u0113jas koka ekstrakts sast\u0101v\u0101 atjauno \u0101das l\u012bdzsvaru, r\u016bp\u0113joties par t\u0101s mitrin\u0101\u0161anu, pal\u012bdzot \u0101dai atg\u016bties no ikdienas stresa faktoru (klimats, pies\u0101r\u0146ojums, stress) rad\u012btajiem boj\u0101jumiem. Kontrol\u0113 sebuma veido\u0161anos, pal\u012bdz att\u012br\u012bt poras, stabiliz\u0113 \u0101das mikrobiomu, radot optim\u0101lu sebuma l\u012bmeni, kas pal\u012bdz aptur\u0113t izsitumu ciklu, atjauno \u0101das barjeru, lai mazin\u0101tu aps\u0101rtumu un izsitumus un pan\u0101ktu piem\u0113rotu pH l\u012bmeni, nomierina kairin\u0101tu \u0101du.<\/p>\n<p>Serumam ir za\u013cas kr\u0101sas \u017eelejas tekst\u016bra, kas \u0101tri ies\u016bcas, neatst\u0101jot taukainu pl\u0113vi vai lip\u012bguma saj\u016btu.<\/p>\n<p><strong>How to use:<\/strong> Uzkl\u0101jiet nepiecie\u0161amo seruma daudzumu uz att\u012br\u012btas un toniz\u0113tas sejas un izkl\u0101jiet to uz \u0101das, viegli iezie\u017eot ar maziem pirkstiem.<\/p>\n<p><strong>Ingredientes:<\/strong> Centella Asiatica Leaf Water, Water(Aqua), Glycerin, Butylene Glycol, Methylpropanediol, Glycereth-26, Niacinamide, 1,2-Hexanediol, Betaine, Carbomer, Tromethamine, Glycereth-25 PCA Isostearate, Ethylhexylglycerin, Dipotassium Glycyrrhizate, Allantoin, Glyceryl Acrylate\/Acrylic Acid Copolymer, Panthenol, Gardenia Florida Fruit Extract, Coptis Japonica Extract, Centella Asiatica Root Extract, Centella Asiatica Leaf Extract, Centella Asiatica Extract, Hydrogenated Lecithin, Melaleuca Alternifolia (Tea Tree) Leaf Water, Propanediol, Madecassoside, Glycyrrhiza Uralensis (Licorice) Extract, Ectoin, Dipropylene Glycol, Centella Asiatica Leaf Vesicles, Caprylic\/Capric Triglyceride, Biosaccharide Gum-1, Pentylene Glycol, Melaleuca Alternifolia (Tea Tree) Extract, Sodium Hyaluronate, Vegetable Amino Acids, Saccharide Isomerate, Lactobacillus Ferment Filtrate, Hydrolyzed Vegetable Protein, Hyaluronic Acid, Houttuynia Cordata Extract, Asiaticoside, Madecassic Acid, Asiatic Acid<\/p>","protected":false},"excerpt":{"rendered":"<p>Medicube Exosome Cica Ampoule nomierino\u0161s serums ar centellu un t\u0113jas koku lieliski mitrina \u0101du un iedarbojas nomierino\u0161i. Tas pal\u012bdz \u0101tri mazin\u0101t iekaisumu un aps\u0101rtumu, vienlaikus pat\u012bkami atsvaidzinot un atv\u0113sinot sakairin\u0101tu \u0101du.<\/p>","protected":false},"featured_media":22951,"comment_status":"open","ping_status":"closed","template":"","meta":{"site-sidebar-layout":"default","site-content-layout":"","ast-site-content-layout":"default","site-content-style":"default","site-sidebar-style":"default","ast-global-header-display":"","ast-banner-title-visibility":"","ast-main-header-display":"","ast-hfb-above-header-display":"","ast-hfb-below-header-display":"","ast-hfb-mobile-header-display":"","site-post-title":"","ast-breadcrumbs-content":"","ast-featured-img":"","footer-sml-layout":"","theme-transparent-header-meta":"default","adv-header-id-meta":"","stick-header-meta":"","header-above-stick-meta":"","header-main-stick-meta":"","header-below-stick-meta":"","astra-migrate-meta-layouts":"set","ast-page-background-enabled":"default","ast-page-background-meta":{"desktop":{"background-color":"var(--ast-global-color-4)","background-image":"","background-repeat":"repeat","background-position":"center center","background-size":"auto","background-attachment":"scroll","background-type":"","background-media":"","overlay-type":"","overlay-color":"","overlay-opacity":"","overlay-gradient":""},"tablet":{"background-color":"","background-image":"","background-repeat":"repeat","background-position":"center center","background-size":"auto","background-attachment":"scroll","background-type":"","background-media":"","overlay-type":"","overlay-color":"","overlay-opacity":"","overlay-gradient":""},"mobile":{"background-color":"","background-image":"","background-repeat":"repeat","background-position":"center center","background-size":"auto","background-attachment":"scroll","background-type":"","background-media":"","overlay-type":"","overlay-color":"","overlay-opacity":"","overlay-gradient":""}},"ast-content-background-meta":{"desktop":{"background-color":"var(--ast-global-color-5)","background-image":"","background-repeat":"repeat","background-position":"center center","background-size":"auto","background-attachment":"scroll","background-type":"","background-media":"","overlay-type":"","overlay-color":"","overlay-opacity":"","overlay-gradient":""},"tablet":{"background-color":"var(--ast-global-color-5)","background-image":"","background-repeat":"repeat","background-position":"center center","background-size":"auto","background-attachment":"scroll","background-type":"","background-media":"","overlay-type":"","overlay-color":"","overlay-opacity":"","overlay-gradient":""},"mobile":{"background-color":"var(--ast-global-color-5)","background-image":"","background-repeat":"repeat","background-position":"center center","background-size":"auto","background-attachment":"scroll","background-type":"","background-media":"","overlay-type":"","overlay-color":"","overlay-opacity":"","overlay-gradient":""}}},"product_brand":[],"product_cat":[372,373,374,363],"product_tag":[],"berocket_brand":[579],"class_list":{"0":"post-22950","1":"product","2":"type-product","3":"status-publish","4":"has-post-thumbnail","6":"product_cat-jutigai-adai-serumi","7":"product_cat-poras-sasaurinoss","8":"product_cat-pret-pinnem","9":"product_cat-serumi","10":"berocket_brand-medicube","11":"desktop-align-left","12":"tablet-align-left","13":"mobile-align-left","15":"first","16":"outofstock","17":"taxable","18":"shipping-taxable","19":"purchasable","20":"product-type-simple","21":"add-to-wishlist-before_image"},"yoast_head":"<!-- This site is optimized with the Yoast SEO plugin v27.3 - https:\/\/yoast.com\/product\/yoast-seo-wordpress\/ -->\n<title>Medicube Exosome Cica Ampoule 30ml - FACECORNER<\/title>\n<meta name=\"description\" content=\"Medicube Exosome Cica Ampoule nomierino\u0161s serums ar centellu un t\u0113jas koku lieliski mitrina \u0101du un iedarbojas nomierino\u0161i. Tas pal\u012bdz \u0101tri mazin\u0101t iekaisumu\" \/>\n<meta name=\"robots\" content=\"index, follow, max-snippet:-1, max-image-preview:large, max-video-preview:-1\" \/>\n<link rel=\"canonical\" href=\"https:\/\/www.facecorner.lv\/en\/shop\/medicube-exosome-cica-ampoule-30ml\/\" \/>\n<meta property=\"og:locale\" content=\"en_US\" \/>\n<meta property=\"og:type\" content=\"article\" \/>\n<meta property=\"og:title\" content=\"Medicube Exosome Cica Ampoule 30ml - FACECORNER\" \/>\n<meta property=\"og:description\" content=\"Medicube Exosome Cica Ampoule nomierino\u0161s serums ar centellu un t\u0113jas koku lieliski mitrina \u0101du un iedarbojas nomierino\u0161i. Tas pal\u012bdz \u0101tri mazin\u0101t iekaisumu\" \/>\n<meta property=\"og:url\" content=\"https:\/\/www.facecorner.lv\/en\/shop\/medicube-exosome-cica-ampoule-30ml\/\" \/>\n<meta property=\"og:site_name\" content=\"FACECORNER\" \/>\n<meta property=\"article:publisher\" content=\"https:\/\/www.facebook.com\/profile.php?id=100063824551839\" \/>\n<meta property=\"article:modified_time\" content=\"2025-04-22T13:34:27+00:00\" \/>\n<meta property=\"og:image\" content=\"https:\/\/www.facecorner.lv\/wp-content\/uploads\/2025\/01\/61coynYoMHL._SL1500_530x@2x.webp\" \/>\n\t<meta property=\"og:image:width\" content=\"1060\" \/>\n\t<meta property=\"og:image:height\" content=\"1060\" \/>\n\t<meta property=\"og:image:type\" content=\"image\/webp\" \/>\n<meta name=\"twitter:card\" content=\"summary_large_image\" \/>\n<meta name=\"twitter:label1\" content=\"Price\" \/>\n\t<meta name=\"twitter:data1\" content=\"&euro;31.00\" \/>\n\t<meta name=\"twitter:label2\" content=\"Availability\" \/>\n\t<meta name=\"twitter:data2\" content=\"Out of stock\" \/>\n<script type=\"application\/ld+json\" class=\"yoast-schema-graph\">{\"@context\":\"https:\\\/\\\/schema.org\",\"@graph\":[{\"@type\":\"WebPage\",\"@id\":\"https:\\\/\\\/www.facecorner.lv\\\/shop\\\/medicube-exosome-cica-ampoule-30ml\\\/\",\"url\":\"https:\\\/\\\/www.facecorner.lv\\\/shop\\\/medicube-exosome-cica-ampoule-30ml\\\/\",\"name\":\"Medicube Exosome Cica Ampoule 30ml - FACECORNER\",\"isPartOf\":{\"@id\":\"https:\\\/\\\/www.facecorner.lv\\\/#website\"},\"primaryImageOfPage\":{\"@id\":\"https:\\\/\\\/www.facecorner.lv\\\/shop\\\/medicube-exosome-cica-ampoule-30ml\\\/#primaryimage\"},\"image\":{\"@id\":\"https:\\\/\\\/www.facecorner.lv\\\/shop\\\/medicube-exosome-cica-ampoule-30ml\\\/#primaryimage\"},\"thumbnailUrl\":\"https:\\\/\\\/www.facecorner.lv\\\/wp-content\\\/uploads\\\/2025\\\/01\\\/61coynYoMHL._SL1500_530x@2x.webp\",\"datePublished\":\"2025-01-15T13:55:08+00:00\",\"dateModified\":\"2025-04-22T13:34:27+00:00\",\"description\":\"Medicube Exosome Cica Ampoule nomierino\u0161s serums ar centellu un t\u0113jas koku lieliski mitrina \u0101du un iedarbojas nomierino\u0161i. Tas pal\u012bdz \u0101tri mazin\u0101t iekaisumu\",\"breadcrumb\":{\"@id\":\"https:\\\/\\\/www.facecorner.lv\\\/shop\\\/medicube-exosome-cica-ampoule-30ml\\\/#breadcrumb\"},\"inLanguage\":\"en-US\",\"potentialAction\":[{\"@type\":\"ReadAction\",\"target\":[\"https:\\\/\\\/www.facecorner.lv\\\/shop\\\/medicube-exosome-cica-ampoule-30ml\\\/\"]}]},{\"@type\":\"ImageObject\",\"inLanguage\":\"en-US\",\"@id\":\"https:\\\/\\\/www.facecorner.lv\\\/shop\\\/medicube-exosome-cica-ampoule-30ml\\\/#primaryimage\",\"url\":\"https:\\\/\\\/www.facecorner.lv\\\/wp-content\\\/uploads\\\/2025\\\/01\\\/61coynYoMHL._SL1500_530x@2x.webp\",\"contentUrl\":\"https:\\\/\\\/www.facecorner.lv\\\/wp-content\\\/uploads\\\/2025\\\/01\\\/61coynYoMHL._SL1500_530x@2x.webp\",\"width\":1060,\"height\":1060,\"caption\":\"Medicube Exosome Cica Ampoule 30ml\"},{\"@type\":\"BreadcrumbList\",\"@id\":\"https:\\\/\\\/www.facecorner.lv\\\/shop\\\/medicube-exosome-cica-ampoule-30ml\\\/#breadcrumb\",\"itemListElement\":[{\"@type\":\"ListItem\",\"position\":1,\"name\":\"Home\",\"item\":\"https:\\\/\\\/www.facecorner.lv\\\/\"},{\"@type\":\"ListItem\",\"position\":2,\"name\":\"Veikals\",\"item\":\"https:\\\/\\\/www.facecorner.lv\\\/shop\\\/\"},{\"@type\":\"ListItem\",\"position\":3,\"name\":\"Medicube Exosome Cica Ampoule 30ml\"}]},{\"@type\":\"WebSite\",\"@id\":\"https:\\\/\\\/www.facecorner.lv\\\/#website\",\"url\":\"https:\\\/\\\/www.facecorner.lv\\\/\",\"name\":\"Facecorner\",\"description\":\"\",\"publisher\":{\"@id\":\"https:\\\/\\\/www.facecorner.lv\\\/#organization\"},\"potentialAction\":[{\"@type\":\"SearchAction\",\"target\":{\"@type\":\"EntryPoint\",\"urlTemplate\":\"https:\\\/\\\/www.facecorner.lv\\\/?s={search_term_string}\"},\"query-input\":{\"@type\":\"PropertyValueSpecification\",\"valueRequired\":true,\"valueName\":\"search_term_string\"}}],\"inLanguage\":\"en-US\"},{\"@type\":\"Organization\",\"@id\":\"https:\\\/\\\/www.facecorner.lv\\\/#organization\",\"name\":\"Facecorner\",\"url\":\"https:\\\/\\\/www.facecorner.lv\\\/\",\"logo\":{\"@type\":\"ImageObject\",\"inLanguage\":\"en-US\",\"@id\":\"https:\\\/\\\/www.facecorner.lv\\\/#\\\/schema\\\/logo\\\/image\\\/\",\"url\":\"https:\\\/\\\/www.facecorner.lv\\\/wp-content\\\/uploads\\\/2024\\\/04\\\/fc-logo.jpg\",\"contentUrl\":\"https:\\\/\\\/www.facecorner.lv\\\/wp-content\\\/uploads\\\/2024\\\/04\\\/fc-logo.jpg\",\"width\":174,\"height\":28,\"caption\":\"Facecorner\"},\"image\":{\"@id\":\"https:\\\/\\\/www.facecorner.lv\\\/#\\\/schema\\\/logo\\\/image\\\/\"},\"sameAs\":[\"https:\\\/\\\/www.facebook.com\\\/profile.php?id=100063824551839\",\"https:\\\/\\\/www.instagram.com\\\/facecorner_shop\\\/\"]}]}<\/script>\n<meta property=\"product:price:amount\" content=\"31.00\" \/>\n<meta property=\"product:price:currency\" content=\"EUR\" \/>\n<meta property=\"og:availability\" content=\"out of stock\" \/>\n<meta property=\"product:availability\" content=\"out of stock\" \/>\n<meta property=\"product:condition\" content=\"new\" \/>\n<!-- \/ Yoast SEO plugin. -->","yoast_head_json":{"title":"Medicube Exosome Cica Ampoule 30ml - FACECORNER","description":"Medicube Exosome Cica Ampoule nomierino\u0161s serums ar centellu un t\u0113jas koku lieliski mitrina \u0101du un iedarbojas nomierino\u0161i. Tas pal\u012bdz \u0101tri mazin\u0101t iekaisumu","robots":{"index":"index","follow":"follow","max-snippet":"max-snippet:-1","max-image-preview":"max-image-preview:large","max-video-preview":"max-video-preview:-1"},"canonical":"https:\/\/www.facecorner.lv\/en\/shop\/medicube-exosome-cica-ampoule-30ml\/","og_locale":"en_US","og_type":"article","og_title":"Medicube Exosome Cica Ampoule 30ml - FACECORNER","og_description":"Medicube Exosome Cica Ampoule nomierino\u0161s serums ar centellu un t\u0113jas koku lieliski mitrina \u0101du un iedarbojas nomierino\u0161i. Tas pal\u012bdz \u0101tri mazin\u0101t iekaisumu","og_url":"https:\/\/www.facecorner.lv\/en\/shop\/medicube-exosome-cica-ampoule-30ml\/","og_site_name":"FACECORNER","article_publisher":"https:\/\/www.facebook.com\/profile.php?id=100063824551839","article_modified_time":"2025-04-22T13:34:27+00:00","og_image":[{"width":1060,"height":1060,"url":"https:\/\/www.facecorner.lv\/wp-content\/uploads\/2025\/01\/61coynYoMHL._SL1500_530x@2x.webp","type":"image\/webp"}],"twitter_card":"summary_large_image","twitter_misc":{"Price":"&euro;31.00","Availability":"Out of stock"},"schema":{"@context":"https:\/\/schema.org","@graph":[{"@type":"WebPage","@id":"https:\/\/www.facecorner.lv\/shop\/medicube-exosome-cica-ampoule-30ml\/","url":"https:\/\/www.facecorner.lv\/shop\/medicube-exosome-cica-ampoule-30ml\/","name":"Medicube Exosome Cica Ampoule 30ml - FACECORNER","isPartOf":{"@id":"https:\/\/www.facecorner.lv\/#website"},"primaryImageOfPage":{"@id":"https:\/\/www.facecorner.lv\/shop\/medicube-exosome-cica-ampoule-30ml\/#primaryimage"},"image":{"@id":"https:\/\/www.facecorner.lv\/shop\/medicube-exosome-cica-ampoule-30ml\/#primaryimage"},"thumbnailUrl":"https:\/\/www.facecorner.lv\/wp-content\/uploads\/2025\/01\/61coynYoMHL._SL1500_530x@2x.webp","datePublished":"2025-01-15T13:55:08+00:00","dateModified":"2025-04-22T13:34:27+00:00","description":"Medicube Exosome Cica Ampoule nomierino\u0161s serums ar centellu un t\u0113jas koku lieliski mitrina \u0101du un iedarbojas nomierino\u0161i. Tas pal\u012bdz \u0101tri mazin\u0101t iekaisumu","breadcrumb":{"@id":"https:\/\/www.facecorner.lv\/shop\/medicube-exosome-cica-ampoule-30ml\/#breadcrumb"},"inLanguage":"en-US","potentialAction":[{"@type":"ReadAction","target":["https:\/\/www.facecorner.lv\/shop\/medicube-exosome-cica-ampoule-30ml\/"]}]},{"@type":"ImageObject","inLanguage":"en-US","@id":"https:\/\/www.facecorner.lv\/shop\/medicube-exosome-cica-ampoule-30ml\/#primaryimage","url":"https:\/\/www.facecorner.lv\/wp-content\/uploads\/2025\/01\/61coynYoMHL._SL1500_530x@2x.webp","contentUrl":"https:\/\/www.facecorner.lv\/wp-content\/uploads\/2025\/01\/61coynYoMHL._SL1500_530x@2x.webp","width":1060,"height":1060,"caption":"Medicube Exosome Cica Ampoule 30ml"},{"@type":"BreadcrumbList","@id":"https:\/\/www.facecorner.lv\/shop\/medicube-exosome-cica-ampoule-30ml\/#breadcrumb","itemListElement":[{"@type":"ListItem","position":1,"name":"Home","item":"https:\/\/www.facecorner.lv\/"},{"@type":"ListItem","position":2,"name":"Veikals","item":"https:\/\/www.facecorner.lv\/shop\/"},{"@type":"ListItem","position":3,"name":"Medicube Exosome Cica Ampoule 30ml"}]},{"@type":"WebSite","@id":"https:\/\/www.facecorner.lv\/#website","url":"https:\/\/www.facecorner.lv\/","name":"Facecorner","description":"","publisher":{"@id":"https:\/\/www.facecorner.lv\/#organization"},"potentialAction":[{"@type":"SearchAction","target":{"@type":"EntryPoint","urlTemplate":"https:\/\/www.facecorner.lv\/?s={search_term_string}"},"query-input":{"@type":"PropertyValueSpecification","valueRequired":true,"valueName":"search_term_string"}}],"inLanguage":"en-US"},{"@type":"Organization","@id":"https:\/\/www.facecorner.lv\/#organization","name":"Facecorner","url":"https:\/\/www.facecorner.lv\/","logo":{"@type":"ImageObject","inLanguage":"en-US","@id":"https:\/\/www.facecorner.lv\/#\/schema\/logo\/image\/","url":"https:\/\/www.facecorner.lv\/wp-content\/uploads\/2024\/04\/fc-logo.jpg","contentUrl":"https:\/\/www.facecorner.lv\/wp-content\/uploads\/2024\/04\/fc-logo.jpg","width":174,"height":28,"caption":"Facecorner"},"image":{"@id":"https:\/\/www.facecorner.lv\/#\/schema\/logo\/image\/"},"sameAs":["https:\/\/www.facebook.com\/profile.php?id=100063824551839","https:\/\/www.instagram.com\/facecorner_shop\/"]}]},"product_price_amount":"31.00","product_price_currency":"EUR","og_availability":"out of stock","product_availability":"out of stock","product_condition":"new"},"_links":{"self":[{"href":"https:\/\/www.facecorner.lv\/en\/wp-json\/wp\/v2\/product\/22950","targetHints":{"allow":["GET"]}}],"collection":[{"href":"https:\/\/www.facecorner.lv\/en\/wp-json\/wp\/v2\/product"}],"about":[{"href":"https:\/\/www.facecorner.lv\/en\/wp-json\/wp\/v2\/types\/product"}],"replies":[{"embeddable":true,"href":"https:\/\/www.facecorner.lv\/en\/wp-json\/wp\/v2\/comments?post=22950"}],"wp:featuredmedia":[{"embeddable":true,"href":"https:\/\/www.facecorner.lv\/en\/wp-json\/wp\/v2\/media\/22951"}],"wp:attachment":[{"href":"https:\/\/www.facecorner.lv\/en\/wp-json\/wp\/v2\/media?parent=22950"}],"wp:term":[{"taxonomy":"product_brand","embeddable":true,"href":"https:\/\/www.facecorner.lv\/en\/wp-json\/wp\/v2\/product_brand?post=22950"},{"taxonomy":"product_cat","embeddable":true,"href":"https:\/\/www.facecorner.lv\/en\/wp-json\/wp\/v2\/product_cat?post=22950"},{"taxonomy":"product_tag","embeddable":true,"href":"https:\/\/www.facecorner.lv\/en\/wp-json\/wp\/v2\/product_tag?post=22950"},{"taxonomy":"berocket_brand","embeddable":true,"href":"https:\/\/www.facecorner.lv\/en\/wp-json\/wp\/v2\/berocket_brand?post=22950"}],"curies":[{"name":"wp","href":"https:\/\/api.w.org\/{rel}","templated":true}]}}