{"id":22936,"date":"2025-01-14T22:17:48","date_gmt":"2025-01-14T19:17:48","guid":{"rendered":"https:\/\/www.facecorner.lv\/?post_type=product&#038;p=22936"},"modified":"2025-04-23T09:34:18","modified_gmt":"2025-04-23T06:34:18","slug":"anua-3-ceramide-panthenol-moisture-barrier-cream-100ml","status":"publish","type":"product","link":"https:\/\/www.facecorner.lv\/en\/shop\/anua-3-ceramide-panthenol-moisture-barrier-cream-100ml\/","title":{"rendered":"Anua 3 Ceramide Panthenol Moisture Barrier Cream 100ml"},"content":{"rendered":"<p>Anua 3 Ceramide Panthenol Moisture Barrier Cream uzlabo \u0101das aizsargsp\u0113jas un nostiprina hidrolip\u012bdu barjeru, samazinot \u0101das jut\u012bgumu. Samazina aps\u0101rtumu un niezi, nomierina kairin\u0101jumu un mazina lob\u012b\u0161anos.<\/p>\n<p>Kr\u0113ms dzi\u013ci mitrina, nov\u0113r\u0161 sausumu un dehidrat\u0101cijas paz\u012bmes, m\u012bkstina raupju \u0101du. Padzi\u013cina un veicina mitruma aizturi \u0161\u016bn\u0101s.<\/p>\n<p>Satur lamel\u0101r\u0101s kapsulas ar keram\u012bdiem, kas iek\u013c\u016bst dzi\u013cos epidermas sl\u0101\u0146os un veicina efekt\u012bvu l\u012bdzek\u013cu uzs\u016bk\u0161anos. Nodro\u0161ina ilgsto\u0161u mitrino\u0161u iedarb\u012bbu.<\/p>\n<p><strong>Main active ingredients:<\/strong><\/p>\n<ul>\n<li>3 veidu keram\u012bdi atjauno epidermas raga sl\u0101\u0146a integrit\u0101ti, jo tie ir l\u012bdz\u012bgi epidermas lip\u012bdiem: tie stiprina dabisko barjeru, nov\u0113r\u0161 lob\u012b\u0161anos un sausumu, samazina jut\u012bbu pret \u0101r\u0113jiem kairin\u0101t\u0101jiem.<\/li>\n<li>Pantenols (vitam\u012bns B5, 5%) mazina aps\u0101rtumu un niezi, optimiz\u0113 aizsargfunkcijas, samazina mitruma zudumu un pal\u012bdz atjaunot boj\u0101tos audus.<\/li>\n<li>8 veidu aminosk\u0101b\u0113m piem\u012bt dziedino\u0161a un re\u0123ener\u0113jo\u0161a iedarb\u012bba, t\u0101m ir liftinga efekts, stimul\u0113jot kolag\u0113na sint\u0113zi. Pa\u0101trina mikrocirkul\u0101ciju, atbr\u012bvojas no bl\u0101vuma, pie\u0161\u0137ir \u0101dai mirdzumu.<\/li>\n<li>Fitoster\u012bni atjauno lip\u012bdu apvalku un iedarbojas nostiprino\u0161i. Tie neitraliz\u0113 \u0101r\u0113jo faktoru agres\u012bvo iedarb\u012bbu, samazina \u0101das caurlaid\u012bbu un jut\u012bgumu.<\/li>\n<li>Lip\u012bdi atjauno barjeras funkcijas, atbalsta viet\u0113jo imunit\u0101ti, aktiviz\u0113 lip\u012bdu vielmai\u0146u, regul\u0113 tauku dziedzeru darb\u012bbu un sebuma sekr\u0113ciju.<\/li>\n<li>Ekto\u012bns &#8211; organiska aminosk\u0101be, aizsarg\u0101 pret \u0101r\u0113jiem faktoriem un UV stariem, tai piem\u012bt pretiekaisuma iedarb\u012bba. Nomierina un m\u012bkstina, mazina aps\u0101rtumu.<\/li>\n<\/ul>\n<p><strong>How to use:<\/strong> p\u0113c mazg\u0101\u0161anas, toniz\u0113\u0161anas un seruma lieto\u0161anas uzkl\u0101jiet kr\u0113mu uz sejas, izkl\u0101jiet to pa \u0101du.<\/p>\n<p><strong>Ingredientes:<\/strong> Water, Panthenol (5%), Butylene Glycol, Propanediol, Caprylic\/Capric Triglyceride, Glycerin, Cetyl Ethylhexanoate, Behenyl Alcohol, Octyldodecanol, Phenyl Trimethicone, Vinyl Dimethicone, 1,2-Hexanediol, Bis-Diglyceryl Polyacyladipate-2, Pentylene Glycol, Centella Asiatica Extract, Sodium Hyaluronate, Hyaluronic Acid, Urtica Dioica Extract, Betaine, Caprylyl Methicone, Polyglyceryl-3 Diisostearate, Ceramide 5, Phytosterols, Hydroxyethyl Acrylate\/Sodium Acryloyldimethyl Taurate Copolymer, Hydrogenated Rice Bran Wax, C12-20 Alkyl Glucoside, Ammonium Polyacryloyldimethyl Taurate, Glyceryl Stearate, Dimethiconol, Glyceryl Caprylate, Sodium Stearoyl Glutamate, Hydrogenated Lecithin, Glyceryl Glucoside, Acrylates\/C10-30 Alkyl Acrylate Crosspolymer, Tromethamine, Sodium Phytate, Polyglyceryl-10 Stearate, Ethylhexyl Olivate, Ethylhexylglycerin, Sodium Acrylates Copolymer, Polyglyceryl-4 Oleate, Dipropylene Glycol, Linolenic Acid, Polyglyceryl-10 Laurate, Sphingolipids, Phosphatidylcholine, 4-Terpineol, Allantoin, Ectoin, Squalane, Lecithin, Asiaticoside, Escin, Madecassic Acid, Asiatic Acid, Beta-Sitosterol, Ceramide, Ceramide EOP, Glycine, Glutamic Acid, Serine, Alanine, Lysine, Arginine, Proline, Threonine, Alcohol<\/p>","protected":false},"excerpt":{"rendered":"<p>Anua 3 Ceramide Panthenol Moisture Barrier Cream uzlabo \u0101das aizsargsp\u0113jas un nostiprina hidrolip\u012bdu barjeru, samazinot \u0101das jut\u012bgumu. Samazina aps\u0101rtumu un niezi, nomierina kairin\u0101jumu un mazina lob\u012b\u0161anos. Satur ekt\u012bnu, lip\u012bdu kompleksu, Centella asiatica ekstraktu un aminosk\u0101bes.<\/p>","protected":false},"featured_media":22937,"comment_status":"open","ping_status":"closed","template":"","meta":{"site-sidebar-layout":"default","site-content-layout":"","ast-site-content-layout":"default","site-content-style":"default","site-sidebar-style":"default","ast-global-header-display":"","ast-banner-title-visibility":"","ast-main-header-display":"","ast-hfb-above-header-display":"","ast-hfb-below-header-display":"","ast-hfb-mobile-header-display":"","site-post-title":"","ast-breadcrumbs-content":"","ast-featured-img":"","footer-sml-layout":"","theme-transparent-header-meta":"default","adv-header-id-meta":"","stick-header-meta":"","header-above-stick-meta":"","header-main-stick-meta":"","header-below-stick-meta":"","astra-migrate-meta-layouts":"set","ast-page-background-enabled":"default","ast-page-background-meta":{"desktop":{"background-color":"var(--ast-global-color-4)","background-image":"","background-repeat":"repeat","background-position":"center center","background-size":"auto","background-attachment":"scroll","background-type":"","background-media":"","overlay-type":"","overlay-color":"","overlay-opacity":"","overlay-gradient":""},"tablet":{"background-color":"","background-image":"","background-repeat":"repeat","background-position":"center center","background-size":"auto","background-attachment":"scroll","background-type":"","background-media":"","overlay-type":"","overlay-color":"","overlay-opacity":"","overlay-gradient":""},"mobile":{"background-color":"","background-image":"","background-repeat":"repeat","background-position":"center center","background-size":"auto","background-attachment":"scroll","background-type":"","background-media":"","overlay-type":"","overlay-color":"","overlay-opacity":"","overlay-gradient":""}},"ast-content-background-meta":{"desktop":{"background-color":"var(--ast-global-color-5)","background-image":"","background-repeat":"repeat","background-position":"center center","background-size":"auto","background-attachment":"scroll","background-type":"","background-media":"","overlay-type":"","overlay-color":"","overlay-opacity":"","overlay-gradient":""},"tablet":{"background-color":"var(--ast-global-color-5)","background-image":"","background-repeat":"repeat","background-position":"center center","background-size":"auto","background-attachment":"scroll","background-type":"","background-media":"","overlay-type":"","overlay-color":"","overlay-opacity":"","overlay-gradient":""},"mobile":{"background-color":"var(--ast-global-color-5)","background-image":"","background-repeat":"repeat","background-position":"center center","background-size":"auto","background-attachment":"scroll","background-type":"","background-media":"","overlay-type":"","overlay-color":"","overlay-opacity":"","overlay-gradient":""}}},"product_brand":[],"product_cat":[366,367,369,362],"product_tag":[],"berocket_brand":[575],"class_list":{"0":"post-22936","1":"product","2":"type-product","3":"status-publish","4":"has-post-thumbnail","6":"product_cat-mitrinoss","7":"product_cat-nomierinoss","8":"product_cat-problematiskai-adai-sejas-krems","9":"product_cat-sejas-krems","10":"berocket_brand-anua","11":"desktop-align-left","12":"tablet-align-left","13":"mobile-align-left","15":"first","16":"outofstock","17":"taxable","18":"shipping-taxable","19":"purchasable","20":"product-type-simple","21":"add-to-wishlist-before_image"},"yoast_head":"<!-- This site is optimized with the Yoast SEO plugin v27.4 - https:\/\/yoast.com\/product\/yoast-seo-wordpress\/ -->\n<title>Anua 3 Ceramide Panthenol Moisture Barrier Cream 100ml - FACECORNER<\/title>\n<meta name=\"description\" content=\"Anua 3 Ceramide Panthenol Moisture Barrier Cream uzlabo \u0101das aizsargsp\u0113jas un nostiprina hidrolip\u012bdu barjeru, samazinot \u0101das jut\u012bgumu.\" \/>\n<meta name=\"robots\" content=\"index, follow, max-snippet:-1, max-image-preview:large, max-video-preview:-1\" \/>\n<link rel=\"canonical\" href=\"https:\/\/www.facecorner.lv\/en\/shop\/anua-3-ceramide-panthenol-moisture-barrier-cream-100ml\/\" \/>\n<meta property=\"og:locale\" content=\"en_US\" \/>\n<meta property=\"og:type\" content=\"article\" \/>\n<meta property=\"og:title\" content=\"Anua 3 Ceramide Panthenol Moisture Barrier Cream 100ml - FACECORNER\" \/>\n<meta property=\"og:description\" content=\"Anua 3 Ceramide Panthenol Moisture Barrier Cream uzlabo \u0101das aizsargsp\u0113jas un nostiprina hidrolip\u012bdu barjeru, samazinot \u0101das jut\u012bgumu.\" \/>\n<meta property=\"og:url\" content=\"https:\/\/www.facecorner.lv\/en\/shop\/anua-3-ceramide-panthenol-moisture-barrier-cream-100ml\/\" \/>\n<meta property=\"og:site_name\" content=\"FACECORNER\" \/>\n<meta property=\"article:publisher\" content=\"https:\/\/www.facebook.com\/profile.php?id=100063824551839\" \/>\n<meta property=\"article:modified_time\" content=\"2025-04-23T06:34:18+00:00\" \/>\n<meta property=\"og:image\" content=\"https:\/\/www.facecorner.lv\/wp-content\/uploads\/2025\/01\/K-Beauty_Store_Giftcard-157.webp\" \/>\n\t<meta property=\"og:image:width\" content=\"1080\" \/>\n\t<meta property=\"og:image:height\" content=\"1080\" \/>\n\t<meta property=\"og:image:type\" content=\"image\/webp\" \/>\n<meta name=\"twitter:card\" content=\"summary_large_image\" \/>\n<meta name=\"twitter:label1\" content=\"Price\" \/>\n\t<meta name=\"twitter:data1\" content=\"&euro;29.00\" \/>\n\t<meta name=\"twitter:label2\" content=\"Availability\" \/>\n\t<meta name=\"twitter:data2\" content=\"Out of stock\" \/>\n<script type=\"application\/ld+json\" class=\"yoast-schema-graph\">{\"@context\":\"https:\\\/\\\/schema.org\",\"@graph\":[{\"@type\":\"WebPage\",\"@id\":\"https:\\\/\\\/www.facecorner.lv\\\/shop\\\/anua-3-ceramide-panthenol-moisture-barrier-cream-100ml\\\/\",\"url\":\"https:\\\/\\\/www.facecorner.lv\\\/shop\\\/anua-3-ceramide-panthenol-moisture-barrier-cream-100ml\\\/\",\"name\":\"Anua 3 Ceramide Panthenol Moisture Barrier Cream 100ml - FACECORNER\",\"isPartOf\":{\"@id\":\"https:\\\/\\\/www.facecorner.lv\\\/#website\"},\"primaryImageOfPage\":{\"@id\":\"https:\\\/\\\/www.facecorner.lv\\\/shop\\\/anua-3-ceramide-panthenol-moisture-barrier-cream-100ml\\\/#primaryimage\"},\"image\":{\"@id\":\"https:\\\/\\\/www.facecorner.lv\\\/shop\\\/anua-3-ceramide-panthenol-moisture-barrier-cream-100ml\\\/#primaryimage\"},\"thumbnailUrl\":\"https:\\\/\\\/www.facecorner.lv\\\/wp-content\\\/uploads\\\/2025\\\/01\\\/K-Beauty_Store_Giftcard-157.webp\",\"datePublished\":\"2025-01-14T19:17:48+00:00\",\"dateModified\":\"2025-04-23T06:34:18+00:00\",\"description\":\"Anua 3 Ceramide Panthenol Moisture Barrier Cream uzlabo \u0101das aizsargsp\u0113jas un nostiprina hidrolip\u012bdu barjeru, samazinot \u0101das jut\u012bgumu.\",\"breadcrumb\":{\"@id\":\"https:\\\/\\\/www.facecorner.lv\\\/shop\\\/anua-3-ceramide-panthenol-moisture-barrier-cream-100ml\\\/#breadcrumb\"},\"inLanguage\":\"en-US\",\"potentialAction\":[{\"@type\":\"ReadAction\",\"target\":[\"https:\\\/\\\/www.facecorner.lv\\\/shop\\\/anua-3-ceramide-panthenol-moisture-barrier-cream-100ml\\\/\"]}]},{\"@type\":\"ImageObject\",\"inLanguage\":\"en-US\",\"@id\":\"https:\\\/\\\/www.facecorner.lv\\\/shop\\\/anua-3-ceramide-panthenol-moisture-barrier-cream-100ml\\\/#primaryimage\",\"url\":\"https:\\\/\\\/www.facecorner.lv\\\/wp-content\\\/uploads\\\/2025\\\/01\\\/K-Beauty_Store_Giftcard-157.webp\",\"contentUrl\":\"https:\\\/\\\/www.facecorner.lv\\\/wp-content\\\/uploads\\\/2025\\\/01\\\/K-Beauty_Store_Giftcard-157.webp\",\"width\":1080,\"height\":1080,\"caption\":\"Anua 3 Ceramide Panthenol Moisture Barrier Cream\"},{\"@type\":\"BreadcrumbList\",\"@id\":\"https:\\\/\\\/www.facecorner.lv\\\/shop\\\/anua-3-ceramide-panthenol-moisture-barrier-cream-100ml\\\/#breadcrumb\",\"itemListElement\":[{\"@type\":\"ListItem\",\"position\":1,\"name\":\"Home\",\"item\":\"https:\\\/\\\/www.facecorner.lv\\\/\"},{\"@type\":\"ListItem\",\"position\":2,\"name\":\"Veikals\",\"item\":\"https:\\\/\\\/www.facecorner.lv\\\/shop\\\/\"},{\"@type\":\"ListItem\",\"position\":3,\"name\":\"Anua 3 Ceramide Panthenol Moisture Barrier Cream 100ml\"}]},{\"@type\":\"WebSite\",\"@id\":\"https:\\\/\\\/www.facecorner.lv\\\/#website\",\"url\":\"https:\\\/\\\/www.facecorner.lv\\\/\",\"name\":\"Facecorner\",\"description\":\"\",\"publisher\":{\"@id\":\"https:\\\/\\\/www.facecorner.lv\\\/#organization\"},\"potentialAction\":[{\"@type\":\"SearchAction\",\"target\":{\"@type\":\"EntryPoint\",\"urlTemplate\":\"https:\\\/\\\/www.facecorner.lv\\\/?s={search_term_string}\"},\"query-input\":{\"@type\":\"PropertyValueSpecification\",\"valueRequired\":true,\"valueName\":\"search_term_string\"}}],\"inLanguage\":\"en-US\"},{\"@type\":\"Organization\",\"@id\":\"https:\\\/\\\/www.facecorner.lv\\\/#organization\",\"name\":\"Facecorner\",\"url\":\"https:\\\/\\\/www.facecorner.lv\\\/\",\"logo\":{\"@type\":\"ImageObject\",\"inLanguage\":\"en-US\",\"@id\":\"https:\\\/\\\/www.facecorner.lv\\\/#\\\/schema\\\/logo\\\/image\\\/\",\"url\":\"https:\\\/\\\/www.facecorner.lv\\\/wp-content\\\/uploads\\\/2024\\\/04\\\/fc-logo.jpg\",\"contentUrl\":\"https:\\\/\\\/www.facecorner.lv\\\/wp-content\\\/uploads\\\/2024\\\/04\\\/fc-logo.jpg\",\"width\":174,\"height\":28,\"caption\":\"Facecorner\"},\"image\":{\"@id\":\"https:\\\/\\\/www.facecorner.lv\\\/#\\\/schema\\\/logo\\\/image\\\/\"},\"sameAs\":[\"https:\\\/\\\/www.facebook.com\\\/profile.php?id=100063824551839\",\"https:\\\/\\\/www.instagram.com\\\/facecorner_shop\\\/\"]}]}<\/script>\n<meta property=\"product:price:amount\" content=\"29.00\" \/>\n<meta property=\"product:price:currency\" content=\"EUR\" \/>\n<meta property=\"og:availability\" content=\"out of stock\" \/>\n<meta property=\"product:availability\" content=\"out of stock\" \/>\n<meta property=\"product:condition\" content=\"new\" \/>\n<!-- \/ Yoast SEO plugin. -->","yoast_head_json":{"title":"Anua 3 Ceramide Panthenol Moisture Barrier Cream 100ml - FACECORNER","description":"Anua 3 Ceramide Panthenol Moisture Barrier Cream uzlabo \u0101das aizsargsp\u0113jas un nostiprina hidrolip\u012bdu barjeru, samazinot \u0101das jut\u012bgumu.","robots":{"index":"index","follow":"follow","max-snippet":"max-snippet:-1","max-image-preview":"max-image-preview:large","max-video-preview":"max-video-preview:-1"},"canonical":"https:\/\/www.facecorner.lv\/en\/shop\/anua-3-ceramide-panthenol-moisture-barrier-cream-100ml\/","og_locale":"en_US","og_type":"article","og_title":"Anua 3 Ceramide Panthenol Moisture Barrier Cream 100ml - FACECORNER","og_description":"Anua 3 Ceramide Panthenol Moisture Barrier Cream uzlabo \u0101das aizsargsp\u0113jas un nostiprina hidrolip\u012bdu barjeru, samazinot \u0101das jut\u012bgumu.","og_url":"https:\/\/www.facecorner.lv\/en\/shop\/anua-3-ceramide-panthenol-moisture-barrier-cream-100ml\/","og_site_name":"FACECORNER","article_publisher":"https:\/\/www.facebook.com\/profile.php?id=100063824551839","article_modified_time":"2025-04-23T06:34:18+00:00","og_image":[{"width":1080,"height":1080,"url":"https:\/\/www.facecorner.lv\/wp-content\/uploads\/2025\/01\/K-Beauty_Store_Giftcard-157.webp","type":"image\/webp"}],"twitter_card":"summary_large_image","twitter_misc":{"Price":"&euro;29.00","Availability":"Out of stock"},"schema":{"@context":"https:\/\/schema.org","@graph":[{"@type":"WebPage","@id":"https:\/\/www.facecorner.lv\/shop\/anua-3-ceramide-panthenol-moisture-barrier-cream-100ml\/","url":"https:\/\/www.facecorner.lv\/shop\/anua-3-ceramide-panthenol-moisture-barrier-cream-100ml\/","name":"Anua 3 Ceramide Panthenol Moisture Barrier Cream 100ml - FACECORNER","isPartOf":{"@id":"https:\/\/www.facecorner.lv\/#website"},"primaryImageOfPage":{"@id":"https:\/\/www.facecorner.lv\/shop\/anua-3-ceramide-panthenol-moisture-barrier-cream-100ml\/#primaryimage"},"image":{"@id":"https:\/\/www.facecorner.lv\/shop\/anua-3-ceramide-panthenol-moisture-barrier-cream-100ml\/#primaryimage"},"thumbnailUrl":"https:\/\/www.facecorner.lv\/wp-content\/uploads\/2025\/01\/K-Beauty_Store_Giftcard-157.webp","datePublished":"2025-01-14T19:17:48+00:00","dateModified":"2025-04-23T06:34:18+00:00","description":"Anua 3 Ceramide Panthenol Moisture Barrier Cream uzlabo \u0101das aizsargsp\u0113jas un nostiprina hidrolip\u012bdu barjeru, samazinot \u0101das jut\u012bgumu.","breadcrumb":{"@id":"https:\/\/www.facecorner.lv\/shop\/anua-3-ceramide-panthenol-moisture-barrier-cream-100ml\/#breadcrumb"},"inLanguage":"en-US","potentialAction":[{"@type":"ReadAction","target":["https:\/\/www.facecorner.lv\/shop\/anua-3-ceramide-panthenol-moisture-barrier-cream-100ml\/"]}]},{"@type":"ImageObject","inLanguage":"en-US","@id":"https:\/\/www.facecorner.lv\/shop\/anua-3-ceramide-panthenol-moisture-barrier-cream-100ml\/#primaryimage","url":"https:\/\/www.facecorner.lv\/wp-content\/uploads\/2025\/01\/K-Beauty_Store_Giftcard-157.webp","contentUrl":"https:\/\/www.facecorner.lv\/wp-content\/uploads\/2025\/01\/K-Beauty_Store_Giftcard-157.webp","width":1080,"height":1080,"caption":"Anua 3 Ceramide Panthenol Moisture Barrier Cream"},{"@type":"BreadcrumbList","@id":"https:\/\/www.facecorner.lv\/shop\/anua-3-ceramide-panthenol-moisture-barrier-cream-100ml\/#breadcrumb","itemListElement":[{"@type":"ListItem","position":1,"name":"Home","item":"https:\/\/www.facecorner.lv\/"},{"@type":"ListItem","position":2,"name":"Veikals","item":"https:\/\/www.facecorner.lv\/shop\/"},{"@type":"ListItem","position":3,"name":"Anua 3 Ceramide Panthenol Moisture Barrier Cream 100ml"}]},{"@type":"WebSite","@id":"https:\/\/www.facecorner.lv\/#website","url":"https:\/\/www.facecorner.lv\/","name":"Facecorner","description":"","publisher":{"@id":"https:\/\/www.facecorner.lv\/#organization"},"potentialAction":[{"@type":"SearchAction","target":{"@type":"EntryPoint","urlTemplate":"https:\/\/www.facecorner.lv\/?s={search_term_string}"},"query-input":{"@type":"PropertyValueSpecification","valueRequired":true,"valueName":"search_term_string"}}],"inLanguage":"en-US"},{"@type":"Organization","@id":"https:\/\/www.facecorner.lv\/#organization","name":"Facecorner","url":"https:\/\/www.facecorner.lv\/","logo":{"@type":"ImageObject","inLanguage":"en-US","@id":"https:\/\/www.facecorner.lv\/#\/schema\/logo\/image\/","url":"https:\/\/www.facecorner.lv\/wp-content\/uploads\/2024\/04\/fc-logo.jpg","contentUrl":"https:\/\/www.facecorner.lv\/wp-content\/uploads\/2024\/04\/fc-logo.jpg","width":174,"height":28,"caption":"Facecorner"},"image":{"@id":"https:\/\/www.facecorner.lv\/#\/schema\/logo\/image\/"},"sameAs":["https:\/\/www.facebook.com\/profile.php?id=100063824551839","https:\/\/www.instagram.com\/facecorner_shop\/"]}]},"product_price_amount":"29.00","product_price_currency":"EUR","og_availability":"out of stock","product_availability":"out of stock","product_condition":"new"},"_links":{"self":[{"href":"https:\/\/www.facecorner.lv\/en\/wp-json\/wp\/v2\/product\/22936","targetHints":{"allow":["GET"]}}],"collection":[{"href":"https:\/\/www.facecorner.lv\/en\/wp-json\/wp\/v2\/product"}],"about":[{"href":"https:\/\/www.facecorner.lv\/en\/wp-json\/wp\/v2\/types\/product"}],"replies":[{"embeddable":true,"href":"https:\/\/www.facecorner.lv\/en\/wp-json\/wp\/v2\/comments?post=22936"}],"wp:featuredmedia":[{"embeddable":true,"href":"https:\/\/www.facecorner.lv\/en\/wp-json\/wp\/v2\/media\/22937"}],"wp:attachment":[{"href":"https:\/\/www.facecorner.lv\/en\/wp-json\/wp\/v2\/media?parent=22936"}],"wp:term":[{"taxonomy":"product_brand","embeddable":true,"href":"https:\/\/www.facecorner.lv\/en\/wp-json\/wp\/v2\/product_brand?post=22936"},{"taxonomy":"product_cat","embeddable":true,"href":"https:\/\/www.facecorner.lv\/en\/wp-json\/wp\/v2\/product_cat?post=22936"},{"taxonomy":"product_tag","embeddable":true,"href":"https:\/\/www.facecorner.lv\/en\/wp-json\/wp\/v2\/product_tag?post=22936"},{"taxonomy":"berocket_brand","embeddable":true,"href":"https:\/\/www.facecorner.lv\/en\/wp-json\/wp\/v2\/berocket_brand?post=22936"}],"curies":[{"name":"wp","href":"https:\/\/api.w.org\/{rel}","templated":true}]}}