{"id":22812,"date":"2025-01-02T23:47:02","date_gmt":"2025-01-02T20:47:02","guid":{"rendered":"https:\/\/www.facecorner.lv\/?post_type=product&#038;p=22812"},"modified":"2025-11-08T18:03:50","modified_gmt":"2025-11-08T15:03:50","slug":"vt-collagen-reedle-shot-100-2step-hydrogel-mask","status":"publish","type":"product","link":"https:\/\/www.facecorner.lv\/en\/shop\/vt-collagen-reedle-shot-100-2step-hydrogel-mask\/","title":{"rendered":"VT Cosmetics Collagen Reedle Shot 100 2-Step Mask"},"content":{"rendered":"<p><strong>VT Cosmetics Collagen Reedle Shot<\/strong> 100 2 so\u013cu hidrog\u0113la maska ir unik\u0101la kop\u0161anas sist\u0113ma, kas dzi\u013ci mitrina, nostiprina un atdz\u012bvina \u0101du. Inovat\u012bv\u0101 Reedle Shot\u2122 tehnolo\u0123ija un kolag\u0113na koncentr\u0101ts nodro\u0161ina liftinga efektu un uzlabo \u0101das strukt\u016bru.<\/p>\n<ul>\n<li>CicaReedle\u2122 \u2013 mikroadatu tehnolo\u0123ija, kas nog\u0101d\u0101 akt\u012bv\u0101s vielas dzi\u013cajos \u0101das sl\u0101\u0146os<\/li>\n<li>Cicahyalon\u2122 \u2013 centellas, za\u013c\u0101 propolisa un hialuronsk\u0101bes komplekss, nomierina un mitrina<\/li>\n<li>Hidroliz\u0113ts kolag\u0113ns \u2013 m\u012bkstina, izl\u012bdzina mikroreljefu, nodro\u0161ina dzi\u013cu mitrin\u0101\u0161anu, veicina grumbu samazin\u0101\u0161anos.<\/li>\n<li>Hidroliz\u0113ts elast\u012bns \u2013 nostiprina, atbalsta kolag\u0113na \u0161\u0137iedras, palielina audu elast\u012bbu, padara \u0101du elast\u012bgu un gludu.<\/li>\n<\/ul>\n<p><strong>Priek\u0161roc\u012bbas:<\/strong><\/p>\n<ul>\n<li>Uzlabo \u0101das strukt\u016bru<\/li>\n<li>Sa\u0161aurina poras<\/li>\n<li>Atjauno \u0101das tekst\u016bru un bl\u012bvumu<\/li>\n<li>Dzi\u013ci mitrina \u0101du un nov\u0113r\u0161 sausumu<\/li>\n<li>Palielina \u0101das elast\u012bbu un stingr\u012bbu<\/li>\n<li>Izl\u012bdzina \u0101das toni, nov\u0113r\u0161 bl\u0101vumu<\/li>\n<li>Izl\u012bdzina grumbu un uzlabo \u0101das strukt\u016bru<\/li>\n<\/ul>\n<p><strong>How to use:<\/strong> uzkl\u0101jiet maskas pirmo soli uz t\u012bras, sausas \u0101das un pagaidiet, l\u012bdz l\u012bdzeklis ies\u016bcas. No\u0146emiet hidrog\u0113la maskas pirmo da\u013cu un no\u0146emiet aizsargpl\u0113vi, uzlieciet uz sejas un stingri piespiediet. Atk\u0101rtojiet ar maskas otro da\u013cu. P\u0113c 20-40 min\u016bt\u0113m no\u0146emiet masku un maigi uzslaukiet atliku\u0161o esenci, lai pal\u012bdz\u0113tu tai ies\u016bkties, ja nepiecie\u0161ams, masku var patur\u0113t l\u012bdz pat 3 stund\u0101m. Ieteicams to lietot k\u0101 da\u013cu no vakara kop\u0161anas.<\/p>\n<p><strong>Sast\u0101vs:<\/strong> Water, Dipropylene Glycol, Niacinamide, Glycerin, Butylene Glycol, Macadamia Ternifolia Seed Oil, 1,2-Hexanediol, Ethylhexyl Palmitate, Sodium Acrylate\/Sodium Acryloyldimethyl Taurate Copolymer, Polyisobutene, Silica, Glycereth-26, Ammonium Acryloyldimethyltaurate\/VP Copolymer, Ethylhexylglycerin, Caprylyl Glycol, Xanthan Gum, Adenosine, Sodium Hyaluronate, Caprylyl\/Capryl Glucoside, Sorbitan Oleate, Tocopherol, Centella Asiatica Extract, Collagen Water (0.979 ppm), Milk Protein Extract, Collagen Extract (0.002 ppm), Madecassoside, Madecassic Acid, Asiaticoside, Asiatic Acid, Propolis Extract.<\/p>\n<p>Water, Dipropylene Glycol, Glycerin, Methylpropanediol, Cetyl Ethylhexanoate, Niacinamide, Ceratonia Siliqua (Carob) Gum, Chondrus Crispus Powder, Chondrus Crispus Extract, Glyceryl Stearate, Betaine, PEG-100 Stearate, Panthenol, Butylene Glycol, Centella Asiatica Extract, Paeonia Suffruticosa Root Extract, Cellulose Gum, Butyrospermum Parkii (Shea) Butter, 1,2-Hexanediol, Sodium Polyacrylate, Potassium Chloride, Polysorbate 60, Chamomilla Recutita (Matricaria) Flower Extract, Ethylhexylglycerin, Glyceryl Caprylate, Hydrogenated Polydecene, Sucrose, Disodium EDTA, Adenosine, Trideceth-6, Pantolactone, Hydrolyzed Gardenia Florida Extract, Maltodextrin, Collagen Extract, Silica, Propanediol, Hydroxyacetophenone, Alchemilla Vulgaris Extract, Sodium Hyaluronate, Beta-Glucan, Ferulic Acid, Sclerotium Gum, Leontopodium Alpinum Extract, Hieracium Pilosella Extract, Bellis Perennis (Daisy) Extract, Primula Veris Extract, Astaxanthin, Caprylic\/Capric Triglyceride, Hydrogenated Lecithin, Pentylene Glycol, Fullerenes, Polyglyceryl-10 Diisostearate, Propolis Extract, Asiaticoside, Madecassoside, Madecassic Acid, Asiatic Acid, PVP.<\/p>","protected":false},"excerpt":{"rendered":"<p>VT Cosmetics Collagen Reedle Shot 100 2 so\u013cu hidrog\u0113la maska ir unik\u0101la kop\u0161anas sist\u0113ma, kas dzi\u013ci mitrina, nostiprina un atdz\u012bvina \u0101du. Inovat\u012bv\u0101 Reedle Shot\u2122 tehnolo\u0123ija un kolag\u0113na koncentr\u0101ts nodro\u0161ina liftinga efektu un uzlabo \u0101das strukt\u016bru. CicaReedle\u2122 \u2013 mikroadatu tehnolo\u0123ija, kas nog\u0101d\u0101 akt\u012bv\u0101s vielas dzi\u013cajos \u0101das sl\u0101\u0146os Cicahyalon\u2122 \u2013 centellas, za\u013c\u0101 propolisa un hialuronsk\u0101bes komplekss, nomierina [&hellip;]<\/p>\n","protected":false},"featured_media":25835,"comment_status":"open","ping_status":"closed","template":"","meta":{"site-sidebar-layout":"default","site-content-layout":"","ast-site-content-layout":"default","site-content-style":"default","site-sidebar-style":"default","ast-global-header-display":"","ast-banner-title-visibility":"","ast-main-header-display":"","ast-hfb-above-header-display":"","ast-hfb-below-header-display":"","ast-hfb-mobile-header-display":"","site-post-title":"","ast-breadcrumbs-content":"","ast-featured-img":"","footer-sml-layout":"","theme-transparent-header-meta":"default","adv-header-id-meta":"","stick-header-meta":"","header-above-stick-meta":"","header-main-stick-meta":"","header-below-stick-meta":"","astra-migrate-meta-layouts":"set","ast-page-background-enabled":"default","ast-page-background-meta":{"desktop":{"background-color":"var(--ast-global-color-4)","background-image":"","background-repeat":"repeat","background-position":"center center","background-size":"auto","background-attachment":"scroll","background-type":"","background-media":"","overlay-type":"","overlay-color":"","overlay-opacity":"","overlay-gradient":""},"tablet":{"background-color":"","background-image":"","background-repeat":"repeat","background-position":"center center","background-size":"auto","background-attachment":"scroll","background-type":"","background-media":"","overlay-type":"","overlay-color":"","overlay-opacity":"","overlay-gradient":""},"mobile":{"background-color":"","background-image":"","background-repeat":"repeat","background-position":"center center","background-size":"auto","background-attachment":"scroll","background-type":"","background-media":"","overlay-type":"","overlay-color":"","overlay-opacity":"","overlay-gradient":""}},"ast-content-background-meta":{"desktop":{"background-color":"var(--ast-global-color-5)","background-image":"","background-repeat":"repeat","background-position":"center center","background-size":"auto","background-attachment":"scroll","background-type":"","background-media":"","overlay-type":"","overlay-color":"","overlay-opacity":"","overlay-gradient":""},"tablet":{"background-color":"var(--ast-global-color-5)","background-image":"","background-repeat":"repeat","background-position":"center center","background-size":"auto","background-attachment":"scroll","background-type":"","background-media":"","overlay-type":"","overlay-color":"","overlay-opacity":"","overlay-gradient":""},"mobile":{"background-color":"var(--ast-global-color-5)","background-image":"","background-repeat":"repeat","background-position":"center center","background-size":"auto","background-attachment":"scroll","background-type":"","background-media":"","overlay-type":"","overlay-color":"","overlay-opacity":"","overlay-gradient":""}}},"product_brand":[],"product_cat":[325,315,326],"product_tag":[],"berocket_brand":[582],"class_list":{"0":"post-22812","1":"product","2":"type-product","3":"status-publish","4":"has-post-thumbnail","6":"product_cat-hidrogela","7":"product_cat-maskas","8":"product_cat-mitrinosas","9":"berocket_brand-vt","10":"desktop-align-left","11":"tablet-align-left","12":"mobile-align-left","14":"first","15":"outofstock","16":"taxable","17":"shipping-taxable","18":"purchasable","19":"product-type-simple","20":"add-to-wishlist-before_image"},"yoast_head":"<!-- This site is optimized with the Yoast SEO plugin v27.4 - https:\/\/yoast.com\/product\/yoast-seo-wordpress\/ -->\n<title>VT Cosmetics Collagen Reedle Shot 100 2-Step Mask - FACECORNER<\/title>\n<meta name=\"robots\" content=\"index, follow, max-snippet:-1, max-image-preview:large, max-video-preview:-1\" \/>\n<link rel=\"canonical\" href=\"https:\/\/www.facecorner.lv\/en\/shop\/vt-collagen-reedle-shot-100-2step-hydrogel-mask\/\" \/>\n<meta property=\"og:locale\" content=\"en_US\" \/>\n<meta property=\"og:type\" content=\"article\" \/>\n<meta property=\"og:title\" content=\"VT Cosmetics Collagen Reedle Shot 100 2-Step Mask - FACECORNER\" \/>\n<meta property=\"og:description\" content=\"VT Cosmetics Collagen Reedle Shot 100 2 so\u013cu hidrog\u0113la maska ir unik\u0101la kop\u0161anas sist\u0113ma, kas dzi\u013ci mitrina, nostiprina un atdz\u012bvina \u0101du. Inovat\u012bv\u0101 Reedle Shot\u2122 tehnolo\u0123ija un kolag\u0113na koncentr\u0101ts nodro\u0161ina liftinga efektu un uzlabo \u0101das strukt\u016bru. CicaReedle\u2122 \u2013 mikroadatu tehnolo\u0123ija, kas nog\u0101d\u0101 akt\u012bv\u0101s vielas dzi\u013cajos \u0101das sl\u0101\u0146os Cicahyalon\u2122 \u2013 centellas, za\u013c\u0101 propolisa un hialuronsk\u0101bes komplekss, nomierina [&hellip;]\" \/>\n<meta property=\"og:url\" content=\"https:\/\/www.facecorner.lv\/en\/shop\/vt-collagen-reedle-shot-100-2step-hydrogel-mask\/\" \/>\n<meta property=\"og:site_name\" content=\"FACECORNER\" \/>\n<meta property=\"article:publisher\" content=\"https:\/\/www.facebook.com\/profile.php?id=100063824551839\" \/>\n<meta property=\"article:modified_time\" content=\"2025-11-08T15:03:50+00:00\" \/>\n<meta property=\"og:image\" content=\"https:\/\/www.facecorner.lv\/wp-content\/uploads\/2025\/01\/VTCosmeticsCollagenReedleShot1002StepMask1pc_6_250x@2x.webp\" \/>\n\t<meta property=\"og:image:width\" content=\"500\" \/>\n\t<meta property=\"og:image:height\" content=\"500\" \/>\n\t<meta property=\"og:image:type\" content=\"image\/webp\" \/>\n<meta name=\"twitter:card\" content=\"summary_large_image\" \/>\n<meta name=\"twitter:label1\" content=\"Price\" \/>\n\t<meta name=\"twitter:data1\" content=\"&euro;3.50\" \/>\n\t<meta name=\"twitter:label2\" content=\"Availability\" \/>\n\t<meta name=\"twitter:data2\" content=\"Out of stock\" \/>\n<script type=\"application\/ld+json\" class=\"yoast-schema-graph\">{\"@context\":\"https:\\\/\\\/schema.org\",\"@graph\":[{\"@type\":\"WebPage\",\"@id\":\"https:\\\/\\\/www.facecorner.lv\\\/shop\\\/vt-collagen-reedle-shot-100-2step-hydrogel-mask\\\/\",\"url\":\"https:\\\/\\\/www.facecorner.lv\\\/shop\\\/vt-collagen-reedle-shot-100-2step-hydrogel-mask\\\/\",\"name\":\"VT Cosmetics Collagen Reedle Shot 100 2-Step Mask - FACECORNER\",\"isPartOf\":{\"@id\":\"https:\\\/\\\/www.facecorner.lv\\\/#website\"},\"primaryImageOfPage\":{\"@id\":\"https:\\\/\\\/www.facecorner.lv\\\/shop\\\/vt-collagen-reedle-shot-100-2step-hydrogel-mask\\\/#primaryimage\"},\"image\":{\"@id\":\"https:\\\/\\\/www.facecorner.lv\\\/shop\\\/vt-collagen-reedle-shot-100-2step-hydrogel-mask\\\/#primaryimage\"},\"thumbnailUrl\":\"https:\\\/\\\/www.facecorner.lv\\\/wp-content\\\/uploads\\\/2025\\\/01\\\/VTCosmeticsCollagenReedleShot1002StepMask1pc_6_250x@2x.webp\",\"datePublished\":\"2025-01-02T20:47:02+00:00\",\"dateModified\":\"2025-11-08T15:03:50+00:00\",\"breadcrumb\":{\"@id\":\"https:\\\/\\\/www.facecorner.lv\\\/shop\\\/vt-collagen-reedle-shot-100-2step-hydrogel-mask\\\/#breadcrumb\"},\"inLanguage\":\"en-US\",\"potentialAction\":[{\"@type\":\"ReadAction\",\"target\":[\"https:\\\/\\\/www.facecorner.lv\\\/shop\\\/vt-collagen-reedle-shot-100-2step-hydrogel-mask\\\/\"]}]},{\"@type\":\"ImageObject\",\"inLanguage\":\"en-US\",\"@id\":\"https:\\\/\\\/www.facecorner.lv\\\/shop\\\/vt-collagen-reedle-shot-100-2step-hydrogel-mask\\\/#primaryimage\",\"url\":\"https:\\\/\\\/www.facecorner.lv\\\/wp-content\\\/uploads\\\/2025\\\/01\\\/VTCosmeticsCollagenReedleShot1002StepMask1pc_6_250x@2x.webp\",\"contentUrl\":\"https:\\\/\\\/www.facecorner.lv\\\/wp-content\\\/uploads\\\/2025\\\/01\\\/VTCosmeticsCollagenReedleShot1002StepMask1pc_6_250x@2x.webp\",\"width\":500,\"height\":500,\"caption\":\"VT Cosmetics Collagen Reedle Shot 100 2-Step Mask\"},{\"@type\":\"BreadcrumbList\",\"@id\":\"https:\\\/\\\/www.facecorner.lv\\\/shop\\\/vt-collagen-reedle-shot-100-2step-hydrogel-mask\\\/#breadcrumb\",\"itemListElement\":[{\"@type\":\"ListItem\",\"position\":1,\"name\":\"Home\",\"item\":\"https:\\\/\\\/www.facecorner.lv\\\/\"},{\"@type\":\"ListItem\",\"position\":2,\"name\":\"Veikals\",\"item\":\"https:\\\/\\\/www.facecorner.lv\\\/shop\\\/\"},{\"@type\":\"ListItem\",\"position\":3,\"name\":\"VT Cosmetics Collagen Reedle Shot 100 2-Step Mask\"}]},{\"@type\":\"WebSite\",\"@id\":\"https:\\\/\\\/www.facecorner.lv\\\/#website\",\"url\":\"https:\\\/\\\/www.facecorner.lv\\\/\",\"name\":\"Facecorner\",\"description\":\"\",\"publisher\":{\"@id\":\"https:\\\/\\\/www.facecorner.lv\\\/#organization\"},\"potentialAction\":[{\"@type\":\"SearchAction\",\"target\":{\"@type\":\"EntryPoint\",\"urlTemplate\":\"https:\\\/\\\/www.facecorner.lv\\\/?s={search_term_string}\"},\"query-input\":{\"@type\":\"PropertyValueSpecification\",\"valueRequired\":true,\"valueName\":\"search_term_string\"}}],\"inLanguage\":\"en-US\"},{\"@type\":\"Organization\",\"@id\":\"https:\\\/\\\/www.facecorner.lv\\\/#organization\",\"name\":\"Facecorner\",\"url\":\"https:\\\/\\\/www.facecorner.lv\\\/\",\"logo\":{\"@type\":\"ImageObject\",\"inLanguage\":\"en-US\",\"@id\":\"https:\\\/\\\/www.facecorner.lv\\\/#\\\/schema\\\/logo\\\/image\\\/\",\"url\":\"https:\\\/\\\/www.facecorner.lv\\\/wp-content\\\/uploads\\\/2024\\\/04\\\/fc-logo.jpg\",\"contentUrl\":\"https:\\\/\\\/www.facecorner.lv\\\/wp-content\\\/uploads\\\/2024\\\/04\\\/fc-logo.jpg\",\"width\":174,\"height\":28,\"caption\":\"Facecorner\"},\"image\":{\"@id\":\"https:\\\/\\\/www.facecorner.lv\\\/#\\\/schema\\\/logo\\\/image\\\/\"},\"sameAs\":[\"https:\\\/\\\/www.facebook.com\\\/profile.php?id=100063824551839\",\"https:\\\/\\\/www.instagram.com\\\/facecorner_shop\\\/\"]}]}<\/script>\n<meta property=\"product:price:amount\" content=\"3.50\" \/>\n<meta property=\"product:price:currency\" content=\"EUR\" \/>\n<meta property=\"og:availability\" content=\"out of stock\" \/>\n<meta property=\"product:availability\" content=\"out of stock\" \/>\n<meta property=\"product:condition\" content=\"new\" \/>\n<!-- \/ Yoast SEO plugin. -->","yoast_head_json":{"title":"VT Cosmetics Collagen Reedle Shot 100 2-Step Mask - FACECORNER","robots":{"index":"index","follow":"follow","max-snippet":"max-snippet:-1","max-image-preview":"max-image-preview:large","max-video-preview":"max-video-preview:-1"},"canonical":"https:\/\/www.facecorner.lv\/en\/shop\/vt-collagen-reedle-shot-100-2step-hydrogel-mask\/","og_locale":"en_US","og_type":"article","og_title":"VT Cosmetics Collagen Reedle Shot 100 2-Step Mask - FACECORNER","og_description":"VT Cosmetics Collagen Reedle Shot 100 2 so\u013cu hidrog\u0113la maska ir unik\u0101la kop\u0161anas sist\u0113ma, kas dzi\u013ci mitrina, nostiprina un atdz\u012bvina \u0101du. Inovat\u012bv\u0101 Reedle Shot\u2122 tehnolo\u0123ija un kolag\u0113na koncentr\u0101ts nodro\u0161ina liftinga efektu un uzlabo \u0101das strukt\u016bru. CicaReedle\u2122 \u2013 mikroadatu tehnolo\u0123ija, kas nog\u0101d\u0101 akt\u012bv\u0101s vielas dzi\u013cajos \u0101das sl\u0101\u0146os Cicahyalon\u2122 \u2013 centellas, za\u013c\u0101 propolisa un hialuronsk\u0101bes komplekss, nomierina [&hellip;]","og_url":"https:\/\/www.facecorner.lv\/en\/shop\/vt-collagen-reedle-shot-100-2step-hydrogel-mask\/","og_site_name":"FACECORNER","article_publisher":"https:\/\/www.facebook.com\/profile.php?id=100063824551839","article_modified_time":"2025-11-08T15:03:50+00:00","og_image":[{"width":500,"height":500,"url":"https:\/\/www.facecorner.lv\/wp-content\/uploads\/2025\/01\/VTCosmeticsCollagenReedleShot1002StepMask1pc_6_250x@2x.webp","type":"image\/webp"}],"twitter_card":"summary_large_image","twitter_misc":{"Price":"&euro;3.50","Availability":"Out of stock"},"schema":{"@context":"https:\/\/schema.org","@graph":[{"@type":"WebPage","@id":"https:\/\/www.facecorner.lv\/shop\/vt-collagen-reedle-shot-100-2step-hydrogel-mask\/","url":"https:\/\/www.facecorner.lv\/shop\/vt-collagen-reedle-shot-100-2step-hydrogel-mask\/","name":"VT Cosmetics Collagen Reedle Shot 100 2-Step Mask - FACECORNER","isPartOf":{"@id":"https:\/\/www.facecorner.lv\/#website"},"primaryImageOfPage":{"@id":"https:\/\/www.facecorner.lv\/shop\/vt-collagen-reedle-shot-100-2step-hydrogel-mask\/#primaryimage"},"image":{"@id":"https:\/\/www.facecorner.lv\/shop\/vt-collagen-reedle-shot-100-2step-hydrogel-mask\/#primaryimage"},"thumbnailUrl":"https:\/\/www.facecorner.lv\/wp-content\/uploads\/2025\/01\/VTCosmeticsCollagenReedleShot1002StepMask1pc_6_250x@2x.webp","datePublished":"2025-01-02T20:47:02+00:00","dateModified":"2025-11-08T15:03:50+00:00","breadcrumb":{"@id":"https:\/\/www.facecorner.lv\/shop\/vt-collagen-reedle-shot-100-2step-hydrogel-mask\/#breadcrumb"},"inLanguage":"en-US","potentialAction":[{"@type":"ReadAction","target":["https:\/\/www.facecorner.lv\/shop\/vt-collagen-reedle-shot-100-2step-hydrogel-mask\/"]}]},{"@type":"ImageObject","inLanguage":"en-US","@id":"https:\/\/www.facecorner.lv\/shop\/vt-collagen-reedle-shot-100-2step-hydrogel-mask\/#primaryimage","url":"https:\/\/www.facecorner.lv\/wp-content\/uploads\/2025\/01\/VTCosmeticsCollagenReedleShot1002StepMask1pc_6_250x@2x.webp","contentUrl":"https:\/\/www.facecorner.lv\/wp-content\/uploads\/2025\/01\/VTCosmeticsCollagenReedleShot1002StepMask1pc_6_250x@2x.webp","width":500,"height":500,"caption":"VT Cosmetics Collagen Reedle Shot 100 2-Step Mask"},{"@type":"BreadcrumbList","@id":"https:\/\/www.facecorner.lv\/shop\/vt-collagen-reedle-shot-100-2step-hydrogel-mask\/#breadcrumb","itemListElement":[{"@type":"ListItem","position":1,"name":"Home","item":"https:\/\/www.facecorner.lv\/"},{"@type":"ListItem","position":2,"name":"Veikals","item":"https:\/\/www.facecorner.lv\/shop\/"},{"@type":"ListItem","position":3,"name":"VT Cosmetics Collagen Reedle Shot 100 2-Step Mask"}]},{"@type":"WebSite","@id":"https:\/\/www.facecorner.lv\/#website","url":"https:\/\/www.facecorner.lv\/","name":"Facecorner","description":"","publisher":{"@id":"https:\/\/www.facecorner.lv\/#organization"},"potentialAction":[{"@type":"SearchAction","target":{"@type":"EntryPoint","urlTemplate":"https:\/\/www.facecorner.lv\/?s={search_term_string}"},"query-input":{"@type":"PropertyValueSpecification","valueRequired":true,"valueName":"search_term_string"}}],"inLanguage":"en-US"},{"@type":"Organization","@id":"https:\/\/www.facecorner.lv\/#organization","name":"Facecorner","url":"https:\/\/www.facecorner.lv\/","logo":{"@type":"ImageObject","inLanguage":"en-US","@id":"https:\/\/www.facecorner.lv\/#\/schema\/logo\/image\/","url":"https:\/\/www.facecorner.lv\/wp-content\/uploads\/2024\/04\/fc-logo.jpg","contentUrl":"https:\/\/www.facecorner.lv\/wp-content\/uploads\/2024\/04\/fc-logo.jpg","width":174,"height":28,"caption":"Facecorner"},"image":{"@id":"https:\/\/www.facecorner.lv\/#\/schema\/logo\/image\/"},"sameAs":["https:\/\/www.facebook.com\/profile.php?id=100063824551839","https:\/\/www.instagram.com\/facecorner_shop\/"]}]},"product_price_amount":"3.50","product_price_currency":"EUR","og_availability":"out of stock","product_availability":"out of stock","product_condition":"new"},"_links":{"self":[{"href":"https:\/\/www.facecorner.lv\/en\/wp-json\/wp\/v2\/product\/22812","targetHints":{"allow":["GET"]}}],"collection":[{"href":"https:\/\/www.facecorner.lv\/en\/wp-json\/wp\/v2\/product"}],"about":[{"href":"https:\/\/www.facecorner.lv\/en\/wp-json\/wp\/v2\/types\/product"}],"replies":[{"embeddable":true,"href":"https:\/\/www.facecorner.lv\/en\/wp-json\/wp\/v2\/comments?post=22812"}],"wp:featuredmedia":[{"embeddable":true,"href":"https:\/\/www.facecorner.lv\/en\/wp-json\/wp\/v2\/media\/25835"}],"wp:attachment":[{"href":"https:\/\/www.facecorner.lv\/en\/wp-json\/wp\/v2\/media?parent=22812"}],"wp:term":[{"taxonomy":"product_brand","embeddable":true,"href":"https:\/\/www.facecorner.lv\/en\/wp-json\/wp\/v2\/product_brand?post=22812"},{"taxonomy":"product_cat","embeddable":true,"href":"https:\/\/www.facecorner.lv\/en\/wp-json\/wp\/v2\/product_cat?post=22812"},{"taxonomy":"product_tag","embeddable":true,"href":"https:\/\/www.facecorner.lv\/en\/wp-json\/wp\/v2\/product_tag?post=22812"},{"taxonomy":"berocket_brand","embeddable":true,"href":"https:\/\/www.facecorner.lv\/en\/wp-json\/wp\/v2\/berocket_brand?post=22812"}],"curies":[{"name":"wp","href":"https:\/\/api.w.org\/{rel}","templated":true}]}}