{"id":22658,"date":"2024-12-13T14:40:05","date_gmt":"2024-12-13T11:40:05","guid":{"rendered":"https:\/\/www.facecorner.lv\/?post_type=product&#038;p=22658"},"modified":"2025-09-18T15:35:06","modified_gmt":"2025-09-18T12:35:06","slug":"vt-cosmetics-reti-a-reedle-shot-100-50ml","status":"publish","type":"product","link":"https:\/\/www.facecorner.lv\/en\/shop\/vt-cosmetics-reti-a-reedle-shot-100-50ml\/","title":{"rendered":"VT Cosmetics Reti-A Reedle Shot 100 50ml"},"content":{"rendered":"<p>VT Cosmetics Reti-A Reedle Shot 100\u00a0 serums stimul\u0113 \u0161\u016bnu atjauno\u0161anos, kas izl\u012bdzina reljefu: samazina grumbi\u0146as un poras, mazina pigment\u0101ciju, c\u012bn\u0101s pret p\u0113pne.<\/p>\n<p>Padara \u0101du gludu, tvirt\u0101ku un starojo\u0161\u0101ku, k\u0101 ar\u012b pastiprina \u0161\u0101du kop\u0161anas l\u012bdzek\u013cu iedarb\u012bbu. Tam ir viegla emulsijas tekst\u016bra, uzkl\u0101\u0161anas br\u012bd\u012b mitrina.<\/p>\n<p>Satur Cica Reedle\u2122 akt\u012bvo vielu pieg\u0101des sist\u0113mu, kas ir silikona mikro\u0161\u0137iedra, kas satur Centella asiatica ekstraktu. Cica Reedle\u2122 eksfoli\u0113 raga sl\u0101ni un pa\u0101trina akt\u012bvo sast\u0101vda\u013cu iedarb\u012bbu.<\/p>\n<p><strong>Main active ingredients:<\/strong><\/p>\n<ul>\n<li>Reti-A (retinols, hidroksipinakolona retino\u0101ts) &#8211; 2 A vitam\u012bna formas, kas pastiprina viena otras iedarb\u012bbu. Retinols veicina \u0161\u016bnu atjauno\u0161anos, normaliz\u0113 sebuma sekr\u0113ciju, c\u012bn\u0101s pret pinn\u0113m, samazina grumbu dzi\u013cumu un izl\u012bdzina tonusu.<\/li>\n<li>Cicahyalon\u2122 &#8211; komplekss, kas sast\u0101v no za\u013c\u0101 propolisa ekstrakta, centellas kompleksa (madekasos\u012bda, madekassk\u0101bes, asiatikos\u012bda un asiatisk\u0101s sk\u0101bes) un hialuronsk\u0101bes. Nomierina un mitrina, mazina aps\u0101rtumu un kairin\u0101jumu, k\u0101 ar\u012b dzied\u0113.<\/li>\n<li>Baku\u010diols &#8211; augu viela, kuras iedarb\u012bba ir l\u012bdz\u012bga retinola iedarb\u012bbai: stimul\u0113 \u0101das atjauno\u0161anos, padara \u0101du glud\u0101ku un vienm\u0113r\u012bg\u0101ku. Neizraisa kairin\u0101jumu.<\/li>\n<li>Beta-karot\u012bns &#8211; A vitam\u012bna augu forma, sp\u0113c\u012bgs antioksidants, aizsarg\u0101 \u0161\u016bnas no oksid\u0113\u0161an\u0101s un stimul\u0113 atjauno\u0161anos.<\/li>\n<li>Kafijas, za\u013c\u0101s t\u0113jas un v\u012bnogu ekstrakti satur polifenolus, tiem piem\u012bt antioksidanta iedarb\u012bba, pagarina \u0161\u016bnu jaun\u012bbu.<\/li>\n<\/ul>\n<p><strong>How to use:<\/strong> vakara kop\u0161anas laik\u0101 uz iepriek\u0161 att\u012br\u012btas \u0101das uzkl\u0101jiet nepiecie\u0161amo produkta daudzumu, izkl\u0101jiet ar pirkstiem un pagaidiet, l\u012bdz piln\u012bb\u0101 ies\u016bcas. Turpiniet kop\u0161anu ar toniz\u0113\u0161anas un mitrin\u0101\u0161anas posmiem. Dienas laik\u0101 lietot saules aizsargkr\u0113mu SPF50 PA++++.<\/p>\n<p><strong>Uzman\u012bbu! Booster Serum p\u0113c lieto\u0161anas var izrais\u012bt tirp\u0161anas saj\u016btu.<\/strong><\/p>\n<p><strong>Precautions:<\/strong> nelietot vienlaikus ar p\u012blingiem vai skrubjiem, k\u0101 ar\u012b ar produktiem, kuru sast\u0101v\u0101 ir retinols, AHA, BHA, C vitam\u012bns liel\u0101 koncentr\u0101cij\u0101. Nav ieteicams lietot p\u0113c dermatolo\u0123isk\u0101m proced\u016br\u0101m, kas traum\u0113 epidermas raga sl\u0101ni: p\u012blings, apar\u0101tisk\u0101 kosmetolo\u0123ija, injekcijas.<\/p>\n<p><strong>Ingredientes:<\/strong> Water, Dipropylene Glycol, Glycerin, Niacinamide, Butylene Glycol, Macadamia Ternifolia Seed Oil, Dimethyl isosorbide, 1,2-Hexanediol, Ethylhexyl Palmitate, Sodium Polyacrylate, Sodium Acrylate\/Sodium Acryloyldimethyl Taurate Copolymer, Glyceryl Stearate, Polyglyceryl-6 Stearate, Polyisobutene, Silica, Hydroxypinacolone Retinoate (1,000 ppm), Allantoin, Glycereth-26, Ethylhexylglycerin, Caprylyl Glycol, Xanthan Gum, Dipotassium Glycyrrhizate, Adenosine, Caprylyl\/Capryl Glucoside, Sorbitan Oleate, Polyglyceryl-6 Behenate, Sodium Hyaluronate, Lecithin, Polysorbate 20, Centella Asiatica Extract, Retinol (10 ppm), Bakuchiol, Helianthus Annuus (Sunflower) Seed Oil, Beta-Carotene, Propolis Extract, Diospyros Kaki Leaf Extract, Vitis Vinifera (Grape) Fruit Extract, Coffea Arabica (Coffee) Seed Extract, Carthamus Tinctorius (Safflower) Flower Extract, Polygonum Cuspidatum Root Extract, Asiaticoside, Castanea Crenata (Chestnut) Shell Extract, Camellia Sinensis Leaf Extract, Zanthoxylum Piperitum Fruit Extract, Madecassoside, Madecassic Acid, Asiatic Acid<\/p>","protected":false},"excerpt":{"rendered":"<p>VT Cosmetics Reti-A Reedle Shot 100\u00a0 serums stimul\u0113 \u0161\u016bnu atjauno\u0161anos, kas izl\u012bdzina reljefu: samazina grumbi\u0146as un poras, mazina pigment\u0101ciju, c\u012bn\u0101s pret p\u0113pne.<\/p>","protected":false},"featured_media":22659,"comment_status":"open","ping_status":"closed","template":"","meta":{"site-sidebar-layout":"default","site-content-layout":"","ast-site-content-layout":"default","site-content-style":"default","site-sidebar-style":"default","ast-global-header-display":"","ast-banner-title-visibility":"","ast-main-header-display":"","ast-hfb-above-header-display":"","ast-hfb-below-header-display":"","ast-hfb-mobile-header-display":"","site-post-title":"","ast-breadcrumbs-content":"","ast-featured-img":"","footer-sml-layout":"","theme-transparent-header-meta":"default","adv-header-id-meta":"","stick-header-meta":"","header-above-stick-meta":"","header-main-stick-meta":"","header-below-stick-meta":"","astra-migrate-meta-layouts":"set","ast-page-background-enabled":"default","ast-page-background-meta":{"desktop":{"background-color":"var(--ast-global-color-4)","background-image":"","background-repeat":"repeat","background-position":"center center","background-size":"auto","background-attachment":"scroll","background-type":"","background-media":"","overlay-type":"","overlay-color":"","overlay-opacity":"","overlay-gradient":""},"tablet":{"background-color":"","background-image":"","background-repeat":"repeat","background-position":"center center","background-size":"auto","background-attachment":"scroll","background-type":"","background-media":"","overlay-type":"","overlay-color":"","overlay-opacity":"","overlay-gradient":""},"mobile":{"background-color":"","background-image":"","background-repeat":"repeat","background-position":"center center","background-size":"auto","background-attachment":"scroll","background-type":"","background-media":"","overlay-type":"","overlay-color":"","overlay-opacity":"","overlay-gradient":""}},"ast-content-background-meta":{"desktop":{"background-color":"var(--ast-global-color-5)","background-image":"","background-repeat":"repeat","background-position":"center center","background-size":"auto","background-attachment":"scroll","background-type":"","background-media":"","overlay-type":"","overlay-color":"","overlay-opacity":"","overlay-gradient":""},"tablet":{"background-color":"var(--ast-global-color-5)","background-image":"","background-repeat":"repeat","background-position":"center center","background-size":"auto","background-attachment":"scroll","background-type":"","background-media":"","overlay-type":"","overlay-color":"","overlay-opacity":"","overlay-gradient":""},"mobile":{"background-color":"var(--ast-global-color-5)","background-image":"","background-repeat":"repeat","background-position":"center center","background-size":"auto","background-attachment":"scroll","background-type":"","background-media":"","overlay-type":"","overlay-color":"","overlay-opacity":"","overlay-gradient":""}}},"product_brand":[],"product_cat":[371,373,363],"product_tag":[],"berocket_brand":[582],"class_list":{"0":"post-22658","1":"product","2":"type-product","3":"status-publish","4":"has-post-thumbnail","6":"product_cat-anti-age","7":"product_cat-poras-sasaurinoss","8":"product_cat-serumi","9":"berocket_brand-vt","10":"desktop-align-left","11":"tablet-align-left","12":"mobile-align-left","14":"first","15":"outofstock","16":"taxable","17":"shipping-taxable","18":"purchasable","19":"product-type-simple","20":"add-to-wishlist-before_image"},"yoast_head":"<!-- This site is optimized with the Yoast SEO plugin v27.4 - https:\/\/yoast.com\/product\/yoast-seo-wordpress\/ -->\n<title>VT Cosmetics Reti-A Reedle Shot 100 50ml - FACECORNER<\/title>\n<meta name=\"description\" content=\"\u00a0VT Cosmetics Reti-A Reedle Shot 100\u00a0 serums stimul\u0113 \u0161\u016bnu atjauno\u0161anos, kas izl\u012bdzina reljefu: samazina grumbi\u0146as un poras, mazina pigment\u0101ciju\" \/>\n<meta name=\"robots\" content=\"index, follow, max-snippet:-1, max-image-preview:large, max-video-preview:-1\" \/>\n<link rel=\"canonical\" href=\"https:\/\/www.facecorner.lv\/en\/shop\/vt-cosmetics-reti-a-reedle-shot-100-50ml\/\" \/>\n<meta property=\"og:locale\" content=\"en_US\" \/>\n<meta property=\"og:type\" content=\"article\" \/>\n<meta property=\"og:title\" content=\"VT Cosmetics Reti-A Reedle Shot 100 50ml - FACECORNER\" \/>\n<meta property=\"og:description\" content=\"\u00a0VT Cosmetics Reti-A Reedle Shot 100\u00a0 serums stimul\u0113 \u0161\u016bnu atjauno\u0161anos, kas izl\u012bdzina reljefu: samazina grumbi\u0146as un poras, mazina pigment\u0101ciju\" \/>\n<meta property=\"og:url\" content=\"https:\/\/www.facecorner.lv\/en\/shop\/vt-cosmetics-reti-a-reedle-shot-100-50ml\/\" \/>\n<meta property=\"og:site_name\" content=\"FACECORNER\" \/>\n<meta property=\"article:publisher\" content=\"https:\/\/www.facebook.com\/profile.php?id=100063824551839\" \/>\n<meta property=\"article:modified_time\" content=\"2025-09-18T12:35:06+00:00\" \/>\n<meta property=\"og:image\" content=\"https:\/\/www.facecorner.lv\/wp-content\/uploads\/2024\/12\/VT_Cosmetics_Reti-A_Reedle_Shot_100-94a7ff166dd1cc8e52235a5176f15373.webp\" \/>\n\t<meta property=\"og:image:width\" content=\"500\" \/>\n\t<meta property=\"og:image:height\" content=\"500\" \/>\n\t<meta property=\"og:image:type\" content=\"image\/webp\" \/>\n<meta name=\"twitter:card\" content=\"summary_large_image\" \/>\n<meta name=\"twitter:label1\" content=\"Price\" \/>\n\t<meta name=\"twitter:data1\" content=\"&euro;36.90\" \/>\n\t<meta name=\"twitter:label2\" content=\"Availability\" \/>\n\t<meta name=\"twitter:data2\" content=\"Out of stock\" \/>\n<script type=\"application\/ld+json\" class=\"yoast-schema-graph\">{\"@context\":\"https:\\\/\\\/schema.org\",\"@graph\":[{\"@type\":\"WebPage\",\"@id\":\"https:\\\/\\\/www.facecorner.lv\\\/shop\\\/vt-cosmetics-reti-a-reedle-shot-100-50ml\\\/\",\"url\":\"https:\\\/\\\/www.facecorner.lv\\\/shop\\\/vt-cosmetics-reti-a-reedle-shot-100-50ml\\\/\",\"name\":\"VT Cosmetics Reti-A Reedle Shot 100 50ml - FACECORNER\",\"isPartOf\":{\"@id\":\"https:\\\/\\\/www.facecorner.lv\\\/#website\"},\"primaryImageOfPage\":{\"@id\":\"https:\\\/\\\/www.facecorner.lv\\\/shop\\\/vt-cosmetics-reti-a-reedle-shot-100-50ml\\\/#primaryimage\"},\"image\":{\"@id\":\"https:\\\/\\\/www.facecorner.lv\\\/shop\\\/vt-cosmetics-reti-a-reedle-shot-100-50ml\\\/#primaryimage\"},\"thumbnailUrl\":\"https:\\\/\\\/www.facecorner.lv\\\/wp-content\\\/uploads\\\/2024\\\/12\\\/VT_Cosmetics_Reti-A_Reedle_Shot_100-94a7ff166dd1cc8e52235a5176f15373.webp\",\"datePublished\":\"2024-12-13T11:40:05+00:00\",\"dateModified\":\"2025-09-18T12:35:06+00:00\",\"description\":\"\u00a0VT Cosmetics Reti-A Reedle Shot 100\u00a0 serums stimul\u0113 \u0161\u016bnu atjauno\u0161anos, kas izl\u012bdzina reljefu: samazina grumbi\u0146as un poras, mazina pigment\u0101ciju\",\"breadcrumb\":{\"@id\":\"https:\\\/\\\/www.facecorner.lv\\\/shop\\\/vt-cosmetics-reti-a-reedle-shot-100-50ml\\\/#breadcrumb\"},\"inLanguage\":\"en-US\",\"potentialAction\":[{\"@type\":\"ReadAction\",\"target\":[\"https:\\\/\\\/www.facecorner.lv\\\/shop\\\/vt-cosmetics-reti-a-reedle-shot-100-50ml\\\/\"]}]},{\"@type\":\"ImageObject\",\"inLanguage\":\"en-US\",\"@id\":\"https:\\\/\\\/www.facecorner.lv\\\/shop\\\/vt-cosmetics-reti-a-reedle-shot-100-50ml\\\/#primaryimage\",\"url\":\"https:\\\/\\\/www.facecorner.lv\\\/wp-content\\\/uploads\\\/2024\\\/12\\\/VT_Cosmetics_Reti-A_Reedle_Shot_100-94a7ff166dd1cc8e52235a5176f15373.webp\",\"contentUrl\":\"https:\\\/\\\/www.facecorner.lv\\\/wp-content\\\/uploads\\\/2024\\\/12\\\/VT_Cosmetics_Reti-A_Reedle_Shot_100-94a7ff166dd1cc8e52235a5176f15373.webp\",\"width\":500,\"height\":500,\"caption\":\"VT Cosmetics Reti-A Reedle Shot 100\"},{\"@type\":\"BreadcrumbList\",\"@id\":\"https:\\\/\\\/www.facecorner.lv\\\/shop\\\/vt-cosmetics-reti-a-reedle-shot-100-50ml\\\/#breadcrumb\",\"itemListElement\":[{\"@type\":\"ListItem\",\"position\":1,\"name\":\"Home\",\"item\":\"https:\\\/\\\/www.facecorner.lv\\\/\"},{\"@type\":\"ListItem\",\"position\":2,\"name\":\"Veikals\",\"item\":\"https:\\\/\\\/www.facecorner.lv\\\/shop\\\/\"},{\"@type\":\"ListItem\",\"position\":3,\"name\":\"VT Cosmetics Reti-A Reedle Shot 100 50ml\"}]},{\"@type\":\"WebSite\",\"@id\":\"https:\\\/\\\/www.facecorner.lv\\\/#website\",\"url\":\"https:\\\/\\\/www.facecorner.lv\\\/\",\"name\":\"Facecorner\",\"description\":\"\",\"publisher\":{\"@id\":\"https:\\\/\\\/www.facecorner.lv\\\/#organization\"},\"potentialAction\":[{\"@type\":\"SearchAction\",\"target\":{\"@type\":\"EntryPoint\",\"urlTemplate\":\"https:\\\/\\\/www.facecorner.lv\\\/?s={search_term_string}\"},\"query-input\":{\"@type\":\"PropertyValueSpecification\",\"valueRequired\":true,\"valueName\":\"search_term_string\"}}],\"inLanguage\":\"en-US\"},{\"@type\":\"Organization\",\"@id\":\"https:\\\/\\\/www.facecorner.lv\\\/#organization\",\"name\":\"Facecorner\",\"url\":\"https:\\\/\\\/www.facecorner.lv\\\/\",\"logo\":{\"@type\":\"ImageObject\",\"inLanguage\":\"en-US\",\"@id\":\"https:\\\/\\\/www.facecorner.lv\\\/#\\\/schema\\\/logo\\\/image\\\/\",\"url\":\"https:\\\/\\\/www.facecorner.lv\\\/wp-content\\\/uploads\\\/2024\\\/04\\\/fc-logo.jpg\",\"contentUrl\":\"https:\\\/\\\/www.facecorner.lv\\\/wp-content\\\/uploads\\\/2024\\\/04\\\/fc-logo.jpg\",\"width\":174,\"height\":28,\"caption\":\"Facecorner\"},\"image\":{\"@id\":\"https:\\\/\\\/www.facecorner.lv\\\/#\\\/schema\\\/logo\\\/image\\\/\"},\"sameAs\":[\"https:\\\/\\\/www.facebook.com\\\/profile.php?id=100063824551839\",\"https:\\\/\\\/www.instagram.com\\\/facecorner_shop\\\/\"]}]}<\/script>\n<meta property=\"product:price:amount\" content=\"36.90\" \/>\n<meta property=\"product:price:currency\" content=\"EUR\" \/>\n<meta property=\"og:availability\" content=\"out of stock\" \/>\n<meta property=\"product:availability\" content=\"out of stock\" \/>\n<meta property=\"product:condition\" content=\"new\" \/>\n<!-- \/ Yoast SEO plugin. -->","yoast_head_json":{"title":"VT Cosmetics Reti-A Reedle Shot 100 50ml - FACECORNER","description":"\u00a0VT Cosmetics Reti-A Reedle Shot 100\u00a0 serums stimul\u0113 \u0161\u016bnu atjauno\u0161anos, kas izl\u012bdzina reljefu: samazina grumbi\u0146as un poras, mazina pigment\u0101ciju","robots":{"index":"index","follow":"follow","max-snippet":"max-snippet:-1","max-image-preview":"max-image-preview:large","max-video-preview":"max-video-preview:-1"},"canonical":"https:\/\/www.facecorner.lv\/en\/shop\/vt-cosmetics-reti-a-reedle-shot-100-50ml\/","og_locale":"en_US","og_type":"article","og_title":"VT Cosmetics Reti-A Reedle Shot 100 50ml - FACECORNER","og_description":"\u00a0VT Cosmetics Reti-A Reedle Shot 100\u00a0 serums stimul\u0113 \u0161\u016bnu atjauno\u0161anos, kas izl\u012bdzina reljefu: samazina grumbi\u0146as un poras, mazina pigment\u0101ciju","og_url":"https:\/\/www.facecorner.lv\/en\/shop\/vt-cosmetics-reti-a-reedle-shot-100-50ml\/","og_site_name":"FACECORNER","article_publisher":"https:\/\/www.facebook.com\/profile.php?id=100063824551839","article_modified_time":"2025-09-18T12:35:06+00:00","og_image":[{"width":500,"height":500,"url":"https:\/\/www.facecorner.lv\/wp-content\/uploads\/2024\/12\/VT_Cosmetics_Reti-A_Reedle_Shot_100-94a7ff166dd1cc8e52235a5176f15373.webp","type":"image\/webp"}],"twitter_card":"summary_large_image","twitter_misc":{"Price":"&euro;36.90","Availability":"Out of stock"},"schema":{"@context":"https:\/\/schema.org","@graph":[{"@type":"WebPage","@id":"https:\/\/www.facecorner.lv\/shop\/vt-cosmetics-reti-a-reedle-shot-100-50ml\/","url":"https:\/\/www.facecorner.lv\/shop\/vt-cosmetics-reti-a-reedle-shot-100-50ml\/","name":"VT Cosmetics Reti-A Reedle Shot 100 50ml - FACECORNER","isPartOf":{"@id":"https:\/\/www.facecorner.lv\/#website"},"primaryImageOfPage":{"@id":"https:\/\/www.facecorner.lv\/shop\/vt-cosmetics-reti-a-reedle-shot-100-50ml\/#primaryimage"},"image":{"@id":"https:\/\/www.facecorner.lv\/shop\/vt-cosmetics-reti-a-reedle-shot-100-50ml\/#primaryimage"},"thumbnailUrl":"https:\/\/www.facecorner.lv\/wp-content\/uploads\/2024\/12\/VT_Cosmetics_Reti-A_Reedle_Shot_100-94a7ff166dd1cc8e52235a5176f15373.webp","datePublished":"2024-12-13T11:40:05+00:00","dateModified":"2025-09-18T12:35:06+00:00","description":"\u00a0VT Cosmetics Reti-A Reedle Shot 100\u00a0 serums stimul\u0113 \u0161\u016bnu atjauno\u0161anos, kas izl\u012bdzina reljefu: samazina grumbi\u0146as un poras, mazina pigment\u0101ciju","breadcrumb":{"@id":"https:\/\/www.facecorner.lv\/shop\/vt-cosmetics-reti-a-reedle-shot-100-50ml\/#breadcrumb"},"inLanguage":"en-US","potentialAction":[{"@type":"ReadAction","target":["https:\/\/www.facecorner.lv\/shop\/vt-cosmetics-reti-a-reedle-shot-100-50ml\/"]}]},{"@type":"ImageObject","inLanguage":"en-US","@id":"https:\/\/www.facecorner.lv\/shop\/vt-cosmetics-reti-a-reedle-shot-100-50ml\/#primaryimage","url":"https:\/\/www.facecorner.lv\/wp-content\/uploads\/2024\/12\/VT_Cosmetics_Reti-A_Reedle_Shot_100-94a7ff166dd1cc8e52235a5176f15373.webp","contentUrl":"https:\/\/www.facecorner.lv\/wp-content\/uploads\/2024\/12\/VT_Cosmetics_Reti-A_Reedle_Shot_100-94a7ff166dd1cc8e52235a5176f15373.webp","width":500,"height":500,"caption":"VT Cosmetics Reti-A Reedle Shot 100"},{"@type":"BreadcrumbList","@id":"https:\/\/www.facecorner.lv\/shop\/vt-cosmetics-reti-a-reedle-shot-100-50ml\/#breadcrumb","itemListElement":[{"@type":"ListItem","position":1,"name":"Home","item":"https:\/\/www.facecorner.lv\/"},{"@type":"ListItem","position":2,"name":"Veikals","item":"https:\/\/www.facecorner.lv\/shop\/"},{"@type":"ListItem","position":3,"name":"VT Cosmetics Reti-A Reedle Shot 100 50ml"}]},{"@type":"WebSite","@id":"https:\/\/www.facecorner.lv\/#website","url":"https:\/\/www.facecorner.lv\/","name":"Facecorner","description":"","publisher":{"@id":"https:\/\/www.facecorner.lv\/#organization"},"potentialAction":[{"@type":"SearchAction","target":{"@type":"EntryPoint","urlTemplate":"https:\/\/www.facecorner.lv\/?s={search_term_string}"},"query-input":{"@type":"PropertyValueSpecification","valueRequired":true,"valueName":"search_term_string"}}],"inLanguage":"en-US"},{"@type":"Organization","@id":"https:\/\/www.facecorner.lv\/#organization","name":"Facecorner","url":"https:\/\/www.facecorner.lv\/","logo":{"@type":"ImageObject","inLanguage":"en-US","@id":"https:\/\/www.facecorner.lv\/#\/schema\/logo\/image\/","url":"https:\/\/www.facecorner.lv\/wp-content\/uploads\/2024\/04\/fc-logo.jpg","contentUrl":"https:\/\/www.facecorner.lv\/wp-content\/uploads\/2024\/04\/fc-logo.jpg","width":174,"height":28,"caption":"Facecorner"},"image":{"@id":"https:\/\/www.facecorner.lv\/#\/schema\/logo\/image\/"},"sameAs":["https:\/\/www.facebook.com\/profile.php?id=100063824551839","https:\/\/www.instagram.com\/facecorner_shop\/"]}]},"product_price_amount":"36.90","product_price_currency":"EUR","og_availability":"out of stock","product_availability":"out of stock","product_condition":"new"},"_links":{"self":[{"href":"https:\/\/www.facecorner.lv\/en\/wp-json\/wp\/v2\/product\/22658","targetHints":{"allow":["GET"]}}],"collection":[{"href":"https:\/\/www.facecorner.lv\/en\/wp-json\/wp\/v2\/product"}],"about":[{"href":"https:\/\/www.facecorner.lv\/en\/wp-json\/wp\/v2\/types\/product"}],"replies":[{"embeddable":true,"href":"https:\/\/www.facecorner.lv\/en\/wp-json\/wp\/v2\/comments?post=22658"}],"wp:featuredmedia":[{"embeddable":true,"href":"https:\/\/www.facecorner.lv\/en\/wp-json\/wp\/v2\/media\/22659"}],"wp:attachment":[{"href":"https:\/\/www.facecorner.lv\/en\/wp-json\/wp\/v2\/media?parent=22658"}],"wp:term":[{"taxonomy":"product_brand","embeddable":true,"href":"https:\/\/www.facecorner.lv\/en\/wp-json\/wp\/v2\/product_brand?post=22658"},{"taxonomy":"product_cat","embeddable":true,"href":"https:\/\/www.facecorner.lv\/en\/wp-json\/wp\/v2\/product_cat?post=22658"},{"taxonomy":"product_tag","embeddable":true,"href":"https:\/\/www.facecorner.lv\/en\/wp-json\/wp\/v2\/product_tag?post=22658"},{"taxonomy":"berocket_brand","embeddable":true,"href":"https:\/\/www.facecorner.lv\/en\/wp-json\/wp\/v2\/berocket_brand?post=22658"}],"curies":[{"name":"wp","href":"https:\/\/api.w.org\/{rel}","templated":true}]}}