{"id":22627,"date":"2024-12-11T12:41:28","date_gmt":"2024-12-11T09:41:28","guid":{"rendered":"https:\/\/www.facecorner.lv\/?post_type=product&#038;p=22627"},"modified":"2026-04-20T18:14:25","modified_gmt":"2026-04-20T15:14:25","slug":"medicube-pdrn-pink-collagen-gel-mask","status":"publish","type":"product","link":"https:\/\/www.facecorner.lv\/en\/shop\/medicube-pdrn-pink-collagen-gel-mask\/","title":{"rendered":"Medicube PDRN Pink Collagen Gel Mask"},"content":{"rendered":"<p>Medicube PDRN Pink Collagen Gel Mask mitrino\u0161a maska ar kolag\u0113nu un hidrog\u0113lu ir paredz\u0113ta intens\u012bvai \u0101das mitrin\u0101\u0161anai, atjauno\u0161anai un nostiprin\u0101\u0161anai. Sast\u0101vs ar PDRN (polinukleot\u012bdu) un hidroliz\u0113tu kolag\u0113nu veicina \u0161\u016bnu re\u0123ener\u0101ciju un pie\u0161\u0137ir \u0101dai vesel\u012bgu un starojo\u0161u izskatu. G\u0113la tekst\u016bra lieliski piegu\u013c \u0101dai, sniedzot atsvaidzino\u0161u saj\u016btu un efekt\u012bvu kop\u0161anu, kas piem\u0113rota visiem \u0101das tipiem, tostarp jut\u012bgai \u0101dai.<\/p>\n<p><strong>Main active ingredients:<\/strong><\/p>\n<ul>\n<li>PDRN stimul\u0113 \u0161\u016bnu re\u0123ener\u0101ciju un uzlabo \u0101das strukt\u016bru.<\/li>\n<li>Hidroliz\u0113ts kolag\u0113ns uzlabo \u0101das elast\u012bbu un samazina s\u012bk\u0101s l\u012bnijas un grumbas.<\/li>\n<li>Niacinam\u012bds (vitam\u012bns B3) izl\u012bdzina \u0101das tonusu un samazina pigment\u0101ciju.<\/li>\n<li>Centella asiatica ekstrakts nomierina un atdz\u012bvina jut\u012bgu \u0101du.<\/li>\n<li>Adenoz\u012bns samazina grumbas un uzlabo \u0101das tvirtumu.<\/li>\n<li>hialuronsk\u0101be nodro\u0161ina intens\u012bvu mitrin\u0101\u0161anu un nov\u0113r\u0161 \u0101das dehidrat\u0101ciju.<\/li>\n<li>ro\u017eu ekstrakts toniz\u0113 \u0101du un pie\u0161\u0137ir tai starojo\u0161u izskatu<\/li>\n<\/ul>\n<p><strong>How to use:<\/strong> P\u0113c att\u012br\u012b\u0161anas un toniz\u0113\u0161anas uzkl\u0101jiet masku uz sejas.No\u0146emiet aizsargsl\u0101ni, izstiepiet abas tekstila pamatnes puses un uzkl\u0101jiet to uz \u0101das.<br \/>\nAtst\u0101jiet masku uzkl\u0101t uz 3-4 stund\u0101m vai uz nakti. Maska k\u013c\u016bs caursp\u012bd\u012bga un nog\u0101d\u0101s akt\u012bv\u0101s sast\u0101vda\u013cas dzi\u013ci \u0101d\u0101.No\u0146emiet masku, nenoskalojot atliku\u0161o esenci, un turpiniet kop\u0161anas proced\u016bru.<\/p>\n<p><strong>Ingredientes:<\/strong> Water, Glycerin, Methylpropanediol, Acrylates\/Ethylhexyl Acrylate Copolymer, Niacinamide, Chondrus Crispus Powder, 1,2-Hexanediol, Butylene Glycol, Betaine, Ceratonia Siliqua (Carob) Gum, Hydroxyacetophenone, Allantoin, Glucomannan, Xanthan Gum, Laureth-21, Panthenol, Polyglyceryl-10 Laurate, Propanediol, Cellulose Gum, Cyamopsis Tetragonoloba (Guar) Gum, Fragrance(Parfum), Potassium Chloride, Dextrin, Adenosine, Ethylhexylglycerin, Hydrolyzed Collagen, Cyanocobalamin, Ascorbic Acid, Sodium DNA, Tocopherol, Acetyl Hexapeptide-8, Ascorbic Acid Polypeptide, Acetyl Octapeptide-3, Acetyl Tetrapeptide-2, Acetyl Tetrapeptide-3, Acetyl Tetrapeptide-5, Acetyl Tetrapeptide-9, Carnosine, Copper Tripeptide-1, Nonapeptide-1, Palmitoyl Pentapeptide-4, Palmitoyl Tripeptide-1, Palmitoyl Tripeptide-5<\/p>\n<p>&nbsp;<\/p>","protected":false},"excerpt":{"rendered":"<p>Medicube PDRN Pink Collagen Gel Mask mitrino\u0161a maska ar kolag\u0113nu un hidrog\u0113lu ir paredz\u0113ta intens\u012bvai \u0101das mitrin\u0101\u0161anai, atjauno\u0161anai un nostiprin\u0101\u0161anai.<\/p>","protected":false},"featured_media":22628,"comment_status":"open","ping_status":"closed","template":"","meta":{"site-sidebar-layout":"default","site-content-layout":"","ast-site-content-layout":"default","site-content-style":"default","site-sidebar-style":"default","ast-global-header-display":"","ast-banner-title-visibility":"","ast-main-header-display":"","ast-hfb-above-header-display":"","ast-hfb-below-header-display":"","ast-hfb-mobile-header-display":"","site-post-title":"","ast-breadcrumbs-content":"","ast-featured-img":"","footer-sml-layout":"","theme-transparent-header-meta":"default","adv-header-id-meta":"","stick-header-meta":"","header-above-stick-meta":"","header-main-stick-meta":"","header-below-stick-meta":"","astra-migrate-meta-layouts":"set","ast-page-background-enabled":"default","ast-page-background-meta":{"desktop":{"background-color":"var(--ast-global-color-4)","background-image":"","background-repeat":"repeat","background-position":"center center","background-size":"auto","background-attachment":"scroll","background-type":"","background-media":"","overlay-type":"","overlay-color":"","overlay-opacity":"","overlay-gradient":""},"tablet":{"background-color":"","background-image":"","background-repeat":"repeat","background-position":"center center","background-size":"auto","background-attachment":"scroll","background-type":"","background-media":"","overlay-type":"","overlay-color":"","overlay-opacity":"","overlay-gradient":""},"mobile":{"background-color":"","background-image":"","background-repeat":"repeat","background-position":"center center","background-size":"auto","background-attachment":"scroll","background-type":"","background-media":"","overlay-type":"","overlay-color":"","overlay-opacity":"","overlay-gradient":""}},"ast-content-background-meta":{"desktop":{"background-color":"var(--ast-global-color-5)","background-image":"","background-repeat":"repeat","background-position":"center center","background-size":"auto","background-attachment":"scroll","background-type":"","background-media":"","overlay-type":"","overlay-color":"","overlay-opacity":"","overlay-gradient":""},"tablet":{"background-color":"var(--ast-global-color-5)","background-image":"","background-repeat":"repeat","background-position":"center center","background-size":"auto","background-attachment":"scroll","background-type":"","background-media":"","overlay-type":"","overlay-color":"","overlay-opacity":"","overlay-gradient":""},"mobile":{"background-color":"var(--ast-global-color-5)","background-image":"","background-repeat":"repeat","background-position":"center center","background-size":"auto","background-attachment":"scroll","background-type":"","background-media":"","overlay-type":"","overlay-color":"","overlay-opacity":"","overlay-gradient":""}}},"product_brand":[],"product_cat":[511,325,315,652],"product_tag":[],"berocket_brand":[579],"class_list":{"0":"post-22627","1":"product","2":"type-product","3":"status-publish","4":"has-post-thumbnail","6":"product_cat-atlaides","7":"product_cat-hidrogela","8":"product_cat-maskas","9":"product_cat-pdrn","10":"berocket_brand-medicube","11":"desktop-align-left","12":"tablet-align-left","13":"mobile-align-left","15":"first","16":"instock","17":"sale","18":"taxable","19":"shipping-taxable","20":"purchasable","21":"product-type-simple","22":"add-to-wishlist-before_image"},"yoast_head":"<!-- This site is optimized with the Yoast SEO plugin v27.4 - https:\/\/yoast.com\/product\/yoast-seo-wordpress\/ -->\n<title>Medicube PDRN Pink Collagen Gel Mask - FACECORNER<\/title>\n<meta name=\"description\" content=\"Medicube PDRN Pink Collagen Gel Mask mitrino\u0161a maska ar kolag\u0113nu un hidrog\u0113lu ir paredz\u0113ta intens\u012bvai \u0101das mitrin\u0101\u0161anai, atjauno\u0161anai un nostiprin\u0101\u0161anai.\" \/>\n<meta name=\"robots\" content=\"index, follow, max-snippet:-1, max-image-preview:large, max-video-preview:-1\" \/>\n<link rel=\"canonical\" href=\"https:\/\/www.facecorner.lv\/en\/shop\/medicube-pdrn-pink-collagen-gel-mask\/\" \/>\n<meta property=\"og:locale\" content=\"en_US\" \/>\n<meta property=\"og:type\" content=\"article\" \/>\n<meta property=\"og:title\" content=\"Medicube PDRN Pink Collagen Gel Mask - FACECORNER\" \/>\n<meta property=\"og:description\" content=\"Medicube PDRN Pink Collagen Gel Mask mitrino\u0161a maska ar kolag\u0113nu un hidrog\u0113lu ir paredz\u0113ta intens\u012bvai \u0101das mitrin\u0101\u0161anai, atjauno\u0161anai un nostiprin\u0101\u0161anai.\" \/>\n<meta property=\"og:url\" content=\"https:\/\/www.facecorner.lv\/en\/shop\/medicube-pdrn-pink-collagen-gel-mask\/\" \/>\n<meta property=\"og:site_name\" content=\"FACECORNER\" \/>\n<meta property=\"article:publisher\" content=\"https:\/\/www.facebook.com\/profile.php?id=100063824551839\" \/>\n<meta property=\"article:modified_time\" content=\"2026-04-20T15:14:25+00:00\" \/>\n<meta property=\"og:image\" content=\"https:\/\/www.facecorner.lv\/wp-content\/uploads\/2024\/12\/61sFjrLvxRL.jpg\" \/>\n\t<meta property=\"og:image:width\" content=\"2000\" \/>\n\t<meta property=\"og:image:height\" content=\"2000\" \/>\n\t<meta property=\"og:image:type\" content=\"image\/jpeg\" \/>\n<meta name=\"twitter:card\" content=\"summary_large_image\" \/>\n<meta name=\"twitter:label1\" content=\"Price\" \/>\n\t<meta name=\"twitter:data1\" content=\"&euro;5.50\" \/>\n\t<meta name=\"twitter:label2\" content=\"Availability\" \/>\n\t<meta name=\"twitter:data2\" content=\"In stock\" \/>\n<script type=\"application\/ld+json\" class=\"yoast-schema-graph\">{\"@context\":\"https:\\\/\\\/schema.org\",\"@graph\":[{\"@type\":\"WebPage\",\"@id\":\"https:\\\/\\\/www.facecorner.lv\\\/shop\\\/medicube-pdrn-pink-collagen-gel-mask\\\/\",\"url\":\"https:\\\/\\\/www.facecorner.lv\\\/shop\\\/medicube-pdrn-pink-collagen-gel-mask\\\/\",\"name\":\"Medicube PDRN Pink Collagen Gel Mask - FACECORNER\",\"isPartOf\":{\"@id\":\"https:\\\/\\\/www.facecorner.lv\\\/#website\"},\"primaryImageOfPage\":{\"@id\":\"https:\\\/\\\/www.facecorner.lv\\\/shop\\\/medicube-pdrn-pink-collagen-gel-mask\\\/#primaryimage\"},\"image\":{\"@id\":\"https:\\\/\\\/www.facecorner.lv\\\/shop\\\/medicube-pdrn-pink-collagen-gel-mask\\\/#primaryimage\"},\"thumbnailUrl\":\"https:\\\/\\\/www.facecorner.lv\\\/wp-content\\\/uploads\\\/2024\\\/12\\\/61sFjrLvxRL.jpg\",\"datePublished\":\"2024-12-11T09:41:28+00:00\",\"dateModified\":\"2026-04-20T15:14:25+00:00\",\"description\":\"Medicube PDRN Pink Collagen Gel Mask mitrino\u0161a maska ar kolag\u0113nu un hidrog\u0113lu ir paredz\u0113ta intens\u012bvai \u0101das mitrin\u0101\u0161anai, atjauno\u0161anai un nostiprin\u0101\u0161anai.\",\"breadcrumb\":{\"@id\":\"https:\\\/\\\/www.facecorner.lv\\\/shop\\\/medicube-pdrn-pink-collagen-gel-mask\\\/#breadcrumb\"},\"inLanguage\":\"en-US\",\"potentialAction\":[{\"@type\":\"ReadAction\",\"target\":[\"https:\\\/\\\/www.facecorner.lv\\\/shop\\\/medicube-pdrn-pink-collagen-gel-mask\\\/\"]}]},{\"@type\":\"ImageObject\",\"inLanguage\":\"en-US\",\"@id\":\"https:\\\/\\\/www.facecorner.lv\\\/shop\\\/medicube-pdrn-pink-collagen-gel-mask\\\/#primaryimage\",\"url\":\"https:\\\/\\\/www.facecorner.lv\\\/wp-content\\\/uploads\\\/2024\\\/12\\\/61sFjrLvxRL.jpg\",\"contentUrl\":\"https:\\\/\\\/www.facecorner.lv\\\/wp-content\\\/uploads\\\/2024\\\/12\\\/61sFjrLvxRL.jpg\",\"width\":2000,\"height\":2000,\"caption\":\"Version 1.0.0\"},{\"@type\":\"BreadcrumbList\",\"@id\":\"https:\\\/\\\/www.facecorner.lv\\\/shop\\\/medicube-pdrn-pink-collagen-gel-mask\\\/#breadcrumb\",\"itemListElement\":[{\"@type\":\"ListItem\",\"position\":1,\"name\":\"Home\",\"item\":\"https:\\\/\\\/www.facecorner.lv\\\/\"},{\"@type\":\"ListItem\",\"position\":2,\"name\":\"Veikals\",\"item\":\"https:\\\/\\\/www.facecorner.lv\\\/shop\\\/\"},{\"@type\":\"ListItem\",\"position\":3,\"name\":\"Medicube PDRN Pink Collagen Gel Mask\"}]},{\"@type\":\"WebSite\",\"@id\":\"https:\\\/\\\/www.facecorner.lv\\\/#website\",\"url\":\"https:\\\/\\\/www.facecorner.lv\\\/\",\"name\":\"Facecorner\",\"description\":\"\",\"publisher\":{\"@id\":\"https:\\\/\\\/www.facecorner.lv\\\/#organization\"},\"potentialAction\":[{\"@type\":\"SearchAction\",\"target\":{\"@type\":\"EntryPoint\",\"urlTemplate\":\"https:\\\/\\\/www.facecorner.lv\\\/?s={search_term_string}\"},\"query-input\":{\"@type\":\"PropertyValueSpecification\",\"valueRequired\":true,\"valueName\":\"search_term_string\"}}],\"inLanguage\":\"en-US\"},{\"@type\":\"Organization\",\"@id\":\"https:\\\/\\\/www.facecorner.lv\\\/#organization\",\"name\":\"Facecorner\",\"url\":\"https:\\\/\\\/www.facecorner.lv\\\/\",\"logo\":{\"@type\":\"ImageObject\",\"inLanguage\":\"en-US\",\"@id\":\"https:\\\/\\\/www.facecorner.lv\\\/#\\\/schema\\\/logo\\\/image\\\/\",\"url\":\"https:\\\/\\\/www.facecorner.lv\\\/wp-content\\\/uploads\\\/2024\\\/04\\\/fc-logo.jpg\",\"contentUrl\":\"https:\\\/\\\/www.facecorner.lv\\\/wp-content\\\/uploads\\\/2024\\\/04\\\/fc-logo.jpg\",\"width\":174,\"height\":28,\"caption\":\"Facecorner\"},\"image\":{\"@id\":\"https:\\\/\\\/www.facecorner.lv\\\/#\\\/schema\\\/logo\\\/image\\\/\"},\"sameAs\":[\"https:\\\/\\\/www.facebook.com\\\/profile.php?id=100063824551839\",\"https:\\\/\\\/www.instagram.com\\\/facecorner_shop\\\/\"]}]}<\/script>\n<meta property=\"product:price:amount\" content=\"5.50\" \/>\n<meta property=\"product:price:currency\" content=\"EUR\" \/>\n<meta property=\"og:availability\" content=\"instock\" \/>\n<meta property=\"product:availability\" content=\"instock\" \/>\n<meta property=\"product:condition\" content=\"new\" \/>\n<!-- \/ Yoast SEO plugin. -->","yoast_head_json":{"title":"Medicube PDRN Pink Collagen Gel Mask - FACECORNER","description":"Medicube PDRN Pink Collagen Gel Mask mitrino\u0161a maska ar kolag\u0113nu un hidrog\u0113lu ir paredz\u0113ta intens\u012bvai \u0101das mitrin\u0101\u0161anai, atjauno\u0161anai un nostiprin\u0101\u0161anai.","robots":{"index":"index","follow":"follow","max-snippet":"max-snippet:-1","max-image-preview":"max-image-preview:large","max-video-preview":"max-video-preview:-1"},"canonical":"https:\/\/www.facecorner.lv\/en\/shop\/medicube-pdrn-pink-collagen-gel-mask\/","og_locale":"en_US","og_type":"article","og_title":"Medicube PDRN Pink Collagen Gel Mask - FACECORNER","og_description":"Medicube PDRN Pink Collagen Gel Mask mitrino\u0161a maska ar kolag\u0113nu un hidrog\u0113lu ir paredz\u0113ta intens\u012bvai \u0101das mitrin\u0101\u0161anai, atjauno\u0161anai un nostiprin\u0101\u0161anai.","og_url":"https:\/\/www.facecorner.lv\/en\/shop\/medicube-pdrn-pink-collagen-gel-mask\/","og_site_name":"FACECORNER","article_publisher":"https:\/\/www.facebook.com\/profile.php?id=100063824551839","article_modified_time":"2026-04-20T15:14:25+00:00","og_image":[{"width":2000,"height":2000,"url":"https:\/\/www.facecorner.lv\/wp-content\/uploads\/2024\/12\/61sFjrLvxRL.jpg","type":"image\/jpeg"}],"twitter_card":"summary_large_image","twitter_misc":{"Price":"&euro;5.50","Availability":"In stock"},"schema":{"@context":"https:\/\/schema.org","@graph":[{"@type":"WebPage","@id":"https:\/\/www.facecorner.lv\/shop\/medicube-pdrn-pink-collagen-gel-mask\/","url":"https:\/\/www.facecorner.lv\/shop\/medicube-pdrn-pink-collagen-gel-mask\/","name":"Medicube PDRN Pink Collagen Gel Mask - FACECORNER","isPartOf":{"@id":"https:\/\/www.facecorner.lv\/#website"},"primaryImageOfPage":{"@id":"https:\/\/www.facecorner.lv\/shop\/medicube-pdrn-pink-collagen-gel-mask\/#primaryimage"},"image":{"@id":"https:\/\/www.facecorner.lv\/shop\/medicube-pdrn-pink-collagen-gel-mask\/#primaryimage"},"thumbnailUrl":"https:\/\/www.facecorner.lv\/wp-content\/uploads\/2024\/12\/61sFjrLvxRL.jpg","datePublished":"2024-12-11T09:41:28+00:00","dateModified":"2026-04-20T15:14:25+00:00","description":"Medicube PDRN Pink Collagen Gel Mask mitrino\u0161a maska ar kolag\u0113nu un hidrog\u0113lu ir paredz\u0113ta intens\u012bvai \u0101das mitrin\u0101\u0161anai, atjauno\u0161anai un nostiprin\u0101\u0161anai.","breadcrumb":{"@id":"https:\/\/www.facecorner.lv\/shop\/medicube-pdrn-pink-collagen-gel-mask\/#breadcrumb"},"inLanguage":"en-US","potentialAction":[{"@type":"ReadAction","target":["https:\/\/www.facecorner.lv\/shop\/medicube-pdrn-pink-collagen-gel-mask\/"]}]},{"@type":"ImageObject","inLanguage":"en-US","@id":"https:\/\/www.facecorner.lv\/shop\/medicube-pdrn-pink-collagen-gel-mask\/#primaryimage","url":"https:\/\/www.facecorner.lv\/wp-content\/uploads\/2024\/12\/61sFjrLvxRL.jpg","contentUrl":"https:\/\/www.facecorner.lv\/wp-content\/uploads\/2024\/12\/61sFjrLvxRL.jpg","width":2000,"height":2000,"caption":"Version 1.0.0"},{"@type":"BreadcrumbList","@id":"https:\/\/www.facecorner.lv\/shop\/medicube-pdrn-pink-collagen-gel-mask\/#breadcrumb","itemListElement":[{"@type":"ListItem","position":1,"name":"Home","item":"https:\/\/www.facecorner.lv\/"},{"@type":"ListItem","position":2,"name":"Veikals","item":"https:\/\/www.facecorner.lv\/shop\/"},{"@type":"ListItem","position":3,"name":"Medicube PDRN Pink Collagen Gel Mask"}]},{"@type":"WebSite","@id":"https:\/\/www.facecorner.lv\/#website","url":"https:\/\/www.facecorner.lv\/","name":"Facecorner","description":"","publisher":{"@id":"https:\/\/www.facecorner.lv\/#organization"},"potentialAction":[{"@type":"SearchAction","target":{"@type":"EntryPoint","urlTemplate":"https:\/\/www.facecorner.lv\/?s={search_term_string}"},"query-input":{"@type":"PropertyValueSpecification","valueRequired":true,"valueName":"search_term_string"}}],"inLanguage":"en-US"},{"@type":"Organization","@id":"https:\/\/www.facecorner.lv\/#organization","name":"Facecorner","url":"https:\/\/www.facecorner.lv\/","logo":{"@type":"ImageObject","inLanguage":"en-US","@id":"https:\/\/www.facecorner.lv\/#\/schema\/logo\/image\/","url":"https:\/\/www.facecorner.lv\/wp-content\/uploads\/2024\/04\/fc-logo.jpg","contentUrl":"https:\/\/www.facecorner.lv\/wp-content\/uploads\/2024\/04\/fc-logo.jpg","width":174,"height":28,"caption":"Facecorner"},"image":{"@id":"https:\/\/www.facecorner.lv\/#\/schema\/logo\/image\/"},"sameAs":["https:\/\/www.facebook.com\/profile.php?id=100063824551839","https:\/\/www.instagram.com\/facecorner_shop\/"]}]},"product_price_amount":"5.50","product_price_currency":"EUR","og_availability":"instock","product_availability":"instock","product_condition":"new"},"_links":{"self":[{"href":"https:\/\/www.facecorner.lv\/en\/wp-json\/wp\/v2\/product\/22627","targetHints":{"allow":["GET"]}}],"collection":[{"href":"https:\/\/www.facecorner.lv\/en\/wp-json\/wp\/v2\/product"}],"about":[{"href":"https:\/\/www.facecorner.lv\/en\/wp-json\/wp\/v2\/types\/product"}],"replies":[{"embeddable":true,"href":"https:\/\/www.facecorner.lv\/en\/wp-json\/wp\/v2\/comments?post=22627"}],"wp:featuredmedia":[{"embeddable":true,"href":"https:\/\/www.facecorner.lv\/en\/wp-json\/wp\/v2\/media\/22628"}],"wp:attachment":[{"href":"https:\/\/www.facecorner.lv\/en\/wp-json\/wp\/v2\/media?parent=22627"}],"wp:term":[{"taxonomy":"product_brand","embeddable":true,"href":"https:\/\/www.facecorner.lv\/en\/wp-json\/wp\/v2\/product_brand?post=22627"},{"taxonomy":"product_cat","embeddable":true,"href":"https:\/\/www.facecorner.lv\/en\/wp-json\/wp\/v2\/product_cat?post=22627"},{"taxonomy":"product_tag","embeddable":true,"href":"https:\/\/www.facecorner.lv\/en\/wp-json\/wp\/v2\/product_tag?post=22627"},{"taxonomy":"berocket_brand","embeddable":true,"href":"https:\/\/www.facecorner.lv\/en\/wp-json\/wp\/v2\/berocket_brand?post=22627"}],"curies":[{"name":"wp","href":"https:\/\/api.w.org\/{rel}","templated":true}]}}