{"id":22535,"date":"2024-12-05T23:04:49","date_gmt":"2024-12-05T20:04:49","guid":{"rendered":"https:\/\/www.facecorner.lv\/?post_type=product&#038;p=22535"},"modified":"2026-01-25T20:54:06","modified_gmt":"2026-01-25T17:54:06","slug":"medicube-zero-pore-one-day-serum-50ml","status":"publish","type":"product","link":"https:\/\/www.facecorner.lv\/en\/shop\/medicube-zero-pore-one-day-serum-50ml\/","title":{"rendered":"Medicube Zero Pore One-day Serum 50ml"},"content":{"rendered":"<p>Medicube Zero Pore One-day Serum ir serums ar AHA, BHA un PHA sk\u0101b\u0113m, kas paredz\u0113ts problem\u0101tiskai un taukainai \u0101dai. Formula ar glikolsk\u0101bi un salicilsk\u0101bi regul\u0113 sebuma sekr\u0113ciju, eksfoli\u0113 keratiniz\u0113t\u0101s \u0101das da\u013ci\u0146as, att\u012bra poras un izl\u012bdzina \u0101du. Glikonolaktons stiprina epidermas barjeru un blo\u0137\u0113 br\u012bvo radik\u0101\u013cu iedarb\u012bbu.<\/p>\n<p>Seruma p\u012blinga sp\u0113ku m\u012bkstina 5 hialuronsk\u0101bes formas, kas mitrina un izl\u012bdzina \u0101du. Produkts satur ar\u012b indigofera ekstraktu ar antioksid\u0113jo\u0161\u0101m un pretiekaisuma \u012bpa\u0161\u012bb\u0101m.<\/p>\n<p><strong>Bubble Pop Cleanser products fine, soft foam to cleanse away dead skin, sebum and makeup residue from your face, while hyaluronic acid moisturizes your skin.<\/strong><\/p>\n<ul>\n<li>Niac\u012bnam\u012bds &#8211; vitam\u012bns B3, regul\u0113 sebuma veido\u0161anos, tam ir pretiekaisuma iedarb\u012bba, balina pigment\u0101ciju,<\/li>\n<li>glikolsk\u0101be &#8211; AHA-sk\u0101be, kurai rakstur\u012bga \u013coti maza molekula, izl\u012bdzina, izgaismo un samazina sebuma veido\u0161anos,<\/li>\n<li>salicilsk\u0101be &#8211; BHA-sk\u0101be, iek\u013c\u016bst epidermas hidrolip\u012bdu sl\u0101n\u012b, eksfoli\u0113jot, att\u012bra poras, samazina melnos plankumus un mat\u0113 \u0101du,<\/li>\n<li>glikoonolaktons &#8211; stiprina epidermas barjeru, pie\u0161\u0137ir \u0101dai elast\u012bbu, darbojas antioksidanti un regul\u0113jo\u0161i,<\/li>\n<li>5 hialuronsk\u0101bes formu komplekss &#8211; uzlabo \u0101das mitrin\u0101\u0161anu, izl\u012bdzina \u0101das strukt\u016bru, m\u012bkstina un nostiprina \u0101du,<\/li>\n<li>Indigofera ekstrakts &#8211; tam piem\u012bt antioksidanta un pretiekaisuma iedarb\u012bba.<\/li>\n<\/ul>\n<p><strong>How to use:<\/strong> Uzkl\u0101jiet pietiekamu produkta daudzumu uz att\u012br\u012btas \u0101das. Viegli uzkl\u0101jiet, l\u012bdz piln\u012bb\u0101 ies\u016bcas. Lietojiet p\u0113c tonika\/tonika.<\/p>\n<p><strong>Ingredientes:<\/strong> <span style=\"font-size: 16px;\">Aqua, Gluconolactone, Methylpropanediol, Glycerin, Propanediol, Tromethamine, Polyglycerin-3, Niacinamide, 1,2-Hexanediol, Citric Acid, Dimethicone, Butylene Glycol, C12-14 Pareth-12, Hydroxyethylcellulose, Salicylic Acid, Ammonium Acryloyldimethyltaurate\/VP Copolymer, Sodium Polyacryloyldimethyl Taurate, Lecithin, Allantoin, Lactic Acid, Glycolic Acid, Ethylhexylglycerin, Adenosine, Dextrin, Indigofera Tinctoria Extract, Sodium Hyaluronate, Hyaluronic Acid, Sodium Citrate, Hemerocallis Fulva Flower Extract, Gardenia Florida Fruit Extract, Hydrolyzed Hyaluronic Acid, Hydrolyzed Sodium Hyaluronate, Sodium Hyaluronate Crosspolymer, Trisodium Phosphate, Myosotis Sylvatica Flower\/Leaf\/Stem Extract, Pentylene Glycol, Hydroxypropyltrimonium Hyaluronate, Sodium Acetylated Hyaluronate, Centella Asiatica Extract, Madecassoside, Lactobacillus Ferment Lysate, Taraxacum Officinale (Dandelion) Leaf Extract<\/span><\/p>","protected":false},"excerpt":{"rendered":"<p>Medicube Zero Pore One-day Serum ir serums ar AHA, BHA un PHA sk\u0101b\u0113m, kas paredz\u0113ts problem\u0101tiskai un taukainai \u0101dai. Formula ar glikolsk\u0101bi un salicilsk\u0101bi regul\u0113 sebuma sekr\u0113ciju, eksfoli\u0113 keratiniz\u0113t\u0101s \u0101das da\u013ci\u0146as, att\u012bra poras un izl\u012bdzina \u0101du. Glikonolaktons stiprina epidermas barjeru un blo\u0137\u0113 br\u012bvo radik\u0101\u013cu iedarb\u012bbu.<\/p>","protected":false},"featured_media":22536,"comment_status":"open","ping_status":"closed","template":"","meta":{"site-sidebar-layout":"default","site-content-layout":"","ast-site-content-layout":"default","site-content-style":"default","site-sidebar-style":"default","ast-global-header-display":"","ast-banner-title-visibility":"","ast-main-header-display":"","ast-hfb-above-header-display":"","ast-hfb-below-header-display":"","ast-hfb-mobile-header-display":"","site-post-title":"","ast-breadcrumbs-content":"","ast-featured-img":"","footer-sml-layout":"","theme-transparent-header-meta":"default","adv-header-id-meta":"","stick-header-meta":"","header-above-stick-meta":"","header-main-stick-meta":"","header-below-stick-meta":"","astra-migrate-meta-layouts":"set","ast-page-background-enabled":"default","ast-page-background-meta":{"desktop":{"background-color":"var(--ast-global-color-4)","background-image":"","background-repeat":"repeat","background-position":"center center","background-size":"auto","background-attachment":"scroll","background-type":"","background-media":"","overlay-type":"","overlay-color":"","overlay-opacity":"","overlay-gradient":""},"tablet":{"background-color":"","background-image":"","background-repeat":"repeat","background-position":"center center","background-size":"auto","background-attachment":"scroll","background-type":"","background-media":"","overlay-type":"","overlay-color":"","overlay-opacity":"","overlay-gradient":""},"mobile":{"background-color":"","background-image":"","background-repeat":"repeat","background-position":"center center","background-size":"auto","background-attachment":"scroll","background-type":"","background-media":"","overlay-type":"","overlay-color":"","overlay-opacity":"","overlay-gradient":""}},"ast-content-background-meta":{"desktop":{"background-color":"var(--ast-global-color-5)","background-image":"","background-repeat":"repeat","background-position":"center center","background-size":"auto","background-attachment":"scroll","background-type":"","background-media":"","overlay-type":"","overlay-color":"","overlay-opacity":"","overlay-gradient":""},"tablet":{"background-color":"var(--ast-global-color-5)","background-image":"","background-repeat":"repeat","background-position":"center center","background-size":"auto","background-attachment":"scroll","background-type":"","background-media":"","overlay-type":"","overlay-color":"","overlay-opacity":"","overlay-gradient":""},"mobile":{"background-color":"var(--ast-global-color-5)","background-image":"","background-repeat":"repeat","background-position":"center center","background-size":"auto","background-attachment":"scroll","background-type":"","background-media":"","overlay-type":"","overlay-color":"","overlay-opacity":"","overlay-gradient":""}}},"product_brand":[],"product_cat":[373,374,363],"product_tag":[],"berocket_brand":[579],"class_list":{"0":"post-22535","1":"product","2":"type-product","3":"status-publish","4":"has-post-thumbnail","6":"product_cat-poras-sasaurinoss","7":"product_cat-pret-pinnem","8":"product_cat-serumi","9":"berocket_brand-medicube","10":"desktop-align-left","11":"tablet-align-left","12":"mobile-align-left","14":"first","15":"outofstock","16":"taxable","17":"shipping-taxable","18":"purchasable","19":"product-type-simple","20":"add-to-wishlist-before_image"},"yoast_head":"<!-- This site is optimized with the Yoast SEO plugin v27.4 - https:\/\/yoast.com\/product\/yoast-seo-wordpress\/ -->\n<title>Medicube Zero Pore One-day Serum 50ml - FACECORNER<\/title>\n<meta name=\"description\" content=\"Medicube Zero Pore One-day Serum ir serums ar AHA, BHA un PHA sk\u0101b\u0113m, kas paredz\u0113ts problem\u0101tiskai un taukainai \u0101dai.\" \/>\n<meta name=\"robots\" content=\"index, follow, max-snippet:-1, max-image-preview:large, max-video-preview:-1\" \/>\n<link rel=\"canonical\" href=\"https:\/\/www.facecorner.lv\/en\/shop\/medicube-zero-pore-one-day-serum-50ml\/\" \/>\n<meta property=\"og:locale\" content=\"en_US\" \/>\n<meta property=\"og:type\" content=\"article\" \/>\n<meta property=\"og:title\" content=\"Medicube Zero Pore One-day Serum 50ml - FACECORNER\" \/>\n<meta property=\"og:description\" content=\"Medicube Zero Pore One-day Serum ir serums ar AHA, BHA un PHA sk\u0101b\u0113m, kas paredz\u0113ts problem\u0101tiskai un taukainai \u0101dai.\" \/>\n<meta property=\"og:url\" content=\"https:\/\/www.facecorner.lv\/en\/shop\/medicube-zero-pore-one-day-serum-50ml\/\" \/>\n<meta property=\"og:site_name\" content=\"FACECORNER\" \/>\n<meta property=\"article:publisher\" content=\"https:\/\/www.facebook.com\/profile.php?id=100063824551839\" \/>\n<meta property=\"article:modified_time\" content=\"2026-01-25T17:54:06+00:00\" \/>\n<meta property=\"og:image\" content=\"https:\/\/www.facecorner.lv\/wp-content\/uploads\/2024\/12\/Medicube_Zero_Pore_One_Day_Serum.webp\" \/>\n\t<meta property=\"og:image:width\" content=\"950\" \/>\n\t<meta property=\"og:image:height\" content=\"950\" \/>\n\t<meta property=\"og:image:type\" content=\"image\/webp\" \/>\n<meta name=\"twitter:card\" content=\"summary_large_image\" \/>\n<meta name=\"twitter:label1\" content=\"Price\" \/>\n\t<meta name=\"twitter:data1\" content=\"&euro;24.90\" \/>\n\t<meta name=\"twitter:label2\" content=\"Availability\" \/>\n\t<meta name=\"twitter:data2\" content=\"Out of stock\" \/>\n<script type=\"application\/ld+json\" class=\"yoast-schema-graph\">{\"@context\":\"https:\\\/\\\/schema.org\",\"@graph\":[{\"@type\":\"WebPage\",\"@id\":\"https:\\\/\\\/www.facecorner.lv\\\/shop\\\/medicube-zero-pore-one-day-serum-50ml\\\/\",\"url\":\"https:\\\/\\\/www.facecorner.lv\\\/shop\\\/medicube-zero-pore-one-day-serum-50ml\\\/\",\"name\":\"Medicube Zero Pore One-day Serum 50ml - FACECORNER\",\"isPartOf\":{\"@id\":\"https:\\\/\\\/www.facecorner.lv\\\/#website\"},\"primaryImageOfPage\":{\"@id\":\"https:\\\/\\\/www.facecorner.lv\\\/shop\\\/medicube-zero-pore-one-day-serum-50ml\\\/#primaryimage\"},\"image\":{\"@id\":\"https:\\\/\\\/www.facecorner.lv\\\/shop\\\/medicube-zero-pore-one-day-serum-50ml\\\/#primaryimage\"},\"thumbnailUrl\":\"https:\\\/\\\/www.facecorner.lv\\\/wp-content\\\/uploads\\\/2024\\\/12\\\/Medicube_Zero_Pore_One_Day_Serum.webp\",\"datePublished\":\"2024-12-05T20:04:49+00:00\",\"dateModified\":\"2026-01-25T17:54:06+00:00\",\"description\":\"Medicube Zero Pore One-day Serum ir serums ar AHA, BHA un PHA sk\u0101b\u0113m, kas paredz\u0113ts problem\u0101tiskai un taukainai \u0101dai.\",\"breadcrumb\":{\"@id\":\"https:\\\/\\\/www.facecorner.lv\\\/shop\\\/medicube-zero-pore-one-day-serum-50ml\\\/#breadcrumb\"},\"inLanguage\":\"en-US\",\"potentialAction\":[{\"@type\":\"ReadAction\",\"target\":[\"https:\\\/\\\/www.facecorner.lv\\\/shop\\\/medicube-zero-pore-one-day-serum-50ml\\\/\"]}]},{\"@type\":\"ImageObject\",\"inLanguage\":\"en-US\",\"@id\":\"https:\\\/\\\/www.facecorner.lv\\\/shop\\\/medicube-zero-pore-one-day-serum-50ml\\\/#primaryimage\",\"url\":\"https:\\\/\\\/www.facecorner.lv\\\/wp-content\\\/uploads\\\/2024\\\/12\\\/Medicube_Zero_Pore_One_Day_Serum.webp\",\"contentUrl\":\"https:\\\/\\\/www.facecorner.lv\\\/wp-content\\\/uploads\\\/2024\\\/12\\\/Medicube_Zero_Pore_One_Day_Serum.webp\",\"width\":950,\"height\":950,\"caption\":\"Medicube - Zero Pore One-day Serum\"},{\"@type\":\"BreadcrumbList\",\"@id\":\"https:\\\/\\\/www.facecorner.lv\\\/shop\\\/medicube-zero-pore-one-day-serum-50ml\\\/#breadcrumb\",\"itemListElement\":[{\"@type\":\"ListItem\",\"position\":1,\"name\":\"Home\",\"item\":\"https:\\\/\\\/www.facecorner.lv\\\/\"},{\"@type\":\"ListItem\",\"position\":2,\"name\":\"Veikals\",\"item\":\"https:\\\/\\\/www.facecorner.lv\\\/shop\\\/\"},{\"@type\":\"ListItem\",\"position\":3,\"name\":\"Medicube Zero Pore One-day Serum 50ml\"}]},{\"@type\":\"WebSite\",\"@id\":\"https:\\\/\\\/www.facecorner.lv\\\/#website\",\"url\":\"https:\\\/\\\/www.facecorner.lv\\\/\",\"name\":\"Facecorner\",\"description\":\"\",\"publisher\":{\"@id\":\"https:\\\/\\\/www.facecorner.lv\\\/#organization\"},\"potentialAction\":[{\"@type\":\"SearchAction\",\"target\":{\"@type\":\"EntryPoint\",\"urlTemplate\":\"https:\\\/\\\/www.facecorner.lv\\\/?s={search_term_string}\"},\"query-input\":{\"@type\":\"PropertyValueSpecification\",\"valueRequired\":true,\"valueName\":\"search_term_string\"}}],\"inLanguage\":\"en-US\"},{\"@type\":\"Organization\",\"@id\":\"https:\\\/\\\/www.facecorner.lv\\\/#organization\",\"name\":\"Facecorner\",\"url\":\"https:\\\/\\\/www.facecorner.lv\\\/\",\"logo\":{\"@type\":\"ImageObject\",\"inLanguage\":\"en-US\",\"@id\":\"https:\\\/\\\/www.facecorner.lv\\\/#\\\/schema\\\/logo\\\/image\\\/\",\"url\":\"https:\\\/\\\/www.facecorner.lv\\\/wp-content\\\/uploads\\\/2024\\\/04\\\/fc-logo.jpg\",\"contentUrl\":\"https:\\\/\\\/www.facecorner.lv\\\/wp-content\\\/uploads\\\/2024\\\/04\\\/fc-logo.jpg\",\"width\":174,\"height\":28,\"caption\":\"Facecorner\"},\"image\":{\"@id\":\"https:\\\/\\\/www.facecorner.lv\\\/#\\\/schema\\\/logo\\\/image\\\/\"},\"sameAs\":[\"https:\\\/\\\/www.facebook.com\\\/profile.php?id=100063824551839\",\"https:\\\/\\\/www.instagram.com\\\/facecorner_shop\\\/\"]}]}<\/script>\n<meta property=\"product:price:amount\" content=\"24.90\" \/>\n<meta property=\"product:price:currency\" content=\"EUR\" \/>\n<meta property=\"og:availability\" content=\"out of stock\" \/>\n<meta property=\"product:availability\" content=\"out of stock\" \/>\n<meta property=\"product:condition\" content=\"new\" \/>\n<!-- \/ Yoast SEO plugin. -->","yoast_head_json":{"title":"Medicube Zero Pore One-day Serum 50ml - FACECORNER","description":"Medicube Zero Pore One-day Serum ir serums ar AHA, BHA un PHA sk\u0101b\u0113m, kas paredz\u0113ts problem\u0101tiskai un taukainai \u0101dai.","robots":{"index":"index","follow":"follow","max-snippet":"max-snippet:-1","max-image-preview":"max-image-preview:large","max-video-preview":"max-video-preview:-1"},"canonical":"https:\/\/www.facecorner.lv\/en\/shop\/medicube-zero-pore-one-day-serum-50ml\/","og_locale":"en_US","og_type":"article","og_title":"Medicube Zero Pore One-day Serum 50ml - FACECORNER","og_description":"Medicube Zero Pore One-day Serum ir serums ar AHA, BHA un PHA sk\u0101b\u0113m, kas paredz\u0113ts problem\u0101tiskai un taukainai \u0101dai.","og_url":"https:\/\/www.facecorner.lv\/en\/shop\/medicube-zero-pore-one-day-serum-50ml\/","og_site_name":"FACECORNER","article_publisher":"https:\/\/www.facebook.com\/profile.php?id=100063824551839","article_modified_time":"2026-01-25T17:54:06+00:00","og_image":[{"width":950,"height":950,"url":"https:\/\/www.facecorner.lv\/wp-content\/uploads\/2024\/12\/Medicube_Zero_Pore_One_Day_Serum.webp","type":"image\/webp"}],"twitter_card":"summary_large_image","twitter_misc":{"Price":"&euro;24.90","Availability":"Out of stock"},"schema":{"@context":"https:\/\/schema.org","@graph":[{"@type":"WebPage","@id":"https:\/\/www.facecorner.lv\/shop\/medicube-zero-pore-one-day-serum-50ml\/","url":"https:\/\/www.facecorner.lv\/shop\/medicube-zero-pore-one-day-serum-50ml\/","name":"Medicube Zero Pore One-day Serum 50ml - FACECORNER","isPartOf":{"@id":"https:\/\/www.facecorner.lv\/#website"},"primaryImageOfPage":{"@id":"https:\/\/www.facecorner.lv\/shop\/medicube-zero-pore-one-day-serum-50ml\/#primaryimage"},"image":{"@id":"https:\/\/www.facecorner.lv\/shop\/medicube-zero-pore-one-day-serum-50ml\/#primaryimage"},"thumbnailUrl":"https:\/\/www.facecorner.lv\/wp-content\/uploads\/2024\/12\/Medicube_Zero_Pore_One_Day_Serum.webp","datePublished":"2024-12-05T20:04:49+00:00","dateModified":"2026-01-25T17:54:06+00:00","description":"Medicube Zero Pore One-day Serum ir serums ar AHA, BHA un PHA sk\u0101b\u0113m, kas paredz\u0113ts problem\u0101tiskai un taukainai \u0101dai.","breadcrumb":{"@id":"https:\/\/www.facecorner.lv\/shop\/medicube-zero-pore-one-day-serum-50ml\/#breadcrumb"},"inLanguage":"en-US","potentialAction":[{"@type":"ReadAction","target":["https:\/\/www.facecorner.lv\/shop\/medicube-zero-pore-one-day-serum-50ml\/"]}]},{"@type":"ImageObject","inLanguage":"en-US","@id":"https:\/\/www.facecorner.lv\/shop\/medicube-zero-pore-one-day-serum-50ml\/#primaryimage","url":"https:\/\/www.facecorner.lv\/wp-content\/uploads\/2024\/12\/Medicube_Zero_Pore_One_Day_Serum.webp","contentUrl":"https:\/\/www.facecorner.lv\/wp-content\/uploads\/2024\/12\/Medicube_Zero_Pore_One_Day_Serum.webp","width":950,"height":950,"caption":"Medicube - Zero Pore One-day Serum"},{"@type":"BreadcrumbList","@id":"https:\/\/www.facecorner.lv\/shop\/medicube-zero-pore-one-day-serum-50ml\/#breadcrumb","itemListElement":[{"@type":"ListItem","position":1,"name":"Home","item":"https:\/\/www.facecorner.lv\/"},{"@type":"ListItem","position":2,"name":"Veikals","item":"https:\/\/www.facecorner.lv\/shop\/"},{"@type":"ListItem","position":3,"name":"Medicube Zero Pore One-day Serum 50ml"}]},{"@type":"WebSite","@id":"https:\/\/www.facecorner.lv\/#website","url":"https:\/\/www.facecorner.lv\/","name":"Facecorner","description":"","publisher":{"@id":"https:\/\/www.facecorner.lv\/#organization"},"potentialAction":[{"@type":"SearchAction","target":{"@type":"EntryPoint","urlTemplate":"https:\/\/www.facecorner.lv\/?s={search_term_string}"},"query-input":{"@type":"PropertyValueSpecification","valueRequired":true,"valueName":"search_term_string"}}],"inLanguage":"en-US"},{"@type":"Organization","@id":"https:\/\/www.facecorner.lv\/#organization","name":"Facecorner","url":"https:\/\/www.facecorner.lv\/","logo":{"@type":"ImageObject","inLanguage":"en-US","@id":"https:\/\/www.facecorner.lv\/#\/schema\/logo\/image\/","url":"https:\/\/www.facecorner.lv\/wp-content\/uploads\/2024\/04\/fc-logo.jpg","contentUrl":"https:\/\/www.facecorner.lv\/wp-content\/uploads\/2024\/04\/fc-logo.jpg","width":174,"height":28,"caption":"Facecorner"},"image":{"@id":"https:\/\/www.facecorner.lv\/#\/schema\/logo\/image\/"},"sameAs":["https:\/\/www.facebook.com\/profile.php?id=100063824551839","https:\/\/www.instagram.com\/facecorner_shop\/"]}]},"product_price_amount":"24.90","product_price_currency":"EUR","og_availability":"out of stock","product_availability":"out of stock","product_condition":"new"},"_links":{"self":[{"href":"https:\/\/www.facecorner.lv\/en\/wp-json\/wp\/v2\/product\/22535","targetHints":{"allow":["GET"]}}],"collection":[{"href":"https:\/\/www.facecorner.lv\/en\/wp-json\/wp\/v2\/product"}],"about":[{"href":"https:\/\/www.facecorner.lv\/en\/wp-json\/wp\/v2\/types\/product"}],"replies":[{"embeddable":true,"href":"https:\/\/www.facecorner.lv\/en\/wp-json\/wp\/v2\/comments?post=22535"}],"wp:featuredmedia":[{"embeddable":true,"href":"https:\/\/www.facecorner.lv\/en\/wp-json\/wp\/v2\/media\/22536"}],"wp:attachment":[{"href":"https:\/\/www.facecorner.lv\/en\/wp-json\/wp\/v2\/media?parent=22535"}],"wp:term":[{"taxonomy":"product_brand","embeddable":true,"href":"https:\/\/www.facecorner.lv\/en\/wp-json\/wp\/v2\/product_brand?post=22535"},{"taxonomy":"product_cat","embeddable":true,"href":"https:\/\/www.facecorner.lv\/en\/wp-json\/wp\/v2\/product_cat?post=22535"},{"taxonomy":"product_tag","embeddable":true,"href":"https:\/\/www.facecorner.lv\/en\/wp-json\/wp\/v2\/product_tag?post=22535"},{"taxonomy":"berocket_brand","embeddable":true,"href":"https:\/\/www.facecorner.lv\/en\/wp-json\/wp\/v2\/berocket_brand?post=22535"}],"curies":[{"name":"wp","href":"https:\/\/api.w.org\/{rel}","templated":true}]}}