{"id":22530,"date":"2024-12-05T22:51:23","date_gmt":"2024-12-05T19:51:23","guid":{"rendered":"https:\/\/www.facecorner.lv\/?post_type=product&#038;p=22530"},"modified":"2025-03-15T13:53:23","modified_gmt":"2025-03-15T10:53:23","slug":"medicube-red-foam-cleanser-120-ml","status":"publish","type":"product","link":"https:\/\/www.facecorner.lv\/en\/shop\/medicube-red-foam-cleanser-120-ml\/","title":{"rendered":"Medicube Red Foam Cleanser 120 ml"},"content":{"rendered":"<p>Medicube Red Foam Cleanser\u00a0 ir putas \u0101das att\u012br\u012b\u0161anai no kosm\u0113tikas un net\u012brumiem, ieteicamas visiem \u0101das tipiem, \u012bpa\u0161i problem\u0101tiskai un taukainai \u0101dai.<\/p>\n<p>Sast\u0101vs satur salicilsk\u0101bi &#8211; BHA sk\u0101bi, kas viegli \u0161\u0137\u012bst \u0101das lip\u012bdos, padarot to par lielisku sast\u0101vda\u013cu c\u012b\u0146\u0101 pret melnajiem plankumiem un p\u0101rm\u0113r\u012bgu sebuma veido\u0161anos, k\u0101 ar\u012b pal\u012bdzot p\u012blingot epidermu. Vienlaikus sast\u0101v\u0101 eso\u0161ais bi\u0161u vasks un glicer\u012bns samazina intens\u012bvo sk\u0101bes iedarb\u012bbu, uzlabojot \u0101das mitrin\u0101\u0161anu un r\u016bp\u0113joties par t\u0101s atjauno\u0161anos jau att\u012br\u012b\u0161anas posm\u0101.<\/p>\n<p>Minim\u0101listisko formulu papildina Sophora nodosum saknes ekstrakts, kas mazina iekaisumu, nomierina un mazina problem\u0101tiskas \u0101das kairin\u0101jumu. Putas efekt\u012bvi att\u012bra \u0101du, samazina izsitumu un sebuma daudzumu, bet nesausina un nekairina.<\/p>\n<p>L\u012bdzeklim ir kr\u0113mveida tekst\u016bra, kas kop\u0101 ar \u016bdeni p\u0101rv\u0113r\u0161as biez\u0101s put\u0101s.<\/p>\n<p><strong>Bubble Pop Cleanser products fine, soft foam to cleanse away dead skin, sebum and makeup residue from your face, while hyaluronic acid moisturizes your skin.<\/strong><\/p>\n<ul>\n<li>Salicilsk\u0101be &#8211; BHA-sk\u0101be, viegli \u0161\u0137\u012bst \u0101das lip\u012bdos, t\u0101p\u0113c lieliski likvid\u0113 melnos punkti\u0146us, samazina atv\u0113rto un sl\u0113gto komedonu skaitu, ierobe\u017eo sebuma sekr\u0113ciju, samazina bakt\u0113riju skaitu, kas izraisa pinnes veido\u0161anos, maigi eksfoli\u0113 keratiniz\u0113to epidermu,<\/li>\n<li>bi\u0161u vasks &#8211; veido okluz\u012bvu pl\u0113v\u012bti uz \u0101das virsmas, aizsarg\u0101jot to no mitruma izpl\u016bdes, pa\u0101trina boj\u0101t\u0101 epidermas re\u0123ener\u0101ciju, baro,<\/li>\n<li>\u0160aurlapu sulas saknes ekstrakts &#8211; iedarbojas pretiekaisuma, nomierino\u0161i un antibakteri\u0101li,<\/li>\n<li>glicer\u012bns &#8211; mitrina un baro \u0101du.<\/li>\n<\/ul>\n<p><strong>How to use:<\/strong> Iemaisiet nedaudz l\u012bdzek\u013ca plaukst\u0101s un p\u0113c tam uzkl\u0101jiet uz mitras sejas \u0101das. Mas\u0113jiet vienu min\u016bti un p\u0113c tam r\u016bp\u012bgi noskalojiet ar siltu \u016bdeni. P\u0101rejiet uz n\u0101kamajiem \u0101das kop\u0161anas posmiem.<\/p>\n<p><strong>Ingredientes:<\/strong> <span style=\"font-size: 16px;\">Aqua, Glycerin, Palmitic Acid, Stearic Acid, Lauric Acid, Myristic Acid, Potassium Hydroxide, Glyceryl Stearate SE, Cocamide DEA, Propylene Glycol, Cera Alba, Cocamidopropyl Betaine, Glycol Distearate, PEG-60 Hydrogenated Castor Oil, Salicylic Acid (0.5%), Phenoxyethanol, Sodium Chloride, Chlorphenesin, Tocopheryl Acetate, Alcohol, Disodium EDTA, BHT, Sophora Angustifolia Root Extract.<\/span><\/p>\n<div class=\"projector__details col-12 col-md-7 col-lg-6 px-0 px-md-3\">\n<section id=\"projector_tips\" class=\"tabs__section\"><\/section>\n<section id=\"opinions_section\" class=\"tabs__section row mx-0\"><\/section>\n<section id=\"projector_ecology\" class=\"tabs__section\"><\/section>\n<section id=\"projector_questions\" class=\"tabs__section questions\"><\/section>\n<div id=\"component_projector_cms\" class=\"component_projector_cms cm col-12\">\n<div class=\"n56196_main\">\n<div class=\"n56196_sub\">\n<div class=\"_ae_desc\">\n<div>\n<div><\/div>\n<\/div>\n<\/div>\n<\/div>\n<\/div>\n<\/div>\n<\/div>\n<div class=\"projector__form col-12 col-md-5 col-lg-6 px-0 px-md-3 pl-md-5\">\n<form id=\"projector_form\" class=\"mb-2 mb-md-5   enable\" action=\"https:\/\/cosibella.com.ua\/basketchange.php\" method=\"post\" data-product_id=\"22700\" data-product_name=\"Medicube - Red Foam Cleanser - \u041f\u0435\u043d\u043a\u0430 \u0434\u043b\u044f \u0443\u043c\u044b\u0432\u0430\u043d\u0438\u044f \u043b\u0438\u0446\u0430 - 120ml\" data-list=\"projector\" data-product_parent_categories=\"\/\u0423\u0445\u043e\u0434\/\u041f\u043e\u0442\u0440\u0435\u0431\u043d\u043e\u0441\u0442\u0438 \u043a\u043e\u0436\u0438\/\" data-product_price=\"750.00\" data-product_dimension=\"In Stock\" data-product_category=\"\" data-product_variant=\"\" data-product_brand=\"Medicube\">\n<section id=\"projector_productname\" class=\"product_name d-flex flex-wrap mb-2 mb-sm-4\">\n<div class=\"product_name__wrapper\"><\/div>\n<\/section>\n<\/form>\n<\/div>","protected":false},"excerpt":{"rendered":"<p>Medicube Red Foam Cleanser\u00a0 ir putas \u0101das att\u012br\u012b\u0161anai no kosm\u0113tikas un net\u012brumiem, ieteicamas visiem \u0101das tipiem, \u012bpa\u0161i problem\u0101tiskai un taukainai \u0101dai.<\/p>","protected":false},"featured_media":22531,"comment_status":"open","ping_status":"closed","template":"","meta":{"site-sidebar-layout":"default","site-content-layout":"","ast-site-content-layout":"default","site-content-style":"default","site-sidebar-style":"default","ast-global-header-display":"","ast-banner-title-visibility":"","ast-main-header-display":"","ast-hfb-above-header-display":"","ast-hfb-below-header-display":"","ast-hfb-mobile-header-display":"","site-post-title":"","ast-breadcrumbs-content":"","ast-featured-img":"","footer-sml-layout":"","theme-transparent-header-meta":"default","adv-header-id-meta":"","stick-header-meta":"","header-above-stick-meta":"","header-main-stick-meta":"","header-below-stick-meta":"","astra-migrate-meta-layouts":"set","ast-page-background-enabled":"default","ast-page-background-meta":{"desktop":{"background-color":"var(--ast-global-color-4)","background-image":"","background-repeat":"repeat","background-position":"center center","background-size":"auto","background-attachment":"scroll","background-type":"","background-media":"","overlay-type":"","overlay-color":"","overlay-opacity":"","overlay-gradient":""},"tablet":{"background-color":"","background-image":"","background-repeat":"repeat","background-position":"center center","background-size":"auto","background-attachment":"scroll","background-type":"","background-media":"","overlay-type":"","overlay-color":"","overlay-opacity":"","overlay-gradient":""},"mobile":{"background-color":"","background-image":"","background-repeat":"repeat","background-position":"center center","background-size":"auto","background-attachment":"scroll","background-type":"","background-media":"","overlay-type":"","overlay-color":"","overlay-opacity":"","overlay-gradient":""}},"ast-content-background-meta":{"desktop":{"background-color":"var(--ast-global-color-5)","background-image":"","background-repeat":"repeat","background-position":"center center","background-size":"auto","background-attachment":"scroll","background-type":"","background-media":"","overlay-type":"","overlay-color":"","overlay-opacity":"","overlay-gradient":""},"tablet":{"background-color":"var(--ast-global-color-5)","background-image":"","background-repeat":"repeat","background-position":"center center","background-size":"auto","background-attachment":"scroll","background-type":"","background-media":"","overlay-type":"","overlay-color":"","overlay-opacity":"","overlay-gradient":""},"mobile":{"background-color":"var(--ast-global-color-5)","background-image":"","background-repeat":"repeat","background-position":"center center","background-size":"auto","background-attachment":"scroll","background-type":"","background-media":"","overlay-type":"","overlay-color":"","overlay-opacity":"","overlay-gradient":""}}},"product_brand":[],"product_cat":[310,312,313],"product_tag":[],"berocket_brand":[579],"class_list":{"0":"post-22530","1":"product","2":"type-product","3":"status-publish","4":"has-post-thumbnail","6":"product_cat-attirisana","7":"product_cat-kombinetai-adai-attirisana","8":"product_cat-problematiskai-adai-attirisana","9":"berocket_brand-medicube","10":"desktop-align-left","11":"tablet-align-left","12":"mobile-align-left","14":"first","15":"outofstock","16":"taxable","17":"shipping-taxable","18":"purchasable","19":"product-type-simple","20":"add-to-wishlist-before_image"},"yoast_head":"<!-- This site is optimized with the Yoast SEO plugin v27.4 - https:\/\/yoast.com\/product\/yoast-seo-wordpress\/ -->\n<title>Medicube Red Foam Cleanser 120 ml - FACECORNER<\/title>\n<meta name=\"description\" content=\"Medicube Red Foam Cleanser\u00a0 ir putas \u0101das att\u012br\u012b\u0161anai no kosm\u0113tikas un net\u012brumiem, ieteicamas visiem \u0101das tipiem, \u012bpa\u0161i problem\u0101tiskai un taukainai \u0101dai.\" \/>\n<meta name=\"robots\" content=\"index, follow, max-snippet:-1, max-image-preview:large, max-video-preview:-1\" \/>\n<link rel=\"canonical\" href=\"https:\/\/www.facecorner.lv\/en\/shop\/medicube-red-foam-cleanser-120-ml\/\" \/>\n<meta property=\"og:locale\" content=\"en_US\" \/>\n<meta property=\"og:type\" content=\"article\" \/>\n<meta property=\"og:title\" content=\"Medicube Red Foam Cleanser 120 ml - FACECORNER\" \/>\n<meta property=\"og:description\" content=\"Medicube Red Foam Cleanser\u00a0 ir putas \u0101das att\u012br\u012b\u0161anai no kosm\u0113tikas un net\u012brumiem, ieteicamas visiem \u0101das tipiem, \u012bpa\u0161i problem\u0101tiskai un taukainai \u0101dai.\" \/>\n<meta property=\"og:url\" content=\"https:\/\/www.facecorner.lv\/en\/shop\/medicube-red-foam-cleanser-120-ml\/\" \/>\n<meta property=\"og:site_name\" content=\"FACECORNER\" \/>\n<meta property=\"article:publisher\" content=\"https:\/\/www.facebook.com\/profile.php?id=100063824551839\" \/>\n<meta property=\"article:modified_time\" content=\"2025-03-15T10:53:23+00:00\" \/>\n<meta property=\"og:image\" content=\"https:\/\/www.facecorner.lv\/wp-content\/uploads\/2024\/12\/611y9FwZO7L.jpg\" \/>\n\t<meta property=\"og:image:width\" content=\"2000\" \/>\n\t<meta property=\"og:image:height\" content=\"2000\" \/>\n\t<meta property=\"og:image:type\" content=\"image\/jpeg\" \/>\n<meta name=\"twitter:card\" content=\"summary_large_image\" \/>\n<meta name=\"twitter:label1\" content=\"Price\" \/>\n\t<meta name=\"twitter:data1\" content=\"&euro;29.90\" \/>\n\t<meta name=\"twitter:label2\" content=\"Availability\" \/>\n\t<meta name=\"twitter:data2\" content=\"Out of stock\" \/>\n<script type=\"application\/ld+json\" class=\"yoast-schema-graph\">{\"@context\":\"https:\\\/\\\/schema.org\",\"@graph\":[{\"@type\":\"WebPage\",\"@id\":\"https:\\\/\\\/www.facecorner.lv\\\/shop\\\/medicube-red-foam-cleanser-120-ml\\\/\",\"url\":\"https:\\\/\\\/www.facecorner.lv\\\/shop\\\/medicube-red-foam-cleanser-120-ml\\\/\",\"name\":\"Medicube Red Foam Cleanser 120 ml - FACECORNER\",\"isPartOf\":{\"@id\":\"https:\\\/\\\/www.facecorner.lv\\\/#website\"},\"primaryImageOfPage\":{\"@id\":\"https:\\\/\\\/www.facecorner.lv\\\/shop\\\/medicube-red-foam-cleanser-120-ml\\\/#primaryimage\"},\"image\":{\"@id\":\"https:\\\/\\\/www.facecorner.lv\\\/shop\\\/medicube-red-foam-cleanser-120-ml\\\/#primaryimage\"},\"thumbnailUrl\":\"https:\\\/\\\/www.facecorner.lv\\\/wp-content\\\/uploads\\\/2024\\\/12\\\/611y9FwZO7L.jpg\",\"datePublished\":\"2024-12-05T19:51:23+00:00\",\"dateModified\":\"2025-03-15T10:53:23+00:00\",\"description\":\"Medicube Red Foam Cleanser\u00a0 ir putas \u0101das att\u012br\u012b\u0161anai no kosm\u0113tikas un net\u012brumiem, ieteicamas visiem \u0101das tipiem, \u012bpa\u0161i problem\u0101tiskai un taukainai \u0101dai.\",\"breadcrumb\":{\"@id\":\"https:\\\/\\\/www.facecorner.lv\\\/shop\\\/medicube-red-foam-cleanser-120-ml\\\/#breadcrumb\"},\"inLanguage\":\"en-US\",\"potentialAction\":[{\"@type\":\"ReadAction\",\"target\":[\"https:\\\/\\\/www.facecorner.lv\\\/shop\\\/medicube-red-foam-cleanser-120-ml\\\/\"]}]},{\"@type\":\"ImageObject\",\"inLanguage\":\"en-US\",\"@id\":\"https:\\\/\\\/www.facecorner.lv\\\/shop\\\/medicube-red-foam-cleanser-120-ml\\\/#primaryimage\",\"url\":\"https:\\\/\\\/www.facecorner.lv\\\/wp-content\\\/uploads\\\/2024\\\/12\\\/611y9FwZO7L.jpg\",\"contentUrl\":\"https:\\\/\\\/www.facecorner.lv\\\/wp-content\\\/uploads\\\/2024\\\/12\\\/611y9FwZO7L.jpg\",\"width\":2000,\"height\":2000,\"caption\":\"Version 1.0.0\"},{\"@type\":\"BreadcrumbList\",\"@id\":\"https:\\\/\\\/www.facecorner.lv\\\/shop\\\/medicube-red-foam-cleanser-120-ml\\\/#breadcrumb\",\"itemListElement\":[{\"@type\":\"ListItem\",\"position\":1,\"name\":\"Home\",\"item\":\"https:\\\/\\\/www.facecorner.lv\\\/\"},{\"@type\":\"ListItem\",\"position\":2,\"name\":\"Veikals\",\"item\":\"https:\\\/\\\/www.facecorner.lv\\\/shop\\\/\"},{\"@type\":\"ListItem\",\"position\":3,\"name\":\"Medicube Red Foam Cleanser 120 ml\"}]},{\"@type\":\"WebSite\",\"@id\":\"https:\\\/\\\/www.facecorner.lv\\\/#website\",\"url\":\"https:\\\/\\\/www.facecorner.lv\\\/\",\"name\":\"Facecorner\",\"description\":\"\",\"publisher\":{\"@id\":\"https:\\\/\\\/www.facecorner.lv\\\/#organization\"},\"potentialAction\":[{\"@type\":\"SearchAction\",\"target\":{\"@type\":\"EntryPoint\",\"urlTemplate\":\"https:\\\/\\\/www.facecorner.lv\\\/?s={search_term_string}\"},\"query-input\":{\"@type\":\"PropertyValueSpecification\",\"valueRequired\":true,\"valueName\":\"search_term_string\"}}],\"inLanguage\":\"en-US\"},{\"@type\":\"Organization\",\"@id\":\"https:\\\/\\\/www.facecorner.lv\\\/#organization\",\"name\":\"Facecorner\",\"url\":\"https:\\\/\\\/www.facecorner.lv\\\/\",\"logo\":{\"@type\":\"ImageObject\",\"inLanguage\":\"en-US\",\"@id\":\"https:\\\/\\\/www.facecorner.lv\\\/#\\\/schema\\\/logo\\\/image\\\/\",\"url\":\"https:\\\/\\\/www.facecorner.lv\\\/wp-content\\\/uploads\\\/2024\\\/04\\\/fc-logo.jpg\",\"contentUrl\":\"https:\\\/\\\/www.facecorner.lv\\\/wp-content\\\/uploads\\\/2024\\\/04\\\/fc-logo.jpg\",\"width\":174,\"height\":28,\"caption\":\"Facecorner\"},\"image\":{\"@id\":\"https:\\\/\\\/www.facecorner.lv\\\/#\\\/schema\\\/logo\\\/image\\\/\"},\"sameAs\":[\"https:\\\/\\\/www.facebook.com\\\/profile.php?id=100063824551839\",\"https:\\\/\\\/www.instagram.com\\\/facecorner_shop\\\/\"]}]}<\/script>\n<meta property=\"product:price:amount\" content=\"29.90\" \/>\n<meta property=\"product:price:currency\" content=\"EUR\" \/>\n<meta property=\"og:availability\" content=\"out of stock\" \/>\n<meta property=\"product:availability\" content=\"out of stock\" \/>\n<meta property=\"product:condition\" content=\"new\" \/>\n<!-- \/ Yoast SEO plugin. -->","yoast_head_json":{"title":"Medicube Red Foam Cleanser 120 ml - FACECORNER","description":"Medicube Red Foam Cleanser\u00a0 ir putas \u0101das att\u012br\u012b\u0161anai no kosm\u0113tikas un net\u012brumiem, ieteicamas visiem \u0101das tipiem, \u012bpa\u0161i problem\u0101tiskai un taukainai \u0101dai.","robots":{"index":"index","follow":"follow","max-snippet":"max-snippet:-1","max-image-preview":"max-image-preview:large","max-video-preview":"max-video-preview:-1"},"canonical":"https:\/\/www.facecorner.lv\/en\/shop\/medicube-red-foam-cleanser-120-ml\/","og_locale":"en_US","og_type":"article","og_title":"Medicube Red Foam Cleanser 120 ml - FACECORNER","og_description":"Medicube Red Foam Cleanser\u00a0 ir putas \u0101das att\u012br\u012b\u0161anai no kosm\u0113tikas un net\u012brumiem, ieteicamas visiem \u0101das tipiem, \u012bpa\u0161i problem\u0101tiskai un taukainai \u0101dai.","og_url":"https:\/\/www.facecorner.lv\/en\/shop\/medicube-red-foam-cleanser-120-ml\/","og_site_name":"FACECORNER","article_publisher":"https:\/\/www.facebook.com\/profile.php?id=100063824551839","article_modified_time":"2025-03-15T10:53:23+00:00","og_image":[{"width":2000,"height":2000,"url":"https:\/\/www.facecorner.lv\/wp-content\/uploads\/2024\/12\/611y9FwZO7L.jpg","type":"image\/jpeg"}],"twitter_card":"summary_large_image","twitter_misc":{"Price":"&euro;29.90","Availability":"Out of stock"},"schema":{"@context":"https:\/\/schema.org","@graph":[{"@type":"WebPage","@id":"https:\/\/www.facecorner.lv\/shop\/medicube-red-foam-cleanser-120-ml\/","url":"https:\/\/www.facecorner.lv\/shop\/medicube-red-foam-cleanser-120-ml\/","name":"Medicube Red Foam Cleanser 120 ml - FACECORNER","isPartOf":{"@id":"https:\/\/www.facecorner.lv\/#website"},"primaryImageOfPage":{"@id":"https:\/\/www.facecorner.lv\/shop\/medicube-red-foam-cleanser-120-ml\/#primaryimage"},"image":{"@id":"https:\/\/www.facecorner.lv\/shop\/medicube-red-foam-cleanser-120-ml\/#primaryimage"},"thumbnailUrl":"https:\/\/www.facecorner.lv\/wp-content\/uploads\/2024\/12\/611y9FwZO7L.jpg","datePublished":"2024-12-05T19:51:23+00:00","dateModified":"2025-03-15T10:53:23+00:00","description":"Medicube Red Foam Cleanser\u00a0 ir putas \u0101das att\u012br\u012b\u0161anai no kosm\u0113tikas un net\u012brumiem, ieteicamas visiem \u0101das tipiem, \u012bpa\u0161i problem\u0101tiskai un taukainai \u0101dai.","breadcrumb":{"@id":"https:\/\/www.facecorner.lv\/shop\/medicube-red-foam-cleanser-120-ml\/#breadcrumb"},"inLanguage":"en-US","potentialAction":[{"@type":"ReadAction","target":["https:\/\/www.facecorner.lv\/shop\/medicube-red-foam-cleanser-120-ml\/"]}]},{"@type":"ImageObject","inLanguage":"en-US","@id":"https:\/\/www.facecorner.lv\/shop\/medicube-red-foam-cleanser-120-ml\/#primaryimage","url":"https:\/\/www.facecorner.lv\/wp-content\/uploads\/2024\/12\/611y9FwZO7L.jpg","contentUrl":"https:\/\/www.facecorner.lv\/wp-content\/uploads\/2024\/12\/611y9FwZO7L.jpg","width":2000,"height":2000,"caption":"Version 1.0.0"},{"@type":"BreadcrumbList","@id":"https:\/\/www.facecorner.lv\/shop\/medicube-red-foam-cleanser-120-ml\/#breadcrumb","itemListElement":[{"@type":"ListItem","position":1,"name":"Home","item":"https:\/\/www.facecorner.lv\/"},{"@type":"ListItem","position":2,"name":"Veikals","item":"https:\/\/www.facecorner.lv\/shop\/"},{"@type":"ListItem","position":3,"name":"Medicube Red Foam Cleanser 120 ml"}]},{"@type":"WebSite","@id":"https:\/\/www.facecorner.lv\/#website","url":"https:\/\/www.facecorner.lv\/","name":"Facecorner","description":"","publisher":{"@id":"https:\/\/www.facecorner.lv\/#organization"},"potentialAction":[{"@type":"SearchAction","target":{"@type":"EntryPoint","urlTemplate":"https:\/\/www.facecorner.lv\/?s={search_term_string}"},"query-input":{"@type":"PropertyValueSpecification","valueRequired":true,"valueName":"search_term_string"}}],"inLanguage":"en-US"},{"@type":"Organization","@id":"https:\/\/www.facecorner.lv\/#organization","name":"Facecorner","url":"https:\/\/www.facecorner.lv\/","logo":{"@type":"ImageObject","inLanguage":"en-US","@id":"https:\/\/www.facecorner.lv\/#\/schema\/logo\/image\/","url":"https:\/\/www.facecorner.lv\/wp-content\/uploads\/2024\/04\/fc-logo.jpg","contentUrl":"https:\/\/www.facecorner.lv\/wp-content\/uploads\/2024\/04\/fc-logo.jpg","width":174,"height":28,"caption":"Facecorner"},"image":{"@id":"https:\/\/www.facecorner.lv\/#\/schema\/logo\/image\/"},"sameAs":["https:\/\/www.facebook.com\/profile.php?id=100063824551839","https:\/\/www.instagram.com\/facecorner_shop\/"]}]},"product_price_amount":"29.90","product_price_currency":"EUR","og_availability":"out of stock","product_availability":"out of stock","product_condition":"new"},"_links":{"self":[{"href":"https:\/\/www.facecorner.lv\/en\/wp-json\/wp\/v2\/product\/22530","targetHints":{"allow":["GET"]}}],"collection":[{"href":"https:\/\/www.facecorner.lv\/en\/wp-json\/wp\/v2\/product"}],"about":[{"href":"https:\/\/www.facecorner.lv\/en\/wp-json\/wp\/v2\/types\/product"}],"replies":[{"embeddable":true,"href":"https:\/\/www.facecorner.lv\/en\/wp-json\/wp\/v2\/comments?post=22530"}],"wp:featuredmedia":[{"embeddable":true,"href":"https:\/\/www.facecorner.lv\/en\/wp-json\/wp\/v2\/media\/22531"}],"wp:attachment":[{"href":"https:\/\/www.facecorner.lv\/en\/wp-json\/wp\/v2\/media?parent=22530"}],"wp:term":[{"taxonomy":"product_brand","embeddable":true,"href":"https:\/\/www.facecorner.lv\/en\/wp-json\/wp\/v2\/product_brand?post=22530"},{"taxonomy":"product_cat","embeddable":true,"href":"https:\/\/www.facecorner.lv\/en\/wp-json\/wp\/v2\/product_cat?post=22530"},{"taxonomy":"product_tag","embeddable":true,"href":"https:\/\/www.facecorner.lv\/en\/wp-json\/wp\/v2\/product_tag?post=22530"},{"taxonomy":"berocket_brand","embeddable":true,"href":"https:\/\/www.facecorner.lv\/en\/wp-json\/wp\/v2\/berocket_brand?post=22530"}],"curies":[{"name":"wp","href":"https:\/\/api.w.org\/{rel}","templated":true}]}}