{"id":22528,"date":"2024-12-05T22:44:09","date_gmt":"2024-12-05T19:44:09","guid":{"rendered":"https:\/\/www.facecorner.lv\/?post_type=product&#038;p=22528"},"modified":"2026-02-12T17:21:04","modified_gmt":"2026-02-12T14:21:04","slug":"medicube-zero-pore-serum-2-0-37ml","status":"publish","type":"product","link":"https:\/\/www.facecorner.lv\/en\/shop\/medicube-zero-pore-serum-2-0-37ml\/","title":{"rendered":"Medicube Zero Pore Serum 2.0 37ml"},"content":{"rendered":"<p>Medicube Zero Pore Serum 2.0 ir \u012bpa\u0161i izstr\u0101d\u0101ts, lai \u0101rst\u0113tu problem\u0101tisku \u0101du ar papla\u0161in\u0101t\u0101m por\u0101m.<\/p>\n<p>Sebumu regul\u0113jo\u0161ais poras aizsprostojo\u0161ais serums iz\u0161\u0137\u012bdina keratiniz\u0113t\u0101s da\u013ci\u0146as un lieko sebumu, kas aizsprosto poras un var izrais\u012bt iekaisumu. Tas nomierina sakairin\u0101tu \u0101du, tam piem\u012bt pretiekaisuma iedarb\u012bba, tas sa\u0161aurina poras, padara t\u0101s maz\u0101k redzamas, normaliz\u0113 tauku dziedzeru darb\u012bbu, kas padara \u0101du mat\u0113tu un bez taukain\u012bbas uz sejas dienas laik\u0101.<\/p>\n<p>Patent\u0113ts Anti Sebum P komplekss, kas ietver akt\u012bv\u0101s sast\u0101vda\u013cas, kuras pal\u012bdz uzlabot \u0101das st\u0101vokli. T\u0101s kontrol\u0113 p\u0101rm\u0113r\u012bgu sebuma veido\u0161anos, att\u012bra poras un pal\u012bdz izgaismot melnos plankumus. Serums ar\u012b intens\u012bvi mitrina \u0101du un izl\u012bdzina \u0101das strukt\u016bru.<\/p>\n<p>Zero Pore Serum 2.0 ir veiksm\u012bgi iztur\u0113jis 7 da\u017e\u0101dus kl\u012bniskos p\u0113t\u012bjumus. Korejas Dermatolo\u0123ijas zin\u0101t\u0146u instit\u016bts veica kl\u012bniskos izm\u0113\u0123in\u0101jumus un pier\u0101d\u012bja, ka tas sa\u0161aurina poras. T\u0101 sast\u0101v\u0101 ir dab\u012bgas sast\u0101vda\u013cas, kas iztur\u0113ju\u0161as hipoaler\u0123ijas testu, t\u0101p\u0113c tas ir piem\u0113rots jut\u012bgai \u0101dai.<\/p>\n<p>Serums maigi kl\u0101jas, uzreiz uzs\u016bcas un sniedz atsvaidzin\u0101juma saj\u016btu.<\/p>\n<p><strong>Serumu ieteicams lietot jauktai, taukainai \u0101dai ar papla\u0161in\u0101t\u0101m por\u0101m.<\/strong><\/p>\n<p><strong>How to use:<\/strong> Nepiecie\u0161amo produkta daudzumu ar mas\u0113jo\u0161\u0101m kust\u012bb\u0101m uzkl\u0101t uz toniz\u0113tas sejas. P\u0113c tam l\u012bdzeklis j\u0101sedz ar kr\u0113mu.<\/p>\n<p><strong>Ingredientes:<\/strong> Aqua, Butylene Glycol, Dimethicone\/Vinyl Dimethicone Crosspolymer, Cyclopentasiloxane, Cetyl Ethylhexanoate, Cyclohexasiloxane, Polysorbate 60, Bis-PEG-18 Methyl Ether Dimethyl Silane, Dimethicone, Phenoxyethanol, Glyceryl Stearate, PEG-100 Stearate, Chlorphenesin, Tromethamine, Acrylates\/C10-30 Alkyl Acrylate Crosspolymer, Polyacrylate-13, Ethylhexylglycerin, Caprylyl Glycol, Isoceteth-10, Isoceteth-25, Parfum, Polyisobutene, Carbomer, Disodium EDTA, Mentha Rotundifolia Leaf Extract, Citrus Aurantifolia (Lime) Peel Extract, Cymbopogon Schoenanthus Extract, Polysorbate 20, Sorbitan Isostearate, Camellia Japonica Flower Extract, Fomes Officinalis (Mushroom) Extract, 1,2-Hexanediol, Cinnamomum Zeylanicum Bark Extract, Uncaria Gambir Extract, Nelumbo Nucifera Flower Extract, Pelargonium Graveolens Extract, Sanguisorba Officinalis Root Extract, BHT, Sodium Polyacrylate, Pinus Palustris Leaf Extract, Pueraria Lobata Root Extract, Ulmus Davidiana Root Extract, Oenothera Biennis (Evening Primrose) Flower Extract, Linalool, Limonene<\/p>","protected":false},"excerpt":{"rendered":"<p>Sebumu regul\u0113jo\u0161ais poras aizsprostojo\u0161ais serums iz\u0161\u0137\u012bdina keratiniz\u0113t\u0101s da\u013ci\u0146as un lieko sebumu, kas aizsprosto poras un var izrais\u012bt iekaisumu. Tas nomierina sakairin\u0101tu \u0101du, tam piem\u012bt pretiekaisuma iedarb\u012bba, tas sa\u0161aurina poras, padara t\u0101s maz\u0101k redzamas, normaliz\u0113 tauku dziedzeru darb\u012bbu, kas padara \u0101du mat\u0113tu un bez taukain\u012bbas uz sejas dienas laik\u0101.<\/p>","protected":false},"featured_media":22529,"comment_status":"open","ping_status":"closed","template":"","meta":{"site-sidebar-layout":"default","site-content-layout":"","ast-site-content-layout":"default","site-content-style":"default","site-sidebar-style":"default","ast-global-header-display":"","ast-banner-title-visibility":"","ast-main-header-display":"","ast-hfb-above-header-display":"","ast-hfb-below-header-display":"","ast-hfb-mobile-header-display":"","site-post-title":"","ast-breadcrumbs-content":"","ast-featured-img":"","footer-sml-layout":"","theme-transparent-header-meta":"default","adv-header-id-meta":"","stick-header-meta":"","header-above-stick-meta":"","header-main-stick-meta":"","header-below-stick-meta":"","astra-migrate-meta-layouts":"set","ast-page-background-enabled":"default","ast-page-background-meta":{"desktop":{"background-color":"var(--ast-global-color-4)","background-image":"","background-repeat":"repeat","background-position":"center center","background-size":"auto","background-attachment":"scroll","background-type":"","background-media":"","overlay-type":"","overlay-color":"","overlay-opacity":"","overlay-gradient":""},"tablet":{"background-color":"","background-image":"","background-repeat":"repeat","background-position":"center center","background-size":"auto","background-attachment":"scroll","background-type":"","background-media":"","overlay-type":"","overlay-color":"","overlay-opacity":"","overlay-gradient":""},"mobile":{"background-color":"","background-image":"","background-repeat":"repeat","background-position":"center center","background-size":"auto","background-attachment":"scroll","background-type":"","background-media":"","overlay-type":"","overlay-color":"","overlay-opacity":"","overlay-gradient":""}},"ast-content-background-meta":{"desktop":{"background-color":"var(--ast-global-color-5)","background-image":"","background-repeat":"repeat","background-position":"center center","background-size":"auto","background-attachment":"scroll","background-type":"","background-media":"","overlay-type":"","overlay-color":"","overlay-opacity":"","overlay-gradient":""},"tablet":{"background-color":"var(--ast-global-color-5)","background-image":"","background-repeat":"repeat","background-position":"center center","background-size":"auto","background-attachment":"scroll","background-type":"","background-media":"","overlay-type":"","overlay-color":"","overlay-opacity":"","overlay-gradient":""},"mobile":{"background-color":"var(--ast-global-color-5)","background-image":"","background-repeat":"repeat","background-position":"center center","background-size":"auto","background-attachment":"scroll","background-type":"","background-media":"","overlay-type":"","overlay-color":"","overlay-opacity":"","overlay-gradient":""}}},"product_brand":[],"product_cat":[373,374,363],"product_tag":[],"berocket_brand":[579],"class_list":{"0":"post-22528","1":"product","2":"type-product","3":"status-publish","4":"has-post-thumbnail","6":"product_cat-poras-sasaurinoss","7":"product_cat-pret-pinnem","8":"product_cat-serumi","9":"berocket_brand-medicube","10":"desktop-align-left","11":"tablet-align-left","12":"mobile-align-left","14":"first","15":"outofstock","16":"taxable","17":"shipping-taxable","18":"purchasable","19":"product-type-simple","20":"add-to-wishlist-before_image"},"yoast_head":"<!-- This site is optimized with the Yoast SEO plugin v27.3 - https:\/\/yoast.com\/product\/yoast-seo-wordpress\/ -->\n<title>Medicube Zero Pore Serum 2.0 37ml - FACECORNER<\/title>\n<meta name=\"description\" content=\"Medicube Zero Pore Serum 2.0 ir \u012bpa\u0161i izstr\u0101d\u0101ts, lai \u0101rst\u0113tu problem\u0101tisku \u0101du ar papla\u0161in\u0101t\u0101m por\u0101m.Sebumu regul\u0113jo\u0161ais poras aizsprostojo\u0161ais serums\" \/>\n<meta name=\"robots\" content=\"index, follow, max-snippet:-1, max-image-preview:large, max-video-preview:-1\" \/>\n<link rel=\"canonical\" href=\"https:\/\/www.facecorner.lv\/en\/shop\/medicube-zero-pore-serum-2-0-37ml\/\" \/>\n<meta property=\"og:locale\" content=\"en_US\" \/>\n<meta property=\"og:type\" content=\"article\" \/>\n<meta property=\"og:title\" content=\"Medicube Zero Pore Serum 2.0 37ml - FACECORNER\" \/>\n<meta property=\"og:description\" content=\"Medicube Zero Pore Serum 2.0 ir \u012bpa\u0161i izstr\u0101d\u0101ts, lai \u0101rst\u0113tu problem\u0101tisku \u0101du ar papla\u0161in\u0101t\u0101m por\u0101m.Sebumu regul\u0113jo\u0161ais poras aizsprostojo\u0161ais serums\" \/>\n<meta property=\"og:url\" content=\"https:\/\/www.facecorner.lv\/en\/shop\/medicube-zero-pore-serum-2-0-37ml\/\" \/>\n<meta property=\"og:site_name\" content=\"FACECORNER\" \/>\n<meta property=\"article:publisher\" content=\"https:\/\/www.facebook.com\/profile.php?id=100063824551839\" \/>\n<meta property=\"article:modified_time\" content=\"2026-02-12T14:21:04+00:00\" \/>\n<meta property=\"og:image\" content=\"https:\/\/www.facecorner.lv\/wp-content\/uploads\/2024\/12\/zero-pore-serum-2-0-40409681559808.webp\" \/>\n\t<meta property=\"og:image:width\" content=\"1080\" \/>\n\t<meta property=\"og:image:height\" content=\"1080\" \/>\n\t<meta property=\"og:image:type\" content=\"image\/webp\" \/>\n<meta name=\"twitter:card\" content=\"summary_large_image\" \/>\n<meta name=\"twitter:label1\" content=\"Price\" \/>\n\t<meta name=\"twitter:data1\" content=\"&euro;29.74\" \/>\n\t<meta name=\"twitter:label2\" content=\"Availability\" \/>\n\t<meta name=\"twitter:data2\" content=\"Out of stock\" \/>\n<script type=\"application\/ld+json\" class=\"yoast-schema-graph\">{\"@context\":\"https:\\\/\\\/schema.org\",\"@graph\":[{\"@type\":\"WebPage\",\"@id\":\"https:\\\/\\\/www.facecorner.lv\\\/shop\\\/medicube-zero-pore-serum-2-0-37ml\\\/\",\"url\":\"https:\\\/\\\/www.facecorner.lv\\\/shop\\\/medicube-zero-pore-serum-2-0-37ml\\\/\",\"name\":\"Medicube Zero Pore Serum 2.0 37ml - FACECORNER\",\"isPartOf\":{\"@id\":\"https:\\\/\\\/www.facecorner.lv\\\/#website\"},\"primaryImageOfPage\":{\"@id\":\"https:\\\/\\\/www.facecorner.lv\\\/shop\\\/medicube-zero-pore-serum-2-0-37ml\\\/#primaryimage\"},\"image\":{\"@id\":\"https:\\\/\\\/www.facecorner.lv\\\/shop\\\/medicube-zero-pore-serum-2-0-37ml\\\/#primaryimage\"},\"thumbnailUrl\":\"https:\\\/\\\/www.facecorner.lv\\\/wp-content\\\/uploads\\\/2024\\\/12\\\/zero-pore-serum-2-0-40409681559808.webp\",\"datePublished\":\"2024-12-05T19:44:09+00:00\",\"dateModified\":\"2026-02-12T14:21:04+00:00\",\"description\":\"Medicube Zero Pore Serum 2.0 ir \u012bpa\u0161i izstr\u0101d\u0101ts, lai \u0101rst\u0113tu problem\u0101tisku \u0101du ar papla\u0161in\u0101t\u0101m por\u0101m.Sebumu regul\u0113jo\u0161ais poras aizsprostojo\u0161ais serums\",\"breadcrumb\":{\"@id\":\"https:\\\/\\\/www.facecorner.lv\\\/shop\\\/medicube-zero-pore-serum-2-0-37ml\\\/#breadcrumb\"},\"inLanguage\":\"en-US\",\"potentialAction\":[{\"@type\":\"ReadAction\",\"target\":[\"https:\\\/\\\/www.facecorner.lv\\\/shop\\\/medicube-zero-pore-serum-2-0-37ml\\\/\"]}]},{\"@type\":\"ImageObject\",\"inLanguage\":\"en-US\",\"@id\":\"https:\\\/\\\/www.facecorner.lv\\\/shop\\\/medicube-zero-pore-serum-2-0-37ml\\\/#primaryimage\",\"url\":\"https:\\\/\\\/www.facecorner.lv\\\/wp-content\\\/uploads\\\/2024\\\/12\\\/zero-pore-serum-2-0-40409681559808.webp\",\"contentUrl\":\"https:\\\/\\\/www.facecorner.lv\\\/wp-content\\\/uploads\\\/2024\\\/12\\\/zero-pore-serum-2-0-40409681559808.webp\",\"width\":1080,\"height\":1080,\"caption\":\"Medicube Zero Pore Serum 2.0 37ml\"},{\"@type\":\"BreadcrumbList\",\"@id\":\"https:\\\/\\\/www.facecorner.lv\\\/shop\\\/medicube-zero-pore-serum-2-0-37ml\\\/#breadcrumb\",\"itemListElement\":[{\"@type\":\"ListItem\",\"position\":1,\"name\":\"Home\",\"item\":\"https:\\\/\\\/www.facecorner.lv\\\/\"},{\"@type\":\"ListItem\",\"position\":2,\"name\":\"Veikals\",\"item\":\"https:\\\/\\\/www.facecorner.lv\\\/shop\\\/\"},{\"@type\":\"ListItem\",\"position\":3,\"name\":\"Medicube Zero Pore Serum 2.0 37ml\"}]},{\"@type\":\"WebSite\",\"@id\":\"https:\\\/\\\/www.facecorner.lv\\\/#website\",\"url\":\"https:\\\/\\\/www.facecorner.lv\\\/\",\"name\":\"Facecorner\",\"description\":\"\",\"publisher\":{\"@id\":\"https:\\\/\\\/www.facecorner.lv\\\/#organization\"},\"potentialAction\":[{\"@type\":\"SearchAction\",\"target\":{\"@type\":\"EntryPoint\",\"urlTemplate\":\"https:\\\/\\\/www.facecorner.lv\\\/?s={search_term_string}\"},\"query-input\":{\"@type\":\"PropertyValueSpecification\",\"valueRequired\":true,\"valueName\":\"search_term_string\"}}],\"inLanguage\":\"en-US\"},{\"@type\":\"Organization\",\"@id\":\"https:\\\/\\\/www.facecorner.lv\\\/#organization\",\"name\":\"Facecorner\",\"url\":\"https:\\\/\\\/www.facecorner.lv\\\/\",\"logo\":{\"@type\":\"ImageObject\",\"inLanguage\":\"en-US\",\"@id\":\"https:\\\/\\\/www.facecorner.lv\\\/#\\\/schema\\\/logo\\\/image\\\/\",\"url\":\"https:\\\/\\\/www.facecorner.lv\\\/wp-content\\\/uploads\\\/2024\\\/04\\\/fc-logo.jpg\",\"contentUrl\":\"https:\\\/\\\/www.facecorner.lv\\\/wp-content\\\/uploads\\\/2024\\\/04\\\/fc-logo.jpg\",\"width\":174,\"height\":28,\"caption\":\"Facecorner\"},\"image\":{\"@id\":\"https:\\\/\\\/www.facecorner.lv\\\/#\\\/schema\\\/logo\\\/image\\\/\"},\"sameAs\":[\"https:\\\/\\\/www.facebook.com\\\/profile.php?id=100063824551839\",\"https:\\\/\\\/www.instagram.com\\\/facecorner_shop\\\/\"]}]}<\/script>\n<meta property=\"product:price:amount\" content=\"29.74\" \/>\n<meta property=\"product:price:currency\" content=\"EUR\" \/>\n<meta property=\"og:availability\" content=\"out of stock\" \/>\n<meta property=\"product:availability\" content=\"out of stock\" \/>\n<meta property=\"product:condition\" content=\"new\" \/>\n<!-- \/ Yoast SEO plugin. -->","yoast_head_json":{"title":"Medicube Zero Pore Serum 2.0 37ml - FACECORNER","description":"Medicube Zero Pore Serum 2.0 ir \u012bpa\u0161i izstr\u0101d\u0101ts, lai \u0101rst\u0113tu problem\u0101tisku \u0101du ar papla\u0161in\u0101t\u0101m por\u0101m.Sebumu regul\u0113jo\u0161ais poras aizsprostojo\u0161ais serums","robots":{"index":"index","follow":"follow","max-snippet":"max-snippet:-1","max-image-preview":"max-image-preview:large","max-video-preview":"max-video-preview:-1"},"canonical":"https:\/\/www.facecorner.lv\/en\/shop\/medicube-zero-pore-serum-2-0-37ml\/","og_locale":"en_US","og_type":"article","og_title":"Medicube Zero Pore Serum 2.0 37ml - FACECORNER","og_description":"Medicube Zero Pore Serum 2.0 ir \u012bpa\u0161i izstr\u0101d\u0101ts, lai \u0101rst\u0113tu problem\u0101tisku \u0101du ar papla\u0161in\u0101t\u0101m por\u0101m.Sebumu regul\u0113jo\u0161ais poras aizsprostojo\u0161ais serums","og_url":"https:\/\/www.facecorner.lv\/en\/shop\/medicube-zero-pore-serum-2-0-37ml\/","og_site_name":"FACECORNER","article_publisher":"https:\/\/www.facebook.com\/profile.php?id=100063824551839","article_modified_time":"2026-02-12T14:21:04+00:00","og_image":[{"width":1080,"height":1080,"url":"https:\/\/www.facecorner.lv\/wp-content\/uploads\/2024\/12\/zero-pore-serum-2-0-40409681559808.webp","type":"image\/webp"}],"twitter_card":"summary_large_image","twitter_misc":{"Price":"&euro;29.74","Availability":"Out of stock"},"schema":{"@context":"https:\/\/schema.org","@graph":[{"@type":"WebPage","@id":"https:\/\/www.facecorner.lv\/shop\/medicube-zero-pore-serum-2-0-37ml\/","url":"https:\/\/www.facecorner.lv\/shop\/medicube-zero-pore-serum-2-0-37ml\/","name":"Medicube Zero Pore Serum 2.0 37ml - FACECORNER","isPartOf":{"@id":"https:\/\/www.facecorner.lv\/#website"},"primaryImageOfPage":{"@id":"https:\/\/www.facecorner.lv\/shop\/medicube-zero-pore-serum-2-0-37ml\/#primaryimage"},"image":{"@id":"https:\/\/www.facecorner.lv\/shop\/medicube-zero-pore-serum-2-0-37ml\/#primaryimage"},"thumbnailUrl":"https:\/\/www.facecorner.lv\/wp-content\/uploads\/2024\/12\/zero-pore-serum-2-0-40409681559808.webp","datePublished":"2024-12-05T19:44:09+00:00","dateModified":"2026-02-12T14:21:04+00:00","description":"Medicube Zero Pore Serum 2.0 ir \u012bpa\u0161i izstr\u0101d\u0101ts, lai \u0101rst\u0113tu problem\u0101tisku \u0101du ar papla\u0161in\u0101t\u0101m por\u0101m.Sebumu regul\u0113jo\u0161ais poras aizsprostojo\u0161ais serums","breadcrumb":{"@id":"https:\/\/www.facecorner.lv\/shop\/medicube-zero-pore-serum-2-0-37ml\/#breadcrumb"},"inLanguage":"en-US","potentialAction":[{"@type":"ReadAction","target":["https:\/\/www.facecorner.lv\/shop\/medicube-zero-pore-serum-2-0-37ml\/"]}]},{"@type":"ImageObject","inLanguage":"en-US","@id":"https:\/\/www.facecorner.lv\/shop\/medicube-zero-pore-serum-2-0-37ml\/#primaryimage","url":"https:\/\/www.facecorner.lv\/wp-content\/uploads\/2024\/12\/zero-pore-serum-2-0-40409681559808.webp","contentUrl":"https:\/\/www.facecorner.lv\/wp-content\/uploads\/2024\/12\/zero-pore-serum-2-0-40409681559808.webp","width":1080,"height":1080,"caption":"Medicube Zero Pore Serum 2.0 37ml"},{"@type":"BreadcrumbList","@id":"https:\/\/www.facecorner.lv\/shop\/medicube-zero-pore-serum-2-0-37ml\/#breadcrumb","itemListElement":[{"@type":"ListItem","position":1,"name":"Home","item":"https:\/\/www.facecorner.lv\/"},{"@type":"ListItem","position":2,"name":"Veikals","item":"https:\/\/www.facecorner.lv\/shop\/"},{"@type":"ListItem","position":3,"name":"Medicube Zero Pore Serum 2.0 37ml"}]},{"@type":"WebSite","@id":"https:\/\/www.facecorner.lv\/#website","url":"https:\/\/www.facecorner.lv\/","name":"Facecorner","description":"","publisher":{"@id":"https:\/\/www.facecorner.lv\/#organization"},"potentialAction":[{"@type":"SearchAction","target":{"@type":"EntryPoint","urlTemplate":"https:\/\/www.facecorner.lv\/?s={search_term_string}"},"query-input":{"@type":"PropertyValueSpecification","valueRequired":true,"valueName":"search_term_string"}}],"inLanguage":"en-US"},{"@type":"Organization","@id":"https:\/\/www.facecorner.lv\/#organization","name":"Facecorner","url":"https:\/\/www.facecorner.lv\/","logo":{"@type":"ImageObject","inLanguage":"en-US","@id":"https:\/\/www.facecorner.lv\/#\/schema\/logo\/image\/","url":"https:\/\/www.facecorner.lv\/wp-content\/uploads\/2024\/04\/fc-logo.jpg","contentUrl":"https:\/\/www.facecorner.lv\/wp-content\/uploads\/2024\/04\/fc-logo.jpg","width":174,"height":28,"caption":"Facecorner"},"image":{"@id":"https:\/\/www.facecorner.lv\/#\/schema\/logo\/image\/"},"sameAs":["https:\/\/www.facebook.com\/profile.php?id=100063824551839","https:\/\/www.instagram.com\/facecorner_shop\/"]}]},"product_price_amount":"29.74","product_price_currency":"EUR","og_availability":"out of stock","product_availability":"out of stock","product_condition":"new"},"_links":{"self":[{"href":"https:\/\/www.facecorner.lv\/en\/wp-json\/wp\/v2\/product\/22528","targetHints":{"allow":["GET"]}}],"collection":[{"href":"https:\/\/www.facecorner.lv\/en\/wp-json\/wp\/v2\/product"}],"about":[{"href":"https:\/\/www.facecorner.lv\/en\/wp-json\/wp\/v2\/types\/product"}],"replies":[{"embeddable":true,"href":"https:\/\/www.facecorner.lv\/en\/wp-json\/wp\/v2\/comments?post=22528"}],"wp:featuredmedia":[{"embeddable":true,"href":"https:\/\/www.facecorner.lv\/en\/wp-json\/wp\/v2\/media\/22529"}],"wp:attachment":[{"href":"https:\/\/www.facecorner.lv\/en\/wp-json\/wp\/v2\/media?parent=22528"}],"wp:term":[{"taxonomy":"product_brand","embeddable":true,"href":"https:\/\/www.facecorner.lv\/en\/wp-json\/wp\/v2\/product_brand?post=22528"},{"taxonomy":"product_cat","embeddable":true,"href":"https:\/\/www.facecorner.lv\/en\/wp-json\/wp\/v2\/product_cat?post=22528"},{"taxonomy":"product_tag","embeddable":true,"href":"https:\/\/www.facecorner.lv\/en\/wp-json\/wp\/v2\/product_tag?post=22528"},{"taxonomy":"berocket_brand","embeddable":true,"href":"https:\/\/www.facecorner.lv\/en\/wp-json\/wp\/v2\/berocket_brand?post=22528"}],"curies":[{"name":"wp","href":"https:\/\/api.w.org\/{rel}","templated":true}]}}