{"id":22524,"date":"2024-12-05T22:35:12","date_gmt":"2024-12-05T19:35:12","guid":{"rendered":"https:\/\/www.facecorner.lv\/?post_type=product&#038;p=22524"},"modified":"2026-04-18T13:02:50","modified_gmt":"2026-04-18T10:02:50","slug":"medicube-red-succinic-acid-peeling-pad-70ea","status":"publish","type":"product","link":"https:\/\/www.facecorner.lv\/en\/shop\/medicube-red-succinic-acid-peeling-pad-70ea\/","title":{"rendered":"Medicube Red Succinic Acid Peeling Pad 70ea"},"content":{"rendered":"<p>Medicube Red Succinic Acid Peeling Pad p\u012blinga spilventi\u0146i ar maigas un delik\u0101tas \u0101das p\u012blinga iedarb\u012bbas efektu pal\u012bdz\u0113s att\u012br\u012bt epidermas virsmu, no\u0146emot keratiniz\u0113to \u0161\u016bnu da\u013ci\u0146as, lieko sebumu un citus net\u012brumus.<\/p>\n<p>Esences pamat\u0101, ar ko ir pies\u016bcin\u0101ti spilventi\u0146i, ir 0,5 % dzintarsk\u0101be. T\u0101 nov\u0113r\u0161 \u0101das priek\u0161laic\u012bgu noveco\u0161anos, samazina vaskulariz\u0101ciju un pigmenta plankumus, tai piem\u012bt pretapaug\u013co\u0161an\u0101s iedarb\u012bba, t\u0101 ir sp\u0113c\u012bgs antioksidants, atjauno novecojo\u0161as un \u013cenganas \u0101das elast\u012bbu, nov\u0113r\u0161 pinnes, r\u0113tu un r\u0113tu sekas.<\/p>\n<p>Sast\u0101v\u0101 eso\u0161ais 2% niacinam\u012bds sp\u0113j samazin\u0101t sebuma veido\u0161anos 4 ned\u0113\u013cu laik\u0101. Tas liecina, ka tas ir izcils seboregul\u0113jo\u0161s komponents. Tas sp\u0113j izl\u012bdzin\u0101t s\u012bk\u0101s grumbi\u0146as, palielin\u0101t kolag\u0113na veido\u0161anos, k\u0101 ar\u012b tam piem\u012bt balino\u0161s efekts.<\/p>\n<p>Sast\u0101v\u0101 eso\u0161ais 0,5 % pantenols mitrina \u0101das virsk\u0101rtu, nov\u0113r\u0161ot sausumu un lob\u012b\u0161anos, sniedzot \u0101dai komfortu, bet neapgr\u016btinot to. Tas blo\u0137\u0113 mitrumu, nodro\u0161inot ilgsto\u0161u mitrin\u0101\u0161anu.<\/p>\n<p><strong>How to use:<\/strong> Iz\u0146emiet spilventi\u0146u. Ar spilventi\u0146u maigi noslaukiet t\u012bru, sausu \u0101du. \u012apa\u0161u uzman\u012bbu piev\u0113rsiet T-zonai un problem\u0101tiskaj\u0101m \u0101das zon\u0101m. Produktu lieto p\u0113c att\u012br\u012b\u0161anas (mazg\u0101\u0161anas), un to nav nepiecie\u0161ams noskalot.<\/p>\n<p><strong>Ingredientes:<\/strong> Water, Butylene Glycol, Propanediol, Niacinamide, 1,2-Hexanediol, Alcohol, Panthenol, Succinic Acid, Glycerin, Polyglyceryl-10 Laurate, Polyglycerin-3, Tromethamine, Allantoin, Salicylic Acid, Vinyl Dimethicone, Ethylhexylglycerin, Coptis Japonica Root Extract, Xanthan Gum, Disodium EDTA, Cyanocobalamin, Hydrogenated Lecithin, Mentha Piperita (Peppermint) Oil, Citrus Aurantium Bergamia (Bergamot) Fruit Oil, Rosmarinus Officinalis (Rosemary) Leaf Oil, Protease, Juniperus Virginiana Oil, Lavandula Hybrida Oil, Elettaria Cardamomum Seed Extract, Foeniculum Vulgare (Fennel) Seed Extract, Crocus Sativus Flower Extract, Coriandrum Sativum (Coriander) Extract, Tocopherol<\/p>","protected":false},"excerpt":{"rendered":"<p>Medicube Red Succinic Acid Peeling Pad p\u012blinga spilventi\u0146i ar maigas un delik\u0101tas \u0101das p\u012blinga iedarb\u012bbas efektu pal\u012bdz\u0113s att\u012br\u012bt epidermas virsmu, no\u0146emot keratiniz\u0113to \u0161\u016bnu da\u013ci\u0146as, lieko sebumu un citus net\u012brumus.<\/p>","protected":false},"featured_media":22525,"comment_status":"open","ping_status":"closed","template":"","meta":{"site-sidebar-layout":"default","site-content-layout":"","ast-site-content-layout":"default","site-content-style":"default","site-sidebar-style":"default","ast-global-header-display":"","ast-banner-title-visibility":"","ast-main-header-display":"","ast-hfb-above-header-display":"","ast-hfb-below-header-display":"","ast-hfb-mobile-header-display":"","site-post-title":"","ast-breadcrumbs-content":"","ast-featured-img":"","footer-sml-layout":"","theme-transparent-header-meta":"default","adv-header-id-meta":"","stick-header-meta":"","header-above-stick-meta":"","header-main-stick-meta":"","header-below-stick-meta":"","astra-migrate-meta-layouts":"set","ast-page-background-enabled":"default","ast-page-background-meta":{"desktop":{"background-color":"var(--ast-global-color-4)","background-image":"","background-repeat":"repeat","background-position":"center center","background-size":"auto","background-attachment":"scroll","background-type":"","background-media":"","overlay-type":"","overlay-color":"","overlay-opacity":"","overlay-gradient":""},"tablet":{"background-color":"","background-image":"","background-repeat":"repeat","background-position":"center center","background-size":"auto","background-attachment":"scroll","background-type":"","background-media":"","overlay-type":"","overlay-color":"","overlay-opacity":"","overlay-gradient":""},"mobile":{"background-color":"","background-image":"","background-repeat":"repeat","background-position":"center center","background-size":"auto","background-attachment":"scroll","background-type":"","background-media":"","overlay-type":"","overlay-color":"","overlay-opacity":"","overlay-gradient":""}},"ast-content-background-meta":{"desktop":{"background-color":"var(--ast-global-color-5)","background-image":"","background-repeat":"repeat","background-position":"center center","background-size":"auto","background-attachment":"scroll","background-type":"","background-media":"","overlay-type":"","overlay-color":"","overlay-opacity":"","overlay-gradient":""},"tablet":{"background-color":"var(--ast-global-color-5)","background-image":"","background-repeat":"repeat","background-position":"center center","background-size":"auto","background-attachment":"scroll","background-type":"","background-media":"","overlay-type":"","overlay-color":"","overlay-opacity":"","overlay-gradient":""},"mobile":{"background-color":"var(--ast-global-color-5)","background-image":"","background-repeat":"repeat","background-position":"center center","background-size":"auto","background-attachment":"scroll","background-type":"","background-media":"","overlay-type":"","overlay-color":"","overlay-opacity":"","overlay-gradient":""}}},"product_brand":[],"product_cat":[670,328],"product_tag":[],"berocket_brand":[579],"class_list":{"0":"post-22524","1":"product","2":"type-product","3":"status-publish","4":"has-post-thumbnail","6":"product_cat-pilinga-diski","7":"product_cat-pilingi-un-skrubji","8":"berocket_brand-medicube","9":"desktop-align-left","10":"tablet-align-left","11":"mobile-align-left","13":"first","14":"instock","15":"taxable","16":"shipping-taxable","17":"purchasable","18":"product-type-simple","19":"add-to-wishlist-before_image"},"yoast_head":"<!-- This site is optimized with the Yoast SEO plugin v27.4 - https:\/\/yoast.com\/product\/yoast-seo-wordpress\/ -->\n<title>Medicube Red Succinic Acid Peeling Pad 70ea - FACECORNER<\/title>\n<meta name=\"description\" content=\"Medicube Red Succinic Acid Peeling Pad p\u012blinga spilventi\u0146i ar maigas un delik\u0101tas \u0101das p\u012blinga iedarb\u012bbas efektu pal\u012bdz\u0113s att\u012br\u012bt epidermas virsmu\" \/>\n<meta name=\"robots\" content=\"index, follow, max-snippet:-1, max-image-preview:large, max-video-preview:-1\" \/>\n<link rel=\"canonical\" href=\"https:\/\/www.facecorner.lv\/en\/shop\/medicube-red-succinic-acid-peeling-pad-70ea\/\" \/>\n<meta property=\"og:locale\" content=\"en_US\" \/>\n<meta property=\"og:type\" content=\"article\" \/>\n<meta property=\"og:title\" content=\"Medicube Red Succinic Acid Peeling Pad 70ea - FACECORNER\" \/>\n<meta property=\"og:description\" content=\"Medicube Red Succinic Acid Peeling Pad p\u012blinga spilventi\u0146i ar maigas un delik\u0101tas \u0101das p\u012blinga iedarb\u012bbas efektu pal\u012bdz\u0113s att\u012br\u012bt epidermas virsmu\" \/>\n<meta property=\"og:url\" content=\"https:\/\/www.facecorner.lv\/en\/shop\/medicube-red-succinic-acid-peeling-pad-70ea\/\" \/>\n<meta property=\"og:site_name\" content=\"FACECORNER\" \/>\n<meta property=\"article:publisher\" content=\"https:\/\/www.facebook.com\/profile.php?id=100063824551839\" \/>\n<meta property=\"article:modified_time\" content=\"2026-04-18T10:02:50+00:00\" \/>\n<meta property=\"og:image\" content=\"https:\/\/www.facecorner.lv\/wp-content\/uploads\/2024\/12\/Design-sans-titre-71.jpg\" \/>\n\t<meta property=\"og:image:width\" content=\"1200\" \/>\n\t<meta property=\"og:image:height\" content=\"1200\" \/>\n\t<meta property=\"og:image:type\" content=\"image\/jpeg\" \/>\n<meta name=\"twitter:card\" content=\"summary_large_image\" \/>\n<meta name=\"twitter:label1\" content=\"Price\" \/>\n\t<meta name=\"twitter:data1\" content=\"&euro;29.95\" \/>\n\t<meta name=\"twitter:label2\" content=\"Availability\" \/>\n\t<meta name=\"twitter:data2\" content=\"In stock\" \/>\n<script type=\"application\/ld+json\" class=\"yoast-schema-graph\">{\"@context\":\"https:\\\/\\\/schema.org\",\"@graph\":[{\"@type\":\"WebPage\",\"@id\":\"https:\\\/\\\/www.facecorner.lv\\\/shop\\\/medicube-red-succinic-acid-peeling-pad-70ea\\\/\",\"url\":\"https:\\\/\\\/www.facecorner.lv\\\/shop\\\/medicube-red-succinic-acid-peeling-pad-70ea\\\/\",\"name\":\"Medicube Red Succinic Acid Peeling Pad 70ea - FACECORNER\",\"isPartOf\":{\"@id\":\"https:\\\/\\\/www.facecorner.lv\\\/#website\"},\"primaryImageOfPage\":{\"@id\":\"https:\\\/\\\/www.facecorner.lv\\\/shop\\\/medicube-red-succinic-acid-peeling-pad-70ea\\\/#primaryimage\"},\"image\":{\"@id\":\"https:\\\/\\\/www.facecorner.lv\\\/shop\\\/medicube-red-succinic-acid-peeling-pad-70ea\\\/#primaryimage\"},\"thumbnailUrl\":\"https:\\\/\\\/www.facecorner.lv\\\/wp-content\\\/uploads\\\/2024\\\/12\\\/Design-sans-titre-71.jpg\",\"datePublished\":\"2024-12-05T19:35:12+00:00\",\"dateModified\":\"2026-04-18T10:02:50+00:00\",\"description\":\"Medicube Red Succinic Acid Peeling Pad p\u012blinga spilventi\u0146i ar maigas un delik\u0101tas \u0101das p\u012blinga iedarb\u012bbas efektu pal\u012bdz\u0113s att\u012br\u012bt epidermas virsmu\",\"breadcrumb\":{\"@id\":\"https:\\\/\\\/www.facecorner.lv\\\/shop\\\/medicube-red-succinic-acid-peeling-pad-70ea\\\/#breadcrumb\"},\"inLanguage\":\"en-US\",\"potentialAction\":[{\"@type\":\"ReadAction\",\"target\":[\"https:\\\/\\\/www.facecorner.lv\\\/shop\\\/medicube-red-succinic-acid-peeling-pad-70ea\\\/\"]}]},{\"@type\":\"ImageObject\",\"inLanguage\":\"en-US\",\"@id\":\"https:\\\/\\\/www.facecorner.lv\\\/shop\\\/medicube-red-succinic-acid-peeling-pad-70ea\\\/#primaryimage\",\"url\":\"https:\\\/\\\/www.facecorner.lv\\\/wp-content\\\/uploads\\\/2024\\\/12\\\/Design-sans-titre-71.jpg\",\"contentUrl\":\"https:\\\/\\\/www.facecorner.lv\\\/wp-content\\\/uploads\\\/2024\\\/12\\\/Design-sans-titre-71.jpg\",\"width\":1200,\"height\":1200,\"caption\":\"Medicube Red Succinic Acid Peeling Pad\"},{\"@type\":\"BreadcrumbList\",\"@id\":\"https:\\\/\\\/www.facecorner.lv\\\/shop\\\/medicube-red-succinic-acid-peeling-pad-70ea\\\/#breadcrumb\",\"itemListElement\":[{\"@type\":\"ListItem\",\"position\":1,\"name\":\"Home\",\"item\":\"https:\\\/\\\/www.facecorner.lv\\\/\"},{\"@type\":\"ListItem\",\"position\":2,\"name\":\"Veikals\",\"item\":\"https:\\\/\\\/www.facecorner.lv\\\/shop\\\/\"},{\"@type\":\"ListItem\",\"position\":3,\"name\":\"Medicube Red Succinic Acid Peeling Pad 70ea\"}]},{\"@type\":\"WebSite\",\"@id\":\"https:\\\/\\\/www.facecorner.lv\\\/#website\",\"url\":\"https:\\\/\\\/www.facecorner.lv\\\/\",\"name\":\"Facecorner\",\"description\":\"\",\"publisher\":{\"@id\":\"https:\\\/\\\/www.facecorner.lv\\\/#organization\"},\"potentialAction\":[{\"@type\":\"SearchAction\",\"target\":{\"@type\":\"EntryPoint\",\"urlTemplate\":\"https:\\\/\\\/www.facecorner.lv\\\/?s={search_term_string}\"},\"query-input\":{\"@type\":\"PropertyValueSpecification\",\"valueRequired\":true,\"valueName\":\"search_term_string\"}}],\"inLanguage\":\"en-US\"},{\"@type\":\"Organization\",\"@id\":\"https:\\\/\\\/www.facecorner.lv\\\/#organization\",\"name\":\"Facecorner\",\"url\":\"https:\\\/\\\/www.facecorner.lv\\\/\",\"logo\":{\"@type\":\"ImageObject\",\"inLanguage\":\"en-US\",\"@id\":\"https:\\\/\\\/www.facecorner.lv\\\/#\\\/schema\\\/logo\\\/image\\\/\",\"url\":\"https:\\\/\\\/www.facecorner.lv\\\/wp-content\\\/uploads\\\/2024\\\/04\\\/fc-logo.jpg\",\"contentUrl\":\"https:\\\/\\\/www.facecorner.lv\\\/wp-content\\\/uploads\\\/2024\\\/04\\\/fc-logo.jpg\",\"width\":174,\"height\":28,\"caption\":\"Facecorner\"},\"image\":{\"@id\":\"https:\\\/\\\/www.facecorner.lv\\\/#\\\/schema\\\/logo\\\/image\\\/\"},\"sameAs\":[\"https:\\\/\\\/www.facebook.com\\\/profile.php?id=100063824551839\",\"https:\\\/\\\/www.instagram.com\\\/facecorner_shop\\\/\"]}]}<\/script>\n<meta property=\"product:price:amount\" content=\"29.95\" \/>\n<meta property=\"product:price:currency\" content=\"EUR\" \/>\n<meta property=\"og:availability\" content=\"instock\" \/>\n<meta property=\"product:availability\" content=\"instock\" \/>\n<meta property=\"product:condition\" content=\"new\" \/>\n<!-- \/ Yoast SEO plugin. -->","yoast_head_json":{"title":"Medicube Red Succinic Acid Peeling Pad 70ea - FACECORNER","description":"Medicube Red Succinic Acid Peeling Pad p\u012blinga spilventi\u0146i ar maigas un delik\u0101tas \u0101das p\u012blinga iedarb\u012bbas efektu pal\u012bdz\u0113s att\u012br\u012bt epidermas virsmu","robots":{"index":"index","follow":"follow","max-snippet":"max-snippet:-1","max-image-preview":"max-image-preview:large","max-video-preview":"max-video-preview:-1"},"canonical":"https:\/\/www.facecorner.lv\/en\/shop\/medicube-red-succinic-acid-peeling-pad-70ea\/","og_locale":"en_US","og_type":"article","og_title":"Medicube Red Succinic Acid Peeling Pad 70ea - FACECORNER","og_description":"Medicube Red Succinic Acid Peeling Pad p\u012blinga spilventi\u0146i ar maigas un delik\u0101tas \u0101das p\u012blinga iedarb\u012bbas efektu pal\u012bdz\u0113s att\u012br\u012bt epidermas virsmu","og_url":"https:\/\/www.facecorner.lv\/en\/shop\/medicube-red-succinic-acid-peeling-pad-70ea\/","og_site_name":"FACECORNER","article_publisher":"https:\/\/www.facebook.com\/profile.php?id=100063824551839","article_modified_time":"2026-04-18T10:02:50+00:00","og_image":[{"width":1200,"height":1200,"url":"https:\/\/www.facecorner.lv\/wp-content\/uploads\/2024\/12\/Design-sans-titre-71.jpg","type":"image\/jpeg"}],"twitter_card":"summary_large_image","twitter_misc":{"Price":"&euro;29.95","Availability":"In stock"},"schema":{"@context":"https:\/\/schema.org","@graph":[{"@type":"WebPage","@id":"https:\/\/www.facecorner.lv\/shop\/medicube-red-succinic-acid-peeling-pad-70ea\/","url":"https:\/\/www.facecorner.lv\/shop\/medicube-red-succinic-acid-peeling-pad-70ea\/","name":"Medicube Red Succinic Acid Peeling Pad 70ea - FACECORNER","isPartOf":{"@id":"https:\/\/www.facecorner.lv\/#website"},"primaryImageOfPage":{"@id":"https:\/\/www.facecorner.lv\/shop\/medicube-red-succinic-acid-peeling-pad-70ea\/#primaryimage"},"image":{"@id":"https:\/\/www.facecorner.lv\/shop\/medicube-red-succinic-acid-peeling-pad-70ea\/#primaryimage"},"thumbnailUrl":"https:\/\/www.facecorner.lv\/wp-content\/uploads\/2024\/12\/Design-sans-titre-71.jpg","datePublished":"2024-12-05T19:35:12+00:00","dateModified":"2026-04-18T10:02:50+00:00","description":"Medicube Red Succinic Acid Peeling Pad p\u012blinga spilventi\u0146i ar maigas un delik\u0101tas \u0101das p\u012blinga iedarb\u012bbas efektu pal\u012bdz\u0113s att\u012br\u012bt epidermas virsmu","breadcrumb":{"@id":"https:\/\/www.facecorner.lv\/shop\/medicube-red-succinic-acid-peeling-pad-70ea\/#breadcrumb"},"inLanguage":"en-US","potentialAction":[{"@type":"ReadAction","target":["https:\/\/www.facecorner.lv\/shop\/medicube-red-succinic-acid-peeling-pad-70ea\/"]}]},{"@type":"ImageObject","inLanguage":"en-US","@id":"https:\/\/www.facecorner.lv\/shop\/medicube-red-succinic-acid-peeling-pad-70ea\/#primaryimage","url":"https:\/\/www.facecorner.lv\/wp-content\/uploads\/2024\/12\/Design-sans-titre-71.jpg","contentUrl":"https:\/\/www.facecorner.lv\/wp-content\/uploads\/2024\/12\/Design-sans-titre-71.jpg","width":1200,"height":1200,"caption":"Medicube Red Succinic Acid Peeling Pad"},{"@type":"BreadcrumbList","@id":"https:\/\/www.facecorner.lv\/shop\/medicube-red-succinic-acid-peeling-pad-70ea\/#breadcrumb","itemListElement":[{"@type":"ListItem","position":1,"name":"Home","item":"https:\/\/www.facecorner.lv\/"},{"@type":"ListItem","position":2,"name":"Veikals","item":"https:\/\/www.facecorner.lv\/shop\/"},{"@type":"ListItem","position":3,"name":"Medicube Red Succinic Acid Peeling Pad 70ea"}]},{"@type":"WebSite","@id":"https:\/\/www.facecorner.lv\/#website","url":"https:\/\/www.facecorner.lv\/","name":"Facecorner","description":"","publisher":{"@id":"https:\/\/www.facecorner.lv\/#organization"},"potentialAction":[{"@type":"SearchAction","target":{"@type":"EntryPoint","urlTemplate":"https:\/\/www.facecorner.lv\/?s={search_term_string}"},"query-input":{"@type":"PropertyValueSpecification","valueRequired":true,"valueName":"search_term_string"}}],"inLanguage":"en-US"},{"@type":"Organization","@id":"https:\/\/www.facecorner.lv\/#organization","name":"Facecorner","url":"https:\/\/www.facecorner.lv\/","logo":{"@type":"ImageObject","inLanguage":"en-US","@id":"https:\/\/www.facecorner.lv\/#\/schema\/logo\/image\/","url":"https:\/\/www.facecorner.lv\/wp-content\/uploads\/2024\/04\/fc-logo.jpg","contentUrl":"https:\/\/www.facecorner.lv\/wp-content\/uploads\/2024\/04\/fc-logo.jpg","width":174,"height":28,"caption":"Facecorner"},"image":{"@id":"https:\/\/www.facecorner.lv\/#\/schema\/logo\/image\/"},"sameAs":["https:\/\/www.facebook.com\/profile.php?id=100063824551839","https:\/\/www.instagram.com\/facecorner_shop\/"]}]},"product_price_amount":"29.95","product_price_currency":"EUR","og_availability":"instock","product_availability":"instock","product_condition":"new"},"_links":{"self":[{"href":"https:\/\/www.facecorner.lv\/en\/wp-json\/wp\/v2\/product\/22524","targetHints":{"allow":["GET"]}}],"collection":[{"href":"https:\/\/www.facecorner.lv\/en\/wp-json\/wp\/v2\/product"}],"about":[{"href":"https:\/\/www.facecorner.lv\/en\/wp-json\/wp\/v2\/types\/product"}],"replies":[{"embeddable":true,"href":"https:\/\/www.facecorner.lv\/en\/wp-json\/wp\/v2\/comments?post=22524"}],"wp:featuredmedia":[{"embeddable":true,"href":"https:\/\/www.facecorner.lv\/en\/wp-json\/wp\/v2\/media\/22525"}],"wp:attachment":[{"href":"https:\/\/www.facecorner.lv\/en\/wp-json\/wp\/v2\/media?parent=22524"}],"wp:term":[{"taxonomy":"product_brand","embeddable":true,"href":"https:\/\/www.facecorner.lv\/en\/wp-json\/wp\/v2\/product_brand?post=22524"},{"taxonomy":"product_cat","embeddable":true,"href":"https:\/\/www.facecorner.lv\/en\/wp-json\/wp\/v2\/product_cat?post=22524"},{"taxonomy":"product_tag","embeddable":true,"href":"https:\/\/www.facecorner.lv\/en\/wp-json\/wp\/v2\/product_tag?post=22524"},{"taxonomy":"berocket_brand","embeddable":true,"href":"https:\/\/www.facecorner.lv\/en\/wp-json\/wp\/v2\/berocket_brand?post=22524"}],"curies":[{"name":"wp","href":"https:\/\/api.w.org\/{rel}","templated":true}]}}