{"id":22393,"date":"2024-12-04T01:19:41","date_gmt":"2024-12-03T22:19:41","guid":{"rendered":"https:\/\/www.facecorner.lv\/?post_type=product&#038;p=22393"},"modified":"2025-11-28T15:29:00","modified_gmt":"2025-11-28T12:29:00","slug":"biodance-hydro-cera-nol-gel-toner-pads-60ea","status":"publish","type":"product","link":"https:\/\/www.facecorner.lv\/en\/shop\/biodance-hydro-cera-nol-gel-toner-pads-60ea\/","title":{"rendered":"Biodance Hydro Cera-Nol Gel Toner Pads 60ea"},"content":{"rendered":"<p>Biodance Hydro Cera-Nol Gel Toner Pads ar keram\u012bdiem acumirkl\u012b mitrina \u0101du un atjauno t\u0101s aizsargbarjeras funkciju.<\/p>\n<p>Tonera pads izmantot\u0101s esences satur patent\u0113tu Cera-nol kompleksu, kas ietver pantenolu, 5 veidu keram\u012bdu kompleksu un hialuronsk\u0101bi. Kompleksam piem\u012bt sp\u0113c\u012bga atjaunojo\u0161a iedarb\u012bba, tas dzi\u013ci baro \u0101du, nov\u0113r\u0161 t\u0101s dehidrat\u0101ciju, sausumu un lob\u012b\u0161anos.<\/p>\n<p>Polster\u0113jumi dzi\u013ci mitrina \u0101du p\u0113c mazg\u0101\u0161anas, nov\u0113r\u0161 sausumu un sasprindzin\u0101jumu, nov\u0113r\u0161 dehidrat\u0101ciju, nomierina un m\u012bkstina \u0101du, pal\u012bdz mazin\u0101t aps\u0101rtumu un kairin\u0101jumu, pal\u012bdz atjaunot un stiprin\u0101t \u0101das barjeras funkciju.<\/p>\n<p><strong>Lieto\u0161\u0101na<\/strong>: \u00a0Maigi noslaukiet att\u012br\u012btu sejas \u0101du ar toniz\u0113jo\u0161o spilventi\u0146u, \u013caujiet uzs\u016bkties atliku\u0161ajai esencei. P\u0113c tam turpiniet galveno kop\u0161anas proced\u016bru.<\/p>\n<p><strong>Ingredientes:<\/strong> Water, Glacier Water, Butylene Glycol, 1,2-Hexanediol, Allantoin, Polyglyceryl-10 Laurate, Pentylene Glycol, Arginine, Acrylates\/C10-30 Alkyl Acrylate Crosspolymer, Ethylhexylglycerin, Caprylyl Glycol, Disodium EDTA, Ammonium Acryloyldimethyltaurate\/VP Copolymer, Maltodextrin, Hydrolyzed Gardenia Florida Extract, Hydrolyzed Hyaluronic Acid, Panthenol (1,000ppb), Ceramide NP (410ppb), 2,3-Butanediol, Hydrogenated Lecithin, Glyceryl Stearate, Sodium Hyaluronate, Cholesterol, Ceramide AS (10ppb), Ceramide AP (10ppb), Ceramide NS (10ppb), Hydroxypropyltrimonium Hyaluronate, Sodium Acetylated Hyaluronate, Hyaluronic Acid, Hydrolyzed Sodium Hyaluronate, Sodium Hyaluronate Crosspolymer, Potassium Hyaluronate, Ceramide EOP (0.001ppb)<\/p>","protected":false},"excerpt":{"rendered":"<p>Biodance Hydro Cera-Nol Gel Toner Pads ar keram\u012bdiem acumirkl\u012b mitrina \u0101du un atjauno t\u0101s aizsargbarjeras funkciju.<\/p>\n<p>Tonera pads izmantot\u0101s esences satur patent\u0113tu Cera-nol kompleksu, kas ietver pantenolu, 5 veidu keram\u012bdu kompleksu un hialuronsk\u0101bi. Kompleksam piem\u012bt sp\u0113c\u012bga atjaunojo\u0161a iedarb\u012bba, tas dzi\u013ci baro \u0101du, nov\u0113r\u0161 t\u0101s dehidrat\u0101ciju, sausumu un lob\u012b\u0161anos.<\/p>","protected":false},"featured_media":22394,"comment_status":"open","ping_status":"closed","template":"","meta":{"site-sidebar-layout":"default","site-content-layout":"","ast-site-content-layout":"default","site-content-style":"default","site-sidebar-style":"default","ast-global-header-display":"","ast-banner-title-visibility":"","ast-main-header-display":"","ast-hfb-above-header-display":"","ast-hfb-below-header-display":"","ast-hfb-mobile-header-display":"","site-post-title":"","ast-breadcrumbs-content":"","ast-featured-img":"","footer-sml-layout":"","theme-transparent-header-meta":"default","adv-header-id-meta":"","stick-header-meta":"","header-above-stick-meta":"","header-main-stick-meta":"","header-below-stick-meta":"","astra-migrate-meta-layouts":"set","ast-page-background-enabled":"default","ast-page-background-meta":{"desktop":{"background-color":"var(--ast-global-color-4)","background-image":"","background-repeat":"repeat","background-position":"center center","background-size":"auto","background-attachment":"scroll","background-type":"","background-media":"","overlay-type":"","overlay-color":"","overlay-opacity":"","overlay-gradient":""},"tablet":{"background-color":"","background-image":"","background-repeat":"repeat","background-position":"center center","background-size":"auto","background-attachment":"scroll","background-type":"","background-media":"","overlay-type":"","overlay-color":"","overlay-opacity":"","overlay-gradient":""},"mobile":{"background-color":"","background-image":"","background-repeat":"repeat","background-position":"center center","background-size":"auto","background-attachment":"scroll","background-type":"","background-media":"","overlay-type":"","overlay-color":"","overlay-opacity":"","overlay-gradient":""}},"ast-content-background-meta":{"desktop":{"background-color":"var(--ast-global-color-5)","background-image":"","background-repeat":"repeat","background-position":"center center","background-size":"auto","background-attachment":"scroll","background-type":"","background-media":"","overlay-type":"","overlay-color":"","overlay-opacity":"","overlay-gradient":""},"tablet":{"background-color":"var(--ast-global-color-5)","background-image":"","background-repeat":"repeat","background-position":"center center","background-size":"auto","background-attachment":"scroll","background-type":"","background-media":"","overlay-type":"","overlay-color":"","overlay-opacity":"","overlay-gradient":""},"mobile":{"background-color":"var(--ast-global-color-5)","background-image":"","background-repeat":"repeat","background-position":"center center","background-size":"auto","background-attachment":"scroll","background-type":"","background-media":"","overlay-type":"","overlay-color":"","overlay-opacity":"","overlay-gradient":""}}},"product_brand":[],"product_cat":[511,670,364,375,377,378,376],"product_tag":[],"berocket_brand":[578],"class_list":{"0":"post-22393","1":"product","2":"type-product","3":"status-publish","4":"has-post-thumbnail","6":"product_cat-atlaides","7":"product_cat-pilinga-diski","8":"product_cat-toneri","9":"product_cat-jutigai-adai-toneri","10":"product_cat-problematiskai-adai-toneri","11":"product_cat-sausai-adai-toneri","12":"product_cat-kombinetai-adai-toneri","13":"berocket_brand-biodance","14":"desktop-align-left","15":"tablet-align-left","16":"mobile-align-left","18":"first","19":"instock","20":"sale","21":"taxable","22":"shipping-taxable","23":"purchasable","24":"product-type-simple","25":"add-to-wishlist-before_image"},"yoast_head":"<!-- This site is optimized with the Yoast SEO plugin v27.1.1 - https:\/\/yoast.com\/product\/yoast-seo-wordpress\/ -->\n<title>Biodance Hydro Cera-Nol Gel Toner Pads 60ea - FACECORNER<\/title>\n<meta name=\"description\" content=\"Biodance Hydro Cera-Nol Gel Toner Pads 5 veidu keram\u012bdu kompleksu un hialuronsk\u0101bi. Kompleksam piem\u012bt sp\u0113c\u012bga atjaunojo\u0161a iedarb\u012bba\" \/>\n<meta name=\"robots\" content=\"index, follow, max-snippet:-1, max-image-preview:large, max-video-preview:-1\" \/>\n<link rel=\"canonical\" href=\"https:\/\/www.facecorner.lv\/en\/shop\/biodance-hydro-cera-nol-gel-toner-pads-60ea\/\" \/>\n<meta property=\"og:locale\" content=\"en_US\" \/>\n<meta property=\"og:type\" content=\"article\" \/>\n<meta property=\"og:title\" content=\"Biodance Hydro Cera-Nol Gel Toner Pads 60ea - FACECORNER\" \/>\n<meta property=\"og:description\" content=\"Biodance Hydro Cera-Nol Gel Toner Pads 5 veidu keram\u012bdu kompleksu un hialuronsk\u0101bi. Kompleksam piem\u012bt sp\u0113c\u012bga atjaunojo\u0161a iedarb\u012bba\" \/>\n<meta property=\"og:url\" content=\"https:\/\/www.facecorner.lv\/en\/shop\/biodance-hydro-cera-nol-gel-toner-pads-60ea\/\" \/>\n<meta property=\"og:site_name\" content=\"FACECORNER\" \/>\n<meta property=\"article:publisher\" content=\"https:\/\/www.facebook.com\/profile.php?id=100063824551839\" \/>\n<meta property=\"article:modified_time\" content=\"2025-11-28T12:29:00+00:00\" \/>\n<meta property=\"og:image\" content=\"https:\/\/www.facecorner.lv\/wp-content\/uploads\/2024\/12\/biodance-cera-nol-gel-toner-pads-60-03b71_original.jpg\" \/>\n\t<meta property=\"og:image:width\" content=\"1000\" \/>\n\t<meta property=\"og:image:height\" content=\"1000\" \/>\n\t<meta property=\"og:image:type\" content=\"image\/jpeg\" \/>\n<meta name=\"twitter:card\" content=\"summary_large_image\" \/>\n<meta name=\"twitter:label1\" content=\"Price\" \/>\n\t<meta name=\"twitter:data1\" content=\"&euro;29.90\" \/>\n\t<meta name=\"twitter:label2\" content=\"Availability\" \/>\n\t<meta name=\"twitter:data2\" content=\"In stock\" \/>\n<script type=\"application\/ld+json\" class=\"yoast-schema-graph\">{\"@context\":\"https:\/\/schema.org\",\"@graph\":[{\"@type\":\"WebPage\",\"@id\":\"https:\/\/www.facecorner.lv\/shop\/biodance-hydro-cera-nol-gel-toner-pads-60ea\/\",\"url\":\"https:\/\/www.facecorner.lv\/shop\/biodance-hydro-cera-nol-gel-toner-pads-60ea\/\",\"name\":\"Biodance Hydro Cera-Nol Gel Toner Pads 60ea - FACECORNER\",\"isPartOf\":{\"@id\":\"https:\/\/www.facecorner.lv\/#website\"},\"primaryImageOfPage\":{\"@id\":\"https:\/\/www.facecorner.lv\/shop\/biodance-hydro-cera-nol-gel-toner-pads-60ea\/#primaryimage\"},\"image\":{\"@id\":\"https:\/\/www.facecorner.lv\/shop\/biodance-hydro-cera-nol-gel-toner-pads-60ea\/#primaryimage\"},\"thumbnailUrl\":\"https:\/\/www.facecorner.lv\/wp-content\/uploads\/2024\/12\/biodance-cera-nol-gel-toner-pads-60-03b71_original.jpg\",\"datePublished\":\"2024-12-03T22:19:41+00:00\",\"dateModified\":\"2025-11-28T12:29:00+00:00\",\"description\":\"Biodance Hydro Cera-Nol Gel Toner Pads 5 veidu keram\u012bdu kompleksu un hialuronsk\u0101bi. Kompleksam piem\u012bt sp\u0113c\u012bga atjaunojo\u0161a iedarb\u012bba\",\"breadcrumb\":{\"@id\":\"https:\/\/www.facecorner.lv\/shop\/biodance-hydro-cera-nol-gel-toner-pads-60ea\/#breadcrumb\"},\"inLanguage\":\"en-US\",\"potentialAction\":[{\"@type\":\"ReadAction\",\"target\":[\"https:\/\/www.facecorner.lv\/shop\/biodance-hydro-cera-nol-gel-toner-pads-60ea\/\"]}]},{\"@type\":\"ImageObject\",\"inLanguage\":\"en-US\",\"@id\":\"https:\/\/www.facecorner.lv\/shop\/biodance-hydro-cera-nol-gel-toner-pads-60ea\/#primaryimage\",\"url\":\"https:\/\/www.facecorner.lv\/wp-content\/uploads\/2024\/12\/biodance-cera-nol-gel-toner-pads-60-03b71_original.jpg\",\"contentUrl\":\"https:\/\/www.facecorner.lv\/wp-content\/uploads\/2024\/12\/biodance-cera-nol-gel-toner-pads-60-03b71_original.jpg\",\"width\":1000,\"height\":1000,\"caption\":\"Biodance Hydro Cera-Nol Gel Toner Pads\"},{\"@type\":\"BreadcrumbList\",\"@id\":\"https:\/\/www.facecorner.lv\/shop\/biodance-hydro-cera-nol-gel-toner-pads-60ea\/#breadcrumb\",\"itemListElement\":[{\"@type\":\"ListItem\",\"position\":1,\"name\":\"Home\",\"item\":\"https:\/\/www.facecorner.lv\/\"},{\"@type\":\"ListItem\",\"position\":2,\"name\":\"Veikals\",\"item\":\"https:\/\/www.facecorner.lv\/shop\/\"},{\"@type\":\"ListItem\",\"position\":3,\"name\":\"Biodance Hydro Cera-Nol Gel Toner Pads 60ea\"}]},{\"@type\":\"WebSite\",\"@id\":\"https:\/\/www.facecorner.lv\/#website\",\"url\":\"https:\/\/www.facecorner.lv\/\",\"name\":\"Facecorner\",\"description\":\"\",\"publisher\":{\"@id\":\"https:\/\/www.facecorner.lv\/#organization\"},\"potentialAction\":[{\"@type\":\"SearchAction\",\"target\":{\"@type\":\"EntryPoint\",\"urlTemplate\":\"https:\/\/www.facecorner.lv\/?s={search_term_string}\"},\"query-input\":{\"@type\":\"PropertyValueSpecification\",\"valueRequired\":true,\"valueName\":\"search_term_string\"}}],\"inLanguage\":\"en-US\"},{\"@type\":\"Organization\",\"@id\":\"https:\/\/www.facecorner.lv\/#organization\",\"name\":\"Facecorner\",\"url\":\"https:\/\/www.facecorner.lv\/\",\"logo\":{\"@type\":\"ImageObject\",\"inLanguage\":\"en-US\",\"@id\":\"https:\/\/www.facecorner.lv\/#\/schema\/logo\/image\/\",\"url\":\"https:\/\/www.facecorner.lv\/wp-content\/uploads\/2024\/04\/fc-logo.jpg\",\"contentUrl\":\"https:\/\/www.facecorner.lv\/wp-content\/uploads\/2024\/04\/fc-logo.jpg\",\"width\":174,\"height\":28,\"caption\":\"Facecorner\"},\"image\":{\"@id\":\"https:\/\/www.facecorner.lv\/#\/schema\/logo\/image\/\"},\"sameAs\":[\"https:\/\/www.facebook.com\/profile.php?id=100063824551839\",\"https:\/\/www.instagram.com\/facecorner_shop\/\"]}]}<\/script>\n<meta property=\"product:price:amount\" content=\"29.90\" \/>\n<meta property=\"product:price:currency\" content=\"EUR\" \/>\n<meta property=\"og:availability\" content=\"instock\" \/>\n<meta property=\"product:availability\" content=\"instock\" \/>\n<meta property=\"product:condition\" content=\"new\" \/>\n<!-- \/ Yoast SEO plugin. -->","yoast_head_json":{"title":"Biodance Hydro Cera-Nol Gel Toner Pads 60ea - FACECORNER","description":"Biodance Hydro Cera-Nol Gel Toner Pads 5 veidu keram\u012bdu kompleksu un hialuronsk\u0101bi. Kompleksam piem\u012bt sp\u0113c\u012bga atjaunojo\u0161a iedarb\u012bba","robots":{"index":"index","follow":"follow","max-snippet":"max-snippet:-1","max-image-preview":"max-image-preview:large","max-video-preview":"max-video-preview:-1"},"canonical":"https:\/\/www.facecorner.lv\/en\/shop\/biodance-hydro-cera-nol-gel-toner-pads-60ea\/","og_locale":"en_US","og_type":"article","og_title":"Biodance Hydro Cera-Nol Gel Toner Pads 60ea - FACECORNER","og_description":"Biodance Hydro Cera-Nol Gel Toner Pads 5 veidu keram\u012bdu kompleksu un hialuronsk\u0101bi. Kompleksam piem\u012bt sp\u0113c\u012bga atjaunojo\u0161a iedarb\u012bba","og_url":"https:\/\/www.facecorner.lv\/en\/shop\/biodance-hydro-cera-nol-gel-toner-pads-60ea\/","og_site_name":"FACECORNER","article_publisher":"https:\/\/www.facebook.com\/profile.php?id=100063824551839","article_modified_time":"2025-11-28T12:29:00+00:00","og_image":[{"width":1000,"height":1000,"url":"https:\/\/www.facecorner.lv\/wp-content\/uploads\/2024\/12\/biodance-cera-nol-gel-toner-pads-60-03b71_original.jpg","type":"image\/jpeg"}],"twitter_card":"summary_large_image","twitter_misc":{"Price":"&euro;29.90","Availability":"In stock"},"schema":{"@context":"https:\/\/schema.org","@graph":[{"@type":"WebPage","@id":"https:\/\/www.facecorner.lv\/shop\/biodance-hydro-cera-nol-gel-toner-pads-60ea\/","url":"https:\/\/www.facecorner.lv\/shop\/biodance-hydro-cera-nol-gel-toner-pads-60ea\/","name":"Biodance Hydro Cera-Nol Gel Toner Pads 60ea - FACECORNER","isPartOf":{"@id":"https:\/\/www.facecorner.lv\/#website"},"primaryImageOfPage":{"@id":"https:\/\/www.facecorner.lv\/shop\/biodance-hydro-cera-nol-gel-toner-pads-60ea\/#primaryimage"},"image":{"@id":"https:\/\/www.facecorner.lv\/shop\/biodance-hydro-cera-nol-gel-toner-pads-60ea\/#primaryimage"},"thumbnailUrl":"https:\/\/www.facecorner.lv\/wp-content\/uploads\/2024\/12\/biodance-cera-nol-gel-toner-pads-60-03b71_original.jpg","datePublished":"2024-12-03T22:19:41+00:00","dateModified":"2025-11-28T12:29:00+00:00","description":"Biodance Hydro Cera-Nol Gel Toner Pads 5 veidu keram\u012bdu kompleksu un hialuronsk\u0101bi. Kompleksam piem\u012bt sp\u0113c\u012bga atjaunojo\u0161a iedarb\u012bba","breadcrumb":{"@id":"https:\/\/www.facecorner.lv\/shop\/biodance-hydro-cera-nol-gel-toner-pads-60ea\/#breadcrumb"},"inLanguage":"en-US","potentialAction":[{"@type":"ReadAction","target":["https:\/\/www.facecorner.lv\/shop\/biodance-hydro-cera-nol-gel-toner-pads-60ea\/"]}]},{"@type":"ImageObject","inLanguage":"en-US","@id":"https:\/\/www.facecorner.lv\/shop\/biodance-hydro-cera-nol-gel-toner-pads-60ea\/#primaryimage","url":"https:\/\/www.facecorner.lv\/wp-content\/uploads\/2024\/12\/biodance-cera-nol-gel-toner-pads-60-03b71_original.jpg","contentUrl":"https:\/\/www.facecorner.lv\/wp-content\/uploads\/2024\/12\/biodance-cera-nol-gel-toner-pads-60-03b71_original.jpg","width":1000,"height":1000,"caption":"Biodance Hydro Cera-Nol Gel Toner Pads"},{"@type":"BreadcrumbList","@id":"https:\/\/www.facecorner.lv\/shop\/biodance-hydro-cera-nol-gel-toner-pads-60ea\/#breadcrumb","itemListElement":[{"@type":"ListItem","position":1,"name":"Home","item":"https:\/\/www.facecorner.lv\/"},{"@type":"ListItem","position":2,"name":"Veikals","item":"https:\/\/www.facecorner.lv\/shop\/"},{"@type":"ListItem","position":3,"name":"Biodance Hydro Cera-Nol Gel Toner Pads 60ea"}]},{"@type":"WebSite","@id":"https:\/\/www.facecorner.lv\/#website","url":"https:\/\/www.facecorner.lv\/","name":"Facecorner","description":"","publisher":{"@id":"https:\/\/www.facecorner.lv\/#organization"},"potentialAction":[{"@type":"SearchAction","target":{"@type":"EntryPoint","urlTemplate":"https:\/\/www.facecorner.lv\/?s={search_term_string}"},"query-input":{"@type":"PropertyValueSpecification","valueRequired":true,"valueName":"search_term_string"}}],"inLanguage":"en-US"},{"@type":"Organization","@id":"https:\/\/www.facecorner.lv\/#organization","name":"Facecorner","url":"https:\/\/www.facecorner.lv\/","logo":{"@type":"ImageObject","inLanguage":"en-US","@id":"https:\/\/www.facecorner.lv\/#\/schema\/logo\/image\/","url":"https:\/\/www.facecorner.lv\/wp-content\/uploads\/2024\/04\/fc-logo.jpg","contentUrl":"https:\/\/www.facecorner.lv\/wp-content\/uploads\/2024\/04\/fc-logo.jpg","width":174,"height":28,"caption":"Facecorner"},"image":{"@id":"https:\/\/www.facecorner.lv\/#\/schema\/logo\/image\/"},"sameAs":["https:\/\/www.facebook.com\/profile.php?id=100063824551839","https:\/\/www.instagram.com\/facecorner_shop\/"]}]},"product_price_amount":"29.90","product_price_currency":"EUR","og_availability":"instock","product_availability":"instock","product_condition":"new"},"_links":{"self":[{"href":"https:\/\/www.facecorner.lv\/en\/wp-json\/wp\/v2\/product\/22393","targetHints":{"allow":["GET"]}}],"collection":[{"href":"https:\/\/www.facecorner.lv\/en\/wp-json\/wp\/v2\/product"}],"about":[{"href":"https:\/\/www.facecorner.lv\/en\/wp-json\/wp\/v2\/types\/product"}],"replies":[{"embeddable":true,"href":"https:\/\/www.facecorner.lv\/en\/wp-json\/wp\/v2\/comments?post=22393"}],"wp:featuredmedia":[{"embeddable":true,"href":"https:\/\/www.facecorner.lv\/en\/wp-json\/wp\/v2\/media\/22394"}],"wp:attachment":[{"href":"https:\/\/www.facecorner.lv\/en\/wp-json\/wp\/v2\/media?parent=22393"}],"wp:term":[{"taxonomy":"product_brand","embeddable":true,"href":"https:\/\/www.facecorner.lv\/en\/wp-json\/wp\/v2\/product_brand?post=22393"},{"taxonomy":"product_cat","embeddable":true,"href":"https:\/\/www.facecorner.lv\/en\/wp-json\/wp\/v2\/product_cat?post=22393"},{"taxonomy":"product_tag","embeddable":true,"href":"https:\/\/www.facecorner.lv\/en\/wp-json\/wp\/v2\/product_tag?post=22393"},{"taxonomy":"berocket_brand","embeddable":true,"href":"https:\/\/www.facecorner.lv\/en\/wp-json\/wp\/v2\/berocket_brand?post=22393"}],"curies":[{"name":"wp","href":"https:\/\/api.w.org\/{rel}","templated":true}]}}