{"id":22099,"date":"2024-11-27T00:17:29","date_gmt":"2024-11-26T21:17:29","guid":{"rendered":"https:\/\/www.facecorner.lv\/?post_type=product&#038;p=22099"},"modified":"2026-02-08T21:49:01","modified_gmt":"2026-02-08T18:49:01","slug":"meditherapy-blue-layer-water-dome-mask","status":"publish","type":"product","link":"https:\/\/www.facecorner.lv\/en\/shop\/meditherapy-blue-layer-water-dome-mask\/","title":{"rendered":"Meditherapy Blue Layer Water Dome Mask"},"content":{"rendered":"<p>Meditherapy Blue Layer Water Dome Mask uzlabojiet savu \u0101das kop\u0161anas proced\u016bru ar Bluelayer \u016bdens kupola masku. Pateicoties hidrog\u0113la tehnolo\u0123ijai, t\u0101 nodro\u0161ina dzi\u013cu mitrin\u0101\u0161anu, sa\u0161aurina poras un savelk \u0101du. Izbaudiet spa priek\u0161roc\u012bbas m\u0101j\u0101s.<\/p>\n<p>\u0160\u012b zin\u0101tniski izstr\u0101d\u0101t\u0101 maska iek\u013c\u016bst dzi\u013ci \u0101d\u0101, nodro\u0161inot intens\u012bvu mitrin\u0101\u0161anu un uzlabojot \u0101das elast\u012bbu.<\/p>\n<p>\u0160\u012b profesion\u0101l\u0101s klases maska, kas satur gvajasul\u0113na un niacinam\u012bda kombin\u0101ciju, pied\u0101v\u0101 efekt\u012bvu risin\u0101jumu poru samazin\u0101\u0161anai, nodro\u0161inot optim\u0101lu rezult\u0101tu.<\/p>\n<p>Atst\u0101jiet to uz nakti, lai nodro\u0161in\u0101tu nep\u0101rtrauktu mitrin\u0101\u0161anu, atvadieties no sausuma un ieg\u016bstiet svaigu, atjaunotu sejas toni.<\/p>\n<p>Samaziniet grumbas un savelciet \u0101du. M\u016bsu ekspertu izstr\u0101d\u0101t\u0101 formula satur sp\u0113c\u012bgas sast\u0101vda\u013cas, kas iedarbojas uz \u0101das tvirtumu un savilk\u0161anu, t\u0101d\u0113j\u0101di pan\u0101kot jaun\u012bbu un atjaunotu izskatu.<\/p>\n<p><strong>How to use:<\/strong>: Uzkl\u0101jiet g\u0113la maskas loksni uz t\u012bras \u0101das p\u0113c tonika lieto\u0161anas. P\u0113c 4-5 stundam no\u0146emiet un maigi uzkl\u0101jiet atliku\u0161o esenci.<\/p>\n<p><strong>Ingredientes:<\/strong> Water Glycerin Water Niacinamide Chondrus Crispus Powder Glucomannan Dextrin Calcium Chloride Butyrospermum Parkii Butter 1,2-Hexanediol Butylene Glycol Hydroxyacetophenone Ceratonia Siliqua Gum Dextrin Pentylene Glycol Polyglyceryl-10 Laurate Xanthan Gum Dextrin Allantoin Ethylhexylglycerin Water Butylene Glycol Agave Tequilana Leaf Extract Water Butylene Glycol Anastatica Hierochuntica Extract Gardenia Florida Fruit Extract Dextrin Hydroxyethylcellulose Adenosine Disodium EDTA Sodium Guaiazulene Sulfonate Water Sodium Hyaluronate 1,2-Hexanediol Xylitylglucoside Anhydroxylitol Xylitol Water<\/p>","protected":false},"excerpt":{"rendered":"<p>Meditherapy Blue Layer Water Dome Mask uzlabojiet savu \u0101das kop\u0161anas proced\u016bru ar Bluelayer \u016bdens kupola masku. Pateicoties hidrog\u0113la tehnolo\u0123ijai, t\u0101 nodro\u0161ina dzi\u013cu mitrin\u0101\u0161anu, sa\u0161aurina poras un savelk \u0101du. Izbaudiet spa priek\u0161roc\u012bbas m\u0101j\u0101s.<\/p>","protected":false},"featured_media":22100,"comment_status":"open","ping_status":"closed","template":"","meta":{"site-sidebar-layout":"default","site-content-layout":"","ast-site-content-layout":"default","site-content-style":"default","site-sidebar-style":"default","ast-global-header-display":"","ast-banner-title-visibility":"","ast-main-header-display":"","ast-hfb-above-header-display":"","ast-hfb-below-header-display":"","ast-hfb-mobile-header-display":"","site-post-title":"","ast-breadcrumbs-content":"","ast-featured-img":"","footer-sml-layout":"","theme-transparent-header-meta":"default","adv-header-id-meta":"","stick-header-meta":"","header-above-stick-meta":"","header-main-stick-meta":"","header-below-stick-meta":"","astra-migrate-meta-layouts":"set","ast-page-background-enabled":"default","ast-page-background-meta":{"desktop":{"background-color":"var(--ast-global-color-4)","background-image":"","background-repeat":"repeat","background-position":"center center","background-size":"auto","background-attachment":"scroll","background-type":"","background-media":"","overlay-type":"","overlay-color":"","overlay-opacity":"","overlay-gradient":""},"tablet":{"background-color":"","background-image":"","background-repeat":"repeat","background-position":"center center","background-size":"auto","background-attachment":"scroll","background-type":"","background-media":"","overlay-type":"","overlay-color":"","overlay-opacity":"","overlay-gradient":""},"mobile":{"background-color":"","background-image":"","background-repeat":"repeat","background-position":"center center","background-size":"auto","background-attachment":"scroll","background-type":"","background-media":"","overlay-type":"","overlay-color":"","overlay-opacity":"","overlay-gradient":""}},"ast-content-background-meta":{"desktop":{"background-color":"var(--ast-global-color-5)","background-image":"","background-repeat":"repeat","background-position":"center center","background-size":"auto","background-attachment":"scroll","background-type":"","background-media":"","overlay-type":"","overlay-color":"","overlay-opacity":"","overlay-gradient":""},"tablet":{"background-color":"var(--ast-global-color-5)","background-image":"","background-repeat":"repeat","background-position":"center center","background-size":"auto","background-attachment":"scroll","background-type":"","background-media":"","overlay-type":"","overlay-color":"","overlay-opacity":"","overlay-gradient":""},"mobile":{"background-color":"var(--ast-global-color-5)","background-image":"","background-repeat":"repeat","background-position":"center center","background-size":"auto","background-attachment":"scroll","background-type":"","background-media":"","overlay-type":"","overlay-color":"","overlay-opacity":"","overlay-gradient":""}}},"product_brand":[],"product_cat":[325,315,326,322],"product_tag":[],"berocket_brand":[586],"class_list":{"0":"post-22099","1":"product","2":"type-product","3":"status-publish","4":"has-post-thumbnail","6":"product_cat-hidrogela","7":"product_cat-maskas","8":"product_cat-mitrinosas","9":"product_cat-nakts","10":"berocket_brand-meditherapy","11":"desktop-align-left","12":"tablet-align-left","13":"mobile-align-left","15":"first","16":"instock","17":"taxable","18":"shipping-taxable","19":"purchasable","20":"product-type-simple","21":"add-to-wishlist-before_image"},"yoast_head":"<!-- This site is optimized with the Yoast SEO plugin v27.3 - https:\/\/yoast.com\/product\/yoast-seo-wordpress\/ -->\n<title>Meditherapy Blue Layer Water Dome Mask - FACECORNER<\/title>\n<meta name=\"description\" content=\"Meditherapy Blue Layer Water Dome Mask uzlabojiet savu \u0101das kop\u0161anas proced\u016bru ar Bluelayer \u016bdens kupola masku. Pateicoties hidrog\u0113la tehnolo\u0123ijai\" \/>\n<meta name=\"robots\" content=\"index, follow, max-snippet:-1, max-image-preview:large, max-video-preview:-1\" \/>\n<link rel=\"canonical\" href=\"https:\/\/www.facecorner.lv\/en\/shop\/meditherapy-blue-layer-water-dome-mask\/\" \/>\n<meta property=\"og:locale\" content=\"en_US\" \/>\n<meta property=\"og:type\" content=\"article\" \/>\n<meta property=\"og:title\" content=\"Meditherapy Blue Layer Water Dome Mask - FACECORNER\" \/>\n<meta property=\"og:description\" content=\"Meditherapy Blue Layer Water Dome Mask uzlabojiet savu \u0101das kop\u0161anas proced\u016bru ar Bluelayer \u016bdens kupola masku. Pateicoties hidrog\u0113la tehnolo\u0123ijai\" \/>\n<meta property=\"og:url\" content=\"https:\/\/www.facecorner.lv\/en\/shop\/meditherapy-blue-layer-water-dome-mask\/\" \/>\n<meta property=\"og:site_name\" content=\"FACECORNER\" \/>\n<meta property=\"article:publisher\" content=\"https:\/\/www.facebook.com\/profile.php?id=100063824551839\" \/>\n<meta property=\"article:modified_time\" content=\"2026-02-08T18:49:01+00:00\" \/>\n<meta property=\"og:image\" content=\"https:\/\/www.facecorner.lv\/wp-content\/uploads\/2024\/11\/MeditherapyBlueLayerWaterDomeMas-sentisenti.webp\" \/>\n\t<meta property=\"og:image:width\" content=\"1024\" \/>\n\t<meta property=\"og:image:height\" content=\"992\" \/>\n\t<meta property=\"og:image:type\" content=\"image\/webp\" \/>\n<meta name=\"twitter:card\" content=\"summary_large_image\" \/>\n<meta name=\"twitter:label1\" content=\"Price\" \/>\n\t<meta name=\"twitter:data1\" content=\"&euro;9.00\" \/>\n\t<meta name=\"twitter:label2\" content=\"Availability\" \/>\n\t<meta name=\"twitter:data2\" content=\"In stock\" \/>\n<script type=\"application\/ld+json\" class=\"yoast-schema-graph\">{\"@context\":\"https:\\\/\\\/schema.org\",\"@graph\":[{\"@type\":\"WebPage\",\"@id\":\"https:\\\/\\\/www.facecorner.lv\\\/shop\\\/meditherapy-blue-layer-water-dome-mask\\\/\",\"url\":\"https:\\\/\\\/www.facecorner.lv\\\/shop\\\/meditherapy-blue-layer-water-dome-mask\\\/\",\"name\":\"Meditherapy Blue Layer Water Dome Mask - FACECORNER\",\"isPartOf\":{\"@id\":\"https:\\\/\\\/www.facecorner.lv\\\/#website\"},\"primaryImageOfPage\":{\"@id\":\"https:\\\/\\\/www.facecorner.lv\\\/shop\\\/meditherapy-blue-layer-water-dome-mask\\\/#primaryimage\"},\"image\":{\"@id\":\"https:\\\/\\\/www.facecorner.lv\\\/shop\\\/meditherapy-blue-layer-water-dome-mask\\\/#primaryimage\"},\"thumbnailUrl\":\"https:\\\/\\\/www.facecorner.lv\\\/wp-content\\\/uploads\\\/2024\\\/11\\\/MeditherapyBlueLayerWaterDomeMas-sentisenti.webp\",\"datePublished\":\"2024-11-26T21:17:29+00:00\",\"dateModified\":\"2026-02-08T18:49:01+00:00\",\"description\":\"Meditherapy Blue Layer Water Dome Mask uzlabojiet savu \u0101das kop\u0161anas proced\u016bru ar Bluelayer \u016bdens kupola masku. Pateicoties hidrog\u0113la tehnolo\u0123ijai\",\"breadcrumb\":{\"@id\":\"https:\\\/\\\/www.facecorner.lv\\\/shop\\\/meditherapy-blue-layer-water-dome-mask\\\/#breadcrumb\"},\"inLanguage\":\"en-US\",\"potentialAction\":[{\"@type\":\"ReadAction\",\"target\":[\"https:\\\/\\\/www.facecorner.lv\\\/shop\\\/meditherapy-blue-layer-water-dome-mask\\\/\"]}]},{\"@type\":\"ImageObject\",\"inLanguage\":\"en-US\",\"@id\":\"https:\\\/\\\/www.facecorner.lv\\\/shop\\\/meditherapy-blue-layer-water-dome-mask\\\/#primaryimage\",\"url\":\"https:\\\/\\\/www.facecorner.lv\\\/wp-content\\\/uploads\\\/2024\\\/11\\\/MeditherapyBlueLayerWaterDomeMas-sentisenti.webp\",\"contentUrl\":\"https:\\\/\\\/www.facecorner.lv\\\/wp-content\\\/uploads\\\/2024\\\/11\\\/MeditherapyBlueLayerWaterDomeMas-sentisenti.webp\",\"width\":1024,\"height\":992,\"caption\":\"Meditherapy Blue Layer Water Dome Mask\"},{\"@type\":\"BreadcrumbList\",\"@id\":\"https:\\\/\\\/www.facecorner.lv\\\/shop\\\/meditherapy-blue-layer-water-dome-mask\\\/#breadcrumb\",\"itemListElement\":[{\"@type\":\"ListItem\",\"position\":1,\"name\":\"Home\",\"item\":\"https:\\\/\\\/www.facecorner.lv\\\/\"},{\"@type\":\"ListItem\",\"position\":2,\"name\":\"Veikals\",\"item\":\"https:\\\/\\\/www.facecorner.lv\\\/shop\\\/\"},{\"@type\":\"ListItem\",\"position\":3,\"name\":\"Meditherapy Blue Layer Water Dome Mask\"}]},{\"@type\":\"WebSite\",\"@id\":\"https:\\\/\\\/www.facecorner.lv\\\/#website\",\"url\":\"https:\\\/\\\/www.facecorner.lv\\\/\",\"name\":\"Facecorner\",\"description\":\"\",\"publisher\":{\"@id\":\"https:\\\/\\\/www.facecorner.lv\\\/#organization\"},\"potentialAction\":[{\"@type\":\"SearchAction\",\"target\":{\"@type\":\"EntryPoint\",\"urlTemplate\":\"https:\\\/\\\/www.facecorner.lv\\\/?s={search_term_string}\"},\"query-input\":{\"@type\":\"PropertyValueSpecification\",\"valueRequired\":true,\"valueName\":\"search_term_string\"}}],\"inLanguage\":\"en-US\"},{\"@type\":\"Organization\",\"@id\":\"https:\\\/\\\/www.facecorner.lv\\\/#organization\",\"name\":\"Facecorner\",\"url\":\"https:\\\/\\\/www.facecorner.lv\\\/\",\"logo\":{\"@type\":\"ImageObject\",\"inLanguage\":\"en-US\",\"@id\":\"https:\\\/\\\/www.facecorner.lv\\\/#\\\/schema\\\/logo\\\/image\\\/\",\"url\":\"https:\\\/\\\/www.facecorner.lv\\\/wp-content\\\/uploads\\\/2024\\\/04\\\/fc-logo.jpg\",\"contentUrl\":\"https:\\\/\\\/www.facecorner.lv\\\/wp-content\\\/uploads\\\/2024\\\/04\\\/fc-logo.jpg\",\"width\":174,\"height\":28,\"caption\":\"Facecorner\"},\"image\":{\"@id\":\"https:\\\/\\\/www.facecorner.lv\\\/#\\\/schema\\\/logo\\\/image\\\/\"},\"sameAs\":[\"https:\\\/\\\/www.facebook.com\\\/profile.php?id=100063824551839\",\"https:\\\/\\\/www.instagram.com\\\/facecorner_shop\\\/\"]}]}<\/script>\n<meta property=\"product:price:amount\" content=\"9.00\" \/>\n<meta property=\"product:price:currency\" content=\"EUR\" \/>\n<meta property=\"og:availability\" content=\"instock\" \/>\n<meta property=\"product:availability\" content=\"instock\" \/>\n<meta property=\"product:condition\" content=\"new\" \/>\n<!-- \/ Yoast SEO plugin. -->","yoast_head_json":{"title":"Meditherapy Blue Layer Water Dome Mask - FACECORNER","description":"Meditherapy Blue Layer Water Dome Mask uzlabojiet savu \u0101das kop\u0161anas proced\u016bru ar Bluelayer \u016bdens kupola masku. Pateicoties hidrog\u0113la tehnolo\u0123ijai","robots":{"index":"index","follow":"follow","max-snippet":"max-snippet:-1","max-image-preview":"max-image-preview:large","max-video-preview":"max-video-preview:-1"},"canonical":"https:\/\/www.facecorner.lv\/en\/shop\/meditherapy-blue-layer-water-dome-mask\/","og_locale":"en_US","og_type":"article","og_title":"Meditherapy Blue Layer Water Dome Mask - FACECORNER","og_description":"Meditherapy Blue Layer Water Dome Mask uzlabojiet savu \u0101das kop\u0161anas proced\u016bru ar Bluelayer \u016bdens kupola masku. Pateicoties hidrog\u0113la tehnolo\u0123ijai","og_url":"https:\/\/www.facecorner.lv\/en\/shop\/meditherapy-blue-layer-water-dome-mask\/","og_site_name":"FACECORNER","article_publisher":"https:\/\/www.facebook.com\/profile.php?id=100063824551839","article_modified_time":"2026-02-08T18:49:01+00:00","og_image":[{"width":1024,"height":992,"url":"https:\/\/www.facecorner.lv\/wp-content\/uploads\/2024\/11\/MeditherapyBlueLayerWaterDomeMas-sentisenti.webp","type":"image\/webp"}],"twitter_card":"summary_large_image","twitter_misc":{"Price":"&euro;9.00","Availability":"In stock"},"schema":{"@context":"https:\/\/schema.org","@graph":[{"@type":"WebPage","@id":"https:\/\/www.facecorner.lv\/shop\/meditherapy-blue-layer-water-dome-mask\/","url":"https:\/\/www.facecorner.lv\/shop\/meditherapy-blue-layer-water-dome-mask\/","name":"Meditherapy Blue Layer Water Dome Mask - FACECORNER","isPartOf":{"@id":"https:\/\/www.facecorner.lv\/#website"},"primaryImageOfPage":{"@id":"https:\/\/www.facecorner.lv\/shop\/meditherapy-blue-layer-water-dome-mask\/#primaryimage"},"image":{"@id":"https:\/\/www.facecorner.lv\/shop\/meditherapy-blue-layer-water-dome-mask\/#primaryimage"},"thumbnailUrl":"https:\/\/www.facecorner.lv\/wp-content\/uploads\/2024\/11\/MeditherapyBlueLayerWaterDomeMas-sentisenti.webp","datePublished":"2024-11-26T21:17:29+00:00","dateModified":"2026-02-08T18:49:01+00:00","description":"Meditherapy Blue Layer Water Dome Mask uzlabojiet savu \u0101das kop\u0161anas proced\u016bru ar Bluelayer \u016bdens kupola masku. Pateicoties hidrog\u0113la tehnolo\u0123ijai","breadcrumb":{"@id":"https:\/\/www.facecorner.lv\/shop\/meditherapy-blue-layer-water-dome-mask\/#breadcrumb"},"inLanguage":"en-US","potentialAction":[{"@type":"ReadAction","target":["https:\/\/www.facecorner.lv\/shop\/meditherapy-blue-layer-water-dome-mask\/"]}]},{"@type":"ImageObject","inLanguage":"en-US","@id":"https:\/\/www.facecorner.lv\/shop\/meditherapy-blue-layer-water-dome-mask\/#primaryimage","url":"https:\/\/www.facecorner.lv\/wp-content\/uploads\/2024\/11\/MeditherapyBlueLayerWaterDomeMas-sentisenti.webp","contentUrl":"https:\/\/www.facecorner.lv\/wp-content\/uploads\/2024\/11\/MeditherapyBlueLayerWaterDomeMas-sentisenti.webp","width":1024,"height":992,"caption":"Meditherapy Blue Layer Water Dome Mask"},{"@type":"BreadcrumbList","@id":"https:\/\/www.facecorner.lv\/shop\/meditherapy-blue-layer-water-dome-mask\/#breadcrumb","itemListElement":[{"@type":"ListItem","position":1,"name":"Home","item":"https:\/\/www.facecorner.lv\/"},{"@type":"ListItem","position":2,"name":"Veikals","item":"https:\/\/www.facecorner.lv\/shop\/"},{"@type":"ListItem","position":3,"name":"Meditherapy Blue Layer Water Dome Mask"}]},{"@type":"WebSite","@id":"https:\/\/www.facecorner.lv\/#website","url":"https:\/\/www.facecorner.lv\/","name":"Facecorner","description":"","publisher":{"@id":"https:\/\/www.facecorner.lv\/#organization"},"potentialAction":[{"@type":"SearchAction","target":{"@type":"EntryPoint","urlTemplate":"https:\/\/www.facecorner.lv\/?s={search_term_string}"},"query-input":{"@type":"PropertyValueSpecification","valueRequired":true,"valueName":"search_term_string"}}],"inLanguage":"en-US"},{"@type":"Organization","@id":"https:\/\/www.facecorner.lv\/#organization","name":"Facecorner","url":"https:\/\/www.facecorner.lv\/","logo":{"@type":"ImageObject","inLanguage":"en-US","@id":"https:\/\/www.facecorner.lv\/#\/schema\/logo\/image\/","url":"https:\/\/www.facecorner.lv\/wp-content\/uploads\/2024\/04\/fc-logo.jpg","contentUrl":"https:\/\/www.facecorner.lv\/wp-content\/uploads\/2024\/04\/fc-logo.jpg","width":174,"height":28,"caption":"Facecorner"},"image":{"@id":"https:\/\/www.facecorner.lv\/#\/schema\/logo\/image\/"},"sameAs":["https:\/\/www.facebook.com\/profile.php?id=100063824551839","https:\/\/www.instagram.com\/facecorner_shop\/"]}]},"product_price_amount":"9.00","product_price_currency":"EUR","og_availability":"instock","product_availability":"instock","product_condition":"new"},"_links":{"self":[{"href":"https:\/\/www.facecorner.lv\/en\/wp-json\/wp\/v2\/product\/22099","targetHints":{"allow":["GET"]}}],"collection":[{"href":"https:\/\/www.facecorner.lv\/en\/wp-json\/wp\/v2\/product"}],"about":[{"href":"https:\/\/www.facecorner.lv\/en\/wp-json\/wp\/v2\/types\/product"}],"replies":[{"embeddable":true,"href":"https:\/\/www.facecorner.lv\/en\/wp-json\/wp\/v2\/comments?post=22099"}],"wp:featuredmedia":[{"embeddable":true,"href":"https:\/\/www.facecorner.lv\/en\/wp-json\/wp\/v2\/media\/22100"}],"wp:attachment":[{"href":"https:\/\/www.facecorner.lv\/en\/wp-json\/wp\/v2\/media?parent=22099"}],"wp:term":[{"taxonomy":"product_brand","embeddable":true,"href":"https:\/\/www.facecorner.lv\/en\/wp-json\/wp\/v2\/product_brand?post=22099"},{"taxonomy":"product_cat","embeddable":true,"href":"https:\/\/www.facecorner.lv\/en\/wp-json\/wp\/v2\/product_cat?post=22099"},{"taxonomy":"product_tag","embeddable":true,"href":"https:\/\/www.facecorner.lv\/en\/wp-json\/wp\/v2\/product_tag?post=22099"},{"taxonomy":"berocket_brand","embeddable":true,"href":"https:\/\/www.facecorner.lv\/en\/wp-json\/wp\/v2\/berocket_brand?post=22099"}],"curies":[{"name":"wp","href":"https:\/\/api.w.org\/{rel}","templated":true}]}}