{"id":21983,"date":"2024-11-25T22:58:54","date_gmt":"2024-11-25T19:58:54","guid":{"rendered":"https:\/\/www.facecorner.lv\/?post_type=product&#038;p=21983"},"modified":"2026-03-31T07:31:05","modified_gmt":"2026-03-31T04:31:05","slug":"medipeel-mooltox-hyaluron-layer-wrapping-mask-70ml","status":"publish","type":"product","link":"https:\/\/www.facecorner.lv\/en\/shop\/medipeel-mooltox-hyaluron-layer-wrapping-mask-70ml\/","title":{"rendered":"MEDIPEEL Mooltox Hyaluron Layer Wrapping Mask 70ml"},"content":{"rendered":"<p>MEDIPEEL Mooltox Hyaluron Layer Wrapping Mask mitrina, m\u012bkstina un izl\u012bdzina \u0101du, acumirkl\u012b nostiepj un pie\u0161\u0137ir vesel\u012bgu mirdzumu.<\/p>\n<p>Samazina grumbas un uzlabo \u0101das st\u0101vokli deguna un pieres krok\u0101s. M\u012bkstina raupjas zonas un sagatavo grima veik\u0161anai. Sare\u017e\u0123\u012b\u0161anas efekta d\u0113\u013c veicina poru sa\u0161aurin\u0101\u0161anos.<\/p>\n<p><strong>Samazina \u0101das temperat\u016bru par ~7,07\u00b0C, mazinot diskomfortu un kairin\u0101jumu. Nodro\u0161ina ilgsto\u0161u mitrin\u0101\u0161anu l\u012bdz pat 144 stund\u0101m.<\/strong><\/p>\n<p>Formulas pamat\u0101 ir dzirksto\u0161ais \u016bdens, kas atsvaidzina, papildina mitrumu, uzlabo mikrocirkul\u0101ciju, izl\u012bdzina tonusu un izl\u012bdzina reljefu.<\/p>\n<p><strong>Main active ingredients:<\/strong><\/p>\n<ul>\n<li>Volufil\u012bns (Anemarrhena Asphodeloides saknes ekstrakts) ir no Anemarrhena saknes ekstrah\u0113ta viela. T\u0101 palielina \u0101das bl\u012bvumu un apjomu, un t\u0101s iedarb\u012bba ir l\u012bdz\u012bga lipofilling.<\/li>\n<li>Kolag\u0113ns intens\u012bvi mitrina, pal\u012bdz \u0161\u016bn\u0101m saglab\u0101t mitrumu, uzlabo \u0101das strukt\u016bru, stimul\u0113 re\u0123ener\u0101cijas procesus, pal\u012bdz izl\u012bdzin\u0101t grumbas.<\/li>\n<li>Jojobas un saulespu\u0137u e\u013c\u013cas ir pies\u0101tin\u0101tas ar A un E vitam\u012bniem. T\u0101s c\u012bn\u0101s pret sausumu un lob\u012b\u0161anos, baro, padara \u0101du bl\u012bv\u0101ku un elast\u012bg\u0101ku.<\/li>\n<li>3 veidu hialuronsk\u0101be mitrina, m\u012bkstina, nov\u0113r\u0161 mitruma zudumu.<\/li>\n<li>Pantenols (vitam\u012bns B5) mazina aps\u0101rtumu un niezi, stiprina hidrolip\u012bdu barjeru, nov\u0113r\u0161 mitruma iztvaiko\u0161anu, veicina re\u0123ener\u0101ciju.<\/li>\n<li>Centella asiatica ekstrakts c\u012bn\u0101s ar aps\u0101rtumu un iekaisumu, stiprina asinsvadus un nov\u0113r\u0161 asinsvadu zvaigzn\u012b\u0161u veido\u0161anos, mazina jut\u012bgumu pret \u0101r\u0113jiem faktoriem.<\/li>\n<\/ul>\n<p><strong>How to use:<\/strong> p\u0113c mazg\u0101\u0161anas, toniz\u0113\u0161anas, seruma un kr\u0113ma lieto\u0161anas uzkl\u0101jiet masku uz sausas sejas, izvairoties no zonas ap ac\u012bm un muti. P\u0113c 20-30 min\u016bt\u0113m, kad maska ir piln\u012bgi sausa, pa\u0146emiet k\u0101rti\u0146u no malas un viegli no\u0146emiet. Ja nepiecie\u0161ams, uzkl\u0101jiet mitrino\u0161u l\u012bdzekli. Ieteicams lietot 2-3 reizes ned\u0113\u013c\u0101.<\/p>\n<p><strong>Ingredientes:<\/strong> Carbonated Water, Water, Simmondsia Chinensis (Jojoba) Seed Oil, Polyvinyl Alcohol, Methylpropanediol, Butylene Glycol, Caprylic\/Capric Triglyceride, Niacinamide Algin, 1,2-Hexanediol, Polyglyceryl-10 Oleate, Polysorbate 80, Pullulan, Sphingomonas Ferment Extract, Gardenia Florida Fruit Extract, Centella Asiatica Root Extract,Enantia Chlorantha Bark Extract, Anemarrhena Asphodeloides Root Extract, Helianthus\u00a0Annuus (Sun\ufb02ower) Seed Oil, Sodium Hyaluronate, Hydrogenated Lecithin, Oryza Sativa (Rice) Bran Oil, Glyceryl Stearate, PEG-100 Stearate, Panthenol, Disteardimonium Hectorite, Sodium Polystyrene Sulfonate, Microcrystalline Cellulose, Ethylhexylglycerin, Tocopherol\u00a0Acetate, Allantoin, Methyl Diisopropyl Propionamide, Adenosine, Dextrin, Cellulose Gum, Sodium Phytate, Glycerin, Sucrose Palmitate, Glyceryl Linoleate, Tocopherol, Xylitol, 7-Dehydrocholesterol, Menthyl Lactate, Citric Acid, Ectoin, Polyglutamic Acid, Propanediol, Hydrogenated Polyisobutene, Glyceryl Glucoside, Xylitylglucoside, Collagen, Anhydroxylitol, Glycine, Leuconostoc\/Radish Root Ferment Filtrate, Glutamic Acid, Silica, Arginine, Kaolin, Ceramide NP, Phytosphingosine, Hydroxypropyl Cyclodextrin, Caprylyl Glycol, Acetyl Hexapeptide-1, Hydrolyzed Hyaluronic Acid, Hyaluronic Acid, Oleanolic Acid, Ascorbic Acid, Sucrose Distearate, Fragrance<\/p>","protected":false},"excerpt":{"rendered":"<p>MEDIPEEL Mooltox Hyaluron Layer Wrapping Mask mitrina, m\u012bkstina un izl\u012bdzina \u0101du, acumirkl\u012b nostiepj un pie\u0161\u0137ir vesel\u012bgu mirdzumu.<\/p>\n<p>Samazina grumbas un uzlabo \u0101das st\u0101vokli deguna un pieres krok\u0101s. M\u012bkstina raupjas zonas un sagatavo grima veik\u0161anai. Sare\u017e\u0123\u012b\u0161anas efekta d\u0113\u013c veicina poru sa\u0161aurin\u0101\u0161anos.<\/p>","protected":false},"featured_media":21984,"comment_status":"open","ping_status":"closed","template":"","meta":{"site-sidebar-layout":"default","site-content-layout":"","ast-site-content-layout":"default","site-content-style":"default","site-sidebar-style":"default","ast-global-header-display":"","ast-banner-title-visibility":"","ast-main-header-display":"","ast-hfb-above-header-display":"","ast-hfb-below-header-display":"","ast-hfb-mobile-header-display":"","site-post-title":"","ast-breadcrumbs-content":"","ast-featured-img":"","footer-sml-layout":"","theme-transparent-header-meta":"default","adv-header-id-meta":"","stick-header-meta":"","header-above-stick-meta":"","header-main-stick-meta":"","header-below-stick-meta":"","astra-migrate-meta-layouts":"set","ast-page-background-enabled":"default","ast-page-background-meta":{"desktop":{"background-color":"var(--ast-global-color-4)","background-image":"","background-repeat":"repeat","background-position":"center center","background-size":"auto","background-attachment":"scroll","background-type":"","background-media":"","overlay-type":"","overlay-color":"","overlay-opacity":"","overlay-gradient":""},"tablet":{"background-color":"","background-image":"","background-repeat":"repeat","background-position":"center center","background-size":"auto","background-attachment":"scroll","background-type":"","background-media":"","overlay-type":"","overlay-color":"","overlay-opacity":"","overlay-gradient":""},"mobile":{"background-color":"","background-image":"","background-repeat":"repeat","background-position":"center center","background-size":"auto","background-attachment":"scroll","background-type":"","background-media":"","overlay-type":"","overlay-color":"","overlay-opacity":"","overlay-gradient":""}},"ast-content-background-meta":{"desktop":{"background-color":"var(--ast-global-color-5)","background-image":"","background-repeat":"repeat","background-position":"center center","background-size":"auto","background-attachment":"scroll","background-type":"","background-media":"","overlay-type":"","overlay-color":"","overlay-opacity":"","overlay-gradient":""},"tablet":{"background-color":"var(--ast-global-color-5)","background-image":"","background-repeat":"repeat","background-position":"center center","background-size":"auto","background-attachment":"scroll","background-type":"","background-media":"","overlay-type":"","overlay-color":"","overlay-opacity":"","overlay-gradient":""},"mobile":{"background-color":"var(--ast-global-color-5)","background-image":"","background-repeat":"repeat","background-position":"center center","background-size":"auto","background-attachment":"scroll","background-type":"","background-media":"","overlay-type":"","overlay-color":"","overlay-opacity":"","overlay-gradient":""}}},"product_brand":[],"product_cat":[315,326],"product_tag":[],"berocket_brand":[583],"class_list":{"0":"post-21983","1":"product","2":"type-product","3":"status-publish","4":"has-post-thumbnail","6":"product_cat-maskas","7":"product_cat-mitrinosas","8":"berocket_brand-medi-peel","9":"desktop-align-left","10":"tablet-align-left","11":"mobile-align-left","13":"first","14":"instock","15":"taxable","16":"shipping-taxable","17":"purchasable","18":"product-type-simple","19":"add-to-wishlist-before_image"},"yoast_head":"<!-- This site is optimized with the Yoast SEO plugin v27.4 - https:\/\/yoast.com\/product\/yoast-seo-wordpress\/ -->\n<title>MEDIPEEL Mooltox Hyaluron Layer Wrapping Mask 70ml - FACECORNER<\/title>\n<meta name=\"description\" content=\"MEDIPEEL Mooltox Hyaluron Layer Wrapping Mask mitrina, m\u012bkstina un izl\u012bdzina \u0101du, acumirkl\u012b nostiepj un pie\u0161\u0137ir vesel\u012bgu mirdzumu.\" \/>\n<meta name=\"robots\" content=\"index, follow, max-snippet:-1, max-image-preview:large, max-video-preview:-1\" \/>\n<link rel=\"canonical\" href=\"https:\/\/www.facecorner.lv\/en\/shop\/medipeel-mooltox-hyaluron-layer-wrapping-mask-70ml\/\" \/>\n<meta property=\"og:locale\" content=\"en_US\" \/>\n<meta property=\"og:type\" content=\"article\" \/>\n<meta property=\"og:title\" content=\"MEDIPEEL Mooltox Hyaluron Layer Wrapping Mask 70ml - FACECORNER\" \/>\n<meta property=\"og:description\" content=\"MEDIPEEL Mooltox Hyaluron Layer Wrapping Mask mitrina, m\u012bkstina un izl\u012bdzina \u0101du, acumirkl\u012b nostiepj un pie\u0161\u0137ir vesel\u012bgu mirdzumu.\" \/>\n<meta property=\"og:url\" content=\"https:\/\/www.facecorner.lv\/en\/shop\/medipeel-mooltox-hyaluron-layer-wrapping-mask-70ml\/\" \/>\n<meta property=\"og:site_name\" content=\"FACECORNER\" \/>\n<meta property=\"article:publisher\" content=\"https:\/\/www.facebook.com\/profile.php?id=100063824551839\" \/>\n<meta property=\"article:modified_time\" content=\"2026-03-31T04:31:05+00:00\" \/>\n<meta property=\"og:image\" content=\"https:\/\/www.facecorner.lv\/wp-content\/uploads\/2024\/11\/4iwcd7nmagmrx1kgr9qo66smianpofoa.png\" \/>\n\t<meta property=\"og:image:width\" content=\"1080\" \/>\n\t<meta property=\"og:image:height\" content=\"1080\" \/>\n\t<meta property=\"og:image:type\" content=\"image\/png\" \/>\n<meta name=\"twitter:card\" content=\"summary_large_image\" \/>\n<meta name=\"twitter:label1\" content=\"Price\" \/>\n\t<meta name=\"twitter:data1\" content=\"&euro;29.90\" \/>\n\t<meta name=\"twitter:label2\" content=\"Availability\" \/>\n\t<meta name=\"twitter:data2\" content=\"In stock\" \/>\n<script type=\"application\/ld+json\" class=\"yoast-schema-graph\">{\"@context\":\"https:\\\/\\\/schema.org\",\"@graph\":[{\"@type\":\"WebPage\",\"@id\":\"https:\\\/\\\/www.facecorner.lv\\\/shop\\\/medipeel-mooltox-hyaluron-layer-wrapping-mask-70ml\\\/\",\"url\":\"https:\\\/\\\/www.facecorner.lv\\\/shop\\\/medipeel-mooltox-hyaluron-layer-wrapping-mask-70ml\\\/\",\"name\":\"MEDIPEEL Mooltox Hyaluron Layer Wrapping Mask 70ml - FACECORNER\",\"isPartOf\":{\"@id\":\"https:\\\/\\\/www.facecorner.lv\\\/#website\"},\"primaryImageOfPage\":{\"@id\":\"https:\\\/\\\/www.facecorner.lv\\\/shop\\\/medipeel-mooltox-hyaluron-layer-wrapping-mask-70ml\\\/#primaryimage\"},\"image\":{\"@id\":\"https:\\\/\\\/www.facecorner.lv\\\/shop\\\/medipeel-mooltox-hyaluron-layer-wrapping-mask-70ml\\\/#primaryimage\"},\"thumbnailUrl\":\"https:\\\/\\\/www.facecorner.lv\\\/wp-content\\\/uploads\\\/2024\\\/11\\\/4iwcd7nmagmrx1kgr9qo66smianpofoa.png\",\"datePublished\":\"2024-11-25T19:58:54+00:00\",\"dateModified\":\"2026-03-31T04:31:05+00:00\",\"description\":\"MEDIPEEL Mooltox Hyaluron Layer Wrapping Mask mitrina, m\u012bkstina un izl\u012bdzina \u0101du, acumirkl\u012b nostiepj un pie\u0161\u0137ir vesel\u012bgu mirdzumu.\",\"breadcrumb\":{\"@id\":\"https:\\\/\\\/www.facecorner.lv\\\/shop\\\/medipeel-mooltox-hyaluron-layer-wrapping-mask-70ml\\\/#breadcrumb\"},\"inLanguage\":\"en-US\",\"potentialAction\":[{\"@type\":\"ReadAction\",\"target\":[\"https:\\\/\\\/www.facecorner.lv\\\/shop\\\/medipeel-mooltox-hyaluron-layer-wrapping-mask-70ml\\\/\"]}]},{\"@type\":\"ImageObject\",\"inLanguage\":\"en-US\",\"@id\":\"https:\\\/\\\/www.facecorner.lv\\\/shop\\\/medipeel-mooltox-hyaluron-layer-wrapping-mask-70ml\\\/#primaryimage\",\"url\":\"https:\\\/\\\/www.facecorner.lv\\\/wp-content\\\/uploads\\\/2024\\\/11\\\/4iwcd7nmagmrx1kgr9qo66smianpofoa.png\",\"contentUrl\":\"https:\\\/\\\/www.facecorner.lv\\\/wp-content\\\/uploads\\\/2024\\\/11\\\/4iwcd7nmagmrx1kgr9qo66smianpofoa.png\",\"width\":1080,\"height\":1080,\"caption\":\"MEDIPEEL Mooltox Hyaluron Layer Wrapping Mask\"},{\"@type\":\"BreadcrumbList\",\"@id\":\"https:\\\/\\\/www.facecorner.lv\\\/shop\\\/medipeel-mooltox-hyaluron-layer-wrapping-mask-70ml\\\/#breadcrumb\",\"itemListElement\":[{\"@type\":\"ListItem\",\"position\":1,\"name\":\"Home\",\"item\":\"https:\\\/\\\/www.facecorner.lv\\\/\"},{\"@type\":\"ListItem\",\"position\":2,\"name\":\"Veikals\",\"item\":\"https:\\\/\\\/www.facecorner.lv\\\/shop\\\/\"},{\"@type\":\"ListItem\",\"position\":3,\"name\":\"MEDIPEEL Mooltox Hyaluron Layer Wrapping Mask 70ml\"}]},{\"@type\":\"WebSite\",\"@id\":\"https:\\\/\\\/www.facecorner.lv\\\/#website\",\"url\":\"https:\\\/\\\/www.facecorner.lv\\\/\",\"name\":\"Facecorner\",\"description\":\"\",\"publisher\":{\"@id\":\"https:\\\/\\\/www.facecorner.lv\\\/#organization\"},\"potentialAction\":[{\"@type\":\"SearchAction\",\"target\":{\"@type\":\"EntryPoint\",\"urlTemplate\":\"https:\\\/\\\/www.facecorner.lv\\\/?s={search_term_string}\"},\"query-input\":{\"@type\":\"PropertyValueSpecification\",\"valueRequired\":true,\"valueName\":\"search_term_string\"}}],\"inLanguage\":\"en-US\"},{\"@type\":\"Organization\",\"@id\":\"https:\\\/\\\/www.facecorner.lv\\\/#organization\",\"name\":\"Facecorner\",\"url\":\"https:\\\/\\\/www.facecorner.lv\\\/\",\"logo\":{\"@type\":\"ImageObject\",\"inLanguage\":\"en-US\",\"@id\":\"https:\\\/\\\/www.facecorner.lv\\\/#\\\/schema\\\/logo\\\/image\\\/\",\"url\":\"https:\\\/\\\/www.facecorner.lv\\\/wp-content\\\/uploads\\\/2024\\\/04\\\/fc-logo.jpg\",\"contentUrl\":\"https:\\\/\\\/www.facecorner.lv\\\/wp-content\\\/uploads\\\/2024\\\/04\\\/fc-logo.jpg\",\"width\":174,\"height\":28,\"caption\":\"Facecorner\"},\"image\":{\"@id\":\"https:\\\/\\\/www.facecorner.lv\\\/#\\\/schema\\\/logo\\\/image\\\/\"},\"sameAs\":[\"https:\\\/\\\/www.facebook.com\\\/profile.php?id=100063824551839\",\"https:\\\/\\\/www.instagram.com\\\/facecorner_shop\\\/\"]}]}<\/script>\n<meta property=\"product:price:amount\" content=\"29.90\" \/>\n<meta property=\"product:price:currency\" content=\"EUR\" \/>\n<meta property=\"og:availability\" content=\"instock\" \/>\n<meta property=\"product:availability\" content=\"instock\" \/>\n<meta property=\"product:condition\" content=\"new\" \/>\n<!-- \/ Yoast SEO plugin. -->","yoast_head_json":{"title":"MEDIPEEL Mooltox Hyaluron Layer Wrapping Mask 70ml - FACECORNER","description":"MEDIPEEL Mooltox Hyaluron Layer Wrapping Mask mitrina, m\u012bkstina un izl\u012bdzina \u0101du, acumirkl\u012b nostiepj un pie\u0161\u0137ir vesel\u012bgu mirdzumu.","robots":{"index":"index","follow":"follow","max-snippet":"max-snippet:-1","max-image-preview":"max-image-preview:large","max-video-preview":"max-video-preview:-1"},"canonical":"https:\/\/www.facecorner.lv\/en\/shop\/medipeel-mooltox-hyaluron-layer-wrapping-mask-70ml\/","og_locale":"en_US","og_type":"article","og_title":"MEDIPEEL Mooltox Hyaluron Layer Wrapping Mask 70ml - FACECORNER","og_description":"MEDIPEEL Mooltox Hyaluron Layer Wrapping Mask mitrina, m\u012bkstina un izl\u012bdzina \u0101du, acumirkl\u012b nostiepj un pie\u0161\u0137ir vesel\u012bgu mirdzumu.","og_url":"https:\/\/www.facecorner.lv\/en\/shop\/medipeel-mooltox-hyaluron-layer-wrapping-mask-70ml\/","og_site_name":"FACECORNER","article_publisher":"https:\/\/www.facebook.com\/profile.php?id=100063824551839","article_modified_time":"2026-03-31T04:31:05+00:00","og_image":[{"width":1080,"height":1080,"url":"https:\/\/www.facecorner.lv\/wp-content\/uploads\/2024\/11\/4iwcd7nmagmrx1kgr9qo66smianpofoa.png","type":"image\/png"}],"twitter_card":"summary_large_image","twitter_misc":{"Price":"&euro;29.90","Availability":"In stock"},"schema":{"@context":"https:\/\/schema.org","@graph":[{"@type":"WebPage","@id":"https:\/\/www.facecorner.lv\/shop\/medipeel-mooltox-hyaluron-layer-wrapping-mask-70ml\/","url":"https:\/\/www.facecorner.lv\/shop\/medipeel-mooltox-hyaluron-layer-wrapping-mask-70ml\/","name":"MEDIPEEL Mooltox Hyaluron Layer Wrapping Mask 70ml - FACECORNER","isPartOf":{"@id":"https:\/\/www.facecorner.lv\/#website"},"primaryImageOfPage":{"@id":"https:\/\/www.facecorner.lv\/shop\/medipeel-mooltox-hyaluron-layer-wrapping-mask-70ml\/#primaryimage"},"image":{"@id":"https:\/\/www.facecorner.lv\/shop\/medipeel-mooltox-hyaluron-layer-wrapping-mask-70ml\/#primaryimage"},"thumbnailUrl":"https:\/\/www.facecorner.lv\/wp-content\/uploads\/2024\/11\/4iwcd7nmagmrx1kgr9qo66smianpofoa.png","datePublished":"2024-11-25T19:58:54+00:00","dateModified":"2026-03-31T04:31:05+00:00","description":"MEDIPEEL Mooltox Hyaluron Layer Wrapping Mask mitrina, m\u012bkstina un izl\u012bdzina \u0101du, acumirkl\u012b nostiepj un pie\u0161\u0137ir vesel\u012bgu mirdzumu.","breadcrumb":{"@id":"https:\/\/www.facecorner.lv\/shop\/medipeel-mooltox-hyaluron-layer-wrapping-mask-70ml\/#breadcrumb"},"inLanguage":"en-US","potentialAction":[{"@type":"ReadAction","target":["https:\/\/www.facecorner.lv\/shop\/medipeel-mooltox-hyaluron-layer-wrapping-mask-70ml\/"]}]},{"@type":"ImageObject","inLanguage":"en-US","@id":"https:\/\/www.facecorner.lv\/shop\/medipeel-mooltox-hyaluron-layer-wrapping-mask-70ml\/#primaryimage","url":"https:\/\/www.facecorner.lv\/wp-content\/uploads\/2024\/11\/4iwcd7nmagmrx1kgr9qo66smianpofoa.png","contentUrl":"https:\/\/www.facecorner.lv\/wp-content\/uploads\/2024\/11\/4iwcd7nmagmrx1kgr9qo66smianpofoa.png","width":1080,"height":1080,"caption":"MEDIPEEL Mooltox Hyaluron Layer Wrapping Mask"},{"@type":"BreadcrumbList","@id":"https:\/\/www.facecorner.lv\/shop\/medipeel-mooltox-hyaluron-layer-wrapping-mask-70ml\/#breadcrumb","itemListElement":[{"@type":"ListItem","position":1,"name":"Home","item":"https:\/\/www.facecorner.lv\/"},{"@type":"ListItem","position":2,"name":"Veikals","item":"https:\/\/www.facecorner.lv\/shop\/"},{"@type":"ListItem","position":3,"name":"MEDIPEEL Mooltox Hyaluron Layer Wrapping Mask 70ml"}]},{"@type":"WebSite","@id":"https:\/\/www.facecorner.lv\/#website","url":"https:\/\/www.facecorner.lv\/","name":"Facecorner","description":"","publisher":{"@id":"https:\/\/www.facecorner.lv\/#organization"},"potentialAction":[{"@type":"SearchAction","target":{"@type":"EntryPoint","urlTemplate":"https:\/\/www.facecorner.lv\/?s={search_term_string}"},"query-input":{"@type":"PropertyValueSpecification","valueRequired":true,"valueName":"search_term_string"}}],"inLanguage":"en-US"},{"@type":"Organization","@id":"https:\/\/www.facecorner.lv\/#organization","name":"Facecorner","url":"https:\/\/www.facecorner.lv\/","logo":{"@type":"ImageObject","inLanguage":"en-US","@id":"https:\/\/www.facecorner.lv\/#\/schema\/logo\/image\/","url":"https:\/\/www.facecorner.lv\/wp-content\/uploads\/2024\/04\/fc-logo.jpg","contentUrl":"https:\/\/www.facecorner.lv\/wp-content\/uploads\/2024\/04\/fc-logo.jpg","width":174,"height":28,"caption":"Facecorner"},"image":{"@id":"https:\/\/www.facecorner.lv\/#\/schema\/logo\/image\/"},"sameAs":["https:\/\/www.facebook.com\/profile.php?id=100063824551839","https:\/\/www.instagram.com\/facecorner_shop\/"]}]},"product_price_amount":"29.90","product_price_currency":"EUR","og_availability":"instock","product_availability":"instock","product_condition":"new"},"_links":{"self":[{"href":"https:\/\/www.facecorner.lv\/en\/wp-json\/wp\/v2\/product\/21983","targetHints":{"allow":["GET"]}}],"collection":[{"href":"https:\/\/www.facecorner.lv\/en\/wp-json\/wp\/v2\/product"}],"about":[{"href":"https:\/\/www.facecorner.lv\/en\/wp-json\/wp\/v2\/types\/product"}],"replies":[{"embeddable":true,"href":"https:\/\/www.facecorner.lv\/en\/wp-json\/wp\/v2\/comments?post=21983"}],"wp:featuredmedia":[{"embeddable":true,"href":"https:\/\/www.facecorner.lv\/en\/wp-json\/wp\/v2\/media\/21984"}],"wp:attachment":[{"href":"https:\/\/www.facecorner.lv\/en\/wp-json\/wp\/v2\/media?parent=21983"}],"wp:term":[{"taxonomy":"product_brand","embeddable":true,"href":"https:\/\/www.facecorner.lv\/en\/wp-json\/wp\/v2\/product_brand?post=21983"},{"taxonomy":"product_cat","embeddable":true,"href":"https:\/\/www.facecorner.lv\/en\/wp-json\/wp\/v2\/product_cat?post=21983"},{"taxonomy":"product_tag","embeddable":true,"href":"https:\/\/www.facecorner.lv\/en\/wp-json\/wp\/v2\/product_tag?post=21983"},{"taxonomy":"berocket_brand","embeddable":true,"href":"https:\/\/www.facecorner.lv\/en\/wp-json\/wp\/v2\/berocket_brand?post=21983"}],"curies":[{"name":"wp","href":"https:\/\/api.w.org\/{rel}","templated":true}]}}