{"id":21598,"date":"2024-11-20T10:39:53","date_gmt":"2024-11-20T07:39:53","guid":{"rendered":"https:\/\/www.facecorner.lv\/?post_type=product&#038;p=21598"},"modified":"2026-04-29T13:14:50","modified_gmt":"2026-04-29T10:14:50","slug":"medicube-collagen-jelly-cream-110-ml","status":"publish","type":"product","link":"https:\/\/www.facecorner.lv\/en\/shop\/medicube-collagen-jelly-cream-110-ml\/","title":{"rendered":"Medicube Collagen Jelly Cream 110ml"},"content":{"rendered":"<p>Medicube Collagen Jelly Cream\u00a0 sejas kr\u0113ms ar \u017eelejveida tekst\u016bru. Tas satur kolag\u0113nu, kas uzlabo \u0101das tvirtumu un elast\u012bbu un samazina grumbi\u0146as.<\/p>\n<ul>\n<li>Niacinam\u012bds nov\u0113r\u0161 br\u012bvo radik\u0101\u013cu kait\u012bgo ietekmi, kas izraisa priek\u0161laic\u012bgu \u0101das noveco\u0161anos, savuk\u0101rt za\u013c\u0101s t\u0113jas ekstrakts samazina sebuma veido\u0161anos.<\/li>\n<li>Hlorellas ekstrakts satur daudz v\u0113rt\u012bgu miner\u0101lvielu un vielu, pateicoties kur\u0101m tas pal\u012bdz\u0113s samazin\u0101t vecuma plankumus un pa\u0101trin\u0101s epidermas re\u0123ener\u0101ciju.<\/li>\n<li>Visbeidzot, par \u0101das maigumu, gludumu un mitrin\u0101\u0161anu r\u016bp\u0113jas roz\u0101 malvas ziedu ekstrakts.<\/li>\n<\/ul>\n<p>Kr\u0113m\u0101 izmantoti vair\u0101ku veidu kolag\u0113ns, hidroliz\u0113ts elast\u012bns, niacinam\u012bds un skval\u0101ns, kas stiprina \u0101das barjeru, dzi\u013ci mitrina, padara \u0101du tvirt\u0101ku un elast\u012bg\u0101ku. Pie\u0161\u0137ir \u0101dai glud\u0101ku, tvirt\u0101ku izskatu un samazina grumbi\u0146u ra\u0161anos, k\u0101 rezult\u0101t\u0101 \u0101da k\u013c\u016bst starojo\u0161a un elast\u012bga.<\/p>\n<p>Kolag\u0113ns &#8211; sast\u0101vda\u013ca, kas ir ne tikai piem\u0113rota, bet ar\u012b nepiecie\u0161ama visiem \u0101das tipiem. T\u0101 k\u0101 kolag\u0113ns ir atbild\u012bgs par dermas dabisk\u0101 \u201ckarkasa\u201d veido\u0161anu un ir svar\u012bgs komponents jebkuram organismam, to dro\u0161i var saukt par univers\u0101lu.<\/p>\n<p>Kr\u0113mam ir \u017eelejveida mitrino\u0161a konsistence, kas uzreiz uzs\u016bcas un neatst\u0101j taukainuma saj\u016btu un pl\u0113vi uz sejas.<\/p>\n<p><strong>How to use:<\/strong> P\u0113c mazg\u0101\u0161anas, toniz\u0113\u0161anas un seruma lieto\u0161anas uzkl\u0101jiet kr\u0113mu uz sejas, izkl\u0101jiet to pa \u0101du.<\/p>\n<p><strong>Ingredientes:<\/strong> Water, Propanediol, Dipropylene Glycol, Butylene Glycol, Methylpropanediol, Diethoxyethyl Succinate, Ethoxydiglycol, Ammonium Acryloyldimethyltaurate\/Beheneth-25 Methacrylate Crosspolymer, Niacinamide, Trehalose, 1,2-Hexanediol, Chlorella Vulgaris Extract, Collagen, Hydrolyzed Collagen, Cynanchum Atratum Extract, Althaea Rosea Flower Extract, Soluble Collagen, Allium Sativum (Garlic) Bulb Extract, Avena Sativa (Oat) Kernel Extract, Bertholletia Excelsa Seed Extract, Brassica Oleracea Italica (Broccoli) Extract, Camellia Sinensis Seed Extract, Salmon Egg Extract, Solanum Lycopersicum (Tomato) Fruit Extract, Spinacia Oleracea (Spinach) Leaf Extract, Vaccinium Angustifolium (Blueberry) Fruit Extract, Wine Extract, Polyglyceryl-10 Isostearate, Tromethamine, Glucose, Polyglyceryl-10 Oleate, Ethylhexylglycerin, Fructooligosaccharides, Fructose, Adenosine, Sodium Phytate, Cyanocobalamin, Tocopherol, Pullulan, Glycerin, Hydroxypropyltrimonium Hyaluronate, Squalane, Soluble Proteoglycan, Hydrolyzed Elastin, Sodium DNA, Carbomer, Xanthan Gum, Fragrance(Parfum)<\/p>","protected":false},"excerpt":{"rendered":"<p>Medicube Collagen Jelly Cream\u00a0 sejas kr\u0113ms ar \u017eelejveida tekst\u016bru. Tas satur kolag\u0113nu, kas uzlabo \u0101das tvirtumu un elast\u012bbu un samazina grumbi\u0146as.<\/p>","protected":false},"featured_media":21599,"comment_status":"closed","ping_status":"closed","template":"","meta":{"site-sidebar-layout":"default","site-content-layout":"","ast-site-content-layout":"default","site-content-style":"default","site-sidebar-style":"default","ast-global-header-display":"","ast-banner-title-visibility":"","ast-main-header-display":"","ast-hfb-above-header-display":"","ast-hfb-below-header-display":"","ast-hfb-mobile-header-display":"","site-post-title":"","ast-breadcrumbs-content":"","ast-featured-img":"","footer-sml-layout":"","theme-transparent-header-meta":"default","adv-header-id-meta":"","stick-header-meta":"","header-above-stick-meta":"","header-main-stick-meta":"","header-below-stick-meta":"","astra-migrate-meta-layouts":"set","ast-page-background-enabled":"default","ast-page-background-meta":{"desktop":{"background-color":"var(--ast-global-color-4)","background-image":"","background-repeat":"repeat","background-position":"center center","background-size":"auto","background-attachment":"scroll","background-type":"","background-media":"","overlay-type":"","overlay-color":"","overlay-opacity":"","overlay-gradient":""},"tablet":{"background-color":"","background-image":"","background-repeat":"repeat","background-position":"center center","background-size":"auto","background-attachment":"scroll","background-type":"","background-media":"","overlay-type":"","overlay-color":"","overlay-opacity":"","overlay-gradient":""},"mobile":{"background-color":"","background-image":"","background-repeat":"repeat","background-position":"center center","background-size":"auto","background-attachment":"scroll","background-type":"","background-media":"","overlay-type":"","overlay-color":"","overlay-opacity":"","overlay-gradient":""}},"ast-content-background-meta":{"desktop":{"background-color":"var(--ast-global-color-5)","background-image":"","background-repeat":"repeat","background-position":"center center","background-size":"auto","background-attachment":"scroll","background-type":"","background-media":"","overlay-type":"","overlay-color":"","overlay-opacity":"","overlay-gradient":""},"tablet":{"background-color":"var(--ast-global-color-5)","background-image":"","background-repeat":"repeat","background-position":"center center","background-size":"auto","background-attachment":"scroll","background-type":"","background-media":"","overlay-type":"","overlay-color":"","overlay-opacity":"","overlay-gradient":""},"mobile":{"background-color":"var(--ast-global-color-5)","background-image":"","background-repeat":"repeat","background-position":"center center","background-size":"auto","background-attachment":"scroll","background-type":"","background-media":"","overlay-type":"","overlay-color":"","overlay-opacity":"","overlay-gradient":""}}},"product_brand":[],"product_cat":[366,368,362],"product_tag":[],"berocket_brand":[579],"class_list":{"0":"post-21598","1":"product","2":"type-product","3":"status-publish","4":"has-post-thumbnail","6":"product_cat-mitrinoss","7":"product_cat-pret-grumbam","8":"product_cat-sejas-krems","9":"berocket_brand-medicube","10":"desktop-align-left","11":"tablet-align-left","12":"mobile-align-left","14":"first","15":"instock","16":"taxable","17":"shipping-taxable","18":"purchasable","19":"product-type-simple","20":"add-to-wishlist-before_image"},"yoast_head":"<!-- This site is optimized with the Yoast SEO plugin v27.4 - https:\/\/yoast.com\/product\/yoast-seo-wordpress\/ -->\n<title>Medicube Collagen Jelly Cream 110ml - FACECORNER<\/title>\n<meta name=\"description\" content=\"Medicube Collagen Jelly Cream\u00a0 sejas kr\u0113ms ar \u017eelejveida tekst\u016bru. Tas satur kolag\u0113nu, kas uzlabo \u0101das tvirtumu un elast\u012bbu un samazina grumbi\u0146as.\" \/>\n<meta name=\"robots\" content=\"index, follow, max-snippet:-1, max-image-preview:large, max-video-preview:-1\" \/>\n<link rel=\"canonical\" href=\"https:\/\/www.facecorner.lv\/en\/shop\/medicube-collagen-jelly-cream-110-ml\/\" \/>\n<meta property=\"og:locale\" content=\"en_US\" \/>\n<meta property=\"og:type\" content=\"article\" \/>\n<meta property=\"og:title\" content=\"Medicube Collagen Jelly Cream 110ml - FACECORNER\" \/>\n<meta property=\"og:description\" content=\"Medicube Collagen Jelly Cream\u00a0 sejas kr\u0113ms ar \u017eelejveida tekst\u016bru. Tas satur kolag\u0113nu, kas uzlabo \u0101das tvirtumu un elast\u012bbu un samazina grumbi\u0146as.\" \/>\n<meta property=\"og:url\" content=\"https:\/\/www.facecorner.lv\/en\/shop\/medicube-collagen-jelly-cream-110-ml\/\" \/>\n<meta property=\"og:site_name\" content=\"FACECORNER\" \/>\n<meta property=\"article:publisher\" content=\"https:\/\/www.facebook.com\/profile.php?id=100063824551839\" \/>\n<meta property=\"article:modified_time\" content=\"2026-04-29T10:14:50+00:00\" \/>\n<meta property=\"og:image\" content=\"https:\/\/www.facecorner.lv\/wp-content\/uploads\/2024\/11\/61leLgR06vL.jpg\" \/>\n\t<meta property=\"og:image:width\" content=\"2000\" \/>\n\t<meta property=\"og:image:height\" content=\"2000\" \/>\n\t<meta property=\"og:image:type\" content=\"image\/jpeg\" \/>\n<meta name=\"twitter:card\" content=\"summary_large_image\" \/>\n<meta name=\"twitter:label1\" content=\"Price\" \/>\n\t<meta name=\"twitter:data1\" content=\"&euro;33.90\" \/>\n\t<meta name=\"twitter:label2\" content=\"Availability\" \/>\n\t<meta name=\"twitter:data2\" content=\"In stock\" \/>\n<script type=\"application\/ld+json\" class=\"yoast-schema-graph\">{\"@context\":\"https:\\\/\\\/schema.org\",\"@graph\":[{\"@type\":\"WebPage\",\"@id\":\"https:\\\/\\\/www.facecorner.lv\\\/shop\\\/medicube-collagen-jelly-cream-110-ml\\\/\",\"url\":\"https:\\\/\\\/www.facecorner.lv\\\/shop\\\/medicube-collagen-jelly-cream-110-ml\\\/\",\"name\":\"Medicube Collagen Jelly Cream 110ml - FACECORNER\",\"isPartOf\":{\"@id\":\"https:\\\/\\\/www.facecorner.lv\\\/#website\"},\"primaryImageOfPage\":{\"@id\":\"https:\\\/\\\/www.facecorner.lv\\\/shop\\\/medicube-collagen-jelly-cream-110-ml\\\/#primaryimage\"},\"image\":{\"@id\":\"https:\\\/\\\/www.facecorner.lv\\\/shop\\\/medicube-collagen-jelly-cream-110-ml\\\/#primaryimage\"},\"thumbnailUrl\":\"https:\\\/\\\/www.facecorner.lv\\\/wp-content\\\/uploads\\\/2024\\\/11\\\/61leLgR06vL.jpg\",\"datePublished\":\"2024-11-20T07:39:53+00:00\",\"dateModified\":\"2026-04-29T10:14:50+00:00\",\"description\":\"Medicube Collagen Jelly Cream\u00a0 sejas kr\u0113ms ar \u017eelejveida tekst\u016bru. Tas satur kolag\u0113nu, kas uzlabo \u0101das tvirtumu un elast\u012bbu un samazina grumbi\u0146as.\",\"breadcrumb\":{\"@id\":\"https:\\\/\\\/www.facecorner.lv\\\/shop\\\/medicube-collagen-jelly-cream-110-ml\\\/#breadcrumb\"},\"inLanguage\":\"en-US\",\"potentialAction\":[{\"@type\":\"ReadAction\",\"target\":[\"https:\\\/\\\/www.facecorner.lv\\\/shop\\\/medicube-collagen-jelly-cream-110-ml\\\/\"]}]},{\"@type\":\"ImageObject\",\"inLanguage\":\"en-US\",\"@id\":\"https:\\\/\\\/www.facecorner.lv\\\/shop\\\/medicube-collagen-jelly-cream-110-ml\\\/#primaryimage\",\"url\":\"https:\\\/\\\/www.facecorner.lv\\\/wp-content\\\/uploads\\\/2024\\\/11\\\/61leLgR06vL.jpg\",\"contentUrl\":\"https:\\\/\\\/www.facecorner.lv\\\/wp-content\\\/uploads\\\/2024\\\/11\\\/61leLgR06vL.jpg\",\"width\":2000,\"height\":2000,\"caption\":\"Version 1.0.0\"},{\"@type\":\"BreadcrumbList\",\"@id\":\"https:\\\/\\\/www.facecorner.lv\\\/shop\\\/medicube-collagen-jelly-cream-110-ml\\\/#breadcrumb\",\"itemListElement\":[{\"@type\":\"ListItem\",\"position\":1,\"name\":\"Home\",\"item\":\"https:\\\/\\\/www.facecorner.lv\\\/\"},{\"@type\":\"ListItem\",\"position\":2,\"name\":\"Veikals\",\"item\":\"https:\\\/\\\/www.facecorner.lv\\\/shop\\\/\"},{\"@type\":\"ListItem\",\"position\":3,\"name\":\"Medicube Collagen Jelly Cream 110ml\"}]},{\"@type\":\"WebSite\",\"@id\":\"https:\\\/\\\/www.facecorner.lv\\\/#website\",\"url\":\"https:\\\/\\\/www.facecorner.lv\\\/\",\"name\":\"Facecorner\",\"description\":\"\",\"publisher\":{\"@id\":\"https:\\\/\\\/www.facecorner.lv\\\/#organization\"},\"potentialAction\":[{\"@type\":\"SearchAction\",\"target\":{\"@type\":\"EntryPoint\",\"urlTemplate\":\"https:\\\/\\\/www.facecorner.lv\\\/?s={search_term_string}\"},\"query-input\":{\"@type\":\"PropertyValueSpecification\",\"valueRequired\":true,\"valueName\":\"search_term_string\"}}],\"inLanguage\":\"en-US\"},{\"@type\":\"Organization\",\"@id\":\"https:\\\/\\\/www.facecorner.lv\\\/#organization\",\"name\":\"Facecorner\",\"url\":\"https:\\\/\\\/www.facecorner.lv\\\/\",\"logo\":{\"@type\":\"ImageObject\",\"inLanguage\":\"en-US\",\"@id\":\"https:\\\/\\\/www.facecorner.lv\\\/#\\\/schema\\\/logo\\\/image\\\/\",\"url\":\"https:\\\/\\\/www.facecorner.lv\\\/wp-content\\\/uploads\\\/2024\\\/04\\\/fc-logo.jpg\",\"contentUrl\":\"https:\\\/\\\/www.facecorner.lv\\\/wp-content\\\/uploads\\\/2024\\\/04\\\/fc-logo.jpg\",\"width\":174,\"height\":28,\"caption\":\"Facecorner\"},\"image\":{\"@id\":\"https:\\\/\\\/www.facecorner.lv\\\/#\\\/schema\\\/logo\\\/image\\\/\"},\"sameAs\":[\"https:\\\/\\\/www.facebook.com\\\/profile.php?id=100063824551839\",\"https:\\\/\\\/www.instagram.com\\\/facecorner_shop\\\/\"]}]}<\/script>\n<meta property=\"product:price:amount\" content=\"33.90\" \/>\n<meta property=\"product:price:currency\" content=\"EUR\" \/>\n<meta property=\"og:availability\" content=\"instock\" \/>\n<meta property=\"product:availability\" content=\"instock\" \/>\n<meta property=\"product:condition\" content=\"new\" \/>\n<!-- \/ Yoast SEO plugin. -->","yoast_head_json":{"title":"Medicube Collagen Jelly Cream 110ml - FACECORNER","description":"Medicube Collagen Jelly Cream\u00a0 sejas kr\u0113ms ar \u017eelejveida tekst\u016bru. Tas satur kolag\u0113nu, kas uzlabo \u0101das tvirtumu un elast\u012bbu un samazina grumbi\u0146as.","robots":{"index":"index","follow":"follow","max-snippet":"max-snippet:-1","max-image-preview":"max-image-preview:large","max-video-preview":"max-video-preview:-1"},"canonical":"https:\/\/www.facecorner.lv\/en\/shop\/medicube-collagen-jelly-cream-110-ml\/","og_locale":"en_US","og_type":"article","og_title":"Medicube Collagen Jelly Cream 110ml - FACECORNER","og_description":"Medicube Collagen Jelly Cream\u00a0 sejas kr\u0113ms ar \u017eelejveida tekst\u016bru. Tas satur kolag\u0113nu, kas uzlabo \u0101das tvirtumu un elast\u012bbu un samazina grumbi\u0146as.","og_url":"https:\/\/www.facecorner.lv\/en\/shop\/medicube-collagen-jelly-cream-110-ml\/","og_site_name":"FACECORNER","article_publisher":"https:\/\/www.facebook.com\/profile.php?id=100063824551839","article_modified_time":"2026-04-29T10:14:50+00:00","og_image":[{"width":2000,"height":2000,"url":"https:\/\/www.facecorner.lv\/wp-content\/uploads\/2024\/11\/61leLgR06vL.jpg","type":"image\/jpeg"}],"twitter_card":"summary_large_image","twitter_misc":{"Price":"&euro;33.90","Availability":"In stock"},"schema":{"@context":"https:\/\/schema.org","@graph":[{"@type":"WebPage","@id":"https:\/\/www.facecorner.lv\/shop\/medicube-collagen-jelly-cream-110-ml\/","url":"https:\/\/www.facecorner.lv\/shop\/medicube-collagen-jelly-cream-110-ml\/","name":"Medicube Collagen Jelly Cream 110ml - FACECORNER","isPartOf":{"@id":"https:\/\/www.facecorner.lv\/#website"},"primaryImageOfPage":{"@id":"https:\/\/www.facecorner.lv\/shop\/medicube-collagen-jelly-cream-110-ml\/#primaryimage"},"image":{"@id":"https:\/\/www.facecorner.lv\/shop\/medicube-collagen-jelly-cream-110-ml\/#primaryimage"},"thumbnailUrl":"https:\/\/www.facecorner.lv\/wp-content\/uploads\/2024\/11\/61leLgR06vL.jpg","datePublished":"2024-11-20T07:39:53+00:00","dateModified":"2026-04-29T10:14:50+00:00","description":"Medicube Collagen Jelly Cream\u00a0 sejas kr\u0113ms ar \u017eelejveida tekst\u016bru. Tas satur kolag\u0113nu, kas uzlabo \u0101das tvirtumu un elast\u012bbu un samazina grumbi\u0146as.","breadcrumb":{"@id":"https:\/\/www.facecorner.lv\/shop\/medicube-collagen-jelly-cream-110-ml\/#breadcrumb"},"inLanguage":"en-US","potentialAction":[{"@type":"ReadAction","target":["https:\/\/www.facecorner.lv\/shop\/medicube-collagen-jelly-cream-110-ml\/"]}]},{"@type":"ImageObject","inLanguage":"en-US","@id":"https:\/\/www.facecorner.lv\/shop\/medicube-collagen-jelly-cream-110-ml\/#primaryimage","url":"https:\/\/www.facecorner.lv\/wp-content\/uploads\/2024\/11\/61leLgR06vL.jpg","contentUrl":"https:\/\/www.facecorner.lv\/wp-content\/uploads\/2024\/11\/61leLgR06vL.jpg","width":2000,"height":2000,"caption":"Version 1.0.0"},{"@type":"BreadcrumbList","@id":"https:\/\/www.facecorner.lv\/shop\/medicube-collagen-jelly-cream-110-ml\/#breadcrumb","itemListElement":[{"@type":"ListItem","position":1,"name":"Home","item":"https:\/\/www.facecorner.lv\/"},{"@type":"ListItem","position":2,"name":"Veikals","item":"https:\/\/www.facecorner.lv\/shop\/"},{"@type":"ListItem","position":3,"name":"Medicube Collagen Jelly Cream 110ml"}]},{"@type":"WebSite","@id":"https:\/\/www.facecorner.lv\/#website","url":"https:\/\/www.facecorner.lv\/","name":"Facecorner","description":"","publisher":{"@id":"https:\/\/www.facecorner.lv\/#organization"},"potentialAction":[{"@type":"SearchAction","target":{"@type":"EntryPoint","urlTemplate":"https:\/\/www.facecorner.lv\/?s={search_term_string}"},"query-input":{"@type":"PropertyValueSpecification","valueRequired":true,"valueName":"search_term_string"}}],"inLanguage":"en-US"},{"@type":"Organization","@id":"https:\/\/www.facecorner.lv\/#organization","name":"Facecorner","url":"https:\/\/www.facecorner.lv\/","logo":{"@type":"ImageObject","inLanguage":"en-US","@id":"https:\/\/www.facecorner.lv\/#\/schema\/logo\/image\/","url":"https:\/\/www.facecorner.lv\/wp-content\/uploads\/2024\/04\/fc-logo.jpg","contentUrl":"https:\/\/www.facecorner.lv\/wp-content\/uploads\/2024\/04\/fc-logo.jpg","width":174,"height":28,"caption":"Facecorner"},"image":{"@id":"https:\/\/www.facecorner.lv\/#\/schema\/logo\/image\/"},"sameAs":["https:\/\/www.facebook.com\/profile.php?id=100063824551839","https:\/\/www.instagram.com\/facecorner_shop\/"]}]},"product_price_amount":"33.90","product_price_currency":"EUR","og_availability":"instock","product_availability":"instock","product_condition":"new"},"_links":{"self":[{"href":"https:\/\/www.facecorner.lv\/en\/wp-json\/wp\/v2\/product\/21598","targetHints":{"allow":["GET"]}}],"collection":[{"href":"https:\/\/www.facecorner.lv\/en\/wp-json\/wp\/v2\/product"}],"about":[{"href":"https:\/\/www.facecorner.lv\/en\/wp-json\/wp\/v2\/types\/product"}],"replies":[{"embeddable":true,"href":"https:\/\/www.facecorner.lv\/en\/wp-json\/wp\/v2\/comments?post=21598"}],"wp:featuredmedia":[{"embeddable":true,"href":"https:\/\/www.facecorner.lv\/en\/wp-json\/wp\/v2\/media\/21599"}],"wp:attachment":[{"href":"https:\/\/www.facecorner.lv\/en\/wp-json\/wp\/v2\/media?parent=21598"}],"wp:term":[{"taxonomy":"product_brand","embeddable":true,"href":"https:\/\/www.facecorner.lv\/en\/wp-json\/wp\/v2\/product_brand?post=21598"},{"taxonomy":"product_cat","embeddable":true,"href":"https:\/\/www.facecorner.lv\/en\/wp-json\/wp\/v2\/product_cat?post=21598"},{"taxonomy":"product_tag","embeddable":true,"href":"https:\/\/www.facecorner.lv\/en\/wp-json\/wp\/v2\/product_tag?post=21598"},{"taxonomy":"berocket_brand","embeddable":true,"href":"https:\/\/www.facecorner.lv\/en\/wp-json\/wp\/v2\/berocket_brand?post=21598"}],"curies":[{"name":"wp","href":"https:\/\/api.w.org\/{rel}","templated":true}]}}