{"id":21584,"date":"2024-11-19T23:20:17","date_gmt":"2024-11-19T20:20:17","guid":{"rendered":"https:\/\/www.facecorner.lv\/?post_type=product&#038;p=21584"},"modified":"2025-07-30T22:33:42","modified_gmt":"2025-07-30T19:33:42","slug":"medicube-red-acne-succinic-acid-peel-40ml","status":"publish","type":"product","link":"https:\/\/www.facecorner.lv\/en\/shop\/medicube-red-acne-succinic-acid-peel-40ml\/","title":{"rendered":"Medicube  Red Acne Succinic Acid Peel 40ml"},"content":{"rendered":"<p>Medicube Red Acne Succinic Acid Peel\u00a0 pret pinn\u0113m ar dzintara sk\u0101bi ir sarkan\u0101s sk\u0101bes p\u012blings, lai atbr\u012bvotos no pinn\u0113m. T\u0101 pamat\u0101 ir sk\u0101bju mais\u012bjums: piensk\u0101be un glikolsk\u0101be, kas p\u012blingo epidermu un izl\u012bdzina \u0101das virsmu, k\u0101 ar\u012b dzintarsk\u0101be, kas c\u012bn\u0101s pret pinn\u0113m un balina \u0101du, un salicilsk\u0101be, kas regul\u0113 sebuma veido\u0161anos.<\/p>\n<p>\u0160\u012bs p\u012blinga \u012bpa\u0161\u012bbas samazina jaunu komedonu un pinnes veido\u0161an\u0101s risku. Sast\u0101vam pievienotie augu ekstrakti, k\u0101 ar\u012b pantenols un alanto\u012bns l\u012bdzsvaro sk\u0101bju p\u012blinga iedarb\u012bbu. Kop\u0101 tie mitrina, atdz\u012bvina un nomierina \u0101du.<\/p>\n<p><strong>Produktam ir intens\u012bva iedarb\u012bba, t\u0101p\u0113c tas j\u0101nomazg\u0101 p\u0113c ra\u017eot\u0101ja nor\u0101d\u012bt\u0101 laika.<\/strong><\/p>\n<p><strong>Bubble Pop Cleanser products fine, soft foam to cleanse away dead skin, sebum and makeup residue from your face, while hyaluronic acid moisturizes your skin.<\/strong><\/p>\n<ul>\n<li>dzintarsk\u0101be 0,5% &#8211; tai piem\u012bt antibakteri\u0101la iedarb\u012bba, mazina pinnes simptomus<\/li>\n<li>piensk\u0101be &#8211; izl\u012bdzina, m\u012bkstina, regul\u0113 epidermas lob\u012b\u0161anos<\/li>\n<li>salicilsk\u0101be &#8211; att\u012bra taukus no tauku dziedzeriem, p\u012blings<\/li>\n<li>pantenols &#8211; nomierina, stiprina epidermas aizsargbarjeru, pa\u0101trina re\u0123ener\u0101ciju<\/li>\n<li>alanto\u012bns &#8211; nomierina kairin\u0101jumu, mitrina, mazina aps\u0101rtumu<\/li>\n<\/ul>\n<p><strong>How to use:<\/strong> P\u0113c r\u016bp\u012bgas att\u012br\u012b\u0161anas uzkl\u0101jiet atbilsto\u0161u daudzumu p\u012blinga uz sausas \u0101das, izvairoties no zonas ap ac\u012bm un l\u016bp\u0101m. Viegli mas\u0113jiet \u0101du ar p\u012blingu 1-2 min\u016btes, p\u0113c tam bag\u0101t\u012bgi noskalojiet ar siltu \u016bdeni. Neaizmirstiet izmantot saules aizsargkr\u0113mu r\u012bta proced\u016bras laik\u0101, ja lietojat produktus ar sk\u0101b\u0113m.<\/p>\n<p><strong>Ingredientes:<\/strong> Aqua, Lactic Acid, Alcohol, Glycerin, Dipropylene Glycol, Glycereth-26, Methylpropanediol, Tromethamine, Butylene Glycol, Caprylic\/Capric Triglyceride, 1,2-Hexanediol, Succinic Acid (0.5%), Sorbeth-30 Tetraoleate, Salicylic Acid, Hydroxyethylcellulose, Coptis Japonica Extract, Lithospermum Erythrorhizon Root Extract, Ammonium Acryloyldimethyltauratevp Copolymer, Polyacrylate Crosspolymer-6, Ethylhexylglycerin, O-cymen-5-ol, Ribes Nigrum (Black Currant) Fruit Extract, Punica Granatum Fruit Extract, Panthenol, Dipotassium Glycyrrhizate, Allantoin, Indigofera Tinctoria Extract, Glycolic Acid, Cynanchum Atratum Extract, T-butyl Alcohol, Hemerocallis Fulva Flower Extract, Myosotis Sylvatica Flower\/leaf\/stem Extract, Xanthan Gum, Sorbitan Sesquioleate, Dicaprylyl Carbonate, C12-14 Pareth-12, Sodium C14- 16 Olefin Sulfonate, Parfum<\/p>\n<p>&nbsp;<\/p>","protected":false},"excerpt":{"rendered":"<p>Medicube Red Acne Succinic Acid Peel\u00a0 pret pinn\u0113m ar dzintara sk\u0101bi ir sarkan\u0101s sk\u0101bes p\u012blings, lai atbr\u012bvotos no pinn\u0113m. T\u0101 pamat\u0101 ir sk\u0101bju mais\u012bjums: piensk\u0101be un glikolsk\u0101be, kas p\u012blingo epidermu un izl\u012bdzina \u0101das virsmu, k\u0101 ar\u012b dzintarsk\u0101be, kas c\u012bn\u0101s pret pinn\u0113m un balina \u0101du, un salicilsk\u0101be, kas regul\u0113 sebuma veido\u0161anos.<\/p>","protected":false},"featured_media":21601,"comment_status":"open","ping_status":"closed","template":"","meta":{"site-sidebar-layout":"default","site-content-layout":"","ast-site-content-layout":"","site-content-style":"default","site-sidebar-style":"default","ast-global-header-display":"","ast-banner-title-visibility":"","ast-main-header-display":"","ast-hfb-above-header-display":"","ast-hfb-below-header-display":"","ast-hfb-mobile-header-display":"","site-post-title":"","ast-breadcrumbs-content":"","ast-featured-img":"","footer-sml-layout":"","theme-transparent-header-meta":"","adv-header-id-meta":"","stick-header-meta":"","header-above-stick-meta":"","header-main-stick-meta":"","header-below-stick-meta":"","astra-migrate-meta-layouts":"default","ast-page-background-enabled":"default","ast-page-background-meta":{"desktop":{"background-color":"var(--ast-global-color-4)","background-image":"","background-repeat":"repeat","background-position":"center center","background-size":"auto","background-attachment":"scroll","background-type":"","background-media":"","overlay-type":"","overlay-color":"","overlay-opacity":"","overlay-gradient":""},"tablet":{"background-color":"","background-image":"","background-repeat":"repeat","background-position":"center center","background-size":"auto","background-attachment":"scroll","background-type":"","background-media":"","overlay-type":"","overlay-color":"","overlay-opacity":"","overlay-gradient":""},"mobile":{"background-color":"","background-image":"","background-repeat":"repeat","background-position":"center center","background-size":"auto","background-attachment":"scroll","background-type":"","background-media":"","overlay-type":"","overlay-color":"","overlay-opacity":"","overlay-gradient":""}},"ast-content-background-meta":{"desktop":{"background-color":"var(--ast-global-color-5)","background-image":"","background-repeat":"repeat","background-position":"center center","background-size":"auto","background-attachment":"scroll","background-type":"","background-media":"","overlay-type":"","overlay-color":"","overlay-opacity":"","overlay-gradient":""},"tablet":{"background-color":"var(--ast-global-color-5)","background-image":"","background-repeat":"repeat","background-position":"center center","background-size":"auto","background-attachment":"scroll","background-type":"","background-media":"","overlay-type":"","overlay-color":"","overlay-opacity":"","overlay-gradient":""},"mobile":{"background-color":"var(--ast-global-color-5)","background-image":"","background-repeat":"repeat","background-position":"center center","background-size":"auto","background-attachment":"scroll","background-type":"","background-media":"","overlay-type":"","overlay-color":"","overlay-opacity":"","overlay-gradient":""}}},"product_brand":[],"product_cat":[328],"product_tag":[],"berocket_brand":[579],"class_list":{"0":"post-21584","1":"product","2":"type-product","3":"status-publish","4":"has-post-thumbnail","6":"product_cat-pilingi-un-skrubji","7":"berocket_brand-medicube","8":"desktop-align-left","9":"tablet-align-left","10":"mobile-align-left","12":"first","13":"outofstock","14":"sale","15":"taxable","16":"shipping-taxable","17":"purchasable","18":"product-type-simple","19":"add-to-wishlist-before_image"},"yoast_head":"<!-- This site is optimized with the Yoast SEO plugin v27.4 - https:\/\/yoast.com\/product\/yoast-seo-wordpress\/ -->\n<title>Medicube Red Acne Succinic Acid Peel 40ml - FACECORNER<\/title>\n<meta name=\"description\" content=\"Medicube Red Acne Succinic Acid Peel\u00a0 pret pinn\u0113m ar dzintara sk\u0101bi ir sarkan\u0101s sk\u0101bes p\u012blings, lai atbr\u012bvotos no pinn\u0113m. T\u0101 pamat\u0101 ir sk\u0101bju mais\u012bjums\" \/>\n<meta name=\"robots\" content=\"index, follow, max-snippet:-1, max-image-preview:large, max-video-preview:-1\" \/>\n<link rel=\"canonical\" href=\"https:\/\/www.facecorner.lv\/en\/shop\/medicube-red-acne-succinic-acid-peel-40ml\/\" \/>\n<meta property=\"og:locale\" content=\"en_US\" \/>\n<meta property=\"og:type\" content=\"article\" \/>\n<meta property=\"og:title\" content=\"Medicube Red Acne Succinic Acid Peel 40ml - FACECORNER\" \/>\n<meta property=\"og:description\" content=\"Medicube Red Acne Succinic Acid Peel\u00a0 pret pinn\u0113m ar dzintara sk\u0101bi ir sarkan\u0101s sk\u0101bes p\u012blings, lai atbr\u012bvotos no pinn\u0113m. T\u0101 pamat\u0101 ir sk\u0101bju mais\u012bjums\" \/>\n<meta property=\"og:url\" content=\"https:\/\/www.facecorner.lv\/en\/shop\/medicube-red-acne-succinic-acid-peel-40ml\/\" \/>\n<meta property=\"og:site_name\" content=\"FACECORNER\" \/>\n<meta property=\"article:publisher\" content=\"https:\/\/www.facebook.com\/profile.php?id=100063824551839\" \/>\n<meta property=\"article:modified_time\" content=\"2025-07-30T19:33:42+00:00\" \/>\n<meta property=\"og:image\" content=\"https:\/\/www.facecorner.lv\/wp-content\/uploads\/2024\/11\/17a_cfe8ba41-5c3c-4585-8336-d050d2892d19_2048x.webp\" \/>\n\t<meta property=\"og:image:width\" content=\"1000\" \/>\n\t<meta property=\"og:image:height\" content=\"1000\" \/>\n\t<meta property=\"og:image:type\" content=\"image\/webp\" \/>\n<meta name=\"twitter:card\" content=\"summary_large_image\" \/>\n<meta name=\"twitter:label1\" content=\"Price\" \/>\n\t<meta name=\"twitter:data1\" content=\"&euro;25.20\" \/>\n\t<meta name=\"twitter:label2\" content=\"Availability\" \/>\n\t<meta name=\"twitter:data2\" content=\"Out of stock\" \/>\n<script type=\"application\/ld+json\" class=\"yoast-schema-graph\">{\"@context\":\"https:\\\/\\\/schema.org\",\"@graph\":[{\"@type\":\"WebPage\",\"@id\":\"https:\\\/\\\/www.facecorner.lv\\\/shop\\\/medicube-red-acne-succinic-acid-peel-40ml\\\/\",\"url\":\"https:\\\/\\\/www.facecorner.lv\\\/shop\\\/medicube-red-acne-succinic-acid-peel-40ml\\\/\",\"name\":\"Medicube Red Acne Succinic Acid Peel 40ml - FACECORNER\",\"isPartOf\":{\"@id\":\"https:\\\/\\\/www.facecorner.lv\\\/#website\"},\"primaryImageOfPage\":{\"@id\":\"https:\\\/\\\/www.facecorner.lv\\\/shop\\\/medicube-red-acne-succinic-acid-peel-40ml\\\/#primaryimage\"},\"image\":{\"@id\":\"https:\\\/\\\/www.facecorner.lv\\\/shop\\\/medicube-red-acne-succinic-acid-peel-40ml\\\/#primaryimage\"},\"thumbnailUrl\":\"https:\\\/\\\/www.facecorner.lv\\\/wp-content\\\/uploads\\\/2024\\\/11\\\/17a_cfe8ba41-5c3c-4585-8336-d050d2892d19_2048x.webp\",\"datePublished\":\"2024-11-19T20:20:17+00:00\",\"dateModified\":\"2025-07-30T19:33:42+00:00\",\"description\":\"Medicube Red Acne Succinic Acid Peel\u00a0 pret pinn\u0113m ar dzintara sk\u0101bi ir sarkan\u0101s sk\u0101bes p\u012blings, lai atbr\u012bvotos no pinn\u0113m. T\u0101 pamat\u0101 ir sk\u0101bju mais\u012bjums\",\"breadcrumb\":{\"@id\":\"https:\\\/\\\/www.facecorner.lv\\\/shop\\\/medicube-red-acne-succinic-acid-peel-40ml\\\/#breadcrumb\"},\"inLanguage\":\"en-US\",\"potentialAction\":[{\"@type\":\"ReadAction\",\"target\":[\"https:\\\/\\\/www.facecorner.lv\\\/shop\\\/medicube-red-acne-succinic-acid-peel-40ml\\\/\"]}]},{\"@type\":\"ImageObject\",\"inLanguage\":\"en-US\",\"@id\":\"https:\\\/\\\/www.facecorner.lv\\\/shop\\\/medicube-red-acne-succinic-acid-peel-40ml\\\/#primaryimage\",\"url\":\"https:\\\/\\\/www.facecorner.lv\\\/wp-content\\\/uploads\\\/2024\\\/11\\\/17a_cfe8ba41-5c3c-4585-8336-d050d2892d19_2048x.webp\",\"contentUrl\":\"https:\\\/\\\/www.facecorner.lv\\\/wp-content\\\/uploads\\\/2024\\\/11\\\/17a_cfe8ba41-5c3c-4585-8336-d050d2892d19_2048x.webp\",\"width\":1000,\"height\":1000},{\"@type\":\"BreadcrumbList\",\"@id\":\"https:\\\/\\\/www.facecorner.lv\\\/shop\\\/medicube-red-acne-succinic-acid-peel-40ml\\\/#breadcrumb\",\"itemListElement\":[{\"@type\":\"ListItem\",\"position\":1,\"name\":\"Home\",\"item\":\"https:\\\/\\\/www.facecorner.lv\\\/\"},{\"@type\":\"ListItem\",\"position\":2,\"name\":\"Veikals\",\"item\":\"https:\\\/\\\/www.facecorner.lv\\\/shop\\\/\"},{\"@type\":\"ListItem\",\"position\":3,\"name\":\"Medicube Red Acne Succinic Acid Peel 40ml\"}]},{\"@type\":\"WebSite\",\"@id\":\"https:\\\/\\\/www.facecorner.lv\\\/#website\",\"url\":\"https:\\\/\\\/www.facecorner.lv\\\/\",\"name\":\"Facecorner\",\"description\":\"\",\"publisher\":{\"@id\":\"https:\\\/\\\/www.facecorner.lv\\\/#organization\"},\"potentialAction\":[{\"@type\":\"SearchAction\",\"target\":{\"@type\":\"EntryPoint\",\"urlTemplate\":\"https:\\\/\\\/www.facecorner.lv\\\/?s={search_term_string}\"},\"query-input\":{\"@type\":\"PropertyValueSpecification\",\"valueRequired\":true,\"valueName\":\"search_term_string\"}}],\"inLanguage\":\"en-US\"},{\"@type\":\"Organization\",\"@id\":\"https:\\\/\\\/www.facecorner.lv\\\/#organization\",\"name\":\"Facecorner\",\"url\":\"https:\\\/\\\/www.facecorner.lv\\\/\",\"logo\":{\"@type\":\"ImageObject\",\"inLanguage\":\"en-US\",\"@id\":\"https:\\\/\\\/www.facecorner.lv\\\/#\\\/schema\\\/logo\\\/image\\\/\",\"url\":\"https:\\\/\\\/www.facecorner.lv\\\/wp-content\\\/uploads\\\/2024\\\/04\\\/fc-logo.jpg\",\"contentUrl\":\"https:\\\/\\\/www.facecorner.lv\\\/wp-content\\\/uploads\\\/2024\\\/04\\\/fc-logo.jpg\",\"width\":174,\"height\":28,\"caption\":\"Facecorner\"},\"image\":{\"@id\":\"https:\\\/\\\/www.facecorner.lv\\\/#\\\/schema\\\/logo\\\/image\\\/\"},\"sameAs\":[\"https:\\\/\\\/www.facebook.com\\\/profile.php?id=100063824551839\",\"https:\\\/\\\/www.instagram.com\\\/facecorner_shop\\\/\"]}]}<\/script>\n<meta property=\"product:price:amount\" content=\"25.20\" \/>\n<meta property=\"product:price:currency\" content=\"EUR\" \/>\n<meta property=\"og:availability\" content=\"out of stock\" \/>\n<meta property=\"product:availability\" content=\"out of stock\" \/>\n<meta property=\"product:condition\" content=\"new\" \/>\n<!-- \/ Yoast SEO plugin. -->","yoast_head_json":{"title":"Medicube Red Acne Succinic Acid Peel 40ml - FACECORNER","description":"Medicube Red Acne Succinic Acid Peel\u00a0 pret pinn\u0113m ar dzintara sk\u0101bi ir sarkan\u0101s sk\u0101bes p\u012blings, lai atbr\u012bvotos no pinn\u0113m. T\u0101 pamat\u0101 ir sk\u0101bju mais\u012bjums","robots":{"index":"index","follow":"follow","max-snippet":"max-snippet:-1","max-image-preview":"max-image-preview:large","max-video-preview":"max-video-preview:-1"},"canonical":"https:\/\/www.facecorner.lv\/en\/shop\/medicube-red-acne-succinic-acid-peel-40ml\/","og_locale":"en_US","og_type":"article","og_title":"Medicube Red Acne Succinic Acid Peel 40ml - FACECORNER","og_description":"Medicube Red Acne Succinic Acid Peel\u00a0 pret pinn\u0113m ar dzintara sk\u0101bi ir sarkan\u0101s sk\u0101bes p\u012blings, lai atbr\u012bvotos no pinn\u0113m. T\u0101 pamat\u0101 ir sk\u0101bju mais\u012bjums","og_url":"https:\/\/www.facecorner.lv\/en\/shop\/medicube-red-acne-succinic-acid-peel-40ml\/","og_site_name":"FACECORNER","article_publisher":"https:\/\/www.facebook.com\/profile.php?id=100063824551839","article_modified_time":"2025-07-30T19:33:42+00:00","og_image":[{"width":1000,"height":1000,"url":"https:\/\/www.facecorner.lv\/wp-content\/uploads\/2024\/11\/17a_cfe8ba41-5c3c-4585-8336-d050d2892d19_2048x.webp","type":"image\/webp"}],"twitter_card":"summary_large_image","twitter_misc":{"Price":"&euro;25.20","Availability":"Out of stock"},"schema":{"@context":"https:\/\/schema.org","@graph":[{"@type":"WebPage","@id":"https:\/\/www.facecorner.lv\/shop\/medicube-red-acne-succinic-acid-peel-40ml\/","url":"https:\/\/www.facecorner.lv\/shop\/medicube-red-acne-succinic-acid-peel-40ml\/","name":"Medicube Red Acne Succinic Acid Peel 40ml - FACECORNER","isPartOf":{"@id":"https:\/\/www.facecorner.lv\/#website"},"primaryImageOfPage":{"@id":"https:\/\/www.facecorner.lv\/shop\/medicube-red-acne-succinic-acid-peel-40ml\/#primaryimage"},"image":{"@id":"https:\/\/www.facecorner.lv\/shop\/medicube-red-acne-succinic-acid-peel-40ml\/#primaryimage"},"thumbnailUrl":"https:\/\/www.facecorner.lv\/wp-content\/uploads\/2024\/11\/17a_cfe8ba41-5c3c-4585-8336-d050d2892d19_2048x.webp","datePublished":"2024-11-19T20:20:17+00:00","dateModified":"2025-07-30T19:33:42+00:00","description":"Medicube Red Acne Succinic Acid Peel\u00a0 pret pinn\u0113m ar dzintara sk\u0101bi ir sarkan\u0101s sk\u0101bes p\u012blings, lai atbr\u012bvotos no pinn\u0113m. T\u0101 pamat\u0101 ir sk\u0101bju mais\u012bjums","breadcrumb":{"@id":"https:\/\/www.facecorner.lv\/shop\/medicube-red-acne-succinic-acid-peel-40ml\/#breadcrumb"},"inLanguage":"en-US","potentialAction":[{"@type":"ReadAction","target":["https:\/\/www.facecorner.lv\/shop\/medicube-red-acne-succinic-acid-peel-40ml\/"]}]},{"@type":"ImageObject","inLanguage":"en-US","@id":"https:\/\/www.facecorner.lv\/shop\/medicube-red-acne-succinic-acid-peel-40ml\/#primaryimage","url":"https:\/\/www.facecorner.lv\/wp-content\/uploads\/2024\/11\/17a_cfe8ba41-5c3c-4585-8336-d050d2892d19_2048x.webp","contentUrl":"https:\/\/www.facecorner.lv\/wp-content\/uploads\/2024\/11\/17a_cfe8ba41-5c3c-4585-8336-d050d2892d19_2048x.webp","width":1000,"height":1000},{"@type":"BreadcrumbList","@id":"https:\/\/www.facecorner.lv\/shop\/medicube-red-acne-succinic-acid-peel-40ml\/#breadcrumb","itemListElement":[{"@type":"ListItem","position":1,"name":"Home","item":"https:\/\/www.facecorner.lv\/"},{"@type":"ListItem","position":2,"name":"Veikals","item":"https:\/\/www.facecorner.lv\/shop\/"},{"@type":"ListItem","position":3,"name":"Medicube Red Acne Succinic Acid Peel 40ml"}]},{"@type":"WebSite","@id":"https:\/\/www.facecorner.lv\/#website","url":"https:\/\/www.facecorner.lv\/","name":"Facecorner","description":"","publisher":{"@id":"https:\/\/www.facecorner.lv\/#organization"},"potentialAction":[{"@type":"SearchAction","target":{"@type":"EntryPoint","urlTemplate":"https:\/\/www.facecorner.lv\/?s={search_term_string}"},"query-input":{"@type":"PropertyValueSpecification","valueRequired":true,"valueName":"search_term_string"}}],"inLanguage":"en-US"},{"@type":"Organization","@id":"https:\/\/www.facecorner.lv\/#organization","name":"Facecorner","url":"https:\/\/www.facecorner.lv\/","logo":{"@type":"ImageObject","inLanguage":"en-US","@id":"https:\/\/www.facecorner.lv\/#\/schema\/logo\/image\/","url":"https:\/\/www.facecorner.lv\/wp-content\/uploads\/2024\/04\/fc-logo.jpg","contentUrl":"https:\/\/www.facecorner.lv\/wp-content\/uploads\/2024\/04\/fc-logo.jpg","width":174,"height":28,"caption":"Facecorner"},"image":{"@id":"https:\/\/www.facecorner.lv\/#\/schema\/logo\/image\/"},"sameAs":["https:\/\/www.facebook.com\/profile.php?id=100063824551839","https:\/\/www.instagram.com\/facecorner_shop\/"]}]},"product_price_amount":"25.20","product_price_currency":"EUR","og_availability":"out of stock","product_availability":"out of stock","product_condition":"new"},"_links":{"self":[{"href":"https:\/\/www.facecorner.lv\/en\/wp-json\/wp\/v2\/product\/21584","targetHints":{"allow":["GET"]}}],"collection":[{"href":"https:\/\/www.facecorner.lv\/en\/wp-json\/wp\/v2\/product"}],"about":[{"href":"https:\/\/www.facecorner.lv\/en\/wp-json\/wp\/v2\/types\/product"}],"replies":[{"embeddable":true,"href":"https:\/\/www.facecorner.lv\/en\/wp-json\/wp\/v2\/comments?post=21584"}],"wp:featuredmedia":[{"embeddable":true,"href":"https:\/\/www.facecorner.lv\/en\/wp-json\/wp\/v2\/media\/21601"}],"wp:attachment":[{"href":"https:\/\/www.facecorner.lv\/en\/wp-json\/wp\/v2\/media?parent=21584"}],"wp:term":[{"taxonomy":"product_brand","embeddable":true,"href":"https:\/\/www.facecorner.lv\/en\/wp-json\/wp\/v2\/product_brand?post=21584"},{"taxonomy":"product_cat","embeddable":true,"href":"https:\/\/www.facecorner.lv\/en\/wp-json\/wp\/v2\/product_cat?post=21584"},{"taxonomy":"product_tag","embeddable":true,"href":"https:\/\/www.facecorner.lv\/en\/wp-json\/wp\/v2\/product_tag?post=21584"},{"taxonomy":"berocket_brand","embeddable":true,"href":"https:\/\/www.facecorner.lv\/en\/wp-json\/wp\/v2\/berocket_brand?post=21584"}],"curies":[{"name":"wp","href":"https:\/\/api.w.org\/{rel}","templated":true}]}}