{"id":21580,"date":"2024-11-19T23:12:26","date_gmt":"2024-11-19T20:12:26","guid":{"rendered":"https:\/\/www.facecorner.lv\/?post_type=product&#038;p=21580"},"modified":"2026-04-29T13:15:20","modified_gmt":"2026-04-29T10:15:20","slug":"medicube-collagen-glow-booster-serum-15-ml","status":"publish","type":"product","link":"https:\/\/www.facecorner.lv\/en\/shop\/medicube-collagen-glow-booster-serum-15-ml\/","title":{"rendered":"Medicube Collagen Glow Booster Serum 15 ml"},"content":{"rendered":"<p>Medicube Collagen Glow Booster Serum ir paredz\u0113ts akt\u012bvai kompleksai sejas kop\u0161anai. L\u012bdzeklis stiprina audu \u0161\u016bnu strukt\u016bru, padara \u0101du elast\u012bg\u0101ku, bl\u012bv\u0101ku un tvirt\u0101ku, pal\u012bdz uztur\u0113t vesel\u012bgu mitrin\u0101\u0161anas l\u012bmeni, atjauno \u0101das svaigumu un vienm\u0113r\u012bgu mirdzumu.<\/p>\n<p>Ampulas stimul\u0113 pa\u0161u kolag\u0113na un elast\u012bna \u0161\u0137iedru sint\u0113zi, pal\u012bdz izl\u012bdzin\u0101t \u0101das piet\u016bkumu un s\u012bk\u0101s grumbi\u0146as, samazina dzi\u013c\u0101ku grumbi\u0146u izpausmi un mazina t\u0101s. Tai piem\u012bt sp\u0113c\u012bga atjaunojo\u0161a iedarb\u012bba, t\u0101 atmodina gu\u013co\u0161\u0101s \u0161\u016bnas, aktiviz\u0113 \u0161\u016bnu atjauno\u0161anos un m\u012bkstina.<\/p>\n<p><strong>Serum\u0101 eso\u0161ais hidroliz\u0113tais kolag\u0113ns un elast\u012bns stiprina \u0161\u016bnu sieni\u0146as, atbalsta matricu, pal\u012bdz izl\u012bdzin\u0101t s\u012bk\u0101s grumbi\u0146as un grumbas.<\/strong><\/p>\n<p>Sast\u0101v\u0101 eso\u0161ais piena prote\u012bna ekstrakts (1%) palielina \u0161\u016bnu vitalit\u0101ti, veicina \u0101das aizsargsist\u0113mas atjauno\u0161anos, pal\u012bdz tai \u0101tri un efekt\u012bvi rea\u0123\u0113t uz \u0101r\u0113j\u0101m ietekm\u0113m. Veicina \u0101tru re\u0123ener\u0101ciju, m\u012bkstina, samazina jut\u012bgumu. Tam piem\u012bt balino\u0161s efekts, samazinot melan\u012bna sint\u0113zi.<\/p>\n<p><strong>How to use:<\/strong> Uzkl\u0101jiet l\u012bdzekli uz sejas \u0101das un vienm\u0113r\u012bgi izklied\u0113jiet ar viegl\u0101m mas\u0101\u017eas kust\u012bb\u0101m.<\/p>\n<p><strong>Ingredientes:<\/strong> Aqua, Glycerin, Dicaprylyl Ether, Isononyl Isononanoate, Butylene Glycol, Dipropylene Glycol,C9-12 Alkanes, Peg-30 Dipolyhydroxystearate, Polyglyceryl-4 Oleate, Magnesum Sulfate, Nacinamide, 1,2-Hexanediol, Polyglyceryl &#8211; 3 Polyricnoleate, Milk Protein Extract, Parfum, Caprylyl Glycol, Chlorella Vulgaris Extract, Glucose, Fructoogosaccharides, Fructose, Caprylic\/Capric Triglyceride, Adenosine, Hydrogenated Lecithin, Soluble Proteoglycan, Ethylhexylglycerin, Benzyl Salicylate, Limonene, Ceramide NP,Hydroxypropyltrimonium Hyaluronate, Linalool, Hexyl Cinnamal, Hydroxycitronellal, Tocopherol, Alpha Isomethyl Ionone, Beta-Glucan,Geraniol, Hydrolyzed Elastin, Hydrolyze Collagen, Hexapeptide-2, Biotin, Sodium DNA<\/p>\n<p>&nbsp;<\/p>","protected":false},"excerpt":{"rendered":"<p>Medicube Collagen Glow Booster Serum ir paredz\u0113ts akt\u012bvai kompleksai sejas kop\u0161anai. L\u012bdzeklis stiprina audu \u0161\u016bnu strukt\u016bru, padara \u0101du elast\u012bg\u0101ku, bl\u012bv\u0101ku un tvirt\u0101ku, pal\u012bdz uztur\u0113t vesel\u012bgu mitrin\u0101\u0161anas l\u012bmeni, atjauno \u0101das svaigumu un vienm\u0113r\u012bgu mirdzumu.<\/p>","protected":false},"featured_media":21581,"comment_status":"closed","ping_status":"closed","template":"","meta":{"site-sidebar-layout":"default","site-content-layout":"","ast-site-content-layout":"default","site-content-style":"default","site-sidebar-style":"default","ast-global-header-display":"","ast-banner-title-visibility":"","ast-main-header-display":"","ast-hfb-above-header-display":"","ast-hfb-below-header-display":"","ast-hfb-mobile-header-display":"","site-post-title":"","ast-breadcrumbs-content":"","ast-featured-img":"","footer-sml-layout":"","theme-transparent-header-meta":"default","adv-header-id-meta":"","stick-header-meta":"","header-above-stick-meta":"","header-main-stick-meta":"","header-below-stick-meta":"","astra-migrate-meta-layouts":"set","ast-page-background-enabled":"default","ast-page-background-meta":{"desktop":{"background-color":"var(--ast-global-color-4)","background-image":"","background-repeat":"repeat","background-position":"center center","background-size":"auto","background-attachment":"scroll","background-type":"","background-media":"","overlay-type":"","overlay-color":"","overlay-opacity":"","overlay-gradient":""},"tablet":{"background-color":"","background-image":"","background-repeat":"repeat","background-position":"center center","background-size":"auto","background-attachment":"scroll","background-type":"","background-media":"","overlay-type":"","overlay-color":"","overlay-opacity":"","overlay-gradient":""},"mobile":{"background-color":"","background-image":"","background-repeat":"repeat","background-position":"center center","background-size":"auto","background-attachment":"scroll","background-type":"","background-media":"","overlay-type":"","overlay-color":"","overlay-opacity":"","overlay-gradient":""}},"ast-content-background-meta":{"desktop":{"background-color":"var(--ast-global-color-5)","background-image":"","background-repeat":"repeat","background-position":"center center","background-size":"auto","background-attachment":"scroll","background-type":"","background-media":"","overlay-type":"","overlay-color":"","overlay-opacity":"","overlay-gradient":""},"tablet":{"background-color":"var(--ast-global-color-5)","background-image":"","background-repeat":"repeat","background-position":"center center","background-size":"auto","background-attachment":"scroll","background-type":"","background-media":"","overlay-type":"","overlay-color":"","overlay-opacity":"","overlay-gradient":""},"mobile":{"background-color":"var(--ast-global-color-5)","background-image":"","background-repeat":"repeat","background-position":"center center","background-size":"auto","background-attachment":"scroll","background-type":"","background-media":"","overlay-type":"","overlay-color":"","overlay-opacity":"","overlay-gradient":""}}},"product_brand":[],"product_cat":[370,371,372,363],"product_tag":[],"berocket_brand":[579],"class_list":{"0":"post-21580","1":"product","2":"type-product","3":"status-publish","4":"has-post-thumbnail","6":"product_cat-adas-mirdzumam","7":"product_cat-anti-age","8":"product_cat-jutigai-adai-serumi","9":"product_cat-serumi","10":"berocket_brand-medicube","11":"desktop-align-left","12":"tablet-align-left","13":"mobile-align-left","15":"first","16":"instock","17":"sale","18":"taxable","19":"shipping-taxable","20":"purchasable","21":"product-type-simple","22":"add-to-wishlist-before_image"},"yoast_head":"<!-- This site is optimized with the Yoast SEO plugin v27.4 - https:\/\/yoast.com\/product\/yoast-seo-wordpress\/ -->\n<title>Medicube Collagen Glow Booster Serum 15 ml - FACECORNER<\/title>\n<meta name=\"description\" content=\"Medicube Collagen Glow Booster Serum ir paredz\u0113ts akt\u012bvai kompleksai sejas kop\u0161anai. L\u012bdzeklis stiprina audu \u0161\u016bnu strukt\u016bru, padara \u0101du elast\u012bg\u0101ku\" \/>\n<meta name=\"robots\" content=\"index, follow, max-snippet:-1, max-image-preview:large, max-video-preview:-1\" \/>\n<link rel=\"canonical\" href=\"https:\/\/www.facecorner.lv\/en\/shop\/medicube-collagen-glow-booster-serum-15-ml\/\" \/>\n<meta property=\"og:locale\" content=\"en_US\" \/>\n<meta property=\"og:type\" content=\"article\" \/>\n<meta property=\"og:title\" content=\"Medicube Collagen Glow Booster Serum 15 ml - FACECORNER\" \/>\n<meta property=\"og:description\" content=\"Medicube Collagen Glow Booster Serum ir paredz\u0113ts akt\u012bvai kompleksai sejas kop\u0161anai. L\u012bdzeklis stiprina audu \u0161\u016bnu strukt\u016bru, padara \u0101du elast\u012bg\u0101ku\" \/>\n<meta property=\"og:url\" content=\"https:\/\/www.facecorner.lv\/en\/shop\/medicube-collagen-glow-booster-serum-15-ml\/\" \/>\n<meta property=\"og:site_name\" content=\"FACECORNER\" \/>\n<meta property=\"article:publisher\" content=\"https:\/\/www.facebook.com\/profile.php?id=100063824551839\" \/>\n<meta property=\"article:modified_time\" content=\"2026-04-29T10:15:20+00:00\" \/>\n<meta property=\"og:image\" content=\"https:\/\/www.facecorner.lv\/wp-content\/uploads\/2024\/11\/MedicubeCollagenGlowBoosterSerum.webp\" \/>\n\t<meta property=\"og:image:width\" content=\"1100\" \/>\n\t<meta property=\"og:image:height\" content=\"1100\" \/>\n\t<meta property=\"og:image:type\" content=\"image\/webp\" \/>\n<meta name=\"twitter:card\" content=\"summary_large_image\" \/>\n<meta name=\"twitter:label1\" content=\"Price\" \/>\n\t<meta name=\"twitter:data1\" content=\"&euro;25.00\" \/>\n\t<meta name=\"twitter:label2\" content=\"Availability\" \/>\n\t<meta name=\"twitter:data2\" content=\"In stock\" \/>\n<script type=\"application\/ld+json\" class=\"yoast-schema-graph\">{\"@context\":\"https:\\\/\\\/schema.org\",\"@graph\":[{\"@type\":\"WebPage\",\"@id\":\"https:\\\/\\\/www.facecorner.lv\\\/shop\\\/medicube-collagen-glow-booster-serum-15-ml\\\/\",\"url\":\"https:\\\/\\\/www.facecorner.lv\\\/shop\\\/medicube-collagen-glow-booster-serum-15-ml\\\/\",\"name\":\"Medicube Collagen Glow Booster Serum 15 ml - FACECORNER\",\"isPartOf\":{\"@id\":\"https:\\\/\\\/www.facecorner.lv\\\/#website\"},\"primaryImageOfPage\":{\"@id\":\"https:\\\/\\\/www.facecorner.lv\\\/shop\\\/medicube-collagen-glow-booster-serum-15-ml\\\/#primaryimage\"},\"image\":{\"@id\":\"https:\\\/\\\/www.facecorner.lv\\\/shop\\\/medicube-collagen-glow-booster-serum-15-ml\\\/#primaryimage\"},\"thumbnailUrl\":\"https:\\\/\\\/www.facecorner.lv\\\/wp-content\\\/uploads\\\/2024\\\/11\\\/MedicubeCollagenGlowBoosterSerum.webp\",\"datePublished\":\"2024-11-19T20:12:26+00:00\",\"dateModified\":\"2026-04-29T10:15:20+00:00\",\"description\":\"Medicube Collagen Glow Booster Serum ir paredz\u0113ts akt\u012bvai kompleksai sejas kop\u0161anai. L\u012bdzeklis stiprina audu \u0161\u016bnu strukt\u016bru, padara \u0101du elast\u012bg\u0101ku\",\"breadcrumb\":{\"@id\":\"https:\\\/\\\/www.facecorner.lv\\\/shop\\\/medicube-collagen-glow-booster-serum-15-ml\\\/#breadcrumb\"},\"inLanguage\":\"en-US\",\"potentialAction\":[{\"@type\":\"ReadAction\",\"target\":[\"https:\\\/\\\/www.facecorner.lv\\\/shop\\\/medicube-collagen-glow-booster-serum-15-ml\\\/\"]}]},{\"@type\":\"ImageObject\",\"inLanguage\":\"en-US\",\"@id\":\"https:\\\/\\\/www.facecorner.lv\\\/shop\\\/medicube-collagen-glow-booster-serum-15-ml\\\/#primaryimage\",\"url\":\"https:\\\/\\\/www.facecorner.lv\\\/wp-content\\\/uploads\\\/2024\\\/11\\\/MedicubeCollagenGlowBoosterSerum.webp\",\"contentUrl\":\"https:\\\/\\\/www.facecorner.lv\\\/wp-content\\\/uploads\\\/2024\\\/11\\\/MedicubeCollagenGlowBoosterSerum.webp\",\"width\":1100,\"height\":1100,\"caption\":\"Medicube Collagen Glow Booster Serum 15 ml\"},{\"@type\":\"BreadcrumbList\",\"@id\":\"https:\\\/\\\/www.facecorner.lv\\\/shop\\\/medicube-collagen-glow-booster-serum-15-ml\\\/#breadcrumb\",\"itemListElement\":[{\"@type\":\"ListItem\",\"position\":1,\"name\":\"Home\",\"item\":\"https:\\\/\\\/www.facecorner.lv\\\/\"},{\"@type\":\"ListItem\",\"position\":2,\"name\":\"Veikals\",\"item\":\"https:\\\/\\\/www.facecorner.lv\\\/shop\\\/\"},{\"@type\":\"ListItem\",\"position\":3,\"name\":\"Medicube Collagen Glow Booster Serum 15 ml\"}]},{\"@type\":\"WebSite\",\"@id\":\"https:\\\/\\\/www.facecorner.lv\\\/#website\",\"url\":\"https:\\\/\\\/www.facecorner.lv\\\/\",\"name\":\"Facecorner\",\"description\":\"\",\"publisher\":{\"@id\":\"https:\\\/\\\/www.facecorner.lv\\\/#organization\"},\"potentialAction\":[{\"@type\":\"SearchAction\",\"target\":{\"@type\":\"EntryPoint\",\"urlTemplate\":\"https:\\\/\\\/www.facecorner.lv\\\/?s={search_term_string}\"},\"query-input\":{\"@type\":\"PropertyValueSpecification\",\"valueRequired\":true,\"valueName\":\"search_term_string\"}}],\"inLanguage\":\"en-US\"},{\"@type\":\"Organization\",\"@id\":\"https:\\\/\\\/www.facecorner.lv\\\/#organization\",\"name\":\"Facecorner\",\"url\":\"https:\\\/\\\/www.facecorner.lv\\\/\",\"logo\":{\"@type\":\"ImageObject\",\"inLanguage\":\"en-US\",\"@id\":\"https:\\\/\\\/www.facecorner.lv\\\/#\\\/schema\\\/logo\\\/image\\\/\",\"url\":\"https:\\\/\\\/www.facecorner.lv\\\/wp-content\\\/uploads\\\/2024\\\/04\\\/fc-logo.jpg\",\"contentUrl\":\"https:\\\/\\\/www.facecorner.lv\\\/wp-content\\\/uploads\\\/2024\\\/04\\\/fc-logo.jpg\",\"width\":174,\"height\":28,\"caption\":\"Facecorner\"},\"image\":{\"@id\":\"https:\\\/\\\/www.facecorner.lv\\\/#\\\/schema\\\/logo\\\/image\\\/\"},\"sameAs\":[\"https:\\\/\\\/www.facebook.com\\\/profile.php?id=100063824551839\",\"https:\\\/\\\/www.instagram.com\\\/facecorner_shop\\\/\"]}]}<\/script>\n<meta property=\"product:price:amount\" content=\"25.00\" \/>\n<meta property=\"product:price:currency\" content=\"EUR\" \/>\n<meta property=\"og:availability\" content=\"instock\" \/>\n<meta property=\"product:availability\" content=\"instock\" \/>\n<meta property=\"product:condition\" content=\"new\" \/>\n<!-- \/ Yoast SEO plugin. -->","yoast_head_json":{"title":"Medicube Collagen Glow Booster Serum 15 ml - FACECORNER","description":"Medicube Collagen Glow Booster Serum ir paredz\u0113ts akt\u012bvai kompleksai sejas kop\u0161anai. L\u012bdzeklis stiprina audu \u0161\u016bnu strukt\u016bru, padara \u0101du elast\u012bg\u0101ku","robots":{"index":"index","follow":"follow","max-snippet":"max-snippet:-1","max-image-preview":"max-image-preview:large","max-video-preview":"max-video-preview:-1"},"canonical":"https:\/\/www.facecorner.lv\/en\/shop\/medicube-collagen-glow-booster-serum-15-ml\/","og_locale":"en_US","og_type":"article","og_title":"Medicube Collagen Glow Booster Serum 15 ml - FACECORNER","og_description":"Medicube Collagen Glow Booster Serum ir paredz\u0113ts akt\u012bvai kompleksai sejas kop\u0161anai. L\u012bdzeklis stiprina audu \u0161\u016bnu strukt\u016bru, padara \u0101du elast\u012bg\u0101ku","og_url":"https:\/\/www.facecorner.lv\/en\/shop\/medicube-collagen-glow-booster-serum-15-ml\/","og_site_name":"FACECORNER","article_publisher":"https:\/\/www.facebook.com\/profile.php?id=100063824551839","article_modified_time":"2026-04-29T10:15:20+00:00","og_image":[{"width":1100,"height":1100,"url":"https:\/\/www.facecorner.lv\/wp-content\/uploads\/2024\/11\/MedicubeCollagenGlowBoosterSerum.webp","type":"image\/webp"}],"twitter_card":"summary_large_image","twitter_misc":{"Price":"&euro;25.00","Availability":"In stock"},"schema":{"@context":"https:\/\/schema.org","@graph":[{"@type":"WebPage","@id":"https:\/\/www.facecorner.lv\/shop\/medicube-collagen-glow-booster-serum-15-ml\/","url":"https:\/\/www.facecorner.lv\/shop\/medicube-collagen-glow-booster-serum-15-ml\/","name":"Medicube Collagen Glow Booster Serum 15 ml - FACECORNER","isPartOf":{"@id":"https:\/\/www.facecorner.lv\/#website"},"primaryImageOfPage":{"@id":"https:\/\/www.facecorner.lv\/shop\/medicube-collagen-glow-booster-serum-15-ml\/#primaryimage"},"image":{"@id":"https:\/\/www.facecorner.lv\/shop\/medicube-collagen-glow-booster-serum-15-ml\/#primaryimage"},"thumbnailUrl":"https:\/\/www.facecorner.lv\/wp-content\/uploads\/2024\/11\/MedicubeCollagenGlowBoosterSerum.webp","datePublished":"2024-11-19T20:12:26+00:00","dateModified":"2026-04-29T10:15:20+00:00","description":"Medicube Collagen Glow Booster Serum ir paredz\u0113ts akt\u012bvai kompleksai sejas kop\u0161anai. L\u012bdzeklis stiprina audu \u0161\u016bnu strukt\u016bru, padara \u0101du elast\u012bg\u0101ku","breadcrumb":{"@id":"https:\/\/www.facecorner.lv\/shop\/medicube-collagen-glow-booster-serum-15-ml\/#breadcrumb"},"inLanguage":"en-US","potentialAction":[{"@type":"ReadAction","target":["https:\/\/www.facecorner.lv\/shop\/medicube-collagen-glow-booster-serum-15-ml\/"]}]},{"@type":"ImageObject","inLanguage":"en-US","@id":"https:\/\/www.facecorner.lv\/shop\/medicube-collagen-glow-booster-serum-15-ml\/#primaryimage","url":"https:\/\/www.facecorner.lv\/wp-content\/uploads\/2024\/11\/MedicubeCollagenGlowBoosterSerum.webp","contentUrl":"https:\/\/www.facecorner.lv\/wp-content\/uploads\/2024\/11\/MedicubeCollagenGlowBoosterSerum.webp","width":1100,"height":1100,"caption":"Medicube Collagen Glow Booster Serum 15 ml"},{"@type":"BreadcrumbList","@id":"https:\/\/www.facecorner.lv\/shop\/medicube-collagen-glow-booster-serum-15-ml\/#breadcrumb","itemListElement":[{"@type":"ListItem","position":1,"name":"Home","item":"https:\/\/www.facecorner.lv\/"},{"@type":"ListItem","position":2,"name":"Veikals","item":"https:\/\/www.facecorner.lv\/shop\/"},{"@type":"ListItem","position":3,"name":"Medicube Collagen Glow Booster Serum 15 ml"}]},{"@type":"WebSite","@id":"https:\/\/www.facecorner.lv\/#website","url":"https:\/\/www.facecorner.lv\/","name":"Facecorner","description":"","publisher":{"@id":"https:\/\/www.facecorner.lv\/#organization"},"potentialAction":[{"@type":"SearchAction","target":{"@type":"EntryPoint","urlTemplate":"https:\/\/www.facecorner.lv\/?s={search_term_string}"},"query-input":{"@type":"PropertyValueSpecification","valueRequired":true,"valueName":"search_term_string"}}],"inLanguage":"en-US"},{"@type":"Organization","@id":"https:\/\/www.facecorner.lv\/#organization","name":"Facecorner","url":"https:\/\/www.facecorner.lv\/","logo":{"@type":"ImageObject","inLanguage":"en-US","@id":"https:\/\/www.facecorner.lv\/#\/schema\/logo\/image\/","url":"https:\/\/www.facecorner.lv\/wp-content\/uploads\/2024\/04\/fc-logo.jpg","contentUrl":"https:\/\/www.facecorner.lv\/wp-content\/uploads\/2024\/04\/fc-logo.jpg","width":174,"height":28,"caption":"Facecorner"},"image":{"@id":"https:\/\/www.facecorner.lv\/#\/schema\/logo\/image\/"},"sameAs":["https:\/\/www.facebook.com\/profile.php?id=100063824551839","https:\/\/www.instagram.com\/facecorner_shop\/"]}]},"product_price_amount":"25.00","product_price_currency":"EUR","og_availability":"instock","product_availability":"instock","product_condition":"new"},"_links":{"self":[{"href":"https:\/\/www.facecorner.lv\/en\/wp-json\/wp\/v2\/product\/21580","targetHints":{"allow":["GET"]}}],"collection":[{"href":"https:\/\/www.facecorner.lv\/en\/wp-json\/wp\/v2\/product"}],"about":[{"href":"https:\/\/www.facecorner.lv\/en\/wp-json\/wp\/v2\/types\/product"}],"replies":[{"embeddable":true,"href":"https:\/\/www.facecorner.lv\/en\/wp-json\/wp\/v2\/comments?post=21580"}],"wp:featuredmedia":[{"embeddable":true,"href":"https:\/\/www.facecorner.lv\/en\/wp-json\/wp\/v2\/media\/21581"}],"wp:attachment":[{"href":"https:\/\/www.facecorner.lv\/en\/wp-json\/wp\/v2\/media?parent=21580"}],"wp:term":[{"taxonomy":"product_brand","embeddable":true,"href":"https:\/\/www.facecorner.lv\/en\/wp-json\/wp\/v2\/product_brand?post=21580"},{"taxonomy":"product_cat","embeddable":true,"href":"https:\/\/www.facecorner.lv\/en\/wp-json\/wp\/v2\/product_cat?post=21580"},{"taxonomy":"product_tag","embeddable":true,"href":"https:\/\/www.facecorner.lv\/en\/wp-json\/wp\/v2\/product_tag?post=21580"},{"taxonomy":"berocket_brand","embeddable":true,"href":"https:\/\/www.facecorner.lv\/en\/wp-json\/wp\/v2\/berocket_brand?post=21580"}],"curies":[{"name":"wp","href":"https:\/\/api.w.org\/{rel}","templated":true}]}}