{"id":21576,"date":"2024-11-19T23:02:48","date_gmt":"2024-11-19T20:02:48","guid":{"rendered":"https:\/\/www.facecorner.lv\/?post_type=product&#038;p=21576"},"modified":"2026-03-10T22:29:53","modified_gmt":"2026-03-10T19:29:53","slug":"medicube-zero-pore-blackhead-mud-mask-100g","status":"publish","type":"product","link":"https:\/\/www.facecorner.lv\/en\/shop\/medicube-zero-pore-blackhead-mud-mask-100g\/","title":{"rendered":"Medicube Zero Pore Blackhead Mud Mask 100g"},"content":{"rendered":"<p>Medicube Zero Pore Blackhead Mud Mask r\u016bp\u0113jas par por\u0101m, pal\u012bdz t\u0101s sa\u0161aurin\u0101t un uztur \u0101du gludu un mat\u0113tu.<\/p>\n<p>Maska efekt\u012bvi absorb\u0113 lieko sebumu un visus net\u012brumus, lieliski mat\u0113. Iek\u013c\u016bstot dzi\u013ci por\u0101s, t\u0101 pamat\u012bgi t\u0101s att\u012bra, iz\u0161\u0137\u012bdina tauku kor\u0137us, redzami izgaismo melnos punkti\u0146us un tauku pavedienus. Tas pal\u012bdz sa\u0161aurin\u0101t poras, nov\u0113r\u0161 pinnes un melnos punktus.<\/p>\n<p><strong>Maskas sast\u0101v\u0101 eso\u0161ais sk\u0101bju komplekss (AHA+BHA+PHA) maigi noloba \u0101das taukus un atmiru\u0161\u0101s \u0161\u016bnas, padarot \u0101du t\u012br\u0101ku un glud\u0101ku.<\/strong><\/p>\n<p>Kan\u0101das koloid\u0101lajam m\u0101lam, kaol\u012bnam sast\u0101v\u0101 piem\u012bt augstas absorbcijas \u012bpa\u0161\u012bbas, pies\u0101tina \u0101du ar mikroelementiem, stiprina \u0101das aizsargfunkcijas. Tie ir toks\u012bnu un toks\u012bnu magn\u0113ts, tiem piem\u012bt \u012bpatn\u012bba absorb\u0113t lieko tauku daudzumu uz \u0101das, vienlaikus sa\u0161aurinot poras un izl\u012bdzinot tonusu. Akt\u012bvi c\u012bn\u0101s pret iekaisumiem, iedarbina re\u0123ener\u0101cijas procesus, veicina \u0101tru aizsargbarjeras atjauno\u0161anos.<\/p>\n<p><strong>How to use: <\/strong>P\u0113c \u0101das att\u012br\u012b\u0161anas uzkl\u0101jiet l\u012bdzekli biez\u0101 sl\u0101n\u012b uz sejas bez \u016bdens, izvairoties no acu un l\u016bpu zonas. Atst\u0101jiet uzkl\u0101t uz 20 min\u016bt\u0113m, l\u012bdz piln\u012bb\u0101 no\u017e\u016bst, p\u0113c tam r\u016bp\u012bgi noskalojiet ar siltu \u016bdeni, veicot maigas ap\u013cveida kust\u012bbas.<\/p>\n<p><strong>Ingredientes:<\/strong> Water, Kaolin, Bentonite, Methylpropanediol, 1,2-Hexanediol, Xanthan Gum, Tetrasodium Pyrophosphate, Ferric Ammonium Ferrocyanide (CI 77510), Magnesium Aluminum Silicate, Sodium Hyaluronate, Caprylyl Glycol, Cellulose, Chlorella Vulgaris Extract, Glucose, Butylene Glycol, Allantoin, Caffeine, Fructooligosaccharides, Fructose, Limonene, Ethylhexylglycerin, Citrus Aurantium Bergamia (Bergamot) Fruit Oil, Sodium Phytate, Citrus Limon (Lemon) Peel Oil, Citrus Aurantium Dulcis (Orange) Peel Oil, Cynanchum Atratum Extract, Althaea Rosea Flower Extract, Tocopherol, Canadian Colloidal Clay, Gluconolactone, Guaiazulene, Salicylic Acid, Glycolic Acid, Pentylene Glycol, Montmorillonite, Illite, Methyl Diisopropyl Propionamide, Oenothera Biennis (Evening Primrose) Flower Extract, Pinus Palustris Leaf Extract, Pueraria Lobata Root Extract, Ulmus Davidiana Root Extract, Diospyros Kaki Leaf Extract, Vitis Vinifera (Grape) Fruit Extract, Carthamus Tinctorius (Safflower) Flower Extract, Coffea Arabica (Coffee) Seed Extract, Polygonum Cuspidatum Root Extract, Camellia Sinensis Leaf Extract, Castanea Crenata (Chestnut) Shell Extract, Zanthoxylum Piperitum Fruit Extract, Copper Tripeptide-1<\/p>","protected":false},"excerpt":{"rendered":"<p>Medicube Zero Pore Blackhead Mud Mask r\u016bp\u0113jas par por\u0101m, pal\u012bdz t\u0101s sa\u0161aurin\u0101t un uztur \u0101du gludu un mat\u0113tu.<\/p>","protected":false},"featured_media":21577,"comment_status":"open","ping_status":"closed","template":"","meta":{"site-sidebar-layout":"default","site-content-layout":"","ast-site-content-layout":"default","site-content-style":"default","site-sidebar-style":"default","ast-global-header-display":"","ast-banner-title-visibility":"","ast-main-header-display":"","ast-hfb-above-header-display":"","ast-hfb-below-header-display":"","ast-hfb-mobile-header-display":"","site-post-title":"","ast-breadcrumbs-content":"","ast-featured-img":"","footer-sml-layout":"","theme-transparent-header-meta":"default","adv-header-id-meta":"","stick-header-meta":"","header-above-stick-meta":"","header-main-stick-meta":"","header-below-stick-meta":"","astra-migrate-meta-layouts":"set","ast-page-background-enabled":"default","ast-page-background-meta":{"desktop":{"background-color":"var(--ast-global-color-4)","background-image":"","background-repeat":"repeat","background-position":"center center","background-size":"auto","background-attachment":"scroll","background-type":"","background-media":"","overlay-type":"","overlay-color":"","overlay-opacity":"","overlay-gradient":""},"tablet":{"background-color":"","background-image":"","background-repeat":"repeat","background-position":"center center","background-size":"auto","background-attachment":"scroll","background-type":"","background-media":"","overlay-type":"","overlay-color":"","overlay-opacity":"","overlay-gradient":""},"mobile":{"background-color":"","background-image":"","background-repeat":"repeat","background-position":"center center","background-size":"auto","background-attachment":"scroll","background-type":"","background-media":"","overlay-type":"","overlay-color":"","overlay-opacity":"","overlay-gradient":""}},"ast-content-background-meta":{"desktop":{"background-color":"var(--ast-global-color-5)","background-image":"","background-repeat":"repeat","background-position":"center center","background-size":"auto","background-attachment":"scroll","background-type":"","background-media":"","overlay-type":"","overlay-color":"","overlay-opacity":"","overlay-gradient":""},"tablet":{"background-color":"var(--ast-global-color-5)","background-image":"","background-repeat":"repeat","background-position":"center center","background-size":"auto","background-attachment":"scroll","background-type":"","background-media":"","overlay-type":"","overlay-color":"","overlay-opacity":"","overlay-gradient":""},"mobile":{"background-color":"var(--ast-global-color-5)","background-image":"","background-repeat":"repeat","background-position":"center center","background-size":"auto","background-attachment":"scroll","background-type":"","background-media":"","overlay-type":"","overlay-color":"","overlay-opacity":"","overlay-gradient":""}}},"product_brand":[],"product_cat":[511,316,315],"product_tag":[],"berocket_brand":[579],"class_list":{"0":"post-21576","1":"product","2":"type-product","3":"status-publish","4":"has-post-thumbnail","6":"product_cat-atlaides","7":"product_cat-attirosas","8":"product_cat-maskas","9":"berocket_brand-medicube","10":"desktop-align-left","11":"tablet-align-left","12":"mobile-align-left","14":"first","15":"outofstock","16":"taxable","17":"shipping-taxable","18":"purchasable","19":"product-type-simple","20":"add-to-wishlist-before_image"},"yoast_head":"<!-- This site is optimized with the Yoast SEO plugin v27.3 - https:\/\/yoast.com\/product\/yoast-seo-wordpress\/ -->\n<title>Medicube Zero Pore Blackhead Mud Mask 100g - FACECORNER<\/title>\n<meta name=\"description\" content=\"Medicube Zero Pore Blackhead Mud Mask r\u016bp\u0113jas par por\u0101m, pal\u012bdz t\u0101s sa\u0161aurin\u0101t un uztur \u0101du gludu un mat\u0113tu.Maska efekt\u012bvi absorb\u0113 lieko sebumu\" \/>\n<meta name=\"robots\" content=\"index, follow, max-snippet:-1, max-image-preview:large, max-video-preview:-1\" \/>\n<link rel=\"canonical\" href=\"https:\/\/www.facecorner.lv\/en\/shop\/medicube-zero-pore-blackhead-mud-mask-100g\/\" \/>\n<meta property=\"og:locale\" content=\"en_US\" \/>\n<meta property=\"og:type\" content=\"article\" \/>\n<meta property=\"og:title\" content=\"Medicube Zero Pore Blackhead Mud Mask 100g - FACECORNER\" \/>\n<meta property=\"og:description\" content=\"Medicube Zero Pore Blackhead Mud Mask r\u016bp\u0113jas par por\u0101m, pal\u012bdz t\u0101s sa\u0161aurin\u0101t un uztur \u0101du gludu un mat\u0113tu.Maska efekt\u012bvi absorb\u0113 lieko sebumu\" \/>\n<meta property=\"og:url\" content=\"https:\/\/www.facecorner.lv\/en\/shop\/medicube-zero-pore-blackhead-mud-mask-100g\/\" \/>\n<meta property=\"og:site_name\" content=\"FACECORNER\" \/>\n<meta property=\"article:publisher\" content=\"https:\/\/www.facebook.com\/profile.php?id=100063824551839\" \/>\n<meta property=\"article:modified_time\" content=\"2026-03-10T19:29:53+00:00\" \/>\n<meta property=\"og:image\" content=\"https:\/\/www.facecorner.lv\/wp-content\/uploads\/2024\/11\/71MV5RNAL.jpg\" \/>\n\t<meta property=\"og:image:width\" content=\"2000\" \/>\n\t<meta property=\"og:image:height\" content=\"2000\" \/>\n\t<meta property=\"og:image:type\" content=\"image\/jpeg\" \/>\n<meta name=\"twitter:card\" content=\"summary_large_image\" \/>\n<meta name=\"twitter:label1\" content=\"Price\" \/>\n\t<meta name=\"twitter:data1\" content=\"&euro;28.00\" \/>\n\t<meta name=\"twitter:label2\" content=\"Availability\" \/>\n\t<meta name=\"twitter:data2\" content=\"Out of stock\" \/>\n<script type=\"application\/ld+json\" class=\"yoast-schema-graph\">{\"@context\":\"https:\\\/\\\/schema.org\",\"@graph\":[{\"@type\":\"WebPage\",\"@id\":\"https:\\\/\\\/www.facecorner.lv\\\/shop\\\/medicube-zero-pore-blackhead-mud-mask-100g\\\/\",\"url\":\"https:\\\/\\\/www.facecorner.lv\\\/shop\\\/medicube-zero-pore-blackhead-mud-mask-100g\\\/\",\"name\":\"Medicube Zero Pore Blackhead Mud Mask 100g - FACECORNER\",\"isPartOf\":{\"@id\":\"https:\\\/\\\/www.facecorner.lv\\\/#website\"},\"primaryImageOfPage\":{\"@id\":\"https:\\\/\\\/www.facecorner.lv\\\/shop\\\/medicube-zero-pore-blackhead-mud-mask-100g\\\/#primaryimage\"},\"image\":{\"@id\":\"https:\\\/\\\/www.facecorner.lv\\\/shop\\\/medicube-zero-pore-blackhead-mud-mask-100g\\\/#primaryimage\"},\"thumbnailUrl\":\"https:\\\/\\\/www.facecorner.lv\\\/wp-content\\\/uploads\\\/2024\\\/11\\\/71MV5RNAL.jpg\",\"datePublished\":\"2024-11-19T20:02:48+00:00\",\"dateModified\":\"2026-03-10T19:29:53+00:00\",\"description\":\"Medicube Zero Pore Blackhead Mud Mask r\u016bp\u0113jas par por\u0101m, pal\u012bdz t\u0101s sa\u0161aurin\u0101t un uztur \u0101du gludu un mat\u0113tu.Maska efekt\u012bvi absorb\u0113 lieko sebumu\",\"breadcrumb\":{\"@id\":\"https:\\\/\\\/www.facecorner.lv\\\/shop\\\/medicube-zero-pore-blackhead-mud-mask-100g\\\/#breadcrumb\"},\"inLanguage\":\"en-US\",\"potentialAction\":[{\"@type\":\"ReadAction\",\"target\":[\"https:\\\/\\\/www.facecorner.lv\\\/shop\\\/medicube-zero-pore-blackhead-mud-mask-100g\\\/\"]}]},{\"@type\":\"ImageObject\",\"inLanguage\":\"en-US\",\"@id\":\"https:\\\/\\\/www.facecorner.lv\\\/shop\\\/medicube-zero-pore-blackhead-mud-mask-100g\\\/#primaryimage\",\"url\":\"https:\\\/\\\/www.facecorner.lv\\\/wp-content\\\/uploads\\\/2024\\\/11\\\/71MV5RNAL.jpg\",\"contentUrl\":\"https:\\\/\\\/www.facecorner.lv\\\/wp-content\\\/uploads\\\/2024\\\/11\\\/71MV5RNAL.jpg\",\"width\":2000,\"height\":2000,\"caption\":\"Version 1.0.0\"},{\"@type\":\"BreadcrumbList\",\"@id\":\"https:\\\/\\\/www.facecorner.lv\\\/shop\\\/medicube-zero-pore-blackhead-mud-mask-100g\\\/#breadcrumb\",\"itemListElement\":[{\"@type\":\"ListItem\",\"position\":1,\"name\":\"Home\",\"item\":\"https:\\\/\\\/www.facecorner.lv\\\/\"},{\"@type\":\"ListItem\",\"position\":2,\"name\":\"Veikals\",\"item\":\"https:\\\/\\\/www.facecorner.lv\\\/shop\\\/\"},{\"@type\":\"ListItem\",\"position\":3,\"name\":\"Medicube Zero Pore Blackhead Mud Mask 100g\"}]},{\"@type\":\"WebSite\",\"@id\":\"https:\\\/\\\/www.facecorner.lv\\\/#website\",\"url\":\"https:\\\/\\\/www.facecorner.lv\\\/\",\"name\":\"Facecorner\",\"description\":\"\",\"publisher\":{\"@id\":\"https:\\\/\\\/www.facecorner.lv\\\/#organization\"},\"potentialAction\":[{\"@type\":\"SearchAction\",\"target\":{\"@type\":\"EntryPoint\",\"urlTemplate\":\"https:\\\/\\\/www.facecorner.lv\\\/?s={search_term_string}\"},\"query-input\":{\"@type\":\"PropertyValueSpecification\",\"valueRequired\":true,\"valueName\":\"search_term_string\"}}],\"inLanguage\":\"en-US\"},{\"@type\":\"Organization\",\"@id\":\"https:\\\/\\\/www.facecorner.lv\\\/#organization\",\"name\":\"Facecorner\",\"url\":\"https:\\\/\\\/www.facecorner.lv\\\/\",\"logo\":{\"@type\":\"ImageObject\",\"inLanguage\":\"en-US\",\"@id\":\"https:\\\/\\\/www.facecorner.lv\\\/#\\\/schema\\\/logo\\\/image\\\/\",\"url\":\"https:\\\/\\\/www.facecorner.lv\\\/wp-content\\\/uploads\\\/2024\\\/04\\\/fc-logo.jpg\",\"contentUrl\":\"https:\\\/\\\/www.facecorner.lv\\\/wp-content\\\/uploads\\\/2024\\\/04\\\/fc-logo.jpg\",\"width\":174,\"height\":28,\"caption\":\"Facecorner\"},\"image\":{\"@id\":\"https:\\\/\\\/www.facecorner.lv\\\/#\\\/schema\\\/logo\\\/image\\\/\"},\"sameAs\":[\"https:\\\/\\\/www.facebook.com\\\/profile.php?id=100063824551839\",\"https:\\\/\\\/www.instagram.com\\\/facecorner_shop\\\/\"]}]}<\/script>\n<meta property=\"product:price:amount\" content=\"28.00\" \/>\n<meta property=\"product:price:currency\" content=\"EUR\" \/>\n<meta property=\"og:availability\" content=\"out of stock\" \/>\n<meta property=\"product:availability\" content=\"out of stock\" \/>\n<meta property=\"product:condition\" content=\"new\" \/>\n<!-- \/ Yoast SEO plugin. -->","yoast_head_json":{"title":"Medicube Zero Pore Blackhead Mud Mask 100g - FACECORNER","description":"Medicube Zero Pore Blackhead Mud Mask r\u016bp\u0113jas par por\u0101m, pal\u012bdz t\u0101s sa\u0161aurin\u0101t un uztur \u0101du gludu un mat\u0113tu.Maska efekt\u012bvi absorb\u0113 lieko sebumu","robots":{"index":"index","follow":"follow","max-snippet":"max-snippet:-1","max-image-preview":"max-image-preview:large","max-video-preview":"max-video-preview:-1"},"canonical":"https:\/\/www.facecorner.lv\/en\/shop\/medicube-zero-pore-blackhead-mud-mask-100g\/","og_locale":"en_US","og_type":"article","og_title":"Medicube Zero Pore Blackhead Mud Mask 100g - FACECORNER","og_description":"Medicube Zero Pore Blackhead Mud Mask r\u016bp\u0113jas par por\u0101m, pal\u012bdz t\u0101s sa\u0161aurin\u0101t un uztur \u0101du gludu un mat\u0113tu.Maska efekt\u012bvi absorb\u0113 lieko sebumu","og_url":"https:\/\/www.facecorner.lv\/en\/shop\/medicube-zero-pore-blackhead-mud-mask-100g\/","og_site_name":"FACECORNER","article_publisher":"https:\/\/www.facebook.com\/profile.php?id=100063824551839","article_modified_time":"2026-03-10T19:29:53+00:00","og_image":[{"width":2000,"height":2000,"url":"https:\/\/www.facecorner.lv\/wp-content\/uploads\/2024\/11\/71MV5RNAL.jpg","type":"image\/jpeg"}],"twitter_card":"summary_large_image","twitter_misc":{"Price":"&euro;28.00","Availability":"Out of stock"},"schema":{"@context":"https:\/\/schema.org","@graph":[{"@type":"WebPage","@id":"https:\/\/www.facecorner.lv\/shop\/medicube-zero-pore-blackhead-mud-mask-100g\/","url":"https:\/\/www.facecorner.lv\/shop\/medicube-zero-pore-blackhead-mud-mask-100g\/","name":"Medicube Zero Pore Blackhead Mud Mask 100g - FACECORNER","isPartOf":{"@id":"https:\/\/www.facecorner.lv\/#website"},"primaryImageOfPage":{"@id":"https:\/\/www.facecorner.lv\/shop\/medicube-zero-pore-blackhead-mud-mask-100g\/#primaryimage"},"image":{"@id":"https:\/\/www.facecorner.lv\/shop\/medicube-zero-pore-blackhead-mud-mask-100g\/#primaryimage"},"thumbnailUrl":"https:\/\/www.facecorner.lv\/wp-content\/uploads\/2024\/11\/71MV5RNAL.jpg","datePublished":"2024-11-19T20:02:48+00:00","dateModified":"2026-03-10T19:29:53+00:00","description":"Medicube Zero Pore Blackhead Mud Mask r\u016bp\u0113jas par por\u0101m, pal\u012bdz t\u0101s sa\u0161aurin\u0101t un uztur \u0101du gludu un mat\u0113tu.Maska efekt\u012bvi absorb\u0113 lieko sebumu","breadcrumb":{"@id":"https:\/\/www.facecorner.lv\/shop\/medicube-zero-pore-blackhead-mud-mask-100g\/#breadcrumb"},"inLanguage":"en-US","potentialAction":[{"@type":"ReadAction","target":["https:\/\/www.facecorner.lv\/shop\/medicube-zero-pore-blackhead-mud-mask-100g\/"]}]},{"@type":"ImageObject","inLanguage":"en-US","@id":"https:\/\/www.facecorner.lv\/shop\/medicube-zero-pore-blackhead-mud-mask-100g\/#primaryimage","url":"https:\/\/www.facecorner.lv\/wp-content\/uploads\/2024\/11\/71MV5RNAL.jpg","contentUrl":"https:\/\/www.facecorner.lv\/wp-content\/uploads\/2024\/11\/71MV5RNAL.jpg","width":2000,"height":2000,"caption":"Version 1.0.0"},{"@type":"BreadcrumbList","@id":"https:\/\/www.facecorner.lv\/shop\/medicube-zero-pore-blackhead-mud-mask-100g\/#breadcrumb","itemListElement":[{"@type":"ListItem","position":1,"name":"Home","item":"https:\/\/www.facecorner.lv\/"},{"@type":"ListItem","position":2,"name":"Veikals","item":"https:\/\/www.facecorner.lv\/shop\/"},{"@type":"ListItem","position":3,"name":"Medicube Zero Pore Blackhead Mud Mask 100g"}]},{"@type":"WebSite","@id":"https:\/\/www.facecorner.lv\/#website","url":"https:\/\/www.facecorner.lv\/","name":"Facecorner","description":"","publisher":{"@id":"https:\/\/www.facecorner.lv\/#organization"},"potentialAction":[{"@type":"SearchAction","target":{"@type":"EntryPoint","urlTemplate":"https:\/\/www.facecorner.lv\/?s={search_term_string}"},"query-input":{"@type":"PropertyValueSpecification","valueRequired":true,"valueName":"search_term_string"}}],"inLanguage":"en-US"},{"@type":"Organization","@id":"https:\/\/www.facecorner.lv\/#organization","name":"Facecorner","url":"https:\/\/www.facecorner.lv\/","logo":{"@type":"ImageObject","inLanguage":"en-US","@id":"https:\/\/www.facecorner.lv\/#\/schema\/logo\/image\/","url":"https:\/\/www.facecorner.lv\/wp-content\/uploads\/2024\/04\/fc-logo.jpg","contentUrl":"https:\/\/www.facecorner.lv\/wp-content\/uploads\/2024\/04\/fc-logo.jpg","width":174,"height":28,"caption":"Facecorner"},"image":{"@id":"https:\/\/www.facecorner.lv\/#\/schema\/logo\/image\/"},"sameAs":["https:\/\/www.facebook.com\/profile.php?id=100063824551839","https:\/\/www.instagram.com\/facecorner_shop\/"]}]},"product_price_amount":"28.00","product_price_currency":"EUR","og_availability":"out of stock","product_availability":"out of stock","product_condition":"new"},"_links":{"self":[{"href":"https:\/\/www.facecorner.lv\/en\/wp-json\/wp\/v2\/product\/21576","targetHints":{"allow":["GET"]}}],"collection":[{"href":"https:\/\/www.facecorner.lv\/en\/wp-json\/wp\/v2\/product"}],"about":[{"href":"https:\/\/www.facecorner.lv\/en\/wp-json\/wp\/v2\/types\/product"}],"replies":[{"embeddable":true,"href":"https:\/\/www.facecorner.lv\/en\/wp-json\/wp\/v2\/comments?post=21576"}],"wp:featuredmedia":[{"embeddable":true,"href":"https:\/\/www.facecorner.lv\/en\/wp-json\/wp\/v2\/media\/21577"}],"wp:attachment":[{"href":"https:\/\/www.facecorner.lv\/en\/wp-json\/wp\/v2\/media?parent=21576"}],"wp:term":[{"taxonomy":"product_brand","embeddable":true,"href":"https:\/\/www.facecorner.lv\/en\/wp-json\/wp\/v2\/product_brand?post=21576"},{"taxonomy":"product_cat","embeddable":true,"href":"https:\/\/www.facecorner.lv\/en\/wp-json\/wp\/v2\/product_cat?post=21576"},{"taxonomy":"product_tag","embeddable":true,"href":"https:\/\/www.facecorner.lv\/en\/wp-json\/wp\/v2\/product_tag?post=21576"},{"taxonomy":"berocket_brand","embeddable":true,"href":"https:\/\/www.facecorner.lv\/en\/wp-json\/wp\/v2\/berocket_brand?post=21576"}],"curies":[{"name":"wp","href":"https:\/\/api.w.org\/{rel}","templated":true}]}}