{"id":21533,"date":"2024-11-15T15:18:56","date_gmt":"2024-11-15T12:18:56","guid":{"rendered":"https:\/\/www.facecorner.lv\/?post_type=product&#038;p=21533"},"modified":"2026-01-29T16:29:08","modified_gmt":"2026-01-29T13:29:08","slug":"k-secret-seoul-1988-serum-retinal-liposome-2-black-ginseng-30ml","status":"publish","type":"product","link":"https:\/\/www.facecorner.lv\/en\/shop\/k-secret-seoul-1988-serum-retinal-liposome-2-black-ginseng-30ml\/","title":{"rendered":"K-SECRET SEOUL 1988 SERUM : RETINAL LIPOSOME 2% + BLACK GINSENG 30ml"},"content":{"rendered":"<p>K-SECRET RETINAL LIPOSOME 2% + BLACK GINSENG pretnoveco\u0161an\u0101s serums, kas bag\u0101tin\u0101ts ar 2% t\u012bklenes liposom\u0101m c\u012b\u0146ai pret grumb\u0101m un pigment\u0101ciju un 58% meln\u0101 \u017ee\u0146\u0161e\u0146a ekstraktu ar antioksidantu, pretiekaisuma un kolag\u0113na stimul\u0113jo\u0161\u0101m \u012bpa\u0161\u012bb\u0101m.<\/p>\n<p>Pretnoveco\u0161an\u0101s serums, kas bag\u0101tin\u0101ts ar 2% t\u012bklenes liposom\u0101m un melno \u017ee\u0146\u0161e\u0146u, pie\u0161\u0137ir \u0101dai jaunekl\u012bgu, starojo\u0161u izskatu, vienlaikus uzlabojot \u0101das tekst\u016bru, mitrinot \u0101du un samazinot grumbas. Retinal Liposomes pal\u012bdz nov\u0113rst \u0101das noveco\u0161anos, piem\u0113ram, s\u012bk\u0101s l\u012bnijas, grumbas, nevienm\u0113r\u012bgu \u0101das toni un tekst\u016bru. Meln\u0101 \u017ee\u0146\u0161e\u0146a ekstraktam piem\u012bt antioksidantu \u012bpa\u0161\u012bbas, kas aizsarg\u0101 \u0101du.<\/p>\n<p>Nesatur izplat\u012btus alerg\u0113nus, skarbu spirtu, smar\u017evielas, e\u013c\u013cas, parab\u0113nus, sulf\u0101tus, silikonus un m\u0101ksl\u012bg\u0101s kr\u0101svielas.<\/p>\n<p>Grumbu kop\u0161anas l\u012bdzeklis ar gludu tekst\u016bru un \u0101tru uzs\u016bk\u0161anos.<\/p>\n<p><strong>Dermatologu p\u0101rbaud\u012bts, lai nov\u0113rstu \u0101das kairin\u0101jumu.<\/strong><\/p>\n<p><strong>How to use:<\/strong><\/p>\n<p>1. P\u0113c \u0101das att\u012br\u012b\u0161anas un toniz\u0113\u0161anas pirms gul\u0113tie\u0161anas uzkl\u0101jiet uz \u0101das nelielu zirn\u012b\u0161a lieluma daudzumu nakts \u0101das kop\u0161anas proced\u016bras laik\u0101.<\/p>\n<p>2. Maigi iemas\u0113jiet pa visu sejas \u0101du, l\u012bdz piln\u012bb\u0101 ies\u016bcas, p\u0113c tam uzkl\u0101jiet mitrino\u0161u l\u012bdzekli, lai nodro\u0161in\u0101tu optim\u0101lu \u0101das mitrin\u0101\u0161anu un baro\u0161anu.<\/p>\n<p><strong>Ingredientes:<\/strong>: Panax Ginseng Root Extract, Water, Glycerin, Dipropylene Glycol, Caprylic\/ Capric Triglyceride, 1,2-Hexanediol, Niacinamide, Butylene Glycol, Methyl Gluceth-20, Polyglyce- ryl-3 Methylglucose Distearate, Hydrogenated Lecithin, Sorbitan Stearate, Ammonium Acryloyl- dimethyltaurate\/VP Copolymer, Macadamia Ternifolia Seed Oil, Carbomer, Tromethamine, Betaine, Tocopherol, Ethylhexylglycerin, Helian- thus Annuus (Sunflower) Seed Oil, Adenosine, Disodium EDTA, Cholesterol, Polyglyceryl-10 Oleate, Brassica Campestris (Rapeseed) Sterols, Phytosteryl\/Behenyl\/Octyldodecyl Lauroyl Glutamate, Retinal, Silica, Aluminum\/Magnesium Hydroxide Stearate, Potassium Cetyl Phosphate, Pentaerythrityl Tetra-Di-T-Butyl Hydroxyhy- drocinnamate, Arctium Lappa Root Extract, Cnidium Officinale Root Extract, Dioscorea Japonica Root Extract, Paeonia Suffruticosa Root Extract, Rehmannia Chinensis Root Extract, 3-0-Ethyl Ascorbic Acid, Bakuchiol, SH-Oligopep- tide-1, SH-Oligopeptide-2, SH-Polypeptide-1<\/p>","protected":false},"excerpt":{"rendered":"<p>K-SECRET RETINAL LIPOSOME 2% + BLACK GINSENG pretnoveco\u0161an\u0101s serums, kas bag\u0101tin\u0101ts ar 2% t\u012bklenes liposom\u0101m c\u012b\u0146ai pret grumb\u0101m un pigment\u0101ciju un 58% meln\u0101 \u017ee\u0146\u0161e\u0146a ekstraktu ar antioksidantu, pretiekaisuma un kolag\u0113na stimul\u0113jo\u0161\u0101m \u012bpa\u0161\u012bb\u0101m.<\/p>","protected":false},"featured_media":21534,"comment_status":"closed","ping_status":"closed","template":"","meta":{"site-sidebar-layout":"default","site-content-layout":"","ast-site-content-layout":"default","site-content-style":"default","site-sidebar-style":"default","ast-global-header-display":"","ast-banner-title-visibility":"","ast-main-header-display":"","ast-hfb-above-header-display":"","ast-hfb-below-header-display":"","ast-hfb-mobile-header-display":"","site-post-title":"","ast-breadcrumbs-content":"","ast-featured-img":"","footer-sml-layout":"","theme-transparent-header-meta":"default","adv-header-id-meta":"","stick-header-meta":"","header-above-stick-meta":"","header-main-stick-meta":"","header-below-stick-meta":"","astra-migrate-meta-layouts":"set","ast-page-background-enabled":"default","ast-page-background-meta":{"desktop":{"background-color":"var(--ast-global-color-4)","background-image":"","background-repeat":"repeat","background-position":"center center","background-size":"auto","background-attachment":"scroll","background-type":"","background-media":"","overlay-type":"","overlay-color":"","overlay-opacity":"","overlay-gradient":""},"tablet":{"background-color":"","background-image":"","background-repeat":"repeat","background-position":"center center","background-size":"auto","background-attachment":"scroll","background-type":"","background-media":"","overlay-type":"","overlay-color":"","overlay-opacity":"","overlay-gradient":""},"mobile":{"background-color":"","background-image":"","background-repeat":"repeat","background-position":"center center","background-size":"auto","background-attachment":"scroll","background-type":"","background-media":"","overlay-type":"","overlay-color":"","overlay-opacity":"","overlay-gradient":""}},"ast-content-background-meta":{"desktop":{"background-color":"var(--ast-global-color-5)","background-image":"","background-repeat":"repeat","background-position":"center center","background-size":"auto","background-attachment":"scroll","background-type":"","background-media":"","overlay-type":"","overlay-color":"","overlay-opacity":"","overlay-gradient":""},"tablet":{"background-color":"var(--ast-global-color-5)","background-image":"","background-repeat":"repeat","background-position":"center center","background-size":"auto","background-attachment":"scroll","background-type":"","background-media":"","overlay-type":"","overlay-color":"","overlay-opacity":"","overlay-gradient":""},"mobile":{"background-color":"var(--ast-global-color-5)","background-image":"","background-repeat":"repeat","background-position":"center center","background-size":"auto","background-attachment":"scroll","background-type":"","background-media":"","overlay-type":"","overlay-color":"","overlay-opacity":"","overlay-gradient":""}}},"product_brand":[],"product_cat":[370,371,373,568,363],"product_tag":[],"berocket_brand":[628],"class_list":{"0":"post-21533","1":"product","2":"type-product","3":"status-publish","4":"has-post-thumbnail","6":"product_cat-adas-mirdzumam","7":"product_cat-anti-age","8":"product_cat-poras-sasaurinoss","9":"product_cat-retinols-komponenti","10":"product_cat-serumi","11":"berocket_brand-k-secret","12":"desktop-align-left","13":"tablet-align-left","14":"mobile-align-left","16":"first","17":"outofstock","18":"taxable","19":"shipping-taxable","20":"purchasable","21":"product-type-simple","22":"add-to-wishlist-before_image"},"yoast_head":"<!-- This site is optimized with the Yoast SEO plugin v27.4 - https:\/\/yoast.com\/product\/yoast-seo-wordpress\/ -->\n<title>K-SECRET SEOUL 1988 SERUM : RETINAL LIPOSOME 2% + BLACK GINSENG 30ml - FACECORNER<\/title>\n<meta name=\"description\" content=\"K-SECRET RETINAL LIPOSOME 2% + BLACK GINSENG pretnoveco\u0161an\u0101s serums, kas bag\u0101tin\u0101ts ar 2% t\u012bklenes liposom\u0101m c\u012b\u0146ai pret grumb\u0101m\" \/>\n<meta name=\"robots\" content=\"index, follow, max-snippet:-1, max-image-preview:large, max-video-preview:-1\" \/>\n<link rel=\"canonical\" href=\"https:\/\/www.facecorner.lv\/en\/shop\/k-secret-seoul-1988-serum-retinal-liposome-2-black-ginseng-30ml\/\" \/>\n<meta property=\"og:locale\" content=\"en_US\" \/>\n<meta property=\"og:type\" content=\"article\" \/>\n<meta property=\"og:title\" content=\"K-SECRET SEOUL 1988 SERUM : RETINAL LIPOSOME 2% + BLACK GINSENG 30ml - FACECORNER\" \/>\n<meta property=\"og:description\" content=\"K-SECRET RETINAL LIPOSOME 2% + BLACK GINSENG pretnoveco\u0161an\u0101s serums, kas bag\u0101tin\u0101ts ar 2% t\u012bklenes liposom\u0101m c\u012b\u0146ai pret grumb\u0101m\" \/>\n<meta property=\"og:url\" content=\"https:\/\/www.facecorner.lv\/en\/shop\/k-secret-seoul-1988-serum-retinal-liposome-2-black-ginseng-30ml\/\" \/>\n<meta property=\"og:site_name\" content=\"FACECORNER\" \/>\n<meta property=\"article:publisher\" content=\"https:\/\/www.facebook.com\/profile.php?id=100063824551839\" \/>\n<meta property=\"article:modified_time\" content=\"2026-01-29T13:29:08+00:00\" \/>\n<meta property=\"og:image\" content=\"https:\/\/www.facecorner.lv\/wp-content\/uploads\/2024\/11\/XL_p0204412825.webp\" \/>\n\t<meta property=\"og:image:width\" content=\"500\" \/>\n\t<meta property=\"og:image:height\" content=\"500\" \/>\n\t<meta property=\"og:image:type\" content=\"image\/webp\" \/>\n<meta name=\"twitter:card\" content=\"summary_large_image\" \/>\n<meta name=\"twitter:label1\" content=\"Price\" \/>\n\t<meta name=\"twitter:data1\" content=\"&euro;32.00\" \/>\n\t<meta name=\"twitter:label2\" content=\"Availability\" \/>\n\t<meta name=\"twitter:data2\" content=\"Out of stock\" \/>\n<script type=\"application\/ld+json\" class=\"yoast-schema-graph\">{\"@context\":\"https:\\\/\\\/schema.org\",\"@graph\":[{\"@type\":\"WebPage\",\"@id\":\"https:\\\/\\\/www.facecorner.lv\\\/shop\\\/k-secret-seoul-1988-serum-retinal-liposome-2-black-ginseng-30ml\\\/\",\"url\":\"https:\\\/\\\/www.facecorner.lv\\\/shop\\\/k-secret-seoul-1988-serum-retinal-liposome-2-black-ginseng-30ml\\\/\",\"name\":\"K-SECRET SEOUL 1988 SERUM : RETINAL LIPOSOME 2% + BLACK GINSENG 30ml - FACECORNER\",\"isPartOf\":{\"@id\":\"https:\\\/\\\/www.facecorner.lv\\\/#website\"},\"primaryImageOfPage\":{\"@id\":\"https:\\\/\\\/www.facecorner.lv\\\/shop\\\/k-secret-seoul-1988-serum-retinal-liposome-2-black-ginseng-30ml\\\/#primaryimage\"},\"image\":{\"@id\":\"https:\\\/\\\/www.facecorner.lv\\\/shop\\\/k-secret-seoul-1988-serum-retinal-liposome-2-black-ginseng-30ml\\\/#primaryimage\"},\"thumbnailUrl\":\"https:\\\/\\\/www.facecorner.lv\\\/wp-content\\\/uploads\\\/2024\\\/11\\\/XL_p0204412825.webp\",\"datePublished\":\"2024-11-15T12:18:56+00:00\",\"dateModified\":\"2026-01-29T13:29:08+00:00\",\"description\":\"K-SECRET RETINAL LIPOSOME 2% + BLACK GINSENG pretnoveco\u0161an\u0101s serums, kas bag\u0101tin\u0101ts ar 2% t\u012bklenes liposom\u0101m c\u012b\u0146ai pret grumb\u0101m\",\"breadcrumb\":{\"@id\":\"https:\\\/\\\/www.facecorner.lv\\\/shop\\\/k-secret-seoul-1988-serum-retinal-liposome-2-black-ginseng-30ml\\\/#breadcrumb\"},\"inLanguage\":\"en-US\",\"potentialAction\":[{\"@type\":\"ReadAction\",\"target\":[\"https:\\\/\\\/www.facecorner.lv\\\/shop\\\/k-secret-seoul-1988-serum-retinal-liposome-2-black-ginseng-30ml\\\/\"]}]},{\"@type\":\"ImageObject\",\"inLanguage\":\"en-US\",\"@id\":\"https:\\\/\\\/www.facecorner.lv\\\/shop\\\/k-secret-seoul-1988-serum-retinal-liposome-2-black-ginseng-30ml\\\/#primaryimage\",\"url\":\"https:\\\/\\\/www.facecorner.lv\\\/wp-content\\\/uploads\\\/2024\\\/11\\\/XL_p0204412825.webp\",\"contentUrl\":\"https:\\\/\\\/www.facecorner.lv\\\/wp-content\\\/uploads\\\/2024\\\/11\\\/XL_p0204412825.webp\",\"width\":500,\"height\":500,\"caption\":\"K-SECRET SEOUL 1988 SERUM : RETINAL LIPOSOME 2% + BLACK GINSENG\"},{\"@type\":\"BreadcrumbList\",\"@id\":\"https:\\\/\\\/www.facecorner.lv\\\/shop\\\/k-secret-seoul-1988-serum-retinal-liposome-2-black-ginseng-30ml\\\/#breadcrumb\",\"itemListElement\":[{\"@type\":\"ListItem\",\"position\":1,\"name\":\"Home\",\"item\":\"https:\\\/\\\/www.facecorner.lv\\\/\"},{\"@type\":\"ListItem\",\"position\":2,\"name\":\"Veikals\",\"item\":\"https:\\\/\\\/www.facecorner.lv\\\/shop\\\/\"},{\"@type\":\"ListItem\",\"position\":3,\"name\":\"K-SECRET SEOUL 1988 SERUM : RETINAL LIPOSOME 2% + BLACK GINSENG 30ml\"}]},{\"@type\":\"WebSite\",\"@id\":\"https:\\\/\\\/www.facecorner.lv\\\/#website\",\"url\":\"https:\\\/\\\/www.facecorner.lv\\\/\",\"name\":\"Facecorner\",\"description\":\"\",\"publisher\":{\"@id\":\"https:\\\/\\\/www.facecorner.lv\\\/#organization\"},\"potentialAction\":[{\"@type\":\"SearchAction\",\"target\":{\"@type\":\"EntryPoint\",\"urlTemplate\":\"https:\\\/\\\/www.facecorner.lv\\\/?s={search_term_string}\"},\"query-input\":{\"@type\":\"PropertyValueSpecification\",\"valueRequired\":true,\"valueName\":\"search_term_string\"}}],\"inLanguage\":\"en-US\"},{\"@type\":\"Organization\",\"@id\":\"https:\\\/\\\/www.facecorner.lv\\\/#organization\",\"name\":\"Facecorner\",\"url\":\"https:\\\/\\\/www.facecorner.lv\\\/\",\"logo\":{\"@type\":\"ImageObject\",\"inLanguage\":\"en-US\",\"@id\":\"https:\\\/\\\/www.facecorner.lv\\\/#\\\/schema\\\/logo\\\/image\\\/\",\"url\":\"https:\\\/\\\/www.facecorner.lv\\\/wp-content\\\/uploads\\\/2024\\\/04\\\/fc-logo.jpg\",\"contentUrl\":\"https:\\\/\\\/www.facecorner.lv\\\/wp-content\\\/uploads\\\/2024\\\/04\\\/fc-logo.jpg\",\"width\":174,\"height\":28,\"caption\":\"Facecorner\"},\"image\":{\"@id\":\"https:\\\/\\\/www.facecorner.lv\\\/#\\\/schema\\\/logo\\\/image\\\/\"},\"sameAs\":[\"https:\\\/\\\/www.facebook.com\\\/profile.php?id=100063824551839\",\"https:\\\/\\\/www.instagram.com\\\/facecorner_shop\\\/\"]}]}<\/script>\n<meta property=\"product:price:amount\" content=\"32.00\" \/>\n<meta property=\"product:price:currency\" content=\"EUR\" \/>\n<meta property=\"og:availability\" content=\"out of stock\" \/>\n<meta property=\"product:availability\" content=\"out of stock\" \/>\n<meta property=\"product:condition\" content=\"new\" \/>\n<!-- \/ Yoast SEO plugin. -->","yoast_head_json":{"title":"K-SECRET SEOUL 1988 SERUM : RETINAL LIPOSOME 2% + BLACK GINSENG 30ml - FACECORNER","description":"K-SECRET RETINAL LIPOSOME 2% + BLACK GINSENG pretnoveco\u0161an\u0101s serums, kas bag\u0101tin\u0101ts ar 2% t\u012bklenes liposom\u0101m c\u012b\u0146ai pret grumb\u0101m","robots":{"index":"index","follow":"follow","max-snippet":"max-snippet:-1","max-image-preview":"max-image-preview:large","max-video-preview":"max-video-preview:-1"},"canonical":"https:\/\/www.facecorner.lv\/en\/shop\/k-secret-seoul-1988-serum-retinal-liposome-2-black-ginseng-30ml\/","og_locale":"en_US","og_type":"article","og_title":"K-SECRET SEOUL 1988 SERUM : RETINAL LIPOSOME 2% + BLACK GINSENG 30ml - FACECORNER","og_description":"K-SECRET RETINAL LIPOSOME 2% + BLACK GINSENG pretnoveco\u0161an\u0101s serums, kas bag\u0101tin\u0101ts ar 2% t\u012bklenes liposom\u0101m c\u012b\u0146ai pret grumb\u0101m","og_url":"https:\/\/www.facecorner.lv\/en\/shop\/k-secret-seoul-1988-serum-retinal-liposome-2-black-ginseng-30ml\/","og_site_name":"FACECORNER","article_publisher":"https:\/\/www.facebook.com\/profile.php?id=100063824551839","article_modified_time":"2026-01-29T13:29:08+00:00","og_image":[{"width":500,"height":500,"url":"https:\/\/www.facecorner.lv\/wp-content\/uploads\/2024\/11\/XL_p0204412825.webp","type":"image\/webp"}],"twitter_card":"summary_large_image","twitter_misc":{"Price":"&euro;32.00","Availability":"Out of stock"},"schema":{"@context":"https:\/\/schema.org","@graph":[{"@type":"WebPage","@id":"https:\/\/www.facecorner.lv\/shop\/k-secret-seoul-1988-serum-retinal-liposome-2-black-ginseng-30ml\/","url":"https:\/\/www.facecorner.lv\/shop\/k-secret-seoul-1988-serum-retinal-liposome-2-black-ginseng-30ml\/","name":"K-SECRET SEOUL 1988 SERUM : RETINAL LIPOSOME 2% + BLACK GINSENG 30ml - FACECORNER","isPartOf":{"@id":"https:\/\/www.facecorner.lv\/#website"},"primaryImageOfPage":{"@id":"https:\/\/www.facecorner.lv\/shop\/k-secret-seoul-1988-serum-retinal-liposome-2-black-ginseng-30ml\/#primaryimage"},"image":{"@id":"https:\/\/www.facecorner.lv\/shop\/k-secret-seoul-1988-serum-retinal-liposome-2-black-ginseng-30ml\/#primaryimage"},"thumbnailUrl":"https:\/\/www.facecorner.lv\/wp-content\/uploads\/2024\/11\/XL_p0204412825.webp","datePublished":"2024-11-15T12:18:56+00:00","dateModified":"2026-01-29T13:29:08+00:00","description":"K-SECRET RETINAL LIPOSOME 2% + BLACK GINSENG pretnoveco\u0161an\u0101s serums, kas bag\u0101tin\u0101ts ar 2% t\u012bklenes liposom\u0101m c\u012b\u0146ai pret grumb\u0101m","breadcrumb":{"@id":"https:\/\/www.facecorner.lv\/shop\/k-secret-seoul-1988-serum-retinal-liposome-2-black-ginseng-30ml\/#breadcrumb"},"inLanguage":"en-US","potentialAction":[{"@type":"ReadAction","target":["https:\/\/www.facecorner.lv\/shop\/k-secret-seoul-1988-serum-retinal-liposome-2-black-ginseng-30ml\/"]}]},{"@type":"ImageObject","inLanguage":"en-US","@id":"https:\/\/www.facecorner.lv\/shop\/k-secret-seoul-1988-serum-retinal-liposome-2-black-ginseng-30ml\/#primaryimage","url":"https:\/\/www.facecorner.lv\/wp-content\/uploads\/2024\/11\/XL_p0204412825.webp","contentUrl":"https:\/\/www.facecorner.lv\/wp-content\/uploads\/2024\/11\/XL_p0204412825.webp","width":500,"height":500,"caption":"K-SECRET SEOUL 1988 SERUM : RETINAL LIPOSOME 2% + BLACK GINSENG"},{"@type":"BreadcrumbList","@id":"https:\/\/www.facecorner.lv\/shop\/k-secret-seoul-1988-serum-retinal-liposome-2-black-ginseng-30ml\/#breadcrumb","itemListElement":[{"@type":"ListItem","position":1,"name":"Home","item":"https:\/\/www.facecorner.lv\/"},{"@type":"ListItem","position":2,"name":"Veikals","item":"https:\/\/www.facecorner.lv\/shop\/"},{"@type":"ListItem","position":3,"name":"K-SECRET SEOUL 1988 SERUM : RETINAL LIPOSOME 2% + BLACK GINSENG 30ml"}]},{"@type":"WebSite","@id":"https:\/\/www.facecorner.lv\/#website","url":"https:\/\/www.facecorner.lv\/","name":"Facecorner","description":"","publisher":{"@id":"https:\/\/www.facecorner.lv\/#organization"},"potentialAction":[{"@type":"SearchAction","target":{"@type":"EntryPoint","urlTemplate":"https:\/\/www.facecorner.lv\/?s={search_term_string}"},"query-input":{"@type":"PropertyValueSpecification","valueRequired":true,"valueName":"search_term_string"}}],"inLanguage":"en-US"},{"@type":"Organization","@id":"https:\/\/www.facecorner.lv\/#organization","name":"Facecorner","url":"https:\/\/www.facecorner.lv\/","logo":{"@type":"ImageObject","inLanguage":"en-US","@id":"https:\/\/www.facecorner.lv\/#\/schema\/logo\/image\/","url":"https:\/\/www.facecorner.lv\/wp-content\/uploads\/2024\/04\/fc-logo.jpg","contentUrl":"https:\/\/www.facecorner.lv\/wp-content\/uploads\/2024\/04\/fc-logo.jpg","width":174,"height":28,"caption":"Facecorner"},"image":{"@id":"https:\/\/www.facecorner.lv\/#\/schema\/logo\/image\/"},"sameAs":["https:\/\/www.facebook.com\/profile.php?id=100063824551839","https:\/\/www.instagram.com\/facecorner_shop\/"]}]},"product_price_amount":"32.00","product_price_currency":"EUR","og_availability":"out of stock","product_availability":"out of stock","product_condition":"new"},"_links":{"self":[{"href":"https:\/\/www.facecorner.lv\/en\/wp-json\/wp\/v2\/product\/21533","targetHints":{"allow":["GET"]}}],"collection":[{"href":"https:\/\/www.facecorner.lv\/en\/wp-json\/wp\/v2\/product"}],"about":[{"href":"https:\/\/www.facecorner.lv\/en\/wp-json\/wp\/v2\/types\/product"}],"replies":[{"embeddable":true,"href":"https:\/\/www.facecorner.lv\/en\/wp-json\/wp\/v2\/comments?post=21533"}],"wp:featuredmedia":[{"embeddable":true,"href":"https:\/\/www.facecorner.lv\/en\/wp-json\/wp\/v2\/media\/21534"}],"wp:attachment":[{"href":"https:\/\/www.facecorner.lv\/en\/wp-json\/wp\/v2\/media?parent=21533"}],"wp:term":[{"taxonomy":"product_brand","embeddable":true,"href":"https:\/\/www.facecorner.lv\/en\/wp-json\/wp\/v2\/product_brand?post=21533"},{"taxonomy":"product_cat","embeddable":true,"href":"https:\/\/www.facecorner.lv\/en\/wp-json\/wp\/v2\/product_cat?post=21533"},{"taxonomy":"product_tag","embeddable":true,"href":"https:\/\/www.facecorner.lv\/en\/wp-json\/wp\/v2\/product_tag?post=21533"},{"taxonomy":"berocket_brand","embeddable":true,"href":"https:\/\/www.facecorner.lv\/en\/wp-json\/wp\/v2\/berocket_brand?post=21533"}],"curies":[{"name":"wp","href":"https:\/\/api.w.org\/{rel}","templated":true}]}}