{"id":21527,"date":"2024-11-15T14:29:55","date_gmt":"2024-11-15T11:29:55","guid":{"rendered":"https:\/\/www.facecorner.lv\/?post_type=product&#038;p=21527"},"modified":"2025-12-12T20:00:13","modified_gmt":"2025-12-12T17:00:13","slug":"tirtir-collagen-lifting-eye-cream-15ml","status":"publish","type":"product","link":"https:\/\/www.facecorner.lv\/en\/shop\/tirtir-collagen-lifting-eye-cream-15ml\/","title":{"rendered":"TIRTIR Collagen Lifting Eye Cream 15ml"},"content":{"rendered":"<p>TIRTIR Collagen Lifting Eye Cream pretnoveco\u0161an\u0101s acu kr\u0113ms ar mas\u0101\u017eas rull\u012b\u0161a aplikatoru ar liftinga efektu, kura pamat\u0101 ir augu kolag\u0113na, 5 veidu pept\u012bdu, niacinam\u012bda un 3 veidu augu hidrolatu (rooibos, rozmar\u012bns, hibiskus) komplekss, sp\u0113c\u012bgi izl\u012bdzina grumbas, stiprina maig\u0101s \u0101das zem ac\u012bm elast\u012bbu un tvirtumu, pal\u012bdz samazin\u0101t piet\u016bkumu un nov\u0113rst tum\u0161os lokus zem ac\u012bm.<\/p>\n<p>Kr\u0113ms ar liftinga efektu lieliski baro un mitrina \u0101du, uzlabojot t\u0101s izskatu un atjauninot to no iek\u0161puses, veicina dabisk\u0101 kolag\u0113na veido\u0161anos \u0101das \u0161\u016bn\u0101s,<br \/>\nmitrina un toniz\u0113 \u0101du, paildzina t\u0101s jaun\u012bbu, pal\u012bdz atbr\u012bvoties no \u201ck\u0101pur\u0137\u0113d\u0113m\u201d, likvid\u0113 s\u012bk\u0101s l\u012bnijas un grumbi\u0146as, pal\u012bdz nov\u0113rst piet\u016bkumu un sl\u0113pj miega tr\u016bkuma p\u0113das.<\/p>\n<p>Pateicoties met\u0101la lod\u012btes formas rull\u012b\u0161a aplikatoram, kr\u0113mam ir atv\u0113sino\u0161a iedarb\u012bba, tas ir viegli lietojams, k\u0101 ar\u012b veicina v\u0113l \u0101tr\u0101ku un dzi\u013c\u0101ku akt\u012bvo sast\u0101vda\u013cu iek\u013c\u016b\u0161anu \u0101d\u0101.<\/p>\n<p><strong>Lieto\u0161\u0101na<\/strong> : Nelielu daudzumu uzkl\u0101jiet uz acu zonas pirms galven\u0101 sejas kr\u0113ma uzkl\u0101\u0161anas.<br \/>\nProdukta pielietojums ir daudzfunkcion\u0101ls. To var lietot ne tikai zem ac\u012bm, bet ar\u012b uz cit\u0101m sejas un kakla da\u013c\u0101m, kas pak\u013cautas \u0101das boj\u0101jumiem un grumbi\u0146\u0101m.<br \/>\nRa\u017eot\u0101ji iesaka kr\u0113mu uzglab\u0101t ledusskap\u012b, lai pan\u0101ktu izteikt\u0101ku atv\u0113sino\u0161o efektu.<\/p>\n<p><strong>Uzglab\u0101\u0161anas noteikumi:<\/strong> p\u0113c uzkl\u0101\u0161anas ieteicams noslauc\u012bt rull\u012bti.<\/p>\n<p><strong>Ingredientes:<\/strong> Water, Glycerin, Butylene Glycol, 1,2-Hexanediol, Caprylic\/Capric Triglyceride, Dipropylene Glycol, Hydrogenated Poly(C6-14 Olefin), Niacinamide, Methyl Trimethicone, C12-16 Alcohols, Persea Gratissima (Avocado) Oil, Chlorella Vulgaris Extract, Collagen, Hydrolyzed Corn Starch, Leuconostoc\/Radish Root Ferment Filtrate, Theobroma Cacao (Cocoa) Seed Extract, Rosmarinus Officinalis (Rosemary) Leaf Water, Aspalathus Linearis Leaf Extract, Hibiscus Sabdariffa Flower Extract, Caprylic\/Capric\/Myristic\/Stearic Triglyceride, Squalane, Palmitic Acid, Hydrogenated Lecithin, Glucose, Sodium Acrylate\/Sodium Acryloyldimethyl Taurate Copolymer, Hydroxyacetophenone, Polyisobutene, Fructooligosaccharides, Fructose, Glyceryl Stearate, Panthenol, Pentaerythrityl Distearate, Sodium Polyacrylate, Hydroxyethyl Acrylate\/Sodium Acryloyldimethyl Taurate Copolymer, Ethylhexylglycerin, Dipotassium Glycyrrhizate, Adenosine, Sodium Phytate, Caprylyl\/Capryl Glucoside, Sorbitan Oleate, Sucrose, Dextrin, Ascorbic Acid Polypeptide, Methylpropanediol, Tocopherol, Dipeptide Diaminobutyroyl Benzylamide Diacetate, Palmitoyl Tripeptide-5, Polysorbate 20, Palmitoyl Tripeptide-1, Palmitoyl Tetrapeptide-7, Cetearyl Alcohol, Stearyl Alcohol, Cetyl Alcohol, Xanthan Gum, Myristyl Alcohol, Lauryl Alcohol, Carbomer, Fragrance(Parfum)<\/p>","protected":false},"excerpt":{"rendered":"<p>TIRTIR Collagen Lifting Eye Cream pretnoveco\u0161an\u0101s acu kr\u0113ms ar mas\u0101\u017eas rull\u012b\u0161a aplikatoru ar liftinga efektu, kura pamat\u0101 ir augu kolag\u0113na, 5 veidu pept\u012bdu, niacinam\u012bda un 3 veidu augu hidrolatu (rooibos, rozmar\u012bns, hibiskus) komplekss, sp\u0113c\u012bgi izl\u012bdzina grumbas, stiprina maig\u0101s \u0101das zem ac\u012bm elast\u012bbu un tvirtumu, pal\u012bdz samazin\u0101t piet\u016bkumu un nov\u0113rst tum\u0161os lokus zem ac\u012bm.<\/p>","protected":false},"featured_media":21528,"comment_status":"open","ping_status":"closed","template":"","meta":{"site-sidebar-layout":"default","site-content-layout":"","ast-site-content-layout":"","site-content-style":"default","site-sidebar-style":"default","ast-global-header-display":"","ast-banner-title-visibility":"","ast-main-header-display":"","ast-hfb-above-header-display":"","ast-hfb-below-header-display":"","ast-hfb-mobile-header-display":"","site-post-title":"","ast-breadcrumbs-content":"","ast-featured-img":"","footer-sml-layout":"","theme-transparent-header-meta":"","adv-header-id-meta":"","stick-header-meta":"","header-above-stick-meta":"","header-main-stick-meta":"","header-below-stick-meta":"","astra-migrate-meta-layouts":"default","ast-page-background-enabled":"default","ast-page-background-meta":{"desktop":{"background-color":"var(--ast-global-color-4)","background-image":"","background-repeat":"repeat","background-position":"center center","background-size":"auto","background-attachment":"scroll","background-type":"","background-media":"","overlay-type":"","overlay-color":"","overlay-opacity":"","overlay-gradient":""},"tablet":{"background-color":"","background-image":"","background-repeat":"repeat","background-position":"center center","background-size":"auto","background-attachment":"scroll","background-type":"","background-media":"","overlay-type":"","overlay-color":"","overlay-opacity":"","overlay-gradient":""},"mobile":{"background-color":"","background-image":"","background-repeat":"repeat","background-position":"center center","background-size":"auto","background-attachment":"scroll","background-type":"","background-media":"","overlay-type":"","overlay-color":"","overlay-opacity":"","overlay-gradient":""}},"ast-content-background-meta":{"desktop":{"background-color":"var(--ast-global-color-5)","background-image":"","background-repeat":"repeat","background-position":"center center","background-size":"auto","background-attachment":"scroll","background-type":"","background-media":"","overlay-type":"","overlay-color":"","overlay-opacity":"","overlay-gradient":""},"tablet":{"background-color":"var(--ast-global-color-5)","background-image":"","background-repeat":"repeat","background-position":"center center","background-size":"auto","background-attachment":"scroll","background-type":"","background-media":"","overlay-type":"","overlay-color":"","overlay-opacity":"","overlay-gradient":""},"mobile":{"background-color":"var(--ast-global-color-5)","background-image":"","background-repeat":"repeat","background-position":"center center","background-size":"auto","background-attachment":"scroll","background-type":"","background-media":"","overlay-type":"","overlay-color":"","overlay-opacity":"","overlay-gradient":""}}},"product_brand":[],"product_cat":[308,511],"product_tag":[],"berocket_brand":[584],"class_list":{"0":"post-21527","1":"product","2":"type-product","3":"status-publish","4":"has-post-thumbnail","6":"product_cat-acu-krems","7":"product_cat-atlaides","8":"berocket_brand-tirtir","9":"desktop-align-left","10":"tablet-align-left","11":"mobile-align-left","13":"first","14":"outofstock","15":"sale","16":"taxable","17":"shipping-taxable","18":"purchasable","19":"product-type-simple","20":"add-to-wishlist-before_image"},"yoast_head":"<!-- This site is optimized with the Yoast SEO plugin v27.4 - https:\/\/yoast.com\/product\/yoast-seo-wordpress\/ -->\n<title>TIRTIR Collagen Lifting Eye Cream 15ml - FACECORNER<\/title>\n<meta name=\"description\" content=\"TIRTIR Collagen Lifting Eye Cream pretnoveco\u0161an\u0101s acu kr\u0113ms ar mas\u0101\u017eas rull\u012b\u0161a aplikatoru ar liftinga efektu, kura pamat\u0101 ir augu kolag\u0113na, 5 veidu pept\u012bdu\" \/>\n<meta name=\"robots\" content=\"index, follow, max-snippet:-1, max-image-preview:large, max-video-preview:-1\" \/>\n<link rel=\"canonical\" href=\"https:\/\/www.facecorner.lv\/en\/shop\/tirtir-collagen-lifting-eye-cream-15ml\/\" \/>\n<meta property=\"og:locale\" content=\"en_US\" \/>\n<meta property=\"og:type\" content=\"article\" \/>\n<meta property=\"og:title\" content=\"TIRTIR Collagen Lifting Eye Cream 15ml - FACECORNER\" \/>\n<meta property=\"og:description\" content=\"TIRTIR Collagen Lifting Eye Cream pretnoveco\u0161an\u0101s acu kr\u0113ms ar mas\u0101\u017eas rull\u012b\u0161a aplikatoru ar liftinga efektu, kura pamat\u0101 ir augu kolag\u0113na, 5 veidu pept\u012bdu\" \/>\n<meta property=\"og:url\" content=\"https:\/\/www.facecorner.lv\/en\/shop\/tirtir-collagen-lifting-eye-cream-15ml\/\" \/>\n<meta property=\"og:site_name\" content=\"FACECORNER\" \/>\n<meta property=\"article:publisher\" content=\"https:\/\/www.facebook.com\/profile.php?id=100063824551839\" \/>\n<meta property=\"article:modified_time\" content=\"2025-12-12T17:00:13+00:00\" \/>\n<meta property=\"og:image\" content=\"https:\/\/www.facecorner.lv\/wp-content\/uploads\/2024\/11\/TIRTIRCollagenLiftingEyeCreampaakiukremas.webp\" \/>\n\t<meta property=\"og:image:width\" content=\"1100\" \/>\n\t<meta property=\"og:image:height\" content=\"1100\" \/>\n\t<meta property=\"og:image:type\" content=\"image\/webp\" \/>\n<meta name=\"twitter:card\" content=\"summary_large_image\" \/>\n<meta name=\"twitter:label1\" content=\"Price\" \/>\n\t<meta name=\"twitter:data1\" content=\"&euro;27.60\" \/>\n\t<meta name=\"twitter:label2\" content=\"Availability\" \/>\n\t<meta name=\"twitter:data2\" content=\"Out of stock\" \/>\n<script type=\"application\/ld+json\" class=\"yoast-schema-graph\">{\"@context\":\"https:\\\/\\\/schema.org\",\"@graph\":[{\"@type\":\"WebPage\",\"@id\":\"https:\\\/\\\/www.facecorner.lv\\\/shop\\\/tirtir-collagen-lifting-eye-cream-15ml\\\/\",\"url\":\"https:\\\/\\\/www.facecorner.lv\\\/shop\\\/tirtir-collagen-lifting-eye-cream-15ml\\\/\",\"name\":\"TIRTIR Collagen Lifting Eye Cream 15ml - FACECORNER\",\"isPartOf\":{\"@id\":\"https:\\\/\\\/www.facecorner.lv\\\/#website\"},\"primaryImageOfPage\":{\"@id\":\"https:\\\/\\\/www.facecorner.lv\\\/shop\\\/tirtir-collagen-lifting-eye-cream-15ml\\\/#primaryimage\"},\"image\":{\"@id\":\"https:\\\/\\\/www.facecorner.lv\\\/shop\\\/tirtir-collagen-lifting-eye-cream-15ml\\\/#primaryimage\"},\"thumbnailUrl\":\"https:\\\/\\\/www.facecorner.lv\\\/wp-content\\\/uploads\\\/2024\\\/11\\\/TIRTIRCollagenLiftingEyeCreampaakiukremas.webp\",\"datePublished\":\"2024-11-15T11:29:55+00:00\",\"dateModified\":\"2025-12-12T17:00:13+00:00\",\"description\":\"TIRTIR Collagen Lifting Eye Cream pretnoveco\u0161an\u0101s acu kr\u0113ms ar mas\u0101\u017eas rull\u012b\u0161a aplikatoru ar liftinga efektu, kura pamat\u0101 ir augu kolag\u0113na, 5 veidu pept\u012bdu\",\"breadcrumb\":{\"@id\":\"https:\\\/\\\/www.facecorner.lv\\\/shop\\\/tirtir-collagen-lifting-eye-cream-15ml\\\/#breadcrumb\"},\"inLanguage\":\"en-US\",\"potentialAction\":[{\"@type\":\"ReadAction\",\"target\":[\"https:\\\/\\\/www.facecorner.lv\\\/shop\\\/tirtir-collagen-lifting-eye-cream-15ml\\\/\"]}]},{\"@type\":\"ImageObject\",\"inLanguage\":\"en-US\",\"@id\":\"https:\\\/\\\/www.facecorner.lv\\\/shop\\\/tirtir-collagen-lifting-eye-cream-15ml\\\/#primaryimage\",\"url\":\"https:\\\/\\\/www.facecorner.lv\\\/wp-content\\\/uploads\\\/2024\\\/11\\\/TIRTIRCollagenLiftingEyeCreampaakiukremas.webp\",\"contentUrl\":\"https:\\\/\\\/www.facecorner.lv\\\/wp-content\\\/uploads\\\/2024\\\/11\\\/TIRTIRCollagenLiftingEyeCreampaakiukremas.webp\",\"width\":1100,\"height\":1100,\"caption\":\"TIRTIR Collagen Lifting Eye Cream 15\"},{\"@type\":\"BreadcrumbList\",\"@id\":\"https:\\\/\\\/www.facecorner.lv\\\/shop\\\/tirtir-collagen-lifting-eye-cream-15ml\\\/#breadcrumb\",\"itemListElement\":[{\"@type\":\"ListItem\",\"position\":1,\"name\":\"Home\",\"item\":\"https:\\\/\\\/www.facecorner.lv\\\/\"},{\"@type\":\"ListItem\",\"position\":2,\"name\":\"Veikals\",\"item\":\"https:\\\/\\\/www.facecorner.lv\\\/shop\\\/\"},{\"@type\":\"ListItem\",\"position\":3,\"name\":\"TIRTIR Collagen Lifting Eye Cream 15ml\"}]},{\"@type\":\"WebSite\",\"@id\":\"https:\\\/\\\/www.facecorner.lv\\\/#website\",\"url\":\"https:\\\/\\\/www.facecorner.lv\\\/\",\"name\":\"Facecorner\",\"description\":\"\",\"publisher\":{\"@id\":\"https:\\\/\\\/www.facecorner.lv\\\/#organization\"},\"potentialAction\":[{\"@type\":\"SearchAction\",\"target\":{\"@type\":\"EntryPoint\",\"urlTemplate\":\"https:\\\/\\\/www.facecorner.lv\\\/?s={search_term_string}\"},\"query-input\":{\"@type\":\"PropertyValueSpecification\",\"valueRequired\":true,\"valueName\":\"search_term_string\"}}],\"inLanguage\":\"en-US\"},{\"@type\":\"Organization\",\"@id\":\"https:\\\/\\\/www.facecorner.lv\\\/#organization\",\"name\":\"Facecorner\",\"url\":\"https:\\\/\\\/www.facecorner.lv\\\/\",\"logo\":{\"@type\":\"ImageObject\",\"inLanguage\":\"en-US\",\"@id\":\"https:\\\/\\\/www.facecorner.lv\\\/#\\\/schema\\\/logo\\\/image\\\/\",\"url\":\"https:\\\/\\\/www.facecorner.lv\\\/wp-content\\\/uploads\\\/2024\\\/04\\\/fc-logo.jpg\",\"contentUrl\":\"https:\\\/\\\/www.facecorner.lv\\\/wp-content\\\/uploads\\\/2024\\\/04\\\/fc-logo.jpg\",\"width\":174,\"height\":28,\"caption\":\"Facecorner\"},\"image\":{\"@id\":\"https:\\\/\\\/www.facecorner.lv\\\/#\\\/schema\\\/logo\\\/image\\\/\"},\"sameAs\":[\"https:\\\/\\\/www.facebook.com\\\/profile.php?id=100063824551839\",\"https:\\\/\\\/www.instagram.com\\\/facecorner_shop\\\/\"]}]}<\/script>\n<meta property=\"product:price:amount\" content=\"27.60\" \/>\n<meta property=\"product:price:currency\" content=\"EUR\" \/>\n<meta property=\"og:availability\" content=\"out of stock\" \/>\n<meta property=\"product:availability\" content=\"out of stock\" \/>\n<meta property=\"product:condition\" content=\"new\" \/>\n<!-- \/ Yoast SEO plugin. -->","yoast_head_json":{"title":"TIRTIR Collagen Lifting Eye Cream 15ml - FACECORNER","description":"TIRTIR Collagen Lifting Eye Cream pretnoveco\u0161an\u0101s acu kr\u0113ms ar mas\u0101\u017eas rull\u012b\u0161a aplikatoru ar liftinga efektu, kura pamat\u0101 ir augu kolag\u0113na, 5 veidu pept\u012bdu","robots":{"index":"index","follow":"follow","max-snippet":"max-snippet:-1","max-image-preview":"max-image-preview:large","max-video-preview":"max-video-preview:-1"},"canonical":"https:\/\/www.facecorner.lv\/en\/shop\/tirtir-collagen-lifting-eye-cream-15ml\/","og_locale":"en_US","og_type":"article","og_title":"TIRTIR Collagen Lifting Eye Cream 15ml - FACECORNER","og_description":"TIRTIR Collagen Lifting Eye Cream pretnoveco\u0161an\u0101s acu kr\u0113ms ar mas\u0101\u017eas rull\u012b\u0161a aplikatoru ar liftinga efektu, kura pamat\u0101 ir augu kolag\u0113na, 5 veidu pept\u012bdu","og_url":"https:\/\/www.facecorner.lv\/en\/shop\/tirtir-collagen-lifting-eye-cream-15ml\/","og_site_name":"FACECORNER","article_publisher":"https:\/\/www.facebook.com\/profile.php?id=100063824551839","article_modified_time":"2025-12-12T17:00:13+00:00","og_image":[{"width":1100,"height":1100,"url":"https:\/\/www.facecorner.lv\/wp-content\/uploads\/2024\/11\/TIRTIRCollagenLiftingEyeCreampaakiukremas.webp","type":"image\/webp"}],"twitter_card":"summary_large_image","twitter_misc":{"Price":"&euro;27.60","Availability":"Out of stock"},"schema":{"@context":"https:\/\/schema.org","@graph":[{"@type":"WebPage","@id":"https:\/\/www.facecorner.lv\/shop\/tirtir-collagen-lifting-eye-cream-15ml\/","url":"https:\/\/www.facecorner.lv\/shop\/tirtir-collagen-lifting-eye-cream-15ml\/","name":"TIRTIR Collagen Lifting Eye Cream 15ml - FACECORNER","isPartOf":{"@id":"https:\/\/www.facecorner.lv\/#website"},"primaryImageOfPage":{"@id":"https:\/\/www.facecorner.lv\/shop\/tirtir-collagen-lifting-eye-cream-15ml\/#primaryimage"},"image":{"@id":"https:\/\/www.facecorner.lv\/shop\/tirtir-collagen-lifting-eye-cream-15ml\/#primaryimage"},"thumbnailUrl":"https:\/\/www.facecorner.lv\/wp-content\/uploads\/2024\/11\/TIRTIRCollagenLiftingEyeCreampaakiukremas.webp","datePublished":"2024-11-15T11:29:55+00:00","dateModified":"2025-12-12T17:00:13+00:00","description":"TIRTIR Collagen Lifting Eye Cream pretnoveco\u0161an\u0101s acu kr\u0113ms ar mas\u0101\u017eas rull\u012b\u0161a aplikatoru ar liftinga efektu, kura pamat\u0101 ir augu kolag\u0113na, 5 veidu pept\u012bdu","breadcrumb":{"@id":"https:\/\/www.facecorner.lv\/shop\/tirtir-collagen-lifting-eye-cream-15ml\/#breadcrumb"},"inLanguage":"en-US","potentialAction":[{"@type":"ReadAction","target":["https:\/\/www.facecorner.lv\/shop\/tirtir-collagen-lifting-eye-cream-15ml\/"]}]},{"@type":"ImageObject","inLanguage":"en-US","@id":"https:\/\/www.facecorner.lv\/shop\/tirtir-collagen-lifting-eye-cream-15ml\/#primaryimage","url":"https:\/\/www.facecorner.lv\/wp-content\/uploads\/2024\/11\/TIRTIRCollagenLiftingEyeCreampaakiukremas.webp","contentUrl":"https:\/\/www.facecorner.lv\/wp-content\/uploads\/2024\/11\/TIRTIRCollagenLiftingEyeCreampaakiukremas.webp","width":1100,"height":1100,"caption":"TIRTIR Collagen Lifting Eye Cream 15"},{"@type":"BreadcrumbList","@id":"https:\/\/www.facecorner.lv\/shop\/tirtir-collagen-lifting-eye-cream-15ml\/#breadcrumb","itemListElement":[{"@type":"ListItem","position":1,"name":"Home","item":"https:\/\/www.facecorner.lv\/"},{"@type":"ListItem","position":2,"name":"Veikals","item":"https:\/\/www.facecorner.lv\/shop\/"},{"@type":"ListItem","position":3,"name":"TIRTIR Collagen Lifting Eye Cream 15ml"}]},{"@type":"WebSite","@id":"https:\/\/www.facecorner.lv\/#website","url":"https:\/\/www.facecorner.lv\/","name":"Facecorner","description":"","publisher":{"@id":"https:\/\/www.facecorner.lv\/#organization"},"potentialAction":[{"@type":"SearchAction","target":{"@type":"EntryPoint","urlTemplate":"https:\/\/www.facecorner.lv\/?s={search_term_string}"},"query-input":{"@type":"PropertyValueSpecification","valueRequired":true,"valueName":"search_term_string"}}],"inLanguage":"en-US"},{"@type":"Organization","@id":"https:\/\/www.facecorner.lv\/#organization","name":"Facecorner","url":"https:\/\/www.facecorner.lv\/","logo":{"@type":"ImageObject","inLanguage":"en-US","@id":"https:\/\/www.facecorner.lv\/#\/schema\/logo\/image\/","url":"https:\/\/www.facecorner.lv\/wp-content\/uploads\/2024\/04\/fc-logo.jpg","contentUrl":"https:\/\/www.facecorner.lv\/wp-content\/uploads\/2024\/04\/fc-logo.jpg","width":174,"height":28,"caption":"Facecorner"},"image":{"@id":"https:\/\/www.facecorner.lv\/#\/schema\/logo\/image\/"},"sameAs":["https:\/\/www.facebook.com\/profile.php?id=100063824551839","https:\/\/www.instagram.com\/facecorner_shop\/"]}]},"product_price_amount":"27.60","product_price_currency":"EUR","og_availability":"out of stock","product_availability":"out of stock","product_condition":"new"},"_links":{"self":[{"href":"https:\/\/www.facecorner.lv\/en\/wp-json\/wp\/v2\/product\/21527","targetHints":{"allow":["GET"]}}],"collection":[{"href":"https:\/\/www.facecorner.lv\/en\/wp-json\/wp\/v2\/product"}],"about":[{"href":"https:\/\/www.facecorner.lv\/en\/wp-json\/wp\/v2\/types\/product"}],"replies":[{"embeddable":true,"href":"https:\/\/www.facecorner.lv\/en\/wp-json\/wp\/v2\/comments?post=21527"}],"wp:featuredmedia":[{"embeddable":true,"href":"https:\/\/www.facecorner.lv\/en\/wp-json\/wp\/v2\/media\/21528"}],"wp:attachment":[{"href":"https:\/\/www.facecorner.lv\/en\/wp-json\/wp\/v2\/media?parent=21527"}],"wp:term":[{"taxonomy":"product_brand","embeddable":true,"href":"https:\/\/www.facecorner.lv\/en\/wp-json\/wp\/v2\/product_brand?post=21527"},{"taxonomy":"product_cat","embeddable":true,"href":"https:\/\/www.facecorner.lv\/en\/wp-json\/wp\/v2\/product_cat?post=21527"},{"taxonomy":"product_tag","embeddable":true,"href":"https:\/\/www.facecorner.lv\/en\/wp-json\/wp\/v2\/product_tag?post=21527"},{"taxonomy":"berocket_brand","embeddable":true,"href":"https:\/\/www.facecorner.lv\/en\/wp-json\/wp\/v2\/berocket_brand?post=21527"}],"curies":[{"name":"wp","href":"https:\/\/api.w.org\/{rel}","templated":true}]}}