{"id":21492,"date":"2024-11-09T14:44:13","date_gmt":"2024-11-09T11:44:13","guid":{"rendered":"https:\/\/www.facecorner.lv\/?post_type=product&#038;p=21492"},"modified":"2025-01-04T20:37:40","modified_gmt":"2025-01-04T17:37:40","slug":"isntree-hyper-retinol-ex-1-0-serum-20ml","status":"publish","type":"product","link":"https:\/\/www.facecorner.lv\/en\/shop\/isntree-hyper-retinol-ex-1-0-serum-20ml\/","title":{"rendered":"IsNtree Hyper Retinol EX 1.0 Serum 20ml"},"content":{"rendered":"<p>IsNtree Hyper Retinol EX 1.0 Serum ir paredz\u0113ts intens\u012bvai c\u012b\u0146ai pret s\u012bk\u0101m grumbi\u0146\u0101m un grumbi\u0146\u0101m, k\u0101 ar\u012b samazina izteikto grumbu dzi\u013cumu. Tas veicina \u0101das atjauno\u0161anos, izl\u012bdzina reljefu, uzlabo sejas kr\u0101su un pal\u0113nina noveco\u0161an\u0101s procesus.<\/p>\n<ul>\n<li>Seruma galvenais komplekss &#8211; Retinol EX 1% &#8211; stimul\u0113 \u0161\u016bnu re\u0123ener\u0101ciju, iedarbojas, lai mazin\u0101tu zosu grumbi\u0146as, starpacu, deguna un pieres grumbas:<\/li>\n<li>Retinols 0,1% ir visizplat\u012bt\u0101kais retino\u012bda veids, p\u0101rveidojas retin\u0101l\u0101, p\u0113c tam retino\u012bsk\u0101b\u0113. Tam piem\u012bt pretnoveco\u0161an\u0101s iedarb\u012bba.<\/li>\n<li>Retinilpalmit\u0101ts 0,3 % &#8211; A vitam\u012bna esteris, kas vispirms p\u0101rveidojas retinol\u0101, p\u0113c tam retin\u0101l\u0101 un tikai tad retino\u012bnsk\u0101bi. Tam piem\u012bt antioksidanta iedarb\u012bba, tas pal\u0113nina \u0101das noveco\u0161anos.<\/li>\n<li>Baku\u010diols 0,6 % &#8211; retinola augu analogs, stimul\u0113 dabisk\u0101 kolag\u0113na veido\u0161anos \u0161\u016bn\u0101s, c\u012bn\u0101s pret grumb\u0101m, uzlabo elast\u012bbu un nom\u0101c melan\u012bna veido\u0161anos, lieliski piem\u0113rots jut\u012bgai \u0101dai.<\/li>\n<\/ul>\n<p><strong>KEY INGREDIENTS:<\/strong><\/p>\n<ul>\n<li>5 veidu pept\u012bdu komplekss ir atbild\u012bgs par past\u0101v\u012bgu re\u0123ener\u0101ciju un \u0161\u016bnu atjauno\u0161anos, tam ir dzi\u013ca pretnoveco\u0161an\u0101s iedarb\u012bba, tas samazina grumbu izskatu un nov\u0113r\u0161 jaunu grumbu veido\u0161anos, stimul\u0113 atjauno\u0161an\u0101s un re\u0123ener\u0101cijas procesus, pal\u0113nina \u0161\u016bnu noveco\u0161anos. Normaliz\u0113 kolag\u0113na un elast\u012bna veido\u0161anos, izl\u012bdzina \u0101du, izl\u012bdzina reljefu.<\/li>\n<li>5 veidu keram\u012bdi palielina epidermas aizsargfunkcijas, nov\u0113r\u0161 mitruma zudumu un pal\u012bdz atjaunot \u0101du. Atbr\u012bvojas no sausuma, lob\u012b\u0161an\u0101s, noder aler\u0123isku izsitumu, ekz\u0113mas, psori\u0101zes \u0101rst\u0113\u0161an\u0101.<\/li>\n<li>Komplekss TECA (Asiaticoside, Madecassic Acid, Asiatic Acid, Madecassoside) satur 4 Centella asiatica atvasin\u0101jumus, palielina \u0101das elast\u012bbu un tvirtumu, pies\u0101tina dermas \u0161\u016bnas ar mitrumu. Veido aizsargbarjeru, pasarg\u0101jot \u0101du no ultraviolet\u0101s gaismas un negat\u012bviem vides faktoriem.<\/li>\n<li>Tokoferols aizsarg\u0101 pret \u0101r\u0113jo faktoru negat\u012bvo ietekmi, nov\u0113r\u0161 nepies\u0101tin\u0101to lip\u012bdu oksid\u0101ciju. Intens\u012bvi pies\u0101tina ar vitam\u012bniem.<\/li>\n<li>Adenoz\u012bns akt\u012bvi ietekm\u0113 kolag\u0113na veido\u0161anos, stimul\u0113 elast\u012bna veido\u0161anos epidermas \u0161\u016bn\u0101s, samazina grumbu skaitu, kas par\u0101d\u0101s ar vecumu, samazina to dzi\u013cumu.<\/li>\n<li>Holester\u012bns ir lip\u012bds, kas veido da\u013cu no epidermas barjeras sl\u0101\u0146a, fiziolo\u0123iska un dro\u0161a sast\u0101vda\u013ca. Palielina barjeras funkciju, uztur mitrin\u0101\u0161anu, nov\u0113r\u0161 sausumu.<\/li>\n<li>Fitosfingoz\u012bns ir fosfolip\u012bds ar pretnoveco\u0161an\u0101s un antibakteri\u0101lu iedarb\u012bbu, stiprina lip\u012bdu sl\u0101ni, iestr\u0101d\u0101jas taj\u0101, mazina iekaisumu un stimul\u0113 re\u0123ener\u0101ciju.<\/li>\n<li>Ferul\u012bnsk\u0101be ir sp\u0113c\u012bgs antioksidants, izr\u0101da izteiktu aktivit\u0101ti c\u012b\u0146\u0101 pret br\u012bvo radik\u0101\u013cu kait\u012bgo iedarb\u012bbu, nodro\u0161ina efekt\u012bvu aizsardz\u012bbu pret ultravioleto starojumu, tai piem\u012bt pretmikrobu un pretiekaisuma iedarb\u012bba, c\u012bn\u0101s pret p\u016bt\u012bt\u0113m.<\/li>\n<\/ul>\n<p><strong>How to use:<\/strong> p\u0113c att\u012br\u012b\u0161anas un toniz\u0113\u0161anas uzkl\u0101jiet serumu uz sausas sejas \u0101das, izkl\u0101jiet to pa \u0101du. Ieteicams lietot vakar\u0101. Dienas laik\u0101 lietot saules aizsargkr\u0113mu ar SPF 50 PA++++.<\/p>\n<p><strong>Uzman\u012bbu! Ja iepriek\u0161 neesat lietojusi produktus ar retinolu, ievietojiet produktu sav\u0101 kop\u0161an\u0101 pak\u0101peniski: piem\u0113ram, lietojiet produktu 2 reizes ned\u0113\u013c\u0101 2 ned\u0113\u013cas. P\u0113c tam, ja \u0101dai nerodas kairin\u0101juma paz\u012bmes, lietojiet serumu 3 reizes ned\u0113\u013c\u0101 2 ned\u0113\u013cas un pak\u0101peniski palieliniet lieto\u0161anas bie\u017eumu. Nelietojiet serumu vienlaic\u012bgi ar sk\u0101biem produktiem un produktiem ar augstu C vitam\u012bna saturu. Nelietot p\u0113c kosmetolo\u0123isk\u0101m proced\u016br\u0101m.<\/strong><\/p>\n<p><strong>Ingredientes:<\/strong> Water, Butylene Glycol, Glycerin, Niacinamide, Dibutyl Adipate, Caprylic\/Capric Triglyceride, Bakuchiol(0.6%), Ammonium Acryloyldimethyltaurate\/VP Copolymer, 1,2-Hexanediol, Hydrogenated Lecithin, Betaine, Hydroxyacetophenone, Retinyl Palmitate(0.3%), Sodium Stearoyl Glutamate, Tocopherol, Retinol(0.1%), Allantoin, Panthenol, Polysorbate 20, Adenosine, Cetearyl Alcohol, Disodium EDTA, Stearic Acid, Dipropylene Glycol, Hydroxypropyl Cyclodextrin, Polydextrose, Ceramide NP, Asiaticoside, Madecassic Acid, Asiatic Acid, Ceramide NS, Cholesterol, Phytosphingosine, Ferulic Acid, Ceramide AS, Ceramide AP, Copper Tripeptide-1, Acetyl Hexapeptide-8, Palmitoyl Pentapeptide-4, Palmitoyl Tetrapeptide-7, Palmitoyl Tripeptide-1, Ceramide EOP<\/p>","protected":false},"excerpt":{"rendered":"<p>IsNtree Hyper Retinol EX 1.0 Serum ir paredz\u0113ts intens\u012bvai c\u012b\u0146ai pret s\u012bk\u0101m grumbi\u0146\u0101m un grumbi\u0146\u0101m, k\u0101 ar\u012b samazina izteikto grumbu dzi\u013cumu. Tas veicina \u0101das atjauno\u0161anos, izl\u012bdzina reljefu, uzlabo sejas kr\u0101su un pal\u0113nina noveco\u0161an\u0101s procesus.<\/p>","protected":false},"featured_media":21493,"comment_status":"open","ping_status":"closed","template":"","meta":{"site-sidebar-layout":"default","site-content-layout":"","ast-site-content-layout":"","site-content-style":"default","site-sidebar-style":"default","ast-global-header-display":"","ast-banner-title-visibility":"","ast-main-header-display":"","ast-hfb-above-header-display":"","ast-hfb-below-header-display":"","ast-hfb-mobile-header-display":"","site-post-title":"","ast-breadcrumbs-content":"","ast-featured-img":"","footer-sml-layout":"","theme-transparent-header-meta":"","adv-header-id-meta":"","stick-header-meta":"","header-above-stick-meta":"","header-main-stick-meta":"","header-below-stick-meta":"","astra-migrate-meta-layouts":"default","ast-page-background-enabled":"default","ast-page-background-meta":{"desktop":{"background-color":"var(--ast-global-color-4)","background-image":"","background-repeat":"repeat","background-position":"center center","background-size":"auto","background-attachment":"scroll","background-type":"","background-media":"","overlay-type":"","overlay-color":"","overlay-opacity":"","overlay-gradient":""},"tablet":{"background-color":"","background-image":"","background-repeat":"repeat","background-position":"center center","background-size":"auto","background-attachment":"scroll","background-type":"","background-media":"","overlay-type":"","overlay-color":"","overlay-opacity":"","overlay-gradient":""},"mobile":{"background-color":"","background-image":"","background-repeat":"repeat","background-position":"center center","background-size":"auto","background-attachment":"scroll","background-type":"","background-media":"","overlay-type":"","overlay-color":"","overlay-opacity":"","overlay-gradient":""}},"ast-content-background-meta":{"desktop":{"background-color":"var(--ast-global-color-5)","background-image":"","background-repeat":"repeat","background-position":"center center","background-size":"auto","background-attachment":"scroll","background-type":"","background-media":"","overlay-type":"","overlay-color":"","overlay-opacity":"","overlay-gradient":""},"tablet":{"background-color":"var(--ast-global-color-5)","background-image":"","background-repeat":"repeat","background-position":"center center","background-size":"auto","background-attachment":"scroll","background-type":"","background-media":"","overlay-type":"","overlay-color":"","overlay-opacity":"","overlay-gradient":""},"mobile":{"background-color":"var(--ast-global-color-5)","background-image":"","background-repeat":"repeat","background-position":"center center","background-size":"auto","background-attachment":"scroll","background-type":"","background-media":"","overlay-type":"","overlay-color":"","overlay-opacity":"","overlay-gradient":""}}},"product_brand":[],"product_cat":[370,371,373,374,363],"product_tag":[],"berocket_brand":[585],"class_list":{"0":"post-21492","1":"product","2":"type-product","3":"status-publish","4":"has-post-thumbnail","6":"product_cat-adas-mirdzumam","7":"product_cat-anti-age","8":"product_cat-poras-sasaurinoss","9":"product_cat-pret-pinnem","10":"product_cat-serumi","11":"berocket_brand-isntree","12":"desktop-align-left","13":"tablet-align-left","14":"mobile-align-left","16":"first","17":"outofstock","18":"taxable","19":"shipping-taxable","20":"purchasable","21":"product-type-simple","22":"add-to-wishlist-before_image"},"yoast_head":"<!-- This site is optimized with the Yoast SEO plugin v27.4 - https:\/\/yoast.com\/product\/yoast-seo-wordpress\/ -->\n<title>IsNtree Hyper Retinol EX 1.0 Serum 20ml - FACECORNER<\/title>\n<meta name=\"description\" content=\"IsNtree Hyper Retinol EX 1.0 Serum ir paredz\u0113ts intens\u012bvai c\u012b\u0146ai pret s\u012bk\u0101m grumbi\u0146\u0101m un grumbi\u0146\u0101m, k\u0101 ar\u012b samazina izteikto grumbu dzi\u013cumu.\" \/>\n<meta name=\"robots\" content=\"index, follow, max-snippet:-1, max-image-preview:large, max-video-preview:-1\" \/>\n<link rel=\"canonical\" href=\"https:\/\/www.facecorner.lv\/en\/shop\/isntree-hyper-retinol-ex-1-0-serum-20ml\/\" \/>\n<meta property=\"og:locale\" content=\"en_US\" \/>\n<meta property=\"og:type\" content=\"article\" \/>\n<meta property=\"og:title\" content=\"IsNtree Hyper Retinol EX 1.0 Serum 20ml - FACECORNER\" \/>\n<meta property=\"og:description\" content=\"IsNtree Hyper Retinol EX 1.0 Serum ir paredz\u0113ts intens\u012bvai c\u012b\u0146ai pret s\u012bk\u0101m grumbi\u0146\u0101m un grumbi\u0146\u0101m, k\u0101 ar\u012b samazina izteikto grumbu dzi\u013cumu.\" \/>\n<meta property=\"og:url\" content=\"https:\/\/www.facecorner.lv\/en\/shop\/isntree-hyper-retinol-ex-1-0-serum-20ml\/\" \/>\n<meta property=\"og:site_name\" content=\"FACECORNER\" \/>\n<meta property=\"article:publisher\" content=\"https:\/\/www.facebook.com\/profile.php?id=100063824551839\" \/>\n<meta property=\"article:modified_time\" content=\"2025-01-04T17:37:40+00:00\" \/>\n<meta property=\"og:image\" content=\"https:\/\/www.facecorner.lv\/wp-content\/uploads\/2024\/11\/Isntree_Hyper_Retinol_EX_1.0_Serum_20_mL_KBeauty_Australia__28869.jpg\" \/>\n\t<meta property=\"og:image:width\" content=\"1280\" \/>\n\t<meta property=\"og:image:height\" content=\"1280\" \/>\n\t<meta property=\"og:image:type\" content=\"image\/jpeg\" \/>\n<meta name=\"twitter:card\" content=\"summary_large_image\" \/>\n<meta name=\"twitter:label1\" content=\"Price\" \/>\n\t<meta name=\"twitter:data1\" content=\"&euro;29.95\" \/>\n\t<meta name=\"twitter:label2\" content=\"Availability\" \/>\n\t<meta name=\"twitter:data2\" content=\"Out of stock\" \/>\n<script type=\"application\/ld+json\" class=\"yoast-schema-graph\">{\"@context\":\"https:\\\/\\\/schema.org\",\"@graph\":[{\"@type\":\"WebPage\",\"@id\":\"https:\\\/\\\/www.facecorner.lv\\\/shop\\\/isntree-hyper-retinol-ex-1-0-serum-20ml\\\/\",\"url\":\"https:\\\/\\\/www.facecorner.lv\\\/shop\\\/isntree-hyper-retinol-ex-1-0-serum-20ml\\\/\",\"name\":\"IsNtree Hyper Retinol EX 1.0 Serum 20ml - FACECORNER\",\"isPartOf\":{\"@id\":\"https:\\\/\\\/www.facecorner.lv\\\/#website\"},\"primaryImageOfPage\":{\"@id\":\"https:\\\/\\\/www.facecorner.lv\\\/shop\\\/isntree-hyper-retinol-ex-1-0-serum-20ml\\\/#primaryimage\"},\"image\":{\"@id\":\"https:\\\/\\\/www.facecorner.lv\\\/shop\\\/isntree-hyper-retinol-ex-1-0-serum-20ml\\\/#primaryimage\"},\"thumbnailUrl\":\"https:\\\/\\\/www.facecorner.lv\\\/wp-content\\\/uploads\\\/2024\\\/11\\\/Isntree_Hyper_Retinol_EX_1.0_Serum_20_mL_KBeauty_Australia__28869.jpg\",\"datePublished\":\"2024-11-09T11:44:13+00:00\",\"dateModified\":\"2025-01-04T17:37:40+00:00\",\"description\":\"IsNtree Hyper Retinol EX 1.0 Serum ir paredz\u0113ts intens\u012bvai c\u012b\u0146ai pret s\u012bk\u0101m grumbi\u0146\u0101m un grumbi\u0146\u0101m, k\u0101 ar\u012b samazina izteikto grumbu dzi\u013cumu.\",\"breadcrumb\":{\"@id\":\"https:\\\/\\\/www.facecorner.lv\\\/shop\\\/isntree-hyper-retinol-ex-1-0-serum-20ml\\\/#breadcrumb\"},\"inLanguage\":\"en-US\",\"potentialAction\":[{\"@type\":\"ReadAction\",\"target\":[\"https:\\\/\\\/www.facecorner.lv\\\/shop\\\/isntree-hyper-retinol-ex-1-0-serum-20ml\\\/\"]}]},{\"@type\":\"ImageObject\",\"inLanguage\":\"en-US\",\"@id\":\"https:\\\/\\\/www.facecorner.lv\\\/shop\\\/isntree-hyper-retinol-ex-1-0-serum-20ml\\\/#primaryimage\",\"url\":\"https:\\\/\\\/www.facecorner.lv\\\/wp-content\\\/uploads\\\/2024\\\/11\\\/Isntree_Hyper_Retinol_EX_1.0_Serum_20_mL_KBeauty_Australia__28869.jpg\",\"contentUrl\":\"https:\\\/\\\/www.facecorner.lv\\\/wp-content\\\/uploads\\\/2024\\\/11\\\/Isntree_Hyper_Retinol_EX_1.0_Serum_20_mL_KBeauty_Australia__28869.jpg\",\"width\":1280,\"height\":1280,\"caption\":\"IsNtree Hyper Retinol EX 1.0 Serum\"},{\"@type\":\"BreadcrumbList\",\"@id\":\"https:\\\/\\\/www.facecorner.lv\\\/shop\\\/isntree-hyper-retinol-ex-1-0-serum-20ml\\\/#breadcrumb\",\"itemListElement\":[{\"@type\":\"ListItem\",\"position\":1,\"name\":\"Home\",\"item\":\"https:\\\/\\\/www.facecorner.lv\\\/\"},{\"@type\":\"ListItem\",\"position\":2,\"name\":\"Veikals\",\"item\":\"https:\\\/\\\/www.facecorner.lv\\\/shop\\\/\"},{\"@type\":\"ListItem\",\"position\":3,\"name\":\"IsNtree Hyper Retinol EX 1.0 Serum 20ml\"}]},{\"@type\":\"WebSite\",\"@id\":\"https:\\\/\\\/www.facecorner.lv\\\/#website\",\"url\":\"https:\\\/\\\/www.facecorner.lv\\\/\",\"name\":\"Facecorner\",\"description\":\"\",\"publisher\":{\"@id\":\"https:\\\/\\\/www.facecorner.lv\\\/#organization\"},\"potentialAction\":[{\"@type\":\"SearchAction\",\"target\":{\"@type\":\"EntryPoint\",\"urlTemplate\":\"https:\\\/\\\/www.facecorner.lv\\\/?s={search_term_string}\"},\"query-input\":{\"@type\":\"PropertyValueSpecification\",\"valueRequired\":true,\"valueName\":\"search_term_string\"}}],\"inLanguage\":\"en-US\"},{\"@type\":\"Organization\",\"@id\":\"https:\\\/\\\/www.facecorner.lv\\\/#organization\",\"name\":\"Facecorner\",\"url\":\"https:\\\/\\\/www.facecorner.lv\\\/\",\"logo\":{\"@type\":\"ImageObject\",\"inLanguage\":\"en-US\",\"@id\":\"https:\\\/\\\/www.facecorner.lv\\\/#\\\/schema\\\/logo\\\/image\\\/\",\"url\":\"https:\\\/\\\/www.facecorner.lv\\\/wp-content\\\/uploads\\\/2024\\\/04\\\/fc-logo.jpg\",\"contentUrl\":\"https:\\\/\\\/www.facecorner.lv\\\/wp-content\\\/uploads\\\/2024\\\/04\\\/fc-logo.jpg\",\"width\":174,\"height\":28,\"caption\":\"Facecorner\"},\"image\":{\"@id\":\"https:\\\/\\\/www.facecorner.lv\\\/#\\\/schema\\\/logo\\\/image\\\/\"},\"sameAs\":[\"https:\\\/\\\/www.facebook.com\\\/profile.php?id=100063824551839\",\"https:\\\/\\\/www.instagram.com\\\/facecorner_shop\\\/\"]}]}<\/script>\n<meta property=\"product:price:amount\" content=\"29.95\" \/>\n<meta property=\"product:price:currency\" content=\"EUR\" \/>\n<meta property=\"og:availability\" content=\"out of stock\" \/>\n<meta property=\"product:availability\" content=\"out of stock\" \/>\n<meta property=\"product:condition\" content=\"new\" \/>\n<!-- \/ Yoast SEO plugin. -->","yoast_head_json":{"title":"IsNtree Hyper Retinol EX 1.0 Serum 20ml - FACECORNER","description":"IsNtree Hyper Retinol EX 1.0 Serum ir paredz\u0113ts intens\u012bvai c\u012b\u0146ai pret s\u012bk\u0101m grumbi\u0146\u0101m un grumbi\u0146\u0101m, k\u0101 ar\u012b samazina izteikto grumbu dzi\u013cumu.","robots":{"index":"index","follow":"follow","max-snippet":"max-snippet:-1","max-image-preview":"max-image-preview:large","max-video-preview":"max-video-preview:-1"},"canonical":"https:\/\/www.facecorner.lv\/en\/shop\/isntree-hyper-retinol-ex-1-0-serum-20ml\/","og_locale":"en_US","og_type":"article","og_title":"IsNtree Hyper Retinol EX 1.0 Serum 20ml - FACECORNER","og_description":"IsNtree Hyper Retinol EX 1.0 Serum ir paredz\u0113ts intens\u012bvai c\u012b\u0146ai pret s\u012bk\u0101m grumbi\u0146\u0101m un grumbi\u0146\u0101m, k\u0101 ar\u012b samazina izteikto grumbu dzi\u013cumu.","og_url":"https:\/\/www.facecorner.lv\/en\/shop\/isntree-hyper-retinol-ex-1-0-serum-20ml\/","og_site_name":"FACECORNER","article_publisher":"https:\/\/www.facebook.com\/profile.php?id=100063824551839","article_modified_time":"2025-01-04T17:37:40+00:00","og_image":[{"width":1280,"height":1280,"url":"https:\/\/www.facecorner.lv\/wp-content\/uploads\/2024\/11\/Isntree_Hyper_Retinol_EX_1.0_Serum_20_mL_KBeauty_Australia__28869.jpg","type":"image\/jpeg"}],"twitter_card":"summary_large_image","twitter_misc":{"Price":"&euro;29.95","Availability":"Out of stock"},"schema":{"@context":"https:\/\/schema.org","@graph":[{"@type":"WebPage","@id":"https:\/\/www.facecorner.lv\/shop\/isntree-hyper-retinol-ex-1-0-serum-20ml\/","url":"https:\/\/www.facecorner.lv\/shop\/isntree-hyper-retinol-ex-1-0-serum-20ml\/","name":"IsNtree Hyper Retinol EX 1.0 Serum 20ml - FACECORNER","isPartOf":{"@id":"https:\/\/www.facecorner.lv\/#website"},"primaryImageOfPage":{"@id":"https:\/\/www.facecorner.lv\/shop\/isntree-hyper-retinol-ex-1-0-serum-20ml\/#primaryimage"},"image":{"@id":"https:\/\/www.facecorner.lv\/shop\/isntree-hyper-retinol-ex-1-0-serum-20ml\/#primaryimage"},"thumbnailUrl":"https:\/\/www.facecorner.lv\/wp-content\/uploads\/2024\/11\/Isntree_Hyper_Retinol_EX_1.0_Serum_20_mL_KBeauty_Australia__28869.jpg","datePublished":"2024-11-09T11:44:13+00:00","dateModified":"2025-01-04T17:37:40+00:00","description":"IsNtree Hyper Retinol EX 1.0 Serum ir paredz\u0113ts intens\u012bvai c\u012b\u0146ai pret s\u012bk\u0101m grumbi\u0146\u0101m un grumbi\u0146\u0101m, k\u0101 ar\u012b samazina izteikto grumbu dzi\u013cumu.","breadcrumb":{"@id":"https:\/\/www.facecorner.lv\/shop\/isntree-hyper-retinol-ex-1-0-serum-20ml\/#breadcrumb"},"inLanguage":"en-US","potentialAction":[{"@type":"ReadAction","target":["https:\/\/www.facecorner.lv\/shop\/isntree-hyper-retinol-ex-1-0-serum-20ml\/"]}]},{"@type":"ImageObject","inLanguage":"en-US","@id":"https:\/\/www.facecorner.lv\/shop\/isntree-hyper-retinol-ex-1-0-serum-20ml\/#primaryimage","url":"https:\/\/www.facecorner.lv\/wp-content\/uploads\/2024\/11\/Isntree_Hyper_Retinol_EX_1.0_Serum_20_mL_KBeauty_Australia__28869.jpg","contentUrl":"https:\/\/www.facecorner.lv\/wp-content\/uploads\/2024\/11\/Isntree_Hyper_Retinol_EX_1.0_Serum_20_mL_KBeauty_Australia__28869.jpg","width":1280,"height":1280,"caption":"IsNtree Hyper Retinol EX 1.0 Serum"},{"@type":"BreadcrumbList","@id":"https:\/\/www.facecorner.lv\/shop\/isntree-hyper-retinol-ex-1-0-serum-20ml\/#breadcrumb","itemListElement":[{"@type":"ListItem","position":1,"name":"Home","item":"https:\/\/www.facecorner.lv\/"},{"@type":"ListItem","position":2,"name":"Veikals","item":"https:\/\/www.facecorner.lv\/shop\/"},{"@type":"ListItem","position":3,"name":"IsNtree Hyper Retinol EX 1.0 Serum 20ml"}]},{"@type":"WebSite","@id":"https:\/\/www.facecorner.lv\/#website","url":"https:\/\/www.facecorner.lv\/","name":"Facecorner","description":"","publisher":{"@id":"https:\/\/www.facecorner.lv\/#organization"},"potentialAction":[{"@type":"SearchAction","target":{"@type":"EntryPoint","urlTemplate":"https:\/\/www.facecorner.lv\/?s={search_term_string}"},"query-input":{"@type":"PropertyValueSpecification","valueRequired":true,"valueName":"search_term_string"}}],"inLanguage":"en-US"},{"@type":"Organization","@id":"https:\/\/www.facecorner.lv\/#organization","name":"Facecorner","url":"https:\/\/www.facecorner.lv\/","logo":{"@type":"ImageObject","inLanguage":"en-US","@id":"https:\/\/www.facecorner.lv\/#\/schema\/logo\/image\/","url":"https:\/\/www.facecorner.lv\/wp-content\/uploads\/2024\/04\/fc-logo.jpg","contentUrl":"https:\/\/www.facecorner.lv\/wp-content\/uploads\/2024\/04\/fc-logo.jpg","width":174,"height":28,"caption":"Facecorner"},"image":{"@id":"https:\/\/www.facecorner.lv\/#\/schema\/logo\/image\/"},"sameAs":["https:\/\/www.facebook.com\/profile.php?id=100063824551839","https:\/\/www.instagram.com\/facecorner_shop\/"]}]},"product_price_amount":"29.95","product_price_currency":"EUR","og_availability":"out of stock","product_availability":"out of stock","product_condition":"new"},"_links":{"self":[{"href":"https:\/\/www.facecorner.lv\/en\/wp-json\/wp\/v2\/product\/21492","targetHints":{"allow":["GET"]}}],"collection":[{"href":"https:\/\/www.facecorner.lv\/en\/wp-json\/wp\/v2\/product"}],"about":[{"href":"https:\/\/www.facecorner.lv\/en\/wp-json\/wp\/v2\/types\/product"}],"replies":[{"embeddable":true,"href":"https:\/\/www.facecorner.lv\/en\/wp-json\/wp\/v2\/comments?post=21492"}],"wp:featuredmedia":[{"embeddable":true,"href":"https:\/\/www.facecorner.lv\/en\/wp-json\/wp\/v2\/media\/21493"}],"wp:attachment":[{"href":"https:\/\/www.facecorner.lv\/en\/wp-json\/wp\/v2\/media?parent=21492"}],"wp:term":[{"taxonomy":"product_brand","embeddable":true,"href":"https:\/\/www.facecorner.lv\/en\/wp-json\/wp\/v2\/product_brand?post=21492"},{"taxonomy":"product_cat","embeddable":true,"href":"https:\/\/www.facecorner.lv\/en\/wp-json\/wp\/v2\/product_cat?post=21492"},{"taxonomy":"product_tag","embeddable":true,"href":"https:\/\/www.facecorner.lv\/en\/wp-json\/wp\/v2\/product_tag?post=21492"},{"taxonomy":"berocket_brand","embeddable":true,"href":"https:\/\/www.facecorner.lv\/en\/wp-json\/wp\/v2\/berocket_brand?post=21492"}],"curies":[{"name":"wp","href":"https:\/\/api.w.org\/{rel}","templated":true}]}}