{"id":21481,"date":"2024-11-08T15:05:30","date_gmt":"2024-11-08T12:05:30","guid":{"rendered":"https:\/\/www.facecorner.lv\/?post_type=product&#038;p=21481"},"modified":"2026-03-12T14:18:44","modified_gmt":"2026-03-12T11:18:44","slug":"biodance-refreshing-sea-kelp-real-deep-mask","status":"publish","type":"product","link":"https:\/\/www.facecorner.lv\/en\/shop\/biodance-refreshing-sea-kelp-real-deep-mask\/","title":{"rendered":"BIODANCE Refreshing Sea Kelp Real Deep mask"},"content":{"rendered":"<p>BIODANCE Refreshing Sea Kelp Real Deep mask atsvaidzino\u0161a hidrog\u0113la maska ar j\u016bras a\u013c\u0123\u0113m dzi\u013cas \u0101das atjauno\u0161anai un mitrin\u0101\u0161anai.<\/p>\n<p>Bag\u0101tin\u0101ta ar dabiski ferment\u0113t\u0101m j\u016bras a\u013c\u0123\u0113m ar sp\u0113c\u012bg\u0101m antioksidantu \u012bpa\u0161\u012bb\u0101m.<\/p>\n<p>Maska \u0101tri nomierina un atdz\u012bvina \u0101du, padarot to samtaini m\u012bkstu un sagatavojot to grima uzkl\u0101\u0161anai.<\/p>\n<p><strong>Tas ir ide\u0101li piem\u0113rots cilv\u0113kiem, kuri cie\u0161 no kairin\u0101juma, aps\u0101rtuma un pl\u0101nas \u0101das un kuriem nepiecie\u0161ama intens\u012bva atjauno\u0161ana un mitrin\u0101\u0161ana.<\/strong><\/p>\n<ul>\n<li>Aps\u0101rtuma samazin\u0101\u0161an\u0101s 49,2%<\/li>\n<li>Oksidat\u012bv\u0101 stresa samazin\u0101\u0161an\u0101s 43,7%<\/li>\n<li>Iekaisuma samazin\u0101\u0161an\u0101s 88,2%<\/li>\n<li>Palielin\u0101ta \u0101das iztur\u012bba106,0%<\/li>\n<\/ul>\n<p><strong>How to use:<\/strong> Uzkl\u0101jiet masku uz att\u012br\u012btas un toniz\u0113tas sejas uz 3-4 stund\u0101m. Lai pan\u0101ktu maksim\u0101lu efektu, atst\u0101jiet masku uz nakti.<\/p>\n<p><strong>Ingredientes:<\/strong> Purified water, Lactobacillus\/giant kelp fermentation filtrate (100,000ppm), glycerin, dipropylene glycol, acrylate copolymer, carob gum, Irish moss, seawater, betaine, algin, agar, hydroxyacetophenone, 1, 2-hexanediol, potassium chloride, sucrose, caprylyl glycol, horsetail kelp water (1,000ppm), allantoin, xanthan gum, polyglyceryl-10 laurate, ethylhexylglycerin, neem leaf extract, Disodium EDTA, pear extract, citric acid, damask rose flower water, neem flower extract, oris root extract, butylene glycol, melon extract, pine leaf\/stem extract, kelp extract, dipotassium Glycyrrhizate, seaweed extract, centella asiatica extract, bifida fermentation lysate, lactose, lactobacillus fermentation, spirulina platensis extract, Yania rubens extract, tocopherol, panthenol, madecassoside<\/p>","protected":false},"excerpt":{"rendered":"<p>BIODANCE Refreshing Sea Kelp Real Deep mask atsvaidzino\u0161a hidrog\u0113la maska ar j\u016bras a\u013c\u0123\u0113m dzi\u013cas \u0101das atjauno\u0161anai un mitrin\u0101\u0161anai.<\/p>","protected":false},"featured_media":21482,"comment_status":"open","ping_status":"closed","template":"","meta":{"site-sidebar-layout":"default","site-content-layout":"","ast-site-content-layout":"default","site-content-style":"default","site-sidebar-style":"default","ast-global-header-display":"","ast-banner-title-visibility":"","ast-main-header-display":"","ast-hfb-above-header-display":"","ast-hfb-below-header-display":"","ast-hfb-mobile-header-display":"","site-post-title":"","ast-breadcrumbs-content":"","ast-featured-img":"","footer-sml-layout":"","theme-transparent-header-meta":"default","adv-header-id-meta":"","stick-header-meta":"","header-above-stick-meta":"","header-main-stick-meta":"","header-below-stick-meta":"","astra-migrate-meta-layouts":"set","ast-page-background-enabled":"default","ast-page-background-meta":{"desktop":{"background-color":"var(--ast-global-color-4)","background-image":"","background-repeat":"repeat","background-position":"center center","background-size":"auto","background-attachment":"scroll","background-type":"","background-media":"","overlay-type":"","overlay-color":"","overlay-opacity":"","overlay-gradient":""},"tablet":{"background-color":"","background-image":"","background-repeat":"repeat","background-position":"center center","background-size":"auto","background-attachment":"scroll","background-type":"","background-media":"","overlay-type":"","overlay-color":"","overlay-opacity":"","overlay-gradient":""},"mobile":{"background-color":"","background-image":"","background-repeat":"repeat","background-position":"center center","background-size":"auto","background-attachment":"scroll","background-type":"","background-media":"","overlay-type":"","overlay-color":"","overlay-opacity":"","overlay-gradient":""}},"ast-content-background-meta":{"desktop":{"background-color":"var(--ast-global-color-5)","background-image":"","background-repeat":"repeat","background-position":"center center","background-size":"auto","background-attachment":"scroll","background-type":"","background-media":"","overlay-type":"","overlay-color":"","overlay-opacity":"","overlay-gradient":""},"tablet":{"background-color":"var(--ast-global-color-5)","background-image":"","background-repeat":"repeat","background-position":"center center","background-size":"auto","background-attachment":"scroll","background-type":"","background-media":"","overlay-type":"","overlay-color":"","overlay-opacity":"","overlay-gradient":""},"mobile":{"background-color":"var(--ast-global-color-5)","background-image":"","background-repeat":"repeat","background-position":"center center","background-size":"auto","background-attachment":"scroll","background-type":"","background-media":"","overlay-type":"","overlay-color":"","overlay-opacity":"","overlay-gradient":""}}},"product_brand":[],"product_cat":[324,325,315,326],"product_tag":[],"berocket_brand":[578],"class_list":{"0":"post-21481","1":"product","2":"type-product","3":"status-publish","4":"has-post-thumbnail","6":"product_cat-auduma","7":"product_cat-hidrogela","8":"product_cat-maskas","9":"product_cat-mitrinosas","10":"berocket_brand-biodance","11":"desktop-align-left","12":"tablet-align-left","13":"mobile-align-left","15":"first","16":"instock","17":"sale","18":"taxable","19":"shipping-taxable","20":"purchasable","21":"product-type-simple","22":"add-to-wishlist-before_image"},"yoast_head":"<!-- This site is optimized with the Yoast SEO plugin v27.3 - https:\/\/yoast.com\/product\/yoast-seo-wordpress\/ -->\n<title>BIODANCE Refreshing Sea Kelp Real Deep mask - FACECORNER<\/title>\n<meta name=\"description\" content=\"BIODANCE Refreshing Sea Kelp Real Deep mask atsvaidzino\u0161a hidrog\u0113la maska ar j\u016bras a\u013c\u0123\u0113m dzi\u013cas \u0101das atjauno\u0161anai un mitrin\u0101\u0161anai.\" \/>\n<meta name=\"robots\" content=\"index, follow, max-snippet:-1, max-image-preview:large, max-video-preview:-1\" \/>\n<link rel=\"canonical\" href=\"https:\/\/www.facecorner.lv\/en\/shop\/biodance-refreshing-sea-kelp-real-deep-mask\/\" \/>\n<meta property=\"og:locale\" content=\"en_US\" \/>\n<meta property=\"og:type\" content=\"article\" \/>\n<meta property=\"og:title\" content=\"BIODANCE Refreshing Sea Kelp Real Deep mask - FACECORNER\" \/>\n<meta property=\"og:description\" content=\"BIODANCE Refreshing Sea Kelp Real Deep mask atsvaidzino\u0161a hidrog\u0113la maska ar j\u016bras a\u013c\u0123\u0113m dzi\u013cas \u0101das atjauno\u0161anai un mitrin\u0101\u0161anai.\" \/>\n<meta property=\"og:url\" content=\"https:\/\/www.facecorner.lv\/en\/shop\/biodance-refreshing-sea-kelp-real-deep-mask\/\" \/>\n<meta property=\"og:site_name\" content=\"FACECORNER\" \/>\n<meta property=\"article:publisher\" content=\"https:\/\/www.facebook.com\/profile.php?id=100063824551839\" \/>\n<meta property=\"article:modified_time\" content=\"2026-03-12T11:18:44+00:00\" \/>\n<meta property=\"og:image\" content=\"https:\/\/www.facecorner.lv\/wp-content\/uploads\/2024\/11\/biodance_500014-650x650-1.jpg\" \/>\n\t<meta property=\"og:image:width\" content=\"650\" \/>\n\t<meta property=\"og:image:height\" content=\"650\" \/>\n\t<meta property=\"og:image:type\" content=\"image\/jpeg\" \/>\n<meta name=\"twitter:card\" content=\"summary_large_image\" \/>\n<meta name=\"twitter:label1\" content=\"Price\" \/>\n\t<meta name=\"twitter:data1\" content=\"&euro;6.10\" \/>\n\t<meta name=\"twitter:label2\" content=\"Availability\" \/>\n\t<meta name=\"twitter:data2\" content=\"In stock\" \/>\n<script type=\"application\/ld+json\" class=\"yoast-schema-graph\">{\"@context\":\"https:\\\/\\\/schema.org\",\"@graph\":[{\"@type\":\"WebPage\",\"@id\":\"https:\\\/\\\/www.facecorner.lv\\\/shop\\\/biodance-refreshing-sea-kelp-real-deep-mask\\\/\",\"url\":\"https:\\\/\\\/www.facecorner.lv\\\/shop\\\/biodance-refreshing-sea-kelp-real-deep-mask\\\/\",\"name\":\"BIODANCE Refreshing Sea Kelp Real Deep mask - FACECORNER\",\"isPartOf\":{\"@id\":\"https:\\\/\\\/www.facecorner.lv\\\/#website\"},\"primaryImageOfPage\":{\"@id\":\"https:\\\/\\\/www.facecorner.lv\\\/shop\\\/biodance-refreshing-sea-kelp-real-deep-mask\\\/#primaryimage\"},\"image\":{\"@id\":\"https:\\\/\\\/www.facecorner.lv\\\/shop\\\/biodance-refreshing-sea-kelp-real-deep-mask\\\/#primaryimage\"},\"thumbnailUrl\":\"https:\\\/\\\/www.facecorner.lv\\\/wp-content\\\/uploads\\\/2024\\\/11\\\/biodance_500014-650x650-1.jpg\",\"datePublished\":\"2024-11-08T12:05:30+00:00\",\"dateModified\":\"2026-03-12T11:18:44+00:00\",\"description\":\"BIODANCE Refreshing Sea Kelp Real Deep mask atsvaidzino\u0161a hidrog\u0113la maska ar j\u016bras a\u013c\u0123\u0113m dzi\u013cas \u0101das atjauno\u0161anai un mitrin\u0101\u0161anai.\",\"breadcrumb\":{\"@id\":\"https:\\\/\\\/www.facecorner.lv\\\/shop\\\/biodance-refreshing-sea-kelp-real-deep-mask\\\/#breadcrumb\"},\"inLanguage\":\"en-US\",\"potentialAction\":[{\"@type\":\"ReadAction\",\"target\":[\"https:\\\/\\\/www.facecorner.lv\\\/shop\\\/biodance-refreshing-sea-kelp-real-deep-mask\\\/\"]}]},{\"@type\":\"ImageObject\",\"inLanguage\":\"en-US\",\"@id\":\"https:\\\/\\\/www.facecorner.lv\\\/shop\\\/biodance-refreshing-sea-kelp-real-deep-mask\\\/#primaryimage\",\"url\":\"https:\\\/\\\/www.facecorner.lv\\\/wp-content\\\/uploads\\\/2024\\\/11\\\/biodance_500014-650x650-1.jpg\",\"contentUrl\":\"https:\\\/\\\/www.facecorner.lv\\\/wp-content\\\/uploads\\\/2024\\\/11\\\/biodance_500014-650x650-1.jpg\",\"width\":650,\"height\":650,\"caption\":\"BIODANCE Refreshing Sea Kelp Real Deep mask\"},{\"@type\":\"BreadcrumbList\",\"@id\":\"https:\\\/\\\/www.facecorner.lv\\\/shop\\\/biodance-refreshing-sea-kelp-real-deep-mask\\\/#breadcrumb\",\"itemListElement\":[{\"@type\":\"ListItem\",\"position\":1,\"name\":\"Home\",\"item\":\"https:\\\/\\\/www.facecorner.lv\\\/\"},{\"@type\":\"ListItem\",\"position\":2,\"name\":\"Veikals\",\"item\":\"https:\\\/\\\/www.facecorner.lv\\\/shop\\\/\"},{\"@type\":\"ListItem\",\"position\":3,\"name\":\"BIODANCE Refreshing Sea Kelp Real Deep mask\"}]},{\"@type\":\"WebSite\",\"@id\":\"https:\\\/\\\/www.facecorner.lv\\\/#website\",\"url\":\"https:\\\/\\\/www.facecorner.lv\\\/\",\"name\":\"Facecorner\",\"description\":\"\",\"publisher\":{\"@id\":\"https:\\\/\\\/www.facecorner.lv\\\/#organization\"},\"potentialAction\":[{\"@type\":\"SearchAction\",\"target\":{\"@type\":\"EntryPoint\",\"urlTemplate\":\"https:\\\/\\\/www.facecorner.lv\\\/?s={search_term_string}\"},\"query-input\":{\"@type\":\"PropertyValueSpecification\",\"valueRequired\":true,\"valueName\":\"search_term_string\"}}],\"inLanguage\":\"en-US\"},{\"@type\":\"Organization\",\"@id\":\"https:\\\/\\\/www.facecorner.lv\\\/#organization\",\"name\":\"Facecorner\",\"url\":\"https:\\\/\\\/www.facecorner.lv\\\/\",\"logo\":{\"@type\":\"ImageObject\",\"inLanguage\":\"en-US\",\"@id\":\"https:\\\/\\\/www.facecorner.lv\\\/#\\\/schema\\\/logo\\\/image\\\/\",\"url\":\"https:\\\/\\\/www.facecorner.lv\\\/wp-content\\\/uploads\\\/2024\\\/04\\\/fc-logo.jpg\",\"contentUrl\":\"https:\\\/\\\/www.facecorner.lv\\\/wp-content\\\/uploads\\\/2024\\\/04\\\/fc-logo.jpg\",\"width\":174,\"height\":28,\"caption\":\"Facecorner\"},\"image\":{\"@id\":\"https:\\\/\\\/www.facecorner.lv\\\/#\\\/schema\\\/logo\\\/image\\\/\"},\"sameAs\":[\"https:\\\/\\\/www.facebook.com\\\/profile.php?id=100063824551839\",\"https:\\\/\\\/www.instagram.com\\\/facecorner_shop\\\/\"]}]}<\/script>\n<meta property=\"product:price:amount\" content=\"6.10\" \/>\n<meta property=\"product:price:currency\" content=\"EUR\" \/>\n<meta property=\"og:availability\" content=\"instock\" \/>\n<meta property=\"product:availability\" content=\"instock\" \/>\n<meta property=\"product:condition\" content=\"new\" \/>\n<!-- \/ Yoast SEO plugin. -->","yoast_head_json":{"title":"BIODANCE Refreshing Sea Kelp Real Deep mask - FACECORNER","description":"BIODANCE Refreshing Sea Kelp Real Deep mask atsvaidzino\u0161a hidrog\u0113la maska ar j\u016bras a\u013c\u0123\u0113m dzi\u013cas \u0101das atjauno\u0161anai un mitrin\u0101\u0161anai.","robots":{"index":"index","follow":"follow","max-snippet":"max-snippet:-1","max-image-preview":"max-image-preview:large","max-video-preview":"max-video-preview:-1"},"canonical":"https:\/\/www.facecorner.lv\/en\/shop\/biodance-refreshing-sea-kelp-real-deep-mask\/","og_locale":"en_US","og_type":"article","og_title":"BIODANCE Refreshing Sea Kelp Real Deep mask - FACECORNER","og_description":"BIODANCE Refreshing Sea Kelp Real Deep mask atsvaidzino\u0161a hidrog\u0113la maska ar j\u016bras a\u013c\u0123\u0113m dzi\u013cas \u0101das atjauno\u0161anai un mitrin\u0101\u0161anai.","og_url":"https:\/\/www.facecorner.lv\/en\/shop\/biodance-refreshing-sea-kelp-real-deep-mask\/","og_site_name":"FACECORNER","article_publisher":"https:\/\/www.facebook.com\/profile.php?id=100063824551839","article_modified_time":"2026-03-12T11:18:44+00:00","og_image":[{"width":650,"height":650,"url":"https:\/\/www.facecorner.lv\/wp-content\/uploads\/2024\/11\/biodance_500014-650x650-1.jpg","type":"image\/jpeg"}],"twitter_card":"summary_large_image","twitter_misc":{"Price":"&euro;6.10","Availability":"In stock"},"schema":{"@context":"https:\/\/schema.org","@graph":[{"@type":"WebPage","@id":"https:\/\/www.facecorner.lv\/shop\/biodance-refreshing-sea-kelp-real-deep-mask\/","url":"https:\/\/www.facecorner.lv\/shop\/biodance-refreshing-sea-kelp-real-deep-mask\/","name":"BIODANCE Refreshing Sea Kelp Real Deep mask - FACECORNER","isPartOf":{"@id":"https:\/\/www.facecorner.lv\/#website"},"primaryImageOfPage":{"@id":"https:\/\/www.facecorner.lv\/shop\/biodance-refreshing-sea-kelp-real-deep-mask\/#primaryimage"},"image":{"@id":"https:\/\/www.facecorner.lv\/shop\/biodance-refreshing-sea-kelp-real-deep-mask\/#primaryimage"},"thumbnailUrl":"https:\/\/www.facecorner.lv\/wp-content\/uploads\/2024\/11\/biodance_500014-650x650-1.jpg","datePublished":"2024-11-08T12:05:30+00:00","dateModified":"2026-03-12T11:18:44+00:00","description":"BIODANCE Refreshing Sea Kelp Real Deep mask atsvaidzino\u0161a hidrog\u0113la maska ar j\u016bras a\u013c\u0123\u0113m dzi\u013cas \u0101das atjauno\u0161anai un mitrin\u0101\u0161anai.","breadcrumb":{"@id":"https:\/\/www.facecorner.lv\/shop\/biodance-refreshing-sea-kelp-real-deep-mask\/#breadcrumb"},"inLanguage":"en-US","potentialAction":[{"@type":"ReadAction","target":["https:\/\/www.facecorner.lv\/shop\/biodance-refreshing-sea-kelp-real-deep-mask\/"]}]},{"@type":"ImageObject","inLanguage":"en-US","@id":"https:\/\/www.facecorner.lv\/shop\/biodance-refreshing-sea-kelp-real-deep-mask\/#primaryimage","url":"https:\/\/www.facecorner.lv\/wp-content\/uploads\/2024\/11\/biodance_500014-650x650-1.jpg","contentUrl":"https:\/\/www.facecorner.lv\/wp-content\/uploads\/2024\/11\/biodance_500014-650x650-1.jpg","width":650,"height":650,"caption":"BIODANCE Refreshing Sea Kelp Real Deep mask"},{"@type":"BreadcrumbList","@id":"https:\/\/www.facecorner.lv\/shop\/biodance-refreshing-sea-kelp-real-deep-mask\/#breadcrumb","itemListElement":[{"@type":"ListItem","position":1,"name":"Home","item":"https:\/\/www.facecorner.lv\/"},{"@type":"ListItem","position":2,"name":"Veikals","item":"https:\/\/www.facecorner.lv\/shop\/"},{"@type":"ListItem","position":3,"name":"BIODANCE Refreshing Sea Kelp Real Deep mask"}]},{"@type":"WebSite","@id":"https:\/\/www.facecorner.lv\/#website","url":"https:\/\/www.facecorner.lv\/","name":"Facecorner","description":"","publisher":{"@id":"https:\/\/www.facecorner.lv\/#organization"},"potentialAction":[{"@type":"SearchAction","target":{"@type":"EntryPoint","urlTemplate":"https:\/\/www.facecorner.lv\/?s={search_term_string}"},"query-input":{"@type":"PropertyValueSpecification","valueRequired":true,"valueName":"search_term_string"}}],"inLanguage":"en-US"},{"@type":"Organization","@id":"https:\/\/www.facecorner.lv\/#organization","name":"Facecorner","url":"https:\/\/www.facecorner.lv\/","logo":{"@type":"ImageObject","inLanguage":"en-US","@id":"https:\/\/www.facecorner.lv\/#\/schema\/logo\/image\/","url":"https:\/\/www.facecorner.lv\/wp-content\/uploads\/2024\/04\/fc-logo.jpg","contentUrl":"https:\/\/www.facecorner.lv\/wp-content\/uploads\/2024\/04\/fc-logo.jpg","width":174,"height":28,"caption":"Facecorner"},"image":{"@id":"https:\/\/www.facecorner.lv\/#\/schema\/logo\/image\/"},"sameAs":["https:\/\/www.facebook.com\/profile.php?id=100063824551839","https:\/\/www.instagram.com\/facecorner_shop\/"]}]},"product_price_amount":"6.10","product_price_currency":"EUR","og_availability":"instock","product_availability":"instock","product_condition":"new"},"_links":{"self":[{"href":"https:\/\/www.facecorner.lv\/en\/wp-json\/wp\/v2\/product\/21481","targetHints":{"allow":["GET"]}}],"collection":[{"href":"https:\/\/www.facecorner.lv\/en\/wp-json\/wp\/v2\/product"}],"about":[{"href":"https:\/\/www.facecorner.lv\/en\/wp-json\/wp\/v2\/types\/product"}],"replies":[{"embeddable":true,"href":"https:\/\/www.facecorner.lv\/en\/wp-json\/wp\/v2\/comments?post=21481"}],"wp:featuredmedia":[{"embeddable":true,"href":"https:\/\/www.facecorner.lv\/en\/wp-json\/wp\/v2\/media\/21482"}],"wp:attachment":[{"href":"https:\/\/www.facecorner.lv\/en\/wp-json\/wp\/v2\/media?parent=21481"}],"wp:term":[{"taxonomy":"product_brand","embeddable":true,"href":"https:\/\/www.facecorner.lv\/en\/wp-json\/wp\/v2\/product_brand?post=21481"},{"taxonomy":"product_cat","embeddable":true,"href":"https:\/\/www.facecorner.lv\/en\/wp-json\/wp\/v2\/product_cat?post=21481"},{"taxonomy":"product_tag","embeddable":true,"href":"https:\/\/www.facecorner.lv\/en\/wp-json\/wp\/v2\/product_tag?post=21481"},{"taxonomy":"berocket_brand","embeddable":true,"href":"https:\/\/www.facecorner.lv\/en\/wp-json\/wp\/v2\/berocket_brand?post=21481"}],"curies":[{"name":"wp","href":"https:\/\/api.w.org\/{rel}","templated":true}]}}