{"id":21396,"date":"2024-10-24T13:46:51","date_gmt":"2024-10-24T10:46:51","guid":{"rendered":"https:\/\/www.facecorner.lv\/?post_type=product&#038;p=21396"},"modified":"2026-03-31T20:51:22","modified_gmt":"2026-03-31T17:51:22","slug":"anua-pdrn-hyaluronic-capsule-100-serum-1ml10ea","status":"publish","type":"product","link":"https:\/\/www.facecorner.lv\/en\/shop\/anua-pdrn-hyaluronic-capsule-100-serum-1ml10ea\/","title":{"rendered":"Anua PDRN Hyaluronic Acid Capsule 100 Serum 30ml"},"content":{"rendered":"<p>Anua PDRN Hyaluronic Acid Capsule 100 Serum ir mitrino\u0161s un \u0101du atjaunojo\u0161s serums, kas apvieno hialuronsk\u0101bi un PDRN (polidesoksiribonukleot\u012bdu), lai dzi\u013ci mitrin\u0101tu un atjaunotu \u0101du. Inkapsul\u0113t\u0101 formula nodro\u0161ina efekt\u012bvu uzs\u016bk\u0161anos, padarot \u0101du elast\u012bgu, gludu un mirdzo\u0161u.<\/p>\n<p>Piem\u0113rots visiem \u0101das tipiem, \u012bpa\u0161i tiem, kuriem nepiecie\u0161ama papildu mitrin\u0101\u0161ana un re\u0123ener\u0101cija.<\/p>\n<p><strong>How to use:<\/strong><\/p>\n<ul>\n<li><strong>Ikdienas kop\u0161ana<\/strong>: P\u0113c tonika lieto\u0161anas uzkl\u0101jiet uz \u0101das nepiecie\u0161amo seruma daudzumu un viegli iemas\u0113jiet, lai tas ies\u016bcas.<\/li>\n<li><strong>Nakts kop\u0161ana<\/strong>: uzkl\u0101jiet serumu 2-3 reizes, lai l\u012bdz n\u0101kamajai dienai \u0101da b\u016btu dzi\u013ci mitrin\u0101ta un tvirt\u0101ka.<\/li>\n<li><strong>Grima kop\u0161ana<\/strong>: Pievienojiet 1-2 pilienus savam pamattonim vai ton\u0101lajam kr\u0113mam, lai rad\u012btu starojo\u0161u grima izskatu.<\/li>\n<\/ul>\n<p><strong>Ingredientes:<\/strong> Purified Water, Butylene Glycol, Propanediol, Glycerin, Hydrolyzed Hyaluronic Acid, 1,2-Hexanediol, Niacinamide, Glyceryl Oleate, Lauryl Glucoside, Myristyl Glucoside, Polyglyceryl-6 Laurate, Hydrogenated Lecithin, Glutathione, Hydrolyzed Collagen, Sodium Hyaluronate, Coptis Root Extract, Adenosine, Sodium DNA, Hyaluronic Acid, Hydrolyzed Sodium Hyaluronate, Hydroxypropyltrimonium Hyaluronate, Potassium Hyaluronate, Sodium Hyaluronate Crosspolymer, Sodium Acetylated Hyaluronate, Neem Leaf and Flower Extract, Ivy Gourd Fruit Extract, Eggplant Fruit Extract, Holy Basil Leaf Extract, Citric Acid, Turmeric Root Extract, Coral Extract, Sodium Citrate, Pentylene Glycol.<\/p>","protected":false},"excerpt":{"rendered":"<p>Anua PDRN Hyaluronic Acid Capsule 100 Serum ir mitrino\u0161s un \u0101du atjaunojo\u0161s serums, kas apvieno hialuronsk\u0101bi un PDRN (polidesoksiribonukleot\u012bdu), lai dzi\u013ci mitrin\u0101tu un atjaunotu \u0101du. Inkapsul\u0113t\u0101 formula nodro\u0161ina efekt\u012bvu uzs\u016bk\u0161anos, padarot \u0101du elast\u012bgu, gludu un mirdzo\u0161u.<\/p>","protected":false},"featured_media":23668,"comment_status":"open","ping_status":"closed","template":"","meta":{"site-sidebar-layout":"default","site-content-layout":"","ast-site-content-layout":"default","site-content-style":"default","site-sidebar-style":"default","ast-global-header-display":"","ast-banner-title-visibility":"","ast-main-header-display":"","ast-hfb-above-header-display":"","ast-hfb-below-header-display":"","ast-hfb-mobile-header-display":"","site-post-title":"","ast-breadcrumbs-content":"","ast-featured-img":"","footer-sml-layout":"","theme-transparent-header-meta":"default","adv-header-id-meta":"","stick-header-meta":"","header-above-stick-meta":"","header-main-stick-meta":"","header-below-stick-meta":"","astra-migrate-meta-layouts":"set","ast-page-background-enabled":"default","ast-page-background-meta":{"desktop":{"background-color":"var(--ast-global-color-4)","background-image":"","background-repeat":"repeat","background-position":"center center","background-size":"auto","background-attachment":"scroll","background-type":"","background-media":"","overlay-type":"","overlay-color":"","overlay-opacity":"","overlay-gradient":""},"tablet":{"background-color":"","background-image":"","background-repeat":"repeat","background-position":"center center","background-size":"auto","background-attachment":"scroll","background-type":"","background-media":"","overlay-type":"","overlay-color":"","overlay-opacity":"","overlay-gradient":""},"mobile":{"background-color":"","background-image":"","background-repeat":"repeat","background-position":"center center","background-size":"auto","background-attachment":"scroll","background-type":"","background-media":"","overlay-type":"","overlay-color":"","overlay-opacity":"","overlay-gradient":""}},"ast-content-background-meta":{"desktop":{"background-color":"var(--ast-global-color-5)","background-image":"","background-repeat":"repeat","background-position":"center center","background-size":"auto","background-attachment":"scroll","background-type":"","background-media":"","overlay-type":"","overlay-color":"","overlay-opacity":"","overlay-gradient":""},"tablet":{"background-color":"var(--ast-global-color-5)","background-image":"","background-repeat":"repeat","background-position":"center center","background-size":"auto","background-attachment":"scroll","background-type":"","background-media":"","overlay-type":"","overlay-color":"","overlay-opacity":"","overlay-gradient":""},"mobile":{"background-color":"var(--ast-global-color-5)","background-image":"","background-repeat":"repeat","background-position":"center center","background-size":"auto","background-attachment":"scroll","background-type":"","background-media":"","overlay-type":"","overlay-color":"","overlay-opacity":"","overlay-gradient":""}}},"product_brand":[],"product_cat":[370,371,372,363],"product_tag":[],"berocket_brand":[575],"class_list":{"0":"post-21396","1":"product","2":"type-product","3":"status-publish","4":"has-post-thumbnail","6":"product_cat-adas-mirdzumam","7":"product_cat-anti-age","8":"product_cat-jutigai-adai-serumi","9":"product_cat-serumi","10":"berocket_brand-anua","11":"desktop-align-left","12":"tablet-align-left","13":"mobile-align-left","15":"first","16":"instock","17":"taxable","18":"shipping-taxable","19":"purchasable","20":"product-type-simple","21":"add-to-wishlist-before_image"},"yoast_head":"<!-- This site is optimized with the Yoast SEO plugin v27.3 - https:\/\/yoast.com\/product\/yoast-seo-wordpress\/ -->\n<title>Anua PDRN Hyaluronic Acid Capsule 100 Serum 30ml - FACECORNER<\/title>\n<meta name=\"description\" content=\"Anua PDRN Hyaluronic Acid Capsule 100 Serum ir mitrino\u0161s un \u0101du atjaunojo\u0161s serums, kas apvieno hialuronsk\u0101bi un PDRN lai dzi\u013ci mitrin\u0101tu un atjaunotu \u0101du\" \/>\n<meta name=\"robots\" content=\"index, follow, max-snippet:-1, max-image-preview:large, max-video-preview:-1\" \/>\n<link rel=\"canonical\" href=\"https:\/\/www.facecorner.lv\/en\/shop\/anua-pdrn-hyaluronic-capsule-100-serum-1ml10ea\/\" \/>\n<meta property=\"og:locale\" content=\"en_US\" \/>\n<meta property=\"og:type\" content=\"article\" \/>\n<meta property=\"og:title\" content=\"Anua PDRN Hyaluronic Acid Capsule 100 Serum 30ml - FACECORNER\" \/>\n<meta property=\"og:description\" content=\"Anua PDRN Hyaluronic Acid Capsule 100 Serum ir mitrino\u0161s un \u0101du atjaunojo\u0161s serums, kas apvieno hialuronsk\u0101bi un PDRN lai dzi\u013ci mitrin\u0101tu un atjaunotu \u0101du\" \/>\n<meta property=\"og:url\" content=\"https:\/\/www.facecorner.lv\/en\/shop\/anua-pdrn-hyaluronic-capsule-100-serum-1ml10ea\/\" \/>\n<meta property=\"og:site_name\" content=\"FACECORNER\" \/>\n<meta property=\"article:publisher\" content=\"https:\/\/www.facebook.com\/profile.php?id=100063824551839\" \/>\n<meta property=\"article:modified_time\" content=\"2026-03-31T17:51:22+00:00\" \/>\n<meta property=\"og:image\" content=\"https:\/\/www.facecorner.lv\/wp-content\/uploads\/2024\/10\/Anua_PDRN_Hyaluronic_Acid_Capsule_100_Serum_30_mL_KBeauty_Australia__82797.jpg\" \/>\n\t<meta property=\"og:image:width\" content=\"1280\" \/>\n\t<meta property=\"og:image:height\" content=\"1280\" \/>\n\t<meta property=\"og:image:type\" content=\"image\/jpeg\" \/>\n<meta name=\"twitter:card\" content=\"summary_large_image\" \/>\n<meta name=\"twitter:label1\" content=\"Price\" \/>\n\t<meta name=\"twitter:data1\" content=\"&euro;28.00\" \/>\n\t<meta name=\"twitter:label2\" content=\"Availability\" \/>\n\t<meta name=\"twitter:data2\" content=\"In stock\" \/>\n<script type=\"application\/ld+json\" class=\"yoast-schema-graph\">{\"@context\":\"https:\\\/\\\/schema.org\",\"@graph\":[{\"@type\":\"WebPage\",\"@id\":\"https:\\\/\\\/www.facecorner.lv\\\/shop\\\/anua-pdrn-hyaluronic-capsule-100-serum-1ml10ea\\\/\",\"url\":\"https:\\\/\\\/www.facecorner.lv\\\/shop\\\/anua-pdrn-hyaluronic-capsule-100-serum-1ml10ea\\\/\",\"name\":\"Anua PDRN Hyaluronic Acid Capsule 100 Serum 30ml - FACECORNER\",\"isPartOf\":{\"@id\":\"https:\\\/\\\/www.facecorner.lv\\\/#website\"},\"primaryImageOfPage\":{\"@id\":\"https:\\\/\\\/www.facecorner.lv\\\/shop\\\/anua-pdrn-hyaluronic-capsule-100-serum-1ml10ea\\\/#primaryimage\"},\"image\":{\"@id\":\"https:\\\/\\\/www.facecorner.lv\\\/shop\\\/anua-pdrn-hyaluronic-capsule-100-serum-1ml10ea\\\/#primaryimage\"},\"thumbnailUrl\":\"https:\\\/\\\/www.facecorner.lv\\\/wp-content\\\/uploads\\\/2024\\\/10\\\/Anua_PDRN_Hyaluronic_Acid_Capsule_100_Serum_30_mL_KBeauty_Australia__82797.jpg\",\"datePublished\":\"2024-10-24T10:46:51+00:00\",\"dateModified\":\"2026-03-31T17:51:22+00:00\",\"description\":\"Anua PDRN Hyaluronic Acid Capsule 100 Serum ir mitrino\u0161s un \u0101du atjaunojo\u0161s serums, kas apvieno hialuronsk\u0101bi un PDRN lai dzi\u013ci mitrin\u0101tu un atjaunotu \u0101du\",\"breadcrumb\":{\"@id\":\"https:\\\/\\\/www.facecorner.lv\\\/shop\\\/anua-pdrn-hyaluronic-capsule-100-serum-1ml10ea\\\/#breadcrumb\"},\"inLanguage\":\"en-US\",\"potentialAction\":[{\"@type\":\"ReadAction\",\"target\":[\"https:\\\/\\\/www.facecorner.lv\\\/shop\\\/anua-pdrn-hyaluronic-capsule-100-serum-1ml10ea\\\/\"]}]},{\"@type\":\"ImageObject\",\"inLanguage\":\"en-US\",\"@id\":\"https:\\\/\\\/www.facecorner.lv\\\/shop\\\/anua-pdrn-hyaluronic-capsule-100-serum-1ml10ea\\\/#primaryimage\",\"url\":\"https:\\\/\\\/www.facecorner.lv\\\/wp-content\\\/uploads\\\/2024\\\/10\\\/Anua_PDRN_Hyaluronic_Acid_Capsule_100_Serum_30_mL_KBeauty_Australia__82797.jpg\",\"contentUrl\":\"https:\\\/\\\/www.facecorner.lv\\\/wp-content\\\/uploads\\\/2024\\\/10\\\/Anua_PDRN_Hyaluronic_Acid_Capsule_100_Serum_30_mL_KBeauty_Australia__82797.jpg\",\"width\":1280,\"height\":1280,\"caption\":\"Anua PDRN Hyaluronic Acid Capsule 100 Serum\"},{\"@type\":\"BreadcrumbList\",\"@id\":\"https:\\\/\\\/www.facecorner.lv\\\/shop\\\/anua-pdrn-hyaluronic-capsule-100-serum-1ml10ea\\\/#breadcrumb\",\"itemListElement\":[{\"@type\":\"ListItem\",\"position\":1,\"name\":\"Home\",\"item\":\"https:\\\/\\\/www.facecorner.lv\\\/\"},{\"@type\":\"ListItem\",\"position\":2,\"name\":\"Veikals\",\"item\":\"https:\\\/\\\/www.facecorner.lv\\\/shop\\\/\"},{\"@type\":\"ListItem\",\"position\":3,\"name\":\"Anua PDRN Hyaluronic Acid Capsule 100 Serum 30ml\"}]},{\"@type\":\"WebSite\",\"@id\":\"https:\\\/\\\/www.facecorner.lv\\\/#website\",\"url\":\"https:\\\/\\\/www.facecorner.lv\\\/\",\"name\":\"Facecorner\",\"description\":\"\",\"publisher\":{\"@id\":\"https:\\\/\\\/www.facecorner.lv\\\/#organization\"},\"potentialAction\":[{\"@type\":\"SearchAction\",\"target\":{\"@type\":\"EntryPoint\",\"urlTemplate\":\"https:\\\/\\\/www.facecorner.lv\\\/?s={search_term_string}\"},\"query-input\":{\"@type\":\"PropertyValueSpecification\",\"valueRequired\":true,\"valueName\":\"search_term_string\"}}],\"inLanguage\":\"en-US\"},{\"@type\":\"Organization\",\"@id\":\"https:\\\/\\\/www.facecorner.lv\\\/#organization\",\"name\":\"Facecorner\",\"url\":\"https:\\\/\\\/www.facecorner.lv\\\/\",\"logo\":{\"@type\":\"ImageObject\",\"inLanguage\":\"en-US\",\"@id\":\"https:\\\/\\\/www.facecorner.lv\\\/#\\\/schema\\\/logo\\\/image\\\/\",\"url\":\"https:\\\/\\\/www.facecorner.lv\\\/wp-content\\\/uploads\\\/2024\\\/04\\\/fc-logo.jpg\",\"contentUrl\":\"https:\\\/\\\/www.facecorner.lv\\\/wp-content\\\/uploads\\\/2024\\\/04\\\/fc-logo.jpg\",\"width\":174,\"height\":28,\"caption\":\"Facecorner\"},\"image\":{\"@id\":\"https:\\\/\\\/www.facecorner.lv\\\/#\\\/schema\\\/logo\\\/image\\\/\"},\"sameAs\":[\"https:\\\/\\\/www.facebook.com\\\/profile.php?id=100063824551839\",\"https:\\\/\\\/www.instagram.com\\\/facecorner_shop\\\/\"]}]}<\/script>\n<meta property=\"product:price:amount\" content=\"28.00\" \/>\n<meta property=\"product:price:currency\" content=\"EUR\" \/>\n<meta property=\"og:availability\" content=\"instock\" \/>\n<meta property=\"product:availability\" content=\"instock\" \/>\n<meta property=\"product:condition\" content=\"new\" \/>\n<!-- \/ Yoast SEO plugin. -->","yoast_head_json":{"title":"Anua PDRN Hyaluronic Acid Capsule 100 Serum 30ml - FACECORNER","description":"Anua PDRN Hyaluronic Acid Capsule 100 Serum ir mitrino\u0161s un \u0101du atjaunojo\u0161s serums, kas apvieno hialuronsk\u0101bi un PDRN lai dzi\u013ci mitrin\u0101tu un atjaunotu \u0101du","robots":{"index":"index","follow":"follow","max-snippet":"max-snippet:-1","max-image-preview":"max-image-preview:large","max-video-preview":"max-video-preview:-1"},"canonical":"https:\/\/www.facecorner.lv\/en\/shop\/anua-pdrn-hyaluronic-capsule-100-serum-1ml10ea\/","og_locale":"en_US","og_type":"article","og_title":"Anua PDRN Hyaluronic Acid Capsule 100 Serum 30ml - FACECORNER","og_description":"Anua PDRN Hyaluronic Acid Capsule 100 Serum ir mitrino\u0161s un \u0101du atjaunojo\u0161s serums, kas apvieno hialuronsk\u0101bi un PDRN lai dzi\u013ci mitrin\u0101tu un atjaunotu \u0101du","og_url":"https:\/\/www.facecorner.lv\/en\/shop\/anua-pdrn-hyaluronic-capsule-100-serum-1ml10ea\/","og_site_name":"FACECORNER","article_publisher":"https:\/\/www.facebook.com\/profile.php?id=100063824551839","article_modified_time":"2026-03-31T17:51:22+00:00","og_image":[{"width":1280,"height":1280,"url":"https:\/\/www.facecorner.lv\/wp-content\/uploads\/2024\/10\/Anua_PDRN_Hyaluronic_Acid_Capsule_100_Serum_30_mL_KBeauty_Australia__82797.jpg","type":"image\/jpeg"}],"twitter_card":"summary_large_image","twitter_misc":{"Price":"&euro;28.00","Availability":"In stock"},"schema":{"@context":"https:\/\/schema.org","@graph":[{"@type":"WebPage","@id":"https:\/\/www.facecorner.lv\/shop\/anua-pdrn-hyaluronic-capsule-100-serum-1ml10ea\/","url":"https:\/\/www.facecorner.lv\/shop\/anua-pdrn-hyaluronic-capsule-100-serum-1ml10ea\/","name":"Anua PDRN Hyaluronic Acid Capsule 100 Serum 30ml - FACECORNER","isPartOf":{"@id":"https:\/\/www.facecorner.lv\/#website"},"primaryImageOfPage":{"@id":"https:\/\/www.facecorner.lv\/shop\/anua-pdrn-hyaluronic-capsule-100-serum-1ml10ea\/#primaryimage"},"image":{"@id":"https:\/\/www.facecorner.lv\/shop\/anua-pdrn-hyaluronic-capsule-100-serum-1ml10ea\/#primaryimage"},"thumbnailUrl":"https:\/\/www.facecorner.lv\/wp-content\/uploads\/2024\/10\/Anua_PDRN_Hyaluronic_Acid_Capsule_100_Serum_30_mL_KBeauty_Australia__82797.jpg","datePublished":"2024-10-24T10:46:51+00:00","dateModified":"2026-03-31T17:51:22+00:00","description":"Anua PDRN Hyaluronic Acid Capsule 100 Serum ir mitrino\u0161s un \u0101du atjaunojo\u0161s serums, kas apvieno hialuronsk\u0101bi un PDRN lai dzi\u013ci mitrin\u0101tu un atjaunotu \u0101du","breadcrumb":{"@id":"https:\/\/www.facecorner.lv\/shop\/anua-pdrn-hyaluronic-capsule-100-serum-1ml10ea\/#breadcrumb"},"inLanguage":"en-US","potentialAction":[{"@type":"ReadAction","target":["https:\/\/www.facecorner.lv\/shop\/anua-pdrn-hyaluronic-capsule-100-serum-1ml10ea\/"]}]},{"@type":"ImageObject","inLanguage":"en-US","@id":"https:\/\/www.facecorner.lv\/shop\/anua-pdrn-hyaluronic-capsule-100-serum-1ml10ea\/#primaryimage","url":"https:\/\/www.facecorner.lv\/wp-content\/uploads\/2024\/10\/Anua_PDRN_Hyaluronic_Acid_Capsule_100_Serum_30_mL_KBeauty_Australia__82797.jpg","contentUrl":"https:\/\/www.facecorner.lv\/wp-content\/uploads\/2024\/10\/Anua_PDRN_Hyaluronic_Acid_Capsule_100_Serum_30_mL_KBeauty_Australia__82797.jpg","width":1280,"height":1280,"caption":"Anua PDRN Hyaluronic Acid Capsule 100 Serum"},{"@type":"BreadcrumbList","@id":"https:\/\/www.facecorner.lv\/shop\/anua-pdrn-hyaluronic-capsule-100-serum-1ml10ea\/#breadcrumb","itemListElement":[{"@type":"ListItem","position":1,"name":"Home","item":"https:\/\/www.facecorner.lv\/"},{"@type":"ListItem","position":2,"name":"Veikals","item":"https:\/\/www.facecorner.lv\/shop\/"},{"@type":"ListItem","position":3,"name":"Anua PDRN Hyaluronic Acid Capsule 100 Serum 30ml"}]},{"@type":"WebSite","@id":"https:\/\/www.facecorner.lv\/#website","url":"https:\/\/www.facecorner.lv\/","name":"Facecorner","description":"","publisher":{"@id":"https:\/\/www.facecorner.lv\/#organization"},"potentialAction":[{"@type":"SearchAction","target":{"@type":"EntryPoint","urlTemplate":"https:\/\/www.facecorner.lv\/?s={search_term_string}"},"query-input":{"@type":"PropertyValueSpecification","valueRequired":true,"valueName":"search_term_string"}}],"inLanguage":"en-US"},{"@type":"Organization","@id":"https:\/\/www.facecorner.lv\/#organization","name":"Facecorner","url":"https:\/\/www.facecorner.lv\/","logo":{"@type":"ImageObject","inLanguage":"en-US","@id":"https:\/\/www.facecorner.lv\/#\/schema\/logo\/image\/","url":"https:\/\/www.facecorner.lv\/wp-content\/uploads\/2024\/04\/fc-logo.jpg","contentUrl":"https:\/\/www.facecorner.lv\/wp-content\/uploads\/2024\/04\/fc-logo.jpg","width":174,"height":28,"caption":"Facecorner"},"image":{"@id":"https:\/\/www.facecorner.lv\/#\/schema\/logo\/image\/"},"sameAs":["https:\/\/www.facebook.com\/profile.php?id=100063824551839","https:\/\/www.instagram.com\/facecorner_shop\/"]}]},"product_price_amount":"28.00","product_price_currency":"EUR","og_availability":"instock","product_availability":"instock","product_condition":"new"},"_links":{"self":[{"href":"https:\/\/www.facecorner.lv\/en\/wp-json\/wp\/v2\/product\/21396","targetHints":{"allow":["GET"]}}],"collection":[{"href":"https:\/\/www.facecorner.lv\/en\/wp-json\/wp\/v2\/product"}],"about":[{"href":"https:\/\/www.facecorner.lv\/en\/wp-json\/wp\/v2\/types\/product"}],"replies":[{"embeddable":true,"href":"https:\/\/www.facecorner.lv\/en\/wp-json\/wp\/v2\/comments?post=21396"}],"wp:featuredmedia":[{"embeddable":true,"href":"https:\/\/www.facecorner.lv\/en\/wp-json\/wp\/v2\/media\/23668"}],"wp:attachment":[{"href":"https:\/\/www.facecorner.lv\/en\/wp-json\/wp\/v2\/media?parent=21396"}],"wp:term":[{"taxonomy":"product_brand","embeddable":true,"href":"https:\/\/www.facecorner.lv\/en\/wp-json\/wp\/v2\/product_brand?post=21396"},{"taxonomy":"product_cat","embeddable":true,"href":"https:\/\/www.facecorner.lv\/en\/wp-json\/wp\/v2\/product_cat?post=21396"},{"taxonomy":"product_tag","embeddable":true,"href":"https:\/\/www.facecorner.lv\/en\/wp-json\/wp\/v2\/product_tag?post=21396"},{"taxonomy":"berocket_brand","embeddable":true,"href":"https:\/\/www.facecorner.lv\/en\/wp-json\/wp\/v2\/berocket_brand?post=21396"}],"curies":[{"name":"wp","href":"https:\/\/api.w.org\/{rel}","templated":true}]}}