{"id":21392,"date":"2024-10-24T13:33:14","date_gmt":"2024-10-24T10:33:14","guid":{"rendered":"https:\/\/www.facecorner.lv\/?post_type=product&#038;p=21392"},"modified":"2025-09-17T11:47:31","modified_gmt":"2025-09-17T08:47:31","slug":"isntree-hyper-acid4-aha-bha-pha-lha-30-serum-20ml","status":"publish","type":"product","link":"https:\/\/www.facecorner.lv\/en\/shop\/isntree-hyper-acid4-aha-bha-pha-lha-30-serum-20ml\/","title":{"rendered":"IsNtree Hyper Acid4 AHA BHA PHA LHA 30 Serum 20ml"},"content":{"rendered":"<p>IsNtree Hyper Acid4 AHA BHA PHA LHA 30 Serum ar sk\u0101bju kompleksu eksfoli\u0113 raga sl\u0101ni, att\u012bra poras, nov\u0113r\u0161 taukaina sp\u012bduma veido\u0161anos un komedonu veido\u0161anos. Regul\u0101ri lietojot, l\u012bdzeklis uztur t\u012bru un gludu reljefu, izgaismo melnos plankumus un tauku pavedienus, samazina pigment\u0101ciju un p\u0113peguna p\u0113das. T\u0101 sast\u0101v\u0101 ir sk\u0101bju komplekss &#8211; AHA, BHA, PHA un LHA, k\u0101 ar\u012b kokogles pulveris, k\u016bdras \u016bdens, niacinam\u012bds un alanto\u012bns.<\/p>\n<p><b>Galven\u0101s akt\u012bv\u0101s sast\u0101vda\u013cas<\/b>:<\/p>\n<ul>\n<li><b>15,3% AHA (piensk\u0101be)<\/b> maigi p\u012blingo epidermas keratiniz\u0113to sl\u0101ni, stimul\u0113 dz\u012b\u0161anas un atjauno\u0161an\u0101s procesus. Izl\u012bdzina mikroreljefu, uzlabo sejas kr\u0101su.<\/li>\n<li><b>14,61% PHA (glikoonolaktons<\/b> ) ir liel\u0101kas molekulas nek\u0101 AHA, t\u0101p\u0113c t\u0101 ir piem\u0113rota jut\u012bgai \u0101dai. T\u0101 maigi no\u0146em keratiniz\u0113t\u0101s \u0161\u016bnas, izl\u012bdzina reljefu un izgaismo pigment\u0101ciju.<\/li>\n<li><b>0,1% BHA (salicilsk\u0101be)<\/b> ir taukos \u0161\u0137\u012bsto\u0161a sk\u0101be, kas iek\u013c\u016bst por\u0101s. Izgaismo melnos plankumus un tauku pavedienus, nov\u0113r\u0161 iekaisumu, normaliz\u0113 sebuma veido\u0161anos un nov\u0113r\u0161 sp\u012bdumu T zon\u0101.<\/li>\n<li><b>0,01% LHA (kaprilsalicilsalicilsk\u0101be<\/b> ) ir maigs BHA analogs, kura molekulu izm\u0113rs ir liel\u0101ks, t\u0101p\u0113c iedarbojas maig\u0101k. T\u0101 \u0161\u0137\u012bdina por\u0101s eso\u0161os piemais\u012bjumus, atvieglo sebuma veido\u0161anos, nov\u0113r\u0161 melnos plankumus.<\/li>\n<\/ul>\n<p><b>KEY INGREDIENTS:<\/b><\/p>\n<ul>\n<li>kokog\u013cu pulveris absorb\u0113 lieko sebumu, izvelk visus net\u012brumus no por\u0101m, tam ir laba att\u012bro\u0161a iedarb\u012bba.<\/li>\n<li>K\u016bdras \u016bdenim ir p\u012blinga iedarb\u012bba, stimul\u0113 mikrocirkul\u0101ciju, pies\u0101tina ar miner\u0101lviel\u0101m.<\/li>\n<li>Niacinam\u012bdam (vitam\u012bnam B3) ir daudzfunkcion\u0101la iedarb\u012bba: tas regul\u0113 sebuma sekr\u0113ciju, nov\u0113r\u0161ot taukainu sp\u012bdumu, balina un nov\u0113r\u0161 pigment\u0101ciju, stimul\u0113 kolag\u0113na veido\u0161anos, palielinot elast\u012bbu un tvirtumu.<\/li>\n<li>Alanto\u012bns &#8211; antioksidants, pal\u0113nina \u0161\u016bnu noveco\u0161anos, samazina jut\u012bgumu, stimul\u0113 re\u0123ener\u0101ciju.<\/li>\n<\/ul>\n<p><b>How to use:<\/b>: p\u0113c mazg\u0101\u0161anas uzkl\u0101jiet serumu uz sausas \u0101das, izvairoties no acu un l\u016bpu zonas. 1 min\u016bti maigi mas\u0113jiet, p\u0113c tam r\u016bp\u012bgi noskalojiet l\u012bdzekli ar \u016bdeni un turpiniet kop\u0161anu. Ieteicams vakara kop\u0161anai. Lieto\u0161anas laik\u0101 var b\u016bt j\u016btams neliels tirp\u0161anas saj\u016bta: tas ir norm\u0101li. Ja rodas sp\u0113c\u012bgs kairin\u0101jums, nekav\u0113joties noskalojiet ar \u016bdeni.<\/p>\n<p><b>Uzman\u012bbu!<\/b> Neatst\u0101jiet p\u012blingu uz \u0101das ilg\u0101k par 1 min\u016bti. Ieteicams lietot ne bie\u017e\u0101k k\u0101 1-2 reizes ned\u0113\u013c\u0101. L\u012bdzeklis satur lielu sk\u0101bju koncentr\u0101ciju, kas var izrais\u012bt fotosensitivit\u0101ti: lietojiet saules aizsargkr\u0113mu ar aizsardz\u012bbas faktoru SPF 50 PA++++.<\/p>\n<p><strong>Ingredientes:<\/strong> Water, Gluconolactone, Lactic Acid, Methylpropanediol, Glycerin, Oleic Acid, Potassium Hydroxide, 1,2-Hexanediol, Diethoxyethyl\u00a0Succinate, Glycerin, Xanthan gum, Polyglyceryl-10 Laurate, Acacia Senegal Gum, Polyglyceryl-10 Myristate, Glyceryl Caprylate, Niacinamide, Salicylic\u00a0Acid, Allantoin, Disodium EDTA, Ethylhexylglycerin, Peat Water, Citric Acid, Hydroxypropyl\u00a0Methylcellulose, Capryloyl Salicylic Acid, Butylene Glycol, Potassium Sorbate, Charcoal Powder<\/p>\n<p>&nbsp;<\/p>","protected":false},"excerpt":{"rendered":"<p>IsNtree Hyper Acid4 AHA BHA PHA LHA 30 Serum ar sk\u0101bju kompleksu eksfoli\u0113 raga sl\u0101ni, att\u012bra poras, nov\u0113r\u0161 taukaina sp\u012bduma veido\u0161anos un komedonu veido\u0161anos.<\/p>","protected":false},"featured_media":21395,"comment_status":"open","ping_status":"closed","template":"","meta":{"site-sidebar-layout":"default","site-content-layout":"","ast-site-content-layout":"","site-content-style":"default","site-sidebar-style":"default","ast-global-header-display":"","ast-banner-title-visibility":"","ast-main-header-display":"","ast-hfb-above-header-display":"","ast-hfb-below-header-display":"","ast-hfb-mobile-header-display":"","site-post-title":"","ast-breadcrumbs-content":"","ast-featured-img":"","footer-sml-layout":"","theme-transparent-header-meta":"","adv-header-id-meta":"","stick-header-meta":"","header-above-stick-meta":"","header-main-stick-meta":"","header-below-stick-meta":"","astra-migrate-meta-layouts":"default","ast-page-background-enabled":"default","ast-page-background-meta":{"desktop":{"background-color":"var(--ast-global-color-4)","background-image":"","background-repeat":"repeat","background-position":"center center","background-size":"auto","background-attachment":"scroll","background-type":"","background-media":"","overlay-type":"","overlay-color":"","overlay-opacity":"","overlay-gradient":""},"tablet":{"background-color":"","background-image":"","background-repeat":"repeat","background-position":"center center","background-size":"auto","background-attachment":"scroll","background-type":"","background-media":"","overlay-type":"","overlay-color":"","overlay-opacity":"","overlay-gradient":""},"mobile":{"background-color":"","background-image":"","background-repeat":"repeat","background-position":"center center","background-size":"auto","background-attachment":"scroll","background-type":"","background-media":"","overlay-type":"","overlay-color":"","overlay-opacity":"","overlay-gradient":""}},"ast-content-background-meta":{"desktop":{"background-color":"var(--ast-global-color-5)","background-image":"","background-repeat":"repeat","background-position":"center center","background-size":"auto","background-attachment":"scroll","background-type":"","background-media":"","overlay-type":"","overlay-color":"","overlay-opacity":"","overlay-gradient":""},"tablet":{"background-color":"var(--ast-global-color-5)","background-image":"","background-repeat":"repeat","background-position":"center center","background-size":"auto","background-attachment":"scroll","background-type":"","background-media":"","overlay-type":"","overlay-color":"","overlay-opacity":"","overlay-gradient":""},"mobile":{"background-color":"var(--ast-global-color-5)","background-image":"","background-repeat":"repeat","background-position":"center center","background-size":"auto","background-attachment":"scroll","background-type":"","background-media":"","overlay-type":"","overlay-color":"","overlay-opacity":"","overlay-gradient":""}}},"product_brand":[],"product_cat":[511,328],"product_tag":[],"berocket_brand":[585],"class_list":{"0":"post-21392","1":"product","2":"type-product","3":"status-publish","4":"has-post-thumbnail","6":"product_cat-atlaides","7":"product_cat-pilingi-un-skrubji","8":"berocket_brand-isntree","9":"desktop-align-left","10":"tablet-align-left","11":"mobile-align-left","13":"first","14":"outofstock","15":"sale","16":"taxable","17":"shipping-taxable","18":"purchasable","19":"product-type-simple","20":"add-to-wishlist-before_image"},"yoast_head":"<!-- This site is optimized with the Yoast SEO plugin v27.4 - https:\/\/yoast.com\/product\/yoast-seo-wordpress\/ -->\n<title>IsNtree Hyper Acid4 AHA BHA PHA LHA 30 Serum 20ml - FACECORNER<\/title>\n<meta name=\"description\" content=\"IsNtree Hyper Acid4 AHA BHA PHA LHA 30 Serum ar sk\u0101bju kompleksu eksfoli\u0113 raga sl\u0101ni, att\u012bra poras, nov\u0113r\u0161 taukaina sp\u012bduma veido\u0161anos\" \/>\n<meta name=\"robots\" content=\"index, follow, max-snippet:-1, max-image-preview:large, max-video-preview:-1\" \/>\n<link rel=\"canonical\" href=\"https:\/\/www.facecorner.lv\/en\/shop\/isntree-hyper-acid4-aha-bha-pha-lha-30-serum-20ml\/\" \/>\n<meta property=\"og:locale\" content=\"en_US\" \/>\n<meta property=\"og:type\" content=\"article\" \/>\n<meta property=\"og:title\" content=\"IsNtree Hyper Acid4 AHA BHA PHA LHA 30 Serum 20ml - FACECORNER\" \/>\n<meta property=\"og:description\" content=\"IsNtree Hyper Acid4 AHA BHA PHA LHA 30 Serum ar sk\u0101bju kompleksu eksfoli\u0113 raga sl\u0101ni, att\u012bra poras, nov\u0113r\u0161 taukaina sp\u012bduma veido\u0161anos\" \/>\n<meta property=\"og:url\" content=\"https:\/\/www.facecorner.lv\/en\/shop\/isntree-hyper-acid4-aha-bha-pha-lha-30-serum-20ml\/\" \/>\n<meta property=\"og:site_name\" content=\"FACECORNER\" \/>\n<meta property=\"article:publisher\" content=\"https:\/\/www.facebook.com\/profile.php?id=100063824551839\" \/>\n<meta property=\"article:modified_time\" content=\"2025-09-17T08:47:31+00:00\" \/>\n<meta property=\"og:image\" content=\"https:\/\/www.facecorner.lv\/wp-content\/uploads\/2024\/10\/0_82450fbc-4147-4211-a52e-5fcc254123fc_1080x.jpg.webp\" \/>\n\t<meta property=\"og:image:width\" content=\"1080\" \/>\n\t<meta property=\"og:image:height\" content=\"1080\" \/>\n\t<meta property=\"og:image:type\" content=\"image\/webp\" \/>\n<meta name=\"twitter:card\" content=\"summary_large_image\" \/>\n<meta name=\"twitter:label1\" content=\"Price\" \/>\n\t<meta name=\"twitter:data1\" content=\"&euro;25.90\" \/>\n\t<meta name=\"twitter:label2\" content=\"Availability\" \/>\n\t<meta name=\"twitter:data2\" content=\"Out of stock\" \/>\n<script type=\"application\/ld+json\" class=\"yoast-schema-graph\">{\"@context\":\"https:\\\/\\\/schema.org\",\"@graph\":[{\"@type\":\"WebPage\",\"@id\":\"https:\\\/\\\/www.facecorner.lv\\\/shop\\\/isntree-hyper-acid4-aha-bha-pha-lha-30-serum-20ml\\\/\",\"url\":\"https:\\\/\\\/www.facecorner.lv\\\/shop\\\/isntree-hyper-acid4-aha-bha-pha-lha-30-serum-20ml\\\/\",\"name\":\"IsNtree Hyper Acid4 AHA BHA PHA LHA 30 Serum 20ml - FACECORNER\",\"isPartOf\":{\"@id\":\"https:\\\/\\\/www.facecorner.lv\\\/#website\"},\"primaryImageOfPage\":{\"@id\":\"https:\\\/\\\/www.facecorner.lv\\\/shop\\\/isntree-hyper-acid4-aha-bha-pha-lha-30-serum-20ml\\\/#primaryimage\"},\"image\":{\"@id\":\"https:\\\/\\\/www.facecorner.lv\\\/shop\\\/isntree-hyper-acid4-aha-bha-pha-lha-30-serum-20ml\\\/#primaryimage\"},\"thumbnailUrl\":\"https:\\\/\\\/www.facecorner.lv\\\/wp-content\\\/uploads\\\/2024\\\/10\\\/0_82450fbc-4147-4211-a52e-5fcc254123fc_1080x.jpg.webp\",\"datePublished\":\"2024-10-24T10:33:14+00:00\",\"dateModified\":\"2025-09-17T08:47:31+00:00\",\"description\":\"IsNtree Hyper Acid4 AHA BHA PHA LHA 30 Serum ar sk\u0101bju kompleksu eksfoli\u0113 raga sl\u0101ni, att\u012bra poras, nov\u0113r\u0161 taukaina sp\u012bduma veido\u0161anos\",\"breadcrumb\":{\"@id\":\"https:\\\/\\\/www.facecorner.lv\\\/shop\\\/isntree-hyper-acid4-aha-bha-pha-lha-30-serum-20ml\\\/#breadcrumb\"},\"inLanguage\":\"en-US\",\"potentialAction\":[{\"@type\":\"ReadAction\",\"target\":[\"https:\\\/\\\/www.facecorner.lv\\\/shop\\\/isntree-hyper-acid4-aha-bha-pha-lha-30-serum-20ml\\\/\"]}]},{\"@type\":\"ImageObject\",\"inLanguage\":\"en-US\",\"@id\":\"https:\\\/\\\/www.facecorner.lv\\\/shop\\\/isntree-hyper-acid4-aha-bha-pha-lha-30-serum-20ml\\\/#primaryimage\",\"url\":\"https:\\\/\\\/www.facecorner.lv\\\/wp-content\\\/uploads\\\/2024\\\/10\\\/0_82450fbc-4147-4211-a52e-5fcc254123fc_1080x.jpg.webp\",\"contentUrl\":\"https:\\\/\\\/www.facecorner.lv\\\/wp-content\\\/uploads\\\/2024\\\/10\\\/0_82450fbc-4147-4211-a52e-5fcc254123fc_1080x.jpg.webp\",\"width\":1080,\"height\":1080,\"caption\":\"IsNtree Hyper Acid4 AHA BHA PHA LHA 30 Serum\"},{\"@type\":\"BreadcrumbList\",\"@id\":\"https:\\\/\\\/www.facecorner.lv\\\/shop\\\/isntree-hyper-acid4-aha-bha-pha-lha-30-serum-20ml\\\/#breadcrumb\",\"itemListElement\":[{\"@type\":\"ListItem\",\"position\":1,\"name\":\"Home\",\"item\":\"https:\\\/\\\/www.facecorner.lv\\\/\"},{\"@type\":\"ListItem\",\"position\":2,\"name\":\"Veikals\",\"item\":\"https:\\\/\\\/www.facecorner.lv\\\/shop\\\/\"},{\"@type\":\"ListItem\",\"position\":3,\"name\":\"IsNtree Hyper Acid4 AHA BHA PHA LHA 30 Serum 20ml\"}]},{\"@type\":\"WebSite\",\"@id\":\"https:\\\/\\\/www.facecorner.lv\\\/#website\",\"url\":\"https:\\\/\\\/www.facecorner.lv\\\/\",\"name\":\"Facecorner\",\"description\":\"\",\"publisher\":{\"@id\":\"https:\\\/\\\/www.facecorner.lv\\\/#organization\"},\"potentialAction\":[{\"@type\":\"SearchAction\",\"target\":{\"@type\":\"EntryPoint\",\"urlTemplate\":\"https:\\\/\\\/www.facecorner.lv\\\/?s={search_term_string}\"},\"query-input\":{\"@type\":\"PropertyValueSpecification\",\"valueRequired\":true,\"valueName\":\"search_term_string\"}}],\"inLanguage\":\"en-US\"},{\"@type\":\"Organization\",\"@id\":\"https:\\\/\\\/www.facecorner.lv\\\/#organization\",\"name\":\"Facecorner\",\"url\":\"https:\\\/\\\/www.facecorner.lv\\\/\",\"logo\":{\"@type\":\"ImageObject\",\"inLanguage\":\"en-US\",\"@id\":\"https:\\\/\\\/www.facecorner.lv\\\/#\\\/schema\\\/logo\\\/image\\\/\",\"url\":\"https:\\\/\\\/www.facecorner.lv\\\/wp-content\\\/uploads\\\/2024\\\/04\\\/fc-logo.jpg\",\"contentUrl\":\"https:\\\/\\\/www.facecorner.lv\\\/wp-content\\\/uploads\\\/2024\\\/04\\\/fc-logo.jpg\",\"width\":174,\"height\":28,\"caption\":\"Facecorner\"},\"image\":{\"@id\":\"https:\\\/\\\/www.facecorner.lv\\\/#\\\/schema\\\/logo\\\/image\\\/\"},\"sameAs\":[\"https:\\\/\\\/www.facebook.com\\\/profile.php?id=100063824551839\",\"https:\\\/\\\/www.instagram.com\\\/facecorner_shop\\\/\"]}]}<\/script>\n<meta property=\"product:price:amount\" content=\"25.90\" \/>\n<meta property=\"product:price:currency\" content=\"EUR\" \/>\n<meta property=\"og:availability\" content=\"out of stock\" \/>\n<meta property=\"product:availability\" content=\"out of stock\" \/>\n<meta property=\"product:condition\" content=\"new\" \/>\n<!-- \/ Yoast SEO plugin. -->","yoast_head_json":{"title":"IsNtree Hyper Acid4 AHA BHA PHA LHA 30 Serum 20ml - FACECORNER","description":"IsNtree Hyper Acid4 AHA BHA PHA LHA 30 Serum ar sk\u0101bju kompleksu eksfoli\u0113 raga sl\u0101ni, att\u012bra poras, nov\u0113r\u0161 taukaina sp\u012bduma veido\u0161anos","robots":{"index":"index","follow":"follow","max-snippet":"max-snippet:-1","max-image-preview":"max-image-preview:large","max-video-preview":"max-video-preview:-1"},"canonical":"https:\/\/www.facecorner.lv\/en\/shop\/isntree-hyper-acid4-aha-bha-pha-lha-30-serum-20ml\/","og_locale":"en_US","og_type":"article","og_title":"IsNtree Hyper Acid4 AHA BHA PHA LHA 30 Serum 20ml - FACECORNER","og_description":"IsNtree Hyper Acid4 AHA BHA PHA LHA 30 Serum ar sk\u0101bju kompleksu eksfoli\u0113 raga sl\u0101ni, att\u012bra poras, nov\u0113r\u0161 taukaina sp\u012bduma veido\u0161anos","og_url":"https:\/\/www.facecorner.lv\/en\/shop\/isntree-hyper-acid4-aha-bha-pha-lha-30-serum-20ml\/","og_site_name":"FACECORNER","article_publisher":"https:\/\/www.facebook.com\/profile.php?id=100063824551839","article_modified_time":"2025-09-17T08:47:31+00:00","og_image":[{"width":1080,"height":1080,"url":"https:\/\/www.facecorner.lv\/wp-content\/uploads\/2024\/10\/0_82450fbc-4147-4211-a52e-5fcc254123fc_1080x.jpg.webp","type":"image\/webp"}],"twitter_card":"summary_large_image","twitter_misc":{"Price":"&euro;25.90","Availability":"Out of stock"},"schema":{"@context":"https:\/\/schema.org","@graph":[{"@type":"WebPage","@id":"https:\/\/www.facecorner.lv\/shop\/isntree-hyper-acid4-aha-bha-pha-lha-30-serum-20ml\/","url":"https:\/\/www.facecorner.lv\/shop\/isntree-hyper-acid4-aha-bha-pha-lha-30-serum-20ml\/","name":"IsNtree Hyper Acid4 AHA BHA PHA LHA 30 Serum 20ml - FACECORNER","isPartOf":{"@id":"https:\/\/www.facecorner.lv\/#website"},"primaryImageOfPage":{"@id":"https:\/\/www.facecorner.lv\/shop\/isntree-hyper-acid4-aha-bha-pha-lha-30-serum-20ml\/#primaryimage"},"image":{"@id":"https:\/\/www.facecorner.lv\/shop\/isntree-hyper-acid4-aha-bha-pha-lha-30-serum-20ml\/#primaryimage"},"thumbnailUrl":"https:\/\/www.facecorner.lv\/wp-content\/uploads\/2024\/10\/0_82450fbc-4147-4211-a52e-5fcc254123fc_1080x.jpg.webp","datePublished":"2024-10-24T10:33:14+00:00","dateModified":"2025-09-17T08:47:31+00:00","description":"IsNtree Hyper Acid4 AHA BHA PHA LHA 30 Serum ar sk\u0101bju kompleksu eksfoli\u0113 raga sl\u0101ni, att\u012bra poras, nov\u0113r\u0161 taukaina sp\u012bduma veido\u0161anos","breadcrumb":{"@id":"https:\/\/www.facecorner.lv\/shop\/isntree-hyper-acid4-aha-bha-pha-lha-30-serum-20ml\/#breadcrumb"},"inLanguage":"en-US","potentialAction":[{"@type":"ReadAction","target":["https:\/\/www.facecorner.lv\/shop\/isntree-hyper-acid4-aha-bha-pha-lha-30-serum-20ml\/"]}]},{"@type":"ImageObject","inLanguage":"en-US","@id":"https:\/\/www.facecorner.lv\/shop\/isntree-hyper-acid4-aha-bha-pha-lha-30-serum-20ml\/#primaryimage","url":"https:\/\/www.facecorner.lv\/wp-content\/uploads\/2024\/10\/0_82450fbc-4147-4211-a52e-5fcc254123fc_1080x.jpg.webp","contentUrl":"https:\/\/www.facecorner.lv\/wp-content\/uploads\/2024\/10\/0_82450fbc-4147-4211-a52e-5fcc254123fc_1080x.jpg.webp","width":1080,"height":1080,"caption":"IsNtree Hyper Acid4 AHA BHA PHA LHA 30 Serum"},{"@type":"BreadcrumbList","@id":"https:\/\/www.facecorner.lv\/shop\/isntree-hyper-acid4-aha-bha-pha-lha-30-serum-20ml\/#breadcrumb","itemListElement":[{"@type":"ListItem","position":1,"name":"Home","item":"https:\/\/www.facecorner.lv\/"},{"@type":"ListItem","position":2,"name":"Veikals","item":"https:\/\/www.facecorner.lv\/shop\/"},{"@type":"ListItem","position":3,"name":"IsNtree Hyper Acid4 AHA BHA PHA LHA 30 Serum 20ml"}]},{"@type":"WebSite","@id":"https:\/\/www.facecorner.lv\/#website","url":"https:\/\/www.facecorner.lv\/","name":"Facecorner","description":"","publisher":{"@id":"https:\/\/www.facecorner.lv\/#organization"},"potentialAction":[{"@type":"SearchAction","target":{"@type":"EntryPoint","urlTemplate":"https:\/\/www.facecorner.lv\/?s={search_term_string}"},"query-input":{"@type":"PropertyValueSpecification","valueRequired":true,"valueName":"search_term_string"}}],"inLanguage":"en-US"},{"@type":"Organization","@id":"https:\/\/www.facecorner.lv\/#organization","name":"Facecorner","url":"https:\/\/www.facecorner.lv\/","logo":{"@type":"ImageObject","inLanguage":"en-US","@id":"https:\/\/www.facecorner.lv\/#\/schema\/logo\/image\/","url":"https:\/\/www.facecorner.lv\/wp-content\/uploads\/2024\/04\/fc-logo.jpg","contentUrl":"https:\/\/www.facecorner.lv\/wp-content\/uploads\/2024\/04\/fc-logo.jpg","width":174,"height":28,"caption":"Facecorner"},"image":{"@id":"https:\/\/www.facecorner.lv\/#\/schema\/logo\/image\/"},"sameAs":["https:\/\/www.facebook.com\/profile.php?id=100063824551839","https:\/\/www.instagram.com\/facecorner_shop\/"]}]},"product_price_amount":"25.90","product_price_currency":"EUR","og_availability":"out of stock","product_availability":"out of stock","product_condition":"new"},"_links":{"self":[{"href":"https:\/\/www.facecorner.lv\/en\/wp-json\/wp\/v2\/product\/21392","targetHints":{"allow":["GET"]}}],"collection":[{"href":"https:\/\/www.facecorner.lv\/en\/wp-json\/wp\/v2\/product"}],"about":[{"href":"https:\/\/www.facecorner.lv\/en\/wp-json\/wp\/v2\/types\/product"}],"replies":[{"embeddable":true,"href":"https:\/\/www.facecorner.lv\/en\/wp-json\/wp\/v2\/comments?post=21392"}],"wp:featuredmedia":[{"embeddable":true,"href":"https:\/\/www.facecorner.lv\/en\/wp-json\/wp\/v2\/media\/21395"}],"wp:attachment":[{"href":"https:\/\/www.facecorner.lv\/en\/wp-json\/wp\/v2\/media?parent=21392"}],"wp:term":[{"taxonomy":"product_brand","embeddable":true,"href":"https:\/\/www.facecorner.lv\/en\/wp-json\/wp\/v2\/product_brand?post=21392"},{"taxonomy":"product_cat","embeddable":true,"href":"https:\/\/www.facecorner.lv\/en\/wp-json\/wp\/v2\/product_cat?post=21392"},{"taxonomy":"product_tag","embeddable":true,"href":"https:\/\/www.facecorner.lv\/en\/wp-json\/wp\/v2\/product_tag?post=21392"},{"taxonomy":"berocket_brand","embeddable":true,"href":"https:\/\/www.facecorner.lv\/en\/wp-json\/wp\/v2\/berocket_brand?post=21392"}],"curies":[{"name":"wp","href":"https:\/\/api.w.org\/{rel}","templated":true}]}}