{"id":21384,"date":"2024-10-24T13:13:09","date_gmt":"2024-10-24T10:13:09","guid":{"rendered":"https:\/\/www.facecorner.lv\/?post_type=product&#038;p=21384"},"modified":"2025-04-23T19:03:21","modified_gmt":"2025-04-23T16:03:21","slug":"medicube-age-r-glutathione-glow-capsule-cream-50ml","status":"publish","type":"product","link":"https:\/\/www.facecorner.lv\/en\/shop\/medicube-age-r-glutathione-glow-capsule-cream-50ml\/","title":{"rendered":"MEDICUBE AGE-R Glutathione Glow Capsule Cream 50ml"},"content":{"rendered":"<p>MEDICUBE AGE-R Glutathione Glow Capsule Cream \u00a0\u012apa\u0161a maigi balino\u0161a kr\u0113ma kapsula mirdzumam. \u0160is kr\u0113ms uzlabo \u0101das mirdzumu un nodro\u0161ina t\u016bl\u012bt\u0113ju mirdzumu.<br \/>\nKr\u0113ma sast\u0101v\u0101 eso\u0161\u0101s sp\u012bduma kapsulas dzi\u013ci ies\u016bcas \u0101d\u0101, nodro\u0161inot t\u016bl\u012bt\u0113ju mirdzuma efektu.<\/p>\n<p>Izmantojot progres\u012bvu korejie\u0161u tehnolo\u0123iju, bie\u017ei vien gr\u016bti lietojamais glutations ir iekapsul\u0113ts fosfolip\u012bdu kapsul\u0101s, kas imit\u0113 \u0101das strukt\u016bru, nodro\u0161inot maksim\u0101lu uzs\u016bk\u0161anos un efektivit\u0101ti.<\/p>\n<ul>\n<li>Glutations ir pla\u0161i atz\u012bts k\u0101 efekt\u012bva \u0101du izgaismojo\u0161a sast\u0101vda\u013ca. Tas ir \u012bpa\u0161i noder\u012bgs cilv\u0113kiem ar jut\u012bgu vai bl\u0101vu \u0101du.<br \/>\nGlutations ir paz\u012bstams ar\u012b ar sav\u0101m pretnoveco\u0161an\u0101s un aizsarg\u0101jo\u0161aj\u0101m \u012bpa\u0161\u012bb\u0101m. Ja glutations ir iek\u013cauts progres\u012bvo tehnolo\u0123iju \u0101das kop\u0161anas l\u012bdzek\u013cos, tas nodro\u0161ina maksim\u0101lu uzs\u016bk\u0161anos un efektivit\u0101ti.<br \/>\nGlutationa kapsulas nodro\u0161ina t\u016bl\u012bt\u0113ju liftinga efektu un mitrino\u0161u mirdzumu.<\/li>\n<li>Kr\u0113ma sast\u0101v\u0101 ir pept\u012bdi, kas uzlabo \u0101das elast\u012bbu.<br \/>\nPal\u012bdz uzlabot \u0101du ar plankumiem un nepiln\u012bb\u0101m, hiperpigment\u0101ciju un nevienm\u0113r\u012bgu \u0101das toni.<\/li>\n<li>Hidrokeram\u012bda p\u0101rkl\u0101jums nodro\u0161ina 24 stundu mitrin\u0101\u0161anu ar dabisku mirdzumu.<\/li>\n<\/ul>\n<p><strong>How to use: <\/strong>P\u0113c att\u012br\u012b\u0161anas uz sejas uzkl\u0101jiet m\u0113renu daudzumu Glutation Glow Capsule kr\u0113ma.<br \/>\nMaigi iepulc\u0113jiet vai viegli iemas\u0113jiet. Glutationa mirdzuma kapsulas piespiediet un absorb\u0113jiet ar rok\u0101m.<br \/>\n\u013baujiet produktam piln\u012bb\u0101 ies\u016bkties \u0101d\u0101, pirms turpin\u0101t grima uzkl\u0101\u0161anu.<\/p>\n<p><strong>Ingredientes:<\/strong> Water(Aqua), Glycerin, 1,2-Hexanediol, Polyglyceryl-10 Laurate, Hydrogenated Lecithin, Glutathione, Butylene Glycol, Chondrus Crispus Powder, Agar, Tromethamine, Acrylates\/C10-30 Alkyl Acrylate Crosspolymer, Gellan Gum, Glycereth-26, Glyceryl Acrylate\/Acrylic Acid Copolymer, Methylpropanediol, Vinyl Dimethicone, Dimethiconol, Niacinamide, Betaine, Sodium Polyacrylate, C18-21 Alkane, Polyglyceryl-10 Oleate, Isononyl Isononanoate, Isohexadecane, Ammonium Acryloyldimethyltaurate\/VP Copolymer, Phenyl Trimethicone, Fragrance, Limonene, Citral, Ethylhexylglycerin, Xanthan Gum, Adenosine, Glucose, Caprylic\/Capric Triglyceride, Ceramide NP, Palmitoyl Tripeptide-5, Sorbitan Laurate, Hydroxyethylcellulose, Acetyl Dipeptide-1 Cetyl Ester, Acetyl Hexapeptide-1, Thioctic Acid, Soluble Collagen<\/p>\n<p>&nbsp;<\/p>","protected":false},"excerpt":{"rendered":"<p>MEDICUBE AGE-R Glutathione Glow Capsule Cream \u00a0\u012apa\u0161a maigi balino\u0161a kr\u0113ma kapsula mirdzumam. \u0160is kr\u0113ms uzlabo \u0101das mirdzumu un nodro\u0161ina t\u016bl\u012bt\u0113ju mirdzumu.<\/p>","protected":false},"featured_media":21389,"comment_status":"closed","ping_status":"closed","template":"","meta":{"site-sidebar-layout":"default","site-content-layout":"","ast-site-content-layout":"","site-content-style":"default","site-sidebar-style":"default","ast-global-header-display":"","ast-banner-title-visibility":"","ast-main-header-display":"","ast-hfb-above-header-display":"","ast-hfb-below-header-display":"","ast-hfb-mobile-header-display":"","site-post-title":"","ast-breadcrumbs-content":"","ast-featured-img":"","footer-sml-layout":"","theme-transparent-header-meta":"","adv-header-id-meta":"","stick-header-meta":"","header-above-stick-meta":"","header-main-stick-meta":"","header-below-stick-meta":"","astra-migrate-meta-layouts":"default","ast-page-background-enabled":"default","ast-page-background-meta":{"desktop":{"background-color":"var(--ast-global-color-4)","background-image":"","background-repeat":"repeat","background-position":"center center","background-size":"auto","background-attachment":"scroll","background-type":"","background-media":"","overlay-type":"","overlay-color":"","overlay-opacity":"","overlay-gradient":""},"tablet":{"background-color":"","background-image":"","background-repeat":"repeat","background-position":"center center","background-size":"auto","background-attachment":"scroll","background-type":"","background-media":"","overlay-type":"","overlay-color":"","overlay-opacity":"","overlay-gradient":""},"mobile":{"background-color":"","background-image":"","background-repeat":"repeat","background-position":"center center","background-size":"auto","background-attachment":"scroll","background-type":"","background-media":"","overlay-type":"","overlay-color":"","overlay-opacity":"","overlay-gradient":""}},"ast-content-background-meta":{"desktop":{"background-color":"var(--ast-global-color-5)","background-image":"","background-repeat":"repeat","background-position":"center center","background-size":"auto","background-attachment":"scroll","background-type":"","background-media":"","overlay-type":"","overlay-color":"","overlay-opacity":"","overlay-gradient":""},"tablet":{"background-color":"var(--ast-global-color-5)","background-image":"","background-repeat":"repeat","background-position":"center center","background-size":"auto","background-attachment":"scroll","background-type":"","background-media":"","overlay-type":"","overlay-color":"","overlay-opacity":"","overlay-gradient":""},"mobile":{"background-color":"var(--ast-global-color-5)","background-image":"","background-repeat":"repeat","background-position":"center center","background-size":"auto","background-attachment":"scroll","background-type":"","background-media":"","overlay-type":"","overlay-color":"","overlay-opacity":"","overlay-gradient":""}}},"product_brand":[],"product_cat":[366,368,362],"product_tag":[],"berocket_brand":[579],"class_list":{"0":"post-21384","1":"product","2":"type-product","3":"status-publish","4":"has-post-thumbnail","6":"product_cat-mitrinoss","7":"product_cat-pret-grumbam","8":"product_cat-sejas-krems","9":"berocket_brand-medicube","10":"desktop-align-left","11":"tablet-align-left","12":"mobile-align-left","14":"first","15":"outofstock","16":"sale","17":"taxable","18":"shipping-taxable","19":"purchasable","20":"product-type-simple","21":"add-to-wishlist-before_image"},"yoast_head":"<!-- This site is optimized with the Yoast SEO plugin v27.3 - https:\/\/yoast.com\/product\/yoast-seo-wordpress\/ -->\n<title>MEDICUBE AGE-R Glutathione Glow Capsule Cream 50ml - FACECORNER<\/title>\n<meta name=\"description\" content=\"MEDICUBE AGE-R Glutathione Glow Capsule Cream \u00a0\u012apa\u0161a maigi balino\u0161a kr\u0113ma kapsula mirdzumam. \u0160is kr\u0113ms uzlabo \u0101das mirdzumu un nodro\u0161ina t\u016bl\u012bt\u0113ju mirdzumu.\" \/>\n<meta name=\"robots\" content=\"index, follow, max-snippet:-1, max-image-preview:large, max-video-preview:-1\" \/>\n<link rel=\"canonical\" href=\"https:\/\/www.facecorner.lv\/en\/shop\/medicube-age-r-glutathione-glow-capsule-cream-50ml\/\" \/>\n<meta property=\"og:locale\" content=\"en_US\" \/>\n<meta property=\"og:type\" content=\"article\" \/>\n<meta property=\"og:title\" content=\"MEDICUBE AGE-R Glutathione Glow Capsule Cream 50ml - FACECORNER\" \/>\n<meta property=\"og:description\" content=\"MEDICUBE AGE-R Glutathione Glow Capsule Cream \u00a0\u012apa\u0161a maigi balino\u0161a kr\u0113ma kapsula mirdzumam. \u0160is kr\u0113ms uzlabo \u0101das mirdzumu un nodro\u0161ina t\u016bl\u012bt\u0113ju mirdzumu.\" \/>\n<meta property=\"og:url\" content=\"https:\/\/www.facecorner.lv\/en\/shop\/medicube-age-r-glutathione-glow-capsule-cream-50ml\/\" \/>\n<meta property=\"og:site_name\" content=\"FACECORNER\" \/>\n<meta property=\"article:publisher\" content=\"https:\/\/www.facebook.com\/profile.php?id=100063824551839\" \/>\n<meta property=\"article:modified_time\" content=\"2025-04-23T16:03:21+00:00\" \/>\n<meta property=\"og:image\" content=\"https:\/\/www.facecorner.lv\/wp-content\/uploads\/2024\/10\/61euX7nOmcL._SL1500_.jpg\" \/>\n\t<meta property=\"og:image:width\" content=\"1500\" \/>\n\t<meta property=\"og:image:height\" content=\"1500\" \/>\n\t<meta property=\"og:image:type\" content=\"image\/jpeg\" \/>\n<meta name=\"twitter:card\" content=\"summary_large_image\" \/>\n<meta name=\"twitter:label1\" content=\"Price\" \/>\n\t<meta name=\"twitter:data1\" content=\"&euro;45.50\" \/>\n\t<meta name=\"twitter:label2\" content=\"Availability\" \/>\n\t<meta name=\"twitter:data2\" content=\"Out of stock\" \/>\n<script type=\"application\/ld+json\" class=\"yoast-schema-graph\">{\"@context\":\"https:\\\/\\\/schema.org\",\"@graph\":[{\"@type\":\"WebPage\",\"@id\":\"https:\\\/\\\/www.facecorner.lv\\\/shop\\\/medicube-age-r-glutathione-glow-capsule-cream-50ml\\\/\",\"url\":\"https:\\\/\\\/www.facecorner.lv\\\/shop\\\/medicube-age-r-glutathione-glow-capsule-cream-50ml\\\/\",\"name\":\"MEDICUBE AGE-R Glutathione Glow Capsule Cream 50ml - FACECORNER\",\"isPartOf\":{\"@id\":\"https:\\\/\\\/www.facecorner.lv\\\/#website\"},\"primaryImageOfPage\":{\"@id\":\"https:\\\/\\\/www.facecorner.lv\\\/shop\\\/medicube-age-r-glutathione-glow-capsule-cream-50ml\\\/#primaryimage\"},\"image\":{\"@id\":\"https:\\\/\\\/www.facecorner.lv\\\/shop\\\/medicube-age-r-glutathione-glow-capsule-cream-50ml\\\/#primaryimage\"},\"thumbnailUrl\":\"https:\\\/\\\/www.facecorner.lv\\\/wp-content\\\/uploads\\\/2024\\\/10\\\/61euX7nOmcL._SL1500_.jpg\",\"datePublished\":\"2024-10-24T10:13:09+00:00\",\"dateModified\":\"2025-04-23T16:03:21+00:00\",\"description\":\"MEDICUBE AGE-R Glutathione Glow Capsule Cream \u00a0\u012apa\u0161a maigi balino\u0161a kr\u0113ma kapsula mirdzumam. \u0160is kr\u0113ms uzlabo \u0101das mirdzumu un nodro\u0161ina t\u016bl\u012bt\u0113ju mirdzumu.\",\"breadcrumb\":{\"@id\":\"https:\\\/\\\/www.facecorner.lv\\\/shop\\\/medicube-age-r-glutathione-glow-capsule-cream-50ml\\\/#breadcrumb\"},\"inLanguage\":\"en-US\",\"potentialAction\":[{\"@type\":\"ReadAction\",\"target\":[\"https:\\\/\\\/www.facecorner.lv\\\/shop\\\/medicube-age-r-glutathione-glow-capsule-cream-50ml\\\/\"]}]},{\"@type\":\"ImageObject\",\"inLanguage\":\"en-US\",\"@id\":\"https:\\\/\\\/www.facecorner.lv\\\/shop\\\/medicube-age-r-glutathione-glow-capsule-cream-50ml\\\/#primaryimage\",\"url\":\"https:\\\/\\\/www.facecorner.lv\\\/wp-content\\\/uploads\\\/2024\\\/10\\\/61euX7nOmcL._SL1500_.jpg\",\"contentUrl\":\"https:\\\/\\\/www.facecorner.lv\\\/wp-content\\\/uploads\\\/2024\\\/10\\\/61euX7nOmcL._SL1500_.jpg\",\"width\":1500,\"height\":1500},{\"@type\":\"BreadcrumbList\",\"@id\":\"https:\\\/\\\/www.facecorner.lv\\\/shop\\\/medicube-age-r-glutathione-glow-capsule-cream-50ml\\\/#breadcrumb\",\"itemListElement\":[{\"@type\":\"ListItem\",\"position\":1,\"name\":\"Home\",\"item\":\"https:\\\/\\\/www.facecorner.lv\\\/\"},{\"@type\":\"ListItem\",\"position\":2,\"name\":\"Veikals\",\"item\":\"https:\\\/\\\/www.facecorner.lv\\\/shop\\\/\"},{\"@type\":\"ListItem\",\"position\":3,\"name\":\"MEDICUBE AGE-R Glutathione Glow Capsule Cream 50ml\"}]},{\"@type\":\"WebSite\",\"@id\":\"https:\\\/\\\/www.facecorner.lv\\\/#website\",\"url\":\"https:\\\/\\\/www.facecorner.lv\\\/\",\"name\":\"Facecorner\",\"description\":\"\",\"publisher\":{\"@id\":\"https:\\\/\\\/www.facecorner.lv\\\/#organization\"},\"potentialAction\":[{\"@type\":\"SearchAction\",\"target\":{\"@type\":\"EntryPoint\",\"urlTemplate\":\"https:\\\/\\\/www.facecorner.lv\\\/?s={search_term_string}\"},\"query-input\":{\"@type\":\"PropertyValueSpecification\",\"valueRequired\":true,\"valueName\":\"search_term_string\"}}],\"inLanguage\":\"en-US\"},{\"@type\":\"Organization\",\"@id\":\"https:\\\/\\\/www.facecorner.lv\\\/#organization\",\"name\":\"Facecorner\",\"url\":\"https:\\\/\\\/www.facecorner.lv\\\/\",\"logo\":{\"@type\":\"ImageObject\",\"inLanguage\":\"en-US\",\"@id\":\"https:\\\/\\\/www.facecorner.lv\\\/#\\\/schema\\\/logo\\\/image\\\/\",\"url\":\"https:\\\/\\\/www.facecorner.lv\\\/wp-content\\\/uploads\\\/2024\\\/04\\\/fc-logo.jpg\",\"contentUrl\":\"https:\\\/\\\/www.facecorner.lv\\\/wp-content\\\/uploads\\\/2024\\\/04\\\/fc-logo.jpg\",\"width\":174,\"height\":28,\"caption\":\"Facecorner\"},\"image\":{\"@id\":\"https:\\\/\\\/www.facecorner.lv\\\/#\\\/schema\\\/logo\\\/image\\\/\"},\"sameAs\":[\"https:\\\/\\\/www.facebook.com\\\/profile.php?id=100063824551839\",\"https:\\\/\\\/www.instagram.com\\\/facecorner_shop\\\/\"]}]}<\/script>\n<meta property=\"product:price:amount\" content=\"45.50\" \/>\n<meta property=\"product:price:currency\" content=\"EUR\" \/>\n<meta property=\"og:availability\" content=\"out of stock\" \/>\n<meta property=\"product:availability\" content=\"out of stock\" \/>\n<meta property=\"product:condition\" content=\"new\" \/>\n<!-- \/ Yoast SEO plugin. -->","yoast_head_json":{"title":"MEDICUBE AGE-R Glutathione Glow Capsule Cream 50ml - FACECORNER","description":"MEDICUBE AGE-R Glutathione Glow Capsule Cream \u00a0\u012apa\u0161a maigi balino\u0161a kr\u0113ma kapsula mirdzumam. \u0160is kr\u0113ms uzlabo \u0101das mirdzumu un nodro\u0161ina t\u016bl\u012bt\u0113ju mirdzumu.","robots":{"index":"index","follow":"follow","max-snippet":"max-snippet:-1","max-image-preview":"max-image-preview:large","max-video-preview":"max-video-preview:-1"},"canonical":"https:\/\/www.facecorner.lv\/en\/shop\/medicube-age-r-glutathione-glow-capsule-cream-50ml\/","og_locale":"en_US","og_type":"article","og_title":"MEDICUBE AGE-R Glutathione Glow Capsule Cream 50ml - FACECORNER","og_description":"MEDICUBE AGE-R Glutathione Glow Capsule Cream \u00a0\u012apa\u0161a maigi balino\u0161a kr\u0113ma kapsula mirdzumam. \u0160is kr\u0113ms uzlabo \u0101das mirdzumu un nodro\u0161ina t\u016bl\u012bt\u0113ju mirdzumu.","og_url":"https:\/\/www.facecorner.lv\/en\/shop\/medicube-age-r-glutathione-glow-capsule-cream-50ml\/","og_site_name":"FACECORNER","article_publisher":"https:\/\/www.facebook.com\/profile.php?id=100063824551839","article_modified_time":"2025-04-23T16:03:21+00:00","og_image":[{"width":1500,"height":1500,"url":"https:\/\/www.facecorner.lv\/wp-content\/uploads\/2024\/10\/61euX7nOmcL._SL1500_.jpg","type":"image\/jpeg"}],"twitter_card":"summary_large_image","twitter_misc":{"Price":"&euro;45.50","Availability":"Out of stock"},"schema":{"@context":"https:\/\/schema.org","@graph":[{"@type":"WebPage","@id":"https:\/\/www.facecorner.lv\/shop\/medicube-age-r-glutathione-glow-capsule-cream-50ml\/","url":"https:\/\/www.facecorner.lv\/shop\/medicube-age-r-glutathione-glow-capsule-cream-50ml\/","name":"MEDICUBE AGE-R Glutathione Glow Capsule Cream 50ml - FACECORNER","isPartOf":{"@id":"https:\/\/www.facecorner.lv\/#website"},"primaryImageOfPage":{"@id":"https:\/\/www.facecorner.lv\/shop\/medicube-age-r-glutathione-glow-capsule-cream-50ml\/#primaryimage"},"image":{"@id":"https:\/\/www.facecorner.lv\/shop\/medicube-age-r-glutathione-glow-capsule-cream-50ml\/#primaryimage"},"thumbnailUrl":"https:\/\/www.facecorner.lv\/wp-content\/uploads\/2024\/10\/61euX7nOmcL._SL1500_.jpg","datePublished":"2024-10-24T10:13:09+00:00","dateModified":"2025-04-23T16:03:21+00:00","description":"MEDICUBE AGE-R Glutathione Glow Capsule Cream \u00a0\u012apa\u0161a maigi balino\u0161a kr\u0113ma kapsula mirdzumam. \u0160is kr\u0113ms uzlabo \u0101das mirdzumu un nodro\u0161ina t\u016bl\u012bt\u0113ju mirdzumu.","breadcrumb":{"@id":"https:\/\/www.facecorner.lv\/shop\/medicube-age-r-glutathione-glow-capsule-cream-50ml\/#breadcrumb"},"inLanguage":"en-US","potentialAction":[{"@type":"ReadAction","target":["https:\/\/www.facecorner.lv\/shop\/medicube-age-r-glutathione-glow-capsule-cream-50ml\/"]}]},{"@type":"ImageObject","inLanguage":"en-US","@id":"https:\/\/www.facecorner.lv\/shop\/medicube-age-r-glutathione-glow-capsule-cream-50ml\/#primaryimage","url":"https:\/\/www.facecorner.lv\/wp-content\/uploads\/2024\/10\/61euX7nOmcL._SL1500_.jpg","contentUrl":"https:\/\/www.facecorner.lv\/wp-content\/uploads\/2024\/10\/61euX7nOmcL._SL1500_.jpg","width":1500,"height":1500},{"@type":"BreadcrumbList","@id":"https:\/\/www.facecorner.lv\/shop\/medicube-age-r-glutathione-glow-capsule-cream-50ml\/#breadcrumb","itemListElement":[{"@type":"ListItem","position":1,"name":"Home","item":"https:\/\/www.facecorner.lv\/"},{"@type":"ListItem","position":2,"name":"Veikals","item":"https:\/\/www.facecorner.lv\/shop\/"},{"@type":"ListItem","position":3,"name":"MEDICUBE AGE-R Glutathione Glow Capsule Cream 50ml"}]},{"@type":"WebSite","@id":"https:\/\/www.facecorner.lv\/#website","url":"https:\/\/www.facecorner.lv\/","name":"Facecorner","description":"","publisher":{"@id":"https:\/\/www.facecorner.lv\/#organization"},"potentialAction":[{"@type":"SearchAction","target":{"@type":"EntryPoint","urlTemplate":"https:\/\/www.facecorner.lv\/?s={search_term_string}"},"query-input":{"@type":"PropertyValueSpecification","valueRequired":true,"valueName":"search_term_string"}}],"inLanguage":"en-US"},{"@type":"Organization","@id":"https:\/\/www.facecorner.lv\/#organization","name":"Facecorner","url":"https:\/\/www.facecorner.lv\/","logo":{"@type":"ImageObject","inLanguage":"en-US","@id":"https:\/\/www.facecorner.lv\/#\/schema\/logo\/image\/","url":"https:\/\/www.facecorner.lv\/wp-content\/uploads\/2024\/04\/fc-logo.jpg","contentUrl":"https:\/\/www.facecorner.lv\/wp-content\/uploads\/2024\/04\/fc-logo.jpg","width":174,"height":28,"caption":"Facecorner"},"image":{"@id":"https:\/\/www.facecorner.lv\/#\/schema\/logo\/image\/"},"sameAs":["https:\/\/www.facebook.com\/profile.php?id=100063824551839","https:\/\/www.instagram.com\/facecorner_shop\/"]}]},"product_price_amount":"45.50","product_price_currency":"EUR","og_availability":"out of stock","product_availability":"out of stock","product_condition":"new"},"_links":{"self":[{"href":"https:\/\/www.facecorner.lv\/en\/wp-json\/wp\/v2\/product\/21384","targetHints":{"allow":["GET"]}}],"collection":[{"href":"https:\/\/www.facecorner.lv\/en\/wp-json\/wp\/v2\/product"}],"about":[{"href":"https:\/\/www.facecorner.lv\/en\/wp-json\/wp\/v2\/types\/product"}],"replies":[{"embeddable":true,"href":"https:\/\/www.facecorner.lv\/en\/wp-json\/wp\/v2\/comments?post=21384"}],"wp:featuredmedia":[{"embeddable":true,"href":"https:\/\/www.facecorner.lv\/en\/wp-json\/wp\/v2\/media\/21389"}],"wp:attachment":[{"href":"https:\/\/www.facecorner.lv\/en\/wp-json\/wp\/v2\/media?parent=21384"}],"wp:term":[{"taxonomy":"product_brand","embeddable":true,"href":"https:\/\/www.facecorner.lv\/en\/wp-json\/wp\/v2\/product_brand?post=21384"},{"taxonomy":"product_cat","embeddable":true,"href":"https:\/\/www.facecorner.lv\/en\/wp-json\/wp\/v2\/product_cat?post=21384"},{"taxonomy":"product_tag","embeddable":true,"href":"https:\/\/www.facecorner.lv\/en\/wp-json\/wp\/v2\/product_tag?post=21384"},{"taxonomy":"berocket_brand","embeddable":true,"href":"https:\/\/www.facecorner.lv\/en\/wp-json\/wp\/v2\/berocket_brand?post=21384"}],"curies":[{"name":"wp","href":"https:\/\/api.w.org\/{rel}","templated":true}]}}