{"id":21377,"date":"2024-10-23T20:24:17","date_gmt":"2024-10-23T17:24:17","guid":{"rendered":"https:\/\/www.facecorner.lv\/?post_type=product&#038;p=21377"},"modified":"2026-04-29T13:18:47","modified_gmt":"2026-04-29T10:18:47","slug":"medicube-deep-vita-c-pad-70-ea","status":"publish","type":"product","link":"https:\/\/www.facecorner.lv\/en\/shop\/medicube-deep-vita-c-pad-70-ea\/","title":{"rendered":"Medicube Deep Vita C Pad 70psc"},"content":{"rendered":"<p>Medicube Deep Vita C Pad\u00a0 izgaismojo\u0161ie spilventi\u0146i ir paredz\u0113ti efekt\u012bvai c\u012b\u0146ai ar pigment\u0101ciju, pinn\u0113m un cit\u0101m \u0101das nepiln\u012bb\u0101m.<\/p>\n<p>Padzi\u013cin\u0101t\u0101s pl\u0101ksn\u012btes satur 500 000 ppm smilts\u0113rk\u0161\u0137u hidrol\u0101ta. Efekt\u012bvi nomierina sakairin\u0101tu \u0101du, mazina iekaisumu, pal\u012bdz c\u012bn\u012bties ar sausumu un lob\u012b\u0161anos. Stiprina epidermas lip\u012bdu barjeru un aizsarg\u0101 no apk\u0101rt\u0113j\u0101s vides negat\u012bv\u0101s ietekmes. Toniz\u0113, nov\u0113r\u0161 \u0101das avitaminozi, atdz\u012bvina un uzlabo sejas kr\u0101su.<\/p>\n<p>Sast\u0101v\u0101 eso\u0161ais C vitam\u012bns ir paredz\u0113ts pigment\u0101cijas, tum\u0161o plankumu un p\u0113pne probl\u0113mu mazin\u0101\u0161anai un izgaismo\u0161anai, k\u0101 ar\u012b ir lielisks antioksidants. Pept\u012bdu komplekss veicina kolag\u0113na un elast\u012bna sint\u0113zi, atjauno un pa\u0101trina \u0101das atjauno\u0161anos. Pal\u012bdz dermai akt\u012bvi pretoties vides agres\u012bvajai iedarb\u012bbai un nov\u0113r\u0161 izteiksmes l\u012bniju veido\u0161anos. Izl\u012bdzina \u0101das reljefu, padara \u0101das toni vienm\u0113r\u012bg\u0101ku, c\u012bn\u0101s ar \u0101das bl\u0101vumu.<\/p>\n<p><strong>How to use: <\/strong>Iz\u0146emiet spilventi\u0146u. Ar spilventi\u0146u maigi noslaukiet t\u012bru, sausu \u0101du. \u012apa\u0161u uzman\u012bbu piev\u0113rsiet T-zonai un problem\u0101tiskaj\u0101m \u0101das zon\u0101m. Produktu lieto p\u0113c att\u012br\u012b\u0161anas (mazg\u0101\u0161anas), un to nav nepiecie\u0161ams noskalot.<\/p>\n<p>Kl\u012bniskais tests Deep Vita C spilventi\u0146\u0161, 13 pa\u0161p\u0101rbaudes pabeigtas (4 ned\u0113\u013cas)<\/p>\n<ul>\n<li>Tum\u0161ie plankumi un plankumi &#8211; uzlabojums par 5,6%<\/li>\n<li>\u0100das mirdzums &#8211; uzlabojums par 8,8%<\/li>\n<li>\u0100das mitrin\u0101\u0161ana &#8211; uzlabojums par 13,7 %.<\/li>\n<li>Iek\u0161\u0113jais \u0101das mitrin\u0101jums &#8211; uzlabojums par 3,1 %.<\/li>\n<li>atmiru\u0161\u0101s \u0101das st\u0101voklis &#8211; 43,5 % uzlabojums<\/li>\n<li>T\u016bl\u012bt\u0113js atv\u0113sino\u0161s efekts &#8211; samazin\u0101ts par 4,4&#8217;c<\/li>\n<li>Sejas liftings &#8211; uzlabojums par 5,5 %<\/li>\n<\/ul>\n<p><strong>Ingredientes:<\/strong> Hippophae Rhamnoides Water,\u00a0Water,\u00a0Methyl Gluceth-20,\u00a0Methylpropanediol,\u00a0Niacinamide,\u00a0Glycereth-26,\u00a0Methyl Gluceth-10,\u00a0Polyglycerin-3,\u00a01,2-Hexanediol,\u00a0Gluconolactone,\u00a03-O-Ethyl Ascorbic Acid,\u00a0Ethylhexylglycerin,\u00a0Cymbopogon Martini Oil,\u00a0Citronellal,\u00a0Adenosine,\u00a0Butylene Glycol,\u00a0Disodium EDTA,\u00a0Mentha Viridis Extract,\u00a0Lactobacillus\/Lemon Peel Ferment Extract,\u00a0Geraniol,\u00a0Citronellol,\u00a0Coptis Japonica Extract,\u00a0Cucumis Melo Seed Extract,\u00a0Litsea Cubeba Fruit Oil,\u00a0Pelargonium Graveolens Extract,\u00a0Allantoin,\u00a0Dipotassium Glycyrrhizate,\u00a0Panthenol,\u00a0Sodium Hyaluronate,\u00a0Lactic Acid,\u00a0Glucose,\u00a0Beta-Glucan,\u00a0Linalool,\u00a0Hyaluronic Acid,\u00a0Glycerin,\u00a0Caprylic\/Capric Triglyceride,\u00a0Tocopherol,\u00a0Cetyl Palmitate,\u00a0Ubiquinone,\u00a0Polysorbate 80,\u00a0Sorbitan Stearate,\u00a0Sodium Benzoate,\u00a0Citric Acid,\u00a0Hydrogenated Lecithin,\u00a0Palmitoyl Tripeptide-5,\u00a0Ergothioneine,\u00a0Hesperidin,\u00a0Palmitoyl Tetrapeptide-10<\/p>","protected":false},"excerpt":{"rendered":"<p>Medicube Deep Vita C Pad izgaismojo\u0161ie spilventi\u0146i ir paredz\u0113ti efekt\u012bvai c\u012b\u0146ai ar pigment\u0101ciju, pinn\u0113m un cit\u0101m \u0101das nepiln\u012bb\u0101m.<\/p>","protected":false},"featured_media":21378,"comment_status":"open","ping_status":"closed","template":"","meta":{"site-sidebar-layout":"default","site-content-layout":"","ast-site-content-layout":"default","site-content-style":"default","site-sidebar-style":"default","ast-global-header-display":"","ast-banner-title-visibility":"","ast-main-header-display":"","ast-hfb-above-header-display":"","ast-hfb-below-header-display":"","ast-hfb-mobile-header-display":"","site-post-title":"","ast-breadcrumbs-content":"","ast-featured-img":"","footer-sml-layout":"","theme-transparent-header-meta":"default","adv-header-id-meta":"","stick-header-meta":"","header-above-stick-meta":"","header-main-stick-meta":"","header-below-stick-meta":"","astra-migrate-meta-layouts":"set","ast-page-background-enabled":"default","ast-page-background-meta":{"desktop":{"background-color":"var(--ast-global-color-4)","background-image":"","background-repeat":"repeat","background-position":"center center","background-size":"auto","background-attachment":"scroll","background-type":"","background-media":"","overlay-type":"","overlay-color":"","overlay-opacity":"","overlay-gradient":""},"tablet":{"background-color":"","background-image":"","background-repeat":"repeat","background-position":"center center","background-size":"auto","background-attachment":"scroll","background-type":"","background-media":"","overlay-type":"","overlay-color":"","overlay-opacity":"","overlay-gradient":""},"mobile":{"background-color":"","background-image":"","background-repeat":"repeat","background-position":"center center","background-size":"auto","background-attachment":"scroll","background-type":"","background-media":"","overlay-type":"","overlay-color":"","overlay-opacity":"","overlay-gradient":""}},"ast-content-background-meta":{"desktop":{"background-color":"var(--ast-global-color-5)","background-image":"","background-repeat":"repeat","background-position":"center center","background-size":"auto","background-attachment":"scroll","background-type":"","background-media":"","overlay-type":"","overlay-color":"","overlay-opacity":"","overlay-gradient":""},"tablet":{"background-color":"var(--ast-global-color-5)","background-image":"","background-repeat":"repeat","background-position":"center center","background-size":"auto","background-attachment":"scroll","background-type":"","background-media":"","overlay-type":"","overlay-color":"","overlay-opacity":"","overlay-gradient":""},"mobile":{"background-color":"var(--ast-global-color-5)","background-image":"","background-repeat":"repeat","background-position":"center center","background-size":"auto","background-attachment":"scroll","background-type":"","background-media":"","overlay-type":"","overlay-color":"","overlay-opacity":"","overlay-gradient":""}}},"product_brand":[],"product_cat":[511,375,670,328,377,378,364,376],"product_tag":[],"berocket_brand":[579],"class_list":{"0":"post-21377","1":"product","2":"type-product","3":"status-publish","4":"has-post-thumbnail","6":"product_cat-atlaides","7":"product_cat-jutigai-adai-toneri","8":"product_cat-pilinga-diski","9":"product_cat-pilingi-un-skrubji","10":"product_cat-problematiskai-adai-toneri","11":"product_cat-sausai-adai-toneri","12":"product_cat-toneri","13":"product_cat-kombinetai-adai-toneri","14":"berocket_brand-medicube","15":"desktop-align-left","16":"tablet-align-left","17":"mobile-align-left","19":"first","20":"instock","21":"sale","22":"featured","23":"taxable","24":"shipping-taxable","25":"purchasable","26":"product-type-simple","27":"add-to-wishlist-before_image"},"yoast_head":"<!-- This site is optimized with the Yoast SEO plugin v27.4 - https:\/\/yoast.com\/product\/yoast-seo-wordpress\/ -->\n<title>Medicube Deep Vita C Pad 70psc - FACECORNER<\/title>\n<meta name=\"description\" content=\"Medicube Deep Vita C Pad izgaismojo\u0161ie spilventi\u0146i ir paredz\u0113ti efekt\u012bvai c\u012b\u0146ai ar pigment\u0101ciju, pinn\u0113m un cit\u0101m \u0101das nepiln\u012bb\u0101m.\" \/>\n<meta name=\"robots\" content=\"index, follow, max-snippet:-1, max-image-preview:large, max-video-preview:-1\" \/>\n<link rel=\"canonical\" href=\"https:\/\/www.facecorner.lv\/en\/shop\/medicube-deep-vita-c-pad-70-ea\/\" \/>\n<meta property=\"og:locale\" content=\"en_US\" \/>\n<meta property=\"og:type\" content=\"article\" \/>\n<meta property=\"og:title\" content=\"Medicube Deep Vita C Pad 70psc - FACECORNER\" \/>\n<meta property=\"og:description\" content=\"Medicube Deep Vita C Pad izgaismojo\u0161ie spilventi\u0146i ir paredz\u0113ti efekt\u012bvai c\u012b\u0146ai ar pigment\u0101ciju, pinn\u0113m un cit\u0101m \u0101das nepiln\u012bb\u0101m.\" \/>\n<meta property=\"og:url\" content=\"https:\/\/www.facecorner.lv\/en\/shop\/medicube-deep-vita-c-pad-70-ea\/\" \/>\n<meta property=\"og:site_name\" content=\"FACECORNER\" \/>\n<meta property=\"article:publisher\" content=\"https:\/\/www.facebook.com\/profile.php?id=100063824551839\" \/>\n<meta property=\"article:modified_time\" content=\"2026-04-29T10:18:47+00:00\" \/>\n<meta property=\"og:image\" content=\"https:\/\/www.facecorner.lv\/wp-content\/uploads\/2024\/10\/71Uw96LWArL.jpg\" \/>\n\t<meta property=\"og:image:width\" content=\"2000\" \/>\n\t<meta property=\"og:image:height\" content=\"2000\" \/>\n\t<meta property=\"og:image:type\" content=\"image\/jpeg\" \/>\n<meta name=\"twitter:card\" content=\"summary_large_image\" \/>\n<meta name=\"twitter:label1\" content=\"Price\" \/>\n\t<meta name=\"twitter:data1\" content=\"&euro;35.00\" \/>\n\t<meta name=\"twitter:label2\" content=\"Availability\" \/>\n\t<meta name=\"twitter:data2\" content=\"In stock\" \/>\n<script type=\"application\/ld+json\" class=\"yoast-schema-graph\">{\"@context\":\"https:\\\/\\\/schema.org\",\"@graph\":[{\"@type\":\"WebPage\",\"@id\":\"https:\\\/\\\/www.facecorner.lv\\\/shop\\\/medicube-deep-vita-c-pad-70-ea\\\/\",\"url\":\"https:\\\/\\\/www.facecorner.lv\\\/shop\\\/medicube-deep-vita-c-pad-70-ea\\\/\",\"name\":\"Medicube Deep Vita C Pad 70psc - FACECORNER\",\"isPartOf\":{\"@id\":\"https:\\\/\\\/www.facecorner.lv\\\/#website\"},\"primaryImageOfPage\":{\"@id\":\"https:\\\/\\\/www.facecorner.lv\\\/shop\\\/medicube-deep-vita-c-pad-70-ea\\\/#primaryimage\"},\"image\":{\"@id\":\"https:\\\/\\\/www.facecorner.lv\\\/shop\\\/medicube-deep-vita-c-pad-70-ea\\\/#primaryimage\"},\"thumbnailUrl\":\"https:\\\/\\\/www.facecorner.lv\\\/wp-content\\\/uploads\\\/2024\\\/10\\\/71Uw96LWArL.jpg\",\"datePublished\":\"2024-10-23T17:24:17+00:00\",\"dateModified\":\"2026-04-29T10:18:47+00:00\",\"description\":\"Medicube Deep Vita C Pad izgaismojo\u0161ie spilventi\u0146i ir paredz\u0113ti efekt\u012bvai c\u012b\u0146ai ar pigment\u0101ciju, pinn\u0113m un cit\u0101m \u0101das nepiln\u012bb\u0101m.\",\"breadcrumb\":{\"@id\":\"https:\\\/\\\/www.facecorner.lv\\\/shop\\\/medicube-deep-vita-c-pad-70-ea\\\/#breadcrumb\"},\"inLanguage\":\"en-US\",\"potentialAction\":[{\"@type\":\"ReadAction\",\"target\":[\"https:\\\/\\\/www.facecorner.lv\\\/shop\\\/medicube-deep-vita-c-pad-70-ea\\\/\"]}]},{\"@type\":\"ImageObject\",\"inLanguage\":\"en-US\",\"@id\":\"https:\\\/\\\/www.facecorner.lv\\\/shop\\\/medicube-deep-vita-c-pad-70-ea\\\/#primaryimage\",\"url\":\"https:\\\/\\\/www.facecorner.lv\\\/wp-content\\\/uploads\\\/2024\\\/10\\\/71Uw96LWArL.jpg\",\"contentUrl\":\"https:\\\/\\\/www.facecorner.lv\\\/wp-content\\\/uploads\\\/2024\\\/10\\\/71Uw96LWArL.jpg\",\"width\":2000,\"height\":2000,\"caption\":\"Version 1.0.0\"},{\"@type\":\"BreadcrumbList\",\"@id\":\"https:\\\/\\\/www.facecorner.lv\\\/shop\\\/medicube-deep-vita-c-pad-70-ea\\\/#breadcrumb\",\"itemListElement\":[{\"@type\":\"ListItem\",\"position\":1,\"name\":\"Home\",\"item\":\"https:\\\/\\\/www.facecorner.lv\\\/\"},{\"@type\":\"ListItem\",\"position\":2,\"name\":\"Veikals\",\"item\":\"https:\\\/\\\/www.facecorner.lv\\\/shop\\\/\"},{\"@type\":\"ListItem\",\"position\":3,\"name\":\"Medicube Deep Vita C Pad 70psc\"}]},{\"@type\":\"WebSite\",\"@id\":\"https:\\\/\\\/www.facecorner.lv\\\/#website\",\"url\":\"https:\\\/\\\/www.facecorner.lv\\\/\",\"name\":\"Facecorner\",\"description\":\"\",\"publisher\":{\"@id\":\"https:\\\/\\\/www.facecorner.lv\\\/#organization\"},\"potentialAction\":[{\"@type\":\"SearchAction\",\"target\":{\"@type\":\"EntryPoint\",\"urlTemplate\":\"https:\\\/\\\/www.facecorner.lv\\\/?s={search_term_string}\"},\"query-input\":{\"@type\":\"PropertyValueSpecification\",\"valueRequired\":true,\"valueName\":\"search_term_string\"}}],\"inLanguage\":\"en-US\"},{\"@type\":\"Organization\",\"@id\":\"https:\\\/\\\/www.facecorner.lv\\\/#organization\",\"name\":\"Facecorner\",\"url\":\"https:\\\/\\\/www.facecorner.lv\\\/\",\"logo\":{\"@type\":\"ImageObject\",\"inLanguage\":\"en-US\",\"@id\":\"https:\\\/\\\/www.facecorner.lv\\\/#\\\/schema\\\/logo\\\/image\\\/\",\"url\":\"https:\\\/\\\/www.facecorner.lv\\\/wp-content\\\/uploads\\\/2024\\\/04\\\/fc-logo.jpg\",\"contentUrl\":\"https:\\\/\\\/www.facecorner.lv\\\/wp-content\\\/uploads\\\/2024\\\/04\\\/fc-logo.jpg\",\"width\":174,\"height\":28,\"caption\":\"Facecorner\"},\"image\":{\"@id\":\"https:\\\/\\\/www.facecorner.lv\\\/#\\\/schema\\\/logo\\\/image\\\/\"},\"sameAs\":[\"https:\\\/\\\/www.facebook.com\\\/profile.php?id=100063824551839\",\"https:\\\/\\\/www.instagram.com\\\/facecorner_shop\\\/\"]}]}<\/script>\n<meta property=\"product:price:amount\" content=\"35.00\" \/>\n<meta property=\"product:price:currency\" content=\"EUR\" \/>\n<meta property=\"og:availability\" content=\"instock\" \/>\n<meta property=\"product:availability\" content=\"instock\" \/>\n<meta property=\"product:condition\" content=\"new\" \/>\n<!-- \/ Yoast SEO plugin. -->","yoast_head_json":{"title":"Medicube Deep Vita C Pad 70psc - FACECORNER","description":"Medicube Deep Vita C Pad izgaismojo\u0161ie spilventi\u0146i ir paredz\u0113ti efekt\u012bvai c\u012b\u0146ai ar pigment\u0101ciju, pinn\u0113m un cit\u0101m \u0101das nepiln\u012bb\u0101m.","robots":{"index":"index","follow":"follow","max-snippet":"max-snippet:-1","max-image-preview":"max-image-preview:large","max-video-preview":"max-video-preview:-1"},"canonical":"https:\/\/www.facecorner.lv\/en\/shop\/medicube-deep-vita-c-pad-70-ea\/","og_locale":"en_US","og_type":"article","og_title":"Medicube Deep Vita C Pad 70psc - FACECORNER","og_description":"Medicube Deep Vita C Pad izgaismojo\u0161ie spilventi\u0146i ir paredz\u0113ti efekt\u012bvai c\u012b\u0146ai ar pigment\u0101ciju, pinn\u0113m un cit\u0101m \u0101das nepiln\u012bb\u0101m.","og_url":"https:\/\/www.facecorner.lv\/en\/shop\/medicube-deep-vita-c-pad-70-ea\/","og_site_name":"FACECORNER","article_publisher":"https:\/\/www.facebook.com\/profile.php?id=100063824551839","article_modified_time":"2026-04-29T10:18:47+00:00","og_image":[{"width":2000,"height":2000,"url":"https:\/\/www.facecorner.lv\/wp-content\/uploads\/2024\/10\/71Uw96LWArL.jpg","type":"image\/jpeg"}],"twitter_card":"summary_large_image","twitter_misc":{"Price":"&euro;35.00","Availability":"In stock"},"schema":{"@context":"https:\/\/schema.org","@graph":[{"@type":"WebPage","@id":"https:\/\/www.facecorner.lv\/shop\/medicube-deep-vita-c-pad-70-ea\/","url":"https:\/\/www.facecorner.lv\/shop\/medicube-deep-vita-c-pad-70-ea\/","name":"Medicube Deep Vita C Pad 70psc - FACECORNER","isPartOf":{"@id":"https:\/\/www.facecorner.lv\/#website"},"primaryImageOfPage":{"@id":"https:\/\/www.facecorner.lv\/shop\/medicube-deep-vita-c-pad-70-ea\/#primaryimage"},"image":{"@id":"https:\/\/www.facecorner.lv\/shop\/medicube-deep-vita-c-pad-70-ea\/#primaryimage"},"thumbnailUrl":"https:\/\/www.facecorner.lv\/wp-content\/uploads\/2024\/10\/71Uw96LWArL.jpg","datePublished":"2024-10-23T17:24:17+00:00","dateModified":"2026-04-29T10:18:47+00:00","description":"Medicube Deep Vita C Pad izgaismojo\u0161ie spilventi\u0146i ir paredz\u0113ti efekt\u012bvai c\u012b\u0146ai ar pigment\u0101ciju, pinn\u0113m un cit\u0101m \u0101das nepiln\u012bb\u0101m.","breadcrumb":{"@id":"https:\/\/www.facecorner.lv\/shop\/medicube-deep-vita-c-pad-70-ea\/#breadcrumb"},"inLanguage":"en-US","potentialAction":[{"@type":"ReadAction","target":["https:\/\/www.facecorner.lv\/shop\/medicube-deep-vita-c-pad-70-ea\/"]}]},{"@type":"ImageObject","inLanguage":"en-US","@id":"https:\/\/www.facecorner.lv\/shop\/medicube-deep-vita-c-pad-70-ea\/#primaryimage","url":"https:\/\/www.facecorner.lv\/wp-content\/uploads\/2024\/10\/71Uw96LWArL.jpg","contentUrl":"https:\/\/www.facecorner.lv\/wp-content\/uploads\/2024\/10\/71Uw96LWArL.jpg","width":2000,"height":2000,"caption":"Version 1.0.0"},{"@type":"BreadcrumbList","@id":"https:\/\/www.facecorner.lv\/shop\/medicube-deep-vita-c-pad-70-ea\/#breadcrumb","itemListElement":[{"@type":"ListItem","position":1,"name":"Home","item":"https:\/\/www.facecorner.lv\/"},{"@type":"ListItem","position":2,"name":"Veikals","item":"https:\/\/www.facecorner.lv\/shop\/"},{"@type":"ListItem","position":3,"name":"Medicube Deep Vita C Pad 70psc"}]},{"@type":"WebSite","@id":"https:\/\/www.facecorner.lv\/#website","url":"https:\/\/www.facecorner.lv\/","name":"Facecorner","description":"","publisher":{"@id":"https:\/\/www.facecorner.lv\/#organization"},"potentialAction":[{"@type":"SearchAction","target":{"@type":"EntryPoint","urlTemplate":"https:\/\/www.facecorner.lv\/?s={search_term_string}"},"query-input":{"@type":"PropertyValueSpecification","valueRequired":true,"valueName":"search_term_string"}}],"inLanguage":"en-US"},{"@type":"Organization","@id":"https:\/\/www.facecorner.lv\/#organization","name":"Facecorner","url":"https:\/\/www.facecorner.lv\/","logo":{"@type":"ImageObject","inLanguage":"en-US","@id":"https:\/\/www.facecorner.lv\/#\/schema\/logo\/image\/","url":"https:\/\/www.facecorner.lv\/wp-content\/uploads\/2024\/04\/fc-logo.jpg","contentUrl":"https:\/\/www.facecorner.lv\/wp-content\/uploads\/2024\/04\/fc-logo.jpg","width":174,"height":28,"caption":"Facecorner"},"image":{"@id":"https:\/\/www.facecorner.lv\/#\/schema\/logo\/image\/"},"sameAs":["https:\/\/www.facebook.com\/profile.php?id=100063824551839","https:\/\/www.instagram.com\/facecorner_shop\/"]}]},"product_price_amount":"35.00","product_price_currency":"EUR","og_availability":"instock","product_availability":"instock","product_condition":"new"},"_links":{"self":[{"href":"https:\/\/www.facecorner.lv\/en\/wp-json\/wp\/v2\/product\/21377","targetHints":{"allow":["GET"]}}],"collection":[{"href":"https:\/\/www.facecorner.lv\/en\/wp-json\/wp\/v2\/product"}],"about":[{"href":"https:\/\/www.facecorner.lv\/en\/wp-json\/wp\/v2\/types\/product"}],"replies":[{"embeddable":true,"href":"https:\/\/www.facecorner.lv\/en\/wp-json\/wp\/v2\/comments?post=21377"}],"wp:featuredmedia":[{"embeddable":true,"href":"https:\/\/www.facecorner.lv\/en\/wp-json\/wp\/v2\/media\/21378"}],"wp:attachment":[{"href":"https:\/\/www.facecorner.lv\/en\/wp-json\/wp\/v2\/media?parent=21377"}],"wp:term":[{"taxonomy":"product_brand","embeddable":true,"href":"https:\/\/www.facecorner.lv\/en\/wp-json\/wp\/v2\/product_brand?post=21377"},{"taxonomy":"product_cat","embeddable":true,"href":"https:\/\/www.facecorner.lv\/en\/wp-json\/wp\/v2\/product_cat?post=21377"},{"taxonomy":"product_tag","embeddable":true,"href":"https:\/\/www.facecorner.lv\/en\/wp-json\/wp\/v2\/product_tag?post=21377"},{"taxonomy":"berocket_brand","embeddable":true,"href":"https:\/\/www.facecorner.lv\/en\/wp-json\/wp\/v2\/berocket_brand?post=21377"}],"curies":[{"name":"wp","href":"https:\/\/api.w.org\/{rel}","templated":true}]}}