{"id":21373,"date":"2024-10-23T17:57:32","date_gmt":"2024-10-23T14:57:32","guid":{"rendered":"https:\/\/www.facecorner.lv\/?post_type=product&#038;p=21373"},"modified":"2025-10-15T15:10:14","modified_gmt":"2025-10-15T12:10:14","slug":"vt-cosmetics-reedle-shot-synergy-repair-cream-300-50ml","status":"publish","type":"product","link":"https:\/\/www.facecorner.lv\/en\/shop\/vt-cosmetics-reedle-shot-synergy-repair-cream-300-50ml\/","title":{"rendered":"VT Cosmetics  Reedle Shot Synergy Repair Cream 300 50ml"},"content":{"rendered":"<p>VT Cosmetics Reedle Shot Synergy Repair Cream 300 ir atjaunojo\u0161s kr\u0113ms jut\u012bgai \u0101dai. Pateicoties t\u0101 akt\u012bvaj\u0101m sast\u0101vda\u013c\u0101m, tam piem\u012bt intens\u012bva nomierino\u0161a un atjaunojo\u0161a iedarb\u012bba. Tam ir bag\u0101t\u012bga formula, kas garant\u0113 barojo\u0161u iedarb\u012bbu. Sast\u0101v\u0101 eso\u0161ie keram\u012bdi pal\u012bdz stiprin\u0101t \u0101das hidrolip\u012bdu barjeru, savuk\u0101rt pept\u012bdi uzlabo \u0101das tvirtumu un elast\u012bbu. Centella asiatica ekstrakts un azul\u0113ns intens\u012bvi nomierina kairin\u0101jumu un aps\u0101rtumu, savuk\u0101rt pantenols atbalsta re\u0123ener\u0101cijas procesus. L\u012bdzeklis paredz\u0113ts jut\u012bgai \u0101dai.<\/p>\n<ul>\n<li>keram\u012bdi &#8211; stiprina hidrolip\u012bdu barjeru, atjauno \u0101du,<\/li>\n<li>Centella asiatica ekstrakts &#8211; nomierina kairin\u0101jumu, iedarbojas pretiekaisuma un atjaunojo\u0161i,<\/li>\n<li>azul\u0113ns &#8211; nekav\u0113joties nomierina kairin\u0101jumu un aps\u0101rtumu, iedarbojas pretiekaisuma iedarb\u012bb\u0101,<\/li>\n<li>pept\u012bdi &#8211; savelk \u0101du, uzlabo elast\u012bbu,<\/li>\n<li>pantenols &#8211; re\u0123ener\u0113, nomierina, mazina aps\u0101rtumu, mitrina.<\/li>\n<\/ul>\n<p><strong>Kr\u0113ma iedarb\u012bba:<\/strong><\/p>\n<ul>\n<li>re\u0123ener\u0113,<\/li>\n<li>mitrina,<\/li>\n<li>baro,<\/li>\n<li>nomierina kairin\u0101jumu,<\/li>\n<li>stiprina hidrolip\u012bdu barjeru.<\/li>\n<\/ul>\n<p><strong>How to use:<\/strong> uzkl\u0101jiet kr\u0113mu uz sejas k\u0101 p\u0113d\u0113jo \u0101das kop\u0161anas soli.<\/p>\n<p><strong>Ingredientes:<\/strong> Aqua, Glycerin, Palmitic Acid, C12-15 Alkyl Benzoate, Myristic Acid, Hydrogenated Vegetable Oil, Propylene Glycol Dicaprylate\/Dicaprate, 1,2-Hexanediol, Niacinamide, Cetyl Alcohol, Glyceryl Stearate Citrate, Cetearyl Alcohol, Hydroxyethyl Acrylate\/Sodium Acryloyldimethyl Taurate Copolymer, Methyl Methacrylate Crosspolymer, Cetearyl Glucoside, Mangifera Indica (Mango) Seed Butter, Sodium Guaiazulene Sulfonate, Adenosine, Sorbitan Isostearate, Disodium EDTA, Panthenol, Macadamia Ternifolia Seed Oil, Caprylic\/Capric Triglyceride, Ethylhexylglycerin, Brassica Campestris (Rapeseed) Sterols, Cholesterol, Phytosteryl\/Behenyl\/Octyldodecyl Lauroyl Glutamate, rh-Oligopeptide-1, TBHQ, Polyglyceryl-10 Oleate, Hydrogenated Lecithin, Ceramide NP, Potassium Cetyl Phosphate, Ceramide NS, Silica, Butylene Glycol, Centella Asiatica Extract, sh-Oligopeptide-1, sh-Oligopeptide-2, sh-Polypeptide-1, sh-Polypeptide-11, sh-Polypeptide-16, sh-Polypeptide-22, sh-Polypeptide-3, sh-Polypeptide-62, sh-Polypeptide-9, Ceramide EOP, Sodium Hyaluronate, Propolis Extract, Asiaticoside, Madecassoside, Madecassic Acid, Asiatic Acid<\/p>","protected":false},"excerpt":{"rendered":"<p>VT Cosmetics Reedle Shot Synergy Repair Cream 300 ir atjaunojo\u0161s kr\u0113ms jut\u012bgai \u0101dai. Pateicoties t\u0101 akt\u012bvaj\u0101m sast\u0101vda\u013c\u0101m, tam piem\u012bt intens\u012bva nomierino\u0161a un atjaunojo\u0161a iedarb\u012bba. Tam ir bag\u0101t\u012bga formula, kas garant\u0113 barojo\u0161u iedarb\u012bbu. Sast\u0101v\u0101 eso\u0161ie keram\u012bdi pal\u012bdz stiprin\u0101t \u0101das hidrolip\u012bdu barjeru, savuk\u0101rt pept\u012bdi uzlabo \u0101das tvirtumu un elast\u012bbu. Centella asiatica ekstrakts un azul\u0113ns intens\u012bvi nomierina kairin\u0101jumu un aps\u0101rtumu, savuk\u0101rt pantenols atbalsta re\u0123ener\u0101cijas procesus. L\u012bdzeklis paredz\u0113ts jut\u012bgai \u0101dai.<\/p>","protected":false},"featured_media":21374,"comment_status":"open","ping_status":"closed","template":"","meta":{"site-sidebar-layout":"default","site-content-layout":"","ast-site-content-layout":"","site-content-style":"default","site-sidebar-style":"default","ast-global-header-display":"","ast-banner-title-visibility":"","ast-main-header-display":"","ast-hfb-above-header-display":"","ast-hfb-below-header-display":"","ast-hfb-mobile-header-display":"","site-post-title":"","ast-breadcrumbs-content":"","ast-featured-img":"","footer-sml-layout":"","theme-transparent-header-meta":"","adv-header-id-meta":"","stick-header-meta":"","header-above-stick-meta":"","header-main-stick-meta":"","header-below-stick-meta":"","astra-migrate-meta-layouts":"default","ast-page-background-enabled":"default","ast-page-background-meta":{"desktop":{"background-color":"var(--ast-global-color-4)","background-image":"","background-repeat":"repeat","background-position":"center center","background-size":"auto","background-attachment":"scroll","background-type":"","background-media":"","overlay-type":"","overlay-color":"","overlay-opacity":"","overlay-gradient":""},"tablet":{"background-color":"","background-image":"","background-repeat":"repeat","background-position":"center center","background-size":"auto","background-attachment":"scroll","background-type":"","background-media":"","overlay-type":"","overlay-color":"","overlay-opacity":"","overlay-gradient":""},"mobile":{"background-color":"","background-image":"","background-repeat":"repeat","background-position":"center center","background-size":"auto","background-attachment":"scroll","background-type":"","background-media":"","overlay-type":"","overlay-color":"","overlay-opacity":"","overlay-gradient":""}},"ast-content-background-meta":{"desktop":{"background-color":"var(--ast-global-color-5)","background-image":"","background-repeat":"repeat","background-position":"center center","background-size":"auto","background-attachment":"scroll","background-type":"","background-media":"","overlay-type":"","overlay-color":"","overlay-opacity":"","overlay-gradient":""},"tablet":{"background-color":"var(--ast-global-color-5)","background-image":"","background-repeat":"repeat","background-position":"center center","background-size":"auto","background-attachment":"scroll","background-type":"","background-media":"","overlay-type":"","overlay-color":"","overlay-opacity":"","overlay-gradient":""},"mobile":{"background-color":"var(--ast-global-color-5)","background-image":"","background-repeat":"repeat","background-position":"center center","background-size":"auto","background-attachment":"scroll","background-type":"","background-media":"","overlay-type":"","overlay-color":"","overlay-opacity":"","overlay-gradient":""}}},"product_brand":[],"product_cat":[366,367,362],"product_tag":[],"berocket_brand":[582],"class_list":{"0":"post-21373","1":"product","2":"type-product","3":"status-publish","4":"has-post-thumbnail","6":"product_cat-mitrinoss","7":"product_cat-nomierinoss","8":"product_cat-sejas-krems","9":"berocket_brand-vt","10":"desktop-align-left","11":"tablet-align-left","12":"mobile-align-left","14":"first","15":"instock","16":"taxable","17":"shipping-taxable","18":"purchasable","19":"product-type-simple","20":"add-to-wishlist-before_image"},"yoast_head":"<!-- This site is optimized with the Yoast SEO plugin v27.4 - https:\/\/yoast.com\/product\/yoast-seo-wordpress\/ -->\n<title>VT Cosmetics Reedle Shot Synergy Repair Cream 300 50ml - FACECORNER<\/title>\n<meta name=\"description\" content=\"VT Cosmetics Reedle Shot Synergy Repair Cream 300 ir atjaunojo\u0161s kr\u0113ms jut\u012bgai \u0101dai. Pateicoties t\u0101 akt\u012bvaj\u0101m sast\u0101vda\u013c\u0101m, tam piem\u012bt intens\u012bva nomierino\u0161a\" \/>\n<meta name=\"robots\" content=\"index, follow, max-snippet:-1, max-image-preview:large, max-video-preview:-1\" \/>\n<link rel=\"canonical\" href=\"https:\/\/www.facecorner.lv\/en\/shop\/vt-cosmetics-reedle-shot-synergy-repair-cream-300-50ml\/\" \/>\n<meta property=\"og:locale\" content=\"en_US\" \/>\n<meta property=\"og:type\" content=\"article\" \/>\n<meta property=\"og:title\" content=\"VT Cosmetics Reedle Shot Synergy Repair Cream 300 50ml - FACECORNER\" \/>\n<meta property=\"og:description\" content=\"VT Cosmetics Reedle Shot Synergy Repair Cream 300 ir atjaunojo\u0161s kr\u0113ms jut\u012bgai \u0101dai. Pateicoties t\u0101 akt\u012bvaj\u0101m sast\u0101vda\u013c\u0101m, tam piem\u012bt intens\u012bva nomierino\u0161a\" \/>\n<meta property=\"og:url\" content=\"https:\/\/www.facecorner.lv\/en\/shop\/vt-cosmetics-reedle-shot-synergy-repair-cream-300-50ml\/\" \/>\n<meta property=\"og:site_name\" content=\"FACECORNER\" \/>\n<meta property=\"article:publisher\" content=\"https:\/\/www.facebook.com\/profile.php?id=100063824551839\" \/>\n<meta property=\"article:modified_time\" content=\"2025-10-15T12:10:14+00:00\" \/>\n<meta property=\"og:image\" content=\"https:\/\/www.facecorner.lv\/wp-content\/uploads\/2024\/10\/1_6754572b-8b20-4603-a040-3abd991eff8c.webp\" \/>\n\t<meta property=\"og:image:width\" content=\"500\" \/>\n\t<meta property=\"og:image:height\" content=\"500\" \/>\n\t<meta property=\"og:image:type\" content=\"image\/webp\" \/>\n<meta name=\"twitter:card\" content=\"summary_large_image\" \/>\n<meta name=\"twitter:label1\" content=\"Price\" \/>\n\t<meta name=\"twitter:data1\" content=\"&euro;41.90\" \/>\n\t<meta name=\"twitter:label2\" content=\"Availability\" \/>\n\t<meta name=\"twitter:data2\" content=\"In stock\" \/>\n<script type=\"application\/ld+json\" class=\"yoast-schema-graph\">{\"@context\":\"https:\\\/\\\/schema.org\",\"@graph\":[{\"@type\":\"WebPage\",\"@id\":\"https:\\\/\\\/www.facecorner.lv\\\/shop\\\/vt-cosmetics-reedle-shot-synergy-repair-cream-300-50ml\\\/\",\"url\":\"https:\\\/\\\/www.facecorner.lv\\\/shop\\\/vt-cosmetics-reedle-shot-synergy-repair-cream-300-50ml\\\/\",\"name\":\"VT Cosmetics Reedle Shot Synergy Repair Cream 300 50ml - FACECORNER\",\"isPartOf\":{\"@id\":\"https:\\\/\\\/www.facecorner.lv\\\/#website\"},\"primaryImageOfPage\":{\"@id\":\"https:\\\/\\\/www.facecorner.lv\\\/shop\\\/vt-cosmetics-reedle-shot-synergy-repair-cream-300-50ml\\\/#primaryimage\"},\"image\":{\"@id\":\"https:\\\/\\\/www.facecorner.lv\\\/shop\\\/vt-cosmetics-reedle-shot-synergy-repair-cream-300-50ml\\\/#primaryimage\"},\"thumbnailUrl\":\"https:\\\/\\\/www.facecorner.lv\\\/wp-content\\\/uploads\\\/2024\\\/10\\\/1_6754572b-8b20-4603-a040-3abd991eff8c.webp\",\"datePublished\":\"2024-10-23T14:57:32+00:00\",\"dateModified\":\"2025-10-15T12:10:14+00:00\",\"description\":\"VT Cosmetics Reedle Shot Synergy Repair Cream 300 ir atjaunojo\u0161s kr\u0113ms jut\u012bgai \u0101dai. Pateicoties t\u0101 akt\u012bvaj\u0101m sast\u0101vda\u013c\u0101m, tam piem\u012bt intens\u012bva nomierino\u0161a\",\"breadcrumb\":{\"@id\":\"https:\\\/\\\/www.facecorner.lv\\\/shop\\\/vt-cosmetics-reedle-shot-synergy-repair-cream-300-50ml\\\/#breadcrumb\"},\"inLanguage\":\"en-US\",\"potentialAction\":[{\"@type\":\"ReadAction\",\"target\":[\"https:\\\/\\\/www.facecorner.lv\\\/shop\\\/vt-cosmetics-reedle-shot-synergy-repair-cream-300-50ml\\\/\"]}]},{\"@type\":\"ImageObject\",\"inLanguage\":\"en-US\",\"@id\":\"https:\\\/\\\/www.facecorner.lv\\\/shop\\\/vt-cosmetics-reedle-shot-synergy-repair-cream-300-50ml\\\/#primaryimage\",\"url\":\"https:\\\/\\\/www.facecorner.lv\\\/wp-content\\\/uploads\\\/2024\\\/10\\\/1_6754572b-8b20-4603-a040-3abd991eff8c.webp\",\"contentUrl\":\"https:\\\/\\\/www.facecorner.lv\\\/wp-content\\\/uploads\\\/2024\\\/10\\\/1_6754572b-8b20-4603-a040-3abd991eff8c.webp\",\"width\":500,\"height\":500,\"caption\":\"VT Cosmetics Reedle Shot Synergy Repair Cream 300\"},{\"@type\":\"BreadcrumbList\",\"@id\":\"https:\\\/\\\/www.facecorner.lv\\\/shop\\\/vt-cosmetics-reedle-shot-synergy-repair-cream-300-50ml\\\/#breadcrumb\",\"itemListElement\":[{\"@type\":\"ListItem\",\"position\":1,\"name\":\"Home\",\"item\":\"https:\\\/\\\/www.facecorner.lv\\\/\"},{\"@type\":\"ListItem\",\"position\":2,\"name\":\"Veikals\",\"item\":\"https:\\\/\\\/www.facecorner.lv\\\/shop\\\/\"},{\"@type\":\"ListItem\",\"position\":3,\"name\":\"VT Cosmetics Reedle Shot Synergy Repair Cream 300 50ml\"}]},{\"@type\":\"WebSite\",\"@id\":\"https:\\\/\\\/www.facecorner.lv\\\/#website\",\"url\":\"https:\\\/\\\/www.facecorner.lv\\\/\",\"name\":\"Facecorner\",\"description\":\"\",\"publisher\":{\"@id\":\"https:\\\/\\\/www.facecorner.lv\\\/#organization\"},\"potentialAction\":[{\"@type\":\"SearchAction\",\"target\":{\"@type\":\"EntryPoint\",\"urlTemplate\":\"https:\\\/\\\/www.facecorner.lv\\\/?s={search_term_string}\"},\"query-input\":{\"@type\":\"PropertyValueSpecification\",\"valueRequired\":true,\"valueName\":\"search_term_string\"}}],\"inLanguage\":\"en-US\"},{\"@type\":\"Organization\",\"@id\":\"https:\\\/\\\/www.facecorner.lv\\\/#organization\",\"name\":\"Facecorner\",\"url\":\"https:\\\/\\\/www.facecorner.lv\\\/\",\"logo\":{\"@type\":\"ImageObject\",\"inLanguage\":\"en-US\",\"@id\":\"https:\\\/\\\/www.facecorner.lv\\\/#\\\/schema\\\/logo\\\/image\\\/\",\"url\":\"https:\\\/\\\/www.facecorner.lv\\\/wp-content\\\/uploads\\\/2024\\\/04\\\/fc-logo.jpg\",\"contentUrl\":\"https:\\\/\\\/www.facecorner.lv\\\/wp-content\\\/uploads\\\/2024\\\/04\\\/fc-logo.jpg\",\"width\":174,\"height\":28,\"caption\":\"Facecorner\"},\"image\":{\"@id\":\"https:\\\/\\\/www.facecorner.lv\\\/#\\\/schema\\\/logo\\\/image\\\/\"},\"sameAs\":[\"https:\\\/\\\/www.facebook.com\\\/profile.php?id=100063824551839\",\"https:\\\/\\\/www.instagram.com\\\/facecorner_shop\\\/\"]}]}<\/script>\n<meta property=\"product:price:amount\" content=\"41.90\" \/>\n<meta property=\"product:price:currency\" content=\"EUR\" \/>\n<meta property=\"og:availability\" content=\"instock\" \/>\n<meta property=\"product:availability\" content=\"instock\" \/>\n<meta property=\"product:condition\" content=\"new\" \/>\n<!-- \/ Yoast SEO plugin. -->","yoast_head_json":{"title":"VT Cosmetics Reedle Shot Synergy Repair Cream 300 50ml - FACECORNER","description":"VT Cosmetics Reedle Shot Synergy Repair Cream 300 ir atjaunojo\u0161s kr\u0113ms jut\u012bgai \u0101dai. Pateicoties t\u0101 akt\u012bvaj\u0101m sast\u0101vda\u013c\u0101m, tam piem\u012bt intens\u012bva nomierino\u0161a","robots":{"index":"index","follow":"follow","max-snippet":"max-snippet:-1","max-image-preview":"max-image-preview:large","max-video-preview":"max-video-preview:-1"},"canonical":"https:\/\/www.facecorner.lv\/en\/shop\/vt-cosmetics-reedle-shot-synergy-repair-cream-300-50ml\/","og_locale":"en_US","og_type":"article","og_title":"VT Cosmetics Reedle Shot Synergy Repair Cream 300 50ml - FACECORNER","og_description":"VT Cosmetics Reedle Shot Synergy Repair Cream 300 ir atjaunojo\u0161s kr\u0113ms jut\u012bgai \u0101dai. Pateicoties t\u0101 akt\u012bvaj\u0101m sast\u0101vda\u013c\u0101m, tam piem\u012bt intens\u012bva nomierino\u0161a","og_url":"https:\/\/www.facecorner.lv\/en\/shop\/vt-cosmetics-reedle-shot-synergy-repair-cream-300-50ml\/","og_site_name":"FACECORNER","article_publisher":"https:\/\/www.facebook.com\/profile.php?id=100063824551839","article_modified_time":"2025-10-15T12:10:14+00:00","og_image":[{"width":500,"height":500,"url":"https:\/\/www.facecorner.lv\/wp-content\/uploads\/2024\/10\/1_6754572b-8b20-4603-a040-3abd991eff8c.webp","type":"image\/webp"}],"twitter_card":"summary_large_image","twitter_misc":{"Price":"&euro;41.90","Availability":"In stock"},"schema":{"@context":"https:\/\/schema.org","@graph":[{"@type":"WebPage","@id":"https:\/\/www.facecorner.lv\/shop\/vt-cosmetics-reedle-shot-synergy-repair-cream-300-50ml\/","url":"https:\/\/www.facecorner.lv\/shop\/vt-cosmetics-reedle-shot-synergy-repair-cream-300-50ml\/","name":"VT Cosmetics Reedle Shot Synergy Repair Cream 300 50ml - FACECORNER","isPartOf":{"@id":"https:\/\/www.facecorner.lv\/#website"},"primaryImageOfPage":{"@id":"https:\/\/www.facecorner.lv\/shop\/vt-cosmetics-reedle-shot-synergy-repair-cream-300-50ml\/#primaryimage"},"image":{"@id":"https:\/\/www.facecorner.lv\/shop\/vt-cosmetics-reedle-shot-synergy-repair-cream-300-50ml\/#primaryimage"},"thumbnailUrl":"https:\/\/www.facecorner.lv\/wp-content\/uploads\/2024\/10\/1_6754572b-8b20-4603-a040-3abd991eff8c.webp","datePublished":"2024-10-23T14:57:32+00:00","dateModified":"2025-10-15T12:10:14+00:00","description":"VT Cosmetics Reedle Shot Synergy Repair Cream 300 ir atjaunojo\u0161s kr\u0113ms jut\u012bgai \u0101dai. Pateicoties t\u0101 akt\u012bvaj\u0101m sast\u0101vda\u013c\u0101m, tam piem\u012bt intens\u012bva nomierino\u0161a","breadcrumb":{"@id":"https:\/\/www.facecorner.lv\/shop\/vt-cosmetics-reedle-shot-synergy-repair-cream-300-50ml\/#breadcrumb"},"inLanguage":"en-US","potentialAction":[{"@type":"ReadAction","target":["https:\/\/www.facecorner.lv\/shop\/vt-cosmetics-reedle-shot-synergy-repair-cream-300-50ml\/"]}]},{"@type":"ImageObject","inLanguage":"en-US","@id":"https:\/\/www.facecorner.lv\/shop\/vt-cosmetics-reedle-shot-synergy-repair-cream-300-50ml\/#primaryimage","url":"https:\/\/www.facecorner.lv\/wp-content\/uploads\/2024\/10\/1_6754572b-8b20-4603-a040-3abd991eff8c.webp","contentUrl":"https:\/\/www.facecorner.lv\/wp-content\/uploads\/2024\/10\/1_6754572b-8b20-4603-a040-3abd991eff8c.webp","width":500,"height":500,"caption":"VT Cosmetics Reedle Shot Synergy Repair Cream 300"},{"@type":"BreadcrumbList","@id":"https:\/\/www.facecorner.lv\/shop\/vt-cosmetics-reedle-shot-synergy-repair-cream-300-50ml\/#breadcrumb","itemListElement":[{"@type":"ListItem","position":1,"name":"Home","item":"https:\/\/www.facecorner.lv\/"},{"@type":"ListItem","position":2,"name":"Veikals","item":"https:\/\/www.facecorner.lv\/shop\/"},{"@type":"ListItem","position":3,"name":"VT Cosmetics Reedle Shot Synergy Repair Cream 300 50ml"}]},{"@type":"WebSite","@id":"https:\/\/www.facecorner.lv\/#website","url":"https:\/\/www.facecorner.lv\/","name":"Facecorner","description":"","publisher":{"@id":"https:\/\/www.facecorner.lv\/#organization"},"potentialAction":[{"@type":"SearchAction","target":{"@type":"EntryPoint","urlTemplate":"https:\/\/www.facecorner.lv\/?s={search_term_string}"},"query-input":{"@type":"PropertyValueSpecification","valueRequired":true,"valueName":"search_term_string"}}],"inLanguage":"en-US"},{"@type":"Organization","@id":"https:\/\/www.facecorner.lv\/#organization","name":"Facecorner","url":"https:\/\/www.facecorner.lv\/","logo":{"@type":"ImageObject","inLanguage":"en-US","@id":"https:\/\/www.facecorner.lv\/#\/schema\/logo\/image\/","url":"https:\/\/www.facecorner.lv\/wp-content\/uploads\/2024\/04\/fc-logo.jpg","contentUrl":"https:\/\/www.facecorner.lv\/wp-content\/uploads\/2024\/04\/fc-logo.jpg","width":174,"height":28,"caption":"Facecorner"},"image":{"@id":"https:\/\/www.facecorner.lv\/#\/schema\/logo\/image\/"},"sameAs":["https:\/\/www.facebook.com\/profile.php?id=100063824551839","https:\/\/www.instagram.com\/facecorner_shop\/"]}]},"product_price_amount":"41.90","product_price_currency":"EUR","og_availability":"instock","product_availability":"instock","product_condition":"new"},"_links":{"self":[{"href":"https:\/\/www.facecorner.lv\/en\/wp-json\/wp\/v2\/product\/21373","targetHints":{"allow":["GET"]}}],"collection":[{"href":"https:\/\/www.facecorner.lv\/en\/wp-json\/wp\/v2\/product"}],"about":[{"href":"https:\/\/www.facecorner.lv\/en\/wp-json\/wp\/v2\/types\/product"}],"replies":[{"embeddable":true,"href":"https:\/\/www.facecorner.lv\/en\/wp-json\/wp\/v2\/comments?post=21373"}],"wp:featuredmedia":[{"embeddable":true,"href":"https:\/\/www.facecorner.lv\/en\/wp-json\/wp\/v2\/media\/21374"}],"wp:attachment":[{"href":"https:\/\/www.facecorner.lv\/en\/wp-json\/wp\/v2\/media?parent=21373"}],"wp:term":[{"taxonomy":"product_brand","embeddable":true,"href":"https:\/\/www.facecorner.lv\/en\/wp-json\/wp\/v2\/product_brand?post=21373"},{"taxonomy":"product_cat","embeddable":true,"href":"https:\/\/www.facecorner.lv\/en\/wp-json\/wp\/v2\/product_cat?post=21373"},{"taxonomy":"product_tag","embeddable":true,"href":"https:\/\/www.facecorner.lv\/en\/wp-json\/wp\/v2\/product_tag?post=21373"},{"taxonomy":"berocket_brand","embeddable":true,"href":"https:\/\/www.facecorner.lv\/en\/wp-json\/wp\/v2\/berocket_brand?post=21373"}],"curies":[{"name":"wp","href":"https:\/\/api.w.org\/{rel}","templated":true}]}}