{"id":21355,"date":"2024-10-21T20:40:23","date_gmt":"2024-10-21T17:40:23","guid":{"rendered":"https:\/\/www.facecorner.lv\/?post_type=product&#038;p=21355"},"modified":"2026-05-10T12:15:02","modified_gmt":"2026-05-10T09:15:02","slug":"vt-cosmetics-reedle-shot-100-2-step-mask","status":"publish","type":"product","link":"https:\/\/www.facecorner.lv\/en\/shop\/vt-cosmetics-reedle-shot-100-2-step-mask\/","title":{"rendered":"VT COSMETICS  Reedle Shot 100\/300 2 Step Mask"},"content":{"rendered":"<p>Divu f\u0101\u017eu inovat\u012bv\u0101 mitrino\u0161\u0101 VT COSMETICS Reedle Shot 100 2 Step Mask vakara kop\u0161anai iek\u013c\u016bst \u0101d\u0101 p\u0113c iesp\u0113jas dzi\u013c\u0101k, uzlabo t\u0101s strukt\u016bru, samazina papla\u0161in\u0101t\u0101s poras, atjauno, intens\u012bvi mitrina un nomierina, uzlabo tvirtumu un elast\u012bbu, nov\u0113r\u0161 sausumu un lob\u012b\u0161anos, m\u012bkstina, atjauno un saglab\u0101 aizsargbarjeru.<\/p>\n<p>Pirmaj\u0101 posm\u0101 ir \u013coti koncentr\u0113ta Reedle Shot 100 ampula, kas maksim\u0101li mitrina un nomierina \u0101du, k\u0101 ar\u012b sa\u0161aurina poras. To nodro\u0161ina inovat\u012bv\u0101 Cica Reedle\u2122 tehnolo\u0123ija, kas imit\u0113 \u0101das mikro\u0161\u0137iedru adatu veido\u0161anu, lai zemas molekulmasas akt\u012bv\u0101s sast\u0101vda\u013cas tiktu nog\u0101d\u0101tas dzi\u013ci \u0101d\u0101.<\/p>\n<p>Maskas otraj\u0101 posm\u0101 ietilpst Reedle Shot Balance maska &#8211; auduma maska, kas saglab\u0101 mitrumu \u0101d\u0101 un pastiprina ampulas efektivit\u0101ti. Lieto\u0161anas laik\u0101 var rasties neliela tirp\u0161anas saj\u016bta.<\/p>\n<p><strong>Lieto\u0161\u0101na<\/strong>: Uzkl\u0101jiet 1. posmu uz toniz\u0113tas \u0101das, vienm\u0113r\u012bgi izkl\u0101jiet un \u013caujiet tam ies\u016bkties. P\u0113c tam uz 10-20 min\u016bt\u0113m uzkl\u0101jiet 2. posmu. No\u0146emiet masku, iemas\u0113jiet atliku\u0161o esenci \u0101d\u0101 un uzkl\u0101jiet kr\u0113mu. Lietojot produktu, izmantojiet SPF kr\u0113mu.<\/p>\n<p class=\"translation-block\">Ingredientes:<\/p>\n<p><em>1<\/em>: Water, Dipropylene Glycol, Glycerin, Niacinamide, Butylene Glycol, Macadamia Ternifolia Seed Oil, 1,2-Hexanediol, Ethylhexyl Palmitate, Sodium Acrylate\/Sodium Acryloyldimethyl Taurate Copolymer, Polyisobutene, Silica, Glycereth-26, Ethylhexylglycerin, Caprylyl Glycol, Adenosine, Sodium Polyacrylate, Sodium Hyaluronate, Centella Asiatica Extract, Caprylyl\/Capryl Glucoside, Sorbitan Oleate, Xanthan Gum, Propolis Extract, Asiaticoside, Madecassoside, Madecassic Acid, Asiatic Acid, Glycine, Serine, Glutamic Acid, Aspartic Acid, Leucine, Alanine, Lysine, Arginine, Tyrosine, Phenylalanine, Threonine, Proline, Valine, Isoleucine, Histidine, Methionine, Cysteine.<\/p>\n<p><em>\u00a02:<\/em>\u00a0Water, Butylene Glycol, Glycerin, Niacinamide, Isopentyldiol, Betaine, Dipropylene Glycol, 1,2-Hexanediol, Hydroxyacetophenone, Sodium Polyacrylate, Hydroxyethyl Acrylate\/Sodium Acryloyldimethyl Taurate Copolymer, Ammonium Acryloyldimethyltaurate\/VP Copolymer, Olea Europaea (Olive) Fruit Oil, Allantoin, Butyrospermum Parkii (Shea) Butter, Caprylic\/Capric Triglyceride, Hydrogenated Lecithin, Squalane, Ethylhexylglycerin, Xanthan Gum, Adenosine, Disodium EDTA, Sorbitan Isostearate, Ceramide NP, Cholesterol, Melaleuca Alternifolia (Tea Tree) Leaf Extract, Phytosphingosine, Centella Asiatica Extract, Oleic Acid, Stearic Acid, Hydrolyzed Collagen, Silica, Sodium Hyaluronate, Tocopherol, Brassica Campestris (Rapeseed) Sterols, Asiaticoside, Asiatic Acid, Madecassic Acid, Madecassoside, Propolis Extract.<\/p>","protected":false},"excerpt":{"rendered":"<p>Divu f\u0101\u017eu inovat\u012bv\u0101 mitrino\u0161\u0101 VT COSMETICS Reedle Shot 100 2 Step Mask vakara kop\u0161anai iek\u013c\u016bst \u0101d\u0101 p\u0113c iesp\u0113jas dzi\u013c\u0101k, uzlabo t\u0101s strukt\u016bru, samazina papla\u0161in\u0101t\u0101s poras, atjauno, intens\u012bvi mitrina un nomierina, uzlabo tvirtumu un elast\u012bbu, nov\u0113r\u0161 sausumu un lob\u012b\u0161anos, m\u012bkstina, atjauno un saglab\u0101 aizsargbarjeru.<\/p>","protected":false},"featured_media":21356,"comment_status":"open","ping_status":"closed","template":"","meta":{"site-sidebar-layout":"default","site-content-layout":"","ast-site-content-layout":"default","site-content-style":"default","site-sidebar-style":"default","ast-global-header-display":"","ast-banner-title-visibility":"","ast-main-header-display":"","ast-hfb-above-header-display":"","ast-hfb-below-header-display":"","ast-hfb-mobile-header-display":"","site-post-title":"","ast-breadcrumbs-content":"","ast-featured-img":"","footer-sml-layout":"","theme-transparent-header-meta":"default","adv-header-id-meta":"","stick-header-meta":"","header-above-stick-meta":"","header-main-stick-meta":"","header-below-stick-meta":"","astra-migrate-meta-layouts":"set","ast-page-background-enabled":"default","ast-page-background-meta":{"desktop":{"background-color":"var(--ast-global-color-4)","background-image":"","background-repeat":"repeat","background-position":"center center","background-size":"auto","background-attachment":"scroll","background-type":"","background-media":"","overlay-type":"","overlay-color":"","overlay-opacity":"","overlay-gradient":""},"tablet":{"background-color":"","background-image":"","background-repeat":"repeat","background-position":"center center","background-size":"auto","background-attachment":"scroll","background-type":"","background-media":"","overlay-type":"","overlay-color":"","overlay-opacity":"","overlay-gradient":""},"mobile":{"background-color":"","background-image":"","background-repeat":"repeat","background-position":"center center","background-size":"auto","background-attachment":"scroll","background-type":"","background-media":"","overlay-type":"","overlay-color":"","overlay-opacity":"","overlay-gradient":""}},"ast-content-background-meta":{"desktop":{"background-color":"var(--ast-global-color-5)","background-image":"","background-repeat":"repeat","background-position":"center center","background-size":"auto","background-attachment":"scroll","background-type":"","background-media":"","overlay-type":"","overlay-color":"","overlay-opacity":"","overlay-gradient":""},"tablet":{"background-color":"var(--ast-global-color-5)","background-image":"","background-repeat":"repeat","background-position":"center center","background-size":"auto","background-attachment":"scroll","background-type":"","background-media":"","overlay-type":"","overlay-color":"","overlay-opacity":"","overlay-gradient":""},"mobile":{"background-color":"var(--ast-global-color-5)","background-image":"","background-repeat":"repeat","background-position":"center center","background-size":"auto","background-attachment":"scroll","background-type":"","background-media":"","overlay-type":"","overlay-color":"","overlay-opacity":"","overlay-gradient":""}}},"product_brand":[],"product_cat":[324,315],"product_tag":[],"berocket_brand":[582],"class_list":{"0":"post-21355","1":"product","2":"type-product","3":"status-publish","4":"has-post-thumbnail","6":"product_cat-auduma","7":"product_cat-maskas","8":"berocket_brand-vt","9":"desktop-align-left","10":"tablet-align-left","11":"mobile-align-left","13":"first","14":"instock","15":"taxable","16":"shipping-taxable","17":"purchasable","18":"product-type-variable","19":"add-to-wishlist-before_image"},"yoast_head":"<!-- This site is optimized with the Yoast SEO plugin v27.4 - https:\/\/yoast.com\/product\/yoast-seo-wordpress\/ -->\n<title>VT COSMETICS Reedle Shot 100\/300 2 Step Mask - FACECORNER<\/title>\n<meta name=\"description\" content=\"Divu f\u0101\u017eu inovat\u012bv\u0101 mitrino\u0161\u0101 VT COSMETICS Reedle Shot 100 2 Step Mask vakara kop\u0161anai iek\u013c\u016bst \u0101d\u0101 p\u0113c iesp\u0113jas dzi\u013c\u0101k, uzlabo t\u0101s strukt\u016bru\" \/>\n<meta name=\"robots\" content=\"index, follow, max-snippet:-1, max-image-preview:large, max-video-preview:-1\" \/>\n<link rel=\"canonical\" href=\"https:\/\/www.facecorner.lv\/en\/shop\/vt-cosmetics-reedle-shot-100-2-step-mask\/\" \/>\n<meta property=\"og:locale\" content=\"en_US\" \/>\n<meta property=\"og:type\" content=\"article\" \/>\n<meta property=\"og:title\" content=\"VT COSMETICS Reedle Shot 100\/300 2 Step Mask - FACECORNER\" \/>\n<meta property=\"og:description\" content=\"Divu f\u0101\u017eu inovat\u012bv\u0101 mitrino\u0161\u0101 VT COSMETICS Reedle Shot 100 2 Step Mask vakara kop\u0161anai iek\u013c\u016bst \u0101d\u0101 p\u0113c iesp\u0113jas dzi\u013c\u0101k, uzlabo t\u0101s strukt\u016bru\" \/>\n<meta property=\"og:url\" content=\"https:\/\/www.facecorner.lv\/en\/shop\/vt-cosmetics-reedle-shot-100-2-step-mask\/\" \/>\n<meta property=\"og:site_name\" content=\"FACECORNER\" \/>\n<meta property=\"article:publisher\" content=\"https:\/\/www.facebook.com\/profile.php?id=100063824551839\" \/>\n<meta property=\"article:modified_time\" content=\"2026-05-10T09:15:02+00:00\" \/>\n<meta name=\"twitter:card\" content=\"summary_large_image\" \/>\n<meta name=\"twitter:label1\" content=\"Availability\" \/>\n\t<meta name=\"twitter:data1\" content=\"In stock\" \/>\n<script type=\"application\/ld+json\" class=\"yoast-schema-graph\">{\"@context\":\"https:\\\/\\\/schema.org\",\"@graph\":[{\"@type\":\"WebPage\",\"@id\":\"https:\\\/\\\/www.facecorner.lv\\\/shop\\\/vt-cosmetics-reedle-shot-100-2-step-mask\\\/\",\"url\":\"https:\\\/\\\/www.facecorner.lv\\\/shop\\\/vt-cosmetics-reedle-shot-100-2-step-mask\\\/\",\"name\":\"VT COSMETICS Reedle Shot 100\\\/300 2 Step Mask - FACECORNER\",\"isPartOf\":{\"@id\":\"https:\\\/\\\/www.facecorner.lv\\\/#website\"},\"primaryImageOfPage\":{\"@id\":\"https:\\\/\\\/www.facecorner.lv\\\/shop\\\/vt-cosmetics-reedle-shot-100-2-step-mask\\\/#primaryimage\"},\"image\":{\"@id\":\"https:\\\/\\\/www.facecorner.lv\\\/shop\\\/vt-cosmetics-reedle-shot-100-2-step-mask\\\/#primaryimage\"},\"thumbnailUrl\":\"https:\\\/\\\/www.facecorner.lv\\\/wp-content\\\/uploads\\\/2024\\\/10\\\/530320_1.avif\",\"datePublished\":\"2024-10-21T17:40:23+00:00\",\"dateModified\":\"2026-05-10T09:15:02+00:00\",\"description\":\"Divu f\u0101\u017eu inovat\u012bv\u0101 mitrino\u0161\u0101 VT COSMETICS Reedle Shot 100 2 Step Mask vakara kop\u0161anai iek\u013c\u016bst \u0101d\u0101 p\u0113c iesp\u0113jas dzi\u013c\u0101k, uzlabo t\u0101s strukt\u016bru\",\"breadcrumb\":{\"@id\":\"https:\\\/\\\/www.facecorner.lv\\\/shop\\\/vt-cosmetics-reedle-shot-100-2-step-mask\\\/#breadcrumb\"},\"inLanguage\":\"en-US\",\"potentialAction\":[{\"@type\":\"ReadAction\",\"target\":[\"https:\\\/\\\/www.facecorner.lv\\\/shop\\\/vt-cosmetics-reedle-shot-100-2-step-mask\\\/\"]}]},{\"@type\":\"ImageObject\",\"inLanguage\":\"en-US\",\"@id\":\"https:\\\/\\\/www.facecorner.lv\\\/shop\\\/vt-cosmetics-reedle-shot-100-2-step-mask\\\/#primaryimage\",\"url\":\"https:\\\/\\\/www.facecorner.lv\\\/wp-content\\\/uploads\\\/2024\\\/10\\\/530320_1.avif\",\"contentUrl\":\"https:\\\/\\\/www.facecorner.lv\\\/wp-content\\\/uploads\\\/2024\\\/10\\\/530320_1.avif\",\"width\":1200,\"height\":1200,\"caption\":\"VT COSMETICS Reedle Shot 100 2 Step Mask\"},{\"@type\":\"BreadcrumbList\",\"@id\":\"https:\\\/\\\/www.facecorner.lv\\\/shop\\\/vt-cosmetics-reedle-shot-100-2-step-mask\\\/#breadcrumb\",\"itemListElement\":[{\"@type\":\"ListItem\",\"position\":1,\"name\":\"Home\",\"item\":\"https:\\\/\\\/www.facecorner.lv\\\/\"},{\"@type\":\"ListItem\",\"position\":2,\"name\":\"Veikals\",\"item\":\"https:\\\/\\\/www.facecorner.lv\\\/shop\\\/\"},{\"@type\":\"ListItem\",\"position\":3,\"name\":\"VT COSMETICS Reedle Shot 100\\\/300 2 Step Mask\"}]},{\"@type\":\"WebSite\",\"@id\":\"https:\\\/\\\/www.facecorner.lv\\\/#website\",\"url\":\"https:\\\/\\\/www.facecorner.lv\\\/\",\"name\":\"Facecorner\",\"description\":\"\",\"publisher\":{\"@id\":\"https:\\\/\\\/www.facecorner.lv\\\/#organization\"},\"potentialAction\":[{\"@type\":\"SearchAction\",\"target\":{\"@type\":\"EntryPoint\",\"urlTemplate\":\"https:\\\/\\\/www.facecorner.lv\\\/?s={search_term_string}\"},\"query-input\":{\"@type\":\"PropertyValueSpecification\",\"valueRequired\":true,\"valueName\":\"search_term_string\"}}],\"inLanguage\":\"en-US\"},{\"@type\":\"Organization\",\"@id\":\"https:\\\/\\\/www.facecorner.lv\\\/#organization\",\"name\":\"Facecorner\",\"url\":\"https:\\\/\\\/www.facecorner.lv\\\/\",\"logo\":{\"@type\":\"ImageObject\",\"inLanguage\":\"en-US\",\"@id\":\"https:\\\/\\\/www.facecorner.lv\\\/#\\\/schema\\\/logo\\\/image\\\/\",\"url\":\"https:\\\/\\\/www.facecorner.lv\\\/wp-content\\\/uploads\\\/2024\\\/04\\\/fc-logo.jpg\",\"contentUrl\":\"https:\\\/\\\/www.facecorner.lv\\\/wp-content\\\/uploads\\\/2024\\\/04\\\/fc-logo.jpg\",\"width\":174,\"height\":28,\"caption\":\"Facecorner\"},\"image\":{\"@id\":\"https:\\\/\\\/www.facecorner.lv\\\/#\\\/schema\\\/logo\\\/image\\\/\"},\"sameAs\":[\"https:\\\/\\\/www.facebook.com\\\/profile.php?id=100063824551839\",\"https:\\\/\\\/www.instagram.com\\\/facecorner_shop\\\/\"]}]}<\/script>\n<meta property=\"og:availability\" content=\"instock\" \/>\n<meta property=\"product:availability\" content=\"instock\" \/>\n<meta property=\"product:condition\" content=\"new\" \/>\n<!-- \/ Yoast SEO plugin. -->","yoast_head_json":{"title":"VT COSMETICS Reedle Shot 100\/300 2 Step Mask - FACECORNER","description":"Divu f\u0101\u017eu inovat\u012bv\u0101 mitrino\u0161\u0101 VT COSMETICS Reedle Shot 100 2 Step Mask vakara kop\u0161anai iek\u013c\u016bst \u0101d\u0101 p\u0113c iesp\u0113jas dzi\u013c\u0101k, uzlabo t\u0101s strukt\u016bru","robots":{"index":"index","follow":"follow","max-snippet":"max-snippet:-1","max-image-preview":"max-image-preview:large","max-video-preview":"max-video-preview:-1"},"canonical":"https:\/\/www.facecorner.lv\/en\/shop\/vt-cosmetics-reedle-shot-100-2-step-mask\/","og_locale":"en_US","og_type":"article","og_title":"VT COSMETICS Reedle Shot 100\/300 2 Step Mask - FACECORNER","og_description":"Divu f\u0101\u017eu inovat\u012bv\u0101 mitrino\u0161\u0101 VT COSMETICS Reedle Shot 100 2 Step Mask vakara kop\u0161anai iek\u013c\u016bst \u0101d\u0101 p\u0113c iesp\u0113jas dzi\u013c\u0101k, uzlabo t\u0101s strukt\u016bru","og_url":"https:\/\/www.facecorner.lv\/en\/shop\/vt-cosmetics-reedle-shot-100-2-step-mask\/","og_site_name":"FACECORNER","article_publisher":"https:\/\/www.facebook.com\/profile.php?id=100063824551839","article_modified_time":"2026-05-10T09:15:02+00:00","twitter_card":"summary_large_image","twitter_misc":{"Availability":"In stock"},"schema":{"@context":"https:\/\/schema.org","@graph":[{"@type":"WebPage","@id":"https:\/\/www.facecorner.lv\/shop\/vt-cosmetics-reedle-shot-100-2-step-mask\/","url":"https:\/\/www.facecorner.lv\/shop\/vt-cosmetics-reedle-shot-100-2-step-mask\/","name":"VT COSMETICS Reedle Shot 100\/300 2 Step Mask - FACECORNER","isPartOf":{"@id":"https:\/\/www.facecorner.lv\/#website"},"primaryImageOfPage":{"@id":"https:\/\/www.facecorner.lv\/shop\/vt-cosmetics-reedle-shot-100-2-step-mask\/#primaryimage"},"image":{"@id":"https:\/\/www.facecorner.lv\/shop\/vt-cosmetics-reedle-shot-100-2-step-mask\/#primaryimage"},"thumbnailUrl":"https:\/\/www.facecorner.lv\/wp-content\/uploads\/2024\/10\/530320_1.avif","datePublished":"2024-10-21T17:40:23+00:00","dateModified":"2026-05-10T09:15:02+00:00","description":"Divu f\u0101\u017eu inovat\u012bv\u0101 mitrino\u0161\u0101 VT COSMETICS Reedle Shot 100 2 Step Mask vakara kop\u0161anai iek\u013c\u016bst \u0101d\u0101 p\u0113c iesp\u0113jas dzi\u013c\u0101k, uzlabo t\u0101s strukt\u016bru","breadcrumb":{"@id":"https:\/\/www.facecorner.lv\/shop\/vt-cosmetics-reedle-shot-100-2-step-mask\/#breadcrumb"},"inLanguage":"en-US","potentialAction":[{"@type":"ReadAction","target":["https:\/\/www.facecorner.lv\/shop\/vt-cosmetics-reedle-shot-100-2-step-mask\/"]}]},{"@type":"ImageObject","inLanguage":"en-US","@id":"https:\/\/www.facecorner.lv\/shop\/vt-cosmetics-reedle-shot-100-2-step-mask\/#primaryimage","url":"https:\/\/www.facecorner.lv\/wp-content\/uploads\/2024\/10\/530320_1.avif","contentUrl":"https:\/\/www.facecorner.lv\/wp-content\/uploads\/2024\/10\/530320_1.avif","width":1200,"height":1200,"caption":"VT COSMETICS Reedle Shot 100 2 Step Mask"},{"@type":"BreadcrumbList","@id":"https:\/\/www.facecorner.lv\/shop\/vt-cosmetics-reedle-shot-100-2-step-mask\/#breadcrumb","itemListElement":[{"@type":"ListItem","position":1,"name":"Home","item":"https:\/\/www.facecorner.lv\/"},{"@type":"ListItem","position":2,"name":"Veikals","item":"https:\/\/www.facecorner.lv\/shop\/"},{"@type":"ListItem","position":3,"name":"VT COSMETICS Reedle Shot 100\/300 2 Step Mask"}]},{"@type":"WebSite","@id":"https:\/\/www.facecorner.lv\/#website","url":"https:\/\/www.facecorner.lv\/","name":"Facecorner","description":"","publisher":{"@id":"https:\/\/www.facecorner.lv\/#organization"},"potentialAction":[{"@type":"SearchAction","target":{"@type":"EntryPoint","urlTemplate":"https:\/\/www.facecorner.lv\/?s={search_term_string}"},"query-input":{"@type":"PropertyValueSpecification","valueRequired":true,"valueName":"search_term_string"}}],"inLanguage":"en-US"},{"@type":"Organization","@id":"https:\/\/www.facecorner.lv\/#organization","name":"Facecorner","url":"https:\/\/www.facecorner.lv\/","logo":{"@type":"ImageObject","inLanguage":"en-US","@id":"https:\/\/www.facecorner.lv\/#\/schema\/logo\/image\/","url":"https:\/\/www.facecorner.lv\/wp-content\/uploads\/2024\/04\/fc-logo.jpg","contentUrl":"https:\/\/www.facecorner.lv\/wp-content\/uploads\/2024\/04\/fc-logo.jpg","width":174,"height":28,"caption":"Facecorner"},"image":{"@id":"https:\/\/www.facecorner.lv\/#\/schema\/logo\/image\/"},"sameAs":["https:\/\/www.facebook.com\/profile.php?id=100063824551839","https:\/\/www.instagram.com\/facecorner_shop\/"]}]},"og_availability":"instock","product_availability":"instock","product_condition":"new"},"_links":{"self":[{"href":"https:\/\/www.facecorner.lv\/en\/wp-json\/wp\/v2\/product\/21355","targetHints":{"allow":["GET"]}}],"collection":[{"href":"https:\/\/www.facecorner.lv\/en\/wp-json\/wp\/v2\/product"}],"about":[{"href":"https:\/\/www.facecorner.lv\/en\/wp-json\/wp\/v2\/types\/product"}],"replies":[{"embeddable":true,"href":"https:\/\/www.facecorner.lv\/en\/wp-json\/wp\/v2\/comments?post=21355"}],"wp:featuredmedia":[{"embeddable":true,"href":"https:\/\/www.facecorner.lv\/en\/wp-json\/wp\/v2\/media\/21356"}],"wp:attachment":[{"href":"https:\/\/www.facecorner.lv\/en\/wp-json\/wp\/v2\/media?parent=21355"}],"wp:term":[{"taxonomy":"product_brand","embeddable":true,"href":"https:\/\/www.facecorner.lv\/en\/wp-json\/wp\/v2\/product_brand?post=21355"},{"taxonomy":"product_cat","embeddable":true,"href":"https:\/\/www.facecorner.lv\/en\/wp-json\/wp\/v2\/product_cat?post=21355"},{"taxonomy":"product_tag","embeddable":true,"href":"https:\/\/www.facecorner.lv\/en\/wp-json\/wp\/v2\/product_tag?post=21355"},{"taxonomy":"berocket_brand","embeddable":true,"href":"https:\/\/www.facecorner.lv\/en\/wp-json\/wp\/v2\/berocket_brand?post=21355"}],"curies":[{"name":"wp","href":"https:\/\/api.w.org\/{rel}","templated":true}]}}