{"id":21351,"date":"2024-10-21T12:48:22","date_gmt":"2024-10-21T09:48:22","guid":{"rendered":"https:\/\/www.facecorner.lv\/?post_type=product&#038;p=21351"},"modified":"2025-12-29T15:55:21","modified_gmt":"2025-12-29T12:55:21","slug":"vt-cosmetics-reedle-shot-lifting-cream-50ml","status":"publish","type":"product","link":"https:\/\/www.facecorner.lv\/en\/shop\/vt-cosmetics-reedle-shot-lifting-cream-50ml\/","title":{"rendered":"VT Cosmetics Reedle Shot Lifting Cream 50ml"},"content":{"rendered":"<p>Intens\u012bvs liftinga kr\u0113ms ar mikro adat\u0101m VT Cosmetics Reedle Shot Lifting Cream ar botul\u012bnam l\u012bdz\u012bgu iedarb\u012bbu samazina grumbu dzi\u013cumu un nov\u0113r\u0161 jaunu grumbu veido\u0161anos. Tas veicina \u0101das sabiez\u0113\u0161anu un palielina \u0101das turgoru, atjauno elast\u012bbu un tvirtumu.<\/p>\n<p>Patent\u0113tais CicaReedle\u2122 komplekss &#8211; Centella asiatica ekstrakta un mikro adatu (spikulu) kombin\u0101cija &#8211; mazina kairin\u0101jumu, atjauno \u0101du un mitrina. Mikro\u0161\u0137iedras ir 15 rei\u017eu maz\u0101kas par por\u0101m, t\u0101p\u0113c t\u0101s efekt\u012bv\u0101k transport\u0113 akt\u012bv\u0101s sast\u0101vda\u013cas uz \u0101du. To apvalks satur l\u012bdz pat 14 da\u017e\u0101du veidu miner\u0101lvielas, kas veicina vesel\u012bbu, nom\u0101c iekaisumus un uzlabo sk\u0101bek\u013ca vielmai\u0146u.<\/p>\n<p>\u012apa\u0161\u0101 VDS pieg\u0101des tehnolo\u0123ija ir galven\u0101 l\u012bnijas iez\u012bme: akt\u012bv\u0101s vielas tiek sadal\u012btas mikroda\u013ci\u0146\u0101s, lai t\u0101s dzi\u013c\u0101k iek\u013c\u016btu epiderm\u0101. \u0160is process tiek atk\u0101rtots tr\u012bs reizes, un katru reizi molekulu izm\u0113rs samazin\u0101s, p\u0113c tam t\u0101s p\u0101rv\u0113r\u0161as liposom\u0101s, kuru kodoli satur t\u0101dus bulsting komponentus k\u0101 elast\u012bns, kolag\u0113ns un hialuronsk\u0101be.<\/p>\n<p>Tam ir kokaini muskusa arom\u0101ts: virsnotis &#8211; \u0101bols, persiks, greipfr\u016bts un bergamote; sirds notis &#8211; jasm\u012bns, roze, me\u017eroz\u012bte un magnolija; b\u0101ze &#8211; muskuss, dzintars, sandalkoks un ciedrs.<\/p>\n<p><strong>Main active ingredients:<\/strong><\/p>\n<ul>\n<li>Cicahyalon\u2122 &#8211; patent\u0113ts komplekss, kas satur Centella asiatica atvasin\u0101jumus, za\u013co propolisu un hialuronsk\u0101bi, mitrina, iedarbojas pretiekaisuma un antibakteri\u0101li, samazina grumbu dzi\u013cumu, maigi izgaismo.<\/li>\n<li>Mezenh\u012bma cilmes \u0161\u016bnas veicina audu atjauno\u0161anos, izdalot citok\u012bnus un aug\u0161anas faktorus, kas piesaista citas \u0161\u016bnas boj\u0101juma vietai, lai atjaunotu audu integrit\u0101ti.<\/li>\n<li>Argirel\u012bnam (acetilheksapept\u012bdam-8) piem\u012bt Botox efekts: tam piem\u012bt miorelaks\u0113jo\u0161a iedarb\u012bba, tas atsl\u0101bina sejas musku\u013cus, padara grumbas maz\u0101k redzamas, izl\u012bdzina grumbas, uzlabo audu tonusu.<\/li>\n<li>Hidroliz\u0113tais kolag\u0113ns un elast\u012bns atjauno epidermas audu integrit\u0101ti un iestr\u0101d\u0101jas boj\u0101taj\u0101s viet\u0101s, stiprinot strukt\u016bru no iek\u0161puses. Tie nostiprina \u0161\u016bnu sieni\u0146as un aktiviz\u0113 olbaltumvielu vielmai\u0146u, atbalstot \u0101das matricu.<\/li>\n<li>Hialuronsk\u0101be iek\u013c\u016bst dzi\u013cos epidermas sl\u0101\u0146os, pies\u0101tina \u0161\u016bnas ar mitrumu un veicina t\u0101 saglab\u0101\u0161anos. T\u0101 veido aizsargsl\u0101ni, kas nov\u0113r\u0161 dehidrat\u0101ciju.<\/li>\n<\/ul>\n<p><strong>Suitable for dry, normal and combination skin.<\/strong><\/p>\n<p><strong>How to use:<\/strong> uzkl\u0101jiet nepiecie\u0161amo kr\u0113ma daudzumu k\u0101 p\u0113d\u0113jo kop\u0161anas posmu. Izkl\u0101jiet to ar mas\u0101\u017eas kust\u012bb\u0101m, pielietojot vieglu spiedienu, lai lab\u0101k iespiestos mikrokr\u0113ms. Var b\u016bt j\u016btams neliels tirp\u0161anas saj\u016bta &#8211; tas ir norm\u0101li produktiem ar smaili.<\/p>\n<p><strong>Br\u012bdin\u0101jums!<\/strong> P\u0113c uzkl\u0101\u0161anas produkts var rad\u012bt tirp\u0161anas saj\u016btu. Nav ieteicams lietot p\u0113c dermatolo\u0123isk\u0101m proced\u016br\u0101m, kas traum\u0113 raga sl\u0101ni: p\u012blings, apar\u0101tkozmetolo\u0123ija, injekcijas.<\/p>\n<p><strong>Ingredientes:<\/strong>: Water, Glycerin, Cetyl Ethylhexanoate, Brassica Campestris (Rapeseed) Sterols, Cholesterol, Phytosteryl\/Behenyl\/Octyldodecyl Lauroyl Glutamate, Hydrogenated Lecithin, Collagen Extract, Cocos Nucifera (Coconut) Oil, Niacinamide, Macadamia Ternifolia Seed Oil, Squalane, Polyglyceryl-10 Laurate, 1,2-Hexanediol, Panthenol, Human Umbilical Mesenchymal Stem Cell Conditioned Media Extract (9,795ppm), Sodium Stearoyl Glutamate, Carbomer, Tromethamine, Sodium Hyaluronate, Adenosine, Hydrolyzed Elastin, Silica, Ethylhexylglycerin, Leuconostoc\/Radish Root Ferment Filtrate, Hydrolyzed Hyaluronic Acid, Caprylyl Glycol, Centella Asiatica Extract, Acetyl Hexapeptide-8, Fragrance<\/p>","protected":false},"excerpt":{"rendered":"<p>Intens\u012bvs liftinga kr\u0113ms ar mikro adat\u0101m VT Cosmetics Reedle Shot Lifting Cream\u00a0 ar botul\u012bnam l\u012bdz\u012bgu iedarb\u012bbu samazina grumbu dzi\u013cumu un nov\u0113r\u0161 jaunu grumbu veido\u0161anos. Veicina \u0101das sabiez\u0113\u0161anu un palielina \u0101das turgoru, atjauno elast\u012bbu un tvirtumu. Satur patent\u0113tus kompleksus Cicahyalon\u2122 un CicaReedle\u2122, argyrelin pept\u012bdu, kolag\u0113nu un cilmes \u0161\u016bnas.<\/p>","protected":false},"featured_media":21352,"comment_status":"closed","ping_status":"closed","template":"","meta":{"site-sidebar-layout":"default","site-content-layout":"","ast-site-content-layout":"","site-content-style":"default","site-sidebar-style":"default","ast-global-header-display":"","ast-banner-title-visibility":"","ast-main-header-display":"","ast-hfb-above-header-display":"","ast-hfb-below-header-display":"","ast-hfb-mobile-header-display":"","site-post-title":"","ast-breadcrumbs-content":"","ast-featured-img":"","footer-sml-layout":"","theme-transparent-header-meta":"","adv-header-id-meta":"","stick-header-meta":"","header-above-stick-meta":"","header-main-stick-meta":"","header-below-stick-meta":"","astra-migrate-meta-layouts":"default","ast-page-background-enabled":"default","ast-page-background-meta":{"desktop":{"background-color":"var(--ast-global-color-4)","background-image":"","background-repeat":"repeat","background-position":"center center","background-size":"auto","background-attachment":"scroll","background-type":"","background-media":"","overlay-type":"","overlay-color":"","overlay-opacity":"","overlay-gradient":""},"tablet":{"background-color":"","background-image":"","background-repeat":"repeat","background-position":"center center","background-size":"auto","background-attachment":"scroll","background-type":"","background-media":"","overlay-type":"","overlay-color":"","overlay-opacity":"","overlay-gradient":""},"mobile":{"background-color":"","background-image":"","background-repeat":"repeat","background-position":"center center","background-size":"auto","background-attachment":"scroll","background-type":"","background-media":"","overlay-type":"","overlay-color":"","overlay-opacity":"","overlay-gradient":""}},"ast-content-background-meta":{"desktop":{"background-color":"var(--ast-global-color-5)","background-image":"","background-repeat":"repeat","background-position":"center center","background-size":"auto","background-attachment":"scroll","background-type":"","background-media":"","overlay-type":"","overlay-color":"","overlay-opacity":"","overlay-gradient":""},"tablet":{"background-color":"var(--ast-global-color-5)","background-image":"","background-repeat":"repeat","background-position":"center center","background-size":"auto","background-attachment":"scroll","background-type":"","background-media":"","overlay-type":"","overlay-color":"","overlay-opacity":"","overlay-gradient":""},"mobile":{"background-color":"var(--ast-global-color-5)","background-image":"","background-repeat":"repeat","background-position":"center center","background-size":"auto","background-attachment":"scroll","background-type":"","background-media":"","overlay-type":"","overlay-color":"","overlay-opacity":"","overlay-gradient":""}}},"product_brand":[],"product_cat":[365,366,368,362],"product_tag":[],"berocket_brand":[582],"class_list":{"0":"post-21351","1":"product","2":"type-product","3":"status-publish","4":"has-post-thumbnail","6":"product_cat-barojoss","7":"product_cat-mitrinoss","8":"product_cat-pret-grumbam","9":"product_cat-sejas-krems","10":"berocket_brand-vt","11":"desktop-align-left","12":"tablet-align-left","13":"mobile-align-left","15":"first","16":"outofstock","17":"taxable","18":"shipping-taxable","19":"purchasable","20":"product-type-simple","21":"add-to-wishlist-before_image"},"yoast_head":"<!-- This site is optimized with the Yoast SEO plugin v27.3 - https:\/\/yoast.com\/product\/yoast-seo-wordpress\/ -->\n<title>VT Cosmetics Reedle Shot Lifting Cream 50ml - FACECORNER<\/title>\n<meta name=\"description\" content=\"Intens\u012bvs liftinga kr\u0113ms ar mikro adat\u0101m VT Cosmetics Reedle Shot Lifting Cream\u00a0 ar botul\u012bnam l\u012bdz\u012bgu iedarb\u012bbu samazina grumbu dzi\u013cumu\" \/>\n<meta name=\"robots\" content=\"index, follow, max-snippet:-1, max-image-preview:large, max-video-preview:-1\" \/>\n<link rel=\"canonical\" href=\"https:\/\/www.facecorner.lv\/en\/shop\/vt-cosmetics-reedle-shot-lifting-cream-50ml\/\" \/>\n<meta property=\"og:locale\" content=\"en_US\" \/>\n<meta property=\"og:type\" content=\"article\" \/>\n<meta property=\"og:title\" content=\"VT Cosmetics Reedle Shot Lifting Cream 50ml - FACECORNER\" \/>\n<meta property=\"og:description\" content=\"Intens\u012bvs liftinga kr\u0113ms ar mikro adat\u0101m VT Cosmetics Reedle Shot Lifting Cream\u00a0 ar botul\u012bnam l\u012bdz\u012bgu iedarb\u012bbu samazina grumbu dzi\u013cumu\" \/>\n<meta property=\"og:url\" content=\"https:\/\/www.facecorner.lv\/en\/shop\/vt-cosmetics-reedle-shot-lifting-cream-50ml\/\" \/>\n<meta property=\"og:site_name\" content=\"FACECORNER\" \/>\n<meta property=\"article:publisher\" content=\"https:\/\/www.facebook.com\/profile.php?id=100063824551839\" \/>\n<meta property=\"article:modified_time\" content=\"2025-12-29T12:55:21+00:00\" \/>\n<meta property=\"og:image\" content=\"https:\/\/www.facecorner.lv\/wp-content\/uploads\/2024\/10\/vt-cosmetics-cica-x-hyalon-reedle-shot-lifting-cream-50ml.webp\" \/>\n\t<meta property=\"og:image:width\" content=\"640\" \/>\n\t<meta property=\"og:image:height\" content=\"640\" \/>\n\t<meta property=\"og:image:type\" content=\"image\/webp\" \/>\n<meta name=\"twitter:card\" content=\"summary_large_image\" \/>\n<meta name=\"twitter:label1\" content=\"Price\" \/>\n\t<meta name=\"twitter:data1\" content=\"&euro;48.95\" \/>\n\t<meta name=\"twitter:label2\" content=\"Availability\" \/>\n\t<meta name=\"twitter:data2\" content=\"Out of stock\" \/>\n<script type=\"application\/ld+json\" class=\"yoast-schema-graph\">{\"@context\":\"https:\\\/\\\/schema.org\",\"@graph\":[{\"@type\":\"WebPage\",\"@id\":\"https:\\\/\\\/www.facecorner.lv\\\/shop\\\/vt-cosmetics-reedle-shot-lifting-cream-50ml\\\/\",\"url\":\"https:\\\/\\\/www.facecorner.lv\\\/shop\\\/vt-cosmetics-reedle-shot-lifting-cream-50ml\\\/\",\"name\":\"VT Cosmetics Reedle Shot Lifting Cream 50ml - FACECORNER\",\"isPartOf\":{\"@id\":\"https:\\\/\\\/www.facecorner.lv\\\/#website\"},\"primaryImageOfPage\":{\"@id\":\"https:\\\/\\\/www.facecorner.lv\\\/shop\\\/vt-cosmetics-reedle-shot-lifting-cream-50ml\\\/#primaryimage\"},\"image\":{\"@id\":\"https:\\\/\\\/www.facecorner.lv\\\/shop\\\/vt-cosmetics-reedle-shot-lifting-cream-50ml\\\/#primaryimage\"},\"thumbnailUrl\":\"https:\\\/\\\/www.facecorner.lv\\\/wp-content\\\/uploads\\\/2024\\\/10\\\/vt-cosmetics-cica-x-hyalon-reedle-shot-lifting-cream-50ml.webp\",\"datePublished\":\"2024-10-21T09:48:22+00:00\",\"dateModified\":\"2025-12-29T12:55:21+00:00\",\"description\":\"Intens\u012bvs liftinga kr\u0113ms ar mikro adat\u0101m VT Cosmetics Reedle Shot Lifting Cream\u00a0 ar botul\u012bnam l\u012bdz\u012bgu iedarb\u012bbu samazina grumbu dzi\u013cumu\",\"breadcrumb\":{\"@id\":\"https:\\\/\\\/www.facecorner.lv\\\/shop\\\/vt-cosmetics-reedle-shot-lifting-cream-50ml\\\/#breadcrumb\"},\"inLanguage\":\"en-US\",\"potentialAction\":[{\"@type\":\"ReadAction\",\"target\":[\"https:\\\/\\\/www.facecorner.lv\\\/shop\\\/vt-cosmetics-reedle-shot-lifting-cream-50ml\\\/\"]}]},{\"@type\":\"ImageObject\",\"inLanguage\":\"en-US\",\"@id\":\"https:\\\/\\\/www.facecorner.lv\\\/shop\\\/vt-cosmetics-reedle-shot-lifting-cream-50ml\\\/#primaryimage\",\"url\":\"https:\\\/\\\/www.facecorner.lv\\\/wp-content\\\/uploads\\\/2024\\\/10\\\/vt-cosmetics-cica-x-hyalon-reedle-shot-lifting-cream-50ml.webp\",\"contentUrl\":\"https:\\\/\\\/www.facecorner.lv\\\/wp-content\\\/uploads\\\/2024\\\/10\\\/vt-cosmetics-cica-x-hyalon-reedle-shot-lifting-cream-50ml.webp\",\"width\":640,\"height\":640,\"caption\":\"VT Cosmetics Reedle Shot Lifting Cream\"},{\"@type\":\"BreadcrumbList\",\"@id\":\"https:\\\/\\\/www.facecorner.lv\\\/shop\\\/vt-cosmetics-reedle-shot-lifting-cream-50ml\\\/#breadcrumb\",\"itemListElement\":[{\"@type\":\"ListItem\",\"position\":1,\"name\":\"Home\",\"item\":\"https:\\\/\\\/www.facecorner.lv\\\/\"},{\"@type\":\"ListItem\",\"position\":2,\"name\":\"Veikals\",\"item\":\"https:\\\/\\\/www.facecorner.lv\\\/shop\\\/\"},{\"@type\":\"ListItem\",\"position\":3,\"name\":\"VT Cosmetics Reedle Shot Lifting Cream 50ml\"}]},{\"@type\":\"WebSite\",\"@id\":\"https:\\\/\\\/www.facecorner.lv\\\/#website\",\"url\":\"https:\\\/\\\/www.facecorner.lv\\\/\",\"name\":\"Facecorner\",\"description\":\"\",\"publisher\":{\"@id\":\"https:\\\/\\\/www.facecorner.lv\\\/#organization\"},\"potentialAction\":[{\"@type\":\"SearchAction\",\"target\":{\"@type\":\"EntryPoint\",\"urlTemplate\":\"https:\\\/\\\/www.facecorner.lv\\\/?s={search_term_string}\"},\"query-input\":{\"@type\":\"PropertyValueSpecification\",\"valueRequired\":true,\"valueName\":\"search_term_string\"}}],\"inLanguage\":\"en-US\"},{\"@type\":\"Organization\",\"@id\":\"https:\\\/\\\/www.facecorner.lv\\\/#organization\",\"name\":\"Facecorner\",\"url\":\"https:\\\/\\\/www.facecorner.lv\\\/\",\"logo\":{\"@type\":\"ImageObject\",\"inLanguage\":\"en-US\",\"@id\":\"https:\\\/\\\/www.facecorner.lv\\\/#\\\/schema\\\/logo\\\/image\\\/\",\"url\":\"https:\\\/\\\/www.facecorner.lv\\\/wp-content\\\/uploads\\\/2024\\\/04\\\/fc-logo.jpg\",\"contentUrl\":\"https:\\\/\\\/www.facecorner.lv\\\/wp-content\\\/uploads\\\/2024\\\/04\\\/fc-logo.jpg\",\"width\":174,\"height\":28,\"caption\":\"Facecorner\"},\"image\":{\"@id\":\"https:\\\/\\\/www.facecorner.lv\\\/#\\\/schema\\\/logo\\\/image\\\/\"},\"sameAs\":[\"https:\\\/\\\/www.facebook.com\\\/profile.php?id=100063824551839\",\"https:\\\/\\\/www.instagram.com\\\/facecorner_shop\\\/\"]}]}<\/script>\n<meta property=\"product:price:amount\" content=\"48.95\" \/>\n<meta property=\"product:price:currency\" content=\"EUR\" \/>\n<meta property=\"og:availability\" content=\"out of stock\" \/>\n<meta property=\"product:availability\" content=\"out of stock\" \/>\n<meta property=\"product:condition\" content=\"new\" \/>\n<!-- \/ Yoast SEO plugin. -->","yoast_head_json":{"title":"VT Cosmetics Reedle Shot Lifting Cream 50ml - FACECORNER","description":"Intens\u012bvs liftinga kr\u0113ms ar mikro adat\u0101m VT Cosmetics Reedle Shot Lifting Cream\u00a0 ar botul\u012bnam l\u012bdz\u012bgu iedarb\u012bbu samazina grumbu dzi\u013cumu","robots":{"index":"index","follow":"follow","max-snippet":"max-snippet:-1","max-image-preview":"max-image-preview:large","max-video-preview":"max-video-preview:-1"},"canonical":"https:\/\/www.facecorner.lv\/en\/shop\/vt-cosmetics-reedle-shot-lifting-cream-50ml\/","og_locale":"en_US","og_type":"article","og_title":"VT Cosmetics Reedle Shot Lifting Cream 50ml - FACECORNER","og_description":"Intens\u012bvs liftinga kr\u0113ms ar mikro adat\u0101m VT Cosmetics Reedle Shot Lifting Cream\u00a0 ar botul\u012bnam l\u012bdz\u012bgu iedarb\u012bbu samazina grumbu dzi\u013cumu","og_url":"https:\/\/www.facecorner.lv\/en\/shop\/vt-cosmetics-reedle-shot-lifting-cream-50ml\/","og_site_name":"FACECORNER","article_publisher":"https:\/\/www.facebook.com\/profile.php?id=100063824551839","article_modified_time":"2025-12-29T12:55:21+00:00","og_image":[{"width":640,"height":640,"url":"https:\/\/www.facecorner.lv\/wp-content\/uploads\/2024\/10\/vt-cosmetics-cica-x-hyalon-reedle-shot-lifting-cream-50ml.webp","type":"image\/webp"}],"twitter_card":"summary_large_image","twitter_misc":{"Price":"&euro;48.95","Availability":"Out of stock"},"schema":{"@context":"https:\/\/schema.org","@graph":[{"@type":"WebPage","@id":"https:\/\/www.facecorner.lv\/shop\/vt-cosmetics-reedle-shot-lifting-cream-50ml\/","url":"https:\/\/www.facecorner.lv\/shop\/vt-cosmetics-reedle-shot-lifting-cream-50ml\/","name":"VT Cosmetics Reedle Shot Lifting Cream 50ml - FACECORNER","isPartOf":{"@id":"https:\/\/www.facecorner.lv\/#website"},"primaryImageOfPage":{"@id":"https:\/\/www.facecorner.lv\/shop\/vt-cosmetics-reedle-shot-lifting-cream-50ml\/#primaryimage"},"image":{"@id":"https:\/\/www.facecorner.lv\/shop\/vt-cosmetics-reedle-shot-lifting-cream-50ml\/#primaryimage"},"thumbnailUrl":"https:\/\/www.facecorner.lv\/wp-content\/uploads\/2024\/10\/vt-cosmetics-cica-x-hyalon-reedle-shot-lifting-cream-50ml.webp","datePublished":"2024-10-21T09:48:22+00:00","dateModified":"2025-12-29T12:55:21+00:00","description":"Intens\u012bvs liftinga kr\u0113ms ar mikro adat\u0101m VT Cosmetics Reedle Shot Lifting Cream\u00a0 ar botul\u012bnam l\u012bdz\u012bgu iedarb\u012bbu samazina grumbu dzi\u013cumu","breadcrumb":{"@id":"https:\/\/www.facecorner.lv\/shop\/vt-cosmetics-reedle-shot-lifting-cream-50ml\/#breadcrumb"},"inLanguage":"en-US","potentialAction":[{"@type":"ReadAction","target":["https:\/\/www.facecorner.lv\/shop\/vt-cosmetics-reedle-shot-lifting-cream-50ml\/"]}]},{"@type":"ImageObject","inLanguage":"en-US","@id":"https:\/\/www.facecorner.lv\/shop\/vt-cosmetics-reedle-shot-lifting-cream-50ml\/#primaryimage","url":"https:\/\/www.facecorner.lv\/wp-content\/uploads\/2024\/10\/vt-cosmetics-cica-x-hyalon-reedle-shot-lifting-cream-50ml.webp","contentUrl":"https:\/\/www.facecorner.lv\/wp-content\/uploads\/2024\/10\/vt-cosmetics-cica-x-hyalon-reedle-shot-lifting-cream-50ml.webp","width":640,"height":640,"caption":"VT Cosmetics Reedle Shot Lifting Cream"},{"@type":"BreadcrumbList","@id":"https:\/\/www.facecorner.lv\/shop\/vt-cosmetics-reedle-shot-lifting-cream-50ml\/#breadcrumb","itemListElement":[{"@type":"ListItem","position":1,"name":"Home","item":"https:\/\/www.facecorner.lv\/"},{"@type":"ListItem","position":2,"name":"Veikals","item":"https:\/\/www.facecorner.lv\/shop\/"},{"@type":"ListItem","position":3,"name":"VT Cosmetics Reedle Shot Lifting Cream 50ml"}]},{"@type":"WebSite","@id":"https:\/\/www.facecorner.lv\/#website","url":"https:\/\/www.facecorner.lv\/","name":"Facecorner","description":"","publisher":{"@id":"https:\/\/www.facecorner.lv\/#organization"},"potentialAction":[{"@type":"SearchAction","target":{"@type":"EntryPoint","urlTemplate":"https:\/\/www.facecorner.lv\/?s={search_term_string}"},"query-input":{"@type":"PropertyValueSpecification","valueRequired":true,"valueName":"search_term_string"}}],"inLanguage":"en-US"},{"@type":"Organization","@id":"https:\/\/www.facecorner.lv\/#organization","name":"Facecorner","url":"https:\/\/www.facecorner.lv\/","logo":{"@type":"ImageObject","inLanguage":"en-US","@id":"https:\/\/www.facecorner.lv\/#\/schema\/logo\/image\/","url":"https:\/\/www.facecorner.lv\/wp-content\/uploads\/2024\/04\/fc-logo.jpg","contentUrl":"https:\/\/www.facecorner.lv\/wp-content\/uploads\/2024\/04\/fc-logo.jpg","width":174,"height":28,"caption":"Facecorner"},"image":{"@id":"https:\/\/www.facecorner.lv\/#\/schema\/logo\/image\/"},"sameAs":["https:\/\/www.facebook.com\/profile.php?id=100063824551839","https:\/\/www.instagram.com\/facecorner_shop\/"]}]},"product_price_amount":"48.95","product_price_currency":"EUR","og_availability":"out of stock","product_availability":"out of stock","product_condition":"new"},"_links":{"self":[{"href":"https:\/\/www.facecorner.lv\/en\/wp-json\/wp\/v2\/product\/21351","targetHints":{"allow":["GET"]}}],"collection":[{"href":"https:\/\/www.facecorner.lv\/en\/wp-json\/wp\/v2\/product"}],"about":[{"href":"https:\/\/www.facecorner.lv\/en\/wp-json\/wp\/v2\/types\/product"}],"replies":[{"embeddable":true,"href":"https:\/\/www.facecorner.lv\/en\/wp-json\/wp\/v2\/comments?post=21351"}],"wp:featuredmedia":[{"embeddable":true,"href":"https:\/\/www.facecorner.lv\/en\/wp-json\/wp\/v2\/media\/21352"}],"wp:attachment":[{"href":"https:\/\/www.facecorner.lv\/en\/wp-json\/wp\/v2\/media?parent=21351"}],"wp:term":[{"taxonomy":"product_brand","embeddable":true,"href":"https:\/\/www.facecorner.lv\/en\/wp-json\/wp\/v2\/product_brand?post=21351"},{"taxonomy":"product_cat","embeddable":true,"href":"https:\/\/www.facecorner.lv\/en\/wp-json\/wp\/v2\/product_cat?post=21351"},{"taxonomy":"product_tag","embeddable":true,"href":"https:\/\/www.facecorner.lv\/en\/wp-json\/wp\/v2\/product_tag?post=21351"},{"taxonomy":"berocket_brand","embeddable":true,"href":"https:\/\/www.facecorner.lv\/en\/wp-json\/wp\/v2\/berocket_brand?post=21351"}],"curies":[{"name":"wp","href":"https:\/\/api.w.org\/{rel}","templated":true}]}}