{"id":21347,"date":"2024-10-21T12:32:54","date_gmt":"2024-10-21T09:32:54","guid":{"rendered":"https:\/\/www.facecorner.lv\/?post_type=product&#038;p=21347"},"modified":"2026-04-08T11:48:11","modified_gmt":"2026-04-08T08:48:11","slug":"vt-reedle-shot-lifting-eye-cream-15ml","status":"publish","type":"product","link":"https:\/\/www.facecorner.lv\/en\/shop\/vt-reedle-shot-lifting-eye-cream-15ml\/","title":{"rendered":"VT Reedle Shot Lifting Eye Cream 15ml"},"content":{"rendered":"<p>VT Reedle Shot Lifting Eye Cream kr\u0113ms atjauno un nostiprina jut\u012bgo acu zonu. Sast\u0101vs ar CICA REEDLE\u2122 tehnolo\u0123iju, pept\u012bdiem un cilv\u0113ka nabassaites mezenhim\u0101lo cilmes \u0161\u016bnu ekstraktu pal\u012bdz atjaunot \u0101das elast\u012bbu un palielina \u0101das mitrin\u0101\u0161anu.<\/p>\n<p>T\u0101 atv\u0113sino\u0161ais met\u0101la aplikators uzlabo uzkl\u0101\u0161anas procesu, nodro\u0161inot nomierino\u0161u un atjaunojo\u0161u efektu.<\/p>\n<p>Patent\u0113t\u0101 CicaReedle\u2122 tehnolo\u0123ija &#8211; Centella asiatica ekstrakta un mikro adatu kombin\u0101cija &#8211; \u013cauj produkta akt\u012bvaj\u0101m viel\u0101m nok\u013c\u016bt p\u0113c iesp\u0113jas dzi\u013c\u0101k \u0161\u016bn\u0101s. Tas samazina kairin\u0101jumu risku, intens\u012bvi atjauno un mitrina \u0101du, toniz\u0113 un uztur t\u0101s vesel\u012bbu. Mikro\u0161\u0137iedras ir 15 rei\u017eu maz\u0101kas par poru izm\u0113ru, un to apvalks satur l\u012bdz pat 14 da\u017e\u0101du veidu miner\u0101lvielas, kas nepiecie\u0161amas iekaisumu nom\u0101k\u0161anai un sk\u0101bek\u013ca metabolisma uzlabo\u0161anai.<\/p>\n<p>Unik\u0101l\u0101 VDS pieg\u0101des sist\u0113ma ir \u0161\u012bs l\u012bnijas galven\u0101 iez\u012bme: akt\u012bv\u0101s vielas tiek sadal\u012btas mikroda\u013ci\u0146\u0101s, lai dzi\u013c\u0101k iek\u013c\u016btu epiderm\u0101. \u0160is process tiek atk\u0101rtots tr\u012bs reizes, un katru reizi molekulu izm\u0113rs k\u013c\u016bst aizvien maz\u0101ks un maz\u0101ks, un tad t\u0101s p\u0101rv\u0113r\u0161as liposom\u0101s, kuru kodoli satur t\u0101dus stimul\u0113jo\u0161us komponentus k\u0101 elast\u012bns, kolag\u0113ns un hialuronsk\u0101be.<\/p>\n<ul>\n<li><strong>Noveco\u0161an\u0101s un grumbi\u0146as:<\/strong> samazina smalk\u0101s l\u012bnijas un grumbas, vienlaikus uzlabojot \u0101das elast\u012bbu.<\/li>\n<li>\u00a0<strong>Sausums\/dehidrat\u0101cija:<\/strong> nodro\u0161ina dzi\u013cu mitrin\u0101\u0161anu, saglab\u0101jot \u0101das tvirtumu un mitrumu.<\/li>\n<li><strong>\u00a0Tum\u0161ie loki:<\/strong> izgaismo zonu zem ac\u012bm un samazina tum\u0161o loku izskatu.<\/li>\n<li>\u00a0<strong>Piet\u016bkums:<\/strong> nomierina un m\u012bkstina \u0101du, samazinot piet\u016bkumu ap ac\u012bm.<\/li>\n<li><strong>Jut\u012bgums:<\/strong> maig\u0101 formula ir piem\u0113rota jut\u012bgai \u0101dai, t\u0101 nomierina un m\u012bkstina \u0101du.<\/li>\n<\/ul>\n<p><strong>Br\u012bdin\u0101jums<\/strong>. Liftinga kr\u0113ms p\u0113c lieto\u0161anas var izrais\u012bt tirp\u0161anas saj\u016btu. Nav ieteicams lietot p\u0113c dermatolo\u0123isk\u0101m proced\u016br\u0101m, kas traum\u0113 epidermas epidermas raga sl\u0101ni: p\u012blings, apar\u0101tkosmetolo\u0123ija, injekcijas.<\/p>\n<p><strong>How to use:<\/strong> vakara kop\u0161anas laik\u0101 uz iepriek\u0161 att\u012br\u012btas \u0101das uzkl\u0101t nepiecie\u0161amo l\u012bdzek\u013ca daudzumu, izkl\u0101t ar pirkstiem un nogaid\u012bt, l\u012bdz piln\u012bb\u0101 ies\u016bcas.<\/p>\n<p><strong>Piesardz\u012bbas pas\u0101kumi<\/strong>: nelietot vienlaikus ar p\u012blingiem vai skrubjiem, k\u0101 ar\u012b ar produktiem, kuru sast\u0101v\u0101 ir retinols, AHA, BHA, C vitam\u012bns liel\u0101 koncentr\u0101cij\u0101. Nav ieteicams lietot p\u0113c dermatolo\u0123isk\u0101m proced\u016br\u0101m, kas traum\u0113 raga sl\u0101ni: p\u012blings, apar\u0101tisk\u0101 kosmetolo\u0123ija, injekcijas.<\/p>\n<p><strong>Ingredientes:<\/strong>\u00a0 Aqua, Glycerin, Hydrogenated Poly(C6-14 Olefin). Cyclohexasiloxane, Propanediol, Niacinamide, Limnanthes Albo (Meadowfoam) Seed Oil, Dicaprylyl Ether, Cetyl Alcohol, 1,2-Hexanediol, Butyrospermum Parkii (Shea) Butter, Human Umbilical Mesenchymal Stem Cell Conditioned Media Extract, Phytost eryl\/Isostearyl\/Cetyl \/Stearyl\/Behenyl Dimer Dilinoleate, Candida Bombicola\/Glucose\/Me thyl Rapeseedate Ferm ent, Polyacrylate-13, Po lyglyceryl-2 Stearate, Cetearyl Olivate, Glyceryl Stearate, Sorbitan Civate, Polyglyceryl-10 ourate, Stearyl Alcohol, Cocos Nucifera (Cocon Oil, Oryza Sativa Rise Germ Oil, Polyglycer 10 Myristate, Polyiso butene, Sodium Stearoyl Glutamate, Dimethicone\/Vinyl Dimethicone Crosspolymer, Parfum, Tocopheryl Acetate, Bu tylene Glycol, Polysorb ate 20, Ethylhexylglyce rin, Xanthan Gum, Sorb itan Isostearate, Aden osine, Disodium EDTA, Collagen Extract, Olea Europaea (Olive) Fruit Oil, Hydrogenated Lecithin, Bakuchiol, Centella Asiatica Extract, Ficusarica (Fig) Fruit Extract, Hydrolyzed Elastin, Ceramide NP, Silica, Tocopherol, Leuconostoc\/Radish Root Ferment Filtrate, Hydrolrolyzed Hyaluronic Acid, Sodium Hyaluronate, Madecassoside, Asiaticoside, DNA, Madecassic Acid, Asiatic Acid, Propolis Extract<\/p>\n<p>&nbsp;<\/p>\n<p>&nbsp;<\/p>","protected":false},"excerpt":{"rendered":"<p>VT Reedle Shot Lifting Eye Cream kr\u0113ms atjauno un nostiprina jut\u012bgo acu zonu. Sast\u0101vs ar CICA REEDLE\u2122 tehnolo\u0123iju, pept\u012bdiem un cilv\u0113ka nabassaites mezenhim\u0101lo cilmes \u0161\u016bnu ekstraktu pal\u012bdz atjaunot \u0101das elast\u012bbu un palielina \u0101das mitrin\u0101\u0161anu.<\/p>","protected":false},"featured_media":21348,"comment_status":"closed","ping_status":"closed","template":"","meta":{"site-sidebar-layout":"default","site-content-layout":"","ast-site-content-layout":"default","site-content-style":"default","site-sidebar-style":"default","ast-global-header-display":"","ast-banner-title-visibility":"","ast-main-header-display":"","ast-hfb-above-header-display":"","ast-hfb-below-header-display":"","ast-hfb-mobile-header-display":"","site-post-title":"","ast-breadcrumbs-content":"","ast-featured-img":"","footer-sml-layout":"","theme-transparent-header-meta":"default","adv-header-id-meta":"","stick-header-meta":"","header-above-stick-meta":"","header-main-stick-meta":"","header-below-stick-meta":"","astra-migrate-meta-layouts":"set","ast-page-background-enabled":"default","ast-page-background-meta":{"desktop":{"background-color":"var(--ast-global-color-4)","background-image":"","background-repeat":"repeat","background-position":"center center","background-size":"auto","background-attachment":"scroll","background-type":"","background-media":"","overlay-type":"","overlay-color":"","overlay-opacity":"","overlay-gradient":""},"tablet":{"background-color":"","background-image":"","background-repeat":"repeat","background-position":"center center","background-size":"auto","background-attachment":"scroll","background-type":"","background-media":"","overlay-type":"","overlay-color":"","overlay-opacity":"","overlay-gradient":""},"mobile":{"background-color":"","background-image":"","background-repeat":"repeat","background-position":"center center","background-size":"auto","background-attachment":"scroll","background-type":"","background-media":"","overlay-type":"","overlay-color":"","overlay-opacity":"","overlay-gradient":""}},"ast-content-background-meta":{"desktop":{"background-color":"var(--ast-global-color-5)","background-image":"","background-repeat":"repeat","background-position":"center center","background-size":"auto","background-attachment":"scroll","background-type":"","background-media":"","overlay-type":"","overlay-color":"","overlay-opacity":"","overlay-gradient":""},"tablet":{"background-color":"var(--ast-global-color-5)","background-image":"","background-repeat":"repeat","background-position":"center center","background-size":"auto","background-attachment":"scroll","background-type":"","background-media":"","overlay-type":"","overlay-color":"","overlay-opacity":"","overlay-gradient":""},"mobile":{"background-color":"var(--ast-global-color-5)","background-image":"","background-repeat":"repeat","background-position":"center center","background-size":"auto","background-attachment":"scroll","background-type":"","background-media":"","overlay-type":"","overlay-color":"","overlay-opacity":"","overlay-gradient":""}}},"product_brand":[],"product_cat":[308],"product_tag":[],"berocket_brand":[582],"class_list":{"0":"post-21347","1":"product","2":"type-product","3":"status-publish","4":"has-post-thumbnail","6":"product_cat-acu-krems","7":"berocket_brand-vt","8":"desktop-align-left","9":"tablet-align-left","10":"mobile-align-left","12":"first","13":"instock","14":"taxable","15":"shipping-taxable","16":"purchasable","17":"product-type-simple","18":"add-to-wishlist-before_image"},"yoast_head":"<!-- This site is optimized with the Yoast SEO plugin v27.3 - https:\/\/yoast.com\/product\/yoast-seo-wordpress\/ -->\n<title>VT Reedle Shot Lifting Eye Cream 15ml - FACECORNER<\/title>\n<meta name=\"description\" content=\"VT Reedle Shot Lifting Eye Cream kr\u0113ms atjauno un nostiprina jut\u012bgo acu zonu. Sast\u0101vs ar CICA REEDLE\u2122 tehnolo\u0123iju, pept\u012bdiem\" \/>\n<meta name=\"robots\" content=\"index, follow, max-snippet:-1, max-image-preview:large, max-video-preview:-1\" \/>\n<link rel=\"canonical\" href=\"https:\/\/www.facecorner.lv\/en\/shop\/vt-reedle-shot-lifting-eye-cream-15ml\/\" \/>\n<meta property=\"og:locale\" content=\"en_US\" \/>\n<meta property=\"og:type\" content=\"article\" \/>\n<meta property=\"og:title\" content=\"VT Reedle Shot Lifting Eye Cream 15ml - FACECORNER\" \/>\n<meta property=\"og:description\" content=\"VT Reedle Shot Lifting Eye Cream kr\u0113ms atjauno un nostiprina jut\u012bgo acu zonu. Sast\u0101vs ar CICA REEDLE\u2122 tehnolo\u0123iju, pept\u012bdiem\" \/>\n<meta property=\"og:url\" content=\"https:\/\/www.facecorner.lv\/en\/shop\/vt-reedle-shot-lifting-eye-cream-15ml\/\" \/>\n<meta property=\"og:site_name\" content=\"FACECORNER\" \/>\n<meta property=\"article:publisher\" content=\"https:\/\/www.facebook.com\/profile.php?id=100063824551839\" \/>\n<meta property=\"article:modified_time\" content=\"2026-04-08T08:48:11+00:00\" \/>\n<meta property=\"og:image\" content=\"https:\/\/www.facecorner.lv\/wp-content\/uploads\/2024\/10\/vt-cosmetics-cica-x-hyalon-reedle-shot-lifting-eye-cream-15ml.webp\" \/>\n\t<meta property=\"og:image:width\" content=\"640\" \/>\n\t<meta property=\"og:image:height\" content=\"640\" \/>\n\t<meta property=\"og:image:type\" content=\"image\/webp\" \/>\n<meta name=\"twitter:card\" content=\"summary_large_image\" \/>\n<meta name=\"twitter:label1\" content=\"Price\" \/>\n\t<meta name=\"twitter:data1\" content=\"&euro;37.00\" \/>\n\t<meta name=\"twitter:label2\" content=\"Availability\" \/>\n\t<meta name=\"twitter:data2\" content=\"In stock\" \/>\n<script type=\"application\/ld+json\" class=\"yoast-schema-graph\">{\"@context\":\"https:\\\/\\\/schema.org\",\"@graph\":[{\"@type\":\"WebPage\",\"@id\":\"https:\\\/\\\/www.facecorner.lv\\\/shop\\\/vt-reedle-shot-lifting-eye-cream-15ml\\\/\",\"url\":\"https:\\\/\\\/www.facecorner.lv\\\/shop\\\/vt-reedle-shot-lifting-eye-cream-15ml\\\/\",\"name\":\"VT Reedle Shot Lifting Eye Cream 15ml - FACECORNER\",\"isPartOf\":{\"@id\":\"https:\\\/\\\/www.facecorner.lv\\\/#website\"},\"primaryImageOfPage\":{\"@id\":\"https:\\\/\\\/www.facecorner.lv\\\/shop\\\/vt-reedle-shot-lifting-eye-cream-15ml\\\/#primaryimage\"},\"image\":{\"@id\":\"https:\\\/\\\/www.facecorner.lv\\\/shop\\\/vt-reedle-shot-lifting-eye-cream-15ml\\\/#primaryimage\"},\"thumbnailUrl\":\"https:\\\/\\\/www.facecorner.lv\\\/wp-content\\\/uploads\\\/2024\\\/10\\\/vt-cosmetics-cica-x-hyalon-reedle-shot-lifting-eye-cream-15ml.webp\",\"datePublished\":\"2024-10-21T09:32:54+00:00\",\"dateModified\":\"2026-04-08T08:48:11+00:00\",\"description\":\"VT Reedle Shot Lifting Eye Cream kr\u0113ms atjauno un nostiprina jut\u012bgo acu zonu. Sast\u0101vs ar CICA REEDLE\u2122 tehnolo\u0123iju, pept\u012bdiem\",\"breadcrumb\":{\"@id\":\"https:\\\/\\\/www.facecorner.lv\\\/shop\\\/vt-reedle-shot-lifting-eye-cream-15ml\\\/#breadcrumb\"},\"inLanguage\":\"en-US\",\"potentialAction\":[{\"@type\":\"ReadAction\",\"target\":[\"https:\\\/\\\/www.facecorner.lv\\\/shop\\\/vt-reedle-shot-lifting-eye-cream-15ml\\\/\"]}]},{\"@type\":\"ImageObject\",\"inLanguage\":\"en-US\",\"@id\":\"https:\\\/\\\/www.facecorner.lv\\\/shop\\\/vt-reedle-shot-lifting-eye-cream-15ml\\\/#primaryimage\",\"url\":\"https:\\\/\\\/www.facecorner.lv\\\/wp-content\\\/uploads\\\/2024\\\/10\\\/vt-cosmetics-cica-x-hyalon-reedle-shot-lifting-eye-cream-15ml.webp\",\"contentUrl\":\"https:\\\/\\\/www.facecorner.lv\\\/wp-content\\\/uploads\\\/2024\\\/10\\\/vt-cosmetics-cica-x-hyalon-reedle-shot-lifting-eye-cream-15ml.webp\",\"width\":640,\"height\":640,\"caption\":\"VT Reedle Shot Lifting Eye Cream\"},{\"@type\":\"BreadcrumbList\",\"@id\":\"https:\\\/\\\/www.facecorner.lv\\\/shop\\\/vt-reedle-shot-lifting-eye-cream-15ml\\\/#breadcrumb\",\"itemListElement\":[{\"@type\":\"ListItem\",\"position\":1,\"name\":\"Home\",\"item\":\"https:\\\/\\\/www.facecorner.lv\\\/\"},{\"@type\":\"ListItem\",\"position\":2,\"name\":\"Veikals\",\"item\":\"https:\\\/\\\/www.facecorner.lv\\\/shop\\\/\"},{\"@type\":\"ListItem\",\"position\":3,\"name\":\"VT Reedle Shot Lifting Eye Cream 15ml\"}]},{\"@type\":\"WebSite\",\"@id\":\"https:\\\/\\\/www.facecorner.lv\\\/#website\",\"url\":\"https:\\\/\\\/www.facecorner.lv\\\/\",\"name\":\"Facecorner\",\"description\":\"\",\"publisher\":{\"@id\":\"https:\\\/\\\/www.facecorner.lv\\\/#organization\"},\"potentialAction\":[{\"@type\":\"SearchAction\",\"target\":{\"@type\":\"EntryPoint\",\"urlTemplate\":\"https:\\\/\\\/www.facecorner.lv\\\/?s={search_term_string}\"},\"query-input\":{\"@type\":\"PropertyValueSpecification\",\"valueRequired\":true,\"valueName\":\"search_term_string\"}}],\"inLanguage\":\"en-US\"},{\"@type\":\"Organization\",\"@id\":\"https:\\\/\\\/www.facecorner.lv\\\/#organization\",\"name\":\"Facecorner\",\"url\":\"https:\\\/\\\/www.facecorner.lv\\\/\",\"logo\":{\"@type\":\"ImageObject\",\"inLanguage\":\"en-US\",\"@id\":\"https:\\\/\\\/www.facecorner.lv\\\/#\\\/schema\\\/logo\\\/image\\\/\",\"url\":\"https:\\\/\\\/www.facecorner.lv\\\/wp-content\\\/uploads\\\/2024\\\/04\\\/fc-logo.jpg\",\"contentUrl\":\"https:\\\/\\\/www.facecorner.lv\\\/wp-content\\\/uploads\\\/2024\\\/04\\\/fc-logo.jpg\",\"width\":174,\"height\":28,\"caption\":\"Facecorner\"},\"image\":{\"@id\":\"https:\\\/\\\/www.facecorner.lv\\\/#\\\/schema\\\/logo\\\/image\\\/\"},\"sameAs\":[\"https:\\\/\\\/www.facebook.com\\\/profile.php?id=100063824551839\",\"https:\\\/\\\/www.instagram.com\\\/facecorner_shop\\\/\"]}]}<\/script>\n<meta property=\"product:price:amount\" content=\"37.00\" \/>\n<meta property=\"product:price:currency\" content=\"EUR\" \/>\n<meta property=\"og:availability\" content=\"instock\" \/>\n<meta property=\"product:availability\" content=\"instock\" \/>\n<meta property=\"product:condition\" content=\"new\" \/>\n<!-- \/ Yoast SEO plugin. -->","yoast_head_json":{"title":"VT Reedle Shot Lifting Eye Cream 15ml - FACECORNER","description":"VT Reedle Shot Lifting Eye Cream kr\u0113ms atjauno un nostiprina jut\u012bgo acu zonu. Sast\u0101vs ar CICA REEDLE\u2122 tehnolo\u0123iju, pept\u012bdiem","robots":{"index":"index","follow":"follow","max-snippet":"max-snippet:-1","max-image-preview":"max-image-preview:large","max-video-preview":"max-video-preview:-1"},"canonical":"https:\/\/www.facecorner.lv\/en\/shop\/vt-reedle-shot-lifting-eye-cream-15ml\/","og_locale":"en_US","og_type":"article","og_title":"VT Reedle Shot Lifting Eye Cream 15ml - FACECORNER","og_description":"VT Reedle Shot Lifting Eye Cream kr\u0113ms atjauno un nostiprina jut\u012bgo acu zonu. Sast\u0101vs ar CICA REEDLE\u2122 tehnolo\u0123iju, pept\u012bdiem","og_url":"https:\/\/www.facecorner.lv\/en\/shop\/vt-reedle-shot-lifting-eye-cream-15ml\/","og_site_name":"FACECORNER","article_publisher":"https:\/\/www.facebook.com\/profile.php?id=100063824551839","article_modified_time":"2026-04-08T08:48:11+00:00","og_image":[{"width":640,"height":640,"url":"https:\/\/www.facecorner.lv\/wp-content\/uploads\/2024\/10\/vt-cosmetics-cica-x-hyalon-reedle-shot-lifting-eye-cream-15ml.webp","type":"image\/webp"}],"twitter_card":"summary_large_image","twitter_misc":{"Price":"&euro;37.00","Availability":"In stock"},"schema":{"@context":"https:\/\/schema.org","@graph":[{"@type":"WebPage","@id":"https:\/\/www.facecorner.lv\/shop\/vt-reedle-shot-lifting-eye-cream-15ml\/","url":"https:\/\/www.facecorner.lv\/shop\/vt-reedle-shot-lifting-eye-cream-15ml\/","name":"VT Reedle Shot Lifting Eye Cream 15ml - FACECORNER","isPartOf":{"@id":"https:\/\/www.facecorner.lv\/#website"},"primaryImageOfPage":{"@id":"https:\/\/www.facecorner.lv\/shop\/vt-reedle-shot-lifting-eye-cream-15ml\/#primaryimage"},"image":{"@id":"https:\/\/www.facecorner.lv\/shop\/vt-reedle-shot-lifting-eye-cream-15ml\/#primaryimage"},"thumbnailUrl":"https:\/\/www.facecorner.lv\/wp-content\/uploads\/2024\/10\/vt-cosmetics-cica-x-hyalon-reedle-shot-lifting-eye-cream-15ml.webp","datePublished":"2024-10-21T09:32:54+00:00","dateModified":"2026-04-08T08:48:11+00:00","description":"VT Reedle Shot Lifting Eye Cream kr\u0113ms atjauno un nostiprina jut\u012bgo acu zonu. Sast\u0101vs ar CICA REEDLE\u2122 tehnolo\u0123iju, pept\u012bdiem","breadcrumb":{"@id":"https:\/\/www.facecorner.lv\/shop\/vt-reedle-shot-lifting-eye-cream-15ml\/#breadcrumb"},"inLanguage":"en-US","potentialAction":[{"@type":"ReadAction","target":["https:\/\/www.facecorner.lv\/shop\/vt-reedle-shot-lifting-eye-cream-15ml\/"]}]},{"@type":"ImageObject","inLanguage":"en-US","@id":"https:\/\/www.facecorner.lv\/shop\/vt-reedle-shot-lifting-eye-cream-15ml\/#primaryimage","url":"https:\/\/www.facecorner.lv\/wp-content\/uploads\/2024\/10\/vt-cosmetics-cica-x-hyalon-reedle-shot-lifting-eye-cream-15ml.webp","contentUrl":"https:\/\/www.facecorner.lv\/wp-content\/uploads\/2024\/10\/vt-cosmetics-cica-x-hyalon-reedle-shot-lifting-eye-cream-15ml.webp","width":640,"height":640,"caption":"VT Reedle Shot Lifting Eye Cream"},{"@type":"BreadcrumbList","@id":"https:\/\/www.facecorner.lv\/shop\/vt-reedle-shot-lifting-eye-cream-15ml\/#breadcrumb","itemListElement":[{"@type":"ListItem","position":1,"name":"Home","item":"https:\/\/www.facecorner.lv\/"},{"@type":"ListItem","position":2,"name":"Veikals","item":"https:\/\/www.facecorner.lv\/shop\/"},{"@type":"ListItem","position":3,"name":"VT Reedle Shot Lifting Eye Cream 15ml"}]},{"@type":"WebSite","@id":"https:\/\/www.facecorner.lv\/#website","url":"https:\/\/www.facecorner.lv\/","name":"Facecorner","description":"","publisher":{"@id":"https:\/\/www.facecorner.lv\/#organization"},"potentialAction":[{"@type":"SearchAction","target":{"@type":"EntryPoint","urlTemplate":"https:\/\/www.facecorner.lv\/?s={search_term_string}"},"query-input":{"@type":"PropertyValueSpecification","valueRequired":true,"valueName":"search_term_string"}}],"inLanguage":"en-US"},{"@type":"Organization","@id":"https:\/\/www.facecorner.lv\/#organization","name":"Facecorner","url":"https:\/\/www.facecorner.lv\/","logo":{"@type":"ImageObject","inLanguage":"en-US","@id":"https:\/\/www.facecorner.lv\/#\/schema\/logo\/image\/","url":"https:\/\/www.facecorner.lv\/wp-content\/uploads\/2024\/04\/fc-logo.jpg","contentUrl":"https:\/\/www.facecorner.lv\/wp-content\/uploads\/2024\/04\/fc-logo.jpg","width":174,"height":28,"caption":"Facecorner"},"image":{"@id":"https:\/\/www.facecorner.lv\/#\/schema\/logo\/image\/"},"sameAs":["https:\/\/www.facebook.com\/profile.php?id=100063824551839","https:\/\/www.instagram.com\/facecorner_shop\/"]}]},"product_price_amount":"37.00","product_price_currency":"EUR","og_availability":"instock","product_availability":"instock","product_condition":"new"},"_links":{"self":[{"href":"https:\/\/www.facecorner.lv\/en\/wp-json\/wp\/v2\/product\/21347","targetHints":{"allow":["GET"]}}],"collection":[{"href":"https:\/\/www.facecorner.lv\/en\/wp-json\/wp\/v2\/product"}],"about":[{"href":"https:\/\/www.facecorner.lv\/en\/wp-json\/wp\/v2\/types\/product"}],"replies":[{"embeddable":true,"href":"https:\/\/www.facecorner.lv\/en\/wp-json\/wp\/v2\/comments?post=21347"}],"wp:featuredmedia":[{"embeddable":true,"href":"https:\/\/www.facecorner.lv\/en\/wp-json\/wp\/v2\/media\/21348"}],"wp:attachment":[{"href":"https:\/\/www.facecorner.lv\/en\/wp-json\/wp\/v2\/media?parent=21347"}],"wp:term":[{"taxonomy":"product_brand","embeddable":true,"href":"https:\/\/www.facecorner.lv\/en\/wp-json\/wp\/v2\/product_brand?post=21347"},{"taxonomy":"product_cat","embeddable":true,"href":"https:\/\/www.facecorner.lv\/en\/wp-json\/wp\/v2\/product_cat?post=21347"},{"taxonomy":"product_tag","embeddable":true,"href":"https:\/\/www.facecorner.lv\/en\/wp-json\/wp\/v2\/product_tag?post=21347"},{"taxonomy":"berocket_brand","embeddable":true,"href":"https:\/\/www.facecorner.lv\/en\/wp-json\/wp\/v2\/berocket_brand?post=21347"}],"curies":[{"name":"wp","href":"https:\/\/api.w.org\/{rel}","templated":true}]}}