{"id":21202,"date":"2024-09-27T18:41:41","date_gmt":"2024-09-27T16:41:41","guid":{"rendered":"https:\/\/www.facecorner.lv\/?post_type=product&#038;p=21202"},"modified":"2026-01-13T19:52:30","modified_gmt":"2026-01-13T16:52:30","slug":"tirtir-milk-skin-toner-150ml","status":"publish","type":"product","link":"https:\/\/www.facecorner.lv\/en\/shop\/tirtir-milk-skin-toner-150ml\/","title":{"rendered":"TIRTIR Milk Skin Toner 150ml"},"content":{"rendered":"<p>TIRTIR Milk Skin Toner mitrino\u0161s sejas toniks ar pienainu formulu. Pateicoties akt\u012bvaj\u0101m sast\u0101vda\u013c\u0101m bag\u0101tajai formulai, tas toniz\u0113 un intens\u012bvi kopj \u0101du. Tam piem\u012bt nomierino\u0161a iedarb\u012bba un tas stiprina hidrolip\u012bdu barjeru.<\/p>\n<p>Sast\u0101v\u0101 ir r\u012bsu ekstrakts,\u00a0kas baro un\u00a0kumel\u012b\u0161u ekstrakts, kas\u00a0nomierina. Sast\u0101v\u0101 eso\u0161ais\u00a0keram\u012bdi\u00a0atbalsta aizsargbarjeru,\u00a0hialuronsk\u0101be\u00a0r\u016bp\u0113jas par mitrin\u0101\u0161anu, bet\u00a0niacinam\u012bdam\u00a0piem\u012bt balino\u0161a un antioksidanta iedarb\u012bba. Produkts ir dermatolo\u0123iski test\u0113ts un ir veg\u0101nisks. Lai pan\u0101ktu sp\u0113c\u012bgu barojo\u0161u efektu, kosm\u0113tikas l\u012bdzekli var lietot kop\u0101 ar kr\u0113mu vai ar\u012b taukainai \u0101dai to var lietot atsevi\u0161\u0137i k\u0101 mitrino\u0161u grima b\u0101zi.<\/p>\n<p>Produkts satur:<\/p>\n<ul>\n<li>r\u012bsu ekstrakts\u00a0&#8211; baro un izl\u012bdzina \u0101du, izgaismo, pal\u0113nina noveco\u0161an\u0101s procesus, uzlabo mitrin\u0101\u0161anas l\u012bmeni,<\/li>\n<li>kumel\u012b\u0161u ekstrakts\u00a0&#8211; nomierina kairin\u0101jumu un aps\u0101rtumu, veicina re\u0123ener\u0101ciju,<\/li>\n<li>keram\u012bdi\u00a0&#8211; stiprina\u00a0hidrolip\u012bdu barjeru, iedarbojas re\u0123ener\u0113jo\u0161i,<\/li>\n<li>niac\u012bnam\u012bds\u00a0&#8211; stiprina hidrolip\u012bdu barjeru, iedarbojas pretiekaisuma un balino\u0161i,<\/li>\n<li>hialuronsk\u0101be\u00a0&#8211; uzlabo mitrin\u0101\u0161anas l\u012bmeni, padara \u0101du elast\u012bg\u0101ku, pie\u0161\u0137ir maigumu.<\/li>\n<\/ul>\n<p><strong>How to use:\nAfter cleansing and toning, place the mask sheet on your face and let it rest for 30 minutes.<\/strong>\u00a0Uzkl\u0101jiet l\u012bdzekli uz att\u012br\u012btas sejas \u0101das un viegli ieputo, p\u0113c tam uzkl\u0101jiet kr\u0113mu. Taukainai \u0101dai var lietot l\u012bdzekli atsevi\u0161\u0137i.<\/p>\n<p><strong>Ingredientes:<\/strong> Aqua, Glycerin, Butylene Glycol, Niacinamide, Anthemis Nobilis Flower Extract, Styrene\/VP Copolymer, 1,2-Hexanediol, Caprylyl Glycol, Oryza Sativa (Rice) Bran Extract, Glycyrrhiza Glabra (Licorice) Root Extract, Camellia Sinensis Leaf Extract, Rosmarinus Officinalis (Rosemary) Leaf Extract, Centella Asiatica Extract, Chamomilla Recutita (Matricaria) Flower Extract, Hamamelis Virginiana (Witch Hazel) Extract, Polygonum Cuspidatum Root Extract, Scutellaria Baicalensis Root Extract, Betaine, Panthenol, Allantoin, Sodium PCA, Adenosine, Disodium EDTA, Sodium Hyaluronate, Carbomer, Arginine, Illicium Verum (Anise) Fruit Extract, Alchemilla Vulgaris Extract, Amaranthus Caudatus Extract, Olea Europaea (Olive) Leaf Extract, Veronica Officinalis Extract, Mentha Piperita (Peppermint) Leaf Extract, Ulmus Davidiana Root Extract, Cynara Scolymus (Artichoke) Leaf Extract, Avena Sativa (Oat) Kemel Extract, Sambucus Nigra Flower Extract, Beta-Glucan, Ceramide NP, Chamaecyparis Obtusa Leaf Extract, Laminaria Japonica Extract, Copper Tripeptide-1, Acetyl Hexapeptide-8<\/p>","protected":false},"excerpt":{"rendered":"<p>TIRTIR Milk Skin Toner mitrino\u0161s sejas toniks ar pienainu formulu. Pateicoties akt\u012bvaj\u0101m sast\u0101vda\u013c\u0101m bag\u0101tajai formulai, tas toniz\u0113 un intens\u012bvi kopj \u0101du. Tam piem\u012bt nomierino\u0161a iedarb\u012bba un tas stiprina hidrolip\u012bdu barjeru<\/p>","protected":false},"featured_media":21203,"comment_status":"closed","ping_status":"closed","template":"","meta":{"site-sidebar-layout":"default","site-content-layout":"","ast-site-content-layout":"","site-content-style":"default","site-sidebar-style":"default","ast-global-header-display":"","ast-banner-title-visibility":"","ast-main-header-display":"","ast-hfb-above-header-display":"","ast-hfb-below-header-display":"","ast-hfb-mobile-header-display":"","site-post-title":"","ast-breadcrumbs-content":"","ast-featured-img":"","footer-sml-layout":"","theme-transparent-header-meta":"","adv-header-id-meta":"","stick-header-meta":"","header-above-stick-meta":"","header-main-stick-meta":"","header-below-stick-meta":"","astra-migrate-meta-layouts":"default","ast-page-background-enabled":"default","ast-page-background-meta":{"desktop":{"background-color":"var(--ast-global-color-4)","background-image":"","background-repeat":"repeat","background-position":"center center","background-size":"auto","background-attachment":"scroll","background-type":"","background-media":"","overlay-type":"","overlay-color":"","overlay-opacity":"","overlay-gradient":""},"tablet":{"background-color":"","background-image":"","background-repeat":"repeat","background-position":"center center","background-size":"auto","background-attachment":"scroll","background-type":"","background-media":"","overlay-type":"","overlay-color":"","overlay-opacity":"","overlay-gradient":""},"mobile":{"background-color":"","background-image":"","background-repeat":"repeat","background-position":"center center","background-size":"auto","background-attachment":"scroll","background-type":"","background-media":"","overlay-type":"","overlay-color":"","overlay-opacity":"","overlay-gradient":""}},"ast-content-background-meta":{"desktop":{"background-color":"var(--ast-global-color-5)","background-image":"","background-repeat":"repeat","background-position":"center center","background-size":"auto","background-attachment":"scroll","background-type":"","background-media":"","overlay-type":"","overlay-color":"","overlay-opacity":"","overlay-gradient":""},"tablet":{"background-color":"var(--ast-global-color-5)","background-image":"","background-repeat":"repeat","background-position":"center center","background-size":"auto","background-attachment":"scroll","background-type":"","background-media":"","overlay-type":"","overlay-color":"","overlay-opacity":"","overlay-gradient":""},"mobile":{"background-color":"var(--ast-global-color-5)","background-image":"","background-repeat":"repeat","background-position":"center center","background-size":"auto","background-attachment":"scroll","background-type":"","background-media":"","overlay-type":"","overlay-color":"","overlay-opacity":"","overlay-gradient":""}}},"product_brand":[],"product_cat":[364],"product_tag":[],"berocket_brand":[584],"class_list":{"0":"post-21202","1":"product","2":"type-product","3":"status-publish","4":"has-post-thumbnail","6":"product_cat-toneri","7":"berocket_brand-tirtir","8":"desktop-align-left","9":"tablet-align-left","10":"mobile-align-left","12":"first","13":"outofstock","14":"taxable","15":"shipping-taxable","16":"purchasable","17":"product-type-simple","18":"add-to-wishlist-before_image"},"yoast_head":"<!-- This site is optimized with the Yoast SEO plugin v27.4 - https:\/\/yoast.com\/product\/yoast-seo-wordpress\/ -->\n<title>TIRTIR Milk Skin Toner 150ml - FACECORNER<\/title>\n<meta name=\"description\" content=\"TIRTIR Milk Skin Toner mitrino\u0161s sejas toniks ar pienainu formulu. Pateicoties akt\u012bvaj\u0101m sast\u0101vda\u013c\u0101m bag\u0101tajai formulai, tas toniz\u0113 un intens\u012bvi kopj \u0101du.\" \/>\n<meta name=\"robots\" content=\"index, follow, max-snippet:-1, max-image-preview:large, max-video-preview:-1\" \/>\n<link rel=\"canonical\" href=\"https:\/\/www.facecorner.lv\/en\/shop\/tirtir-milk-skin-toner-150ml\/\" \/>\n<meta property=\"og:locale\" content=\"en_US\" \/>\n<meta property=\"og:type\" content=\"article\" \/>\n<meta property=\"og:title\" content=\"TIRTIR Milk Skin Toner 150ml - FACECORNER\" \/>\n<meta property=\"og:description\" content=\"TIRTIR Milk Skin Toner mitrino\u0161s sejas toniks ar pienainu formulu. Pateicoties akt\u012bvaj\u0101m sast\u0101vda\u013c\u0101m bag\u0101tajai formulai, tas toniz\u0113 un intens\u012bvi kopj \u0101du.\" \/>\n<meta property=\"og:url\" content=\"https:\/\/www.facecorner.lv\/en\/shop\/tirtir-milk-skin-toner-150ml\/\" \/>\n<meta property=\"og:site_name\" content=\"FACECORNER\" \/>\n<meta property=\"article:publisher\" content=\"https:\/\/www.facebook.com\/profile.php?id=100063824551839\" \/>\n<meta property=\"article:modified_time\" content=\"2026-01-13T16:52:30+00:00\" \/>\n<meta property=\"og:image\" content=\"https:\/\/www.facecorner.lv\/wp-content\/uploads\/2024\/09\/21126_1.webp\" \/>\n\t<meta property=\"og:image:width\" content=\"1500\" \/>\n\t<meta property=\"og:image:height\" content=\"1500\" \/>\n\t<meta property=\"og:image:type\" content=\"image\/webp\" \/>\n<meta name=\"twitter:card\" content=\"summary_large_image\" \/>\n<meta name=\"twitter:label1\" content=\"Price\" \/>\n\t<meta name=\"twitter:data1\" content=\"&euro;29.90\" \/>\n\t<meta name=\"twitter:label2\" content=\"Availability\" \/>\n\t<meta name=\"twitter:data2\" content=\"Out of stock\" \/>\n<script type=\"application\/ld+json\" class=\"yoast-schema-graph\">{\"@context\":\"https:\\\/\\\/schema.org\",\"@graph\":[{\"@type\":\"WebPage\",\"@id\":\"https:\\\/\\\/www.facecorner.lv\\\/shop\\\/tirtir-milk-skin-toner-150ml\\\/\",\"url\":\"https:\\\/\\\/www.facecorner.lv\\\/shop\\\/tirtir-milk-skin-toner-150ml\\\/\",\"name\":\"TIRTIR Milk Skin Toner 150ml - FACECORNER\",\"isPartOf\":{\"@id\":\"https:\\\/\\\/www.facecorner.lv\\\/#website\"},\"primaryImageOfPage\":{\"@id\":\"https:\\\/\\\/www.facecorner.lv\\\/shop\\\/tirtir-milk-skin-toner-150ml\\\/#primaryimage\"},\"image\":{\"@id\":\"https:\\\/\\\/www.facecorner.lv\\\/shop\\\/tirtir-milk-skin-toner-150ml\\\/#primaryimage\"},\"thumbnailUrl\":\"https:\\\/\\\/www.facecorner.lv\\\/wp-content\\\/uploads\\\/2024\\\/09\\\/21126_1.webp\",\"datePublished\":\"2024-09-27T16:41:41+00:00\",\"dateModified\":\"2026-01-13T16:52:30+00:00\",\"description\":\"TIRTIR Milk Skin Toner mitrino\u0161s sejas toniks ar pienainu formulu. Pateicoties akt\u012bvaj\u0101m sast\u0101vda\u013c\u0101m bag\u0101tajai formulai, tas toniz\u0113 un intens\u012bvi kopj \u0101du.\",\"breadcrumb\":{\"@id\":\"https:\\\/\\\/www.facecorner.lv\\\/shop\\\/tirtir-milk-skin-toner-150ml\\\/#breadcrumb\"},\"inLanguage\":\"en-US\",\"potentialAction\":[{\"@type\":\"ReadAction\",\"target\":[\"https:\\\/\\\/www.facecorner.lv\\\/shop\\\/tirtir-milk-skin-toner-150ml\\\/\"]}]},{\"@type\":\"ImageObject\",\"inLanguage\":\"en-US\",\"@id\":\"https:\\\/\\\/www.facecorner.lv\\\/shop\\\/tirtir-milk-skin-toner-150ml\\\/#primaryimage\",\"url\":\"https:\\\/\\\/www.facecorner.lv\\\/wp-content\\\/uploads\\\/2024\\\/09\\\/21126_1.webp\",\"contentUrl\":\"https:\\\/\\\/www.facecorner.lv\\\/wp-content\\\/uploads\\\/2024\\\/09\\\/21126_1.webp\",\"width\":1500,\"height\":1500,\"caption\":\"TIRTIR Milk Skin Toner\"},{\"@type\":\"BreadcrumbList\",\"@id\":\"https:\\\/\\\/www.facecorner.lv\\\/shop\\\/tirtir-milk-skin-toner-150ml\\\/#breadcrumb\",\"itemListElement\":[{\"@type\":\"ListItem\",\"position\":1,\"name\":\"Home\",\"item\":\"https:\\\/\\\/www.facecorner.lv\\\/\"},{\"@type\":\"ListItem\",\"position\":2,\"name\":\"Veikals\",\"item\":\"https:\\\/\\\/www.facecorner.lv\\\/shop\\\/\"},{\"@type\":\"ListItem\",\"position\":3,\"name\":\"TIRTIR Milk Skin Toner 150ml\"}]},{\"@type\":\"WebSite\",\"@id\":\"https:\\\/\\\/www.facecorner.lv\\\/#website\",\"url\":\"https:\\\/\\\/www.facecorner.lv\\\/\",\"name\":\"Facecorner\",\"description\":\"\",\"publisher\":{\"@id\":\"https:\\\/\\\/www.facecorner.lv\\\/#organization\"},\"potentialAction\":[{\"@type\":\"SearchAction\",\"target\":{\"@type\":\"EntryPoint\",\"urlTemplate\":\"https:\\\/\\\/www.facecorner.lv\\\/?s={search_term_string}\"},\"query-input\":{\"@type\":\"PropertyValueSpecification\",\"valueRequired\":true,\"valueName\":\"search_term_string\"}}],\"inLanguage\":\"en-US\"},{\"@type\":\"Organization\",\"@id\":\"https:\\\/\\\/www.facecorner.lv\\\/#organization\",\"name\":\"Facecorner\",\"url\":\"https:\\\/\\\/www.facecorner.lv\\\/\",\"logo\":{\"@type\":\"ImageObject\",\"inLanguage\":\"en-US\",\"@id\":\"https:\\\/\\\/www.facecorner.lv\\\/#\\\/schema\\\/logo\\\/image\\\/\",\"url\":\"https:\\\/\\\/www.facecorner.lv\\\/wp-content\\\/uploads\\\/2024\\\/04\\\/fc-logo.jpg\",\"contentUrl\":\"https:\\\/\\\/www.facecorner.lv\\\/wp-content\\\/uploads\\\/2024\\\/04\\\/fc-logo.jpg\",\"width\":174,\"height\":28,\"caption\":\"Facecorner\"},\"image\":{\"@id\":\"https:\\\/\\\/www.facecorner.lv\\\/#\\\/schema\\\/logo\\\/image\\\/\"},\"sameAs\":[\"https:\\\/\\\/www.facebook.com\\\/profile.php?id=100063824551839\",\"https:\\\/\\\/www.instagram.com\\\/facecorner_shop\\\/\"]}]}<\/script>\n<meta property=\"product:price:amount\" content=\"29.90\" \/>\n<meta property=\"product:price:currency\" content=\"EUR\" \/>\n<meta property=\"og:availability\" content=\"out of stock\" \/>\n<meta property=\"product:availability\" content=\"out of stock\" \/>\n<meta property=\"product:condition\" content=\"new\" \/>\n<!-- \/ Yoast SEO plugin. -->","yoast_head_json":{"title":"TIRTIR Milk Skin Toner 150ml - FACECORNER","description":"TIRTIR Milk Skin Toner mitrino\u0161s sejas toniks ar pienainu formulu. Pateicoties akt\u012bvaj\u0101m sast\u0101vda\u013c\u0101m bag\u0101tajai formulai, tas toniz\u0113 un intens\u012bvi kopj \u0101du.","robots":{"index":"index","follow":"follow","max-snippet":"max-snippet:-1","max-image-preview":"max-image-preview:large","max-video-preview":"max-video-preview:-1"},"canonical":"https:\/\/www.facecorner.lv\/en\/shop\/tirtir-milk-skin-toner-150ml\/","og_locale":"en_US","og_type":"article","og_title":"TIRTIR Milk Skin Toner 150ml - FACECORNER","og_description":"TIRTIR Milk Skin Toner mitrino\u0161s sejas toniks ar pienainu formulu. Pateicoties akt\u012bvaj\u0101m sast\u0101vda\u013c\u0101m bag\u0101tajai formulai, tas toniz\u0113 un intens\u012bvi kopj \u0101du.","og_url":"https:\/\/www.facecorner.lv\/en\/shop\/tirtir-milk-skin-toner-150ml\/","og_site_name":"FACECORNER","article_publisher":"https:\/\/www.facebook.com\/profile.php?id=100063824551839","article_modified_time":"2026-01-13T16:52:30+00:00","og_image":[{"width":1500,"height":1500,"url":"https:\/\/www.facecorner.lv\/wp-content\/uploads\/2024\/09\/21126_1.webp","type":"image\/webp"}],"twitter_card":"summary_large_image","twitter_misc":{"Price":"&euro;29.90","Availability":"Out of stock"},"schema":{"@context":"https:\/\/schema.org","@graph":[{"@type":"WebPage","@id":"https:\/\/www.facecorner.lv\/shop\/tirtir-milk-skin-toner-150ml\/","url":"https:\/\/www.facecorner.lv\/shop\/tirtir-milk-skin-toner-150ml\/","name":"TIRTIR Milk Skin Toner 150ml - FACECORNER","isPartOf":{"@id":"https:\/\/www.facecorner.lv\/#website"},"primaryImageOfPage":{"@id":"https:\/\/www.facecorner.lv\/shop\/tirtir-milk-skin-toner-150ml\/#primaryimage"},"image":{"@id":"https:\/\/www.facecorner.lv\/shop\/tirtir-milk-skin-toner-150ml\/#primaryimage"},"thumbnailUrl":"https:\/\/www.facecorner.lv\/wp-content\/uploads\/2024\/09\/21126_1.webp","datePublished":"2024-09-27T16:41:41+00:00","dateModified":"2026-01-13T16:52:30+00:00","description":"TIRTIR Milk Skin Toner mitrino\u0161s sejas toniks ar pienainu formulu. Pateicoties akt\u012bvaj\u0101m sast\u0101vda\u013c\u0101m bag\u0101tajai formulai, tas toniz\u0113 un intens\u012bvi kopj \u0101du.","breadcrumb":{"@id":"https:\/\/www.facecorner.lv\/shop\/tirtir-milk-skin-toner-150ml\/#breadcrumb"},"inLanguage":"en-US","potentialAction":[{"@type":"ReadAction","target":["https:\/\/www.facecorner.lv\/shop\/tirtir-milk-skin-toner-150ml\/"]}]},{"@type":"ImageObject","inLanguage":"en-US","@id":"https:\/\/www.facecorner.lv\/shop\/tirtir-milk-skin-toner-150ml\/#primaryimage","url":"https:\/\/www.facecorner.lv\/wp-content\/uploads\/2024\/09\/21126_1.webp","contentUrl":"https:\/\/www.facecorner.lv\/wp-content\/uploads\/2024\/09\/21126_1.webp","width":1500,"height":1500,"caption":"TIRTIR Milk Skin Toner"},{"@type":"BreadcrumbList","@id":"https:\/\/www.facecorner.lv\/shop\/tirtir-milk-skin-toner-150ml\/#breadcrumb","itemListElement":[{"@type":"ListItem","position":1,"name":"Home","item":"https:\/\/www.facecorner.lv\/"},{"@type":"ListItem","position":2,"name":"Veikals","item":"https:\/\/www.facecorner.lv\/shop\/"},{"@type":"ListItem","position":3,"name":"TIRTIR Milk Skin Toner 150ml"}]},{"@type":"WebSite","@id":"https:\/\/www.facecorner.lv\/#website","url":"https:\/\/www.facecorner.lv\/","name":"Facecorner","description":"","publisher":{"@id":"https:\/\/www.facecorner.lv\/#organization"},"potentialAction":[{"@type":"SearchAction","target":{"@type":"EntryPoint","urlTemplate":"https:\/\/www.facecorner.lv\/?s={search_term_string}"},"query-input":{"@type":"PropertyValueSpecification","valueRequired":true,"valueName":"search_term_string"}}],"inLanguage":"en-US"},{"@type":"Organization","@id":"https:\/\/www.facecorner.lv\/#organization","name":"Facecorner","url":"https:\/\/www.facecorner.lv\/","logo":{"@type":"ImageObject","inLanguage":"en-US","@id":"https:\/\/www.facecorner.lv\/#\/schema\/logo\/image\/","url":"https:\/\/www.facecorner.lv\/wp-content\/uploads\/2024\/04\/fc-logo.jpg","contentUrl":"https:\/\/www.facecorner.lv\/wp-content\/uploads\/2024\/04\/fc-logo.jpg","width":174,"height":28,"caption":"Facecorner"},"image":{"@id":"https:\/\/www.facecorner.lv\/#\/schema\/logo\/image\/"},"sameAs":["https:\/\/www.facebook.com\/profile.php?id=100063824551839","https:\/\/www.instagram.com\/facecorner_shop\/"]}]},"product_price_amount":"29.90","product_price_currency":"EUR","og_availability":"out of stock","product_availability":"out of stock","product_condition":"new"},"_links":{"self":[{"href":"https:\/\/www.facecorner.lv\/en\/wp-json\/wp\/v2\/product\/21202","targetHints":{"allow":["GET"]}}],"collection":[{"href":"https:\/\/www.facecorner.lv\/en\/wp-json\/wp\/v2\/product"}],"about":[{"href":"https:\/\/www.facecorner.lv\/en\/wp-json\/wp\/v2\/types\/product"}],"replies":[{"embeddable":true,"href":"https:\/\/www.facecorner.lv\/en\/wp-json\/wp\/v2\/comments?post=21202"}],"wp:featuredmedia":[{"embeddable":true,"href":"https:\/\/www.facecorner.lv\/en\/wp-json\/wp\/v2\/media\/21203"}],"wp:attachment":[{"href":"https:\/\/www.facecorner.lv\/en\/wp-json\/wp\/v2\/media?parent=21202"}],"wp:term":[{"taxonomy":"product_brand","embeddable":true,"href":"https:\/\/www.facecorner.lv\/en\/wp-json\/wp\/v2\/product_brand?post=21202"},{"taxonomy":"product_cat","embeddable":true,"href":"https:\/\/www.facecorner.lv\/en\/wp-json\/wp\/v2\/product_cat?post=21202"},{"taxonomy":"product_tag","embeddable":true,"href":"https:\/\/www.facecorner.lv\/en\/wp-json\/wp\/v2\/product_tag?post=21202"},{"taxonomy":"berocket_brand","embeddable":true,"href":"https:\/\/www.facecorner.lv\/en\/wp-json\/wp\/v2\/berocket_brand?post=21202"}],"curies":[{"name":"wp","href":"https:\/\/api.w.org\/{rel}","templated":true}]}}