{"id":21135,"date":"2024-09-18T20:45:41","date_gmt":"2024-09-18T18:45:41","guid":{"rendered":"https:\/\/www.facecorner.lv\/?post_type=product&#038;p=21135"},"modified":"2025-03-27T22:36:09","modified_gmt":"2025-03-27T19:36:09","slug":"medi-peel-peptide-tox-bor-wrinkle-stick","status":"publish","type":"product","link":"https:\/\/www.facecorner.lv\/en\/shop\/medi-peel-peptide-tox-bor-wrinkle-stick\/","title":{"rendered":"Medi-Peel Peptide-Tox Bor Wrinkle Stick"},"content":{"rendered":"<p>Medi-Peel Peptide-Tox Bor Wrinkle Stick uzlabo \u0101das tvirtumu, elast\u012bbu un bl\u012bvumu, izl\u012bdzina un nostiepj \u0101du, stimul\u0113 kolag\u0113na veido\u0161anos, nov\u0113r\u0161 grumbu ra\u0161anos un samazina eso\u0161o grumbu dzi\u013cumu. Viegli un higi\u0113niski uzkl\u0101jams, ide\u0101li piem\u0113rots tiem, kuri nev\u0113las velt\u012bt daudz laika kop\u0161anai. Satur 6 pept\u012bdu kompleksu, hidroliz\u0113tu kolag\u0113nu un elast\u012bnu, saulespu\u0137u, \u0161\u012b un jojobas e\u013c\u013cas, alfa-bisabololu un centellas ekstraktu.<\/p>\n<p>L\u012bdzeklis stiprina kolag\u0113na \u0161\u0137iedras un nov\u0113r\u0161 to boj\u0101\u0161anos, sabiezina un izl\u012bdzina \u0101du, nomierina un m\u012bkstina. Tas nov\u0113r\u0161 lob\u012b\u0161anos un sausumu, pie\u0161\u0137ir dabisku maigu mirdzumu, lieliski uzs\u016bcas, neatst\u0101j lip\u012bgumu un taukain\u012bbu.<\/p>\n<p>Stick, t\u0101pat k\u0101 visi Bortox produkti, satur 6 pept\u012bdu kompleksu (palmitoiltripept\u012bds-5, tripept\u012bds-1, argirel\u012bns, vara tripept\u012bds, palmitoilpartapept\u012bds-4, heksapept\u012bds), kas ne tikai stimul\u0113 \u0161\u016bnu re\u0123ener\u0101ciju un palielina pa\u0161u kolag\u0113na veido\u0161anos, bet tiem piem\u012bt ar\u012b botul\u012bnam l\u012bdz\u012bga iedarb\u012bba: argirel\u012bna pept\u012bds k\u0101 miorelaksants atsl\u0101bina sejas musku\u013cus, t\u0101d\u0113j\u0101di samazinot sejas grumbas.<\/p>\n<p>Formulas pamat\u0101 ir barojo\u0161a saulespu\u0137u e\u013c\u013ca, un t\u0101s sast\u0101v\u0101 ir hidroliz\u0113ts kolag\u0113ns un elast\u012bns &#8211; komponenti ar maz\u0101ku molekulmasu, kas \u013cauj tiem iek\u013c\u016bt dzi\u013c\u0101k epiderm\u0101 un palielin\u0101t dabisko mitrino\u0161o faktoru (NMF), pies\u0101tinot \u0161\u016bnas ar mitrumu: n\u016bji\u0146a mitrina, nov\u0113r\u0161 saspringumu, izl\u012bdzina reljefu un m\u012bkstina.<\/p>\n<ul>\n<li>E\u013c\u013cu komplekss (saulespu\u0137u, \u0161\u012b, jojoba, mande\u013cu, argana) intens\u012bvi baro, m\u012bkstina un izl\u012bdzina, pal\u0113nina noveco\u0161anos, pies\u0101tina ar vitam\u012bniem, stiprina aizsargbarjeru.<\/li>\n<li>No kumel\u012bt\u0113m ieg\u016btais alfa bisabolols acumirkl\u012b nomierina, nov\u0113r\u0161 aps\u0101rtumu un kairin\u0101jumu, pa\u0101trina dz\u012b\u0161anu un uzlabo citu akt\u012bvo vielu iedarb\u012bbu.<\/li>\n<li>Centella asiatica ekstrakts nov\u0113r\u0161 aps\u0101rtumu un piet\u016bkumu, stiprina asinsvadus un samazina asinsvadu zvaigzn\u012btes, pal\u012bdz c\u012bn\u012bties ar kuperozi, nomierina, uzlabo elast\u012bbu.<\/li>\n<li>Kumel\u012b\u0161u ziedu ekstrakts nomierina, mazina kairin\u0101jumu un niezi, m\u012bkstina, pa\u0101trina atjauno\u0161anos, toniz\u0113, nov\u0113r\u0161 sausumu.<\/li>\n<li>Alanto\u012bns aktiviz\u0113 re\u0123ener\u0101cijas procesu, tam piem\u012bt antioksidanta iedarb\u012bba, mazina jut\u012bgumu, veicina dz\u012b\u0161anu.<\/li>\n<\/ul>\n<p>Suitable for all skin types.<\/p>\n<p><strong>How to use:<\/strong> uzkl\u0101jiet n\u016bji\u0146u p\u0113c \u0101das att\u012br\u012b\u0161anas, toniz\u0113\u0161anas un seruma lieto\u0161anas uz sausas \u0101das. Atk\u0101rtojiet lieto\u0161anu p\u0113c vajadz\u012bbas.<\/p>\n<p><strong>Ingredientes:<\/strong> Sunflower Seed Oil, Beeswax, Diisostearyl Malate, Octyldodecanol, Shea Butter, Polyglyceryl-2 Triisostearate, Candelilla Wax, Tocopheryl Acetate, Tridecyl Trimellitate, Castor Seed Oil, Polyethylene, Sorbitan Olivate, Sweet Almond Oil, Polyglyceryl-2 Isostearate\/dimer Dilinoleate Copolymer, Monascus Extract, Carrot Extract, Perilla Leaf Extract, Centella Asiatica Extract, Borage Extract, Beet Root Extract, Sesame Seed. Angelica Root Extract, Chamomile Flower Extract, Port Marigold Flower Extract, Syringa Root Extract, Daisy Flower Extract, Camellia Flower Extract, Edelweiss Callus Culture Extract, Hydrolyzed Collagen Extract, Green Tea Seed Oil, Camellia Seed Oil, Argan Kernel Oil , Olive Oil, Queensland Nut Oil, Jojoba Seed Oil, Sodium Hyaluronate, Hydrogenated Polyisobutene, Microcrystalline Wax, Tocopherol, Alpha-bisabolol, Caprylic\/capric Triglyceride, Silica Die. Methyl Silylate, Sorbitan Sesquioleate, Purified Water, Allantoin, Glycerin, Butylene Glycol, Propanediol, 1,2-hexanediol, Hydrolyzed Elastin, Hydrolyzed Collagen, Phenethyl Alcohol, Caprylyl Glycol, Ethylhexylglycerin, Hydroxyacetophenone, Palmitoyl Tripeptide-5, Sodium Chloride, Disodium Phosphate, Tripeptide-1, Acetylhexapeptide-8, Copper Tripeptide-1, Palmitoyl Pentapeptide -4, Hexapeptide-9, Potassium Chloride, Potassium Phosphate, Fragrance, Dehydroacetic Acid<\/p>\n<p>&nbsp;<\/p>\n<p>&nbsp;<\/p>","protected":false},"excerpt":{"rendered":"<p>Medi-Peel Peptide-Tox Bor Wrinkle Stick uzlabo \u0101das tvirtumu, elast\u012bbu un bl\u012bvumu, izl\u012bdzina un nostiepj \u0101du, stimul\u0113 kolag\u0113na veido\u0161anos, nov\u0113r\u0161 grumbu ra\u0161anos un samazina eso\u0161o grumbu dzi\u013cumu. Viegli un higi\u0113niski uzkl\u0101jams, ide\u0101li piem\u0113rots tiem, kuri nev\u0113las velt\u012bt daudz laika kop\u0161anai. Satur 6 pept\u012bdu kompleksu, hidroliz\u0113tu kolag\u0113nu un elast\u012bnu, saulespu\u0137u, \u0161\u012b un jojobas e\u013c\u013cas, alfa-bisabololu un centellas ekstraktu.<\/p>","protected":false},"featured_media":21136,"comment_status":"open","ping_status":"closed","template":"","meta":{"site-sidebar-layout":"default","site-content-layout":"","ast-site-content-layout":"","site-content-style":"default","site-sidebar-style":"default","ast-global-header-display":"","ast-banner-title-visibility":"","ast-main-header-display":"","ast-hfb-above-header-display":"","ast-hfb-below-header-display":"","ast-hfb-mobile-header-display":"","site-post-title":"","ast-breadcrumbs-content":"","ast-featured-img":"","footer-sml-layout":"","theme-transparent-header-meta":"","adv-header-id-meta":"","stick-header-meta":"","header-above-stick-meta":"","header-main-stick-meta":"","header-below-stick-meta":"","astra-migrate-meta-layouts":"default","ast-page-background-enabled":"default","ast-page-background-meta":{"desktop":{"background-color":"var(--ast-global-color-4)","background-image":"","background-repeat":"repeat","background-position":"center center","background-size":"auto","background-attachment":"scroll","background-type":"","background-media":"","overlay-type":"","overlay-color":"","overlay-opacity":"","overlay-gradient":""},"tablet":{"background-color":"","background-image":"","background-repeat":"repeat","background-position":"center center","background-size":"auto","background-attachment":"scroll","background-type":"","background-media":"","overlay-type":"","overlay-color":"","overlay-opacity":"","overlay-gradient":""},"mobile":{"background-color":"","background-image":"","background-repeat":"repeat","background-position":"center center","background-size":"auto","background-attachment":"scroll","background-type":"","background-media":"","overlay-type":"","overlay-color":"","overlay-opacity":"","overlay-gradient":""}},"ast-content-background-meta":{"desktop":{"background-color":"var(--ast-global-color-5)","background-image":"","background-repeat":"repeat","background-position":"center center","background-size":"auto","background-attachment":"scroll","background-type":"","background-media":"","overlay-type":"","overlay-color":"","overlay-opacity":"","overlay-gradient":""},"tablet":{"background-color":"var(--ast-global-color-5)","background-image":"","background-repeat":"repeat","background-position":"center center","background-size":"auto","background-attachment":"scroll","background-type":"","background-media":"","overlay-type":"","overlay-color":"","overlay-opacity":"","overlay-gradient":""},"mobile":{"background-color":"var(--ast-global-color-5)","background-image":"","background-repeat":"repeat","background-position":"center center","background-size":"auto","background-attachment":"scroll","background-type":"","background-media":"","overlay-type":"","overlay-color":"","overlay-opacity":"","overlay-gradient":""}}},"product_brand":[],"product_cat":[370,371,363],"product_tag":[],"berocket_brand":[583],"class_list":{"0":"post-21135","1":"product","2":"type-product","3":"status-publish","4":"has-post-thumbnail","6":"product_cat-adas-mirdzumam","7":"product_cat-anti-age","8":"product_cat-serumi","9":"berocket_brand-medi-peel","10":"desktop-align-left","11":"tablet-align-left","12":"mobile-align-left","14":"first","15":"outofstock","16":"taxable","17":"shipping-taxable","18":"purchasable","19":"product-type-simple","20":"add-to-wishlist-before_image"},"yoast_head":"<!-- This site is optimized with the Yoast SEO plugin v27.3 - https:\/\/yoast.com\/product\/yoast-seo-wordpress\/ -->\n<title>Medi-Peel Peptide-Tox Bor Wrinkle Stick - FACECORNER<\/title>\n<meta name=\"description\" content=\"Medi-Peel Peptide-Tox Bor Wrinkle Stick uzlabo \u0101das tvirtumu, elast\u012bbu un bl\u012bvumu, izl\u012bdzina un nostiepj \u0101du, stimul\u0113 kolag\u0113na veido\u0161anos\" \/>\n<meta name=\"robots\" content=\"index, follow, max-snippet:-1, max-image-preview:large, max-video-preview:-1\" \/>\n<link rel=\"canonical\" href=\"https:\/\/www.facecorner.lv\/en\/shop\/medi-peel-peptide-tox-bor-wrinkle-stick\/\" \/>\n<meta property=\"og:locale\" content=\"en_US\" \/>\n<meta property=\"og:type\" content=\"article\" \/>\n<meta property=\"og:title\" content=\"Medi-Peel Peptide-Tox Bor Wrinkle Stick - FACECORNER\" \/>\n<meta property=\"og:description\" content=\"Medi-Peel Peptide-Tox Bor Wrinkle Stick uzlabo \u0101das tvirtumu, elast\u012bbu un bl\u012bvumu, izl\u012bdzina un nostiepj \u0101du, stimul\u0113 kolag\u0113na veido\u0161anos\" \/>\n<meta property=\"og:url\" content=\"https:\/\/www.facecorner.lv\/en\/shop\/medi-peel-peptide-tox-bor-wrinkle-stick\/\" \/>\n<meta property=\"og:site_name\" content=\"FACECORNER\" \/>\n<meta property=\"article:publisher\" content=\"https:\/\/www.facebook.com\/profile.php?id=100063824551839\" \/>\n<meta property=\"article:modified_time\" content=\"2025-03-27T19:36:09+00:00\" \/>\n<meta property=\"og:image\" content=\"https:\/\/www.facecorner.lv\/wp-content\/uploads\/2024\/09\/3thlc37c1zl9skokydcaa53udeawpiqb.png\" \/>\n\t<meta property=\"og:image:width\" content=\"1080\" \/>\n\t<meta property=\"og:image:height\" content=\"1080\" \/>\n\t<meta property=\"og:image:type\" content=\"image\/png\" \/>\n<meta name=\"twitter:card\" content=\"summary_large_image\" \/>\n<meta name=\"twitter:label1\" content=\"Price\" \/>\n\t<meta name=\"twitter:data1\" content=\"&euro;27.00\" \/>\n\t<meta name=\"twitter:label2\" content=\"Availability\" \/>\n\t<meta name=\"twitter:data2\" content=\"Out of stock\" \/>\n<script type=\"application\/ld+json\" class=\"yoast-schema-graph\">{\"@context\":\"https:\\\/\\\/schema.org\",\"@graph\":[{\"@type\":\"WebPage\",\"@id\":\"https:\\\/\\\/www.facecorner.lv\\\/shop\\\/medi-peel-peptide-tox-bor-wrinkle-stick\\\/\",\"url\":\"https:\\\/\\\/www.facecorner.lv\\\/shop\\\/medi-peel-peptide-tox-bor-wrinkle-stick\\\/\",\"name\":\"Medi-Peel Peptide-Tox Bor Wrinkle Stick - FACECORNER\",\"isPartOf\":{\"@id\":\"https:\\\/\\\/www.facecorner.lv\\\/#website\"},\"primaryImageOfPage\":{\"@id\":\"https:\\\/\\\/www.facecorner.lv\\\/shop\\\/medi-peel-peptide-tox-bor-wrinkle-stick\\\/#primaryimage\"},\"image\":{\"@id\":\"https:\\\/\\\/www.facecorner.lv\\\/shop\\\/medi-peel-peptide-tox-bor-wrinkle-stick\\\/#primaryimage\"},\"thumbnailUrl\":\"https:\\\/\\\/www.facecorner.lv\\\/wp-content\\\/uploads\\\/2024\\\/09\\\/3thlc37c1zl9skokydcaa53udeawpiqb.png\",\"datePublished\":\"2024-09-18T18:45:41+00:00\",\"dateModified\":\"2025-03-27T19:36:09+00:00\",\"description\":\"Medi-Peel Peptide-Tox Bor Wrinkle Stick uzlabo \u0101das tvirtumu, elast\u012bbu un bl\u012bvumu, izl\u012bdzina un nostiepj \u0101du, stimul\u0113 kolag\u0113na veido\u0161anos\",\"breadcrumb\":{\"@id\":\"https:\\\/\\\/www.facecorner.lv\\\/shop\\\/medi-peel-peptide-tox-bor-wrinkle-stick\\\/#breadcrumb\"},\"inLanguage\":\"en-US\",\"potentialAction\":[{\"@type\":\"ReadAction\",\"target\":[\"https:\\\/\\\/www.facecorner.lv\\\/shop\\\/medi-peel-peptide-tox-bor-wrinkle-stick\\\/\"]}]},{\"@type\":\"ImageObject\",\"inLanguage\":\"en-US\",\"@id\":\"https:\\\/\\\/www.facecorner.lv\\\/shop\\\/medi-peel-peptide-tox-bor-wrinkle-stick\\\/#primaryimage\",\"url\":\"https:\\\/\\\/www.facecorner.lv\\\/wp-content\\\/uploads\\\/2024\\\/09\\\/3thlc37c1zl9skokydcaa53udeawpiqb.png\",\"contentUrl\":\"https:\\\/\\\/www.facecorner.lv\\\/wp-content\\\/uploads\\\/2024\\\/09\\\/3thlc37c1zl9skokydcaa53udeawpiqb.png\",\"width\":1080,\"height\":1080,\"caption\":\"Medi-Peel Peptide-Tox Bor Wrinkle Stick\"},{\"@type\":\"BreadcrumbList\",\"@id\":\"https:\\\/\\\/www.facecorner.lv\\\/shop\\\/medi-peel-peptide-tox-bor-wrinkle-stick\\\/#breadcrumb\",\"itemListElement\":[{\"@type\":\"ListItem\",\"position\":1,\"name\":\"Home\",\"item\":\"https:\\\/\\\/www.facecorner.lv\\\/\"},{\"@type\":\"ListItem\",\"position\":2,\"name\":\"Veikals\",\"item\":\"https:\\\/\\\/www.facecorner.lv\\\/shop\\\/\"},{\"@type\":\"ListItem\",\"position\":3,\"name\":\"Medi-Peel Peptide-Tox Bor Wrinkle Stick\"}]},{\"@type\":\"WebSite\",\"@id\":\"https:\\\/\\\/www.facecorner.lv\\\/#website\",\"url\":\"https:\\\/\\\/www.facecorner.lv\\\/\",\"name\":\"Facecorner\",\"description\":\"\",\"publisher\":{\"@id\":\"https:\\\/\\\/www.facecorner.lv\\\/#organization\"},\"potentialAction\":[{\"@type\":\"SearchAction\",\"target\":{\"@type\":\"EntryPoint\",\"urlTemplate\":\"https:\\\/\\\/www.facecorner.lv\\\/?s={search_term_string}\"},\"query-input\":{\"@type\":\"PropertyValueSpecification\",\"valueRequired\":true,\"valueName\":\"search_term_string\"}}],\"inLanguage\":\"en-US\"},{\"@type\":\"Organization\",\"@id\":\"https:\\\/\\\/www.facecorner.lv\\\/#organization\",\"name\":\"Facecorner\",\"url\":\"https:\\\/\\\/www.facecorner.lv\\\/\",\"logo\":{\"@type\":\"ImageObject\",\"inLanguage\":\"en-US\",\"@id\":\"https:\\\/\\\/www.facecorner.lv\\\/#\\\/schema\\\/logo\\\/image\\\/\",\"url\":\"https:\\\/\\\/www.facecorner.lv\\\/wp-content\\\/uploads\\\/2024\\\/04\\\/fc-logo.jpg\",\"contentUrl\":\"https:\\\/\\\/www.facecorner.lv\\\/wp-content\\\/uploads\\\/2024\\\/04\\\/fc-logo.jpg\",\"width\":174,\"height\":28,\"caption\":\"Facecorner\"},\"image\":{\"@id\":\"https:\\\/\\\/www.facecorner.lv\\\/#\\\/schema\\\/logo\\\/image\\\/\"},\"sameAs\":[\"https:\\\/\\\/www.facebook.com\\\/profile.php?id=100063824551839\",\"https:\\\/\\\/www.instagram.com\\\/facecorner_shop\\\/\"]}]}<\/script>\n<meta property=\"product:price:amount\" content=\"27.00\" \/>\n<meta property=\"product:price:currency\" content=\"EUR\" \/>\n<meta property=\"og:availability\" content=\"out of stock\" \/>\n<meta property=\"product:availability\" content=\"out of stock\" \/>\n<meta property=\"product:condition\" content=\"new\" \/>\n<!-- \/ Yoast SEO plugin. -->","yoast_head_json":{"title":"Medi-Peel Peptide-Tox Bor Wrinkle Stick - FACECORNER","description":"Medi-Peel Peptide-Tox Bor Wrinkle Stick uzlabo \u0101das tvirtumu, elast\u012bbu un bl\u012bvumu, izl\u012bdzina un nostiepj \u0101du, stimul\u0113 kolag\u0113na veido\u0161anos","robots":{"index":"index","follow":"follow","max-snippet":"max-snippet:-1","max-image-preview":"max-image-preview:large","max-video-preview":"max-video-preview:-1"},"canonical":"https:\/\/www.facecorner.lv\/en\/shop\/medi-peel-peptide-tox-bor-wrinkle-stick\/","og_locale":"en_US","og_type":"article","og_title":"Medi-Peel Peptide-Tox Bor Wrinkle Stick - FACECORNER","og_description":"Medi-Peel Peptide-Tox Bor Wrinkle Stick uzlabo \u0101das tvirtumu, elast\u012bbu un bl\u012bvumu, izl\u012bdzina un nostiepj \u0101du, stimul\u0113 kolag\u0113na veido\u0161anos","og_url":"https:\/\/www.facecorner.lv\/en\/shop\/medi-peel-peptide-tox-bor-wrinkle-stick\/","og_site_name":"FACECORNER","article_publisher":"https:\/\/www.facebook.com\/profile.php?id=100063824551839","article_modified_time":"2025-03-27T19:36:09+00:00","og_image":[{"width":1080,"height":1080,"url":"https:\/\/www.facecorner.lv\/wp-content\/uploads\/2024\/09\/3thlc37c1zl9skokydcaa53udeawpiqb.png","type":"image\/png"}],"twitter_card":"summary_large_image","twitter_misc":{"Price":"&euro;27.00","Availability":"Out of stock"},"schema":{"@context":"https:\/\/schema.org","@graph":[{"@type":"WebPage","@id":"https:\/\/www.facecorner.lv\/shop\/medi-peel-peptide-tox-bor-wrinkle-stick\/","url":"https:\/\/www.facecorner.lv\/shop\/medi-peel-peptide-tox-bor-wrinkle-stick\/","name":"Medi-Peel Peptide-Tox Bor Wrinkle Stick - FACECORNER","isPartOf":{"@id":"https:\/\/www.facecorner.lv\/#website"},"primaryImageOfPage":{"@id":"https:\/\/www.facecorner.lv\/shop\/medi-peel-peptide-tox-bor-wrinkle-stick\/#primaryimage"},"image":{"@id":"https:\/\/www.facecorner.lv\/shop\/medi-peel-peptide-tox-bor-wrinkle-stick\/#primaryimage"},"thumbnailUrl":"https:\/\/www.facecorner.lv\/wp-content\/uploads\/2024\/09\/3thlc37c1zl9skokydcaa53udeawpiqb.png","datePublished":"2024-09-18T18:45:41+00:00","dateModified":"2025-03-27T19:36:09+00:00","description":"Medi-Peel Peptide-Tox Bor Wrinkle Stick uzlabo \u0101das tvirtumu, elast\u012bbu un bl\u012bvumu, izl\u012bdzina un nostiepj \u0101du, stimul\u0113 kolag\u0113na veido\u0161anos","breadcrumb":{"@id":"https:\/\/www.facecorner.lv\/shop\/medi-peel-peptide-tox-bor-wrinkle-stick\/#breadcrumb"},"inLanguage":"en-US","potentialAction":[{"@type":"ReadAction","target":["https:\/\/www.facecorner.lv\/shop\/medi-peel-peptide-tox-bor-wrinkle-stick\/"]}]},{"@type":"ImageObject","inLanguage":"en-US","@id":"https:\/\/www.facecorner.lv\/shop\/medi-peel-peptide-tox-bor-wrinkle-stick\/#primaryimage","url":"https:\/\/www.facecorner.lv\/wp-content\/uploads\/2024\/09\/3thlc37c1zl9skokydcaa53udeawpiqb.png","contentUrl":"https:\/\/www.facecorner.lv\/wp-content\/uploads\/2024\/09\/3thlc37c1zl9skokydcaa53udeawpiqb.png","width":1080,"height":1080,"caption":"Medi-Peel Peptide-Tox Bor Wrinkle Stick"},{"@type":"BreadcrumbList","@id":"https:\/\/www.facecorner.lv\/shop\/medi-peel-peptide-tox-bor-wrinkle-stick\/#breadcrumb","itemListElement":[{"@type":"ListItem","position":1,"name":"Home","item":"https:\/\/www.facecorner.lv\/"},{"@type":"ListItem","position":2,"name":"Veikals","item":"https:\/\/www.facecorner.lv\/shop\/"},{"@type":"ListItem","position":3,"name":"Medi-Peel Peptide-Tox Bor Wrinkle Stick"}]},{"@type":"WebSite","@id":"https:\/\/www.facecorner.lv\/#website","url":"https:\/\/www.facecorner.lv\/","name":"Facecorner","description":"","publisher":{"@id":"https:\/\/www.facecorner.lv\/#organization"},"potentialAction":[{"@type":"SearchAction","target":{"@type":"EntryPoint","urlTemplate":"https:\/\/www.facecorner.lv\/?s={search_term_string}"},"query-input":{"@type":"PropertyValueSpecification","valueRequired":true,"valueName":"search_term_string"}}],"inLanguage":"en-US"},{"@type":"Organization","@id":"https:\/\/www.facecorner.lv\/#organization","name":"Facecorner","url":"https:\/\/www.facecorner.lv\/","logo":{"@type":"ImageObject","inLanguage":"en-US","@id":"https:\/\/www.facecorner.lv\/#\/schema\/logo\/image\/","url":"https:\/\/www.facecorner.lv\/wp-content\/uploads\/2024\/04\/fc-logo.jpg","contentUrl":"https:\/\/www.facecorner.lv\/wp-content\/uploads\/2024\/04\/fc-logo.jpg","width":174,"height":28,"caption":"Facecorner"},"image":{"@id":"https:\/\/www.facecorner.lv\/#\/schema\/logo\/image\/"},"sameAs":["https:\/\/www.facebook.com\/profile.php?id=100063824551839","https:\/\/www.instagram.com\/facecorner_shop\/"]}]},"product_price_amount":"27.00","product_price_currency":"EUR","og_availability":"out of stock","product_availability":"out of stock","product_condition":"new"},"_links":{"self":[{"href":"https:\/\/www.facecorner.lv\/en\/wp-json\/wp\/v2\/product\/21135","targetHints":{"allow":["GET"]}}],"collection":[{"href":"https:\/\/www.facecorner.lv\/en\/wp-json\/wp\/v2\/product"}],"about":[{"href":"https:\/\/www.facecorner.lv\/en\/wp-json\/wp\/v2\/types\/product"}],"replies":[{"embeddable":true,"href":"https:\/\/www.facecorner.lv\/en\/wp-json\/wp\/v2\/comments?post=21135"}],"wp:featuredmedia":[{"embeddable":true,"href":"https:\/\/www.facecorner.lv\/en\/wp-json\/wp\/v2\/media\/21136"}],"wp:attachment":[{"href":"https:\/\/www.facecorner.lv\/en\/wp-json\/wp\/v2\/media?parent=21135"}],"wp:term":[{"taxonomy":"product_brand","embeddable":true,"href":"https:\/\/www.facecorner.lv\/en\/wp-json\/wp\/v2\/product_brand?post=21135"},{"taxonomy":"product_cat","embeddable":true,"href":"https:\/\/www.facecorner.lv\/en\/wp-json\/wp\/v2\/product_cat?post=21135"},{"taxonomy":"product_tag","embeddable":true,"href":"https:\/\/www.facecorner.lv\/en\/wp-json\/wp\/v2\/product_tag?post=21135"},{"taxonomy":"berocket_brand","embeddable":true,"href":"https:\/\/www.facecorner.lv\/en\/wp-json\/wp\/v2\/berocket_brand?post=21135"}],"curies":[{"name":"wp","href":"https:\/\/api.w.org\/{rel}","templated":true}]}}