{"id":21066,"date":"2024-09-09T13:37:03","date_gmt":"2024-09-09T11:37:03","guid":{"rendered":"https:\/\/www.facecorner.lv\/?post_type=product&#038;p=21066"},"modified":"2026-01-18T11:40:53","modified_gmt":"2026-01-18T08:40:53","slug":"ckd-retino-collagen-small-molecule-300-pore-tightening-mask","status":"publish","type":"product","link":"https:\/\/www.facecorner.lv\/en\/shop\/ckd-retino-collagen-small-molecule-300-pore-tightening-mask\/","title":{"rendered":"CKD Retino Collagen Small Molecule 300 Pore Tightening Mask"},"content":{"rendered":"<p>CKD Retino Collagen Small Molecule 300 Pore Tightening Mask \u00a0por\u0101m un elast\u012bbai pal\u012bdz stiprin\u0101t asinsvadu sieni\u0146as, uzlabo turgoru un izl\u012bdzina \u0101das krokas. T\u0101 pal\u012bdz sa\u0161aurin\u0101t papla\u0161in\u0101t\u0101s poras, padara \u0101du baroto un savelkojo\u0161u. Lieliski nosl\u0113dz pl\u0101nas \u0101das \u0101das sl\u0101\u0146us, nov\u0113r\u0161ot \u0101das nov\u012b\u0161anu un grumbi\u0146as.<\/p>\n<p>Produktam piem\u012bt kompleksa iedarb\u012bba: \u012bs\u0101 laik\u0101 nov\u0113r\u0161 sausumu un sasprindzin\u0101jumu, akt\u012bvi mitrina, izl\u012bdzina tonusu un pal\u0113nina noveco\u0161an\u0101s procesus. Tam piem\u012bt izteikta antioksidanta iedarb\u012bba, kas stiprina aizsargsp\u0113jas un atjauno \u0101du.<br \/>\nStimul\u0113 kolag\u0113na un elast\u012bna \u0161\u0137iedru sint\u0113zi epiderm\u0101, atjauno lip\u012bdu apvalka integrit\u0101ti un palielina audu elast\u012bbu.<\/p>\n<p>Maskas pamatne ir izgatavota no hidroliz\u0113ta kolag\u0113na, kas cie\u0161i piegu\u013c, piel\u0101gojas sejas kont\u016br\u0101m un ir dro\u0161i nostiprin\u0101ta. Lieto\u0161anas laik\u0101 maska p\u0101rnes akt\u012bv\u0101s sast\u0101vda\u013cas, ar kur\u0101m pies\u016bcin\u0101ta veidne, un k\u013c\u016bst caursp\u012bd\u012bg\u0101ka.<\/p>\n<p><strong>Main active ingredients:<\/strong><\/p>\n<ul>\n<li>Zemas molekulmasas hidroliz\u0113ts kolag\u0113ns (55%) stiprina \u0161\u016bnu sieni\u0146as, uzlabo olbaltumvielu vielmai\u0146u. Atbalsta matricu, pal\u012bdz izl\u012bdzin\u0101t smalk\u0101s l\u012bnijas un grumbas.<\/li>\n<li>Tre\u0161\u0101s paaudzes stabiliz\u0113tais retin\u0101ls (200 ppm) ir viena no efekt\u012bv\u0101kaj\u0101m A vitam\u012bna form\u0101m, kas pieejama kosm\u0113tik\u0101. Retin\u0101ls stimul\u0113 \u0161\u016bnu atjauno\u0161anos, kas izl\u012bdzina \u0101das strukt\u016bru, samazina grumbu un papla\u0161in\u0101tu poru izskatu, palielina kolag\u0113na un hialuronsk\u0101bes sint\u0113zi.<\/li>\n<li>Hialuronsk\u0101be mitrina, nov\u0113r\u0161 sausumu un sasprindzin\u0101jumu, izl\u012bdzina reljefu un saglab\u0101 elast\u012bbu.<\/li>\n<li>Adenoz\u012bnam piem\u012bt citoprotekt\u012bva iedarb\u012bba, aizsarg\u0101jot \u0161\u016bnas no oksid\u0113\u0161an\u0101s, t\u0101d\u0113j\u0101di pal\u0113ninot noveco\u0161anos, k\u0101 ar\u012b stimul\u0113 prokolag\u0113na-1 sint\u0113zi, kas atbild par elast\u012bbu un gludumu.<\/li>\n<li>Argirel\u012bns &#8211; pept\u012bds ar botul\u012bnam l\u012bdz\u012bgu iedarb\u012bbu, atsl\u0101bina sejas musku\u013cus un nov\u0113r\u0161 sejas grumbu un grumbu veido\u0161anos.<\/li>\n<li>E\u013c\u013cu komplekss m\u012bkstina, nov\u0113r\u0161 \u0101das sausumu un lob\u012b\u0161anos. Dzi\u013ci mitrina, pie\u0161\u0137ir elast\u012bbu, gludumu un tvirtumu.<\/li>\n<li>SYN-Coll &#8211; sp\u0113c\u012bgs pretnoveco\u0161an\u0101s komplekss, kas akt\u012bvi stimul\u0113 kolag\u0113na sint\u0113zi un nov\u0113r\u0161 t\u0101 izn\u012bcin\u0101\u0161anu. Tas uzlabo turgoru, samazina izteikto sejas un vecuma grumbu dzi\u013cumu, izl\u012bdzina reljefu un nostiepj \u0101du.<\/li>\n<\/ul>\n<p><strong>How to use:<\/strong> not\u012briet \u0101du un mitriniet to ar toniku, atdaliet maskas hidrog\u0113la pamatni no aizsargpl\u0113ves. Uzlieciet abas maskas da\u013cas uz sejas, izl\u012bdziniet un viegli piespiediet. Atst\u0101jiet masku uz sejas uz 30-40 min\u016bt\u0113m un p\u0113c tam no\u0146emiet. Ar viegl\u0101m mas\u0101\u017eas kust\u012bb\u0101m izklied\u0113jiet atliku\u0161o l\u012bdzekli uz \u0101das. Dienas laik\u0101 lietojiet saules aizsargkr\u0113mu ar SPF50+ PA++++.<\/p>\n<p><strong>Ingredientes:<\/strong>: Collagen Extract (82%), Dipropylene Glycol, Cetyl Ethylhexanoate, Niacinamide, Ceratonia Siliqua (Carob) Gum, Glycerin, Chondrus Crispus Powder, Chondrus Crispus Extract, Panthenol, Glyceryl Stearate, PEG-100 Stearate, Cellulose Gum, Butyrospermum Parkii (Shea) Butter, Water, Potassium Chloride, Sodium Polyacrylate, Polysorbate 60, Hydroxyacetophenone, Hydrogenated Polydecene, Sucrose, Algin, Caprylyl Glycol, Butylene Glycol, Adenosine, Citrus Aurantium Bergamia (Bergamot) Fruit Oil, Gardenia Florida Fruit Extract, 1,2-Hexanediol, Collagen (100 ppm), Sodium Hyaluronate, Trideceth-6, Dextrin, Pantolactone, Hydrolyzed Elastin, Dipotassium Glycyrrhizate, Retinal (500 ppb) Disodium EDTA, Limonene<\/p>","protected":false},"excerpt":{"rendered":"<p>CKD Retino kolag\u0113na mazmolekul\u0101r\u0101 maska 300 por\u0101m un elast\u012bbai pal\u012bdz stiprin\u0101t asinsvadu sieni\u0146as, uzlabo turgoru un izl\u012bdzina \u0101das krokas. Pal\u012bdz sa\u0161aurin\u0101t papla\u0161in\u0101t\u0101s poras un padar\u012bt sejas \u0101du barot\u0101ku un tvirt\u0101ku. Satur adenoz\u012bnu, hidroliz\u0113tu kolag\u0113nu, retin\u0101lu, pantenolu un \u0161\u012b sviestu.<\/p>","protected":false},"featured_media":21067,"comment_status":"closed","ping_status":"closed","template":"","meta":{"site-sidebar-layout":"default","site-content-layout":"","ast-site-content-layout":"","site-content-style":"default","site-sidebar-style":"default","ast-global-header-display":"","ast-banner-title-visibility":"","ast-main-header-display":"","ast-hfb-above-header-display":"","ast-hfb-below-header-display":"","ast-hfb-mobile-header-display":"","site-post-title":"","ast-breadcrumbs-content":"","ast-featured-img":"","footer-sml-layout":"","theme-transparent-header-meta":"","adv-header-id-meta":"","stick-header-meta":"","header-above-stick-meta":"","header-main-stick-meta":"","header-below-stick-meta":"","astra-migrate-meta-layouts":"default","ast-page-background-enabled":"default","ast-page-background-meta":{"desktop":{"background-color":"var(--ast-global-color-4)","background-image":"","background-repeat":"repeat","background-position":"center center","background-size":"auto","background-attachment":"scroll","background-type":"","background-media":"","overlay-type":"","overlay-color":"","overlay-opacity":"","overlay-gradient":""},"tablet":{"background-color":"","background-image":"","background-repeat":"repeat","background-position":"center center","background-size":"auto","background-attachment":"scroll","background-type":"","background-media":"","overlay-type":"","overlay-color":"","overlay-opacity":"","overlay-gradient":""},"mobile":{"background-color":"","background-image":"","background-repeat":"repeat","background-position":"center center","background-size":"auto","background-attachment":"scroll","background-type":"","background-media":"","overlay-type":"","overlay-color":"","overlay-opacity":"","overlay-gradient":""}},"ast-content-background-meta":{"desktop":{"background-color":"var(--ast-global-color-5)","background-image":"","background-repeat":"repeat","background-position":"center center","background-size":"auto","background-attachment":"scroll","background-type":"","background-media":"","overlay-type":"","overlay-color":"","overlay-opacity":"","overlay-gradient":""},"tablet":{"background-color":"var(--ast-global-color-5)","background-image":"","background-repeat":"repeat","background-position":"center center","background-size":"auto","background-attachment":"scroll","background-type":"","background-media":"","overlay-type":"","overlay-color":"","overlay-opacity":"","overlay-gradient":""},"mobile":{"background-color":"var(--ast-global-color-5)","background-image":"","background-repeat":"repeat","background-position":"center center","background-size":"auto","background-attachment":"scroll","background-type":"","background-media":"","overlay-type":"","overlay-color":"","overlay-opacity":"","overlay-gradient":""}}},"product_brand":[],"product_cat":[324,325,315,326,322],"product_tag":[],"berocket_brand":[],"class_list":{"0":"post-21066","1":"product","2":"type-product","3":"status-publish","4":"has-post-thumbnail","6":"product_cat-auduma","7":"product_cat-hidrogela","8":"product_cat-maskas","9":"product_cat-mitrinosas","10":"product_cat-nakts","11":"desktop-align-left","12":"tablet-align-left","13":"mobile-align-left","15":"first","16":"instock","17":"taxable","18":"shipping-taxable","19":"purchasable","20":"product-type-simple","21":"add-to-wishlist-before_image"},"yoast_head":"<!-- This site is optimized with the Yoast SEO plugin v27.3 - https:\/\/yoast.com\/product\/yoast-seo-wordpress\/ -->\n<title>CKD Retino Collagen Small Molecule 300 Pore Tightening Mask - FACECORNER<\/title>\n<meta name=\"description\" content=\"CKD Retino Collagen Small Molecule 300 Pore Tightening Mask \u00a0por\u0101m un elast\u012bbai pal\u012bdz stiprin\u0101t asinsvadu sieni\u0146as, uzlabo turgoru un izl\u012bdzina \u0101das krokas.\" \/>\n<meta name=\"robots\" content=\"index, follow, max-snippet:-1, max-image-preview:large, max-video-preview:-1\" \/>\n<link rel=\"canonical\" href=\"https:\/\/www.facecorner.lv\/en\/shop\/ckd-retino-collagen-small-molecule-300-pore-tightening-mask\/\" \/>\n<meta property=\"og:locale\" content=\"en_US\" \/>\n<meta property=\"og:type\" content=\"article\" \/>\n<meta property=\"og:title\" content=\"CKD Retino Collagen Small Molecule 300 Pore Tightening Mask - FACECORNER\" \/>\n<meta property=\"og:description\" content=\"CKD Retino Collagen Small Molecule 300 Pore Tightening Mask \u00a0por\u0101m un elast\u012bbai pal\u012bdz stiprin\u0101t asinsvadu sieni\u0146as, uzlabo turgoru un izl\u012bdzina \u0101das krokas.\" \/>\n<meta property=\"og:url\" content=\"https:\/\/www.facecorner.lv\/en\/shop\/ckd-retino-collagen-small-molecule-300-pore-tightening-mask\/\" \/>\n<meta property=\"og:site_name\" content=\"FACECORNER\" \/>\n<meta property=\"article:publisher\" content=\"https:\/\/www.facebook.com\/profile.php?id=100063824551839\" \/>\n<meta property=\"article:modified_time\" content=\"2026-01-18T08:40:53+00:00\" \/>\n<meta property=\"og:image\" content=\"https:\/\/www.facecorner.lv\/wp-content\/uploads\/2024\/09\/thumb-70f7ef8430783c46c206224780ec0403_1707290394_0441_600x600.jpg\" \/>\n\t<meta property=\"og:image:width\" content=\"600\" \/>\n\t<meta property=\"og:image:height\" content=\"600\" \/>\n\t<meta property=\"og:image:type\" content=\"image\/jpeg\" \/>\n<meta name=\"twitter:card\" content=\"summary_large_image\" \/>\n<meta name=\"twitter:label1\" content=\"Price\" \/>\n\t<meta name=\"twitter:data1\" content=\"&euro;9.00\" \/>\n\t<meta name=\"twitter:label2\" content=\"Availability\" \/>\n\t<meta name=\"twitter:data2\" content=\"In stock\" \/>\n<script type=\"application\/ld+json\" class=\"yoast-schema-graph\">{\"@context\":\"https:\\\/\\\/schema.org\",\"@graph\":[{\"@type\":\"WebPage\",\"@id\":\"https:\\\/\\\/www.facecorner.lv\\\/shop\\\/ckd-retino-collagen-small-molecule-300-pore-tightening-mask\\\/\",\"url\":\"https:\\\/\\\/www.facecorner.lv\\\/shop\\\/ckd-retino-collagen-small-molecule-300-pore-tightening-mask\\\/\",\"name\":\"CKD Retino Collagen Small Molecule 300 Pore Tightening Mask - FACECORNER\",\"isPartOf\":{\"@id\":\"https:\\\/\\\/www.facecorner.lv\\\/#website\"},\"primaryImageOfPage\":{\"@id\":\"https:\\\/\\\/www.facecorner.lv\\\/shop\\\/ckd-retino-collagen-small-molecule-300-pore-tightening-mask\\\/#primaryimage\"},\"image\":{\"@id\":\"https:\\\/\\\/www.facecorner.lv\\\/shop\\\/ckd-retino-collagen-small-molecule-300-pore-tightening-mask\\\/#primaryimage\"},\"thumbnailUrl\":\"https:\\\/\\\/www.facecorner.lv\\\/wp-content\\\/uploads\\\/2024\\\/09\\\/thumb-70f7ef8430783c46c206224780ec0403_1707290394_0441_600x600.jpg\",\"datePublished\":\"2024-09-09T11:37:03+00:00\",\"dateModified\":\"2026-01-18T08:40:53+00:00\",\"description\":\"CKD Retino Collagen Small Molecule 300 Pore Tightening Mask \u00a0por\u0101m un elast\u012bbai pal\u012bdz stiprin\u0101t asinsvadu sieni\u0146as, uzlabo turgoru un izl\u012bdzina \u0101das krokas.\",\"breadcrumb\":{\"@id\":\"https:\\\/\\\/www.facecorner.lv\\\/shop\\\/ckd-retino-collagen-small-molecule-300-pore-tightening-mask\\\/#breadcrumb\"},\"inLanguage\":\"en-US\",\"potentialAction\":[{\"@type\":\"ReadAction\",\"target\":[\"https:\\\/\\\/www.facecorner.lv\\\/shop\\\/ckd-retino-collagen-small-molecule-300-pore-tightening-mask\\\/\"]}]},{\"@type\":\"ImageObject\",\"inLanguage\":\"en-US\",\"@id\":\"https:\\\/\\\/www.facecorner.lv\\\/shop\\\/ckd-retino-collagen-small-molecule-300-pore-tightening-mask\\\/#primaryimage\",\"url\":\"https:\\\/\\\/www.facecorner.lv\\\/wp-content\\\/uploads\\\/2024\\\/09\\\/thumb-70f7ef8430783c46c206224780ec0403_1707290394_0441_600x600.jpg\",\"contentUrl\":\"https:\\\/\\\/www.facecorner.lv\\\/wp-content\\\/uploads\\\/2024\\\/09\\\/thumb-70f7ef8430783c46c206224780ec0403_1707290394_0441_600x600.jpg\",\"width\":600,\"height\":600,\"caption\":\"CKD Retino Collagen Small Molecule 300 Pore Tightening Mask\"},{\"@type\":\"BreadcrumbList\",\"@id\":\"https:\\\/\\\/www.facecorner.lv\\\/shop\\\/ckd-retino-collagen-small-molecule-300-pore-tightening-mask\\\/#breadcrumb\",\"itemListElement\":[{\"@type\":\"ListItem\",\"position\":1,\"name\":\"Home\",\"item\":\"https:\\\/\\\/www.facecorner.lv\\\/\"},{\"@type\":\"ListItem\",\"position\":2,\"name\":\"Veikals\",\"item\":\"https:\\\/\\\/www.facecorner.lv\\\/shop\\\/\"},{\"@type\":\"ListItem\",\"position\":3,\"name\":\"CKD Retino Collagen Small Molecule 300 Pore Tightening Mask\"}]},{\"@type\":\"WebSite\",\"@id\":\"https:\\\/\\\/www.facecorner.lv\\\/#website\",\"url\":\"https:\\\/\\\/www.facecorner.lv\\\/\",\"name\":\"Facecorner\",\"description\":\"\",\"publisher\":{\"@id\":\"https:\\\/\\\/www.facecorner.lv\\\/#organization\"},\"potentialAction\":[{\"@type\":\"SearchAction\",\"target\":{\"@type\":\"EntryPoint\",\"urlTemplate\":\"https:\\\/\\\/www.facecorner.lv\\\/?s={search_term_string}\"},\"query-input\":{\"@type\":\"PropertyValueSpecification\",\"valueRequired\":true,\"valueName\":\"search_term_string\"}}],\"inLanguage\":\"en-US\"},{\"@type\":\"Organization\",\"@id\":\"https:\\\/\\\/www.facecorner.lv\\\/#organization\",\"name\":\"Facecorner\",\"url\":\"https:\\\/\\\/www.facecorner.lv\\\/\",\"logo\":{\"@type\":\"ImageObject\",\"inLanguage\":\"en-US\",\"@id\":\"https:\\\/\\\/www.facecorner.lv\\\/#\\\/schema\\\/logo\\\/image\\\/\",\"url\":\"https:\\\/\\\/www.facecorner.lv\\\/wp-content\\\/uploads\\\/2024\\\/04\\\/fc-logo.jpg\",\"contentUrl\":\"https:\\\/\\\/www.facecorner.lv\\\/wp-content\\\/uploads\\\/2024\\\/04\\\/fc-logo.jpg\",\"width\":174,\"height\":28,\"caption\":\"Facecorner\"},\"image\":{\"@id\":\"https:\\\/\\\/www.facecorner.lv\\\/#\\\/schema\\\/logo\\\/image\\\/\"},\"sameAs\":[\"https:\\\/\\\/www.facebook.com\\\/profile.php?id=100063824551839\",\"https:\\\/\\\/www.instagram.com\\\/facecorner_shop\\\/\"]}]}<\/script>\n<meta property=\"product:price:amount\" content=\"9.00\" \/>\n<meta property=\"product:price:currency\" content=\"EUR\" \/>\n<meta property=\"og:availability\" content=\"instock\" \/>\n<meta property=\"product:availability\" content=\"instock\" \/>\n<meta property=\"product:condition\" content=\"new\" \/>\n<!-- \/ Yoast SEO plugin. -->","yoast_head_json":{"title":"CKD Retino Collagen Small Molecule 300 Pore Tightening Mask - FACECORNER","description":"CKD Retino Collagen Small Molecule 300 Pore Tightening Mask \u00a0por\u0101m un elast\u012bbai pal\u012bdz stiprin\u0101t asinsvadu sieni\u0146as, uzlabo turgoru un izl\u012bdzina \u0101das krokas.","robots":{"index":"index","follow":"follow","max-snippet":"max-snippet:-1","max-image-preview":"max-image-preview:large","max-video-preview":"max-video-preview:-1"},"canonical":"https:\/\/www.facecorner.lv\/en\/shop\/ckd-retino-collagen-small-molecule-300-pore-tightening-mask\/","og_locale":"en_US","og_type":"article","og_title":"CKD Retino Collagen Small Molecule 300 Pore Tightening Mask - FACECORNER","og_description":"CKD Retino Collagen Small Molecule 300 Pore Tightening Mask \u00a0por\u0101m un elast\u012bbai pal\u012bdz stiprin\u0101t asinsvadu sieni\u0146as, uzlabo turgoru un izl\u012bdzina \u0101das krokas.","og_url":"https:\/\/www.facecorner.lv\/en\/shop\/ckd-retino-collagen-small-molecule-300-pore-tightening-mask\/","og_site_name":"FACECORNER","article_publisher":"https:\/\/www.facebook.com\/profile.php?id=100063824551839","article_modified_time":"2026-01-18T08:40:53+00:00","og_image":[{"width":600,"height":600,"url":"https:\/\/www.facecorner.lv\/wp-content\/uploads\/2024\/09\/thumb-70f7ef8430783c46c206224780ec0403_1707290394_0441_600x600.jpg","type":"image\/jpeg"}],"twitter_card":"summary_large_image","twitter_misc":{"Price":"&euro;9.00","Availability":"In stock"},"schema":{"@context":"https:\/\/schema.org","@graph":[{"@type":"WebPage","@id":"https:\/\/www.facecorner.lv\/shop\/ckd-retino-collagen-small-molecule-300-pore-tightening-mask\/","url":"https:\/\/www.facecorner.lv\/shop\/ckd-retino-collagen-small-molecule-300-pore-tightening-mask\/","name":"CKD Retino Collagen Small Molecule 300 Pore Tightening Mask - FACECORNER","isPartOf":{"@id":"https:\/\/www.facecorner.lv\/#website"},"primaryImageOfPage":{"@id":"https:\/\/www.facecorner.lv\/shop\/ckd-retino-collagen-small-molecule-300-pore-tightening-mask\/#primaryimage"},"image":{"@id":"https:\/\/www.facecorner.lv\/shop\/ckd-retino-collagen-small-molecule-300-pore-tightening-mask\/#primaryimage"},"thumbnailUrl":"https:\/\/www.facecorner.lv\/wp-content\/uploads\/2024\/09\/thumb-70f7ef8430783c46c206224780ec0403_1707290394_0441_600x600.jpg","datePublished":"2024-09-09T11:37:03+00:00","dateModified":"2026-01-18T08:40:53+00:00","description":"CKD Retino Collagen Small Molecule 300 Pore Tightening Mask \u00a0por\u0101m un elast\u012bbai pal\u012bdz stiprin\u0101t asinsvadu sieni\u0146as, uzlabo turgoru un izl\u012bdzina \u0101das krokas.","breadcrumb":{"@id":"https:\/\/www.facecorner.lv\/shop\/ckd-retino-collagen-small-molecule-300-pore-tightening-mask\/#breadcrumb"},"inLanguage":"en-US","potentialAction":[{"@type":"ReadAction","target":["https:\/\/www.facecorner.lv\/shop\/ckd-retino-collagen-small-molecule-300-pore-tightening-mask\/"]}]},{"@type":"ImageObject","inLanguage":"en-US","@id":"https:\/\/www.facecorner.lv\/shop\/ckd-retino-collagen-small-molecule-300-pore-tightening-mask\/#primaryimage","url":"https:\/\/www.facecorner.lv\/wp-content\/uploads\/2024\/09\/thumb-70f7ef8430783c46c206224780ec0403_1707290394_0441_600x600.jpg","contentUrl":"https:\/\/www.facecorner.lv\/wp-content\/uploads\/2024\/09\/thumb-70f7ef8430783c46c206224780ec0403_1707290394_0441_600x600.jpg","width":600,"height":600,"caption":"CKD Retino Collagen Small Molecule 300 Pore Tightening Mask"},{"@type":"BreadcrumbList","@id":"https:\/\/www.facecorner.lv\/shop\/ckd-retino-collagen-small-molecule-300-pore-tightening-mask\/#breadcrumb","itemListElement":[{"@type":"ListItem","position":1,"name":"Home","item":"https:\/\/www.facecorner.lv\/"},{"@type":"ListItem","position":2,"name":"Veikals","item":"https:\/\/www.facecorner.lv\/shop\/"},{"@type":"ListItem","position":3,"name":"CKD Retino Collagen Small Molecule 300 Pore Tightening Mask"}]},{"@type":"WebSite","@id":"https:\/\/www.facecorner.lv\/#website","url":"https:\/\/www.facecorner.lv\/","name":"Facecorner","description":"","publisher":{"@id":"https:\/\/www.facecorner.lv\/#organization"},"potentialAction":[{"@type":"SearchAction","target":{"@type":"EntryPoint","urlTemplate":"https:\/\/www.facecorner.lv\/?s={search_term_string}"},"query-input":{"@type":"PropertyValueSpecification","valueRequired":true,"valueName":"search_term_string"}}],"inLanguage":"en-US"},{"@type":"Organization","@id":"https:\/\/www.facecorner.lv\/#organization","name":"Facecorner","url":"https:\/\/www.facecorner.lv\/","logo":{"@type":"ImageObject","inLanguage":"en-US","@id":"https:\/\/www.facecorner.lv\/#\/schema\/logo\/image\/","url":"https:\/\/www.facecorner.lv\/wp-content\/uploads\/2024\/04\/fc-logo.jpg","contentUrl":"https:\/\/www.facecorner.lv\/wp-content\/uploads\/2024\/04\/fc-logo.jpg","width":174,"height":28,"caption":"Facecorner"},"image":{"@id":"https:\/\/www.facecorner.lv\/#\/schema\/logo\/image\/"},"sameAs":["https:\/\/www.facebook.com\/profile.php?id=100063824551839","https:\/\/www.instagram.com\/facecorner_shop\/"]}]},"product_price_amount":"9.00","product_price_currency":"EUR","og_availability":"instock","product_availability":"instock","product_condition":"new"},"_links":{"self":[{"href":"https:\/\/www.facecorner.lv\/en\/wp-json\/wp\/v2\/product\/21066","targetHints":{"allow":["GET"]}}],"collection":[{"href":"https:\/\/www.facecorner.lv\/en\/wp-json\/wp\/v2\/product"}],"about":[{"href":"https:\/\/www.facecorner.lv\/en\/wp-json\/wp\/v2\/types\/product"}],"replies":[{"embeddable":true,"href":"https:\/\/www.facecorner.lv\/en\/wp-json\/wp\/v2\/comments?post=21066"}],"wp:featuredmedia":[{"embeddable":true,"href":"https:\/\/www.facecorner.lv\/en\/wp-json\/wp\/v2\/media\/21067"}],"wp:attachment":[{"href":"https:\/\/www.facecorner.lv\/en\/wp-json\/wp\/v2\/media?parent=21066"}],"wp:term":[{"taxonomy":"product_brand","embeddable":true,"href":"https:\/\/www.facecorner.lv\/en\/wp-json\/wp\/v2\/product_brand?post=21066"},{"taxonomy":"product_cat","embeddable":true,"href":"https:\/\/www.facecorner.lv\/en\/wp-json\/wp\/v2\/product_cat?post=21066"},{"taxonomy":"product_tag","embeddable":true,"href":"https:\/\/www.facecorner.lv\/en\/wp-json\/wp\/v2\/product_tag?post=21066"},{"taxonomy":"berocket_brand","embeddable":true,"href":"https:\/\/www.facecorner.lv\/en\/wp-json\/wp\/v2\/berocket_brand?post=21066"}],"curies":[{"name":"wp","href":"https:\/\/api.w.org\/{rel}","templated":true}]}}