{"id":20420,"date":"2024-08-22T18:24:18","date_gmt":"2024-08-22T16:24:18","guid":{"rendered":"https:\/\/www.facecorner.lv\/?post_type=product&#038;p=20420"},"modified":"2025-12-26T18:29:30","modified_gmt":"2025-12-26T15:29:30","slug":"pyunkang-yul-ultimate-calming-solution-toner-110ml","status":"publish","type":"product","link":"https:\/\/www.facecorner.lv\/en\/shop\/pyunkang-yul-ultimate-calming-solution-toner-110ml\/","title":{"rendered":"Pyunkang Yul Ultimate Calming Solution Toner 110ml"},"content":{"rendered":"<p>Pyunkang Yul Ultimate Calming Solution Toner mildly acidic soothing toner with Asian centella, tea tree and honeysuckle flower extracts that soothes irritated skin and restores the skin's water and oil balance.<\/p>\n<p>Turkl\u0101t satur Amur Phellodendron mizas ekstraktu un Peyonia lactis mizas\/sulu ekstraktu, kam piem\u012bt sp\u0113c\u012bga antibakteri\u0101la iedarb\u012bba uz p\u016bt\u012btes izraiso\u0161aj\u0101m bakt\u0113rij\u0101m, vienlaikus uzlabojot nevienm\u0113r\u012bgu \u0101das toni un tekst\u016bru.<\/p>\n<p>Satur 5 veidu keram\u012bdus un 5 veidu hialuronsk\u0101bi, kas mitrina un stiprina \u0101das mitruma barjeru. Bag\u0101tin\u0101ts ar AHA un PHA, lai maigi nolob\u012btu atmiru\u0161\u0101s \u0101das \u0161\u016bnas un uzlabotu grumbu izskatu, vienlaikus izgaismojot bl\u0101vu \u0101das toni.<br \/>\nAizpild\u012bts \u0101das kairin\u0101juma tests.<\/p>\n<p><strong>How to use:<\/strong> P\u0113c att\u012br\u012b\u0161anas uzkl\u0101jiet pietiekamu daudzumu uz sausas \u0101das.<br \/>\nVai ar\u012b samitriniet vates diska saturu un maigi noslaukiet visu sejas \u0101du.<\/p>\n<p><strong>Ingredientes: <\/strong>Aqua, Glycerin, Butylene Glycol, Dipropylene Glycol, Phellodendron Amurense Bark Extract, Paeonia Lactiflora Bark\/Sap Extract, Scutellaria Baicalensis Root Extract, Betaine, Mentha Arvensis Extract, Hydroxyacetophenone, Acrylates\/C10-30 Alkyl Acrylate Crosspolymer, Arginine, 1,2-Hexanediol, C12-14 Alketh-12, Ethylhexylglycerin, Citric Acid, Gluconolactone, PEG-60 Hydrogenated Castor Oil, Mentha Piperita (Peppermint) Oil, Citrus Aurantium Dulcis (Orange) Peel Oil, Citrus Aurantium Bergamia (Bergamot) Fruit Oil, Pelargonium Graveolens Oil, Squalane, Butyrospermum Parkii (Shea) Butter, Lonicera Japonica (Honeysuckle) Flower Extract, Caprylic \/ Capric Triglyceride, Ceramide NP, Adansonia Digitata Seed Oil, Hydrogenated Lecithin, Pentylene Glycol, Melaleuca Alternifolia (Tea Tree) Leaf Extract, Sodium Hyaluronate, Tocopherol, Caprylyl Glycol, Sodium hyaluronate Crosspolymer, Ceramide NS, Ceramide AS, Hydrolyzed Hyaluronic Acid, Centella Asiatica Extract, Ceramide EOP, Ceramide AP, Hyaluronic Acid, Hydrolyzed Sodium Hyaluronate, Madecassoside, Madecassic Acid, Asiaticoside, Asiatic Acid, Limonene<\/p>","protected":false},"excerpt":{"rendered":"<p>Pyunkang Yul Ultimate Calming Solution Toner mildly acidic soothing toner with Asian centella, tea tree and honeysuckle flower extracts that soothes irritated skin and restores the skin's water and oil balance.<\/p>","protected":false},"featured_media":20421,"comment_status":"open","ping_status":"closed","template":"","meta":{"site-sidebar-layout":"default","site-content-layout":"","ast-site-content-layout":"","site-content-style":"default","site-sidebar-style":"default","ast-global-header-display":"","ast-banner-title-visibility":"","ast-main-header-display":"","ast-hfb-above-header-display":"","ast-hfb-below-header-display":"","ast-hfb-mobile-header-display":"","site-post-title":"","ast-breadcrumbs-content":"","ast-featured-img":"","footer-sml-layout":"","theme-transparent-header-meta":"","adv-header-id-meta":"","stick-header-meta":"","header-above-stick-meta":"","header-main-stick-meta":"","header-below-stick-meta":"","astra-migrate-meta-layouts":"default","ast-page-background-enabled":"default","ast-page-background-meta":{"desktop":{"background-color":"var(--ast-global-color-4)","background-image":"","background-repeat":"repeat","background-position":"center center","background-size":"auto","background-attachment":"scroll","background-type":"","background-media":"","overlay-type":"","overlay-color":"","overlay-opacity":"","overlay-gradient":""},"tablet":{"background-color":"","background-image":"","background-repeat":"repeat","background-position":"center center","background-size":"auto","background-attachment":"scroll","background-type":"","background-media":"","overlay-type":"","overlay-color":"","overlay-opacity":"","overlay-gradient":""},"mobile":{"background-color":"","background-image":"","background-repeat":"repeat","background-position":"center center","background-size":"auto","background-attachment":"scroll","background-type":"","background-media":"","overlay-type":"","overlay-color":"","overlay-opacity":"","overlay-gradient":""}},"ast-content-background-meta":{"desktop":{"background-color":"var(--ast-global-color-5)","background-image":"","background-repeat":"repeat","background-position":"center center","background-size":"auto","background-attachment":"scroll","background-type":"","background-media":"","overlay-type":"","overlay-color":"","overlay-opacity":"","overlay-gradient":""},"tablet":{"background-color":"var(--ast-global-color-5)","background-image":"","background-repeat":"repeat","background-position":"center center","background-size":"auto","background-attachment":"scroll","background-type":"","background-media":"","overlay-type":"","overlay-color":"","overlay-opacity":"","overlay-gradient":""},"mobile":{"background-color":"var(--ast-global-color-5)","background-image":"","background-repeat":"repeat","background-position":"center center","background-size":"auto","background-attachment":"scroll","background-type":"","background-media":"","overlay-type":"","overlay-color":"","overlay-opacity":"","overlay-gradient":""}}},"product_brand":[],"product_cat":[511],"product_tag":[],"berocket_brand":[587],"class_list":{"0":"post-20420","1":"product","2":"type-product","3":"status-publish","4":"has-post-thumbnail","6":"product_cat-atlaides","7":"berocket_brand-pyunkangyul","8":"desktop-align-left","9":"tablet-align-left","10":"mobile-align-left","12":"first","13":"outofstock","14":"sale","15":"taxable","16":"shipping-taxable","17":"purchasable","18":"product-type-simple","19":"add-to-wishlist-before_image"},"yoast_head":"<!-- This site is optimized with the Yoast SEO plugin v27.3 - https:\/\/yoast.com\/product\/yoast-seo-wordpress\/ -->\n<title>Pyunkang Yul Ultimate Calming Solution Toner 110ml - FACECORNER<\/title>\n<meta name=\"description\" content=\"Pyunkang Yul Ultimate Calming Solution Toner \u00a0maigi sk\u0101bs nomierino\u0161s toniks ar \u0100zijas centellas, t\u0113jas koka un sausser\u017ea ziedu ekstraktiem.\" \/>\n<meta name=\"robots\" content=\"index, follow, max-snippet:-1, max-image-preview:large, max-video-preview:-1\" \/>\n<link rel=\"canonical\" href=\"https:\/\/www.facecorner.lv\/en\/shop\/pyunkang-yul-ultimate-calming-solution-toner-110ml\/\" \/>\n<meta property=\"og:locale\" content=\"en_US\" \/>\n<meta property=\"og:type\" content=\"article\" \/>\n<meta property=\"og:title\" content=\"Pyunkang Yul Ultimate Calming Solution Toner 110ml - FACECORNER\" \/>\n<meta property=\"og:description\" content=\"Pyunkang Yul Ultimate Calming Solution Toner \u00a0maigi sk\u0101bs nomierino\u0161s toniks ar \u0100zijas centellas, t\u0113jas koka un sausser\u017ea ziedu ekstraktiem.\" \/>\n<meta property=\"og:url\" content=\"https:\/\/www.facecorner.lv\/en\/shop\/pyunkang-yul-ultimate-calming-solution-toner-110ml\/\" \/>\n<meta property=\"og:site_name\" content=\"FACECORNER\" \/>\n<meta property=\"article:publisher\" content=\"https:\/\/www.facebook.com\/profile.php?id=100063824551839\" \/>\n<meta property=\"article:modified_time\" content=\"2025-12-26T15:29:30+00:00\" \/>\n<meta property=\"og:image\" content=\"https:\/\/www.facecorner.lv\/wp-content\/uploads\/2024\/08\/PyunkangYulUltimateCalmingSolutionToner.webp.jpeg\" \/>\n\t<meta property=\"og:image:width\" content=\"950\" \/>\n\t<meta property=\"og:image:height\" content=\"950\" \/>\n\t<meta property=\"og:image:type\" content=\"image\/jpeg\" \/>\n<meta name=\"twitter:card\" content=\"summary_large_image\" \/>\n<meta name=\"twitter:label1\" content=\"Price\" \/>\n\t<meta name=\"twitter:data1\" content=\"&euro;21.95\" \/>\n\t<meta name=\"twitter:label2\" content=\"Availability\" \/>\n\t<meta name=\"twitter:data2\" content=\"Out of stock\" \/>\n<script type=\"application\/ld+json\" class=\"yoast-schema-graph\">{\"@context\":\"https:\\\/\\\/schema.org\",\"@graph\":[{\"@type\":\"WebPage\",\"@id\":\"https:\\\/\\\/www.facecorner.lv\\\/shop\\\/pyunkang-yul-ultimate-calming-solution-toner-110ml\\\/\",\"url\":\"https:\\\/\\\/www.facecorner.lv\\\/shop\\\/pyunkang-yul-ultimate-calming-solution-toner-110ml\\\/\",\"name\":\"Pyunkang Yul Ultimate Calming Solution Toner 110ml - FACECORNER\",\"isPartOf\":{\"@id\":\"https:\\\/\\\/www.facecorner.lv\\\/#website\"},\"primaryImageOfPage\":{\"@id\":\"https:\\\/\\\/www.facecorner.lv\\\/shop\\\/pyunkang-yul-ultimate-calming-solution-toner-110ml\\\/#primaryimage\"},\"image\":{\"@id\":\"https:\\\/\\\/www.facecorner.lv\\\/shop\\\/pyunkang-yul-ultimate-calming-solution-toner-110ml\\\/#primaryimage\"},\"thumbnailUrl\":\"https:\\\/\\\/www.facecorner.lv\\\/wp-content\\\/uploads\\\/2024\\\/08\\\/PyunkangYulUltimateCalmingSolutionToner.webp.jpeg\",\"datePublished\":\"2024-08-22T16:24:18+00:00\",\"dateModified\":\"2025-12-26T15:29:30+00:00\",\"description\":\"Pyunkang Yul Ultimate Calming Solution Toner \u00a0maigi sk\u0101bs nomierino\u0161s toniks ar \u0100zijas centellas, t\u0113jas koka un sausser\u017ea ziedu ekstraktiem.\",\"breadcrumb\":{\"@id\":\"https:\\\/\\\/www.facecorner.lv\\\/shop\\\/pyunkang-yul-ultimate-calming-solution-toner-110ml\\\/#breadcrumb\"},\"inLanguage\":\"en-US\",\"potentialAction\":[{\"@type\":\"ReadAction\",\"target\":[\"https:\\\/\\\/www.facecorner.lv\\\/shop\\\/pyunkang-yul-ultimate-calming-solution-toner-110ml\\\/\"]}]},{\"@type\":\"ImageObject\",\"inLanguage\":\"en-US\",\"@id\":\"https:\\\/\\\/www.facecorner.lv\\\/shop\\\/pyunkang-yul-ultimate-calming-solution-toner-110ml\\\/#primaryimage\",\"url\":\"https:\\\/\\\/www.facecorner.lv\\\/wp-content\\\/uploads\\\/2024\\\/08\\\/PyunkangYulUltimateCalmingSolutionToner.webp.jpeg\",\"contentUrl\":\"https:\\\/\\\/www.facecorner.lv\\\/wp-content\\\/uploads\\\/2024\\\/08\\\/PyunkangYulUltimateCalmingSolutionToner.webp.jpeg\",\"width\":950,\"height\":950,\"caption\":\"Pyunkang Yul Ultimate Calming Solution Toner\"},{\"@type\":\"BreadcrumbList\",\"@id\":\"https:\\\/\\\/www.facecorner.lv\\\/shop\\\/pyunkang-yul-ultimate-calming-solution-toner-110ml\\\/#breadcrumb\",\"itemListElement\":[{\"@type\":\"ListItem\",\"position\":1,\"name\":\"Home\",\"item\":\"https:\\\/\\\/www.facecorner.lv\\\/\"},{\"@type\":\"ListItem\",\"position\":2,\"name\":\"Veikals\",\"item\":\"https:\\\/\\\/www.facecorner.lv\\\/shop\\\/\"},{\"@type\":\"ListItem\",\"position\":3,\"name\":\"Pyunkang Yul Ultimate Calming Solution Toner 110ml\"}]},{\"@type\":\"WebSite\",\"@id\":\"https:\\\/\\\/www.facecorner.lv\\\/#website\",\"url\":\"https:\\\/\\\/www.facecorner.lv\\\/\",\"name\":\"Facecorner\",\"description\":\"\",\"publisher\":{\"@id\":\"https:\\\/\\\/www.facecorner.lv\\\/#organization\"},\"potentialAction\":[{\"@type\":\"SearchAction\",\"target\":{\"@type\":\"EntryPoint\",\"urlTemplate\":\"https:\\\/\\\/www.facecorner.lv\\\/?s={search_term_string}\"},\"query-input\":{\"@type\":\"PropertyValueSpecification\",\"valueRequired\":true,\"valueName\":\"search_term_string\"}}],\"inLanguage\":\"en-US\"},{\"@type\":\"Organization\",\"@id\":\"https:\\\/\\\/www.facecorner.lv\\\/#organization\",\"name\":\"Facecorner\",\"url\":\"https:\\\/\\\/www.facecorner.lv\\\/\",\"logo\":{\"@type\":\"ImageObject\",\"inLanguage\":\"en-US\",\"@id\":\"https:\\\/\\\/www.facecorner.lv\\\/#\\\/schema\\\/logo\\\/image\\\/\",\"url\":\"https:\\\/\\\/www.facecorner.lv\\\/wp-content\\\/uploads\\\/2024\\\/04\\\/fc-logo.jpg\",\"contentUrl\":\"https:\\\/\\\/www.facecorner.lv\\\/wp-content\\\/uploads\\\/2024\\\/04\\\/fc-logo.jpg\",\"width\":174,\"height\":28,\"caption\":\"Facecorner\"},\"image\":{\"@id\":\"https:\\\/\\\/www.facecorner.lv\\\/#\\\/schema\\\/logo\\\/image\\\/\"},\"sameAs\":[\"https:\\\/\\\/www.facebook.com\\\/profile.php?id=100063824551839\",\"https:\\\/\\\/www.instagram.com\\\/facecorner_shop\\\/\"]}]}<\/script>\n<meta property=\"product:price:amount\" content=\"21.95\" \/>\n<meta property=\"product:price:currency\" content=\"EUR\" \/>\n<meta property=\"og:availability\" content=\"out of stock\" \/>\n<meta property=\"product:availability\" content=\"out of stock\" \/>\n<meta property=\"product:condition\" content=\"new\" \/>\n<!-- \/ Yoast SEO plugin. -->","yoast_head_json":{"title":"Pyunkang Yul Ultimate Calming Solution Toner 110ml - FACECORNER","description":"Pyunkang Yul Ultimate Calming Solution Toner \u00a0maigi sk\u0101bs nomierino\u0161s toniks ar \u0100zijas centellas, t\u0113jas koka un sausser\u017ea ziedu ekstraktiem.","robots":{"index":"index","follow":"follow","max-snippet":"max-snippet:-1","max-image-preview":"max-image-preview:large","max-video-preview":"max-video-preview:-1"},"canonical":"https:\/\/www.facecorner.lv\/en\/shop\/pyunkang-yul-ultimate-calming-solution-toner-110ml\/","og_locale":"en_US","og_type":"article","og_title":"Pyunkang Yul Ultimate Calming Solution Toner 110ml - FACECORNER","og_description":"Pyunkang Yul Ultimate Calming Solution Toner \u00a0maigi sk\u0101bs nomierino\u0161s toniks ar \u0100zijas centellas, t\u0113jas koka un sausser\u017ea ziedu ekstraktiem.","og_url":"https:\/\/www.facecorner.lv\/en\/shop\/pyunkang-yul-ultimate-calming-solution-toner-110ml\/","og_site_name":"FACECORNER","article_publisher":"https:\/\/www.facebook.com\/profile.php?id=100063824551839","article_modified_time":"2025-12-26T15:29:30+00:00","og_image":[{"width":950,"height":950,"url":"https:\/\/www.facecorner.lv\/wp-content\/uploads\/2024\/08\/PyunkangYulUltimateCalmingSolutionToner.webp.jpeg","type":"image\/jpeg"}],"twitter_card":"summary_large_image","twitter_misc":{"Price":"&euro;21.95","Availability":"Out of stock"},"schema":{"@context":"https:\/\/schema.org","@graph":[{"@type":"WebPage","@id":"https:\/\/www.facecorner.lv\/shop\/pyunkang-yul-ultimate-calming-solution-toner-110ml\/","url":"https:\/\/www.facecorner.lv\/shop\/pyunkang-yul-ultimate-calming-solution-toner-110ml\/","name":"Pyunkang Yul Ultimate Calming Solution Toner 110ml - FACECORNER","isPartOf":{"@id":"https:\/\/www.facecorner.lv\/#website"},"primaryImageOfPage":{"@id":"https:\/\/www.facecorner.lv\/shop\/pyunkang-yul-ultimate-calming-solution-toner-110ml\/#primaryimage"},"image":{"@id":"https:\/\/www.facecorner.lv\/shop\/pyunkang-yul-ultimate-calming-solution-toner-110ml\/#primaryimage"},"thumbnailUrl":"https:\/\/www.facecorner.lv\/wp-content\/uploads\/2024\/08\/PyunkangYulUltimateCalmingSolutionToner.webp.jpeg","datePublished":"2024-08-22T16:24:18+00:00","dateModified":"2025-12-26T15:29:30+00:00","description":"Pyunkang Yul Ultimate Calming Solution Toner \u00a0maigi sk\u0101bs nomierino\u0161s toniks ar \u0100zijas centellas, t\u0113jas koka un sausser\u017ea ziedu ekstraktiem.","breadcrumb":{"@id":"https:\/\/www.facecorner.lv\/shop\/pyunkang-yul-ultimate-calming-solution-toner-110ml\/#breadcrumb"},"inLanguage":"en-US","potentialAction":[{"@type":"ReadAction","target":["https:\/\/www.facecorner.lv\/shop\/pyunkang-yul-ultimate-calming-solution-toner-110ml\/"]}]},{"@type":"ImageObject","inLanguage":"en-US","@id":"https:\/\/www.facecorner.lv\/shop\/pyunkang-yul-ultimate-calming-solution-toner-110ml\/#primaryimage","url":"https:\/\/www.facecorner.lv\/wp-content\/uploads\/2024\/08\/PyunkangYulUltimateCalmingSolutionToner.webp.jpeg","contentUrl":"https:\/\/www.facecorner.lv\/wp-content\/uploads\/2024\/08\/PyunkangYulUltimateCalmingSolutionToner.webp.jpeg","width":950,"height":950,"caption":"Pyunkang Yul Ultimate Calming Solution Toner"},{"@type":"BreadcrumbList","@id":"https:\/\/www.facecorner.lv\/shop\/pyunkang-yul-ultimate-calming-solution-toner-110ml\/#breadcrumb","itemListElement":[{"@type":"ListItem","position":1,"name":"Home","item":"https:\/\/www.facecorner.lv\/"},{"@type":"ListItem","position":2,"name":"Veikals","item":"https:\/\/www.facecorner.lv\/shop\/"},{"@type":"ListItem","position":3,"name":"Pyunkang Yul Ultimate Calming Solution Toner 110ml"}]},{"@type":"WebSite","@id":"https:\/\/www.facecorner.lv\/#website","url":"https:\/\/www.facecorner.lv\/","name":"Facecorner","description":"","publisher":{"@id":"https:\/\/www.facecorner.lv\/#organization"},"potentialAction":[{"@type":"SearchAction","target":{"@type":"EntryPoint","urlTemplate":"https:\/\/www.facecorner.lv\/?s={search_term_string}"},"query-input":{"@type":"PropertyValueSpecification","valueRequired":true,"valueName":"search_term_string"}}],"inLanguage":"en-US"},{"@type":"Organization","@id":"https:\/\/www.facecorner.lv\/#organization","name":"Facecorner","url":"https:\/\/www.facecorner.lv\/","logo":{"@type":"ImageObject","inLanguage":"en-US","@id":"https:\/\/www.facecorner.lv\/#\/schema\/logo\/image\/","url":"https:\/\/www.facecorner.lv\/wp-content\/uploads\/2024\/04\/fc-logo.jpg","contentUrl":"https:\/\/www.facecorner.lv\/wp-content\/uploads\/2024\/04\/fc-logo.jpg","width":174,"height":28,"caption":"Facecorner"},"image":{"@id":"https:\/\/www.facecorner.lv\/#\/schema\/logo\/image\/"},"sameAs":["https:\/\/www.facebook.com\/profile.php?id=100063824551839","https:\/\/www.instagram.com\/facecorner_shop\/"]}]},"product_price_amount":"21.95","product_price_currency":"EUR","og_availability":"out of stock","product_availability":"out of stock","product_condition":"new"},"_links":{"self":[{"href":"https:\/\/www.facecorner.lv\/en\/wp-json\/wp\/v2\/product\/20420","targetHints":{"allow":["GET"]}}],"collection":[{"href":"https:\/\/www.facecorner.lv\/en\/wp-json\/wp\/v2\/product"}],"about":[{"href":"https:\/\/www.facecorner.lv\/en\/wp-json\/wp\/v2\/types\/product"}],"replies":[{"embeddable":true,"href":"https:\/\/www.facecorner.lv\/en\/wp-json\/wp\/v2\/comments?post=20420"}],"wp:featuredmedia":[{"embeddable":true,"href":"https:\/\/www.facecorner.lv\/en\/wp-json\/wp\/v2\/media\/20421"}],"wp:attachment":[{"href":"https:\/\/www.facecorner.lv\/en\/wp-json\/wp\/v2\/media?parent=20420"}],"wp:term":[{"taxonomy":"product_brand","embeddable":true,"href":"https:\/\/www.facecorner.lv\/en\/wp-json\/wp\/v2\/product_brand?post=20420"},{"taxonomy":"product_cat","embeddable":true,"href":"https:\/\/www.facecorner.lv\/en\/wp-json\/wp\/v2\/product_cat?post=20420"},{"taxonomy":"product_tag","embeddable":true,"href":"https:\/\/www.facecorner.lv\/en\/wp-json\/wp\/v2\/product_tag?post=20420"},{"taxonomy":"berocket_brand","embeddable":true,"href":"https:\/\/www.facecorner.lv\/en\/wp-json\/wp\/v2\/berocket_brand?post=20420"}],"curies":[{"name":"wp","href":"https:\/\/api.w.org\/{rel}","templated":true}]}}