{"id":20417,"date":"2024-08-22T18:15:15","date_gmt":"2024-08-22T16:15:15","guid":{"rendered":"https:\/\/www.facecorner.lv\/?post_type=product&#038;p=20417"},"modified":"2026-04-21T14:33:29","modified_gmt":"2026-04-21T11:33:29","slug":"tocobo-cica-calming-aqua-pad-60ea","status":"publish","type":"product","link":"https:\/\/www.facecorner.lv\/en\/shop\/tocobo-cica-calming-aqua-pad-60ea\/","title":{"rendered":"TOCOBO Cica Calming Aqua Pad 60ea"},"content":{"rendered":"<p>TOCOBO Cica Calming Aqua Pad nomierino\u0161ie toniz\u0113jo\u0161ie spilventi\u0146i ar centellas ekstraktu pal\u012bdz atjaunot mitruma l\u012bdzsvaru p\u0113c mazg\u0101\u0161anas un mazina kairin\u0101jumus.<\/p>\n<p><strong>Ieguvumi<\/strong>:<\/p>\n<ul>\n<li>Mitrina un m\u012bkstina \u0101du, nov\u0113r\u0161 sausuma un saspringuma saj\u016btu p\u0113c mazg\u0101\u0161anas.<\/li>\n<li>Maigi p\u012blingo un stimul\u0113 atjauno\u0161an\u0101s procesus.<\/li>\n<li>T\u0101m piem\u012bt pretiekaisuma iedarb\u012bba un t\u0101s nov\u0113r\u0161 izsitumus.<\/li>\n<li>Nomierina \u0101du, mazina aps\u0101rtumu un kairin\u0101jumu.<\/li>\n<\/ul>\n<p><strong>It is a total care mask that tightens the skin. <\/strong><\/p>\n<ul>\n<li>\u00a0Centella asiatica actively soothes the skin, relieves redness and irritation, reduces sensitivity and has a softening effect.<\/li>\n<li>T\u0113jas koka ekstraktam ir sp\u0113c\u012bga pretiekaisuma un antibakteri\u0101la iedarb\u012bba, tas akt\u012bvi c\u012bn\u0101s ar izsitumiem un nov\u0113r\u0161 jaunu izsitumu ra\u0161anos, k\u0101 ar\u012b regul\u0113 tauku dziedzeru darb\u012bbu.<\/li>\n<li>Bifidobacterium liz\u0101ts akt\u012bvi baro \u0101du, pal\u012bdz izl\u012bdzin\u0101t \u0101das tonusu, uztur\u0113t gludumu un nov\u0113r\u0161 dehidrat\u0101ciju, k\u0101 ar\u012b uztur vesel\u012bgu \u0101das mikrobiomu, nov\u0113r\u0161ot patog\u0113no bakt\u0113riju vides att\u012bst\u012bbu.<\/li>\n<li>Pantenols iedarbojas nomierino\u0161i un atjaunojo\u0161i, mazina aps\u0101rtumu un kairin\u0101jumu, samazina \u0101das jut\u012bgumu.<\/li>\n<li>Alvejas ekstraktam piem\u012bt m\u012bkstino\u0161a, mitrino\u0161a un nomierino\u0161a iedarb\u012bba, re\u0123ener\u0113 un mazina aps\u0101rtumu.<\/li>\n<li>Hyaluronic acid deeply moisturizes the skin, keeping moisture inside, prevents dehydration and dryness, and helps to keep the skin smooth and supple.<\/li>\n<\/ul>\n<p><strong>How to use:<\/strong> Gently wipe the cleansed skin with the toner pad and allow the remaining essence to absorb. Then proceed to the basic care.<\/p>\n<p><strong>Ingredientes:<\/strong>\u00a0 Water, Butylene Glycol, 1,2-hexanediol, Diethoxyethyl Succinate, Hydroxyethyl Urea, Polyglyceryl-10 Laurate, Xanthan Gum, Glyceryl Caprylate, Ethylhexylglycerin, Sodium Phytate, Panthenol, Lactococcus Ferment Lysate, Lactobacillus Ferment Lysate, Bifida Ferment Lysate, Centella Asiatica Leaf Extract, Citric Acid, Dipropylene Glycol, Niacinamide, Hydrogenated Lecithin, Asiaticoside, Asiatic Acid, Madecassic Acid, Melaleuca Alternifolia (tea Tree) Extract, Sodium Hyaluronate, Aloe Ferox Leaf Extract, Tocopherol, Beta-glucan, Ceramide Np, Hydroxypropyltrimonium Hyaluronate, Hydrolyzed Hyaluronic Acid, Sodium Acetylated Hyaluronate, Hyaluronic Acid, Sodium Hyaluronate Crosspolymer, Hydrolyzed Sodium Hyaluronate, Potassium Hyaluronate, Fragrance<\/p>","protected":false},"excerpt":{"rendered":"<p>TOCOBO Cica Calming Aqua Pad nomierino\u0161ie toniz\u0113jo\u0161ie spilventi\u0146i ar centellas ekstraktu pal\u012bdz atjaunot mitruma l\u012bdzsvaru p\u0113c mazg\u0101\u0161anas un mazina kairin\u0101jumus.<\/p>","protected":false},"featured_media":20418,"comment_status":"open","ping_status":"closed","template":"","meta":{"site-sidebar-layout":"default","site-content-layout":"","ast-site-content-layout":"","site-content-style":"default","site-sidebar-style":"default","ast-global-header-display":"","ast-banner-title-visibility":"","ast-main-header-display":"","ast-hfb-above-header-display":"","ast-hfb-below-header-display":"","ast-hfb-mobile-header-display":"","site-post-title":"","ast-breadcrumbs-content":"","ast-featured-img":"","footer-sml-layout":"","theme-transparent-header-meta":"","adv-header-id-meta":"","stick-header-meta":"","header-above-stick-meta":"","header-main-stick-meta":"","header-below-stick-meta":"","astra-migrate-meta-layouts":"default","ast-page-background-enabled":"default","ast-page-background-meta":{"desktop":{"background-color":"var(--ast-global-color-4)","background-image":"","background-repeat":"repeat","background-position":"center center","background-size":"auto","background-attachment":"scroll","background-type":"","background-media":"","overlay-type":"","overlay-color":"","overlay-opacity":"","overlay-gradient":""},"tablet":{"background-color":"","background-image":"","background-repeat":"repeat","background-position":"center center","background-size":"auto","background-attachment":"scroll","background-type":"","background-media":"","overlay-type":"","overlay-color":"","overlay-opacity":"","overlay-gradient":""},"mobile":{"background-color":"","background-image":"","background-repeat":"repeat","background-position":"center center","background-size":"auto","background-attachment":"scroll","background-type":"","background-media":"","overlay-type":"","overlay-color":"","overlay-opacity":"","overlay-gradient":""}},"ast-content-background-meta":{"desktop":{"background-color":"var(--ast-global-color-5)","background-image":"","background-repeat":"repeat","background-position":"center center","background-size":"auto","background-attachment":"scroll","background-type":"","background-media":"","overlay-type":"","overlay-color":"","overlay-opacity":"","overlay-gradient":""},"tablet":{"background-color":"var(--ast-global-color-5)","background-image":"","background-repeat":"repeat","background-position":"center center","background-size":"auto","background-attachment":"scroll","background-type":"","background-media":"","overlay-type":"","overlay-color":"","overlay-opacity":"","overlay-gradient":""},"mobile":{"background-color":"var(--ast-global-color-5)","background-image":"","background-repeat":"repeat","background-position":"center center","background-size":"auto","background-attachment":"scroll","background-type":"","background-media":"","overlay-type":"","overlay-color":"","overlay-opacity":"","overlay-gradient":""}}},"product_brand":[],"product_cat":[375,328,377,378,364,376],"product_tag":[],"berocket_brand":[588],"class_list":{"0":"post-20417","1":"product","2":"type-product","3":"status-publish","4":"has-post-thumbnail","6":"product_cat-jutigai-adai-toneri","7":"product_cat-pilingi-un-skrubji","8":"product_cat-problematiskai-adai-toneri","9":"product_cat-sausai-adai-toneri","10":"product_cat-toneri","11":"product_cat-kombinetai-adai-toneri","12":"berocket_brand-tocobo","13":"desktop-align-left","14":"tablet-align-left","15":"mobile-align-left","17":"first","18":"outofstock","19":"taxable","20":"shipping-taxable","21":"purchasable","22":"product-type-simple","23":"add-to-wishlist-before_image"},"yoast_head":"<!-- This site is optimized with the Yoast SEO plugin v27.4 - https:\/\/yoast.com\/product\/yoast-seo-wordpress\/ -->\n<title>TOCOBO Cica Calming Aqua Pad 60ea - FACECORNER<\/title>\n<meta name=\"description\" content=\"TOCOBO Cica Calming Aqua Pad nomierino\u0161ie toniz\u0113jo\u0161ie spilventi\u0146i ar centellas ekstraktu pal\u012bdz atjaunot mitruma l\u012bdzsvaru p\u0113c mazg\u0101\u0161anas.\" \/>\n<meta name=\"robots\" content=\"index, follow, max-snippet:-1, max-image-preview:large, max-video-preview:-1\" \/>\n<link rel=\"canonical\" href=\"https:\/\/www.facecorner.lv\/en\/shop\/tocobo-cica-calming-aqua-pad-60ea\/\" \/>\n<meta property=\"og:locale\" content=\"en_US\" \/>\n<meta property=\"og:type\" content=\"article\" \/>\n<meta property=\"og:title\" content=\"TOCOBO Cica Calming Aqua Pad 60ea - FACECORNER\" \/>\n<meta property=\"og:description\" content=\"TOCOBO Cica Calming Aqua Pad nomierino\u0161ie toniz\u0113jo\u0161ie spilventi\u0146i ar centellas ekstraktu pal\u012bdz atjaunot mitruma l\u012bdzsvaru p\u0113c mazg\u0101\u0161anas.\" \/>\n<meta property=\"og:url\" content=\"https:\/\/www.facecorner.lv\/en\/shop\/tocobo-cica-calming-aqua-pad-60ea\/\" \/>\n<meta property=\"og:site_name\" content=\"FACECORNER\" \/>\n<meta property=\"article:publisher\" content=\"https:\/\/www.facebook.com\/profile.php?id=100063824551839\" \/>\n<meta property=\"article:modified_time\" content=\"2026-04-21T11:33:29+00:00\" \/>\n<meta property=\"og:image\" content=\"https:\/\/www.facecorner.lv\/wp-content\/uploads\/2024\/08\/tocobo-cica-calming-aqua-pad-39740159197460.png.webp\" \/>\n\t<meta property=\"og:image:width\" content=\"1080\" \/>\n\t<meta property=\"og:image:height\" content=\"1080\" \/>\n\t<meta property=\"og:image:type\" content=\"image\/webp\" \/>\n<meta name=\"twitter:card\" content=\"summary_large_image\" \/>\n<meta name=\"twitter:label1\" content=\"Price\" \/>\n\t<meta name=\"twitter:data1\" content=\"&euro;29.95\" \/>\n\t<meta name=\"twitter:label2\" content=\"Availability\" \/>\n\t<meta name=\"twitter:data2\" content=\"Out of stock\" \/>\n<script type=\"application\/ld+json\" class=\"yoast-schema-graph\">{\"@context\":\"https:\\\/\\\/schema.org\",\"@graph\":[{\"@type\":\"WebPage\",\"@id\":\"https:\\\/\\\/www.facecorner.lv\\\/shop\\\/tocobo-cica-calming-aqua-pad-60ea\\\/\",\"url\":\"https:\\\/\\\/www.facecorner.lv\\\/shop\\\/tocobo-cica-calming-aqua-pad-60ea\\\/\",\"name\":\"TOCOBO Cica Calming Aqua Pad 60ea - FACECORNER\",\"isPartOf\":{\"@id\":\"https:\\\/\\\/www.facecorner.lv\\\/#website\"},\"primaryImageOfPage\":{\"@id\":\"https:\\\/\\\/www.facecorner.lv\\\/shop\\\/tocobo-cica-calming-aqua-pad-60ea\\\/#primaryimage\"},\"image\":{\"@id\":\"https:\\\/\\\/www.facecorner.lv\\\/shop\\\/tocobo-cica-calming-aqua-pad-60ea\\\/#primaryimage\"},\"thumbnailUrl\":\"https:\\\/\\\/www.facecorner.lv\\\/wp-content\\\/uploads\\\/2024\\\/08\\\/tocobo-cica-calming-aqua-pad-39740159197460.png.webp\",\"datePublished\":\"2024-08-22T16:15:15+00:00\",\"dateModified\":\"2026-04-21T11:33:29+00:00\",\"description\":\"TOCOBO Cica Calming Aqua Pad nomierino\u0161ie toniz\u0113jo\u0161ie spilventi\u0146i ar centellas ekstraktu pal\u012bdz atjaunot mitruma l\u012bdzsvaru p\u0113c mazg\u0101\u0161anas.\",\"breadcrumb\":{\"@id\":\"https:\\\/\\\/www.facecorner.lv\\\/shop\\\/tocobo-cica-calming-aqua-pad-60ea\\\/#breadcrumb\"},\"inLanguage\":\"en-US\",\"potentialAction\":[{\"@type\":\"ReadAction\",\"target\":[\"https:\\\/\\\/www.facecorner.lv\\\/shop\\\/tocobo-cica-calming-aqua-pad-60ea\\\/\"]}]},{\"@type\":\"ImageObject\",\"inLanguage\":\"en-US\",\"@id\":\"https:\\\/\\\/www.facecorner.lv\\\/shop\\\/tocobo-cica-calming-aqua-pad-60ea\\\/#primaryimage\",\"url\":\"https:\\\/\\\/www.facecorner.lv\\\/wp-content\\\/uploads\\\/2024\\\/08\\\/tocobo-cica-calming-aqua-pad-39740159197460.png.webp\",\"contentUrl\":\"https:\\\/\\\/www.facecorner.lv\\\/wp-content\\\/uploads\\\/2024\\\/08\\\/tocobo-cica-calming-aqua-pad-39740159197460.png.webp\",\"width\":1080,\"height\":1080,\"caption\":\"TOCOBO Cica Calming Aqua Pad\"},{\"@type\":\"BreadcrumbList\",\"@id\":\"https:\\\/\\\/www.facecorner.lv\\\/shop\\\/tocobo-cica-calming-aqua-pad-60ea\\\/#breadcrumb\",\"itemListElement\":[{\"@type\":\"ListItem\",\"position\":1,\"name\":\"Home\",\"item\":\"https:\\\/\\\/www.facecorner.lv\\\/\"},{\"@type\":\"ListItem\",\"position\":2,\"name\":\"Veikals\",\"item\":\"https:\\\/\\\/www.facecorner.lv\\\/shop\\\/\"},{\"@type\":\"ListItem\",\"position\":3,\"name\":\"TOCOBO Cica Calming Aqua Pad 60ea\"}]},{\"@type\":\"WebSite\",\"@id\":\"https:\\\/\\\/www.facecorner.lv\\\/#website\",\"url\":\"https:\\\/\\\/www.facecorner.lv\\\/\",\"name\":\"Facecorner\",\"description\":\"\",\"publisher\":{\"@id\":\"https:\\\/\\\/www.facecorner.lv\\\/#organization\"},\"potentialAction\":[{\"@type\":\"SearchAction\",\"target\":{\"@type\":\"EntryPoint\",\"urlTemplate\":\"https:\\\/\\\/www.facecorner.lv\\\/?s={search_term_string}\"},\"query-input\":{\"@type\":\"PropertyValueSpecification\",\"valueRequired\":true,\"valueName\":\"search_term_string\"}}],\"inLanguage\":\"en-US\"},{\"@type\":\"Organization\",\"@id\":\"https:\\\/\\\/www.facecorner.lv\\\/#organization\",\"name\":\"Facecorner\",\"url\":\"https:\\\/\\\/www.facecorner.lv\\\/\",\"logo\":{\"@type\":\"ImageObject\",\"inLanguage\":\"en-US\",\"@id\":\"https:\\\/\\\/www.facecorner.lv\\\/#\\\/schema\\\/logo\\\/image\\\/\",\"url\":\"https:\\\/\\\/www.facecorner.lv\\\/wp-content\\\/uploads\\\/2024\\\/04\\\/fc-logo.jpg\",\"contentUrl\":\"https:\\\/\\\/www.facecorner.lv\\\/wp-content\\\/uploads\\\/2024\\\/04\\\/fc-logo.jpg\",\"width\":174,\"height\":28,\"caption\":\"Facecorner\"},\"image\":{\"@id\":\"https:\\\/\\\/www.facecorner.lv\\\/#\\\/schema\\\/logo\\\/image\\\/\"},\"sameAs\":[\"https:\\\/\\\/www.facebook.com\\\/profile.php?id=100063824551839\",\"https:\\\/\\\/www.instagram.com\\\/facecorner_shop\\\/\"]}]}<\/script>\n<meta property=\"product:price:amount\" content=\"29.95\" \/>\n<meta property=\"product:price:currency\" content=\"EUR\" \/>\n<meta property=\"og:availability\" content=\"out of stock\" \/>\n<meta property=\"product:availability\" content=\"out of stock\" \/>\n<meta property=\"product:condition\" content=\"new\" \/>\n<!-- \/ Yoast SEO plugin. -->","yoast_head_json":{"title":"TOCOBO Cica Calming Aqua Pad 60ea - FACECORNER","description":"TOCOBO Cica Calming Aqua Pad nomierino\u0161ie toniz\u0113jo\u0161ie spilventi\u0146i ar centellas ekstraktu pal\u012bdz atjaunot mitruma l\u012bdzsvaru p\u0113c mazg\u0101\u0161anas.","robots":{"index":"index","follow":"follow","max-snippet":"max-snippet:-1","max-image-preview":"max-image-preview:large","max-video-preview":"max-video-preview:-1"},"canonical":"https:\/\/www.facecorner.lv\/en\/shop\/tocobo-cica-calming-aqua-pad-60ea\/","og_locale":"en_US","og_type":"article","og_title":"TOCOBO Cica Calming Aqua Pad 60ea - FACECORNER","og_description":"TOCOBO Cica Calming Aqua Pad nomierino\u0161ie toniz\u0113jo\u0161ie spilventi\u0146i ar centellas ekstraktu pal\u012bdz atjaunot mitruma l\u012bdzsvaru p\u0113c mazg\u0101\u0161anas.","og_url":"https:\/\/www.facecorner.lv\/en\/shop\/tocobo-cica-calming-aqua-pad-60ea\/","og_site_name":"FACECORNER","article_publisher":"https:\/\/www.facebook.com\/profile.php?id=100063824551839","article_modified_time":"2026-04-21T11:33:29+00:00","og_image":[{"width":1080,"height":1080,"url":"https:\/\/www.facecorner.lv\/wp-content\/uploads\/2024\/08\/tocobo-cica-calming-aqua-pad-39740159197460.png.webp","type":"image\/webp"}],"twitter_card":"summary_large_image","twitter_misc":{"Price":"&euro;29.95","Availability":"Out of stock"},"schema":{"@context":"https:\/\/schema.org","@graph":[{"@type":"WebPage","@id":"https:\/\/www.facecorner.lv\/shop\/tocobo-cica-calming-aqua-pad-60ea\/","url":"https:\/\/www.facecorner.lv\/shop\/tocobo-cica-calming-aqua-pad-60ea\/","name":"TOCOBO Cica Calming Aqua Pad 60ea - FACECORNER","isPartOf":{"@id":"https:\/\/www.facecorner.lv\/#website"},"primaryImageOfPage":{"@id":"https:\/\/www.facecorner.lv\/shop\/tocobo-cica-calming-aqua-pad-60ea\/#primaryimage"},"image":{"@id":"https:\/\/www.facecorner.lv\/shop\/tocobo-cica-calming-aqua-pad-60ea\/#primaryimage"},"thumbnailUrl":"https:\/\/www.facecorner.lv\/wp-content\/uploads\/2024\/08\/tocobo-cica-calming-aqua-pad-39740159197460.png.webp","datePublished":"2024-08-22T16:15:15+00:00","dateModified":"2026-04-21T11:33:29+00:00","description":"TOCOBO Cica Calming Aqua Pad nomierino\u0161ie toniz\u0113jo\u0161ie spilventi\u0146i ar centellas ekstraktu pal\u012bdz atjaunot mitruma l\u012bdzsvaru p\u0113c mazg\u0101\u0161anas.","breadcrumb":{"@id":"https:\/\/www.facecorner.lv\/shop\/tocobo-cica-calming-aqua-pad-60ea\/#breadcrumb"},"inLanguage":"en-US","potentialAction":[{"@type":"ReadAction","target":["https:\/\/www.facecorner.lv\/shop\/tocobo-cica-calming-aqua-pad-60ea\/"]}]},{"@type":"ImageObject","inLanguage":"en-US","@id":"https:\/\/www.facecorner.lv\/shop\/tocobo-cica-calming-aqua-pad-60ea\/#primaryimage","url":"https:\/\/www.facecorner.lv\/wp-content\/uploads\/2024\/08\/tocobo-cica-calming-aqua-pad-39740159197460.png.webp","contentUrl":"https:\/\/www.facecorner.lv\/wp-content\/uploads\/2024\/08\/tocobo-cica-calming-aqua-pad-39740159197460.png.webp","width":1080,"height":1080,"caption":"TOCOBO Cica Calming Aqua Pad"},{"@type":"BreadcrumbList","@id":"https:\/\/www.facecorner.lv\/shop\/tocobo-cica-calming-aqua-pad-60ea\/#breadcrumb","itemListElement":[{"@type":"ListItem","position":1,"name":"Home","item":"https:\/\/www.facecorner.lv\/"},{"@type":"ListItem","position":2,"name":"Veikals","item":"https:\/\/www.facecorner.lv\/shop\/"},{"@type":"ListItem","position":3,"name":"TOCOBO Cica Calming Aqua Pad 60ea"}]},{"@type":"WebSite","@id":"https:\/\/www.facecorner.lv\/#website","url":"https:\/\/www.facecorner.lv\/","name":"Facecorner","description":"","publisher":{"@id":"https:\/\/www.facecorner.lv\/#organization"},"potentialAction":[{"@type":"SearchAction","target":{"@type":"EntryPoint","urlTemplate":"https:\/\/www.facecorner.lv\/?s={search_term_string}"},"query-input":{"@type":"PropertyValueSpecification","valueRequired":true,"valueName":"search_term_string"}}],"inLanguage":"en-US"},{"@type":"Organization","@id":"https:\/\/www.facecorner.lv\/#organization","name":"Facecorner","url":"https:\/\/www.facecorner.lv\/","logo":{"@type":"ImageObject","inLanguage":"en-US","@id":"https:\/\/www.facecorner.lv\/#\/schema\/logo\/image\/","url":"https:\/\/www.facecorner.lv\/wp-content\/uploads\/2024\/04\/fc-logo.jpg","contentUrl":"https:\/\/www.facecorner.lv\/wp-content\/uploads\/2024\/04\/fc-logo.jpg","width":174,"height":28,"caption":"Facecorner"},"image":{"@id":"https:\/\/www.facecorner.lv\/#\/schema\/logo\/image\/"},"sameAs":["https:\/\/www.facebook.com\/profile.php?id=100063824551839","https:\/\/www.instagram.com\/facecorner_shop\/"]}]},"product_price_amount":"29.95","product_price_currency":"EUR","og_availability":"out of stock","product_availability":"out of stock","product_condition":"new"},"_links":{"self":[{"href":"https:\/\/www.facecorner.lv\/en\/wp-json\/wp\/v2\/product\/20417","targetHints":{"allow":["GET"]}}],"collection":[{"href":"https:\/\/www.facecorner.lv\/en\/wp-json\/wp\/v2\/product"}],"about":[{"href":"https:\/\/www.facecorner.lv\/en\/wp-json\/wp\/v2\/types\/product"}],"replies":[{"embeddable":true,"href":"https:\/\/www.facecorner.lv\/en\/wp-json\/wp\/v2\/comments?post=20417"}],"wp:featuredmedia":[{"embeddable":true,"href":"https:\/\/www.facecorner.lv\/en\/wp-json\/wp\/v2\/media\/20418"}],"wp:attachment":[{"href":"https:\/\/www.facecorner.lv\/en\/wp-json\/wp\/v2\/media?parent=20417"}],"wp:term":[{"taxonomy":"product_brand","embeddable":true,"href":"https:\/\/www.facecorner.lv\/en\/wp-json\/wp\/v2\/product_brand?post=20417"},{"taxonomy":"product_cat","embeddable":true,"href":"https:\/\/www.facecorner.lv\/en\/wp-json\/wp\/v2\/product_cat?post=20417"},{"taxonomy":"product_tag","embeddable":true,"href":"https:\/\/www.facecorner.lv\/en\/wp-json\/wp\/v2\/product_tag?post=20417"},{"taxonomy":"berocket_brand","embeddable":true,"href":"https:\/\/www.facecorner.lv\/en\/wp-json\/wp\/v2\/berocket_brand?post=20417"}],"curies":[{"name":"wp","href":"https:\/\/api.w.org\/{rel}","templated":true}]}}