{"id":20347,"date":"2024-08-14T14:37:17","date_gmt":"2024-08-14T12:37:17","guid":{"rendered":"https:\/\/www.facecorner.lv\/?post_type=product&#038;p=20347"},"modified":"2025-09-23T12:50:41","modified_gmt":"2025-09-23T09:50:41","slug":"anua-rice-70-glow-milky-toner-250ml","status":"publish","type":"product","link":"https:\/\/www.facecorner.lv\/en\/shop\/anua-rice-70-glow-milky-toner-250ml\/","title":{"rendered":"ANUA Rice 70 Glow Milky Toner 250ml"},"content":{"rendered":"<p>ANUA Rice 70 Glow Milky Toner \u00a0barojo\u0161s piena toniks ar r\u012bsu ekstraktu pie\u0161\u0137ir \u0101dai maigumu un vesel\u012bgu mirdzumu.<\/p>\n<p><strong>Benefits <\/strong><\/p>\n<ul>\n<li>Padzi\u013cin\u0101ti baro, mitrina un m\u012bkstina \u0101du, pies\u0101tina to ar mitrumu, nov\u0113r\u0161 sausumu, sasprindzin\u0101jumu un lob\u012b\u0161anos, nov\u0113r\u0161 to ra\u0161anos.<\/li>\n<li>Pal\u012bdz izl\u012bdzin\u0101t \u0101das toni, nov\u0113r\u0161 hiperpigment\u0101ciju, pie\u0161\u0137ir \u0101dai vesel\u012bgu iek\u0161\u0113jo mirdzumu un pal\u012bdz rad\u012bt Glass Skin efektu.<\/li>\n<li>Atjauno un stiprina \u0101das aizsargbarjeras funkciju, aizsarg\u0101jot to no \u0101r\u0113j\u0101s iedarb\u012bbas un nov\u0113r\u0161ot mitruma zudumu.<\/li>\n<\/ul>\n<p><strong>It is a total care mask that tightens the skin. <\/strong><\/p>\n<ul>\n<li>R\u012bsu olbaltumvielu, hidrolatu un ekstraktu komplekss dzi\u013ci baro, pal\u012bdz izl\u012bdzin\u0101t \u0101das toni un pie\u0161\u0137ir tai vesel\u012bgu mirdzumu.<\/li>\n<li>Niacinam\u012bds pal\u012bdz izl\u012bdzin\u0101t \u0101das toni, tam piem\u012bt maigs balino\u0161s efekts un tas nov\u0113r\u0161 hiperpigment\u0101ciju.<\/li>\n<li>Pantenolam piem\u012bt nomierino\u0161a un atjaunojo\u0161a iedarb\u012bba, mazina aps\u0101rtumu un kairin\u0101jumu, samazina \u0101das jut\u012bgumu.<\/li>\n<li>Hyaluronic acid deeply moisturizes the skin, keeping moisture inside, prevents dehydration and dryness, and helps to keep the skin smooth and supple.<\/li>\n<li>Ceram\u012bdi akt\u012bvi atjauno un stiprina aizsargbarjeru, aizsarg\u0101 pret negat\u012bvo vides ietekmi, nov\u0113r\u0161 transepiderm\u0101lo mitruma zudumu.<\/li>\n<\/ul>\n<p><strong>How to use:<\/strong> Pirmaj\u0101 kop\u0161anas posm\u0101 uz att\u012br\u012btas \u0101das ar vates disku vai plaukst\u0101m uzkl\u0101jiet vajadz\u012bgo produkta daudzumu, izklied\u0113jiet, l\u012bdz tas piln\u012bb\u0101 ies\u016bcas, p\u0113c tam veiciet p\u0101r\u0113jo kop\u0161anas proced\u016bru.<\/p>","protected":false},"excerpt":{"rendered":"<p>ANUA Rice 70 Glow Milky Toner \u00a0barojo\u0161s piena toniks ar r\u012bsu ekstraktu pie\u0161\u0137ir \u0101dai maigumu un vesel\u012bgu mirdzumu.<\/p>","protected":false},"featured_media":20348,"comment_status":"closed","ping_status":"closed","template":"","meta":{"site-sidebar-layout":"default","site-content-layout":"","ast-site-content-layout":"","site-content-style":"default","site-sidebar-style":"default","ast-global-header-display":"","ast-banner-title-visibility":"","ast-main-header-display":"","ast-hfb-above-header-display":"","ast-hfb-below-header-display":"","ast-hfb-mobile-header-display":"","site-post-title":"","ast-breadcrumbs-content":"","ast-featured-img":"","footer-sml-layout":"","theme-transparent-header-meta":"","adv-header-id-meta":"","stick-header-meta":"","header-above-stick-meta":"","header-main-stick-meta":"","header-below-stick-meta":"","astra-migrate-meta-layouts":"default","ast-page-background-enabled":"default","ast-page-background-meta":{"desktop":{"background-color":"var(--ast-global-color-4)","background-image":"","background-repeat":"repeat","background-position":"center center","background-size":"auto","background-attachment":"scroll","background-type":"","background-media":"","overlay-type":"","overlay-color":"","overlay-opacity":"","overlay-gradient":""},"tablet":{"background-color":"","background-image":"","background-repeat":"repeat","background-position":"center center","background-size":"auto","background-attachment":"scroll","background-type":"","background-media":"","overlay-type":"","overlay-color":"","overlay-opacity":"","overlay-gradient":""},"mobile":{"background-color":"","background-image":"","background-repeat":"repeat","background-position":"center center","background-size":"auto","background-attachment":"scroll","background-type":"","background-media":"","overlay-type":"","overlay-color":"","overlay-opacity":"","overlay-gradient":""}},"ast-content-background-meta":{"desktop":{"background-color":"var(--ast-global-color-5)","background-image":"","background-repeat":"repeat","background-position":"center center","background-size":"auto","background-attachment":"scroll","background-type":"","background-media":"","overlay-type":"","overlay-color":"","overlay-opacity":"","overlay-gradient":""},"tablet":{"background-color":"var(--ast-global-color-5)","background-image":"","background-repeat":"repeat","background-position":"center center","background-size":"auto","background-attachment":"scroll","background-type":"","background-media":"","overlay-type":"","overlay-color":"","overlay-opacity":"","overlay-gradient":""},"mobile":{"background-color":"var(--ast-global-color-5)","background-image":"","background-repeat":"repeat","background-position":"center center","background-size":"auto","background-attachment":"scroll","background-type":"","background-media":"","overlay-type":"","overlay-color":"","overlay-opacity":"","overlay-gradient":""}}},"product_brand":[],"product_cat":[375,378,364,376],"product_tag":[],"berocket_brand":[575],"class_list":{"0":"post-20347","1":"product","2":"type-product","3":"status-publish","4":"has-post-thumbnail","6":"product_cat-jutigai-adai-toneri","7":"product_cat-sausai-adai-toneri","8":"product_cat-toneri","9":"product_cat-kombinetai-adai-toneri","10":"berocket_brand-anua","11":"desktop-align-left","12":"tablet-align-left","13":"mobile-align-left","15":"first","16":"outofstock","17":"taxable","18":"shipping-taxable","19":"purchasable","20":"product-type-simple","21":"add-to-wishlist-before_image"},"yoast_head":"<!-- This site is optimized with the Yoast SEO plugin v27.4 - https:\/\/yoast.com\/product\/yoast-seo-wordpress\/ -->\n<title>ANUA Rice 70 Glow Milky Toner 250ml - FACECORNER<\/title>\n<meta name=\"description\" content=\"ANUA Rice 70 Glow Milky Toner \u00a0barojo\u0161s piena toniks ar r\u012bsu ekstraktu pie\u0161\u0137ir \u0101dai maigumu un vesel\u012bgu mirdzumu,pal\u012bdz izl\u012bdzin\u0101t \u0101das toni.\" \/>\n<meta name=\"robots\" content=\"index, follow, max-snippet:-1, max-image-preview:large, max-video-preview:-1\" \/>\n<link rel=\"canonical\" href=\"https:\/\/www.facecorner.lv\/en\/shop\/anua-rice-70-glow-milky-toner-250ml\/\" \/>\n<meta property=\"og:locale\" content=\"en_US\" \/>\n<meta property=\"og:type\" content=\"article\" \/>\n<meta property=\"og:title\" content=\"ANUA Rice 70 Glow Milky Toner 250ml - FACECORNER\" \/>\n<meta property=\"og:description\" content=\"ANUA Rice 70 Glow Milky Toner \u00a0barojo\u0161s piena toniks ar r\u012bsu ekstraktu pie\u0161\u0137ir \u0101dai maigumu un vesel\u012bgu mirdzumu,pal\u012bdz izl\u012bdzin\u0101t \u0101das toni.\" \/>\n<meta property=\"og:url\" content=\"https:\/\/www.facecorner.lv\/en\/shop\/anua-rice-70-glow-milky-toner-250ml\/\" \/>\n<meta property=\"og:site_name\" content=\"FACECORNER\" \/>\n<meta property=\"article:publisher\" content=\"https:\/\/www.facebook.com\/profile.php?id=100063824551839\" \/>\n<meta property=\"article:modified_time\" content=\"2025-09-23T09:50:41+00:00\" \/>\n<meta property=\"og:image\" content=\"https:\/\/www.facecorner.lv\/wp-content\/uploads\/2024\/08\/41G4Js8BFgL.jpg\" \/>\n\t<meta property=\"og:image:width\" content=\"1000\" \/>\n\t<meta property=\"og:image:height\" content=\"1000\" \/>\n\t<meta property=\"og:image:type\" content=\"image\/jpeg\" \/>\n<meta name=\"twitter:card\" content=\"summary_large_image\" \/>\n<meta name=\"twitter:label1\" content=\"Price\" \/>\n\t<meta name=\"twitter:data1\" content=\"&euro;31.90\" \/>\n\t<meta name=\"twitter:label2\" content=\"Availability\" \/>\n\t<meta name=\"twitter:data2\" content=\"Out of stock\" \/>\n<script type=\"application\/ld+json\" class=\"yoast-schema-graph\">{\"@context\":\"https:\\\/\\\/schema.org\",\"@graph\":[{\"@type\":\"WebPage\",\"@id\":\"https:\\\/\\\/www.facecorner.lv\\\/shop\\\/anua-rice-70-glow-milky-toner-250ml\\\/\",\"url\":\"https:\\\/\\\/www.facecorner.lv\\\/shop\\\/anua-rice-70-glow-milky-toner-250ml\\\/\",\"name\":\"ANUA Rice 70 Glow Milky Toner 250ml - FACECORNER\",\"isPartOf\":{\"@id\":\"https:\\\/\\\/www.facecorner.lv\\\/#website\"},\"primaryImageOfPage\":{\"@id\":\"https:\\\/\\\/www.facecorner.lv\\\/shop\\\/anua-rice-70-glow-milky-toner-250ml\\\/#primaryimage\"},\"image\":{\"@id\":\"https:\\\/\\\/www.facecorner.lv\\\/shop\\\/anua-rice-70-glow-milky-toner-250ml\\\/#primaryimage\"},\"thumbnailUrl\":\"https:\\\/\\\/www.facecorner.lv\\\/wp-content\\\/uploads\\\/2024\\\/08\\\/41G4Js8BFgL.jpg\",\"datePublished\":\"2024-08-14T12:37:17+00:00\",\"dateModified\":\"2025-09-23T09:50:41+00:00\",\"description\":\"ANUA Rice 70 Glow Milky Toner \u00a0barojo\u0161s piena toniks ar r\u012bsu ekstraktu pie\u0161\u0137ir \u0101dai maigumu un vesel\u012bgu mirdzumu,pal\u012bdz izl\u012bdzin\u0101t \u0101das toni.\",\"breadcrumb\":{\"@id\":\"https:\\\/\\\/www.facecorner.lv\\\/shop\\\/anua-rice-70-glow-milky-toner-250ml\\\/#breadcrumb\"},\"inLanguage\":\"en-US\",\"potentialAction\":[{\"@type\":\"ReadAction\",\"target\":[\"https:\\\/\\\/www.facecorner.lv\\\/shop\\\/anua-rice-70-glow-milky-toner-250ml\\\/\"]}]},{\"@type\":\"ImageObject\",\"inLanguage\":\"en-US\",\"@id\":\"https:\\\/\\\/www.facecorner.lv\\\/shop\\\/anua-rice-70-glow-milky-toner-250ml\\\/#primaryimage\",\"url\":\"https:\\\/\\\/www.facecorner.lv\\\/wp-content\\\/uploads\\\/2024\\\/08\\\/41G4Js8BFgL.jpg\",\"contentUrl\":\"https:\\\/\\\/www.facecorner.lv\\\/wp-content\\\/uploads\\\/2024\\\/08\\\/41G4Js8BFgL.jpg\",\"width\":1000,\"height\":1000,\"caption\":\"Version 1.0.0\"},{\"@type\":\"BreadcrumbList\",\"@id\":\"https:\\\/\\\/www.facecorner.lv\\\/shop\\\/anua-rice-70-glow-milky-toner-250ml\\\/#breadcrumb\",\"itemListElement\":[{\"@type\":\"ListItem\",\"position\":1,\"name\":\"Home\",\"item\":\"https:\\\/\\\/www.facecorner.lv\\\/\"},{\"@type\":\"ListItem\",\"position\":2,\"name\":\"Veikals\",\"item\":\"https:\\\/\\\/www.facecorner.lv\\\/shop\\\/\"},{\"@type\":\"ListItem\",\"position\":3,\"name\":\"ANUA Rice 70 Glow Milky Toner 250ml\"}]},{\"@type\":\"WebSite\",\"@id\":\"https:\\\/\\\/www.facecorner.lv\\\/#website\",\"url\":\"https:\\\/\\\/www.facecorner.lv\\\/\",\"name\":\"Facecorner\",\"description\":\"\",\"publisher\":{\"@id\":\"https:\\\/\\\/www.facecorner.lv\\\/#organization\"},\"potentialAction\":[{\"@type\":\"SearchAction\",\"target\":{\"@type\":\"EntryPoint\",\"urlTemplate\":\"https:\\\/\\\/www.facecorner.lv\\\/?s={search_term_string}\"},\"query-input\":{\"@type\":\"PropertyValueSpecification\",\"valueRequired\":true,\"valueName\":\"search_term_string\"}}],\"inLanguage\":\"en-US\"},{\"@type\":\"Organization\",\"@id\":\"https:\\\/\\\/www.facecorner.lv\\\/#organization\",\"name\":\"Facecorner\",\"url\":\"https:\\\/\\\/www.facecorner.lv\\\/\",\"logo\":{\"@type\":\"ImageObject\",\"inLanguage\":\"en-US\",\"@id\":\"https:\\\/\\\/www.facecorner.lv\\\/#\\\/schema\\\/logo\\\/image\\\/\",\"url\":\"https:\\\/\\\/www.facecorner.lv\\\/wp-content\\\/uploads\\\/2024\\\/04\\\/fc-logo.jpg\",\"contentUrl\":\"https:\\\/\\\/www.facecorner.lv\\\/wp-content\\\/uploads\\\/2024\\\/04\\\/fc-logo.jpg\",\"width\":174,\"height\":28,\"caption\":\"Facecorner\"},\"image\":{\"@id\":\"https:\\\/\\\/www.facecorner.lv\\\/#\\\/schema\\\/logo\\\/image\\\/\"},\"sameAs\":[\"https:\\\/\\\/www.facebook.com\\\/profile.php?id=100063824551839\",\"https:\\\/\\\/www.instagram.com\\\/facecorner_shop\\\/\"]}]}<\/script>\n<meta property=\"product:price:amount\" content=\"31.90\" \/>\n<meta property=\"product:price:currency\" content=\"EUR\" \/>\n<meta property=\"og:availability\" content=\"out of stock\" \/>\n<meta property=\"product:availability\" content=\"out of stock\" \/>\n<meta property=\"product:condition\" content=\"new\" \/>\n<!-- \/ Yoast SEO plugin. -->","yoast_head_json":{"title":"ANUA Rice 70 Glow Milky Toner 250ml - FACECORNER","description":"ANUA Rice 70 Glow Milky Toner \u00a0barojo\u0161s piena toniks ar r\u012bsu ekstraktu pie\u0161\u0137ir \u0101dai maigumu un vesel\u012bgu mirdzumu,pal\u012bdz izl\u012bdzin\u0101t \u0101das toni.","robots":{"index":"index","follow":"follow","max-snippet":"max-snippet:-1","max-image-preview":"max-image-preview:large","max-video-preview":"max-video-preview:-1"},"canonical":"https:\/\/www.facecorner.lv\/en\/shop\/anua-rice-70-glow-milky-toner-250ml\/","og_locale":"en_US","og_type":"article","og_title":"ANUA Rice 70 Glow Milky Toner 250ml - FACECORNER","og_description":"ANUA Rice 70 Glow Milky Toner \u00a0barojo\u0161s piena toniks ar r\u012bsu ekstraktu pie\u0161\u0137ir \u0101dai maigumu un vesel\u012bgu mirdzumu,pal\u012bdz izl\u012bdzin\u0101t \u0101das toni.","og_url":"https:\/\/www.facecorner.lv\/en\/shop\/anua-rice-70-glow-milky-toner-250ml\/","og_site_name":"FACECORNER","article_publisher":"https:\/\/www.facebook.com\/profile.php?id=100063824551839","article_modified_time":"2025-09-23T09:50:41+00:00","og_image":[{"width":1000,"height":1000,"url":"https:\/\/www.facecorner.lv\/wp-content\/uploads\/2024\/08\/41G4Js8BFgL.jpg","type":"image\/jpeg"}],"twitter_card":"summary_large_image","twitter_misc":{"Price":"&euro;31.90","Availability":"Out of stock"},"schema":{"@context":"https:\/\/schema.org","@graph":[{"@type":"WebPage","@id":"https:\/\/www.facecorner.lv\/shop\/anua-rice-70-glow-milky-toner-250ml\/","url":"https:\/\/www.facecorner.lv\/shop\/anua-rice-70-glow-milky-toner-250ml\/","name":"ANUA Rice 70 Glow Milky Toner 250ml - FACECORNER","isPartOf":{"@id":"https:\/\/www.facecorner.lv\/#website"},"primaryImageOfPage":{"@id":"https:\/\/www.facecorner.lv\/shop\/anua-rice-70-glow-milky-toner-250ml\/#primaryimage"},"image":{"@id":"https:\/\/www.facecorner.lv\/shop\/anua-rice-70-glow-milky-toner-250ml\/#primaryimage"},"thumbnailUrl":"https:\/\/www.facecorner.lv\/wp-content\/uploads\/2024\/08\/41G4Js8BFgL.jpg","datePublished":"2024-08-14T12:37:17+00:00","dateModified":"2025-09-23T09:50:41+00:00","description":"ANUA Rice 70 Glow Milky Toner \u00a0barojo\u0161s piena toniks ar r\u012bsu ekstraktu pie\u0161\u0137ir \u0101dai maigumu un vesel\u012bgu mirdzumu,pal\u012bdz izl\u012bdzin\u0101t \u0101das toni.","breadcrumb":{"@id":"https:\/\/www.facecorner.lv\/shop\/anua-rice-70-glow-milky-toner-250ml\/#breadcrumb"},"inLanguage":"en-US","potentialAction":[{"@type":"ReadAction","target":["https:\/\/www.facecorner.lv\/shop\/anua-rice-70-glow-milky-toner-250ml\/"]}]},{"@type":"ImageObject","inLanguage":"en-US","@id":"https:\/\/www.facecorner.lv\/shop\/anua-rice-70-glow-milky-toner-250ml\/#primaryimage","url":"https:\/\/www.facecorner.lv\/wp-content\/uploads\/2024\/08\/41G4Js8BFgL.jpg","contentUrl":"https:\/\/www.facecorner.lv\/wp-content\/uploads\/2024\/08\/41G4Js8BFgL.jpg","width":1000,"height":1000,"caption":"Version 1.0.0"},{"@type":"BreadcrumbList","@id":"https:\/\/www.facecorner.lv\/shop\/anua-rice-70-glow-milky-toner-250ml\/#breadcrumb","itemListElement":[{"@type":"ListItem","position":1,"name":"Home","item":"https:\/\/www.facecorner.lv\/"},{"@type":"ListItem","position":2,"name":"Veikals","item":"https:\/\/www.facecorner.lv\/shop\/"},{"@type":"ListItem","position":3,"name":"ANUA Rice 70 Glow Milky Toner 250ml"}]},{"@type":"WebSite","@id":"https:\/\/www.facecorner.lv\/#website","url":"https:\/\/www.facecorner.lv\/","name":"Facecorner","description":"","publisher":{"@id":"https:\/\/www.facecorner.lv\/#organization"},"potentialAction":[{"@type":"SearchAction","target":{"@type":"EntryPoint","urlTemplate":"https:\/\/www.facecorner.lv\/?s={search_term_string}"},"query-input":{"@type":"PropertyValueSpecification","valueRequired":true,"valueName":"search_term_string"}}],"inLanguage":"en-US"},{"@type":"Organization","@id":"https:\/\/www.facecorner.lv\/#organization","name":"Facecorner","url":"https:\/\/www.facecorner.lv\/","logo":{"@type":"ImageObject","inLanguage":"en-US","@id":"https:\/\/www.facecorner.lv\/#\/schema\/logo\/image\/","url":"https:\/\/www.facecorner.lv\/wp-content\/uploads\/2024\/04\/fc-logo.jpg","contentUrl":"https:\/\/www.facecorner.lv\/wp-content\/uploads\/2024\/04\/fc-logo.jpg","width":174,"height":28,"caption":"Facecorner"},"image":{"@id":"https:\/\/www.facecorner.lv\/#\/schema\/logo\/image\/"},"sameAs":["https:\/\/www.facebook.com\/profile.php?id=100063824551839","https:\/\/www.instagram.com\/facecorner_shop\/"]}]},"product_price_amount":"31.90","product_price_currency":"EUR","og_availability":"out of stock","product_availability":"out of stock","product_condition":"new"},"_links":{"self":[{"href":"https:\/\/www.facecorner.lv\/en\/wp-json\/wp\/v2\/product\/20347","targetHints":{"allow":["GET"]}}],"collection":[{"href":"https:\/\/www.facecorner.lv\/en\/wp-json\/wp\/v2\/product"}],"about":[{"href":"https:\/\/www.facecorner.lv\/en\/wp-json\/wp\/v2\/types\/product"}],"replies":[{"embeddable":true,"href":"https:\/\/www.facecorner.lv\/en\/wp-json\/wp\/v2\/comments?post=20347"}],"wp:featuredmedia":[{"embeddable":true,"href":"https:\/\/www.facecorner.lv\/en\/wp-json\/wp\/v2\/media\/20348"}],"wp:attachment":[{"href":"https:\/\/www.facecorner.lv\/en\/wp-json\/wp\/v2\/media?parent=20347"}],"wp:term":[{"taxonomy":"product_brand","embeddable":true,"href":"https:\/\/www.facecorner.lv\/en\/wp-json\/wp\/v2\/product_brand?post=20347"},{"taxonomy":"product_cat","embeddable":true,"href":"https:\/\/www.facecorner.lv\/en\/wp-json\/wp\/v2\/product_cat?post=20347"},{"taxonomy":"product_tag","embeddable":true,"href":"https:\/\/www.facecorner.lv\/en\/wp-json\/wp\/v2\/product_tag?post=20347"},{"taxonomy":"berocket_brand","embeddable":true,"href":"https:\/\/www.facecorner.lv\/en\/wp-json\/wp\/v2\/berocket_brand?post=20347"}],"curies":[{"name":"wp","href":"https:\/\/api.w.org\/{rel}","templated":true}]}}