{"id":20344,"date":"2024-08-14T14:28:12","date_gmt":"2024-08-14T12:28:12","guid":{"rendered":"https:\/\/www.facecorner.lv\/?post_type=product&#038;p=20344"},"modified":"2024-12-02T23:19:20","modified_gmt":"2024-12-02T20:19:20","slug":"anua-heartleaf-pore-control-cleansing-oil-mild-200ml","status":"publish","type":"product","link":"https:\/\/www.facecorner.lv\/en\/shop\/anua-heartleaf-pore-control-cleansing-oil-mild-200ml\/","title":{"rendered":"Anua &#8211; Heartleaf Pore Control Cleansing Oil Mild 200ml"},"content":{"rendered":"<p>Anua Heartleaf Pore Control Cleansing Oil Mild ir att\u012bro\u0161a e\u013c\u013ca, kas \u012bpa\u0161i izstr\u0101d\u0101ta jut\u012bgai \u0101dai.<br \/>\nT\u0101 ir nekomedog\u0113na un satur sirds lapu ekstraktu, kas nomierina \u0101du un nomierina kairin\u0101jumu, vienlaikus efekt\u012bvi no\u0146em grimu, SPF, net\u012brumus un lieko e\u013c\u013cu.<\/p>\n<p>Bag\u0101tin\u0101ta ar rozmar\u012bna lapu ekstraktu, kas kontrol\u0113 sebuma veido\u0161anos, un saulespu\u0137u s\u0113klu e\u013c\u013cu, kas mitrina \u0101du, to neiz\u017e\u0101v\u0113jot. E\u013c\u013ca ir bez smar\u017eviel\u0101m un neatst\u0101j taukainu saj\u016btu uz \u0101das.<\/p>\n<p>Ide\u0101li piem\u0113rots ikdienas lieto\u0161anai un piem\u0113rots ikvienam, kas mekl\u0113 maigu t\u012br\u012b\u0161anas l\u012bdzekli.<\/p>\n<p><strong>Ingredientes:<\/strong> Ethylhexyl Stearate, Sorbeth-30 Tetraoleate, Cetyl Ethylhexanoate, Caprylic\/Capric Triglyceride, Triethylhexanoin, Isododecane, Water, Rosmarinus Officinalis (Rosemary) Leaf Oil, Sorbitan Sesquioleate, Tocopherol, Helianthus Annuus (Sunflower) Seed Oil, Houttuynia Cordata Extract.<\/p>\n<p>&nbsp;<\/p>","protected":false},"excerpt":{"rendered":"<p>Anua Heartleaf Pore Control Cleansing Oil Mild ir att\u012bro\u0161a e\u013c\u013ca, kas \u012bpa\u0161i izstr\u0101d\u0101ta jut\u012bgai \u0101dai.<br \/>\nT\u0101 ir nekomedog\u0113na un satur sirds lapu ekstraktu, kas nomierina \u0101du un nomierina kairin\u0101jumu, vienlaikus efekt\u012bvi no\u0146em grimu, SPF, net\u012brumus un lieko e\u013c\u013cu.<\/p>","protected":false},"featured_media":20345,"comment_status":"closed","ping_status":"closed","template":"","meta":{"site-sidebar-layout":"default","site-content-layout":"","ast-site-content-layout":"","site-content-style":"default","site-sidebar-style":"default","ast-global-header-display":"","ast-banner-title-visibility":"","ast-main-header-display":"","ast-hfb-above-header-display":"","ast-hfb-below-header-display":"","ast-hfb-mobile-header-display":"","site-post-title":"","ast-breadcrumbs-content":"","ast-featured-img":"","footer-sml-layout":"","theme-transparent-header-meta":"","adv-header-id-meta":"","stick-header-meta":"","header-above-stick-meta":"","header-main-stick-meta":"","header-below-stick-meta":"","astra-migrate-meta-layouts":"default","ast-page-background-enabled":"default","ast-page-background-meta":{"desktop":{"background-color":"var(--ast-global-color-4)","background-image":"","background-repeat":"repeat","background-position":"center center","background-size":"auto","background-attachment":"scroll","background-type":"","background-media":"","overlay-type":"","overlay-color":"","overlay-opacity":"","overlay-gradient":""},"tablet":{"background-color":"","background-image":"","background-repeat":"repeat","background-position":"center center","background-size":"auto","background-attachment":"scroll","background-type":"","background-media":"","overlay-type":"","overlay-color":"","overlay-opacity":"","overlay-gradient":""},"mobile":{"background-color":"","background-image":"","background-repeat":"repeat","background-position":"center center","background-size":"auto","background-attachment":"scroll","background-type":"","background-media":"","overlay-type":"","overlay-color":"","overlay-opacity":"","overlay-gradient":""}},"ast-content-background-meta":{"desktop":{"background-color":"var(--ast-global-color-5)","background-image":"","background-repeat":"repeat","background-position":"center center","background-size":"auto","background-attachment":"scroll","background-type":"","background-media":"","overlay-type":"","overlay-color":"","overlay-opacity":"","overlay-gradient":""},"tablet":{"background-color":"var(--ast-global-color-5)","background-image":"","background-repeat":"repeat","background-position":"center center","background-size":"auto","background-attachment":"scroll","background-type":"","background-media":"","overlay-type":"","overlay-color":"","overlay-opacity":"","overlay-gradient":""},"mobile":{"background-color":"var(--ast-global-color-5)","background-image":"","background-repeat":"repeat","background-position":"center center","background-size":"auto","background-attachment":"scroll","background-type":"","background-media":"","overlay-type":"","overlay-color":"","overlay-opacity":"","overlay-gradient":""}}},"product_brand":[],"product_cat":[321],"product_tag":[],"berocket_brand":[575],"class_list":{"0":"post-20344","1":"product","2":"type-product","3":"status-publish","4":"has-post-thumbnail","6":"product_cat-hidrofila-ella","7":"berocket_brand-anua","8":"desktop-align-left","9":"tablet-align-left","10":"mobile-align-left","12":"first","13":"outofstock","14":"taxable","15":"shipping-taxable","16":"purchasable","17":"product-type-simple","18":"add-to-wishlist-before_image"},"yoast_head":"<!-- This site is optimized with the Yoast SEO plugin v27.4 - https:\/\/yoast.com\/product\/yoast-seo-wordpress\/ -->\n<title>Anua - Heartleaf Pore Control Cleansing Oil Mild 200ml - FACECORNER<\/title>\n<meta name=\"description\" content=\"Anua Heartleaf Pore Control Cleansing Oil Mild ir att\u012bro\u0161a e\u013c\u013ca, kas \u012bpa\u0161i izstr\u0101d\u0101ta jut\u012bgai \u0101dai.T\u0101 ir nekomedog\u0113na un satur sirds lapu ekstraktu\" \/>\n<meta name=\"robots\" content=\"index, follow, max-snippet:-1, max-image-preview:large, max-video-preview:-1\" \/>\n<link rel=\"canonical\" href=\"https:\/\/www.facecorner.lv\/en\/shop\/anua-heartleaf-pore-control-cleansing-oil-mild-200ml\/\" \/>\n<meta property=\"og:locale\" content=\"en_US\" \/>\n<meta property=\"og:type\" content=\"article\" \/>\n<meta property=\"og:title\" content=\"Anua - Heartleaf Pore Control Cleansing Oil Mild 200ml - FACECORNER\" \/>\n<meta property=\"og:description\" content=\"Anua Heartleaf Pore Control Cleansing Oil Mild ir att\u012bro\u0161a e\u013c\u013ca, kas \u012bpa\u0161i izstr\u0101d\u0101ta jut\u012bgai \u0101dai.T\u0101 ir nekomedog\u0113na un satur sirds lapu ekstraktu\" \/>\n<meta property=\"og:url\" content=\"https:\/\/www.facecorner.lv\/en\/shop\/anua-heartleaf-pore-control-cleansing-oil-mild-200ml\/\" \/>\n<meta property=\"og:site_name\" content=\"FACECORNER\" \/>\n<meta property=\"article:publisher\" content=\"https:\/\/www.facebook.com\/profile.php?id=100063824551839\" \/>\n<meta property=\"article:modified_time\" content=\"2024-12-02T20:19:20+00:00\" \/>\n<meta property=\"og:image\" content=\"https:\/\/www.facecorner.lv\/wp-content\/uploads\/2024\/08\/Heartleaf_Pore_Control_Cleansing_Oil_Mild_1.png.webp\" \/>\n\t<meta property=\"og:image:width\" content=\"1000\" \/>\n\t<meta property=\"og:image:height\" content=\"1000\" \/>\n\t<meta property=\"og:image:type\" content=\"image\/webp\" \/>\n<meta name=\"twitter:card\" content=\"summary_large_image\" \/>\n<meta name=\"twitter:label1\" content=\"Price\" \/>\n\t<meta name=\"twitter:data1\" content=\"&euro;25.00\" \/>\n\t<meta name=\"twitter:label2\" content=\"Availability\" \/>\n\t<meta name=\"twitter:data2\" content=\"Out of stock\" \/>\n<script type=\"application\/ld+json\" class=\"yoast-schema-graph\">{\"@context\":\"https:\\\/\\\/schema.org\",\"@graph\":[{\"@type\":\"WebPage\",\"@id\":\"https:\\\/\\\/www.facecorner.lv\\\/shop\\\/anua-heartleaf-pore-control-cleansing-oil-mild-200ml\\\/\",\"url\":\"https:\\\/\\\/www.facecorner.lv\\\/shop\\\/anua-heartleaf-pore-control-cleansing-oil-mild-200ml\\\/\",\"name\":\"Anua - Heartleaf Pore Control Cleansing Oil Mild 200ml - FACECORNER\",\"isPartOf\":{\"@id\":\"https:\\\/\\\/www.facecorner.lv\\\/#website\"},\"primaryImageOfPage\":{\"@id\":\"https:\\\/\\\/www.facecorner.lv\\\/shop\\\/anua-heartleaf-pore-control-cleansing-oil-mild-200ml\\\/#primaryimage\"},\"image\":{\"@id\":\"https:\\\/\\\/www.facecorner.lv\\\/shop\\\/anua-heartleaf-pore-control-cleansing-oil-mild-200ml\\\/#primaryimage\"},\"thumbnailUrl\":\"https:\\\/\\\/www.facecorner.lv\\\/wp-content\\\/uploads\\\/2024\\\/08\\\/Heartleaf_Pore_Control_Cleansing_Oil_Mild_1.png.webp\",\"datePublished\":\"2024-08-14T12:28:12+00:00\",\"dateModified\":\"2024-12-02T20:19:20+00:00\",\"description\":\"Anua Heartleaf Pore Control Cleansing Oil Mild ir att\u012bro\u0161a e\u013c\u013ca, kas \u012bpa\u0161i izstr\u0101d\u0101ta jut\u012bgai \u0101dai.T\u0101 ir nekomedog\u0113na un satur sirds lapu ekstraktu\",\"breadcrumb\":{\"@id\":\"https:\\\/\\\/www.facecorner.lv\\\/shop\\\/anua-heartleaf-pore-control-cleansing-oil-mild-200ml\\\/#breadcrumb\"},\"inLanguage\":\"en-US\",\"potentialAction\":[{\"@type\":\"ReadAction\",\"target\":[\"https:\\\/\\\/www.facecorner.lv\\\/shop\\\/anua-heartleaf-pore-control-cleansing-oil-mild-200ml\\\/\"]}]},{\"@type\":\"ImageObject\",\"inLanguage\":\"en-US\",\"@id\":\"https:\\\/\\\/www.facecorner.lv\\\/shop\\\/anua-heartleaf-pore-control-cleansing-oil-mild-200ml\\\/#primaryimage\",\"url\":\"https:\\\/\\\/www.facecorner.lv\\\/wp-content\\\/uploads\\\/2024\\\/08\\\/Heartleaf_Pore_Control_Cleansing_Oil_Mild_1.png.webp\",\"contentUrl\":\"https:\\\/\\\/www.facecorner.lv\\\/wp-content\\\/uploads\\\/2024\\\/08\\\/Heartleaf_Pore_Control_Cleansing_Oil_Mild_1.png.webp\",\"width\":1000,\"height\":1000,\"caption\":\"Anua - Heartleaf Pore Control Cleansing Oil Mild 200ml\"},{\"@type\":\"BreadcrumbList\",\"@id\":\"https:\\\/\\\/www.facecorner.lv\\\/shop\\\/anua-heartleaf-pore-control-cleansing-oil-mild-200ml\\\/#breadcrumb\",\"itemListElement\":[{\"@type\":\"ListItem\",\"position\":1,\"name\":\"Home\",\"item\":\"https:\\\/\\\/www.facecorner.lv\\\/\"},{\"@type\":\"ListItem\",\"position\":2,\"name\":\"Veikals\",\"item\":\"https:\\\/\\\/www.facecorner.lv\\\/shop\\\/\"},{\"@type\":\"ListItem\",\"position\":3,\"name\":\"Anua &#8212; Heartleaf Pore Control Cleansing Oil Mild 200ml\"}]},{\"@type\":\"WebSite\",\"@id\":\"https:\\\/\\\/www.facecorner.lv\\\/#website\",\"url\":\"https:\\\/\\\/www.facecorner.lv\\\/\",\"name\":\"Facecorner\",\"description\":\"\",\"publisher\":{\"@id\":\"https:\\\/\\\/www.facecorner.lv\\\/#organization\"},\"potentialAction\":[{\"@type\":\"SearchAction\",\"target\":{\"@type\":\"EntryPoint\",\"urlTemplate\":\"https:\\\/\\\/www.facecorner.lv\\\/?s={search_term_string}\"},\"query-input\":{\"@type\":\"PropertyValueSpecification\",\"valueRequired\":true,\"valueName\":\"search_term_string\"}}],\"inLanguage\":\"en-US\"},{\"@type\":\"Organization\",\"@id\":\"https:\\\/\\\/www.facecorner.lv\\\/#organization\",\"name\":\"Facecorner\",\"url\":\"https:\\\/\\\/www.facecorner.lv\\\/\",\"logo\":{\"@type\":\"ImageObject\",\"inLanguage\":\"en-US\",\"@id\":\"https:\\\/\\\/www.facecorner.lv\\\/#\\\/schema\\\/logo\\\/image\\\/\",\"url\":\"https:\\\/\\\/www.facecorner.lv\\\/wp-content\\\/uploads\\\/2024\\\/04\\\/fc-logo.jpg\",\"contentUrl\":\"https:\\\/\\\/www.facecorner.lv\\\/wp-content\\\/uploads\\\/2024\\\/04\\\/fc-logo.jpg\",\"width\":174,\"height\":28,\"caption\":\"Facecorner\"},\"image\":{\"@id\":\"https:\\\/\\\/www.facecorner.lv\\\/#\\\/schema\\\/logo\\\/image\\\/\"},\"sameAs\":[\"https:\\\/\\\/www.facebook.com\\\/profile.php?id=100063824551839\",\"https:\\\/\\\/www.instagram.com\\\/facecorner_shop\\\/\"]}]}<\/script>\n<meta property=\"product:price:amount\" content=\"25.00\" \/>\n<meta property=\"product:price:currency\" content=\"EUR\" \/>\n<meta property=\"og:availability\" content=\"out of stock\" \/>\n<meta property=\"product:availability\" content=\"out of stock\" \/>\n<meta property=\"product:condition\" content=\"new\" \/>\n<!-- \/ Yoast SEO plugin. -->","yoast_head_json":{"title":"Anua - Heartleaf Pore Control Cleansing Oil Mild 200ml - FACECORNER","description":"Anua Heartleaf Pore Control Cleansing Oil Mild ir att\u012bro\u0161a e\u013c\u013ca, kas \u012bpa\u0161i izstr\u0101d\u0101ta jut\u012bgai \u0101dai.T\u0101 ir nekomedog\u0113na un satur sirds lapu ekstraktu","robots":{"index":"index","follow":"follow","max-snippet":"max-snippet:-1","max-image-preview":"max-image-preview:large","max-video-preview":"max-video-preview:-1"},"canonical":"https:\/\/www.facecorner.lv\/en\/shop\/anua-heartleaf-pore-control-cleansing-oil-mild-200ml\/","og_locale":"en_US","og_type":"article","og_title":"Anua - Heartleaf Pore Control Cleansing Oil Mild 200ml - FACECORNER","og_description":"Anua Heartleaf Pore Control Cleansing Oil Mild ir att\u012bro\u0161a e\u013c\u013ca, kas \u012bpa\u0161i izstr\u0101d\u0101ta jut\u012bgai \u0101dai.T\u0101 ir nekomedog\u0113na un satur sirds lapu ekstraktu","og_url":"https:\/\/www.facecorner.lv\/en\/shop\/anua-heartleaf-pore-control-cleansing-oil-mild-200ml\/","og_site_name":"FACECORNER","article_publisher":"https:\/\/www.facebook.com\/profile.php?id=100063824551839","article_modified_time":"2024-12-02T20:19:20+00:00","og_image":[{"width":1000,"height":1000,"url":"https:\/\/www.facecorner.lv\/wp-content\/uploads\/2024\/08\/Heartleaf_Pore_Control_Cleansing_Oil_Mild_1.png.webp","type":"image\/webp"}],"twitter_card":"summary_large_image","twitter_misc":{"Price":"&euro;25.00","Availability":"Out of stock"},"schema":{"@context":"https:\/\/schema.org","@graph":[{"@type":"WebPage","@id":"https:\/\/www.facecorner.lv\/shop\/anua-heartleaf-pore-control-cleansing-oil-mild-200ml\/","url":"https:\/\/www.facecorner.lv\/shop\/anua-heartleaf-pore-control-cleansing-oil-mild-200ml\/","name":"Anua - Heartleaf Pore Control Cleansing Oil Mild 200ml - FACECORNER","isPartOf":{"@id":"https:\/\/www.facecorner.lv\/#website"},"primaryImageOfPage":{"@id":"https:\/\/www.facecorner.lv\/shop\/anua-heartleaf-pore-control-cleansing-oil-mild-200ml\/#primaryimage"},"image":{"@id":"https:\/\/www.facecorner.lv\/shop\/anua-heartleaf-pore-control-cleansing-oil-mild-200ml\/#primaryimage"},"thumbnailUrl":"https:\/\/www.facecorner.lv\/wp-content\/uploads\/2024\/08\/Heartleaf_Pore_Control_Cleansing_Oil_Mild_1.png.webp","datePublished":"2024-08-14T12:28:12+00:00","dateModified":"2024-12-02T20:19:20+00:00","description":"Anua Heartleaf Pore Control Cleansing Oil Mild ir att\u012bro\u0161a e\u013c\u013ca, kas \u012bpa\u0161i izstr\u0101d\u0101ta jut\u012bgai \u0101dai.T\u0101 ir nekomedog\u0113na un satur sirds lapu ekstraktu","breadcrumb":{"@id":"https:\/\/www.facecorner.lv\/shop\/anua-heartleaf-pore-control-cleansing-oil-mild-200ml\/#breadcrumb"},"inLanguage":"en-US","potentialAction":[{"@type":"ReadAction","target":["https:\/\/www.facecorner.lv\/shop\/anua-heartleaf-pore-control-cleansing-oil-mild-200ml\/"]}]},{"@type":"ImageObject","inLanguage":"en-US","@id":"https:\/\/www.facecorner.lv\/shop\/anua-heartleaf-pore-control-cleansing-oil-mild-200ml\/#primaryimage","url":"https:\/\/www.facecorner.lv\/wp-content\/uploads\/2024\/08\/Heartleaf_Pore_Control_Cleansing_Oil_Mild_1.png.webp","contentUrl":"https:\/\/www.facecorner.lv\/wp-content\/uploads\/2024\/08\/Heartleaf_Pore_Control_Cleansing_Oil_Mild_1.png.webp","width":1000,"height":1000,"caption":"Anua - Heartleaf Pore Control Cleansing Oil Mild 200ml"},{"@type":"BreadcrumbList","@id":"https:\/\/www.facecorner.lv\/shop\/anua-heartleaf-pore-control-cleansing-oil-mild-200ml\/#breadcrumb","itemListElement":[{"@type":"ListItem","position":1,"name":"Home","item":"https:\/\/www.facecorner.lv\/"},{"@type":"ListItem","position":2,"name":"Veikals","item":"https:\/\/www.facecorner.lv\/shop\/"},{"@type":"ListItem","position":3,"name":"Anua &#8212; Heartleaf Pore Control Cleansing Oil Mild 200ml"}]},{"@type":"WebSite","@id":"https:\/\/www.facecorner.lv\/#website","url":"https:\/\/www.facecorner.lv\/","name":"Facecorner","description":"","publisher":{"@id":"https:\/\/www.facecorner.lv\/#organization"},"potentialAction":[{"@type":"SearchAction","target":{"@type":"EntryPoint","urlTemplate":"https:\/\/www.facecorner.lv\/?s={search_term_string}"},"query-input":{"@type":"PropertyValueSpecification","valueRequired":true,"valueName":"search_term_string"}}],"inLanguage":"en-US"},{"@type":"Organization","@id":"https:\/\/www.facecorner.lv\/#organization","name":"Facecorner","url":"https:\/\/www.facecorner.lv\/","logo":{"@type":"ImageObject","inLanguage":"en-US","@id":"https:\/\/www.facecorner.lv\/#\/schema\/logo\/image\/","url":"https:\/\/www.facecorner.lv\/wp-content\/uploads\/2024\/04\/fc-logo.jpg","contentUrl":"https:\/\/www.facecorner.lv\/wp-content\/uploads\/2024\/04\/fc-logo.jpg","width":174,"height":28,"caption":"Facecorner"},"image":{"@id":"https:\/\/www.facecorner.lv\/#\/schema\/logo\/image\/"},"sameAs":["https:\/\/www.facebook.com\/profile.php?id=100063824551839","https:\/\/www.instagram.com\/facecorner_shop\/"]}]},"product_price_amount":"25.00","product_price_currency":"EUR","og_availability":"out of stock","product_availability":"out of stock","product_condition":"new"},"_links":{"self":[{"href":"https:\/\/www.facecorner.lv\/en\/wp-json\/wp\/v2\/product\/20344","targetHints":{"allow":["GET"]}}],"collection":[{"href":"https:\/\/www.facecorner.lv\/en\/wp-json\/wp\/v2\/product"}],"about":[{"href":"https:\/\/www.facecorner.lv\/en\/wp-json\/wp\/v2\/types\/product"}],"replies":[{"embeddable":true,"href":"https:\/\/www.facecorner.lv\/en\/wp-json\/wp\/v2\/comments?post=20344"}],"wp:featuredmedia":[{"embeddable":true,"href":"https:\/\/www.facecorner.lv\/en\/wp-json\/wp\/v2\/media\/20345"}],"wp:attachment":[{"href":"https:\/\/www.facecorner.lv\/en\/wp-json\/wp\/v2\/media?parent=20344"}],"wp:term":[{"taxonomy":"product_brand","embeddable":true,"href":"https:\/\/www.facecorner.lv\/en\/wp-json\/wp\/v2\/product_brand?post=20344"},{"taxonomy":"product_cat","embeddable":true,"href":"https:\/\/www.facecorner.lv\/en\/wp-json\/wp\/v2\/product_cat?post=20344"},{"taxonomy":"product_tag","embeddable":true,"href":"https:\/\/www.facecorner.lv\/en\/wp-json\/wp\/v2\/product_tag?post=20344"},{"taxonomy":"berocket_brand","embeddable":true,"href":"https:\/\/www.facecorner.lv\/en\/wp-json\/wp\/v2\/berocket_brand?post=20344"}],"curies":[{"name":"wp","href":"https:\/\/api.w.org\/{rel}","templated":true}]}}