{"id":20266,"date":"2024-08-06T10:49:54","date_gmt":"2024-08-06T08:49:54","guid":{"rendered":"https:\/\/www.facecorner.lv\/?post_type=product&#038;p=20266"},"modified":"2026-04-16T18:27:01","modified_gmt":"2026-04-16T15:27:01","slug":"medicube-triple-collagen-toner-140ml","status":"publish","type":"product","link":"https:\/\/www.facecorner.lv\/en\/shop\/medicube-triple-collagen-toner-140ml\/","title":{"rendered":"Medicube Triple Collagen Toner 140ml"},"content":{"rendered":"<p>Medicube Triple Collagen Toner ir bag\u0101tin\u0101ts ar hidroliz\u0113tu kolag\u0113nu, atelokolag\u0113nu un \u0161\u0137\u012bsto\u0161o kolag\u0113nu, kas uzlabo \u0101das elast\u012bbu un padara \u0101du elast\u012bgu. Tas satur ar\u012b hialuronsk\u0101bi, n\u0101trija hialuron\u0101tu, niacinam\u012bdu un glicer\u012bnu, kas nodro\u0161ina un saglab\u0101 mitrumu, vienlaikus uzlabojot \u0101das mirdzumu.<\/p>\n<p>Piem\u0113rots da\u017e\u0101diem \u0101das tipiem, tostarp jut\u012bgai \u0101dai.<\/p>\n<p>Medicube Triple Collagen Toner \u00a0Ieguvumi <span style=\"font-family: var(--g5-body-font); font-size: var(--g5-body-font-size); font-style: var(--g5-body-font-style); letter-spacing: var(--g5-body-letter-spacing); text-transform: var(--g5-body-text-transform);\">tr\u012bsk\u0101r\u0161i ar kolag\u0113nu bag\u0101tin\u0101ts toniks nodro\u0161ina svar\u012bgas uzturvielas, uzlabo \u0101das elast\u012bbu un mirdzumu. Bag\u0101ts ar hidroliz\u0113tu kolag\u0113nu, atelokolag\u0113nu un \u0161\u0137\u012bsto\u0161o kolag\u0113nu, kas mitrina \u0101du no iek\u0161puses un saglab\u0101 t\u0101s elast\u012bbu visas dienas garum\u0101.<\/span><\/p>\n<p><span style=\"font-family: var(--g5-body-font); font-size: var(--g5-body-font-size); font-style: var(--g5-body-font-style); letter-spacing: var(--g5-body-letter-spacing); text-transform: var(--g5-body-text-transform);\"> Pal\u012bdz uzlabot \u0101das tekst\u016bru un uzlabot \u0101das elast\u012bbu, lai t\u0101 izskat\u012btos starojo\u0161a un mirdzo\u0161a. Nodro\u0161ina dzi\u013cu mitrin\u0101\u0161anu, saglab\u0101 \u0101das mitrin\u0101\u0161anu un ilgsto\u0161u mitrino\u0161u iedarb\u012bbu. <\/span><\/p>\n<p><strong><span style=\"font-family: var(--g5-body-font); font-size: var(--g5-body-font-size); font-style: var(--g5-body-font-style); letter-spacing: var(--g5-body-letter-spacing); text-transform: var(--g5-body-text-transform);\">Kl\u012bniski p\u0101rbaud\u012bts, piem\u0113rots jut\u012bgai \u0101dai.<\/span><\/strong><\/p>\n<p><strong>Lieto\u0161\u0101na<\/strong>: P\u0113c att\u012br\u012b\u0161anas uzkl\u0101jiet kr\u0113mu m\u0113ren\u0101 daudzum\u0101 uz visas sejas un viegli noslaukiet, lai ies\u016bktos. Vai ar\u012b sajaukt ar ton\u0101lo vai b\u0101zes l\u012bdzekli zem grima, lai pie\u0161\u0137irtu \u0101dai starojo\u0161u izskatu.<\/p>\n<p><strong>Ingredientes: \u00a0<\/strong><span class=\"metafield-multi_line_text_field\">Aqua, Glycerin, Butylene Glycol, 1,2-Hexanediol, Dipropylene Glycol, Niacinamide, Propanediol, Trehalose, Polysorbate 60, Glycereth-25 PCA Isostearate, Ammonium Acryloyldimethyltaurate\/VP Copolymer, Hydroxyethylcellulose, Parfum, Ethylhexylglycerin, Adenosine, Disodium EDTA, Hydrolyzed Collagen, Sodium Hyaluronate, Soluble Collagen, Hyaluronic Acid, Disodium Phosphate, Atelocollagen, Desamido Collagen, Sodium Phosphate, Hydrolyzed Hyaluronic Acid, Collagen, Collagen Amino Acids, Procollagen, Collagen Extract, Benzyl Alcohol, Benzyl Benzoate, Citral, Citronellol, Geraniol, Hydroxycitronellal, Limonene, Linalool.<\/span><\/p>","protected":false},"excerpt":{"rendered":"<p>Medicube Triple Collagen Toner ir bag\u0101tin\u0101ts ar hidroliz\u0113tu kolag\u0113nu, atelokolag\u0113nu un \u0161\u0137\u012bsto\u0161o kolag\u0113nu, kas uzlabo \u0101das elast\u012bbu un padara \u0101du elast\u012bgu. Tas satur ar\u012b hialuronsk\u0101bi, n\u0101trija hialuron\u0101tu, niacinam\u012bdu un glicer\u012bnu, kas nodro\u0161ina un saglab\u0101 mitrumu, vienlaikus uzlabojot \u0101das mirdzumu.<\/p>","protected":false},"featured_media":20267,"comment_status":"closed","ping_status":"closed","template":"","meta":{"site-sidebar-layout":"default","site-content-layout":"","ast-site-content-layout":"default","site-content-style":"default","site-sidebar-style":"default","ast-global-header-display":"","ast-banner-title-visibility":"","ast-main-header-display":"","ast-hfb-above-header-display":"","ast-hfb-below-header-display":"","ast-hfb-mobile-header-display":"","site-post-title":"","ast-breadcrumbs-content":"","ast-featured-img":"","footer-sml-layout":"","theme-transparent-header-meta":"default","adv-header-id-meta":"","stick-header-meta":"","header-above-stick-meta":"","header-main-stick-meta":"","header-below-stick-meta":"","astra-migrate-meta-layouts":"set","ast-page-background-enabled":"default","ast-page-background-meta":{"desktop":{"background-color":"var(--ast-global-color-4)","background-image":"","background-repeat":"repeat","background-position":"center center","background-size":"auto","background-attachment":"scroll","background-type":"","background-media":"","overlay-type":"","overlay-color":"","overlay-opacity":"","overlay-gradient":""},"tablet":{"background-color":"","background-image":"","background-repeat":"repeat","background-position":"center center","background-size":"auto","background-attachment":"scroll","background-type":"","background-media":"","overlay-type":"","overlay-color":"","overlay-opacity":"","overlay-gradient":""},"mobile":{"background-color":"","background-image":"","background-repeat":"repeat","background-position":"center center","background-size":"auto","background-attachment":"scroll","background-type":"","background-media":"","overlay-type":"","overlay-color":"","overlay-opacity":"","overlay-gradient":""}},"ast-content-background-meta":{"desktop":{"background-color":"var(--ast-global-color-5)","background-image":"","background-repeat":"repeat","background-position":"center center","background-size":"auto","background-attachment":"scroll","background-type":"","background-media":"","overlay-type":"","overlay-color":"","overlay-opacity":"","overlay-gradient":""},"tablet":{"background-color":"var(--ast-global-color-5)","background-image":"","background-repeat":"repeat","background-position":"center center","background-size":"auto","background-attachment":"scroll","background-type":"","background-media":"","overlay-type":"","overlay-color":"","overlay-opacity":"","overlay-gradient":""},"mobile":{"background-color":"var(--ast-global-color-5)","background-image":"","background-repeat":"repeat","background-position":"center center","background-size":"auto","background-attachment":"scroll","background-type":"","background-media":"","overlay-type":"","overlay-color":"","overlay-opacity":"","overlay-gradient":""}}},"product_brand":[],"product_cat":[375,377,378,364,376],"product_tag":[],"berocket_brand":[579],"class_list":{"0":"post-20266","1":"product","2":"type-product","3":"status-publish","4":"has-post-thumbnail","6":"product_cat-jutigai-adai-toneri","7":"product_cat-problematiskai-adai-toneri","8":"product_cat-sausai-adai-toneri","9":"product_cat-toneri","10":"product_cat-kombinetai-adai-toneri","11":"berocket_brand-medicube","12":"desktop-align-left","13":"tablet-align-left","14":"mobile-align-left","16":"first","17":"outofstock","18":"sale","19":"taxable","20":"shipping-taxable","21":"purchasable","22":"product-type-simple","23":"add-to-wishlist-before_image"},"yoast_head":"<!-- This site is optimized with the Yoast SEO plugin v27.4 - https:\/\/yoast.com\/product\/yoast-seo-wordpress\/ -->\n<title>Medicube Triple Collagen Toner 140ml - FACECORNER<\/title>\n<meta name=\"description\" content=\"Medicube Triple Collagen Toner ir bag\u0101tin\u0101ts ar hidroliz\u0113tu kolag\u0113nu, atelokolag\u0113nu un \u0161\u0137\u012bsto\u0161o kolag\u0113nu, kas uzlabo \u0101das elast\u012bbu un padara \u0101du elast\u012bgu.\" \/>\n<meta name=\"robots\" content=\"index, follow, max-snippet:-1, max-image-preview:large, max-video-preview:-1\" \/>\n<link rel=\"canonical\" href=\"https:\/\/www.facecorner.lv\/en\/shop\/medicube-triple-collagen-toner-140ml\/\" \/>\n<meta property=\"og:locale\" content=\"en_US\" \/>\n<meta property=\"og:type\" content=\"article\" \/>\n<meta property=\"og:title\" content=\"Medicube Triple Collagen Toner 140ml - FACECORNER\" \/>\n<meta property=\"og:description\" content=\"Medicube Triple Collagen Toner ir bag\u0101tin\u0101ts ar hidroliz\u0113tu kolag\u0113nu, atelokolag\u0113nu un \u0161\u0137\u012bsto\u0161o kolag\u0113nu, kas uzlabo \u0101das elast\u012bbu un padara \u0101du elast\u012bgu.\" \/>\n<meta property=\"og:url\" content=\"https:\/\/www.facecorner.lv\/en\/shop\/medicube-triple-collagen-toner-140ml\/\" \/>\n<meta property=\"og:site_name\" content=\"FACECORNER\" \/>\n<meta property=\"article:publisher\" content=\"https:\/\/www.facebook.com\/profile.php?id=100063824551839\" \/>\n<meta property=\"article:modified_time\" content=\"2026-04-16T15:27:01+00:00\" \/>\n<meta property=\"og:image\" content=\"https:\/\/www.facecorner.lv\/wp-content\/uploads\/2024\/08\/51cZms3QJmL.jpg\" \/>\n\t<meta property=\"og:image:width\" content=\"2000\" \/>\n\t<meta property=\"og:image:height\" content=\"2000\" \/>\n\t<meta property=\"og:image:type\" content=\"image\/jpeg\" \/>\n<meta name=\"twitter:card\" content=\"summary_large_image\" \/>\n<meta name=\"twitter:label1\" content=\"Price\" \/>\n\t<meta name=\"twitter:data1\" content=\"&euro;25.00\" \/>\n\t<meta name=\"twitter:label2\" content=\"Availability\" \/>\n\t<meta name=\"twitter:data2\" content=\"Out of stock\" \/>\n<script type=\"application\/ld+json\" class=\"yoast-schema-graph\">{\"@context\":\"https:\\\/\\\/schema.org\",\"@graph\":[{\"@type\":\"WebPage\",\"@id\":\"https:\\\/\\\/www.facecorner.lv\\\/shop\\\/medicube-triple-collagen-toner-140ml\\\/\",\"url\":\"https:\\\/\\\/www.facecorner.lv\\\/shop\\\/medicube-triple-collagen-toner-140ml\\\/\",\"name\":\"Medicube Triple Collagen Toner 140ml - FACECORNER\",\"isPartOf\":{\"@id\":\"https:\\\/\\\/www.facecorner.lv\\\/#website\"},\"primaryImageOfPage\":{\"@id\":\"https:\\\/\\\/www.facecorner.lv\\\/shop\\\/medicube-triple-collagen-toner-140ml\\\/#primaryimage\"},\"image\":{\"@id\":\"https:\\\/\\\/www.facecorner.lv\\\/shop\\\/medicube-triple-collagen-toner-140ml\\\/#primaryimage\"},\"thumbnailUrl\":\"https:\\\/\\\/www.facecorner.lv\\\/wp-content\\\/uploads\\\/2024\\\/08\\\/51cZms3QJmL.jpg\",\"datePublished\":\"2024-08-06T08:49:54+00:00\",\"dateModified\":\"2026-04-16T15:27:01+00:00\",\"description\":\"Medicube Triple Collagen Toner ir bag\u0101tin\u0101ts ar hidroliz\u0113tu kolag\u0113nu, atelokolag\u0113nu un \u0161\u0137\u012bsto\u0161o kolag\u0113nu, kas uzlabo \u0101das elast\u012bbu un padara \u0101du elast\u012bgu.\",\"breadcrumb\":{\"@id\":\"https:\\\/\\\/www.facecorner.lv\\\/shop\\\/medicube-triple-collagen-toner-140ml\\\/#breadcrumb\"},\"inLanguage\":\"en-US\",\"potentialAction\":[{\"@type\":\"ReadAction\",\"target\":[\"https:\\\/\\\/www.facecorner.lv\\\/shop\\\/medicube-triple-collagen-toner-140ml\\\/\"]}]},{\"@type\":\"ImageObject\",\"inLanguage\":\"en-US\",\"@id\":\"https:\\\/\\\/www.facecorner.lv\\\/shop\\\/medicube-triple-collagen-toner-140ml\\\/#primaryimage\",\"url\":\"https:\\\/\\\/www.facecorner.lv\\\/wp-content\\\/uploads\\\/2024\\\/08\\\/51cZms3QJmL.jpg\",\"contentUrl\":\"https:\\\/\\\/www.facecorner.lv\\\/wp-content\\\/uploads\\\/2024\\\/08\\\/51cZms3QJmL.jpg\",\"width\":2000,\"height\":2000,\"caption\":\"Version 1.0.0\"},{\"@type\":\"BreadcrumbList\",\"@id\":\"https:\\\/\\\/www.facecorner.lv\\\/shop\\\/medicube-triple-collagen-toner-140ml\\\/#breadcrumb\",\"itemListElement\":[{\"@type\":\"ListItem\",\"position\":1,\"name\":\"Home\",\"item\":\"https:\\\/\\\/www.facecorner.lv\\\/\"},{\"@type\":\"ListItem\",\"position\":2,\"name\":\"Veikals\",\"item\":\"https:\\\/\\\/www.facecorner.lv\\\/shop\\\/\"},{\"@type\":\"ListItem\",\"position\":3,\"name\":\"Medicube Triple Collagen Toner 140ml\"}]},{\"@type\":\"WebSite\",\"@id\":\"https:\\\/\\\/www.facecorner.lv\\\/#website\",\"url\":\"https:\\\/\\\/www.facecorner.lv\\\/\",\"name\":\"Facecorner\",\"description\":\"\",\"publisher\":{\"@id\":\"https:\\\/\\\/www.facecorner.lv\\\/#organization\"},\"potentialAction\":[{\"@type\":\"SearchAction\",\"target\":{\"@type\":\"EntryPoint\",\"urlTemplate\":\"https:\\\/\\\/www.facecorner.lv\\\/?s={search_term_string}\"},\"query-input\":{\"@type\":\"PropertyValueSpecification\",\"valueRequired\":true,\"valueName\":\"search_term_string\"}}],\"inLanguage\":\"en-US\"},{\"@type\":\"Organization\",\"@id\":\"https:\\\/\\\/www.facecorner.lv\\\/#organization\",\"name\":\"Facecorner\",\"url\":\"https:\\\/\\\/www.facecorner.lv\\\/\",\"logo\":{\"@type\":\"ImageObject\",\"inLanguage\":\"en-US\",\"@id\":\"https:\\\/\\\/www.facecorner.lv\\\/#\\\/schema\\\/logo\\\/image\\\/\",\"url\":\"https:\\\/\\\/www.facecorner.lv\\\/wp-content\\\/uploads\\\/2024\\\/04\\\/fc-logo.jpg\",\"contentUrl\":\"https:\\\/\\\/www.facecorner.lv\\\/wp-content\\\/uploads\\\/2024\\\/04\\\/fc-logo.jpg\",\"width\":174,\"height\":28,\"caption\":\"Facecorner\"},\"image\":{\"@id\":\"https:\\\/\\\/www.facecorner.lv\\\/#\\\/schema\\\/logo\\\/image\\\/\"},\"sameAs\":[\"https:\\\/\\\/www.facebook.com\\\/profile.php?id=100063824551839\",\"https:\\\/\\\/www.instagram.com\\\/facecorner_shop\\\/\"]}]}<\/script>\n<meta property=\"product:price:amount\" content=\"25.00\" \/>\n<meta property=\"product:price:currency\" content=\"EUR\" \/>\n<meta property=\"og:availability\" content=\"out of stock\" \/>\n<meta property=\"product:availability\" content=\"out of stock\" \/>\n<meta property=\"product:condition\" content=\"new\" \/>\n<!-- \/ Yoast SEO plugin. -->","yoast_head_json":{"title":"Medicube Triple Collagen Toner 140ml - FACECORNER","description":"Medicube Triple Collagen Toner ir bag\u0101tin\u0101ts ar hidroliz\u0113tu kolag\u0113nu, atelokolag\u0113nu un \u0161\u0137\u012bsto\u0161o kolag\u0113nu, kas uzlabo \u0101das elast\u012bbu un padara \u0101du elast\u012bgu.","robots":{"index":"index","follow":"follow","max-snippet":"max-snippet:-1","max-image-preview":"max-image-preview:large","max-video-preview":"max-video-preview:-1"},"canonical":"https:\/\/www.facecorner.lv\/en\/shop\/medicube-triple-collagen-toner-140ml\/","og_locale":"en_US","og_type":"article","og_title":"Medicube Triple Collagen Toner 140ml - FACECORNER","og_description":"Medicube Triple Collagen Toner ir bag\u0101tin\u0101ts ar hidroliz\u0113tu kolag\u0113nu, atelokolag\u0113nu un \u0161\u0137\u012bsto\u0161o kolag\u0113nu, kas uzlabo \u0101das elast\u012bbu un padara \u0101du elast\u012bgu.","og_url":"https:\/\/www.facecorner.lv\/en\/shop\/medicube-triple-collagen-toner-140ml\/","og_site_name":"FACECORNER","article_publisher":"https:\/\/www.facebook.com\/profile.php?id=100063824551839","article_modified_time":"2026-04-16T15:27:01+00:00","og_image":[{"width":2000,"height":2000,"url":"https:\/\/www.facecorner.lv\/wp-content\/uploads\/2024\/08\/51cZms3QJmL.jpg","type":"image\/jpeg"}],"twitter_card":"summary_large_image","twitter_misc":{"Price":"&euro;25.00","Availability":"Out of stock"},"schema":{"@context":"https:\/\/schema.org","@graph":[{"@type":"WebPage","@id":"https:\/\/www.facecorner.lv\/shop\/medicube-triple-collagen-toner-140ml\/","url":"https:\/\/www.facecorner.lv\/shop\/medicube-triple-collagen-toner-140ml\/","name":"Medicube Triple Collagen Toner 140ml - FACECORNER","isPartOf":{"@id":"https:\/\/www.facecorner.lv\/#website"},"primaryImageOfPage":{"@id":"https:\/\/www.facecorner.lv\/shop\/medicube-triple-collagen-toner-140ml\/#primaryimage"},"image":{"@id":"https:\/\/www.facecorner.lv\/shop\/medicube-triple-collagen-toner-140ml\/#primaryimage"},"thumbnailUrl":"https:\/\/www.facecorner.lv\/wp-content\/uploads\/2024\/08\/51cZms3QJmL.jpg","datePublished":"2024-08-06T08:49:54+00:00","dateModified":"2026-04-16T15:27:01+00:00","description":"Medicube Triple Collagen Toner ir bag\u0101tin\u0101ts ar hidroliz\u0113tu kolag\u0113nu, atelokolag\u0113nu un \u0161\u0137\u012bsto\u0161o kolag\u0113nu, kas uzlabo \u0101das elast\u012bbu un padara \u0101du elast\u012bgu.","breadcrumb":{"@id":"https:\/\/www.facecorner.lv\/shop\/medicube-triple-collagen-toner-140ml\/#breadcrumb"},"inLanguage":"en-US","potentialAction":[{"@type":"ReadAction","target":["https:\/\/www.facecorner.lv\/shop\/medicube-triple-collagen-toner-140ml\/"]}]},{"@type":"ImageObject","inLanguage":"en-US","@id":"https:\/\/www.facecorner.lv\/shop\/medicube-triple-collagen-toner-140ml\/#primaryimage","url":"https:\/\/www.facecorner.lv\/wp-content\/uploads\/2024\/08\/51cZms3QJmL.jpg","contentUrl":"https:\/\/www.facecorner.lv\/wp-content\/uploads\/2024\/08\/51cZms3QJmL.jpg","width":2000,"height":2000,"caption":"Version 1.0.0"},{"@type":"BreadcrumbList","@id":"https:\/\/www.facecorner.lv\/shop\/medicube-triple-collagen-toner-140ml\/#breadcrumb","itemListElement":[{"@type":"ListItem","position":1,"name":"Home","item":"https:\/\/www.facecorner.lv\/"},{"@type":"ListItem","position":2,"name":"Veikals","item":"https:\/\/www.facecorner.lv\/shop\/"},{"@type":"ListItem","position":3,"name":"Medicube Triple Collagen Toner 140ml"}]},{"@type":"WebSite","@id":"https:\/\/www.facecorner.lv\/#website","url":"https:\/\/www.facecorner.lv\/","name":"Facecorner","description":"","publisher":{"@id":"https:\/\/www.facecorner.lv\/#organization"},"potentialAction":[{"@type":"SearchAction","target":{"@type":"EntryPoint","urlTemplate":"https:\/\/www.facecorner.lv\/?s={search_term_string}"},"query-input":{"@type":"PropertyValueSpecification","valueRequired":true,"valueName":"search_term_string"}}],"inLanguage":"en-US"},{"@type":"Organization","@id":"https:\/\/www.facecorner.lv\/#organization","name":"Facecorner","url":"https:\/\/www.facecorner.lv\/","logo":{"@type":"ImageObject","inLanguage":"en-US","@id":"https:\/\/www.facecorner.lv\/#\/schema\/logo\/image\/","url":"https:\/\/www.facecorner.lv\/wp-content\/uploads\/2024\/04\/fc-logo.jpg","contentUrl":"https:\/\/www.facecorner.lv\/wp-content\/uploads\/2024\/04\/fc-logo.jpg","width":174,"height":28,"caption":"Facecorner"},"image":{"@id":"https:\/\/www.facecorner.lv\/#\/schema\/logo\/image\/"},"sameAs":["https:\/\/www.facebook.com\/profile.php?id=100063824551839","https:\/\/www.instagram.com\/facecorner_shop\/"]}]},"product_price_amount":"25.00","product_price_currency":"EUR","og_availability":"out of stock","product_availability":"out of stock","product_condition":"new"},"_links":{"self":[{"href":"https:\/\/www.facecorner.lv\/en\/wp-json\/wp\/v2\/product\/20266","targetHints":{"allow":["GET"]}}],"collection":[{"href":"https:\/\/www.facecorner.lv\/en\/wp-json\/wp\/v2\/product"}],"about":[{"href":"https:\/\/www.facecorner.lv\/en\/wp-json\/wp\/v2\/types\/product"}],"replies":[{"embeddable":true,"href":"https:\/\/www.facecorner.lv\/en\/wp-json\/wp\/v2\/comments?post=20266"}],"wp:featuredmedia":[{"embeddable":true,"href":"https:\/\/www.facecorner.lv\/en\/wp-json\/wp\/v2\/media\/20267"}],"wp:attachment":[{"href":"https:\/\/www.facecorner.lv\/en\/wp-json\/wp\/v2\/media?parent=20266"}],"wp:term":[{"taxonomy":"product_brand","embeddable":true,"href":"https:\/\/www.facecorner.lv\/en\/wp-json\/wp\/v2\/product_brand?post=20266"},{"taxonomy":"product_cat","embeddable":true,"href":"https:\/\/www.facecorner.lv\/en\/wp-json\/wp\/v2\/product_cat?post=20266"},{"taxonomy":"product_tag","embeddable":true,"href":"https:\/\/www.facecorner.lv\/en\/wp-json\/wp\/v2\/product_tag?post=20266"},{"taxonomy":"berocket_brand","embeddable":true,"href":"https:\/\/www.facecorner.lv\/en\/wp-json\/wp\/v2\/berocket_brand?post=20266"}],"curies":[{"name":"wp","href":"https:\/\/api.w.org\/{rel}","templated":true}]}}