{"id":20260,"date":"2024-08-05T21:03:21","date_gmt":"2024-08-05T19:03:21","guid":{"rendered":"https:\/\/www.facecorner.lv\/?post_type=product&#038;p=20260"},"modified":"2025-12-14T23:15:19","modified_gmt":"2025-12-14T20:15:19","slug":"purito-wonder-releaf-centella-unscented-mini-kit","status":"publish","type":"product","link":"https:\/\/www.facecorner.lv\/en\/shop\/purito-wonder-releaf-centella-unscented-mini-kit\/","title":{"rendered":"Purito Wonder Releaf Centella Unscented Mini Kit"},"content":{"rendered":"<p>Purito Wonder Releaf Centella Unscented Mini Kit sast\u0101v no trim produktiem, kas ir ide\u0101li piem\u0113roti visiem \u0101das tipiem, pat jut\u012bg\u0101kajiem. Visi komplekta produkti nesatur e\u013c\u013cas, smar\u017evielas un kr\u0101svielas, t\u0101p\u0113c tie nerada kairin\u0101jumu un aps\u0101rtumu.<\/p>\n<p>L\u012bnijas pamat\u0101 ir Centella asiatica ekstrakts, kas dzi\u013ci baro un mitrina \u0101du, veicina \u0101tr\u0101ku \u0161\u016bnu re\u0123ener\u0101ciju un uzreiz nomierina. Ceram\u012bdi atjauno boj\u0101to \u0101das barjeru un nov\u0113r\u0161 dehidrat\u0101ciju.<\/p>\n<p>Produktu ce\u013cojam\u0101s versijas \u013cauj \u0146emt tos l\u012bdzi ce\u013cojum\u0101, un \u0161is komplekts ir ar\u012b lieliska d\u0101vana, kas noteikti iepriecin\u0101s sa\u0146\u0113m\u0113ju.<\/p>\n<p><strong>Regul\u0101ra lieto\u0161ana:<\/strong><\/p>\n<ul>\n<li>nomierina un atdz\u012bvina \u0101du;<\/li>\n<li><span style=\"font-family: var(--g5-body-font); font-size: var(--g5-body-font-size); font-style: var(--g5-body-font-style); letter-spacing: var(--g5-body-letter-spacing); text-transform: var(--g5-body-text-transform);\">regul\u0113 hidrolip\u012bdu l\u012bdzsvaru;<\/span><\/li>\n<li><span style=\"font-family: var(--g5-body-font); font-size: var(--g5-body-font-size); font-style: var(--g5-body-font-style); letter-spacing: var(--g5-body-letter-spacing); text-transform: var(--g5-body-text-transform);\">mazina iekaisumu un kairin\u0101jumu;<\/span><\/li>\n<li><span style=\"font-family: var(--g5-body-font); font-size: var(--g5-body-font-size); font-style: var(--g5-body-font-style); letter-spacing: var(--g5-body-letter-spacing); text-transform: var(--g5-body-text-transform);\">uzlabo \u0101das aizsargfunkcijas<\/span><\/li>\n<\/ul>\n<p><strong>Purito Wonder Releaf Centella bez arom\u0101ta Mini komplekt\u0101 ietilpst:<\/strong><\/p>\n<ul>\n<li><strong>Purito Wonder Releaf Centella toniks <\/strong>&#8211; t\u016bl\u012bt\u0113ji atjauno \u0101das pH l\u012bdzsvaru p\u0113c mazg\u0101\u0161anas. Centella Asiatica ekstrakts mazina kairin\u0101jumu un iekaisumu, savuk\u0101rt hialuronsk\u0101be nodro\u0161ina \u0101du ar mitrumu un nov\u0113r\u0161 sausumu.<\/li>\n<li><span style=\"font-family: var(--g5-body-font); font-size: var(--g5-body-font-size); font-style: var(--g5-body-font-style); letter-spacing: var(--g5-body-letter-spacing); text-transform: var(--g5-body-text-transform);\"><strong>Purito Wonder Releaf Centella serums <\/strong>\u00a0&#8211; mitrina sausu \u0101du un mazina paaugstin\u0101tu jut\u012bbu. Pateicoties centellas ekstraktam, tas pa\u0101trina re\u0123ener\u0101cijas procesus, nov\u0113r\u0161 \u0161\u016bnu dehidrat\u0101ciju un izsitumu ra\u0161anos. Seruma sast\u0101v\u0101 eso\u0161ie keram\u012bdi atjauno \u0101das barjeru un uztur vesel\u012bgu hidrolip\u012bdu l\u012bdzsvaru.<\/span><\/li>\n<li><span style=\"font-family: var(--g5-body-font); font-size: var(--g5-body-font-size); font-style: var(--g5-body-font-style); letter-spacing: var(--g5-body-letter-spacing); text-transform: var(--g5-body-text-transform);\"><strong>Purito Wonder Releaf Centella kr\u0113ms<\/strong>&#8211; satur ledus s\u0113nes ekstraktu, kas piepilda \u0161\u016bnas ar mitrumu un nov\u0113r\u0161 t\u0101 iztvaiko\u0161anu no \u0101das virsmas. Savuk\u0101rt niacinam\u012bds izl\u012bdzina sejas toni un uzlabo \u0101das turgoru. Centella asiatica ekstrakts veicina \u0101tr\u0101ku re\u0123ener\u0101ciju, nov\u0113r\u0161 aps\u0101rtumu un iekaisumu, neradot sausuma saj\u016btu.<\/span><\/li>\n<\/ul>\n<p><strong>How to use:<\/strong>: p\u0113c att\u012br\u012b\u0161anas ar vates spilventi\u0146u vai plaukst\u0101m uzkl\u0101t toniku, p\u0113c tam uzkl\u0101t da\u017eus pilienus seruma un vienm\u0113r\u012bgi izkl\u0101t pa seju. P\u0113c tam pabeidziet proced\u016bru ar sejas kr\u0113mu. Pagaidiet, l\u012bdz piln\u012bb\u0101 ies\u016bcas.<\/p>\n<p><strong>Apjoms<\/strong>: toniks 30 ml, serums 15 ml, kr\u0113ms 15 ml.<\/p>\n<p class=\"translation-block\">Ingredientes:<\/p>\n<p><strong>Toner:<\/strong> Water, Butylene Glycol, Pentylene Glycol, Dipropylene Glycol, 1,2-Hexanediol, Centella Asiatica Extract(6,000ppm), Sodium Hyaluronate, Panthenol, Madecassoside, Asiaticoside, Madecassic Acid, Asiatic Acid, Trehalose, Carbomer, Allantoin, Arginine, Ethylhexylglycerin, Disodium EDTA, Portulaca Oleracea Extract<\/p>\n<p><strong>Serum:<\/strong> Water, Glycerin, Dipropylene Glycol, Propanediol, Centella Asiatica Extract(34,860ppm), Butylene Glycol, Niacinamide, 1,2-Hexanediol, Sodium Hyaluronate, Panthenol, Madecassoside, Asiaticoside, Madecassic Acid, Asiatic Acid, Centella Asiatica Callus Extracellular Vesicles(10ppm), Allantoin, Palmitoyl Tetrapeptide-7, Palmitoyl Hexapeptide-12, Palmitoyl Tripeptide-1, Palmitoyl Dipeptide-10, Carbomer, Polyglyceryl-10 Laurate, Polyglyceryl-10 Myristate, Hydrolyzed Jojoba Esters, Tromethamine, Ethylhexylglycerin, Xanthan Gum, Dipotassium Glycyrrhizate, Adenosine, Disodium EDTA, Sucrose Stearate, Glyceryl Stearate, Hydrogenated lecithin, Polyglyceryl-10 Stearate, Ceramide NP, Camellia Sinensis Leaf Extract, Pancratium Maritimum Extract<\/p>\n<p><strong>Cream:<\/strong> Water, Caprylic\/Capric Triglyceride, Macadamia Ternifolia Seed Oil, Squalane, Butylene Glycol, Cetearyl Alcohol, Glycerin, Centella Asiatica Extract(29,891ppm), Niacinamide, 1,2-Hexanediol, Potassium Cetyl Phosphate, Ceramide NP, Madecassic Acid, Asiaticoside, Asiatic Acid, Behenic Acid, Betaine, Tromethamine, Butyrospermum Parkii (Shea) Butter, Hydrogenated Lecithin, Palmitic Acid, Stearic Acid, Caprylyl Glycol, Candida Bombicola\/Glucose\/Methyl Rapeseedate Ferment, Carbomer, Xanthan Gum, Hydroxyethylcellulose, Oryza Sativa (Rice) Germ Oil, Cocos Nucifera (Coconut) Oil, Sodium Carbomer, Adenosine, Phytosphingosine, Myristic Acid, Arachidic Acid, Tremella Fuciformis (Mushroom) Extract, Perilla Ocymoides Seed Extract, Sodium Hyaluronate, Beta-Glucan<\/p>\n<p>&nbsp;<\/p>","protected":false},"excerpt":{"rendered":"<p>Purito Wonder Releaf Centella Unscented Mini Kit sast\u0101v no trim produktiem, kas ir ide\u0101li piem\u0113roti visiem \u0101das tipiem, pat jut\u012bg\u0101kajiem. Visi komplekta produkti nesatur e\u013c\u013cas, smar\u017evielas un kr\u0101svielas, t\u0101p\u0113c tie nerada kairin\u0101jumu un aps\u0101rtumu.<\/p>","protected":false},"featured_media":20261,"comment_status":"open","ping_status":"closed","template":"","meta":{"site-sidebar-layout":"default","site-content-layout":"","ast-site-content-layout":"","site-content-style":"default","site-sidebar-style":"default","ast-global-header-display":"","ast-banner-title-visibility":"","ast-main-header-display":"","ast-hfb-above-header-display":"","ast-hfb-below-header-display":"","ast-hfb-mobile-header-display":"","site-post-title":"","ast-breadcrumbs-content":"","ast-featured-img":"","footer-sml-layout":"","theme-transparent-header-meta":"","adv-header-id-meta":"","stick-header-meta":"","header-above-stick-meta":"","header-main-stick-meta":"","header-below-stick-meta":"","astra-migrate-meta-layouts":"default","ast-page-background-enabled":"default","ast-page-background-meta":{"desktop":{"background-color":"var(--ast-global-color-4)","background-image":"","background-repeat":"repeat","background-position":"center center","background-size":"auto","background-attachment":"scroll","background-type":"","background-media":"","overlay-type":"","overlay-color":"","overlay-opacity":"","overlay-gradient":""},"tablet":{"background-color":"","background-image":"","background-repeat":"repeat","background-position":"center center","background-size":"auto","background-attachment":"scroll","background-type":"","background-media":"","overlay-type":"","overlay-color":"","overlay-opacity":"","overlay-gradient":""},"mobile":{"background-color":"","background-image":"","background-repeat":"repeat","background-position":"center center","background-size":"auto","background-attachment":"scroll","background-type":"","background-media":"","overlay-type":"","overlay-color":"","overlay-opacity":"","overlay-gradient":""}},"ast-content-background-meta":{"desktop":{"background-color":"var(--ast-global-color-5)","background-image":"","background-repeat":"repeat","background-position":"center center","background-size":"auto","background-attachment":"scroll","background-type":"","background-media":"","overlay-type":"","overlay-color":"","overlay-opacity":"","overlay-gradient":""},"tablet":{"background-color":"var(--ast-global-color-5)","background-image":"","background-repeat":"repeat","background-position":"center center","background-size":"auto","background-attachment":"scroll","background-type":"","background-media":"","overlay-type":"","overlay-color":"","overlay-opacity":"","overlay-gradient":""},"mobile":{"background-color":"var(--ast-global-color-5)","background-image":"","background-repeat":"repeat","background-position":"center center","background-size":"auto","background-attachment":"scroll","background-type":"","background-media":"","overlay-type":"","overlay-color":"","overlay-opacity":"","overlay-gradient":""}}},"product_brand":[],"product_cat":[318],"product_tag":[],"berocket_brand":[],"class_list":{"0":"post-20260","1":"product","2":"type-product","3":"status-publish","4":"has-post-thumbnail","6":"product_cat-komplekti-sejai","7":"desktop-align-left","8":"tablet-align-left","9":"mobile-align-left","11":"first","12":"outofstock","13":"taxable","14":"shipping-taxable","15":"purchasable","16":"product-type-simple","17":"add-to-wishlist-before_image"},"yoast_head":"<!-- This site is optimized with the Yoast SEO plugin v27.3 - https:\/\/yoast.com\/product\/yoast-seo-wordpress\/ -->\n<title>Purito Wonder Releaf Centella Unscented Mini Kit - FACECORNER<\/title>\n<meta name=\"description\" content=\"Purito Wonder Releaf Centella Unscented Mini Kit sast\u0101v no trim produktiem, kas ir ide\u0101li piem\u0113roti visiem \u0101das tipiem, pat jut\u012bg\u0101kajiem.\" \/>\n<meta name=\"robots\" content=\"index, follow, max-snippet:-1, max-image-preview:large, max-video-preview:-1\" \/>\n<link rel=\"canonical\" href=\"https:\/\/www.facecorner.lv\/en\/shop\/purito-wonder-releaf-centella-unscented-mini-kit\/\" \/>\n<meta property=\"og:locale\" content=\"en_US\" \/>\n<meta property=\"og:type\" content=\"article\" \/>\n<meta property=\"og:title\" content=\"Purito Wonder Releaf Centella Unscented Mini Kit - FACECORNER\" \/>\n<meta property=\"og:description\" content=\"Purito Wonder Releaf Centella Unscented Mini Kit sast\u0101v no trim produktiem, kas ir ide\u0101li piem\u0113roti visiem \u0101das tipiem, pat jut\u012bg\u0101kajiem.\" \/>\n<meta property=\"og:url\" content=\"https:\/\/www.facecorner.lv\/en\/shop\/purito-wonder-releaf-centella-unscented-mini-kit\/\" \/>\n<meta property=\"og:site_name\" content=\"FACECORNER\" \/>\n<meta property=\"article:publisher\" content=\"https:\/\/www.facebook.com\/profile.php?id=100063824551839\" \/>\n<meta property=\"article:modified_time\" content=\"2025-12-14T20:15:19+00:00\" \/>\n<meta property=\"og:image\" content=\"https:\/\/www.facecorner.lv\/wp-content\/uploads\/2024\/08\/PURITOCentellaUnscentedMiniKitkelioniniodydziopriemoniurinkinys.png.webp\" \/>\n\t<meta property=\"og:image:width\" content=\"1080\" \/>\n\t<meta property=\"og:image:height\" content=\"1080\" \/>\n\t<meta property=\"og:image:type\" content=\"image\/webp\" \/>\n<meta name=\"twitter:card\" content=\"summary_large_image\" \/>\n<meta name=\"twitter:label1\" content=\"Price\" \/>\n\t<meta name=\"twitter:data1\" content=\"&euro;22.00\" \/>\n\t<meta name=\"twitter:label2\" content=\"Availability\" \/>\n\t<meta name=\"twitter:data2\" content=\"Out of stock\" \/>\n<script type=\"application\/ld+json\" class=\"yoast-schema-graph\">{\"@context\":\"https:\\\/\\\/schema.org\",\"@graph\":[{\"@type\":\"WebPage\",\"@id\":\"https:\\\/\\\/www.facecorner.lv\\\/shop\\\/purito-wonder-releaf-centella-unscented-mini-kit\\\/\",\"url\":\"https:\\\/\\\/www.facecorner.lv\\\/shop\\\/purito-wonder-releaf-centella-unscented-mini-kit\\\/\",\"name\":\"Purito Wonder Releaf Centella Unscented Mini Kit - FACECORNER\",\"isPartOf\":{\"@id\":\"https:\\\/\\\/www.facecorner.lv\\\/#website\"},\"primaryImageOfPage\":{\"@id\":\"https:\\\/\\\/www.facecorner.lv\\\/shop\\\/purito-wonder-releaf-centella-unscented-mini-kit\\\/#primaryimage\"},\"image\":{\"@id\":\"https:\\\/\\\/www.facecorner.lv\\\/shop\\\/purito-wonder-releaf-centella-unscented-mini-kit\\\/#primaryimage\"},\"thumbnailUrl\":\"https:\\\/\\\/www.facecorner.lv\\\/wp-content\\\/uploads\\\/2024\\\/08\\\/PURITOCentellaUnscentedMiniKitkelioniniodydziopriemoniurinkinys.png.webp\",\"datePublished\":\"2024-08-05T19:03:21+00:00\",\"dateModified\":\"2025-12-14T20:15:19+00:00\",\"description\":\"Purito Wonder Releaf Centella Unscented Mini Kit sast\u0101v no trim produktiem, kas ir ide\u0101li piem\u0113roti visiem \u0101das tipiem, pat jut\u012bg\u0101kajiem.\",\"breadcrumb\":{\"@id\":\"https:\\\/\\\/www.facecorner.lv\\\/shop\\\/purito-wonder-releaf-centella-unscented-mini-kit\\\/#breadcrumb\"},\"inLanguage\":\"en-US\",\"potentialAction\":[{\"@type\":\"ReadAction\",\"target\":[\"https:\\\/\\\/www.facecorner.lv\\\/shop\\\/purito-wonder-releaf-centella-unscented-mini-kit\\\/\"]}]},{\"@type\":\"ImageObject\",\"inLanguage\":\"en-US\",\"@id\":\"https:\\\/\\\/www.facecorner.lv\\\/shop\\\/purito-wonder-releaf-centella-unscented-mini-kit\\\/#primaryimage\",\"url\":\"https:\\\/\\\/www.facecorner.lv\\\/wp-content\\\/uploads\\\/2024\\\/08\\\/PURITOCentellaUnscentedMiniKitkelioniniodydziopriemoniurinkinys.png.webp\",\"contentUrl\":\"https:\\\/\\\/www.facecorner.lv\\\/wp-content\\\/uploads\\\/2024\\\/08\\\/PURITOCentellaUnscentedMiniKitkelioniniodydziopriemoniurinkinys.png.webp\",\"width\":1080,\"height\":1080,\"caption\":\"Purito Wonder Releaf Centella Unscented Mini Kit\"},{\"@type\":\"BreadcrumbList\",\"@id\":\"https:\\\/\\\/www.facecorner.lv\\\/shop\\\/purito-wonder-releaf-centella-unscented-mini-kit\\\/#breadcrumb\",\"itemListElement\":[{\"@type\":\"ListItem\",\"position\":1,\"name\":\"Home\",\"item\":\"https:\\\/\\\/www.facecorner.lv\\\/\"},{\"@type\":\"ListItem\",\"position\":2,\"name\":\"Veikals\",\"item\":\"https:\\\/\\\/www.facecorner.lv\\\/shop\\\/\"},{\"@type\":\"ListItem\",\"position\":3,\"name\":\"Purito Wonder Releaf Centella Unscented Mini Kit\"}]},{\"@type\":\"WebSite\",\"@id\":\"https:\\\/\\\/www.facecorner.lv\\\/#website\",\"url\":\"https:\\\/\\\/www.facecorner.lv\\\/\",\"name\":\"Facecorner\",\"description\":\"\",\"publisher\":{\"@id\":\"https:\\\/\\\/www.facecorner.lv\\\/#organization\"},\"potentialAction\":[{\"@type\":\"SearchAction\",\"target\":{\"@type\":\"EntryPoint\",\"urlTemplate\":\"https:\\\/\\\/www.facecorner.lv\\\/?s={search_term_string}\"},\"query-input\":{\"@type\":\"PropertyValueSpecification\",\"valueRequired\":true,\"valueName\":\"search_term_string\"}}],\"inLanguage\":\"en-US\"},{\"@type\":\"Organization\",\"@id\":\"https:\\\/\\\/www.facecorner.lv\\\/#organization\",\"name\":\"Facecorner\",\"url\":\"https:\\\/\\\/www.facecorner.lv\\\/\",\"logo\":{\"@type\":\"ImageObject\",\"inLanguage\":\"en-US\",\"@id\":\"https:\\\/\\\/www.facecorner.lv\\\/#\\\/schema\\\/logo\\\/image\\\/\",\"url\":\"https:\\\/\\\/www.facecorner.lv\\\/wp-content\\\/uploads\\\/2024\\\/04\\\/fc-logo.jpg\",\"contentUrl\":\"https:\\\/\\\/www.facecorner.lv\\\/wp-content\\\/uploads\\\/2024\\\/04\\\/fc-logo.jpg\",\"width\":174,\"height\":28,\"caption\":\"Facecorner\"},\"image\":{\"@id\":\"https:\\\/\\\/www.facecorner.lv\\\/#\\\/schema\\\/logo\\\/image\\\/\"},\"sameAs\":[\"https:\\\/\\\/www.facebook.com\\\/profile.php?id=100063824551839\",\"https:\\\/\\\/www.instagram.com\\\/facecorner_shop\\\/\"]}]}<\/script>\n<meta property=\"product:price:amount\" content=\"22.00\" \/>\n<meta property=\"product:price:currency\" content=\"EUR\" \/>\n<meta property=\"og:availability\" content=\"out of stock\" \/>\n<meta property=\"product:availability\" content=\"out of stock\" \/>\n<meta property=\"product:condition\" content=\"new\" \/>\n<!-- \/ Yoast SEO plugin. -->","yoast_head_json":{"title":"Purito Wonder Releaf Centella Unscented Mini Kit - FACECORNER","description":"Purito Wonder Releaf Centella Unscented Mini Kit sast\u0101v no trim produktiem, kas ir ide\u0101li piem\u0113roti visiem \u0101das tipiem, pat jut\u012bg\u0101kajiem.","robots":{"index":"index","follow":"follow","max-snippet":"max-snippet:-1","max-image-preview":"max-image-preview:large","max-video-preview":"max-video-preview:-1"},"canonical":"https:\/\/www.facecorner.lv\/en\/shop\/purito-wonder-releaf-centella-unscented-mini-kit\/","og_locale":"en_US","og_type":"article","og_title":"Purito Wonder Releaf Centella Unscented Mini Kit - FACECORNER","og_description":"Purito Wonder Releaf Centella Unscented Mini Kit sast\u0101v no trim produktiem, kas ir ide\u0101li piem\u0113roti visiem \u0101das tipiem, pat jut\u012bg\u0101kajiem.","og_url":"https:\/\/www.facecorner.lv\/en\/shop\/purito-wonder-releaf-centella-unscented-mini-kit\/","og_site_name":"FACECORNER","article_publisher":"https:\/\/www.facebook.com\/profile.php?id=100063824551839","article_modified_time":"2025-12-14T20:15:19+00:00","og_image":[{"width":1080,"height":1080,"url":"https:\/\/www.facecorner.lv\/wp-content\/uploads\/2024\/08\/PURITOCentellaUnscentedMiniKitkelioniniodydziopriemoniurinkinys.png.webp","type":"image\/webp"}],"twitter_card":"summary_large_image","twitter_misc":{"Price":"&euro;22.00","Availability":"Out of stock"},"schema":{"@context":"https:\/\/schema.org","@graph":[{"@type":"WebPage","@id":"https:\/\/www.facecorner.lv\/shop\/purito-wonder-releaf-centella-unscented-mini-kit\/","url":"https:\/\/www.facecorner.lv\/shop\/purito-wonder-releaf-centella-unscented-mini-kit\/","name":"Purito Wonder Releaf Centella Unscented Mini Kit - FACECORNER","isPartOf":{"@id":"https:\/\/www.facecorner.lv\/#website"},"primaryImageOfPage":{"@id":"https:\/\/www.facecorner.lv\/shop\/purito-wonder-releaf-centella-unscented-mini-kit\/#primaryimage"},"image":{"@id":"https:\/\/www.facecorner.lv\/shop\/purito-wonder-releaf-centella-unscented-mini-kit\/#primaryimage"},"thumbnailUrl":"https:\/\/www.facecorner.lv\/wp-content\/uploads\/2024\/08\/PURITOCentellaUnscentedMiniKitkelioniniodydziopriemoniurinkinys.png.webp","datePublished":"2024-08-05T19:03:21+00:00","dateModified":"2025-12-14T20:15:19+00:00","description":"Purito Wonder Releaf Centella Unscented Mini Kit sast\u0101v no trim produktiem, kas ir ide\u0101li piem\u0113roti visiem \u0101das tipiem, pat jut\u012bg\u0101kajiem.","breadcrumb":{"@id":"https:\/\/www.facecorner.lv\/shop\/purito-wonder-releaf-centella-unscented-mini-kit\/#breadcrumb"},"inLanguage":"en-US","potentialAction":[{"@type":"ReadAction","target":["https:\/\/www.facecorner.lv\/shop\/purito-wonder-releaf-centella-unscented-mini-kit\/"]}]},{"@type":"ImageObject","inLanguage":"en-US","@id":"https:\/\/www.facecorner.lv\/shop\/purito-wonder-releaf-centella-unscented-mini-kit\/#primaryimage","url":"https:\/\/www.facecorner.lv\/wp-content\/uploads\/2024\/08\/PURITOCentellaUnscentedMiniKitkelioniniodydziopriemoniurinkinys.png.webp","contentUrl":"https:\/\/www.facecorner.lv\/wp-content\/uploads\/2024\/08\/PURITOCentellaUnscentedMiniKitkelioniniodydziopriemoniurinkinys.png.webp","width":1080,"height":1080,"caption":"Purito Wonder Releaf Centella Unscented Mini Kit"},{"@type":"BreadcrumbList","@id":"https:\/\/www.facecorner.lv\/shop\/purito-wonder-releaf-centella-unscented-mini-kit\/#breadcrumb","itemListElement":[{"@type":"ListItem","position":1,"name":"Home","item":"https:\/\/www.facecorner.lv\/"},{"@type":"ListItem","position":2,"name":"Veikals","item":"https:\/\/www.facecorner.lv\/shop\/"},{"@type":"ListItem","position":3,"name":"Purito Wonder Releaf Centella Unscented Mini Kit"}]},{"@type":"WebSite","@id":"https:\/\/www.facecorner.lv\/#website","url":"https:\/\/www.facecorner.lv\/","name":"Facecorner","description":"","publisher":{"@id":"https:\/\/www.facecorner.lv\/#organization"},"potentialAction":[{"@type":"SearchAction","target":{"@type":"EntryPoint","urlTemplate":"https:\/\/www.facecorner.lv\/?s={search_term_string}"},"query-input":{"@type":"PropertyValueSpecification","valueRequired":true,"valueName":"search_term_string"}}],"inLanguage":"en-US"},{"@type":"Organization","@id":"https:\/\/www.facecorner.lv\/#organization","name":"Facecorner","url":"https:\/\/www.facecorner.lv\/","logo":{"@type":"ImageObject","inLanguage":"en-US","@id":"https:\/\/www.facecorner.lv\/#\/schema\/logo\/image\/","url":"https:\/\/www.facecorner.lv\/wp-content\/uploads\/2024\/04\/fc-logo.jpg","contentUrl":"https:\/\/www.facecorner.lv\/wp-content\/uploads\/2024\/04\/fc-logo.jpg","width":174,"height":28,"caption":"Facecorner"},"image":{"@id":"https:\/\/www.facecorner.lv\/#\/schema\/logo\/image\/"},"sameAs":["https:\/\/www.facebook.com\/profile.php?id=100063824551839","https:\/\/www.instagram.com\/facecorner_shop\/"]}]},"product_price_amount":"22.00","product_price_currency":"EUR","og_availability":"out of stock","product_availability":"out of stock","product_condition":"new"},"_links":{"self":[{"href":"https:\/\/www.facecorner.lv\/en\/wp-json\/wp\/v2\/product\/20260","targetHints":{"allow":["GET"]}}],"collection":[{"href":"https:\/\/www.facecorner.lv\/en\/wp-json\/wp\/v2\/product"}],"about":[{"href":"https:\/\/www.facecorner.lv\/en\/wp-json\/wp\/v2\/types\/product"}],"replies":[{"embeddable":true,"href":"https:\/\/www.facecorner.lv\/en\/wp-json\/wp\/v2\/comments?post=20260"}],"wp:featuredmedia":[{"embeddable":true,"href":"https:\/\/www.facecorner.lv\/en\/wp-json\/wp\/v2\/media\/20261"}],"wp:attachment":[{"href":"https:\/\/www.facecorner.lv\/en\/wp-json\/wp\/v2\/media?parent=20260"}],"wp:term":[{"taxonomy":"product_brand","embeddable":true,"href":"https:\/\/www.facecorner.lv\/en\/wp-json\/wp\/v2\/product_brand?post=20260"},{"taxonomy":"product_cat","embeddable":true,"href":"https:\/\/www.facecorner.lv\/en\/wp-json\/wp\/v2\/product_cat?post=20260"},{"taxonomy":"product_tag","embeddable":true,"href":"https:\/\/www.facecorner.lv\/en\/wp-json\/wp\/v2\/product_tag?post=20260"},{"taxonomy":"berocket_brand","embeddable":true,"href":"https:\/\/www.facecorner.lv\/en\/wp-json\/wp\/v2\/berocket_brand?post=20260"}],"curies":[{"name":"wp","href":"https:\/\/api.w.org\/{rel}","templated":true}]}}