{"id":20238,"date":"2024-08-02T14:30:42","date_gmt":"2024-08-02T12:30:42","guid":{"rendered":"https:\/\/www.facecorner.lv\/?post_type=product&#038;p=20238"},"modified":"2025-07-31T14:08:03","modified_gmt":"2025-07-31T11:08:03","slug":"round-lab-birch-juice-moisturizing-sun-cushion-spf50-pa","status":"publish","type":"product","link":"https:\/\/www.facecorner.lv\/en\/shop\/round-lab-birch-juice-moisturizing-sun-cushion-spf50-pa\/","title":{"rendered":"Round Lab Birch Juice Moisturizing Sun Cushion SPF50+ PA++++"},"content":{"rendered":"<p>Round Lab Birch Juice Moisturizing Sun Cushion SPF50 uzkl\u0101\u0161anas br\u012bd\u012b pat\u012bkami atv\u0113sina, nomierina, mitrina un veido aizsargbarjeru uz \u0101das, kas atstaro UV starus. Tas mazina kairin\u0101jumu un aps\u0101rtumu un pazemina \u0101das temperat\u016bru.<\/p>\n<p>L\u012bdzeklis lieliski atjauno aizsargsl\u0101ni visas dienas garum\u0101. Tas rada dabisku p\u0101rkl\u0101jumu, izgaismo un izl\u012bdzina toni, nov\u0113r\u0161 saules apdegumus, aps\u0101rtumu un ultraviolet\u0101s gaismas rad\u012bto pigment\u0101ciju.<\/p>\n<p>L\u012bdzeklis satur hipoaler\u0123iskus fizik\u0101los filtrus &#8211; cinka oks\u012bdu un tit\u0101na dioks\u012bdu. Tie nesatur nanoda\u013ci\u0146as, nerada kairin\u0101jumu, neiz\u017e\u016bst un neatst\u0101j lip\u012bgumu.<\/p>\n<p>Sast\u0101v\u0101 eso\u0161\u0101s b\u0113rzu sulas (1045 ppm) intens\u012bvi mitrina, nov\u0113r\u0161 \u0101das dehidrat\u0101ciju un lob\u012b\u0161anos, pies\u0101tina \u0161\u016bnas ar miner\u0101lviel\u0101m un aminosk\u0101b\u0113m. B\u0113rzu sula Round Lab produktiem tiek ieg\u016bta no Dienvidkorejas ekolo\u0123iskaj\u0101 Inje re\u0123ion\u0101 augo\u0161iem augiem.<\/p>\n<p><strong>KEY INGREDIENTS:<\/strong><\/p>\n<ul>\n<li>Dio\u0161koreja, dioskoreja, D\u0101vids D\u0101vids un Mand\u017e\u016brijas vijol\u012bte, kas absorb\u0113 karstumu, samazina \u0101das temperat\u016bru un nov\u0113r\u0161 termisko noveco\u0161anos.<\/li>\n<li>Glicer\u012bna glikoz\u012bds, glicer\u012bna un glikozes atvasin\u0101jums, uzlabo akvapor\u012bnu &#8211; olbaltumvielu, kas veido kan\u0101lus, kas \u013cauj \u0101dai uzs\u016bkt mitrumu &#8211; darb\u012bbu. Glicer\u012bna glikoz\u012bds nov\u0113r\u0161 sausumu un saglab\u0101 mitrumu \u0161\u016bn\u0101s.<\/li>\n<li>Alvejas lapu ekstrakts atsvaidzina un toniz\u0113, nov\u0113r\u0161 dehidrat\u0101ciju, mazina iekaisumus, izl\u012bdzina un m\u012bkstina.<\/li>\n<li>Lamin\u0101rijas ekstrakts ir bag\u0101ts ar jodu, tam piem\u012bt antioksidanta iedarb\u012bba, tas nov\u0113r\u0161 kolag\u0113na \u0161\u0137iedru sadal\u012b\u0161anos, atjauno elast\u012bbu un tvirtumu.<\/li>\n<li>Portulakas ekstrakts pa\u0101trina re\u0123ener\u0101ciju un veicina dz\u012b\u0161anu, sa\u0161aurina poras un samazina sebuma veido\u0161anos.<\/li>\n<li>Alanto\u012bns &#8211; antioksidants, pal\u0113nina \u0161\u016bnu noveco\u0161anos, samazina reaktivit\u0101ti, stimul\u0113 re\u0123ener\u0101ciju.<\/li>\n<li>2 veidu hialuronsk\u0101be saista mitrumu, nov\u0113r\u0161 dehidrat\u0101ciju un sausumu, m\u012bkstina un veido aizsarg\u0101jo\u0161u mitruma barjeru uz \u0101das.<\/li>\n<li>Askorb\u012bnsk\u0101be ir C vitam\u012bna paveids, kam piem\u012bt antioksidanta iedarb\u012bba, aizsarg\u0101 \u0161\u016bnas no br\u012bvajiem radik\u0101\u013ciem, t\u0101d\u0113j\u0101di pal\u0113nina noveco\u0161an\u0101s procesus, nov\u0113r\u0161 pigment\u0101ciju un izl\u012bdzina \u0101das toni.<\/li>\n<\/ul>\n<p><strong>How to use:<\/strong> p\u0113c visiem dienas kop\u0161anas posmiem uzkl\u0101jiet l\u012bdzekli uz \u0101das 30 min\u016btes pirms do\u0161an\u0101s \u0101r\u0101. Ieteicams atjaunot aizsargsl\u0101ni ik p\u0113c 2 stund\u0101m.<\/p>\n<p><strong>Ingredientes:<\/strong> Water, Zinc Oxide, Caprylyl Methicone, Methyl Trimethicone, Titanium Dioxide,\u00a0Butylene Glycol Dicaprylate\/Dicaprate, Butyloctyl Salicylate, Polyglyceryl-4\u00a0Diisostearate\/Polyhydroxystearate\/Sebacate, Propanediol, Glycerin, Methyl\u00a0Meth Acrylate Crosspolymer, Diisostearyl Malate, Glyceryl Glucoside,\u00a0Ethylhexylglycerin, Laminaria Japonica Extract, Ulmus Davidiana Root Extract,\u00a0Aloe Barbadensis Leaf Extract, Viola Mandshurica Flower Extract,\u00a0Dioscorea Japonica Root Extract, Sodium Hyaluronate, Hyaluronic Acid,\u00a0Dipotassium Glycyrrhizate, Allantoin, Portulaca Oleracea Extract,\u00a0Betula Platyphylla Japonica Juice\u00a0(1,045 ppm), Ascorbic Acid, Butylene Glycol, Dimer Dilinoleyl\u00a0Dimer Dilinoleate, Magnesium Sulfate, Aluminum Hydroxide, Disteardimonium\u00a0Hectorite, Stearic Acid, Triethoxycaprylylsilane, Polyglyceryl-6 Polyricinoleate,\u00a01,2-Hexanediol, Dicaprylyl Carbonate, Sorbitan Caprylate,<\/p>","protected":false},"excerpt":{"rendered":"<p>Round Lab Birch Juice Moisturizing Sun Cushion SPF50 \u00a0uzkl\u0101\u0161anas br\u012bd\u012b pat\u012bkami atv\u0113sina, nomierina, mitrina un veido aizsargbarjeru uz \u0101das, kas atstaro UV starus. Hipoaler\u0123iskie fizik\u0101lie filtri nekairina, neiz\u017e\u0101v\u0113, veido dabisku p\u0101rkl\u0101jumu un izl\u012bdzina toni. Satur b\u0113rzu sulas, alvejas, aloe, a\u013c\u0123u un portulakas ekstraktus, alanto\u012bnu, glicer\u012bna glikoz\u012bdu, hialuronsk\u0101bi un C vitam\u012bnu.<\/p>","protected":false},"featured_media":20239,"comment_status":"closed","ping_status":"closed","template":"","meta":{"site-sidebar-layout":"default","site-content-layout":"","ast-site-content-layout":"","site-content-style":"default","site-sidebar-style":"default","ast-global-header-display":"","ast-banner-title-visibility":"","ast-main-header-display":"","ast-hfb-above-header-display":"","ast-hfb-below-header-display":"","ast-hfb-mobile-header-display":"","site-post-title":"","ast-breadcrumbs-content":"","ast-featured-img":"","footer-sml-layout":"","theme-transparent-header-meta":"","adv-header-id-meta":"","stick-header-meta":"","header-above-stick-meta":"","header-main-stick-meta":"","header-below-stick-meta":"","astra-migrate-meta-layouts":"default","ast-page-background-enabled":"default","ast-page-background-meta":{"desktop":{"background-color":"var(--ast-global-color-4)","background-image":"","background-repeat":"repeat","background-position":"center center","background-size":"auto","background-attachment":"scroll","background-type":"","background-media":"","overlay-type":"","overlay-color":"","overlay-opacity":"","overlay-gradient":""},"tablet":{"background-color":"","background-image":"","background-repeat":"repeat","background-position":"center center","background-size":"auto","background-attachment":"scroll","background-type":"","background-media":"","overlay-type":"","overlay-color":"","overlay-opacity":"","overlay-gradient":""},"mobile":{"background-color":"","background-image":"","background-repeat":"repeat","background-position":"center center","background-size":"auto","background-attachment":"scroll","background-type":"","background-media":"","overlay-type":"","overlay-color":"","overlay-opacity":"","overlay-gradient":""}},"ast-content-background-meta":{"desktop":{"background-color":"var(--ast-global-color-5)","background-image":"","background-repeat":"repeat","background-position":"center center","background-size":"auto","background-attachment":"scroll","background-type":"","background-media":"","overlay-type":"","overlay-color":"","overlay-opacity":"","overlay-gradient":""},"tablet":{"background-color":"var(--ast-global-color-5)","background-image":"","background-repeat":"repeat","background-position":"center center","background-size":"auto","background-attachment":"scroll","background-type":"","background-media":"","overlay-type":"","overlay-color":"","overlay-opacity":"","overlay-gradient":""},"mobile":{"background-color":"var(--ast-global-color-5)","background-image":"","background-repeat":"repeat","background-position":"center center","background-size":"auto","background-attachment":"scroll","background-type":"","background-media":"","overlay-type":"","overlay-color":"","overlay-opacity":"","overlay-gradient":""}}},"product_brand":[],"product_cat":[319,512],"product_tag":[],"berocket_brand":[589],"class_list":{"0":"post-20238","1":"product","2":"type-product","3":"status-publish","4":"has-post-thumbnail","6":"product_cat-dekorativa-kosmetika","7":"product_cat-spf","8":"berocket_brand-round-lab","9":"desktop-align-left","10":"tablet-align-left","11":"mobile-align-left","13":"first","14":"instock","15":"sale","16":"taxable","17":"shipping-taxable","18":"purchasable","19":"product-type-simple","20":"add-to-wishlist-before_image"},"yoast_head":"<!-- This site is optimized with the Yoast SEO plugin v27.3 - https:\/\/yoast.com\/product\/yoast-seo-wordpress\/ -->\n<title>Round Lab Birch Juice Moisturizing Sun Cushion SPF50+ PA++++ - FACECORNER<\/title>\n<meta name=\"description\" content=\"Round Lab Birch Juice Moisturizing Sun Cushion SPF50 \u00a0uzkl\u0101\u0161anas br\u012bd\u012b pat\u012bkami atv\u0113sina, nomierina, mitrina un veido aizsargbarjeru uz \u0101das.\" \/>\n<meta name=\"robots\" content=\"index, follow, max-snippet:-1, max-image-preview:large, max-video-preview:-1\" \/>\n<link rel=\"canonical\" href=\"https:\/\/www.facecorner.lv\/en\/shop\/round-lab-birch-juice-moisturizing-sun-cushion-spf50-pa\/\" \/>\n<meta property=\"og:locale\" content=\"en_US\" \/>\n<meta property=\"og:type\" content=\"article\" \/>\n<meta property=\"og:title\" content=\"Round Lab Birch Juice Moisturizing Sun Cushion SPF50+ PA++++ - FACECORNER\" \/>\n<meta property=\"og:description\" content=\"Round Lab Birch Juice Moisturizing Sun Cushion SPF50 \u00a0uzkl\u0101\u0161anas br\u012bd\u012b pat\u012bkami atv\u0113sina, nomierina, mitrina un veido aizsargbarjeru uz \u0101das.\" \/>\n<meta property=\"og:url\" content=\"https:\/\/www.facecorner.lv\/en\/shop\/round-lab-birch-juice-moisturizing-sun-cushion-spf50-pa\/\" \/>\n<meta property=\"og:site_name\" content=\"FACECORNER\" \/>\n<meta property=\"article:publisher\" content=\"https:\/\/www.facebook.com\/profile.php?id=100063824551839\" \/>\n<meta property=\"article:modified_time\" content=\"2025-07-31T11:08:03+00:00\" \/>\n<meta property=\"og:image\" content=\"https:\/\/www.facecorner.lv\/wp-content\/uploads\/2024\/08\/18812126-31d3-49a4-be82-35386007cab1.jpg\" \/>\n\t<meta property=\"og:image:width\" content=\"500\" \/>\n\t<meta property=\"og:image:height\" content=\"500\" \/>\n\t<meta property=\"og:image:type\" content=\"image\/jpeg\" \/>\n<meta name=\"twitter:card\" content=\"summary_large_image\" \/>\n<meta name=\"twitter:label1\" content=\"Price\" \/>\n\t<meta name=\"twitter:data1\" content=\"&euro;25.00\" \/>\n\t<meta name=\"twitter:label2\" content=\"Availability\" \/>\n\t<meta name=\"twitter:data2\" content=\"In stock\" \/>\n<script type=\"application\/ld+json\" class=\"yoast-schema-graph\">{\"@context\":\"https:\\\/\\\/schema.org\",\"@graph\":[{\"@type\":\"WebPage\",\"@id\":\"https:\\\/\\\/www.facecorner.lv\\\/shop\\\/round-lab-birch-juice-moisturizing-sun-cushion-spf50-pa\\\/\",\"url\":\"https:\\\/\\\/www.facecorner.lv\\\/shop\\\/round-lab-birch-juice-moisturizing-sun-cushion-spf50-pa\\\/\",\"name\":\"Round Lab Birch Juice Moisturizing Sun Cushion SPF50+ PA++++ - FACECORNER\",\"isPartOf\":{\"@id\":\"https:\\\/\\\/www.facecorner.lv\\\/#website\"},\"primaryImageOfPage\":{\"@id\":\"https:\\\/\\\/www.facecorner.lv\\\/shop\\\/round-lab-birch-juice-moisturizing-sun-cushion-spf50-pa\\\/#primaryimage\"},\"image\":{\"@id\":\"https:\\\/\\\/www.facecorner.lv\\\/shop\\\/round-lab-birch-juice-moisturizing-sun-cushion-spf50-pa\\\/#primaryimage\"},\"thumbnailUrl\":\"https:\\\/\\\/www.facecorner.lv\\\/wp-content\\\/uploads\\\/2024\\\/08\\\/18812126-31d3-49a4-be82-35386007cab1.jpg\",\"datePublished\":\"2024-08-02T12:30:42+00:00\",\"dateModified\":\"2025-07-31T11:08:03+00:00\",\"description\":\"Round Lab Birch Juice Moisturizing Sun Cushion SPF50 \u00a0uzkl\u0101\u0161anas br\u012bd\u012b pat\u012bkami atv\u0113sina, nomierina, mitrina un veido aizsargbarjeru uz \u0101das.\",\"breadcrumb\":{\"@id\":\"https:\\\/\\\/www.facecorner.lv\\\/shop\\\/round-lab-birch-juice-moisturizing-sun-cushion-spf50-pa\\\/#breadcrumb\"},\"inLanguage\":\"en-US\",\"potentialAction\":[{\"@type\":\"ReadAction\",\"target\":[\"https:\\\/\\\/www.facecorner.lv\\\/shop\\\/round-lab-birch-juice-moisturizing-sun-cushion-spf50-pa\\\/\"]}]},{\"@type\":\"ImageObject\",\"inLanguage\":\"en-US\",\"@id\":\"https:\\\/\\\/www.facecorner.lv\\\/shop\\\/round-lab-birch-juice-moisturizing-sun-cushion-spf50-pa\\\/#primaryimage\",\"url\":\"https:\\\/\\\/www.facecorner.lv\\\/wp-content\\\/uploads\\\/2024\\\/08\\\/18812126-31d3-49a4-be82-35386007cab1.jpg\",\"contentUrl\":\"https:\\\/\\\/www.facecorner.lv\\\/wp-content\\\/uploads\\\/2024\\\/08\\\/18812126-31d3-49a4-be82-35386007cab1.jpg\",\"width\":500,\"height\":500,\"caption\":\"Round Lab Birch Juice Moisturizing Sun Cushion SPF50+ PA++++\"},{\"@type\":\"BreadcrumbList\",\"@id\":\"https:\\\/\\\/www.facecorner.lv\\\/shop\\\/round-lab-birch-juice-moisturizing-sun-cushion-spf50-pa\\\/#breadcrumb\",\"itemListElement\":[{\"@type\":\"ListItem\",\"position\":1,\"name\":\"Home\",\"item\":\"https:\\\/\\\/www.facecorner.lv\\\/\"},{\"@type\":\"ListItem\",\"position\":2,\"name\":\"Veikals\",\"item\":\"https:\\\/\\\/www.facecorner.lv\\\/shop\\\/\"},{\"@type\":\"ListItem\",\"position\":3,\"name\":\"Round Lab Birch Juice Moisturizing Sun Cushion SPF50+ PA++++\"}]},{\"@type\":\"WebSite\",\"@id\":\"https:\\\/\\\/www.facecorner.lv\\\/#website\",\"url\":\"https:\\\/\\\/www.facecorner.lv\\\/\",\"name\":\"Facecorner\",\"description\":\"\",\"publisher\":{\"@id\":\"https:\\\/\\\/www.facecorner.lv\\\/#organization\"},\"potentialAction\":[{\"@type\":\"SearchAction\",\"target\":{\"@type\":\"EntryPoint\",\"urlTemplate\":\"https:\\\/\\\/www.facecorner.lv\\\/?s={search_term_string}\"},\"query-input\":{\"@type\":\"PropertyValueSpecification\",\"valueRequired\":true,\"valueName\":\"search_term_string\"}}],\"inLanguage\":\"en-US\"},{\"@type\":\"Organization\",\"@id\":\"https:\\\/\\\/www.facecorner.lv\\\/#organization\",\"name\":\"Facecorner\",\"url\":\"https:\\\/\\\/www.facecorner.lv\\\/\",\"logo\":{\"@type\":\"ImageObject\",\"inLanguage\":\"en-US\",\"@id\":\"https:\\\/\\\/www.facecorner.lv\\\/#\\\/schema\\\/logo\\\/image\\\/\",\"url\":\"https:\\\/\\\/www.facecorner.lv\\\/wp-content\\\/uploads\\\/2024\\\/04\\\/fc-logo.jpg\",\"contentUrl\":\"https:\\\/\\\/www.facecorner.lv\\\/wp-content\\\/uploads\\\/2024\\\/04\\\/fc-logo.jpg\",\"width\":174,\"height\":28,\"caption\":\"Facecorner\"},\"image\":{\"@id\":\"https:\\\/\\\/www.facecorner.lv\\\/#\\\/schema\\\/logo\\\/image\\\/\"},\"sameAs\":[\"https:\\\/\\\/www.facebook.com\\\/profile.php?id=100063824551839\",\"https:\\\/\\\/www.instagram.com\\\/facecorner_shop\\\/\"]}]}<\/script>\n<meta property=\"product:price:amount\" content=\"25.00\" \/>\n<meta property=\"product:price:currency\" content=\"EUR\" \/>\n<meta property=\"og:availability\" content=\"instock\" \/>\n<meta property=\"product:availability\" content=\"instock\" \/>\n<meta property=\"product:condition\" content=\"new\" \/>\n<!-- \/ Yoast SEO plugin. -->","yoast_head_json":{"title":"Round Lab Birch Juice Moisturizing Sun Cushion SPF50+ PA++++ - FACECORNER","description":"Round Lab Birch Juice Moisturizing Sun Cushion SPF50 \u00a0uzkl\u0101\u0161anas br\u012bd\u012b pat\u012bkami atv\u0113sina, nomierina, mitrina un veido aizsargbarjeru uz \u0101das.","robots":{"index":"index","follow":"follow","max-snippet":"max-snippet:-1","max-image-preview":"max-image-preview:large","max-video-preview":"max-video-preview:-1"},"canonical":"https:\/\/www.facecorner.lv\/en\/shop\/round-lab-birch-juice-moisturizing-sun-cushion-spf50-pa\/","og_locale":"en_US","og_type":"article","og_title":"Round Lab Birch Juice Moisturizing Sun Cushion SPF50+ PA++++ - FACECORNER","og_description":"Round Lab Birch Juice Moisturizing Sun Cushion SPF50 \u00a0uzkl\u0101\u0161anas br\u012bd\u012b pat\u012bkami atv\u0113sina, nomierina, mitrina un veido aizsargbarjeru uz \u0101das.","og_url":"https:\/\/www.facecorner.lv\/en\/shop\/round-lab-birch-juice-moisturizing-sun-cushion-spf50-pa\/","og_site_name":"FACECORNER","article_publisher":"https:\/\/www.facebook.com\/profile.php?id=100063824551839","article_modified_time":"2025-07-31T11:08:03+00:00","og_image":[{"width":500,"height":500,"url":"https:\/\/www.facecorner.lv\/wp-content\/uploads\/2024\/08\/18812126-31d3-49a4-be82-35386007cab1.jpg","type":"image\/jpeg"}],"twitter_card":"summary_large_image","twitter_misc":{"Price":"&euro;25.00","Availability":"In stock"},"schema":{"@context":"https:\/\/schema.org","@graph":[{"@type":"WebPage","@id":"https:\/\/www.facecorner.lv\/shop\/round-lab-birch-juice-moisturizing-sun-cushion-spf50-pa\/","url":"https:\/\/www.facecorner.lv\/shop\/round-lab-birch-juice-moisturizing-sun-cushion-spf50-pa\/","name":"Round Lab Birch Juice Moisturizing Sun Cushion SPF50+ PA++++ - FACECORNER","isPartOf":{"@id":"https:\/\/www.facecorner.lv\/#website"},"primaryImageOfPage":{"@id":"https:\/\/www.facecorner.lv\/shop\/round-lab-birch-juice-moisturizing-sun-cushion-spf50-pa\/#primaryimage"},"image":{"@id":"https:\/\/www.facecorner.lv\/shop\/round-lab-birch-juice-moisturizing-sun-cushion-spf50-pa\/#primaryimage"},"thumbnailUrl":"https:\/\/www.facecorner.lv\/wp-content\/uploads\/2024\/08\/18812126-31d3-49a4-be82-35386007cab1.jpg","datePublished":"2024-08-02T12:30:42+00:00","dateModified":"2025-07-31T11:08:03+00:00","description":"Round Lab Birch Juice Moisturizing Sun Cushion SPF50 \u00a0uzkl\u0101\u0161anas br\u012bd\u012b pat\u012bkami atv\u0113sina, nomierina, mitrina un veido aizsargbarjeru uz \u0101das.","breadcrumb":{"@id":"https:\/\/www.facecorner.lv\/shop\/round-lab-birch-juice-moisturizing-sun-cushion-spf50-pa\/#breadcrumb"},"inLanguage":"en-US","potentialAction":[{"@type":"ReadAction","target":["https:\/\/www.facecorner.lv\/shop\/round-lab-birch-juice-moisturizing-sun-cushion-spf50-pa\/"]}]},{"@type":"ImageObject","inLanguage":"en-US","@id":"https:\/\/www.facecorner.lv\/shop\/round-lab-birch-juice-moisturizing-sun-cushion-spf50-pa\/#primaryimage","url":"https:\/\/www.facecorner.lv\/wp-content\/uploads\/2024\/08\/18812126-31d3-49a4-be82-35386007cab1.jpg","contentUrl":"https:\/\/www.facecorner.lv\/wp-content\/uploads\/2024\/08\/18812126-31d3-49a4-be82-35386007cab1.jpg","width":500,"height":500,"caption":"Round Lab Birch Juice Moisturizing Sun Cushion SPF50+ PA++++"},{"@type":"BreadcrumbList","@id":"https:\/\/www.facecorner.lv\/shop\/round-lab-birch-juice-moisturizing-sun-cushion-spf50-pa\/#breadcrumb","itemListElement":[{"@type":"ListItem","position":1,"name":"Home","item":"https:\/\/www.facecorner.lv\/"},{"@type":"ListItem","position":2,"name":"Veikals","item":"https:\/\/www.facecorner.lv\/shop\/"},{"@type":"ListItem","position":3,"name":"Round Lab Birch Juice Moisturizing Sun Cushion SPF50+ PA++++"}]},{"@type":"WebSite","@id":"https:\/\/www.facecorner.lv\/#website","url":"https:\/\/www.facecorner.lv\/","name":"Facecorner","description":"","publisher":{"@id":"https:\/\/www.facecorner.lv\/#organization"},"potentialAction":[{"@type":"SearchAction","target":{"@type":"EntryPoint","urlTemplate":"https:\/\/www.facecorner.lv\/?s={search_term_string}"},"query-input":{"@type":"PropertyValueSpecification","valueRequired":true,"valueName":"search_term_string"}}],"inLanguage":"en-US"},{"@type":"Organization","@id":"https:\/\/www.facecorner.lv\/#organization","name":"Facecorner","url":"https:\/\/www.facecorner.lv\/","logo":{"@type":"ImageObject","inLanguage":"en-US","@id":"https:\/\/www.facecorner.lv\/#\/schema\/logo\/image\/","url":"https:\/\/www.facecorner.lv\/wp-content\/uploads\/2024\/04\/fc-logo.jpg","contentUrl":"https:\/\/www.facecorner.lv\/wp-content\/uploads\/2024\/04\/fc-logo.jpg","width":174,"height":28,"caption":"Facecorner"},"image":{"@id":"https:\/\/www.facecorner.lv\/#\/schema\/logo\/image\/"},"sameAs":["https:\/\/www.facebook.com\/profile.php?id=100063824551839","https:\/\/www.instagram.com\/facecorner_shop\/"]}]},"product_price_amount":"25.00","product_price_currency":"EUR","og_availability":"instock","product_availability":"instock","product_condition":"new"},"_links":{"self":[{"href":"https:\/\/www.facecorner.lv\/en\/wp-json\/wp\/v2\/product\/20238","targetHints":{"allow":["GET"]}}],"collection":[{"href":"https:\/\/www.facecorner.lv\/en\/wp-json\/wp\/v2\/product"}],"about":[{"href":"https:\/\/www.facecorner.lv\/en\/wp-json\/wp\/v2\/types\/product"}],"replies":[{"embeddable":true,"href":"https:\/\/www.facecorner.lv\/en\/wp-json\/wp\/v2\/comments?post=20238"}],"wp:featuredmedia":[{"embeddable":true,"href":"https:\/\/www.facecorner.lv\/en\/wp-json\/wp\/v2\/media\/20239"}],"wp:attachment":[{"href":"https:\/\/www.facecorner.lv\/en\/wp-json\/wp\/v2\/media?parent=20238"}],"wp:term":[{"taxonomy":"product_brand","embeddable":true,"href":"https:\/\/www.facecorner.lv\/en\/wp-json\/wp\/v2\/product_brand?post=20238"},{"taxonomy":"product_cat","embeddable":true,"href":"https:\/\/www.facecorner.lv\/en\/wp-json\/wp\/v2\/product_cat?post=20238"},{"taxonomy":"product_tag","embeddable":true,"href":"https:\/\/www.facecorner.lv\/en\/wp-json\/wp\/v2\/product_tag?post=20238"},{"taxonomy":"berocket_brand","embeddable":true,"href":"https:\/\/www.facecorner.lv\/en\/wp-json\/wp\/v2\/berocket_brand?post=20238"}],"curies":[{"name":"wp","href":"https:\/\/api.w.org\/{rel}","templated":true}]}}