{"id":19682,"date":"2024-07-21T09:28:52","date_gmt":"2024-07-21T07:28:52","guid":{"rendered":"https:\/\/www.facecorner.lv\/?post_type=product&#038;p=19682"},"modified":"2024-12-05T19:40:40","modified_gmt":"2024-12-05T16:40:40","slug":"isntree-onion-newpair-sunscreen-spf40-pa","status":"publish","type":"product","link":"https:\/\/www.facecorner.lv\/en\/shop\/isntree-onion-newpair-sunscreen-spf40-pa\/","title":{"rendered":"Isntree Onion Newpair Sunscreen SPF40 PA+++ 50ml"},"content":{"rendered":"<p>IsNtree Onion Newpair Sunscreen SPF40+ PA+++ ir viegls, nekomedog\u0113ns saules aizsargkr\u0113ms problem\u0101tiskai \u0101dai, kas nodro\u0161ina augstu UV aizsardz\u012bbu pret visiem UV staru veidiem, blo\u0137\u0113 melan\u012bna sint\u0113zi, nov\u0113r\u0161 vecuma plankumu ra\u0161anos un nevienm\u0113r\u012bgu \u0101das toni. Tam piem\u012bt izteikta nomierino\u0161a iedarb\u012bba, tas mazina niezi un aps\u0101rtumu, ko izraisa agres\u012bva saules iedarb\u012bba, un pal\u012bdz \u0101rst\u0113t pinnes.<\/p>\n<p>\u0136\u012bmisko un fizik\u0101lo filtru kombin\u0101cija nodro\u0161ina vispiln\u012bg\u0101ko un kvalitat\u012bv\u0101ko aizsardz\u012bbu pret saules stariem, kas izraisa kolag\u0113na \u0161\u0137iedru boj\u0101\u0161anos, agr\u012bnu noveco\u0161anos, vecuma plankumu veido\u0161anos un postakne.<\/p>\n<p>Kr\u0113ma galven\u0101 sast\u0101vda\u013ca &#8211; sarkan\u0101 s\u012bpola ekstrakts ar izteiktu nomierino\u0161u iedarb\u012bbu pal\u012bdz mazin\u0101t niezi un kairin\u0101jumu, samazina aps\u0101rtumu un pazemina \u0101das temperat\u016bru. Tas ir bag\u0101ts ar miner\u0101lviel\u0101m un germ\u0101niju, lai atjaunotu barjeras \u012bpa\u0161\u012bbas Sabiez\u0113 asinsvadu sieni\u0146as, palielina audu notur\u012bbu pret \u0101r\u0113jo faktoru agres\u012bvo iedarb\u012bbu un samazina to jut\u012bgumu.<\/p>\n<ul>\n<li>Kaol\u012bns efekt\u012bvi att\u012bra \u0101du, sausina un mazina iekaisumu, stimul\u0113 \u0161\u016bnu re\u0123ener\u0101ciju, absorb\u0113 toks\u012bnus un citas kait\u012bg\u0101s vielas no \u0101das virsmas.<\/li>\n<li>Glikoprote\u012bni pies\u0101tina aminosk\u0101bes, pa\u0101trina \u0161\u016bnu atjauno\u0161anos, iedarbojas antioksidanti, pie\u0161\u0137ir maigumu un samtainumu.<\/li>\n<li>Houttuynia sirdsveida ekstraktam piem\u012bt spilgtas dziedino\u0161as un pretiekaisuma \u012bpa\u0161\u012bbas. Normaliz\u0113 \u0101das st\u0101vokli, mazina kairin\u0101jumu, mazina iekaisumu. Stiprina imunit\u0101ti, padara epidermas virsmu maz\u0101k jut\u012bgu un rea\u0123\u0113tsp\u0113j\u012bgu.<\/li>\n<li>Niacinam\u012bdam piem\u012bt daudzfunkcion\u0101la iedarb\u012bba: tas regul\u0113 sebuma sekr\u0113ciju, nov\u0113r\u0161ot taukainu sp\u012bdumu, izgaismo un nov\u0113r\u0161 pigment\u0101ciju, stimul\u0113 kolag\u0113na veido\u0161anos, palielinot elast\u012bbu un tvirtumu.<\/li>\n<li>Pantenols stimul\u0113 \u0101das integrit\u0101tes atjauno\u0161anu, mazina aps\u0101rtumu un kairin\u0101jumu, tam piem\u012bt br\u016b\u010du dziedino\u0161a \u012bpa\u0161\u012bba.<\/li>\n<\/ul>\n<p><strong>Piem\u0113rots problem\u0101tiskai \u0101dai.<\/strong><\/p>\n<p><strong>How to use:<\/strong> p\u0113c visiem dienas kop\u0161anas posmiem uzkl\u0101jiet aptuveni 1,2 ml l\u012bdzek\u013ca uz sejas un cit\u0101m atkl\u0101t\u0101m \u0101das viet\u0101m (aus\u012bm, kakla) 15-20 min\u016btes pirms do\u0161an\u0101s \u0101r\u0101. Atjaunojiet aizsargsl\u0101ni ik p\u0113c 2-3 stund\u0101m.<\/p>\n<p><strong>Ingredientes:<\/strong> Water, Homosalate, Ethylhexyl Methoxycinnamate, Allium Cepa (Onion) Bulb Extract, Ethylhexyl Salicylate, Octocrylene, Butyloctyl Salicylate, Butyl Methoxydibenzoylmethane, Butylene Glycol, Niacinamide, Acrylates Copolymer, Polymethylsilsesquioxane, C20-22 Alkyl Phosphate, C20-22 Alcohols, 1,2-hexanediol, Glycerin, Caprylyl Methicone, Pentylene Glycol, Houttuynia Cordata Extract, Hydrogenated Lecithin, Cetyl Alcohol, Dicaprylyl Carbonate, Glyceryl Stearate, Silica, Tromethamine, Poly C10-30 Alkyl Acrylate, Titanium Dioxide, Coco-caprylate\/caprate, Dimethicone\/vinyl Dimethicone Crosspolymer, Dimethiconol, Trisiloxane, Polyacrylate Crosspolymer-6, Sodium Acrylate\/sodium Acryloyldimethyl Taurate Copolymer, Polyisobutene, Ethylhexylglycerin, Kaolin, Adenosine, Polyhydroxystearic Acid, Xanthan Gum, Alumina, Triethoxycaprylylsilane, Sorbitan Oleate, Caprylyl\/capryl Glucoside, Allantoin, Tocopherol, Panthenol, Caprylic\/capric Triglyceride, Polyglyceryl-10 Diisostearate, Glycoproteins, Menadione, Ultramarines(CI 77007)<\/p>","protected":false},"excerpt":{"rendered":"<p>IsNtree Onion Newpair Sunscreen SPF40+ PA+++ ir viegls, nekomedog\u0113ns saules aizsargkr\u0113ms problem\u0101tiskai \u0101dai, kas nodro\u0161ina augstu UV aizsardz\u012bbu pret visiem UV staru veidiem, blo\u0137\u0113 melan\u012bna sint\u0113zi, nov\u0113r\u0161 vecuma plankumu ra\u0161anos un nevienm\u0113r\u012bgu \u0101das toni. Tam piem\u012bt izteikta nomierino\u0161a iedarb\u012bba, tas mazina niezi un aps\u0101rtumu, ko izraisa agres\u012bva saules iedarb\u012bba, un pal\u012bdz \u0101rst\u0113t pinnes. Sast\u0101v\u0101 ir \u0137\u012bmiskie un fizik\u0101lie filtri, s\u012bpolu un hait\u016bnijas ekstrakts, pantenols.<\/p>","protected":false},"featured_media":19683,"comment_status":"open","ping_status":"closed","template":"","meta":{"site-sidebar-layout":"default","site-content-layout":"","ast-site-content-layout":"","site-content-style":"default","site-sidebar-style":"default","ast-global-header-display":"","ast-banner-title-visibility":"","ast-main-header-display":"","ast-hfb-above-header-display":"","ast-hfb-below-header-display":"","ast-hfb-mobile-header-display":"","site-post-title":"","ast-breadcrumbs-content":"","ast-featured-img":"","footer-sml-layout":"","theme-transparent-header-meta":"","adv-header-id-meta":"","stick-header-meta":"","header-above-stick-meta":"","header-main-stick-meta":"","header-below-stick-meta":"","astra-migrate-meta-layouts":"default","ast-page-background-enabled":"default","ast-page-background-meta":{"desktop":{"background-color":"var(--ast-global-color-4)","background-image":"","background-repeat":"repeat","background-position":"center center","background-size":"auto","background-attachment":"scroll","background-type":"","background-media":"","overlay-type":"","overlay-color":"","overlay-opacity":"","overlay-gradient":""},"tablet":{"background-color":"","background-image":"","background-repeat":"repeat","background-position":"center center","background-size":"auto","background-attachment":"scroll","background-type":"","background-media":"","overlay-type":"","overlay-color":"","overlay-opacity":"","overlay-gradient":""},"mobile":{"background-color":"","background-image":"","background-repeat":"repeat","background-position":"center center","background-size":"auto","background-attachment":"scroll","background-type":"","background-media":"","overlay-type":"","overlay-color":"","overlay-opacity":"","overlay-gradient":""}},"ast-content-background-meta":{"desktop":{"background-color":"var(--ast-global-color-5)","background-image":"","background-repeat":"repeat","background-position":"center center","background-size":"auto","background-attachment":"scroll","background-type":"","background-media":"","overlay-type":"","overlay-color":"","overlay-opacity":"","overlay-gradient":""},"tablet":{"background-color":"var(--ast-global-color-5)","background-image":"","background-repeat":"repeat","background-position":"center center","background-size":"auto","background-attachment":"scroll","background-type":"","background-media":"","overlay-type":"","overlay-color":"","overlay-opacity":"","overlay-gradient":""},"mobile":{"background-color":"var(--ast-global-color-5)","background-image":"","background-repeat":"repeat","background-position":"center center","background-size":"auto","background-attachment":"scroll","background-type":"","background-media":"","overlay-type":"","overlay-color":"","overlay-opacity":"","overlay-gradient":""}}},"product_brand":[],"product_cat":[435,512],"product_tag":[],"berocket_brand":[585],"class_list":{"0":"post-19682","1":"product","2":"type-product","3":"status-publish","4":"has-post-thumbnail","6":"product_cat-jaunumi","7":"product_cat-spf","8":"berocket_brand-isntree","9":"desktop-align-left","10":"tablet-align-left","11":"mobile-align-left","13":"first","14":"instock","15":"taxable","16":"shipping-taxable","17":"purchasable","18":"product-type-simple","19":"add-to-wishlist-before_image"},"yoast_head":"<!-- This site is optimized with the Yoast SEO plugin v27.4 - https:\/\/yoast.com\/product\/yoast-seo-wordpress\/ -->\n<title>Isntree Onion Newpair Sunscreen SPF40 PA+++ 50ml - FACECORNER<\/title>\n<meta name=\"description\" content=\"IsNtree Onion Newpair Sunscreen SPF40+ PA+++ ir viegls, nekomedog\u0113ns saules aizsargkr\u0113ms problem\u0101tiskai \u0101dai, kas nodro\u0161ina augstu UV aizsardz\u012bbu.\" \/>\n<meta name=\"robots\" content=\"index, follow, max-snippet:-1, max-image-preview:large, max-video-preview:-1\" \/>\n<link rel=\"canonical\" href=\"https:\/\/www.facecorner.lv\/en\/shop\/isntree-onion-newpair-sunscreen-spf40-pa\/\" \/>\n<meta property=\"og:locale\" content=\"en_US\" \/>\n<meta property=\"og:type\" content=\"article\" \/>\n<meta property=\"og:title\" content=\"Isntree Onion Newpair Sunscreen SPF40 PA+++ 50ml - FACECORNER\" \/>\n<meta property=\"og:description\" content=\"IsNtree Onion Newpair Sunscreen SPF40+ PA+++ ir viegls, nekomedog\u0113ns saules aizsargkr\u0113ms problem\u0101tiskai \u0101dai, kas nodro\u0161ina augstu UV aizsardz\u012bbu.\" \/>\n<meta property=\"og:url\" content=\"https:\/\/www.facecorner.lv\/en\/shop\/isntree-onion-newpair-sunscreen-spf40-pa\/\" \/>\n<meta property=\"og:site_name\" content=\"FACECORNER\" \/>\n<meta property=\"article:publisher\" content=\"https:\/\/www.facebook.com\/profile.php?id=100063824551839\" \/>\n<meta property=\"article:modified_time\" content=\"2024-12-05T16:40:40+00:00\" \/>\n<meta property=\"og:image\" content=\"https:\/\/www.facecorner.lv\/wp-content\/uploads\/2024\/07\/IMG_6166.webp\" \/>\n\t<meta property=\"og:image:width\" content=\"800\" \/>\n\t<meta property=\"og:image:height\" content=\"800\" \/>\n\t<meta property=\"og:image:type\" content=\"image\/webp\" \/>\n<meta name=\"twitter:card\" content=\"summary_large_image\" \/>\n<meta name=\"twitter:label1\" content=\"Price\" \/>\n\t<meta name=\"twitter:data1\" content=\"&euro;23.00\" \/>\n\t<meta name=\"twitter:label2\" content=\"Availability\" \/>\n\t<meta name=\"twitter:data2\" content=\"In stock\" \/>\n<script type=\"application\/ld+json\" class=\"yoast-schema-graph\">{\"@context\":\"https:\\\/\\\/schema.org\",\"@graph\":[{\"@type\":\"WebPage\",\"@id\":\"https:\\\/\\\/www.facecorner.lv\\\/shop\\\/isntree-onion-newpair-sunscreen-spf40-pa\\\/\",\"url\":\"https:\\\/\\\/www.facecorner.lv\\\/shop\\\/isntree-onion-newpair-sunscreen-spf40-pa\\\/\",\"name\":\"Isntree Onion Newpair Sunscreen SPF40 PA+++ 50ml - FACECORNER\",\"isPartOf\":{\"@id\":\"https:\\\/\\\/www.facecorner.lv\\\/#website\"},\"primaryImageOfPage\":{\"@id\":\"https:\\\/\\\/www.facecorner.lv\\\/shop\\\/isntree-onion-newpair-sunscreen-spf40-pa\\\/#primaryimage\"},\"image\":{\"@id\":\"https:\\\/\\\/www.facecorner.lv\\\/shop\\\/isntree-onion-newpair-sunscreen-spf40-pa\\\/#primaryimage\"},\"thumbnailUrl\":\"https:\\\/\\\/www.facecorner.lv\\\/wp-content\\\/uploads\\\/2024\\\/07\\\/IMG_6166.webp\",\"datePublished\":\"2024-07-21T07:28:52+00:00\",\"dateModified\":\"2024-12-05T16:40:40+00:00\",\"description\":\"IsNtree Onion Newpair Sunscreen SPF40+ PA+++ ir viegls, nekomedog\u0113ns saules aizsargkr\u0113ms problem\u0101tiskai \u0101dai, kas nodro\u0161ina augstu UV aizsardz\u012bbu.\",\"breadcrumb\":{\"@id\":\"https:\\\/\\\/www.facecorner.lv\\\/shop\\\/isntree-onion-newpair-sunscreen-spf40-pa\\\/#breadcrumb\"},\"inLanguage\":\"en-US\",\"potentialAction\":[{\"@type\":\"ReadAction\",\"target\":[\"https:\\\/\\\/www.facecorner.lv\\\/shop\\\/isntree-onion-newpair-sunscreen-spf40-pa\\\/\"]}]},{\"@type\":\"ImageObject\",\"inLanguage\":\"en-US\",\"@id\":\"https:\\\/\\\/www.facecorner.lv\\\/shop\\\/isntree-onion-newpair-sunscreen-spf40-pa\\\/#primaryimage\",\"url\":\"https:\\\/\\\/www.facecorner.lv\\\/wp-content\\\/uploads\\\/2024\\\/07\\\/IMG_6166.webp\",\"contentUrl\":\"https:\\\/\\\/www.facecorner.lv\\\/wp-content\\\/uploads\\\/2024\\\/07\\\/IMG_6166.webp\",\"width\":800,\"height\":800,\"caption\":\"Isntree Onion Newpair Sunscreen SPF40 PA+++ 50ml\"},{\"@type\":\"BreadcrumbList\",\"@id\":\"https:\\\/\\\/www.facecorner.lv\\\/shop\\\/isntree-onion-newpair-sunscreen-spf40-pa\\\/#breadcrumb\",\"itemListElement\":[{\"@type\":\"ListItem\",\"position\":1,\"name\":\"Home\",\"item\":\"https:\\\/\\\/www.facecorner.lv\\\/\"},{\"@type\":\"ListItem\",\"position\":2,\"name\":\"Veikals\",\"item\":\"https:\\\/\\\/www.facecorner.lv\\\/shop\\\/\"},{\"@type\":\"ListItem\",\"position\":3,\"name\":\"Isntree Onion Newpair Sunscreen SPF40 PA+++ 50ml\"}]},{\"@type\":\"WebSite\",\"@id\":\"https:\\\/\\\/www.facecorner.lv\\\/#website\",\"url\":\"https:\\\/\\\/www.facecorner.lv\\\/\",\"name\":\"Facecorner\",\"description\":\"\",\"publisher\":{\"@id\":\"https:\\\/\\\/www.facecorner.lv\\\/#organization\"},\"potentialAction\":[{\"@type\":\"SearchAction\",\"target\":{\"@type\":\"EntryPoint\",\"urlTemplate\":\"https:\\\/\\\/www.facecorner.lv\\\/?s={search_term_string}\"},\"query-input\":{\"@type\":\"PropertyValueSpecification\",\"valueRequired\":true,\"valueName\":\"search_term_string\"}}],\"inLanguage\":\"en-US\"},{\"@type\":\"Organization\",\"@id\":\"https:\\\/\\\/www.facecorner.lv\\\/#organization\",\"name\":\"Facecorner\",\"url\":\"https:\\\/\\\/www.facecorner.lv\\\/\",\"logo\":{\"@type\":\"ImageObject\",\"inLanguage\":\"en-US\",\"@id\":\"https:\\\/\\\/www.facecorner.lv\\\/#\\\/schema\\\/logo\\\/image\\\/\",\"url\":\"https:\\\/\\\/www.facecorner.lv\\\/wp-content\\\/uploads\\\/2024\\\/04\\\/fc-logo.jpg\",\"contentUrl\":\"https:\\\/\\\/www.facecorner.lv\\\/wp-content\\\/uploads\\\/2024\\\/04\\\/fc-logo.jpg\",\"width\":174,\"height\":28,\"caption\":\"Facecorner\"},\"image\":{\"@id\":\"https:\\\/\\\/www.facecorner.lv\\\/#\\\/schema\\\/logo\\\/image\\\/\"},\"sameAs\":[\"https:\\\/\\\/www.facebook.com\\\/profile.php?id=100063824551839\",\"https:\\\/\\\/www.instagram.com\\\/facecorner_shop\\\/\"]}]}<\/script>\n<meta property=\"product:price:amount\" content=\"23.00\" \/>\n<meta property=\"product:price:currency\" content=\"EUR\" \/>\n<meta property=\"og:availability\" content=\"instock\" \/>\n<meta property=\"product:availability\" content=\"instock\" \/>\n<meta property=\"product:condition\" content=\"new\" \/>\n<!-- \/ Yoast SEO plugin. -->","yoast_head_json":{"title":"Isntree Onion Newpair Sunscreen SPF40 PA+++ 50ml - FACECORNER","description":"IsNtree Onion Newpair Sunscreen SPF40+ PA+++ ir viegls, nekomedog\u0113ns saules aizsargkr\u0113ms problem\u0101tiskai \u0101dai, kas nodro\u0161ina augstu UV aizsardz\u012bbu.","robots":{"index":"index","follow":"follow","max-snippet":"max-snippet:-1","max-image-preview":"max-image-preview:large","max-video-preview":"max-video-preview:-1"},"canonical":"https:\/\/www.facecorner.lv\/en\/shop\/isntree-onion-newpair-sunscreen-spf40-pa\/","og_locale":"en_US","og_type":"article","og_title":"Isntree Onion Newpair Sunscreen SPF40 PA+++ 50ml - FACECORNER","og_description":"IsNtree Onion Newpair Sunscreen SPF40+ PA+++ ir viegls, nekomedog\u0113ns saules aizsargkr\u0113ms problem\u0101tiskai \u0101dai, kas nodro\u0161ina augstu UV aizsardz\u012bbu.","og_url":"https:\/\/www.facecorner.lv\/en\/shop\/isntree-onion-newpair-sunscreen-spf40-pa\/","og_site_name":"FACECORNER","article_publisher":"https:\/\/www.facebook.com\/profile.php?id=100063824551839","article_modified_time":"2024-12-05T16:40:40+00:00","og_image":[{"width":800,"height":800,"url":"https:\/\/www.facecorner.lv\/wp-content\/uploads\/2024\/07\/IMG_6166.webp","type":"image\/webp"}],"twitter_card":"summary_large_image","twitter_misc":{"Price":"&euro;23.00","Availability":"In stock"},"schema":{"@context":"https:\/\/schema.org","@graph":[{"@type":"WebPage","@id":"https:\/\/www.facecorner.lv\/shop\/isntree-onion-newpair-sunscreen-spf40-pa\/","url":"https:\/\/www.facecorner.lv\/shop\/isntree-onion-newpair-sunscreen-spf40-pa\/","name":"Isntree Onion Newpair Sunscreen SPF40 PA+++ 50ml - FACECORNER","isPartOf":{"@id":"https:\/\/www.facecorner.lv\/#website"},"primaryImageOfPage":{"@id":"https:\/\/www.facecorner.lv\/shop\/isntree-onion-newpair-sunscreen-spf40-pa\/#primaryimage"},"image":{"@id":"https:\/\/www.facecorner.lv\/shop\/isntree-onion-newpair-sunscreen-spf40-pa\/#primaryimage"},"thumbnailUrl":"https:\/\/www.facecorner.lv\/wp-content\/uploads\/2024\/07\/IMG_6166.webp","datePublished":"2024-07-21T07:28:52+00:00","dateModified":"2024-12-05T16:40:40+00:00","description":"IsNtree Onion Newpair Sunscreen SPF40+ PA+++ ir viegls, nekomedog\u0113ns saules aizsargkr\u0113ms problem\u0101tiskai \u0101dai, kas nodro\u0161ina augstu UV aizsardz\u012bbu.","breadcrumb":{"@id":"https:\/\/www.facecorner.lv\/shop\/isntree-onion-newpair-sunscreen-spf40-pa\/#breadcrumb"},"inLanguage":"en-US","potentialAction":[{"@type":"ReadAction","target":["https:\/\/www.facecorner.lv\/shop\/isntree-onion-newpair-sunscreen-spf40-pa\/"]}]},{"@type":"ImageObject","inLanguage":"en-US","@id":"https:\/\/www.facecorner.lv\/shop\/isntree-onion-newpair-sunscreen-spf40-pa\/#primaryimage","url":"https:\/\/www.facecorner.lv\/wp-content\/uploads\/2024\/07\/IMG_6166.webp","contentUrl":"https:\/\/www.facecorner.lv\/wp-content\/uploads\/2024\/07\/IMG_6166.webp","width":800,"height":800,"caption":"Isntree Onion Newpair Sunscreen SPF40 PA+++ 50ml"},{"@type":"BreadcrumbList","@id":"https:\/\/www.facecorner.lv\/shop\/isntree-onion-newpair-sunscreen-spf40-pa\/#breadcrumb","itemListElement":[{"@type":"ListItem","position":1,"name":"Home","item":"https:\/\/www.facecorner.lv\/"},{"@type":"ListItem","position":2,"name":"Veikals","item":"https:\/\/www.facecorner.lv\/shop\/"},{"@type":"ListItem","position":3,"name":"Isntree Onion Newpair Sunscreen SPF40 PA+++ 50ml"}]},{"@type":"WebSite","@id":"https:\/\/www.facecorner.lv\/#website","url":"https:\/\/www.facecorner.lv\/","name":"Facecorner","description":"","publisher":{"@id":"https:\/\/www.facecorner.lv\/#organization"},"potentialAction":[{"@type":"SearchAction","target":{"@type":"EntryPoint","urlTemplate":"https:\/\/www.facecorner.lv\/?s={search_term_string}"},"query-input":{"@type":"PropertyValueSpecification","valueRequired":true,"valueName":"search_term_string"}}],"inLanguage":"en-US"},{"@type":"Organization","@id":"https:\/\/www.facecorner.lv\/#organization","name":"Facecorner","url":"https:\/\/www.facecorner.lv\/","logo":{"@type":"ImageObject","inLanguage":"en-US","@id":"https:\/\/www.facecorner.lv\/#\/schema\/logo\/image\/","url":"https:\/\/www.facecorner.lv\/wp-content\/uploads\/2024\/04\/fc-logo.jpg","contentUrl":"https:\/\/www.facecorner.lv\/wp-content\/uploads\/2024\/04\/fc-logo.jpg","width":174,"height":28,"caption":"Facecorner"},"image":{"@id":"https:\/\/www.facecorner.lv\/#\/schema\/logo\/image\/"},"sameAs":["https:\/\/www.facebook.com\/profile.php?id=100063824551839","https:\/\/www.instagram.com\/facecorner_shop\/"]}]},"product_price_amount":"23.00","product_price_currency":"EUR","og_availability":"instock","product_availability":"instock","product_condition":"new"},"_links":{"self":[{"href":"https:\/\/www.facecorner.lv\/en\/wp-json\/wp\/v2\/product\/19682","targetHints":{"allow":["GET"]}}],"collection":[{"href":"https:\/\/www.facecorner.lv\/en\/wp-json\/wp\/v2\/product"}],"about":[{"href":"https:\/\/www.facecorner.lv\/en\/wp-json\/wp\/v2\/types\/product"}],"replies":[{"embeddable":true,"href":"https:\/\/www.facecorner.lv\/en\/wp-json\/wp\/v2\/comments?post=19682"}],"wp:featuredmedia":[{"embeddable":true,"href":"https:\/\/www.facecorner.lv\/en\/wp-json\/wp\/v2\/media\/19683"}],"wp:attachment":[{"href":"https:\/\/www.facecorner.lv\/en\/wp-json\/wp\/v2\/media?parent=19682"}],"wp:term":[{"taxonomy":"product_brand","embeddable":true,"href":"https:\/\/www.facecorner.lv\/en\/wp-json\/wp\/v2\/product_brand?post=19682"},{"taxonomy":"product_cat","embeddable":true,"href":"https:\/\/www.facecorner.lv\/en\/wp-json\/wp\/v2\/product_cat?post=19682"},{"taxonomy":"product_tag","embeddable":true,"href":"https:\/\/www.facecorner.lv\/en\/wp-json\/wp\/v2\/product_tag?post=19682"},{"taxonomy":"berocket_brand","embeddable":true,"href":"https:\/\/www.facecorner.lv\/en\/wp-json\/wp\/v2\/berocket_brand?post=19682"}],"curies":[{"name":"wp","href":"https:\/\/api.w.org\/{rel}","templated":true}]}}