{"id":19656,"date":"2024-07-18T15:05:59","date_gmt":"2024-07-18T13:05:59","guid":{"rendered":"https:\/\/www.facecorner.lv\/?post_type=product&#038;p=19656"},"modified":"2025-04-14T14:17:10","modified_gmt":"2025-04-14T11:17:10","slug":"isntree-onion-fresh-light-sun-stick-spf50-pa-22g","status":"publish","type":"product","link":"https:\/\/www.facecorner.lv\/en\/shop\/isntree-onion-fresh-light-sun-stick-spf50-pa-22g\/","title":{"rendered":"IsNtree Onion Fresh Light Sun Stick SPF50+ PA++++  22g"},"content":{"rendered":"<p>IsNtree Onion Fresh Light Sun Stick SPF50 \u00a0nov\u0113r\u0161 UV staru rad\u012btos \u0101das boj\u0101jumus, aizsarg\u0101 pret saules apdegumiem, pigment\u0101ciju un \u0101das noveco\u0161anos.<\/p>\n<p>Nov\u0113r\u0161 p\u0101rm\u0113r\u012bgu sebuma veido\u0161anos, neizraisa izsitumus, atst\u0101j mat\u0113tu fini\u0161u bez lip\u012bgas k\u0101rti\u0146as. Izl\u012bdzina \u0101das tekst\u016bru, nomierina un m\u012bkstina.<\/p>\n<p>Lieliski piem\u0113rots \u0101trai un higi\u0113niskai aizsargsl\u0101\u0146a atjauno\u0161anai visas dienas garum\u0101.<\/p>\n<ul>\n<li>Satur jaun\u0101s paaudzes fotostabilajos \u0137\u012bmiskos UV filtrus, kas pils\u0113tas apst\u0101k\u013cos nav j\u0101atjauno l\u012bdz pat 8 stund\u0101m:<\/li>\n<li>Uvinul A Plus (Diethylamino Hydroxybenzoyl Hexyl Benzoate) protects against UVA rays.<\/li>\n<li>Uvinul T 150 (Ethylhexyl Triazone) protects against UVB rays.<\/li>\n<li>Tinosorb S (Bis-Ethylhexyloxyphenol Methoxyphenyl Triazine) - broad spectrum filter, protects against UVA and UVB rays.<\/li>\n<li>Parsol SLX (Polysilicone-15) provides protection from UVB rays, giving the product a comfortable finish without greasy shine.<\/li>\n<\/ul>\n<p><strong style=\"font-family: var(--g5-body-font); font-size: var(--g5-body-font-size); font-style: var(--g5-body-font-style); letter-spacing: var(--g5-body-letter-spacing); text-transform: var(--g5-body-text-transform);\">Main active ingredients:<\/strong><\/p>\n<ul>\n<li>Sarkano s\u012bpolu ekstrakts dzied\u0113, tam ir pretiekaisuma un antibakteri\u0101la iedarb\u012bba, tas pal\u012bdz c\u012b\u0146\u0101 pret pinn\u0113m un p\u0113pne.<\/li>\n<li>Niacinam\u012bds (vitam\u012bns B3) nov\u0113r\u0161 taukainu sp\u012bdumu un normaliz\u0113 sebuma veido\u0161anos, izgaismo hiperpigment\u0101ciju, izl\u012bdzina tonusu un palielina epidermas barjerfunkciju.<\/li>\n<li>Haut\u016bnijas ekstrakts nomierina iekaisumu, pa\u0101trina dz\u012b\u0161anu un palielina viet\u0113jo imunit\u0101ti, samazina jut\u012bbu pret \u0101r\u0113jiem kairin\u0101t\u0101jiem.<\/li>\n<li>Cinks regul\u0113 tauku dziedzeru darb\u012bbu un nov\u0113r\u0161 p\u0101rm\u0113r\u012bgu sebuma veido\u0161anos. Samazina \u0101das taukain\u012bbu, dezinfic\u0113, tam ir viegla savelko\u0161a iedarb\u012bba. Pa\u0101trina \u0101das re\u0123ener\u0101cijas un atjauno\u0161an\u0101s procesus.<\/li>\n<li>Lotosa lapu ekstrakts maigi izgaismo, pie\u0161\u0137ir dabisku mirdzumu, saglab\u0101 elast\u012bbu un gludumu, iedarbojas detoksik\u0113jo\u0161i.<\/li>\n<li>Adenoz\u012bns stimul\u0113 kolag\u0113na veido\u0161anos, samazina grumbu dzi\u013cumu un nov\u0113r\u0161 to ra\u0161anos, uztur \u0101du tvirtu un jaunekl\u012bgu.<\/li>\n<li>Kam\u0113lijas s\u0113klu ekstrakts nodro\u0161ina fibroblastu antioksidantu aizsardz\u012bbu, nov\u0113r\u0161 pies\u0101r\u0146ojumu, palielina epidermas barjerfunkciju, m\u012bkstina un baro.<\/li>\n<\/ul>\n<p><strong>How to use:<\/strong> uzkl\u0101jiet l\u012bdzekli bl\u012bv\u0101, vienm\u0113r\u012bg\u0101 k\u0101rt\u0101 uz sejas un cit\u0101m atkl\u0101t\u0101m \u0101das viet\u0101m. Uzturoties tie\u0161os saules staros, piem\u0113ram, pludmal\u0113, atjaunojiet aizsargsl\u0101ni ik p\u0113c 2-3 stund\u0101m.<\/p>\n<p><strong>Ingredientes:<\/strong>: Caprylyl Methicone, Methyl Methacrylate Crosspolymer, Isopropyl Palmitate, Dibutyl Adipate, Synthetic Wax, Coco-Caprylate\/Caprate, Butyloctyl Salicylate, Silica, Vinyl Dimethicone\/Methicone Silsesquioxane Crosspolymer, Diethylamino Hydroxybenzoyl Hexyl Benzoate, Bis-Ethylhexyloxyphenol Methoxyphenyl Triazine, Ethylhexyl Triazone, Microcrystalline Wax, Polysilicone-15, Ethylhexyl Palmitate, Vinyl Dimethicone, Camellia Japonica Seed Oil, Allium Cepa (Onion) Bulb Extract, Houttuynia Cordata Extract, Cryptomeria Japonica Leaf Extract, Nelumbo Nucifera Leaf Extract, Saccharomyces Ferment, Polyglyceryl-4 Diisostearate\/Polyhydroxystearate\/Sebacate, Polymethyl Methacrylate, Bisabolol, Water, Isododecane, Octyldodecanol, Adenosine, Polyglyceryl-4 Isostearate, Triethoxycaprylylsilane, Isopropyl Titanium Triisostearate, Aluminum Hydroxide, 1,2-Hexanediol, Phytosterols, Acetyl Glucosamine, Allantoin, Niacinamide, Butylene Glycol, Zinc PCA, Ultramarines (CI 77007), Titanium Dioxide (CI 77891)<\/p>","protected":false},"excerpt":{"rendered":"<p>IsNtree Onion Fresh Light Sun Stick SPF50+ PA++++ nov\u0113r\u0161 ultravioleto staru rad\u012btos \u0101das boj\u0101jumus, aizsarg\u0101 pret saules apdegumiem, pigment\u0101ciju un fotonoveco\u0161anos. Nov\u0113r\u0161 p\u0101rm\u0113r\u012bgu sebuma veido\u0161anos, neizraisa izsitumus, neatst\u0101j lip\u012bgu k\u0101rti\u0146u. Izl\u012bdzina \u0101das strukt\u016bru, nomierina un m\u012bkstina. Lieliski atjauno aizsargsl\u0101ni dienas laik\u0101. Satur jaun\u0101s paaudzes fotostabilajos \u0137\u012bmiskos UV filtrus, sarkan\u0101 s\u012bpola, hait\u016bnijas, lotosa un kam\u0113lijas ekstraktus, niacinam\u012bdu, cinku, adenoz\u012bnu, fitoster\u012bnus, bisabololu, saharomicetas un alanto\u012bnu.<\/p>","protected":false},"featured_media":19657,"comment_status":"open","ping_status":"closed","template":"","meta":{"site-sidebar-layout":"default","site-content-layout":"","ast-site-content-layout":"","site-content-style":"default","site-sidebar-style":"default","ast-global-header-display":"","ast-banner-title-visibility":"","ast-main-header-display":"","ast-hfb-above-header-display":"","ast-hfb-below-header-display":"","ast-hfb-mobile-header-display":"","site-post-title":"","ast-breadcrumbs-content":"","ast-featured-img":"","footer-sml-layout":"","theme-transparent-header-meta":"","adv-header-id-meta":"","stick-header-meta":"","header-above-stick-meta":"","header-main-stick-meta":"","header-below-stick-meta":"","astra-migrate-meta-layouts":"default","ast-page-background-enabled":"default","ast-page-background-meta":{"desktop":{"background-color":"var(--ast-global-color-4)","background-image":"","background-repeat":"repeat","background-position":"center center","background-size":"auto","background-attachment":"scroll","background-type":"","background-media":"","overlay-type":"","overlay-color":"","overlay-opacity":"","overlay-gradient":""},"tablet":{"background-color":"","background-image":"","background-repeat":"repeat","background-position":"center center","background-size":"auto","background-attachment":"scroll","background-type":"","background-media":"","overlay-type":"","overlay-color":"","overlay-opacity":"","overlay-gradient":""},"mobile":{"background-color":"","background-image":"","background-repeat":"repeat","background-position":"center center","background-size":"auto","background-attachment":"scroll","background-type":"","background-media":"","overlay-type":"","overlay-color":"","overlay-opacity":"","overlay-gradient":""}},"ast-content-background-meta":{"desktop":{"background-color":"var(--ast-global-color-5)","background-image":"","background-repeat":"repeat","background-position":"center center","background-size":"auto","background-attachment":"scroll","background-type":"","background-media":"","overlay-type":"","overlay-color":"","overlay-opacity":"","overlay-gradient":""},"tablet":{"background-color":"var(--ast-global-color-5)","background-image":"","background-repeat":"repeat","background-position":"center center","background-size":"auto","background-attachment":"scroll","background-type":"","background-media":"","overlay-type":"","overlay-color":"","overlay-opacity":"","overlay-gradient":""},"mobile":{"background-color":"var(--ast-global-color-5)","background-image":"","background-repeat":"repeat","background-position":"center center","background-size":"auto","background-attachment":"scroll","background-type":"","background-media":"","overlay-type":"","overlay-color":"","overlay-opacity":"","overlay-gradient":""}}},"product_brand":[],"product_cat":[512],"product_tag":[],"berocket_brand":[585],"class_list":{"0":"post-19656","1":"product","2":"type-product","3":"status-publish","4":"has-post-thumbnail","6":"product_cat-spf","7":"berocket_brand-isntree","8":"desktop-align-left","9":"tablet-align-left","10":"mobile-align-left","12":"first","13":"outofstock","14":"taxable","15":"shipping-taxable","16":"purchasable","17":"product-type-simple","18":"add-to-wishlist-before_image"},"yoast_head":"<!-- This site is optimized with the Yoast SEO plugin v27.4 - https:\/\/yoast.com\/product\/yoast-seo-wordpress\/ -->\n<title>IsNtree Onion Fresh Light Sun Stick SPF50+ PA++++ 22g - FACECORNER<\/title>\n<meta name=\"description\" content=\"IsNtree Onion Fresh Light Sun Stick SPF50 nov\u0113r\u0161 ultravioleto staru rad\u012btos \u0101das boj\u0101jumus, aizsarg\u0101 pret saules apdegumiem un fotonoveco\u0161anos.\" \/>\n<meta name=\"robots\" content=\"index, follow, max-snippet:-1, max-image-preview:large, max-video-preview:-1\" \/>\n<link rel=\"canonical\" href=\"https:\/\/www.facecorner.lv\/en\/shop\/isntree-onion-fresh-light-sun-stick-spf50-pa-22g\/\" \/>\n<meta property=\"og:locale\" content=\"en_US\" \/>\n<meta property=\"og:type\" content=\"article\" \/>\n<meta property=\"og:title\" content=\"IsNtree Onion Fresh Light Sun Stick SPF50+ PA++++ 22g - FACECORNER\" \/>\n<meta property=\"og:description\" content=\"IsNtree Onion Fresh Light Sun Stick SPF50 nov\u0113r\u0161 ultravioleto staru rad\u012btos \u0101das boj\u0101jumus, aizsarg\u0101 pret saules apdegumiem un fotonoveco\u0161anos.\" \/>\n<meta property=\"og:url\" content=\"https:\/\/www.facecorner.lv\/en\/shop\/isntree-onion-fresh-light-sun-stick-spf50-pa-22g\/\" \/>\n<meta property=\"og:site_name\" content=\"FACECORNER\" \/>\n<meta property=\"article:publisher\" content=\"https:\/\/www.facebook.com\/profile.php?id=100063824551839\" \/>\n<meta property=\"article:modified_time\" content=\"2025-04-14T11:17:10+00:00\" \/>\n<meta property=\"og:image\" content=\"https:\/\/www.facecorner.lv\/wp-content\/uploads\/2024\/07\/XL_p0205816292.jpg.webp\" \/>\n\t<meta property=\"og:image:width\" content=\"500\" \/>\n\t<meta property=\"og:image:height\" content=\"500\" \/>\n\t<meta property=\"og:image:type\" content=\"image\/webp\" \/>\n<meta name=\"twitter:card\" content=\"summary_large_image\" \/>\n<meta name=\"twitter:label1\" content=\"Price\" \/>\n\t<meta name=\"twitter:data1\" content=\"&euro;26.50\" \/>\n\t<meta name=\"twitter:label2\" content=\"Availability\" \/>\n\t<meta name=\"twitter:data2\" content=\"Out of stock\" \/>\n<script type=\"application\/ld+json\" class=\"yoast-schema-graph\">{\"@context\":\"https:\\\/\\\/schema.org\",\"@graph\":[{\"@type\":\"WebPage\",\"@id\":\"https:\\\/\\\/www.facecorner.lv\\\/shop\\\/isntree-onion-fresh-light-sun-stick-spf50-pa-22g\\\/\",\"url\":\"https:\\\/\\\/www.facecorner.lv\\\/shop\\\/isntree-onion-fresh-light-sun-stick-spf50-pa-22g\\\/\",\"name\":\"IsNtree Onion Fresh Light Sun Stick SPF50+ PA++++ 22g - FACECORNER\",\"isPartOf\":{\"@id\":\"https:\\\/\\\/www.facecorner.lv\\\/#website\"},\"primaryImageOfPage\":{\"@id\":\"https:\\\/\\\/www.facecorner.lv\\\/shop\\\/isntree-onion-fresh-light-sun-stick-spf50-pa-22g\\\/#primaryimage\"},\"image\":{\"@id\":\"https:\\\/\\\/www.facecorner.lv\\\/shop\\\/isntree-onion-fresh-light-sun-stick-spf50-pa-22g\\\/#primaryimage\"},\"thumbnailUrl\":\"https:\\\/\\\/www.facecorner.lv\\\/wp-content\\\/uploads\\\/2024\\\/07\\\/XL_p0205816292.jpg.webp\",\"datePublished\":\"2024-07-18T13:05:59+00:00\",\"dateModified\":\"2025-04-14T11:17:10+00:00\",\"description\":\"IsNtree Onion Fresh Light Sun Stick SPF50 nov\u0113r\u0161 ultravioleto staru rad\u012btos \u0101das boj\u0101jumus, aizsarg\u0101 pret saules apdegumiem un fotonoveco\u0161anos.\",\"breadcrumb\":{\"@id\":\"https:\\\/\\\/www.facecorner.lv\\\/shop\\\/isntree-onion-fresh-light-sun-stick-spf50-pa-22g\\\/#breadcrumb\"},\"inLanguage\":\"en-US\",\"potentialAction\":[{\"@type\":\"ReadAction\",\"target\":[\"https:\\\/\\\/www.facecorner.lv\\\/shop\\\/isntree-onion-fresh-light-sun-stick-spf50-pa-22g\\\/\"]}]},{\"@type\":\"ImageObject\",\"inLanguage\":\"en-US\",\"@id\":\"https:\\\/\\\/www.facecorner.lv\\\/shop\\\/isntree-onion-fresh-light-sun-stick-spf50-pa-22g\\\/#primaryimage\",\"url\":\"https:\\\/\\\/www.facecorner.lv\\\/wp-content\\\/uploads\\\/2024\\\/07\\\/XL_p0205816292.jpg.webp\",\"contentUrl\":\"https:\\\/\\\/www.facecorner.lv\\\/wp-content\\\/uploads\\\/2024\\\/07\\\/XL_p0205816292.jpg.webp\",\"width\":500,\"height\":500,\"caption\":\"IsNtree Onion Fresh Light Sun Stick SPF50\"},{\"@type\":\"BreadcrumbList\",\"@id\":\"https:\\\/\\\/www.facecorner.lv\\\/shop\\\/isntree-onion-fresh-light-sun-stick-spf50-pa-22g\\\/#breadcrumb\",\"itemListElement\":[{\"@type\":\"ListItem\",\"position\":1,\"name\":\"Home\",\"item\":\"https:\\\/\\\/www.facecorner.lv\\\/\"},{\"@type\":\"ListItem\",\"position\":2,\"name\":\"Veikals\",\"item\":\"https:\\\/\\\/www.facecorner.lv\\\/shop\\\/\"},{\"@type\":\"ListItem\",\"position\":3,\"name\":\"IsNtree Onion Fresh Light Sun Stick SPF50+ PA++++ 22g\"}]},{\"@type\":\"WebSite\",\"@id\":\"https:\\\/\\\/www.facecorner.lv\\\/#website\",\"url\":\"https:\\\/\\\/www.facecorner.lv\\\/\",\"name\":\"Facecorner\",\"description\":\"\",\"publisher\":{\"@id\":\"https:\\\/\\\/www.facecorner.lv\\\/#organization\"},\"potentialAction\":[{\"@type\":\"SearchAction\",\"target\":{\"@type\":\"EntryPoint\",\"urlTemplate\":\"https:\\\/\\\/www.facecorner.lv\\\/?s={search_term_string}\"},\"query-input\":{\"@type\":\"PropertyValueSpecification\",\"valueRequired\":true,\"valueName\":\"search_term_string\"}}],\"inLanguage\":\"en-US\"},{\"@type\":\"Organization\",\"@id\":\"https:\\\/\\\/www.facecorner.lv\\\/#organization\",\"name\":\"Facecorner\",\"url\":\"https:\\\/\\\/www.facecorner.lv\\\/\",\"logo\":{\"@type\":\"ImageObject\",\"inLanguage\":\"en-US\",\"@id\":\"https:\\\/\\\/www.facecorner.lv\\\/#\\\/schema\\\/logo\\\/image\\\/\",\"url\":\"https:\\\/\\\/www.facecorner.lv\\\/wp-content\\\/uploads\\\/2024\\\/04\\\/fc-logo.jpg\",\"contentUrl\":\"https:\\\/\\\/www.facecorner.lv\\\/wp-content\\\/uploads\\\/2024\\\/04\\\/fc-logo.jpg\",\"width\":174,\"height\":28,\"caption\":\"Facecorner\"},\"image\":{\"@id\":\"https:\\\/\\\/www.facecorner.lv\\\/#\\\/schema\\\/logo\\\/image\\\/\"},\"sameAs\":[\"https:\\\/\\\/www.facebook.com\\\/profile.php?id=100063824551839\",\"https:\\\/\\\/www.instagram.com\\\/facecorner_shop\\\/\"]}]}<\/script>\n<meta property=\"product:price:amount\" content=\"26.50\" \/>\n<meta property=\"product:price:currency\" content=\"EUR\" \/>\n<meta property=\"og:availability\" content=\"out of stock\" \/>\n<meta property=\"product:availability\" content=\"out of stock\" \/>\n<meta property=\"product:condition\" content=\"new\" \/>\n<!-- \/ Yoast SEO plugin. -->","yoast_head_json":{"title":"IsNtree Onion Fresh Light Sun Stick SPF50+ PA++++ 22g - FACECORNER","description":"IsNtree Onion Fresh Light Sun Stick SPF50 nov\u0113r\u0161 ultravioleto staru rad\u012btos \u0101das boj\u0101jumus, aizsarg\u0101 pret saules apdegumiem un fotonoveco\u0161anos.","robots":{"index":"index","follow":"follow","max-snippet":"max-snippet:-1","max-image-preview":"max-image-preview:large","max-video-preview":"max-video-preview:-1"},"canonical":"https:\/\/www.facecorner.lv\/en\/shop\/isntree-onion-fresh-light-sun-stick-spf50-pa-22g\/","og_locale":"en_US","og_type":"article","og_title":"IsNtree Onion Fresh Light Sun Stick SPF50+ PA++++ 22g - FACECORNER","og_description":"IsNtree Onion Fresh Light Sun Stick SPF50 nov\u0113r\u0161 ultravioleto staru rad\u012btos \u0101das boj\u0101jumus, aizsarg\u0101 pret saules apdegumiem un fotonoveco\u0161anos.","og_url":"https:\/\/www.facecorner.lv\/en\/shop\/isntree-onion-fresh-light-sun-stick-spf50-pa-22g\/","og_site_name":"FACECORNER","article_publisher":"https:\/\/www.facebook.com\/profile.php?id=100063824551839","article_modified_time":"2025-04-14T11:17:10+00:00","og_image":[{"width":500,"height":500,"url":"https:\/\/www.facecorner.lv\/wp-content\/uploads\/2024\/07\/XL_p0205816292.jpg.webp","type":"image\/webp"}],"twitter_card":"summary_large_image","twitter_misc":{"Price":"&euro;26.50","Availability":"Out of stock"},"schema":{"@context":"https:\/\/schema.org","@graph":[{"@type":"WebPage","@id":"https:\/\/www.facecorner.lv\/shop\/isntree-onion-fresh-light-sun-stick-spf50-pa-22g\/","url":"https:\/\/www.facecorner.lv\/shop\/isntree-onion-fresh-light-sun-stick-spf50-pa-22g\/","name":"IsNtree Onion Fresh Light Sun Stick SPF50+ PA++++ 22g - FACECORNER","isPartOf":{"@id":"https:\/\/www.facecorner.lv\/#website"},"primaryImageOfPage":{"@id":"https:\/\/www.facecorner.lv\/shop\/isntree-onion-fresh-light-sun-stick-spf50-pa-22g\/#primaryimage"},"image":{"@id":"https:\/\/www.facecorner.lv\/shop\/isntree-onion-fresh-light-sun-stick-spf50-pa-22g\/#primaryimage"},"thumbnailUrl":"https:\/\/www.facecorner.lv\/wp-content\/uploads\/2024\/07\/XL_p0205816292.jpg.webp","datePublished":"2024-07-18T13:05:59+00:00","dateModified":"2025-04-14T11:17:10+00:00","description":"IsNtree Onion Fresh Light Sun Stick SPF50 nov\u0113r\u0161 ultravioleto staru rad\u012btos \u0101das boj\u0101jumus, aizsarg\u0101 pret saules apdegumiem un fotonoveco\u0161anos.","breadcrumb":{"@id":"https:\/\/www.facecorner.lv\/shop\/isntree-onion-fresh-light-sun-stick-spf50-pa-22g\/#breadcrumb"},"inLanguage":"en-US","potentialAction":[{"@type":"ReadAction","target":["https:\/\/www.facecorner.lv\/shop\/isntree-onion-fresh-light-sun-stick-spf50-pa-22g\/"]}]},{"@type":"ImageObject","inLanguage":"en-US","@id":"https:\/\/www.facecorner.lv\/shop\/isntree-onion-fresh-light-sun-stick-spf50-pa-22g\/#primaryimage","url":"https:\/\/www.facecorner.lv\/wp-content\/uploads\/2024\/07\/XL_p0205816292.jpg.webp","contentUrl":"https:\/\/www.facecorner.lv\/wp-content\/uploads\/2024\/07\/XL_p0205816292.jpg.webp","width":500,"height":500,"caption":"IsNtree Onion Fresh Light Sun Stick SPF50"},{"@type":"BreadcrumbList","@id":"https:\/\/www.facecorner.lv\/shop\/isntree-onion-fresh-light-sun-stick-spf50-pa-22g\/#breadcrumb","itemListElement":[{"@type":"ListItem","position":1,"name":"Home","item":"https:\/\/www.facecorner.lv\/"},{"@type":"ListItem","position":2,"name":"Veikals","item":"https:\/\/www.facecorner.lv\/shop\/"},{"@type":"ListItem","position":3,"name":"IsNtree Onion Fresh Light Sun Stick SPF50+ PA++++ 22g"}]},{"@type":"WebSite","@id":"https:\/\/www.facecorner.lv\/#website","url":"https:\/\/www.facecorner.lv\/","name":"Facecorner","description":"","publisher":{"@id":"https:\/\/www.facecorner.lv\/#organization"},"potentialAction":[{"@type":"SearchAction","target":{"@type":"EntryPoint","urlTemplate":"https:\/\/www.facecorner.lv\/?s={search_term_string}"},"query-input":{"@type":"PropertyValueSpecification","valueRequired":true,"valueName":"search_term_string"}}],"inLanguage":"en-US"},{"@type":"Organization","@id":"https:\/\/www.facecorner.lv\/#organization","name":"Facecorner","url":"https:\/\/www.facecorner.lv\/","logo":{"@type":"ImageObject","inLanguage":"en-US","@id":"https:\/\/www.facecorner.lv\/#\/schema\/logo\/image\/","url":"https:\/\/www.facecorner.lv\/wp-content\/uploads\/2024\/04\/fc-logo.jpg","contentUrl":"https:\/\/www.facecorner.lv\/wp-content\/uploads\/2024\/04\/fc-logo.jpg","width":174,"height":28,"caption":"Facecorner"},"image":{"@id":"https:\/\/www.facecorner.lv\/#\/schema\/logo\/image\/"},"sameAs":["https:\/\/www.facebook.com\/profile.php?id=100063824551839","https:\/\/www.instagram.com\/facecorner_shop\/"]}]},"product_price_amount":"26.50","product_price_currency":"EUR","og_availability":"out of stock","product_availability":"out of stock","product_condition":"new"},"_links":{"self":[{"href":"https:\/\/www.facecorner.lv\/en\/wp-json\/wp\/v2\/product\/19656","targetHints":{"allow":["GET"]}}],"collection":[{"href":"https:\/\/www.facecorner.lv\/en\/wp-json\/wp\/v2\/product"}],"about":[{"href":"https:\/\/www.facecorner.lv\/en\/wp-json\/wp\/v2\/types\/product"}],"replies":[{"embeddable":true,"href":"https:\/\/www.facecorner.lv\/en\/wp-json\/wp\/v2\/comments?post=19656"}],"wp:featuredmedia":[{"embeddable":true,"href":"https:\/\/www.facecorner.lv\/en\/wp-json\/wp\/v2\/media\/19657"}],"wp:attachment":[{"href":"https:\/\/www.facecorner.lv\/en\/wp-json\/wp\/v2\/media?parent=19656"}],"wp:term":[{"taxonomy":"product_brand","embeddable":true,"href":"https:\/\/www.facecorner.lv\/en\/wp-json\/wp\/v2\/product_brand?post=19656"},{"taxonomy":"product_cat","embeddable":true,"href":"https:\/\/www.facecorner.lv\/en\/wp-json\/wp\/v2\/product_cat?post=19656"},{"taxonomy":"product_tag","embeddable":true,"href":"https:\/\/www.facecorner.lv\/en\/wp-json\/wp\/v2\/product_tag?post=19656"},{"taxonomy":"berocket_brand","embeddable":true,"href":"https:\/\/www.facecorner.lv\/en\/wp-json\/wp\/v2\/berocket_brand?post=19656"}],"curies":[{"name":"wp","href":"https:\/\/api.w.org\/{rel}","templated":true}]}}