{"id":19622,"date":"2024-07-16T17:30:13","date_gmt":"2024-07-16T15:30:13","guid":{"rendered":"https:\/\/www.facecorner.lv\/?post_type=product&#038;p=19622"},"modified":"2026-03-11T12:59:54","modified_gmt":"2026-03-11T09:59:54","slug":"vt-cosmetics-cica-exosome-moisture-mask-20ea","status":"publish","type":"product","link":"https:\/\/www.facecorner.lv\/en\/shop\/vt-cosmetics-cica-exosome-moisture-mask-20ea\/","title":{"rendered":"VT Cosmetics Cica-Exosome Moisture Mask 20ea"},"content":{"rendered":"<p>VT Cosmetics Cica-Exosome Moisture Mask komplekts ar liposom\u0101m pal\u012bdz nomierin\u0101t iekaisu\u0161o \u0101du, mazin\u0101t niezi un atbr\u012bvoties no aps\u0101rtuma p\u0113c iesp\u0113jas \u012bs\u0101k\u0101 laik\u0101. Maskas pamatne ir bag\u0101t\u012bgi pies\u0101tin\u0101ta ar esenc\u0113m, kas nodro\u0161ina kvalitat\u012bvu \u0101das mitrin\u0101\u0161anu, dziedin\u0101\u0161anu un atjauno\u0161anu. Ide\u0101li piem\u0113rota \u0101dai ar rozaceju un kuperozi, t\u0101 stiprina kapil\u0101ru sieni\u0146as, samazina audu jut\u012bgumu un mazina asinsvadu zvaigzn\u012btes.<\/p>\n<p>CICA-EXOSOME liposomas, \u012bpa\u0161as sf\u0113ras, kas satur tr\u012bs veidu vitam\u012bnus, darbojas k\u0101 vad\u012bt\u0101ji. T\u0101m ir \u013coti maza molekulmasa, un t\u0101s sp\u0113j iek\u013c\u016bt dzi\u013c\u0101kajos epidermas sl\u0101\u0146os. \u0160\u012b tehnolo\u0123ija nodro\u0161ina visdro\u0161\u0101ko l\u012bdzek\u013cu pieg\u0101di, piln\u012bb\u0101 saglab\u0101jot to labv\u0113l\u012bg\u0101s \u012bpa\u0161\u012bbas.<\/p>\n<p><strong>Main active ingredients:<\/strong><\/p>\n<ul>\n<li>Patent\u0113ts Cicahyalon\u2122 komplekss, kura pamat\u0101 ir Centella asiatica komplekss, za\u013cais propoliss un hialuronsk\u0101be, mitrina, iedarbojas pretiekaisuma un antibakteri\u0101li, samazina grumbas, maigi izgaismo.<\/li>\n<li>Aminosk\u0101bju komplekss stimul\u0113 kolag\u0113na un elast\u012bna \u0161\u0137iedru sint\u0113zi, uzlabo audu elast\u012bbu un tvirtumu. Tas pal\u012bdz izl\u012bdzin\u0101t s\u012bk\u0101s grumbi\u0146as un pal\u0113nina noveco\u0161an\u0101s procesus.<\/li>\n<li>Piena prote\u012bni bag\u0101tina \u0101du ar aminosk\u0101b\u0113m, stimul\u0113 \u0161\u016bnu atjauno\u0161anos. Tam piem\u012bt sp\u0113c\u012bgas antioksidantu \u012bpa\u0161\u012bbas, tas stiprina \u0101du, uzlabojot t\u0101s aizsargfunkcijas.<\/li>\n<li>\u0160\u012b sviests m\u012bkstina \u0101du, nov\u0113r\u0161 sausumu un \u0101das lob\u012b\u0161anos. Dzi\u013ci mitrina, padara \u0101du elast\u012bgu, gludu un stingru.<\/li>\n<\/ul>\n<p><strong>How to use:<\/strong> no\u0146emiet vienu masku ar pinceti, vienm\u0113r\u012bgi uzkl\u0101jiet masku uz iepriek\u0161 att\u012br\u012btas un toniz\u0113tas sejas \u0101das, izvairoties no zonas ap ac\u012bm un l\u016bp\u0101m. Atst\u0101jiet to uzkl\u0101t uz 10-15 min. Uzman\u012bgi no\u0146emiet masku un maigi iemas\u0113jiet atliku\u0161o esenci \u0101d\u0101, l\u012bdz t\u0101 piln\u012bb\u0101 ies\u016bcas.<\/p>\n<p><strong>Ingredientes:<\/strong> Purified Water, Glycerin, Propanediol, Hydroxyethyl Urea, Polyglyceryl-4 Caprate, Shea Butter, Trehalose, Sodium Polyacrylate, Hydrogenated Lecithin, Hydrogenated Polydecene, Polyglyceryl-10. Stearate, Butylene Glycol, Glyceryl Acrylate\/acrylic Acid Copolymer, Disodium Edta, Trideceth-6, C11-13 Isoalkane, Hydrolyzed Corn Starch, Sucrose, Centella Asiatica Extract, Hydrocephalus Rollized Milk Protein, Glycine, Serine, Glutamic Acid, Aspartic Acid, Leucine, Sodium Hyaluronate, Alanine, Lysine, Arginine, Tyrosine, Phenylalanine, Threonine, Proline, Valine, Isoleucine, Histidine, Methionine. , Cysteine, Propolis Extract, Asiaticoside, Madecassoside, Madecassic Acid, Asiatic Acid, 1,2-hexanediol, Caprylyl Glycol, Ethylhexylglycerin, Hydroxyacetophenone, Fragrance<\/p>","protected":false},"excerpt":{"rendered":"<p>VT Cosmetics Cica-Exosome Moisture Mask komplekts ar liposom\u0101m pal\u012bdz nomierin\u0101t iekaisu\u0161o \u0101du, mazin\u0101t niezi un atbr\u012bvoties no aps\u0101rtuma p\u0113c iesp\u0113jas \u012bs\u0101k\u0101 laik\u0101. Maskas pamatne ir bag\u0101t\u012bgi pies\u0101tin\u0101ta ar esenc\u0113m, kas nodro\u0161ina kvalitat\u012bvu \u0101das mitrin\u0101\u0161anu, dziedin\u0101\u0161anu un atjauno\u0161anu. Ide\u0101li piem\u0113rota \u0101dai ar rozaceju un kuperozi, t\u0101 stiprina kapil\u0101ru sieni\u0146as, samazina audu jut\u012bgumu un mazina asinsvadu zvaigzn\u012btes. Sast\u0101v\u0101 ir aminosk\u0101bju komplekss, \u0161\u012b sviests, Centella asiatica ekstrakts un piena prote\u012bni.<\/p>","protected":false},"featured_media":19623,"comment_status":"open","ping_status":"closed","template":"","meta":{"site-sidebar-layout":"default","site-content-layout":"","ast-site-content-layout":"","site-content-style":"default","site-sidebar-style":"default","ast-global-header-display":"","ast-banner-title-visibility":"","ast-main-header-display":"","ast-hfb-above-header-display":"","ast-hfb-below-header-display":"","ast-hfb-mobile-header-display":"","site-post-title":"","ast-breadcrumbs-content":"","ast-featured-img":"","footer-sml-layout":"","theme-transparent-header-meta":"","adv-header-id-meta":"","stick-header-meta":"","header-above-stick-meta":"","header-main-stick-meta":"","header-below-stick-meta":"","astra-migrate-meta-layouts":"default","ast-page-background-enabled":"default","ast-page-background-meta":{"desktop":{"background-color":"var(--ast-global-color-4)","background-image":"","background-repeat":"repeat","background-position":"center center","background-size":"auto","background-attachment":"scroll","background-type":"","background-media":"","overlay-type":"","overlay-color":"","overlay-opacity":"","overlay-gradient":""},"tablet":{"background-color":"","background-image":"","background-repeat":"repeat","background-position":"center center","background-size":"auto","background-attachment":"scroll","background-type":"","background-media":"","overlay-type":"","overlay-color":"","overlay-opacity":"","overlay-gradient":""},"mobile":{"background-color":"","background-image":"","background-repeat":"repeat","background-position":"center center","background-size":"auto","background-attachment":"scroll","background-type":"","background-media":"","overlay-type":"","overlay-color":"","overlay-opacity":"","overlay-gradient":""}},"ast-content-background-meta":{"desktop":{"background-color":"var(--ast-global-color-5)","background-image":"","background-repeat":"repeat","background-position":"center center","background-size":"auto","background-attachment":"scroll","background-type":"","background-media":"","overlay-type":"","overlay-color":"","overlay-opacity":"","overlay-gradient":""},"tablet":{"background-color":"var(--ast-global-color-5)","background-image":"","background-repeat":"repeat","background-position":"center center","background-size":"auto","background-attachment":"scroll","background-type":"","background-media":"","overlay-type":"","overlay-color":"","overlay-opacity":"","overlay-gradient":""},"mobile":{"background-color":"var(--ast-global-color-5)","background-image":"","background-repeat":"repeat","background-position":"center center","background-size":"auto","background-attachment":"scroll","background-type":"","background-media":"","overlay-type":"","overlay-color":"","overlay-opacity":"","overlay-gradient":""}}},"product_brand":[],"product_cat":[324,315],"product_tag":[],"berocket_brand":[582],"class_list":{"0":"post-19622","1":"product","2":"type-product","3":"status-publish","4":"has-post-thumbnail","6":"product_cat-auduma","7":"product_cat-maskas","8":"berocket_brand-vt","9":"desktop-align-left","10":"tablet-align-left","11":"mobile-align-left","13":"first","14":"outofstock","15":"taxable","16":"shipping-taxable","17":"purchasable","18":"product-type-simple","19":"add-to-wishlist-before_image"},"yoast_head":"<!-- This site is optimized with the Yoast SEO plugin v27.4 - https:\/\/yoast.com\/product\/yoast-seo-wordpress\/ -->\n<title>VT Cosmetics Cica-Exosome Moisture Mask 20ea - FACECORNER<\/title>\n<meta name=\"description\" content=\"VT Cosmetics Cica-Exosome Moisture Mask komplekts ar liposom\u0101m pal\u012bdz nomierin\u0101t iekaisu\u0161o \u0101du, mazin\u0101t niezi un atbr\u012bvoties no aps\u0101rtuma.\" \/>\n<meta name=\"robots\" content=\"index, follow, max-snippet:-1, max-image-preview:large, max-video-preview:-1\" \/>\n<link rel=\"canonical\" href=\"https:\/\/www.facecorner.lv\/en\/shop\/vt-cosmetics-cica-exosome-moisture-mask-20ea\/\" \/>\n<meta property=\"og:locale\" content=\"en_US\" \/>\n<meta property=\"og:type\" content=\"article\" \/>\n<meta property=\"og:title\" content=\"VT Cosmetics Cica-Exosome Moisture Mask 20ea - FACECORNER\" \/>\n<meta property=\"og:description\" content=\"VT Cosmetics Cica-Exosome Moisture Mask komplekts ar liposom\u0101m pal\u012bdz nomierin\u0101t iekaisu\u0161o \u0101du, mazin\u0101t niezi un atbr\u012bvoties no aps\u0101rtuma.\" \/>\n<meta property=\"og:url\" content=\"https:\/\/www.facecorner.lv\/en\/shop\/vt-cosmetics-cica-exosome-moisture-mask-20ea\/\" \/>\n<meta property=\"og:site_name\" content=\"FACECORNER\" \/>\n<meta property=\"article:publisher\" content=\"https:\/\/www.facebook.com\/profile.php?id=100063824551839\" \/>\n<meta property=\"article:modified_time\" content=\"2026-03-11T09:59:54+00:00\" \/>\n<meta property=\"og:image\" content=\"https:\/\/www.facecorner.lv\/wp-content\/uploads\/2024\/07\/1.jpg\" \/>\n\t<meta property=\"og:image:width\" content=\"1200\" \/>\n\t<meta property=\"og:image:height\" content=\"1200\" \/>\n\t<meta property=\"og:image:type\" content=\"image\/jpeg\" \/>\n<meta name=\"twitter:card\" content=\"summary_large_image\" \/>\n<meta name=\"twitter:label1\" content=\"Price\" \/>\n\t<meta name=\"twitter:data1\" content=\"&euro;30.00\" \/>\n\t<meta name=\"twitter:label2\" content=\"Availability\" \/>\n\t<meta name=\"twitter:data2\" content=\"Out of stock\" \/>\n<script type=\"application\/ld+json\" class=\"yoast-schema-graph\">{\"@context\":\"https:\\\/\\\/schema.org\",\"@graph\":[{\"@type\":\"WebPage\",\"@id\":\"https:\\\/\\\/www.facecorner.lv\\\/shop\\\/vt-cosmetics-cica-exosome-moisture-mask-20ea\\\/\",\"url\":\"https:\\\/\\\/www.facecorner.lv\\\/shop\\\/vt-cosmetics-cica-exosome-moisture-mask-20ea\\\/\",\"name\":\"VT Cosmetics Cica-Exosome Moisture Mask 20ea - FACECORNER\",\"isPartOf\":{\"@id\":\"https:\\\/\\\/www.facecorner.lv\\\/#website\"},\"primaryImageOfPage\":{\"@id\":\"https:\\\/\\\/www.facecorner.lv\\\/shop\\\/vt-cosmetics-cica-exosome-moisture-mask-20ea\\\/#primaryimage\"},\"image\":{\"@id\":\"https:\\\/\\\/www.facecorner.lv\\\/shop\\\/vt-cosmetics-cica-exosome-moisture-mask-20ea\\\/#primaryimage\"},\"thumbnailUrl\":\"https:\\\/\\\/www.facecorner.lv\\\/wp-content\\\/uploads\\\/2024\\\/07\\\/1.jpg\",\"datePublished\":\"2024-07-16T15:30:13+00:00\",\"dateModified\":\"2026-03-11T09:59:54+00:00\",\"description\":\"VT Cosmetics Cica-Exosome Moisture Mask komplekts ar liposom\u0101m pal\u012bdz nomierin\u0101t iekaisu\u0161o \u0101du, mazin\u0101t niezi un atbr\u012bvoties no aps\u0101rtuma.\",\"breadcrumb\":{\"@id\":\"https:\\\/\\\/www.facecorner.lv\\\/shop\\\/vt-cosmetics-cica-exosome-moisture-mask-20ea\\\/#breadcrumb\"},\"inLanguage\":\"en-US\",\"potentialAction\":[{\"@type\":\"ReadAction\",\"target\":[\"https:\\\/\\\/www.facecorner.lv\\\/shop\\\/vt-cosmetics-cica-exosome-moisture-mask-20ea\\\/\"]}]},{\"@type\":\"ImageObject\",\"inLanguage\":\"en-US\",\"@id\":\"https:\\\/\\\/www.facecorner.lv\\\/shop\\\/vt-cosmetics-cica-exosome-moisture-mask-20ea\\\/#primaryimage\",\"url\":\"https:\\\/\\\/www.facecorner.lv\\\/wp-content\\\/uploads\\\/2024\\\/07\\\/1.jpg\",\"contentUrl\":\"https:\\\/\\\/www.facecorner.lv\\\/wp-content\\\/uploads\\\/2024\\\/07\\\/1.jpg\",\"width\":1200,\"height\":1200,\"caption\":\"xr:d:DAF-Md5G1Fc:1,j:4449976657481716656,t:24022917\"},{\"@type\":\"BreadcrumbList\",\"@id\":\"https:\\\/\\\/www.facecorner.lv\\\/shop\\\/vt-cosmetics-cica-exosome-moisture-mask-20ea\\\/#breadcrumb\",\"itemListElement\":[{\"@type\":\"ListItem\",\"position\":1,\"name\":\"Home\",\"item\":\"https:\\\/\\\/www.facecorner.lv\\\/\"},{\"@type\":\"ListItem\",\"position\":2,\"name\":\"Veikals\",\"item\":\"https:\\\/\\\/www.facecorner.lv\\\/shop\\\/\"},{\"@type\":\"ListItem\",\"position\":3,\"name\":\"VT Cosmetics Cica-Exosome Moisture Mask 20ea\"}]},{\"@type\":\"WebSite\",\"@id\":\"https:\\\/\\\/www.facecorner.lv\\\/#website\",\"url\":\"https:\\\/\\\/www.facecorner.lv\\\/\",\"name\":\"Facecorner\",\"description\":\"\",\"publisher\":{\"@id\":\"https:\\\/\\\/www.facecorner.lv\\\/#organization\"},\"potentialAction\":[{\"@type\":\"SearchAction\",\"target\":{\"@type\":\"EntryPoint\",\"urlTemplate\":\"https:\\\/\\\/www.facecorner.lv\\\/?s={search_term_string}\"},\"query-input\":{\"@type\":\"PropertyValueSpecification\",\"valueRequired\":true,\"valueName\":\"search_term_string\"}}],\"inLanguage\":\"en-US\"},{\"@type\":\"Organization\",\"@id\":\"https:\\\/\\\/www.facecorner.lv\\\/#organization\",\"name\":\"Facecorner\",\"url\":\"https:\\\/\\\/www.facecorner.lv\\\/\",\"logo\":{\"@type\":\"ImageObject\",\"inLanguage\":\"en-US\",\"@id\":\"https:\\\/\\\/www.facecorner.lv\\\/#\\\/schema\\\/logo\\\/image\\\/\",\"url\":\"https:\\\/\\\/www.facecorner.lv\\\/wp-content\\\/uploads\\\/2024\\\/04\\\/fc-logo.jpg\",\"contentUrl\":\"https:\\\/\\\/www.facecorner.lv\\\/wp-content\\\/uploads\\\/2024\\\/04\\\/fc-logo.jpg\",\"width\":174,\"height\":28,\"caption\":\"Facecorner\"},\"image\":{\"@id\":\"https:\\\/\\\/www.facecorner.lv\\\/#\\\/schema\\\/logo\\\/image\\\/\"},\"sameAs\":[\"https:\\\/\\\/www.facebook.com\\\/profile.php?id=100063824551839\",\"https:\\\/\\\/www.instagram.com\\\/facecorner_shop\\\/\"]}]}<\/script>\n<meta property=\"product:price:amount\" content=\"30.00\" \/>\n<meta property=\"product:price:currency\" content=\"EUR\" \/>\n<meta property=\"og:availability\" content=\"out of stock\" \/>\n<meta property=\"product:availability\" content=\"out of stock\" \/>\n<meta property=\"product:condition\" content=\"new\" \/>\n<!-- \/ Yoast SEO plugin. -->","yoast_head_json":{"title":"VT Cosmetics Cica-Exosome Moisture Mask 20ea - FACECORNER","description":"VT Cosmetics Cica-Exosome Moisture Mask komplekts ar liposom\u0101m pal\u012bdz nomierin\u0101t iekaisu\u0161o \u0101du, mazin\u0101t niezi un atbr\u012bvoties no aps\u0101rtuma.","robots":{"index":"index","follow":"follow","max-snippet":"max-snippet:-1","max-image-preview":"max-image-preview:large","max-video-preview":"max-video-preview:-1"},"canonical":"https:\/\/www.facecorner.lv\/en\/shop\/vt-cosmetics-cica-exosome-moisture-mask-20ea\/","og_locale":"en_US","og_type":"article","og_title":"VT Cosmetics Cica-Exosome Moisture Mask 20ea - FACECORNER","og_description":"VT Cosmetics Cica-Exosome Moisture Mask komplekts ar liposom\u0101m pal\u012bdz nomierin\u0101t iekaisu\u0161o \u0101du, mazin\u0101t niezi un atbr\u012bvoties no aps\u0101rtuma.","og_url":"https:\/\/www.facecorner.lv\/en\/shop\/vt-cosmetics-cica-exosome-moisture-mask-20ea\/","og_site_name":"FACECORNER","article_publisher":"https:\/\/www.facebook.com\/profile.php?id=100063824551839","article_modified_time":"2026-03-11T09:59:54+00:00","og_image":[{"width":1200,"height":1200,"url":"https:\/\/www.facecorner.lv\/wp-content\/uploads\/2024\/07\/1.jpg","type":"image\/jpeg"}],"twitter_card":"summary_large_image","twitter_misc":{"Price":"&euro;30.00","Availability":"Out of stock"},"schema":{"@context":"https:\/\/schema.org","@graph":[{"@type":"WebPage","@id":"https:\/\/www.facecorner.lv\/shop\/vt-cosmetics-cica-exosome-moisture-mask-20ea\/","url":"https:\/\/www.facecorner.lv\/shop\/vt-cosmetics-cica-exosome-moisture-mask-20ea\/","name":"VT Cosmetics Cica-Exosome Moisture Mask 20ea - FACECORNER","isPartOf":{"@id":"https:\/\/www.facecorner.lv\/#website"},"primaryImageOfPage":{"@id":"https:\/\/www.facecorner.lv\/shop\/vt-cosmetics-cica-exosome-moisture-mask-20ea\/#primaryimage"},"image":{"@id":"https:\/\/www.facecorner.lv\/shop\/vt-cosmetics-cica-exosome-moisture-mask-20ea\/#primaryimage"},"thumbnailUrl":"https:\/\/www.facecorner.lv\/wp-content\/uploads\/2024\/07\/1.jpg","datePublished":"2024-07-16T15:30:13+00:00","dateModified":"2026-03-11T09:59:54+00:00","description":"VT Cosmetics Cica-Exosome Moisture Mask komplekts ar liposom\u0101m pal\u012bdz nomierin\u0101t iekaisu\u0161o \u0101du, mazin\u0101t niezi un atbr\u012bvoties no aps\u0101rtuma.","breadcrumb":{"@id":"https:\/\/www.facecorner.lv\/shop\/vt-cosmetics-cica-exosome-moisture-mask-20ea\/#breadcrumb"},"inLanguage":"en-US","potentialAction":[{"@type":"ReadAction","target":["https:\/\/www.facecorner.lv\/shop\/vt-cosmetics-cica-exosome-moisture-mask-20ea\/"]}]},{"@type":"ImageObject","inLanguage":"en-US","@id":"https:\/\/www.facecorner.lv\/shop\/vt-cosmetics-cica-exosome-moisture-mask-20ea\/#primaryimage","url":"https:\/\/www.facecorner.lv\/wp-content\/uploads\/2024\/07\/1.jpg","contentUrl":"https:\/\/www.facecorner.lv\/wp-content\/uploads\/2024\/07\/1.jpg","width":1200,"height":1200,"caption":"xr:d:DAF-Md5G1Fc:1,j:4449976657481716656,t:24022917"},{"@type":"BreadcrumbList","@id":"https:\/\/www.facecorner.lv\/shop\/vt-cosmetics-cica-exosome-moisture-mask-20ea\/#breadcrumb","itemListElement":[{"@type":"ListItem","position":1,"name":"Home","item":"https:\/\/www.facecorner.lv\/"},{"@type":"ListItem","position":2,"name":"Veikals","item":"https:\/\/www.facecorner.lv\/shop\/"},{"@type":"ListItem","position":3,"name":"VT Cosmetics Cica-Exosome Moisture Mask 20ea"}]},{"@type":"WebSite","@id":"https:\/\/www.facecorner.lv\/#website","url":"https:\/\/www.facecorner.lv\/","name":"Facecorner","description":"","publisher":{"@id":"https:\/\/www.facecorner.lv\/#organization"},"potentialAction":[{"@type":"SearchAction","target":{"@type":"EntryPoint","urlTemplate":"https:\/\/www.facecorner.lv\/?s={search_term_string}"},"query-input":{"@type":"PropertyValueSpecification","valueRequired":true,"valueName":"search_term_string"}}],"inLanguage":"en-US"},{"@type":"Organization","@id":"https:\/\/www.facecorner.lv\/#organization","name":"Facecorner","url":"https:\/\/www.facecorner.lv\/","logo":{"@type":"ImageObject","inLanguage":"en-US","@id":"https:\/\/www.facecorner.lv\/#\/schema\/logo\/image\/","url":"https:\/\/www.facecorner.lv\/wp-content\/uploads\/2024\/04\/fc-logo.jpg","contentUrl":"https:\/\/www.facecorner.lv\/wp-content\/uploads\/2024\/04\/fc-logo.jpg","width":174,"height":28,"caption":"Facecorner"},"image":{"@id":"https:\/\/www.facecorner.lv\/#\/schema\/logo\/image\/"},"sameAs":["https:\/\/www.facebook.com\/profile.php?id=100063824551839","https:\/\/www.instagram.com\/facecorner_shop\/"]}]},"product_price_amount":"30.00","product_price_currency":"EUR","og_availability":"out of stock","product_availability":"out of stock","product_condition":"new"},"_links":{"self":[{"href":"https:\/\/www.facecorner.lv\/en\/wp-json\/wp\/v2\/product\/19622","targetHints":{"allow":["GET"]}}],"collection":[{"href":"https:\/\/www.facecorner.lv\/en\/wp-json\/wp\/v2\/product"}],"about":[{"href":"https:\/\/www.facecorner.lv\/en\/wp-json\/wp\/v2\/types\/product"}],"replies":[{"embeddable":true,"href":"https:\/\/www.facecorner.lv\/en\/wp-json\/wp\/v2\/comments?post=19622"}],"wp:featuredmedia":[{"embeddable":true,"href":"https:\/\/www.facecorner.lv\/en\/wp-json\/wp\/v2\/media\/19623"}],"wp:attachment":[{"href":"https:\/\/www.facecorner.lv\/en\/wp-json\/wp\/v2\/media?parent=19622"}],"wp:term":[{"taxonomy":"product_brand","embeddable":true,"href":"https:\/\/www.facecorner.lv\/en\/wp-json\/wp\/v2\/product_brand?post=19622"},{"taxonomy":"product_cat","embeddable":true,"href":"https:\/\/www.facecorner.lv\/en\/wp-json\/wp\/v2\/product_cat?post=19622"},{"taxonomy":"product_tag","embeddable":true,"href":"https:\/\/www.facecorner.lv\/en\/wp-json\/wp\/v2\/product_tag?post=19622"},{"taxonomy":"berocket_brand","embeddable":true,"href":"https:\/\/www.facecorner.lv\/en\/wp-json\/wp\/v2\/berocket_brand?post=19622"}],"curies":[{"name":"wp","href":"https:\/\/api.w.org\/{rel}","templated":true}]}}