{"id":19619,"date":"2024-07-16T17:21:11","date_gmt":"2024-07-16T15:21:11","guid":{"rendered":"https:\/\/www.facecorner.lv\/?post_type=product&#038;p=19619"},"modified":"2025-02-19T21:47:52","modified_gmt":"2025-02-19T18:47:52","slug":"vt-cosmetics-cica-collagen-mask-30-ea","status":"publish","type":"product","link":"https:\/\/www.facecorner.lv\/en\/shop\/vt-cosmetics-cica-collagen-mask-30-ea\/","title":{"rendered":"VT Cosmetics Cica Collagen Mask 30 ea"},"content":{"rendered":"<p>VT Cosmetics Cica Collagen Mask ir 30 masku komplekts ikdienas lieto\u0161anai m\u0113ne\u0161a garum\u0101. Maskas pie\u0161\u0137ir tvirtumu un bl\u012bvumu, intens\u012bvi mitrina, nov\u0113r\u0161 sausumu un lob\u012b\u0161anos, stimul\u0113 re\u0123ener\u0101cijas procesus.<\/p>\n<p>T\u0101s padara \u0101du bl\u012bvu un elast\u012bgu, veicina grumbu izl\u012bdzin\u0101\u0161anu. T\u0101s uzlabo tekst\u016bru un izl\u012bdzina tonusu, mazina nepiln\u012bbu izpausmes un pagarina jaun\u012bbu.<\/p>\n<p>VT Cosmetics Cica Collagen Mask ir bag\u0101t\u012bgi pies\u016bcin\u0101ts ar esenci, un tam ir pl\u0101na auduma forma, kas cie\u0161i piegu\u013c \u0101dai.<\/p>\n<p><strong>Main active ingredients:<\/strong><\/p>\n<ul>\n<li>Zemmolekul\u0101r\u0101 kolag\u0113na molekulmasa ir 300 Da, t\u0101p\u0113c tas iek\u013c\u016bst dzi\u013ci \u0101d\u0101 un nodro\u0161ina intens\u012bvu mitrin\u0101\u0161anu. Samazina grumbas, saglab\u0101 gludumu un elast\u012bbu.<\/li>\n<li>Cica-Hyalon\u2122 &#8211; komplekss, kas sast\u0101v no za\u013c\u0101 propolisa ekstrakta, Centella kompleksa (madekasos\u012bda, madekassk\u0101bes, asiatikos\u012bda un asiatisk\u0101s sk\u0101bes) un 4 veidu hialuronsk\u0101bes. Nomierina un mitrina, mazina kairin\u0101jumu un aps\u0101rtumu, atdz\u012bvina sausu \u0101du.<\/li>\n<li>Savva\u013cas sojas fitoplacentija satur izoflavonus. Tam piem\u012bt antioksidanta iedarb\u012bba un tas stimul\u0113 \u0161\u016bnu dal\u012b\u0161anos, kas palielina elast\u012bbu, izl\u012bdzina nel\u012bdzeno reljefu un pagarina \u0161\u016bnu jaun\u012bbu.<\/li>\n<li>2% niac\u012bnam\u012bds (vitam\u012bns B3) balina pigment\u0101ciju un nov\u0113r\u0161 t\u0101s ra\u0161anos, normaliz\u0113 sebuma veido\u0161anos, samazina sp\u012bdumu T zon\u0101 (pieres, deguna, vaigu un zoda zon\u0101), stimul\u0113 kolag\u0113na veido\u0161anos un palielina \u0101das aizsargfunkcijas.<\/li>\n<li>Pantenols (vitam\u012bns B5) mazina aps\u0101rtumu un niezi, stiprina hidrolip\u012bdu barjeru, nov\u0113r\u0161 mitruma iztvaiko\u0161anu un veicina re\u0123ener\u0101ciju.<\/li>\n<li>Adenoz\u012bns &#8211; sp\u0113c\u012bga pretnoveco\u0161an\u0101s akt\u012bv\u0101 viela, stimul\u0113 kolag\u0113na ra\u017eo\u0161anu, uzlabo elast\u012bbu un bl\u012bvumu, savelk un izl\u012bdzina, pal\u0113nina noveco\u0161anos.<\/li>\n<\/ul>\n<p>Suitable for all skin types.<\/p>\n<p><strong>How to use:<\/strong> p\u0113c mazg\u0101\u0161anas uzkl\u0101jiet masku uz sejas, p\u0113c 15-20 min\u016bt\u0113m no\u0146emiet un viegli nogl\u0101stiet \u0101du ar pirkstu spilventi\u0146iem, lai absorb\u0113tu atliku\u0161o esenci.<\/p>\n<p><strong>Ingredientes:<\/strong>: Water, Diglycerin, Glycereth-26, Niacinamide, Methylpropanediol, 1,2-Hexanediol, Trehalose, Polyglycerin-3, Ammonium Acryloyldimethyltaurate\/VP Copolymer, Panthenol, Hydroxyacetophenone, Ethylhexylglycerin, Caprylyl Glycol, Glycerin, C12-14 Alketh-12, Adenosine, Sodium Polyacrylate, Xanthan Gum, Disodium EDTA, Butylene Glycol, Hibiscus Flower Extract, Wheat Grass Extract, Dol Confphytoplacenta Extract, Fragrance, Centella Asiatica Extract, Sodium Hyaluronate, Sunflower Seed Oil, Collagen Extract (0.01%), Hydrolyzed Collagen, Madecassoside, Madecassic Acid, Asiaticoside, Asiatic Acid, Propolis Extract<\/p>","protected":false},"excerpt":{"rendered":"<p>Auduma masku komplekts ar kolag\u0113nu \u0101das elast\u012bbai VT Cosmetics Cica Collagen Mask ir 30 maskas ikdienas lieto\u0161anai m\u0113nesi. Maskas pie\u0161\u0137ir elast\u012bbu un bl\u012bvumu, intens\u012bvi mitrina, nov\u0113r\u0161 sausumu un lob\u012b\u0161anos, stimul\u0113 re\u0123ener\u0101cijas procesus. T\u0101s padara \u0101du bl\u012bvu un elast\u012bgu, pal\u012bdz izl\u012bdzin\u0101t grumbas. Produkts ir pies\u016bcin\u0101ts ar esenci, kas satur zemas molekulmasas kolag\u0113nu, Cica-Hyalon\u2122 kompleksu, sojas fitoplacentu, 2% niacinam\u012bdu, pantenolu un adenoz\u012bnu.<\/p>","protected":false},"featured_media":19620,"comment_status":"closed","ping_status":"closed","template":"","meta":{"site-sidebar-layout":"default","site-content-layout":"","ast-site-content-layout":"","site-content-style":"default","site-sidebar-style":"default","ast-global-header-display":"","ast-banner-title-visibility":"","ast-main-header-display":"","ast-hfb-above-header-display":"","ast-hfb-below-header-display":"","ast-hfb-mobile-header-display":"","site-post-title":"","ast-breadcrumbs-content":"","ast-featured-img":"","footer-sml-layout":"","theme-transparent-header-meta":"","adv-header-id-meta":"","stick-header-meta":"","header-above-stick-meta":"","header-main-stick-meta":"","header-below-stick-meta":"","astra-migrate-meta-layouts":"default","ast-page-background-enabled":"default","ast-page-background-meta":{"desktop":{"background-color":"var(--ast-global-color-4)","background-image":"","background-repeat":"repeat","background-position":"center center","background-size":"auto","background-attachment":"scroll","background-type":"","background-media":"","overlay-type":"","overlay-color":"","overlay-opacity":"","overlay-gradient":""},"tablet":{"background-color":"","background-image":"","background-repeat":"repeat","background-position":"center center","background-size":"auto","background-attachment":"scroll","background-type":"","background-media":"","overlay-type":"","overlay-color":"","overlay-opacity":"","overlay-gradient":""},"mobile":{"background-color":"","background-image":"","background-repeat":"repeat","background-position":"center center","background-size":"auto","background-attachment":"scroll","background-type":"","background-media":"","overlay-type":"","overlay-color":"","overlay-opacity":"","overlay-gradient":""}},"ast-content-background-meta":{"desktop":{"background-color":"var(--ast-global-color-5)","background-image":"","background-repeat":"repeat","background-position":"center center","background-size":"auto","background-attachment":"scroll","background-type":"","background-media":"","overlay-type":"","overlay-color":"","overlay-opacity":"","overlay-gradient":""},"tablet":{"background-color":"var(--ast-global-color-5)","background-image":"","background-repeat":"repeat","background-position":"center center","background-size":"auto","background-attachment":"scroll","background-type":"","background-media":"","overlay-type":"","overlay-color":"","overlay-opacity":"","overlay-gradient":""},"mobile":{"background-color":"var(--ast-global-color-5)","background-image":"","background-repeat":"repeat","background-position":"center center","background-size":"auto","background-attachment":"scroll","background-type":"","background-media":"","overlay-type":"","overlay-color":"","overlay-opacity":"","overlay-gradient":""}}},"product_brand":[],"product_cat":[324,315],"product_tag":[],"berocket_brand":[582],"class_list":{"0":"post-19619","1":"product","2":"type-product","3":"status-publish","4":"has-post-thumbnail","6":"product_cat-auduma","7":"product_cat-maskas","8":"berocket_brand-vt","9":"desktop-align-left","10":"tablet-align-left","11":"mobile-align-left","13":"first","14":"outofstock","15":"taxable","16":"shipping-taxable","17":"purchasable","18":"product-type-simple","19":"add-to-wishlist-before_image"},"yoast_head":"<!-- This site is optimized with the Yoast SEO plugin v27.4 - https:\/\/yoast.com\/product\/yoast-seo-wordpress\/ -->\n<title>VT Cosmetics Cica Collagen Mask 30 ea - FACECORNER<\/title>\n<meta name=\"description\" content=\"Auduma masku komplekts ar kolag\u0113nu \u0101das elast\u012bbai VT Cosmetics Cica Collagen Mask ir 30 maskas ikdienas lieto\u0161anai m\u0113nesi.\" \/>\n<meta name=\"robots\" content=\"index, follow, max-snippet:-1, max-image-preview:large, max-video-preview:-1\" \/>\n<link rel=\"canonical\" href=\"https:\/\/www.facecorner.lv\/en\/shop\/vt-cosmetics-cica-collagen-mask-30-ea\/\" \/>\n<meta property=\"og:locale\" content=\"en_US\" \/>\n<meta property=\"og:type\" content=\"article\" \/>\n<meta property=\"og:title\" content=\"VT Cosmetics Cica Collagen Mask 30 ea - FACECORNER\" \/>\n<meta property=\"og:description\" content=\"Auduma masku komplekts ar kolag\u0113nu \u0101das elast\u012bbai VT Cosmetics Cica Collagen Mask ir 30 maskas ikdienas lieto\u0161anai m\u0113nesi.\" \/>\n<meta property=\"og:url\" content=\"https:\/\/www.facecorner.lv\/en\/shop\/vt-cosmetics-cica-collagen-mask-30-ea\/\" \/>\n<meta property=\"og:site_name\" content=\"FACECORNER\" \/>\n<meta property=\"article:publisher\" content=\"https:\/\/www.facebook.com\/profile.php?id=100063824551839\" \/>\n<meta property=\"article:modified_time\" content=\"2025-02-19T18:47:52+00:00\" \/>\n<meta property=\"og:image\" content=\"https:\/\/www.facecorner.lv\/wp-content\/uploads\/2024\/07\/VT-Cosmetics-Cica-Collagen-Mask.jpg\" \/>\n\t<meta property=\"og:image:width\" content=\"1000\" \/>\n\t<meta property=\"og:image:height\" content=\"1000\" \/>\n\t<meta property=\"og:image:type\" content=\"image\/jpeg\" \/>\n<meta name=\"twitter:card\" content=\"summary_large_image\" \/>\n<meta name=\"twitter:label1\" content=\"Price\" \/>\n\t<meta name=\"twitter:data1\" content=\"&euro;30.00\" \/>\n\t<meta name=\"twitter:label2\" content=\"Availability\" \/>\n\t<meta name=\"twitter:data2\" content=\"Out of stock\" \/>\n<script type=\"application\/ld+json\" class=\"yoast-schema-graph\">{\"@context\":\"https:\\\/\\\/schema.org\",\"@graph\":[{\"@type\":\"WebPage\",\"@id\":\"https:\\\/\\\/www.facecorner.lv\\\/shop\\\/vt-cosmetics-cica-collagen-mask-30-ea\\\/\",\"url\":\"https:\\\/\\\/www.facecorner.lv\\\/shop\\\/vt-cosmetics-cica-collagen-mask-30-ea\\\/\",\"name\":\"VT Cosmetics Cica Collagen Mask 30 ea - FACECORNER\",\"isPartOf\":{\"@id\":\"https:\\\/\\\/www.facecorner.lv\\\/#website\"},\"primaryImageOfPage\":{\"@id\":\"https:\\\/\\\/www.facecorner.lv\\\/shop\\\/vt-cosmetics-cica-collagen-mask-30-ea\\\/#primaryimage\"},\"image\":{\"@id\":\"https:\\\/\\\/www.facecorner.lv\\\/shop\\\/vt-cosmetics-cica-collagen-mask-30-ea\\\/#primaryimage\"},\"thumbnailUrl\":\"https:\\\/\\\/www.facecorner.lv\\\/wp-content\\\/uploads\\\/2024\\\/07\\\/VT-Cosmetics-Cica-Collagen-Mask.jpg\",\"datePublished\":\"2024-07-16T15:21:11+00:00\",\"dateModified\":\"2025-02-19T18:47:52+00:00\",\"description\":\"Auduma masku komplekts ar kolag\u0113nu \u0101das elast\u012bbai VT Cosmetics Cica Collagen Mask ir 30 maskas ikdienas lieto\u0161anai m\u0113nesi.\",\"breadcrumb\":{\"@id\":\"https:\\\/\\\/www.facecorner.lv\\\/shop\\\/vt-cosmetics-cica-collagen-mask-30-ea\\\/#breadcrumb\"},\"inLanguage\":\"en-US\",\"potentialAction\":[{\"@type\":\"ReadAction\",\"target\":[\"https:\\\/\\\/www.facecorner.lv\\\/shop\\\/vt-cosmetics-cica-collagen-mask-30-ea\\\/\"]}]},{\"@type\":\"ImageObject\",\"inLanguage\":\"en-US\",\"@id\":\"https:\\\/\\\/www.facecorner.lv\\\/shop\\\/vt-cosmetics-cica-collagen-mask-30-ea\\\/#primaryimage\",\"url\":\"https:\\\/\\\/www.facecorner.lv\\\/wp-content\\\/uploads\\\/2024\\\/07\\\/VT-Cosmetics-Cica-Collagen-Mask.jpg\",\"contentUrl\":\"https:\\\/\\\/www.facecorner.lv\\\/wp-content\\\/uploads\\\/2024\\\/07\\\/VT-Cosmetics-Cica-Collagen-Mask.jpg\",\"width\":1000,\"height\":1000,\"caption\":\"VT Cosmetics Cica Collagen Mask\"},{\"@type\":\"BreadcrumbList\",\"@id\":\"https:\\\/\\\/www.facecorner.lv\\\/shop\\\/vt-cosmetics-cica-collagen-mask-30-ea\\\/#breadcrumb\",\"itemListElement\":[{\"@type\":\"ListItem\",\"position\":1,\"name\":\"Home\",\"item\":\"https:\\\/\\\/www.facecorner.lv\\\/\"},{\"@type\":\"ListItem\",\"position\":2,\"name\":\"Veikals\",\"item\":\"https:\\\/\\\/www.facecorner.lv\\\/shop\\\/\"},{\"@type\":\"ListItem\",\"position\":3,\"name\":\"VT Cosmetics Cica Collagen Mask 30 ea\"}]},{\"@type\":\"WebSite\",\"@id\":\"https:\\\/\\\/www.facecorner.lv\\\/#website\",\"url\":\"https:\\\/\\\/www.facecorner.lv\\\/\",\"name\":\"Facecorner\",\"description\":\"\",\"publisher\":{\"@id\":\"https:\\\/\\\/www.facecorner.lv\\\/#organization\"},\"potentialAction\":[{\"@type\":\"SearchAction\",\"target\":{\"@type\":\"EntryPoint\",\"urlTemplate\":\"https:\\\/\\\/www.facecorner.lv\\\/?s={search_term_string}\"},\"query-input\":{\"@type\":\"PropertyValueSpecification\",\"valueRequired\":true,\"valueName\":\"search_term_string\"}}],\"inLanguage\":\"en-US\"},{\"@type\":\"Organization\",\"@id\":\"https:\\\/\\\/www.facecorner.lv\\\/#organization\",\"name\":\"Facecorner\",\"url\":\"https:\\\/\\\/www.facecorner.lv\\\/\",\"logo\":{\"@type\":\"ImageObject\",\"inLanguage\":\"en-US\",\"@id\":\"https:\\\/\\\/www.facecorner.lv\\\/#\\\/schema\\\/logo\\\/image\\\/\",\"url\":\"https:\\\/\\\/www.facecorner.lv\\\/wp-content\\\/uploads\\\/2024\\\/04\\\/fc-logo.jpg\",\"contentUrl\":\"https:\\\/\\\/www.facecorner.lv\\\/wp-content\\\/uploads\\\/2024\\\/04\\\/fc-logo.jpg\",\"width\":174,\"height\":28,\"caption\":\"Facecorner\"},\"image\":{\"@id\":\"https:\\\/\\\/www.facecorner.lv\\\/#\\\/schema\\\/logo\\\/image\\\/\"},\"sameAs\":[\"https:\\\/\\\/www.facebook.com\\\/profile.php?id=100063824551839\",\"https:\\\/\\\/www.instagram.com\\\/facecorner_shop\\\/\"]}]}<\/script>\n<meta property=\"product:price:amount\" content=\"30.00\" \/>\n<meta property=\"product:price:currency\" content=\"EUR\" \/>\n<meta property=\"og:availability\" content=\"out of stock\" \/>\n<meta property=\"product:availability\" content=\"out of stock\" \/>\n<meta property=\"product:condition\" content=\"new\" \/>\n<!-- \/ Yoast SEO plugin. -->","yoast_head_json":{"title":"VT Cosmetics Cica Collagen Mask 30 ea - FACECORNER","description":"Auduma masku komplekts ar kolag\u0113nu \u0101das elast\u012bbai VT Cosmetics Cica Collagen Mask ir 30 maskas ikdienas lieto\u0161anai m\u0113nesi.","robots":{"index":"index","follow":"follow","max-snippet":"max-snippet:-1","max-image-preview":"max-image-preview:large","max-video-preview":"max-video-preview:-1"},"canonical":"https:\/\/www.facecorner.lv\/en\/shop\/vt-cosmetics-cica-collagen-mask-30-ea\/","og_locale":"en_US","og_type":"article","og_title":"VT Cosmetics Cica Collagen Mask 30 ea - FACECORNER","og_description":"Auduma masku komplekts ar kolag\u0113nu \u0101das elast\u012bbai VT Cosmetics Cica Collagen Mask ir 30 maskas ikdienas lieto\u0161anai m\u0113nesi.","og_url":"https:\/\/www.facecorner.lv\/en\/shop\/vt-cosmetics-cica-collagen-mask-30-ea\/","og_site_name":"FACECORNER","article_publisher":"https:\/\/www.facebook.com\/profile.php?id=100063824551839","article_modified_time":"2025-02-19T18:47:52+00:00","og_image":[{"width":1000,"height":1000,"url":"https:\/\/www.facecorner.lv\/wp-content\/uploads\/2024\/07\/VT-Cosmetics-Cica-Collagen-Mask.jpg","type":"image\/jpeg"}],"twitter_card":"summary_large_image","twitter_misc":{"Price":"&euro;30.00","Availability":"Out of stock"},"schema":{"@context":"https:\/\/schema.org","@graph":[{"@type":"WebPage","@id":"https:\/\/www.facecorner.lv\/shop\/vt-cosmetics-cica-collagen-mask-30-ea\/","url":"https:\/\/www.facecorner.lv\/shop\/vt-cosmetics-cica-collagen-mask-30-ea\/","name":"VT Cosmetics Cica Collagen Mask 30 ea - FACECORNER","isPartOf":{"@id":"https:\/\/www.facecorner.lv\/#website"},"primaryImageOfPage":{"@id":"https:\/\/www.facecorner.lv\/shop\/vt-cosmetics-cica-collagen-mask-30-ea\/#primaryimage"},"image":{"@id":"https:\/\/www.facecorner.lv\/shop\/vt-cosmetics-cica-collagen-mask-30-ea\/#primaryimage"},"thumbnailUrl":"https:\/\/www.facecorner.lv\/wp-content\/uploads\/2024\/07\/VT-Cosmetics-Cica-Collagen-Mask.jpg","datePublished":"2024-07-16T15:21:11+00:00","dateModified":"2025-02-19T18:47:52+00:00","description":"Auduma masku komplekts ar kolag\u0113nu \u0101das elast\u012bbai VT Cosmetics Cica Collagen Mask ir 30 maskas ikdienas lieto\u0161anai m\u0113nesi.","breadcrumb":{"@id":"https:\/\/www.facecorner.lv\/shop\/vt-cosmetics-cica-collagen-mask-30-ea\/#breadcrumb"},"inLanguage":"en-US","potentialAction":[{"@type":"ReadAction","target":["https:\/\/www.facecorner.lv\/shop\/vt-cosmetics-cica-collagen-mask-30-ea\/"]}]},{"@type":"ImageObject","inLanguage":"en-US","@id":"https:\/\/www.facecorner.lv\/shop\/vt-cosmetics-cica-collagen-mask-30-ea\/#primaryimage","url":"https:\/\/www.facecorner.lv\/wp-content\/uploads\/2024\/07\/VT-Cosmetics-Cica-Collagen-Mask.jpg","contentUrl":"https:\/\/www.facecorner.lv\/wp-content\/uploads\/2024\/07\/VT-Cosmetics-Cica-Collagen-Mask.jpg","width":1000,"height":1000,"caption":"VT Cosmetics Cica Collagen Mask"},{"@type":"BreadcrumbList","@id":"https:\/\/www.facecorner.lv\/shop\/vt-cosmetics-cica-collagen-mask-30-ea\/#breadcrumb","itemListElement":[{"@type":"ListItem","position":1,"name":"Home","item":"https:\/\/www.facecorner.lv\/"},{"@type":"ListItem","position":2,"name":"Veikals","item":"https:\/\/www.facecorner.lv\/shop\/"},{"@type":"ListItem","position":3,"name":"VT Cosmetics Cica Collagen Mask 30 ea"}]},{"@type":"WebSite","@id":"https:\/\/www.facecorner.lv\/#website","url":"https:\/\/www.facecorner.lv\/","name":"Facecorner","description":"","publisher":{"@id":"https:\/\/www.facecorner.lv\/#organization"},"potentialAction":[{"@type":"SearchAction","target":{"@type":"EntryPoint","urlTemplate":"https:\/\/www.facecorner.lv\/?s={search_term_string}"},"query-input":{"@type":"PropertyValueSpecification","valueRequired":true,"valueName":"search_term_string"}}],"inLanguage":"en-US"},{"@type":"Organization","@id":"https:\/\/www.facecorner.lv\/#organization","name":"Facecorner","url":"https:\/\/www.facecorner.lv\/","logo":{"@type":"ImageObject","inLanguage":"en-US","@id":"https:\/\/www.facecorner.lv\/#\/schema\/logo\/image\/","url":"https:\/\/www.facecorner.lv\/wp-content\/uploads\/2024\/04\/fc-logo.jpg","contentUrl":"https:\/\/www.facecorner.lv\/wp-content\/uploads\/2024\/04\/fc-logo.jpg","width":174,"height":28,"caption":"Facecorner"},"image":{"@id":"https:\/\/www.facecorner.lv\/#\/schema\/logo\/image\/"},"sameAs":["https:\/\/www.facebook.com\/profile.php?id=100063824551839","https:\/\/www.instagram.com\/facecorner_shop\/"]}]},"product_price_amount":"30.00","product_price_currency":"EUR","og_availability":"out of stock","product_availability":"out of stock","product_condition":"new"},"_links":{"self":[{"href":"https:\/\/www.facecorner.lv\/en\/wp-json\/wp\/v2\/product\/19619","targetHints":{"allow":["GET"]}}],"collection":[{"href":"https:\/\/www.facecorner.lv\/en\/wp-json\/wp\/v2\/product"}],"about":[{"href":"https:\/\/www.facecorner.lv\/en\/wp-json\/wp\/v2\/types\/product"}],"replies":[{"embeddable":true,"href":"https:\/\/www.facecorner.lv\/en\/wp-json\/wp\/v2\/comments?post=19619"}],"wp:featuredmedia":[{"embeddable":true,"href":"https:\/\/www.facecorner.lv\/en\/wp-json\/wp\/v2\/media\/19620"}],"wp:attachment":[{"href":"https:\/\/www.facecorner.lv\/en\/wp-json\/wp\/v2\/media?parent=19619"}],"wp:term":[{"taxonomy":"product_brand","embeddable":true,"href":"https:\/\/www.facecorner.lv\/en\/wp-json\/wp\/v2\/product_brand?post=19619"},{"taxonomy":"product_cat","embeddable":true,"href":"https:\/\/www.facecorner.lv\/en\/wp-json\/wp\/v2\/product_cat?post=19619"},{"taxonomy":"product_tag","embeddable":true,"href":"https:\/\/www.facecorner.lv\/en\/wp-json\/wp\/v2\/product_tag?post=19619"},{"taxonomy":"berocket_brand","embeddable":true,"href":"https:\/\/www.facecorner.lv\/en\/wp-json\/wp\/v2\/berocket_brand?post=19619"}],"curies":[{"name":"wp","href":"https:\/\/api.w.org\/{rel}","templated":true}]}}