{"id":18947,"date":"2024-07-09T12:55:04","date_gmt":"2024-07-09T10:55:04","guid":{"rendered":"https:\/\/www.facecorner.lv\/?post_type=product&#038;p=18947"},"modified":"2025-11-11T16:53:31","modified_gmt":"2025-11-11T13:53:31","slug":"anua-heartleaf-silky-moisture-sun-cream-spf-50-pa-50-ml","status":"publish","type":"product","link":"https:\/\/www.facecorner.lv\/en\/shop\/anua-heartleaf-silky-moisture-sun-cream-spf-50-pa-50-ml\/","title":{"rendered":"Anua Heartleaf Silky Moisture Sun Cream SPF 50+ PA++++ 50 ml"},"content":{"rendered":"<p>Anua Heartleaf Silky Moisture Sun Cream SPF 50+ kura pamat\u0101 ir jaun\u0101s paaudzes \u0137\u012bmiskie filtri, aizsarg\u0101 \u0101du no saules staru kait\u012bg\u0101s ietekmes, kompleksi iedarbojas uz jut\u012bgu un uz iekaisumiem tend\u0113tu \u0101du.<\/p>\n<p>Kr\u0113ma galvenajai sast\u0101vda\u013cai &#8211; Hautynia cordifolia ekstraktam (30%), kas bag\u0101ts ar polifenoliem un aminosk\u0101b\u0113m, piem\u012bt antibakteri\u0101las un re\u0123ener\u0113jo\u0161as \u012bpa\u0161\u012bbas, pateicoties kur\u0101m tas nodro\u0161ina t\u016bl\u012bt\u0113ju \u0101das nomierin\u0101\u0161anu, efekt\u012bvi mazina iekaisumus un kairin\u0101jumus, mitrina un atdz\u012bvina bl\u0101vu, jut\u012bgu un problem\u0101tisku \u0101du.<\/p>\n<p>Kr\u0113ms efekt\u012bvi aizsarg\u0101 \u0101du no UV stariem, fotonoveco\u0161an\u0101s, hiperpigment\u0101cijas, iedarbojas nomierino\u0161i, nov\u0113r\u0161 kairin\u0101jumus un aps\u0101rtumus, veicina seboregul\u0101ciju, nov\u0113r\u0161ot taukaina sp\u012bduma ra\u0161anos.<\/p>\n<p>Saules aizsargkr\u0113mam ir \u0101tri uzs\u016bco\u0161a formula, kas nodro\u0161ina mitru un atsvaidzino\u0161u p\u0101rkl\u0101jumu. Nav lip\u012bgs, nav taukains un neatst\u0101j baltumu.<\/p>\n<p>Piem\u0113rots visiem \u0101das tipiem. \u012apa\u0161i ieteicams jut\u012bgai un problem\u0101tiskai \u0101dai.<\/p>\n<p><strong>Main active ingredients:<\/strong><\/p>\n<ul>\n<li>\u00a0Guttuinijas (Houttuynia) ekstrakts efekt\u012bvi att\u012bra poras no liek\u0101 sebuma, kas veidojas uz \u0101das virsmas, k\u0101 ar\u012b no keratiniz\u0113t\u0101m da\u013ci\u0146\u0101m, padarot sejas \u0101du gludu un l\u012bdzenu. Guttu\u012bnija aug videi draudz\u012bg\u0101 vid\u0113. Guttuynia auga lapas pal\u012bdz efekt\u012bvi no\u0146emt keratiniz\u0113t\u0101s da\u013ci\u0146as no \u0101das virsmas, k\u0101 ar\u012b att\u012bra poras no liek\u0101 sebuma, padarot \u0101du gludu un t\u012bru.<\/li>\n<\/ul>\n<p><strong>How to use:<\/strong>\u00a0 Uzkl\u0101jiet kr\u0113mu vienm\u0113r\u012bgi uz sejas, veicot p\u0113d\u0113jo \u0101das kop\u0161anas proced\u016bras soli.<\/p>\n<p><strong>Ingredientes:<\/strong>: Water, Houttuynia Cordata Extract (300,000 ppm), Dibutyl Adipate, Propanediol, Ethylhexyl Triazone, Terephthalylidene Dicamphor Sulfonic Acid, Glycerin, Niacinamide, Caprylyl Methicone, Polymethylsilsesquioxane, Tromethamine, Polyglyceryl-3 Distearate, Cetearyl Alcohol, 1,2-Hexanediol, Pentylene Glycol, Diethylamino Hydroxybenzoyl Hexyl Benzoate, Polysilicone-15, Diospyros Kaki Leaf Extract, Anastatica Hierochuntica Extract, Vitis Vinifera (Grape) Fruit Extract, Carthamus Tinctorius (Safflower) Flower Extract, Coffea Arabica (Coffee) Seed Extract, Polygonum Cuspidatum Root Extract, Polygonum Cuspidatum Root Extract, Camellia Sinensis Leaf Extract, Castanea Crenata (Chestnut) Shell Extract, Zanthoxylum Piperitum Fruit Extract, Panthenol, Glyceryl Stearate, Bis-Ethylhexyloxyphenol Methoxyphenyl Triazine, Potassium Cetyl Phosphate, Methylpropanediol, Carbomer, Butylene Glycol, Glyceryl Stearate Citrate, Acrylates\/C10-30 Alkyl Acrylate Crosspolymer, Ethylhexylglycerin, Ammonium Acryloyldimethyltaurate\/VP Copolymer, Adenosine, Polyether-1, Biosaccharide Gum-1<\/p>","protected":false},"excerpt":{"rendered":"<p>Anua Heartleaf Silky Moisture Sun Cream SPF 50+ PA++++ ar jaun\u0101s paaudzes \u0137\u012bmiskajiem filtriem aizsarg\u0101 \u0101du no saules staru kait\u012bg\u0101s ietekmes, kompleksi iedarbojas uz jut\u012bgu un uz iekaisumiem tend\u0113tu \u0101du.<\/p>","protected":false},"featured_media":18948,"comment_status":"open","ping_status":"closed","template":"","meta":{"site-sidebar-layout":"default","site-content-layout":"","ast-site-content-layout":"","site-content-style":"default","site-sidebar-style":"default","ast-global-header-display":"","ast-banner-title-visibility":"","ast-main-header-display":"","ast-hfb-above-header-display":"","ast-hfb-below-header-display":"","ast-hfb-mobile-header-display":"","site-post-title":"","ast-breadcrumbs-content":"","ast-featured-img":"","footer-sml-layout":"","theme-transparent-header-meta":"","adv-header-id-meta":"","stick-header-meta":"","header-above-stick-meta":"","header-main-stick-meta":"","header-below-stick-meta":"","astra-migrate-meta-layouts":"default","ast-page-background-enabled":"default","ast-page-background-meta":{"desktop":{"background-color":"var(--ast-global-color-4)","background-image":"","background-repeat":"repeat","background-position":"center center","background-size":"auto","background-attachment":"scroll","background-type":"","background-media":"","overlay-type":"","overlay-color":"","overlay-opacity":"","overlay-gradient":""},"tablet":{"background-color":"","background-image":"","background-repeat":"repeat","background-position":"center center","background-size":"auto","background-attachment":"scroll","background-type":"","background-media":"","overlay-type":"","overlay-color":"","overlay-opacity":"","overlay-gradient":""},"mobile":{"background-color":"","background-image":"","background-repeat":"repeat","background-position":"center center","background-size":"auto","background-attachment":"scroll","background-type":"","background-media":"","overlay-type":"","overlay-color":"","overlay-opacity":"","overlay-gradient":""}},"ast-content-background-meta":{"desktop":{"background-color":"var(--ast-global-color-5)","background-image":"","background-repeat":"repeat","background-position":"center center","background-size":"auto","background-attachment":"scroll","background-type":"","background-media":"","overlay-type":"","overlay-color":"","overlay-opacity":"","overlay-gradient":""},"tablet":{"background-color":"var(--ast-global-color-5)","background-image":"","background-repeat":"repeat","background-position":"center center","background-size":"auto","background-attachment":"scroll","background-type":"","background-media":"","overlay-type":"","overlay-color":"","overlay-opacity":"","overlay-gradient":""},"mobile":{"background-color":"var(--ast-global-color-5)","background-image":"","background-repeat":"repeat","background-position":"center center","background-size":"auto","background-attachment":"scroll","background-type":"","background-media":"","overlay-type":"","overlay-color":"","overlay-opacity":"","overlay-gradient":""}}},"product_brand":[],"product_cat":[512],"product_tag":[],"berocket_brand":[575],"class_list":{"0":"post-18947","1":"product","2":"type-product","3":"status-publish","4":"has-post-thumbnail","6":"product_cat-spf","7":"berocket_brand-anua","8":"desktop-align-left","9":"tablet-align-left","10":"mobile-align-left","12":"first","13":"outofstock","14":"taxable","15":"shipping-taxable","16":"purchasable","17":"product-type-simple","18":"add-to-wishlist-before_image"},"yoast_head":"<!-- This site is optimized with the Yoast SEO plugin v27.3 - https:\/\/yoast.com\/product\/yoast-seo-wordpress\/ -->\n<title>Anua Heartleaf Silky Moisture Sun Cream SPF 50+ PA++++ 50 ml - FACECORNER<\/title>\n<meta name=\"description\" content=\"Anua Heartleaf Silky Moisture Sun Cream SPF 50+ PA++++ ar jaun\u0101s paaudzes \u0137\u012bmiskajiem filtriem aizsarg\u0101 \u0101du no saules staru kait\u012bg\u0101s ietekmes.\" \/>\n<meta name=\"robots\" content=\"index, follow, max-snippet:-1, max-image-preview:large, max-video-preview:-1\" \/>\n<link rel=\"canonical\" href=\"https:\/\/www.facecorner.lv\/en\/shop\/anua-heartleaf-silky-moisture-sun-cream-spf-50-pa-50-ml\/\" \/>\n<meta property=\"og:locale\" content=\"en_US\" \/>\n<meta property=\"og:type\" content=\"article\" \/>\n<meta property=\"og:title\" content=\"Anua Heartleaf Silky Moisture Sun Cream SPF 50+ PA++++ 50 ml - FACECORNER\" \/>\n<meta property=\"og:description\" content=\"Anua Heartleaf Silky Moisture Sun Cream SPF 50+ PA++++ ar jaun\u0101s paaudzes \u0137\u012bmiskajiem filtriem aizsarg\u0101 \u0101du no saules staru kait\u012bg\u0101s ietekmes.\" \/>\n<meta property=\"og:url\" content=\"https:\/\/www.facecorner.lv\/en\/shop\/anua-heartleaf-silky-moisture-sun-cream-spf-50-pa-50-ml\/\" \/>\n<meta property=\"og:site_name\" content=\"FACECORNER\" \/>\n<meta property=\"article:publisher\" content=\"https:\/\/www.facebook.com\/profile.php?id=100063824551839\" \/>\n<meta property=\"article:modified_time\" content=\"2025-11-11T13:53:31+00:00\" \/>\n<meta property=\"og:image\" content=\"https:\/\/www.facecorner.lv\/wp-content\/uploads\/2024\/07\/Anua_Heartleaf_Silky_Moisture_Sun_Cream_SPF50_PA______2_-43ea63af52b5452893c8126b92a63593.jpg\" \/>\n\t<meta property=\"og:image:width\" content=\"600\" \/>\n\t<meta property=\"og:image:height\" content=\"600\" \/>\n\t<meta property=\"og:image:type\" content=\"image\/jpeg\" \/>\n<meta name=\"twitter:card\" content=\"summary_large_image\" \/>\n<meta name=\"twitter:label1\" content=\"Price\" \/>\n\t<meta name=\"twitter:data1\" content=\"&euro;28.00\" \/>\n\t<meta name=\"twitter:label2\" content=\"Availability\" \/>\n\t<meta name=\"twitter:data2\" content=\"Out of stock\" \/>\n<script type=\"application\/ld+json\" class=\"yoast-schema-graph\">{\"@context\":\"https:\\\/\\\/schema.org\",\"@graph\":[{\"@type\":\"WebPage\",\"@id\":\"https:\\\/\\\/www.facecorner.lv\\\/shop\\\/anua-heartleaf-silky-moisture-sun-cream-spf-50-pa-50-ml\\\/\",\"url\":\"https:\\\/\\\/www.facecorner.lv\\\/shop\\\/anua-heartleaf-silky-moisture-sun-cream-spf-50-pa-50-ml\\\/\",\"name\":\"Anua Heartleaf Silky Moisture Sun Cream SPF 50+ PA++++ 50 ml - FACECORNER\",\"isPartOf\":{\"@id\":\"https:\\\/\\\/www.facecorner.lv\\\/#website\"},\"primaryImageOfPage\":{\"@id\":\"https:\\\/\\\/www.facecorner.lv\\\/shop\\\/anua-heartleaf-silky-moisture-sun-cream-spf-50-pa-50-ml\\\/#primaryimage\"},\"image\":{\"@id\":\"https:\\\/\\\/www.facecorner.lv\\\/shop\\\/anua-heartleaf-silky-moisture-sun-cream-spf-50-pa-50-ml\\\/#primaryimage\"},\"thumbnailUrl\":\"https:\\\/\\\/www.facecorner.lv\\\/wp-content\\\/uploads\\\/2024\\\/07\\\/Anua_Heartleaf_Silky_Moisture_Sun_Cream_SPF50_PA______2_-43ea63af52b5452893c8126b92a63593.jpg\",\"datePublished\":\"2024-07-09T10:55:04+00:00\",\"dateModified\":\"2025-11-11T13:53:31+00:00\",\"description\":\"Anua Heartleaf Silky Moisture Sun Cream SPF 50+ PA++++ ar jaun\u0101s paaudzes \u0137\u012bmiskajiem filtriem aizsarg\u0101 \u0101du no saules staru kait\u012bg\u0101s ietekmes.\",\"breadcrumb\":{\"@id\":\"https:\\\/\\\/www.facecorner.lv\\\/shop\\\/anua-heartleaf-silky-moisture-sun-cream-spf-50-pa-50-ml\\\/#breadcrumb\"},\"inLanguage\":\"en-US\",\"potentialAction\":[{\"@type\":\"ReadAction\",\"target\":[\"https:\\\/\\\/www.facecorner.lv\\\/shop\\\/anua-heartleaf-silky-moisture-sun-cream-spf-50-pa-50-ml\\\/\"]}]},{\"@type\":\"ImageObject\",\"inLanguage\":\"en-US\",\"@id\":\"https:\\\/\\\/www.facecorner.lv\\\/shop\\\/anua-heartleaf-silky-moisture-sun-cream-spf-50-pa-50-ml\\\/#primaryimage\",\"url\":\"https:\\\/\\\/www.facecorner.lv\\\/wp-content\\\/uploads\\\/2024\\\/07\\\/Anua_Heartleaf_Silky_Moisture_Sun_Cream_SPF50_PA______2_-43ea63af52b5452893c8126b92a63593.jpg\",\"contentUrl\":\"https:\\\/\\\/www.facecorner.lv\\\/wp-content\\\/uploads\\\/2024\\\/07\\\/Anua_Heartleaf_Silky_Moisture_Sun_Cream_SPF50_PA______2_-43ea63af52b5452893c8126b92a63593.jpg\",\"width\":600,\"height\":600,\"caption\":\"Anua Heartleaf Silky Moisture Sun Cream SPF 50+\"},{\"@type\":\"BreadcrumbList\",\"@id\":\"https:\\\/\\\/www.facecorner.lv\\\/shop\\\/anua-heartleaf-silky-moisture-sun-cream-spf-50-pa-50-ml\\\/#breadcrumb\",\"itemListElement\":[{\"@type\":\"ListItem\",\"position\":1,\"name\":\"Home\",\"item\":\"https:\\\/\\\/www.facecorner.lv\\\/\"},{\"@type\":\"ListItem\",\"position\":2,\"name\":\"Veikals\",\"item\":\"https:\\\/\\\/www.facecorner.lv\\\/shop\\\/\"},{\"@type\":\"ListItem\",\"position\":3,\"name\":\"Anua Heartleaf Silky Moisture Sun Cream SPF 50+ PA++++ 50 ml\"}]},{\"@type\":\"WebSite\",\"@id\":\"https:\\\/\\\/www.facecorner.lv\\\/#website\",\"url\":\"https:\\\/\\\/www.facecorner.lv\\\/\",\"name\":\"Facecorner\",\"description\":\"\",\"publisher\":{\"@id\":\"https:\\\/\\\/www.facecorner.lv\\\/#organization\"},\"potentialAction\":[{\"@type\":\"SearchAction\",\"target\":{\"@type\":\"EntryPoint\",\"urlTemplate\":\"https:\\\/\\\/www.facecorner.lv\\\/?s={search_term_string}\"},\"query-input\":{\"@type\":\"PropertyValueSpecification\",\"valueRequired\":true,\"valueName\":\"search_term_string\"}}],\"inLanguage\":\"en-US\"},{\"@type\":\"Organization\",\"@id\":\"https:\\\/\\\/www.facecorner.lv\\\/#organization\",\"name\":\"Facecorner\",\"url\":\"https:\\\/\\\/www.facecorner.lv\\\/\",\"logo\":{\"@type\":\"ImageObject\",\"inLanguage\":\"en-US\",\"@id\":\"https:\\\/\\\/www.facecorner.lv\\\/#\\\/schema\\\/logo\\\/image\\\/\",\"url\":\"https:\\\/\\\/www.facecorner.lv\\\/wp-content\\\/uploads\\\/2024\\\/04\\\/fc-logo.jpg\",\"contentUrl\":\"https:\\\/\\\/www.facecorner.lv\\\/wp-content\\\/uploads\\\/2024\\\/04\\\/fc-logo.jpg\",\"width\":174,\"height\":28,\"caption\":\"Facecorner\"},\"image\":{\"@id\":\"https:\\\/\\\/www.facecorner.lv\\\/#\\\/schema\\\/logo\\\/image\\\/\"},\"sameAs\":[\"https:\\\/\\\/www.facebook.com\\\/profile.php?id=100063824551839\",\"https:\\\/\\\/www.instagram.com\\\/facecorner_shop\\\/\"]}]}<\/script>\n<meta property=\"product:price:amount\" content=\"28.00\" \/>\n<meta property=\"product:price:currency\" content=\"EUR\" \/>\n<meta property=\"og:availability\" content=\"out of stock\" \/>\n<meta property=\"product:availability\" content=\"out of stock\" \/>\n<meta property=\"product:condition\" content=\"new\" \/>\n<!-- \/ Yoast SEO plugin. -->","yoast_head_json":{"title":"Anua Heartleaf Silky Moisture Sun Cream SPF 50+ PA++++ 50 ml - FACECORNER","description":"Anua Heartleaf Silky Moisture Sun Cream SPF 50+ PA++++ ar jaun\u0101s paaudzes \u0137\u012bmiskajiem filtriem aizsarg\u0101 \u0101du no saules staru kait\u012bg\u0101s ietekmes.","robots":{"index":"index","follow":"follow","max-snippet":"max-snippet:-1","max-image-preview":"max-image-preview:large","max-video-preview":"max-video-preview:-1"},"canonical":"https:\/\/www.facecorner.lv\/en\/shop\/anua-heartleaf-silky-moisture-sun-cream-spf-50-pa-50-ml\/","og_locale":"en_US","og_type":"article","og_title":"Anua Heartleaf Silky Moisture Sun Cream SPF 50+ PA++++ 50 ml - FACECORNER","og_description":"Anua Heartleaf Silky Moisture Sun Cream SPF 50+ PA++++ ar jaun\u0101s paaudzes \u0137\u012bmiskajiem filtriem aizsarg\u0101 \u0101du no saules staru kait\u012bg\u0101s ietekmes.","og_url":"https:\/\/www.facecorner.lv\/en\/shop\/anua-heartleaf-silky-moisture-sun-cream-spf-50-pa-50-ml\/","og_site_name":"FACECORNER","article_publisher":"https:\/\/www.facebook.com\/profile.php?id=100063824551839","article_modified_time":"2025-11-11T13:53:31+00:00","og_image":[{"width":600,"height":600,"url":"https:\/\/www.facecorner.lv\/wp-content\/uploads\/2024\/07\/Anua_Heartleaf_Silky_Moisture_Sun_Cream_SPF50_PA______2_-43ea63af52b5452893c8126b92a63593.jpg","type":"image\/jpeg"}],"twitter_card":"summary_large_image","twitter_misc":{"Price":"&euro;28.00","Availability":"Out of stock"},"schema":{"@context":"https:\/\/schema.org","@graph":[{"@type":"WebPage","@id":"https:\/\/www.facecorner.lv\/shop\/anua-heartleaf-silky-moisture-sun-cream-spf-50-pa-50-ml\/","url":"https:\/\/www.facecorner.lv\/shop\/anua-heartleaf-silky-moisture-sun-cream-spf-50-pa-50-ml\/","name":"Anua Heartleaf Silky Moisture Sun Cream SPF 50+ PA++++ 50 ml - FACECORNER","isPartOf":{"@id":"https:\/\/www.facecorner.lv\/#website"},"primaryImageOfPage":{"@id":"https:\/\/www.facecorner.lv\/shop\/anua-heartleaf-silky-moisture-sun-cream-spf-50-pa-50-ml\/#primaryimage"},"image":{"@id":"https:\/\/www.facecorner.lv\/shop\/anua-heartleaf-silky-moisture-sun-cream-spf-50-pa-50-ml\/#primaryimage"},"thumbnailUrl":"https:\/\/www.facecorner.lv\/wp-content\/uploads\/2024\/07\/Anua_Heartleaf_Silky_Moisture_Sun_Cream_SPF50_PA______2_-43ea63af52b5452893c8126b92a63593.jpg","datePublished":"2024-07-09T10:55:04+00:00","dateModified":"2025-11-11T13:53:31+00:00","description":"Anua Heartleaf Silky Moisture Sun Cream SPF 50+ PA++++ ar jaun\u0101s paaudzes \u0137\u012bmiskajiem filtriem aizsarg\u0101 \u0101du no saules staru kait\u012bg\u0101s ietekmes.","breadcrumb":{"@id":"https:\/\/www.facecorner.lv\/shop\/anua-heartleaf-silky-moisture-sun-cream-spf-50-pa-50-ml\/#breadcrumb"},"inLanguage":"en-US","potentialAction":[{"@type":"ReadAction","target":["https:\/\/www.facecorner.lv\/shop\/anua-heartleaf-silky-moisture-sun-cream-spf-50-pa-50-ml\/"]}]},{"@type":"ImageObject","inLanguage":"en-US","@id":"https:\/\/www.facecorner.lv\/shop\/anua-heartleaf-silky-moisture-sun-cream-spf-50-pa-50-ml\/#primaryimage","url":"https:\/\/www.facecorner.lv\/wp-content\/uploads\/2024\/07\/Anua_Heartleaf_Silky_Moisture_Sun_Cream_SPF50_PA______2_-43ea63af52b5452893c8126b92a63593.jpg","contentUrl":"https:\/\/www.facecorner.lv\/wp-content\/uploads\/2024\/07\/Anua_Heartleaf_Silky_Moisture_Sun_Cream_SPF50_PA______2_-43ea63af52b5452893c8126b92a63593.jpg","width":600,"height":600,"caption":"Anua Heartleaf Silky Moisture Sun Cream SPF 50+"},{"@type":"BreadcrumbList","@id":"https:\/\/www.facecorner.lv\/shop\/anua-heartleaf-silky-moisture-sun-cream-spf-50-pa-50-ml\/#breadcrumb","itemListElement":[{"@type":"ListItem","position":1,"name":"Home","item":"https:\/\/www.facecorner.lv\/"},{"@type":"ListItem","position":2,"name":"Veikals","item":"https:\/\/www.facecorner.lv\/shop\/"},{"@type":"ListItem","position":3,"name":"Anua Heartleaf Silky Moisture Sun Cream SPF 50+ PA++++ 50 ml"}]},{"@type":"WebSite","@id":"https:\/\/www.facecorner.lv\/#website","url":"https:\/\/www.facecorner.lv\/","name":"Facecorner","description":"","publisher":{"@id":"https:\/\/www.facecorner.lv\/#organization"},"potentialAction":[{"@type":"SearchAction","target":{"@type":"EntryPoint","urlTemplate":"https:\/\/www.facecorner.lv\/?s={search_term_string}"},"query-input":{"@type":"PropertyValueSpecification","valueRequired":true,"valueName":"search_term_string"}}],"inLanguage":"en-US"},{"@type":"Organization","@id":"https:\/\/www.facecorner.lv\/#organization","name":"Facecorner","url":"https:\/\/www.facecorner.lv\/","logo":{"@type":"ImageObject","inLanguage":"en-US","@id":"https:\/\/www.facecorner.lv\/#\/schema\/logo\/image\/","url":"https:\/\/www.facecorner.lv\/wp-content\/uploads\/2024\/04\/fc-logo.jpg","contentUrl":"https:\/\/www.facecorner.lv\/wp-content\/uploads\/2024\/04\/fc-logo.jpg","width":174,"height":28,"caption":"Facecorner"},"image":{"@id":"https:\/\/www.facecorner.lv\/#\/schema\/logo\/image\/"},"sameAs":["https:\/\/www.facebook.com\/profile.php?id=100063824551839","https:\/\/www.instagram.com\/facecorner_shop\/"]}]},"product_price_amount":"28.00","product_price_currency":"EUR","og_availability":"out of stock","product_availability":"out of stock","product_condition":"new"},"_links":{"self":[{"href":"https:\/\/www.facecorner.lv\/en\/wp-json\/wp\/v2\/product\/18947","targetHints":{"allow":["GET"]}}],"collection":[{"href":"https:\/\/www.facecorner.lv\/en\/wp-json\/wp\/v2\/product"}],"about":[{"href":"https:\/\/www.facecorner.lv\/en\/wp-json\/wp\/v2\/types\/product"}],"replies":[{"embeddable":true,"href":"https:\/\/www.facecorner.lv\/en\/wp-json\/wp\/v2\/comments?post=18947"}],"wp:featuredmedia":[{"embeddable":true,"href":"https:\/\/www.facecorner.lv\/en\/wp-json\/wp\/v2\/media\/18948"}],"wp:attachment":[{"href":"https:\/\/www.facecorner.lv\/en\/wp-json\/wp\/v2\/media?parent=18947"}],"wp:term":[{"taxonomy":"product_brand","embeddable":true,"href":"https:\/\/www.facecorner.lv\/en\/wp-json\/wp\/v2\/product_brand?post=18947"},{"taxonomy":"product_cat","embeddable":true,"href":"https:\/\/www.facecorner.lv\/en\/wp-json\/wp\/v2\/product_cat?post=18947"},{"taxonomy":"product_tag","embeddable":true,"href":"https:\/\/www.facecorner.lv\/en\/wp-json\/wp\/v2\/product_tag?post=18947"},{"taxonomy":"berocket_brand","embeddable":true,"href":"https:\/\/www.facecorner.lv\/en\/wp-json\/wp\/v2\/berocket_brand?post=18947"}],"curies":[{"name":"wp","href":"https:\/\/api.w.org\/{rel}","templated":true}]}}