{"id":18945,"date":"2024-07-09T12:21:39","date_gmt":"2024-07-09T10:21:39","guid":{"rendered":"https:\/\/www.facecorner.lv\/?post_type=product&#038;p=18945"},"modified":"2025-03-14T20:50:47","modified_gmt":"2025-03-14T17:50:47","slug":"anua-heartleaf-pore-clay-pack-100ml","status":"publish","type":"product","link":"https:\/\/www.facecorner.lv\/en\/shop\/anua-heartleaf-pore-clay-pack-100ml\/","title":{"rendered":"Anua Heartleaf Pore Clay Pack 100ml"},"content":{"rendered":"<p>Anua Heartleaf Pore Clay Pack absorb\u0113 net\u012brumus no por\u0101m, no\u0146em lieko sebumu un keratiniz\u0113tas \u0101das da\u013ci\u0146as, balina tauku pavedienus un nov\u0113r\u0161 komedonu veido\u0161anos.<\/p>\n<p>Normaliz\u0113 sebuma sekr\u0113ciju, nov\u0113r\u0161 taukainu sp\u012bdumu un sa\u0161aurina poras, neiz\u017e\u0101v\u0113jot. Nomierina un m\u012bkstina, maigi pul\u0113 \u0101das virsmu, padarot to m\u012bkstu un gludu. Sagatavo \u0101du grima uzkl\u0101\u0161anai.<\/p>\n<p>L\u012bdzeklis satur smalkas un vid\u0113ji smagas abraz\u012bvas da\u013ci\u0146as, kas eksfoli\u0113, nov\u0113r\u0161ot raupjas zonas. Tam ir maiga kr\u0113mveida tekst\u016bra un eikalipta arom\u0101ts.<\/p>\n<p><strong>KEY INGREDIENTS:<\/strong><\/p>\n<ul>\n<li>Kaol\u012bns &#8211; m\u0101la veids, no\u0146em lieko \u0101das taukain\u012bbu, mat\u0113 \u0101du, att\u012bra un pies\u0101tina ar miner\u0101lviel\u0101m.<\/li>\n<li>Benton\u012bts (35 000 ppm) &#8211; m\u0101lu veids, kas efekt\u012bvi att\u012bra, izvada net\u012brumus no por\u0101m, nov\u0113r\u0161 p\u0101rm\u0113r\u012bgu tauko\u0161anos, mat\u0113 un izl\u012bdzina reljefu.<\/li>\n<li>10,1% houttuynia cordifolia ekstrakts nomierina iekaisumu, pa\u0101trina dz\u012b\u0161anu un stiprina viet\u0113jo imunit\u0101ti, samazina jut\u012bbu pret \u0101r\u0113jiem kairin\u0101t\u0101jiem.<\/li>\n<li>Prote\u0101ze (20 000 ppb) ir enz\u012bms, kas \u0161\u0137e\u013c olbaltumvielu savienojumus, kam veicina p\u012blingu un atmiru\u0161o \u0161\u016bnu att\u012br\u012b\u0161anu.<\/li>\n<li>Kalam\u012bns nomierina iekaisumu, sausina, nov\u0113r\u0161 taukainu sp\u012bdumu un regul\u0113 sebuma veido\u0161anos.<\/li>\n<li>Centella asiatica ekstrakts stiprina asinsvadu sieni\u0146as un samazina asinsvadu zvaigzn\u012btes, mazina aps\u0101rtumu, nomierina un uzlabo elast\u012bbu.<\/li>\n<li>Kolag\u0113ns mitrina, pal\u012bdz saglab\u0101t mitrumu epiderm\u0101, uzlabo elast\u012bbu un izl\u012bdzina reljefu.<\/li>\n<li>Palmitoiltripept\u012bds-5 (Palmitoyl Tripeptide-5) stiprina \u0101rpus\u0161\u016bnu matricu, padara \u0101du bl\u012bvu un stingru, t\u0101d\u0113j\u0101di savelk poras, samazina to izm\u0113ru.<\/li>\n<li>V\u012b\u0123es ekstrakts satur unik\u0101lu fermentu fic\u012bnu, kas sp\u0113j maigi un bez kairin\u0101juma no\u0146emt keratiniz\u0113t\u0101s \u0161\u016bnas, izl\u012bdzin\u0101t \u0101das tekst\u016bru un reljefu, izl\u012bdzin\u0101t un izl\u012bdzin\u0101t \u0101das toni.<\/li>\n<\/ul>\n<p>Suitable for all skin types.<\/p>\n<p><strong>How to use:<\/strong> p\u0113c mazg\u0101\u0161anas uzkl\u0101jiet masku uz sausas sejas vai tikai uz T zonas. Ja nepiecie\u0161ams, iemas\u0113jiet. P\u0113c 3-5 min\u016bt\u0113m noskalojiet, turpiniet kop\u0161anu. Ieteicams lietot 1-2 reizes ned\u0113\u013c\u0101.<\/p>\n<p><strong>Ingredientes: <\/strong>Water, Kaolin (20%), Houttuynia Cordata Extract (10.1%), Glycerin, Propanediol, Butylene Glycol, Bentonite (35,000 ppm), Hexylene Glycol, Zea Mays (Corn) Starch, 1,2-Hexanediol, Glyceryl Glucoside, Betaine, Decyl Glucoside, Centella Asiatica Extract, Ficus Carica (Fig) Fruit Extract, Laminaria Japonica Extract, Eclipta Prostrata Leaf Extract, Sodium Hyaluronate, Hydrogenated Lecithin, Soluble Collagen, Potassium Cetyl Phosphate, Calamine, Houttuynia Cordata Powder(3,060ppm), Xanthan Gum, Dipropylene Glycol, Chlorella Vulgaris Powder, Sodium Acrylate\/Sodium Acryloyldimethyl Taurate Copolymer, Polyisobutene, Triethoxycaprylylsilane, Allantoin, Sorbitan Oleate, Caprylyl\/Capryl Glucoside, Fructooligosaccharides, Protease, Beta-Glucan, Panthenol, Hydrolyzed Hyaluronic Acid, Ceramide NP, Quercetin(100ppb), Palmitoyl Tripeptide-5, Fragrance, Hydroxyacetophenone, Ethylhexylglycerin, Pentylene Glycol, Iron Oxide Yellow<\/p>","protected":false},"excerpt":{"rendered":"<p>Anua Heartleaf Pore Clay Pack absorb\u0113 net\u012brumus no por\u0101m, no\u0146em lieko sebumu un keratiniz\u0113tas \u0101das da\u013ci\u0146as, balina tauku pavedienus, nov\u0113r\u0161 komedonu veido\u0161anos. Normaliz\u0113 sebuma sekr\u0113ciju, nov\u0113r\u0161 taukainu sp\u012bdumu un sa\u0161aurina poras, m\u012bkstina, neiz\u017e\u0101v\u0113. L\u012bdzeklis ar smalk\u0101m un vid\u0113ji abraz\u012bv\u0101m houttuynia da\u013ci\u0146\u0101m satur 20% kaol\u012bna, benton\u012btu, 10% houttuynia ekstraktu, prote\u0101zi, centellas un v\u012b\u0123es ekstraktus, kalam\u012bnu, kolag\u0113nu un palmitoiltripept\u012bdu-5.<\/p>","protected":false},"featured_media":18946,"comment_status":"open","ping_status":"closed","template":"","meta":{"site-sidebar-layout":"default","site-content-layout":"","ast-site-content-layout":"","site-content-style":"default","site-sidebar-style":"default","ast-global-header-display":"","ast-banner-title-visibility":"","ast-main-header-display":"","ast-hfb-above-header-display":"","ast-hfb-below-header-display":"","ast-hfb-mobile-header-display":"","site-post-title":"","ast-breadcrumbs-content":"","ast-featured-img":"","footer-sml-layout":"","theme-transparent-header-meta":"","adv-header-id-meta":"","stick-header-meta":"","header-above-stick-meta":"","header-main-stick-meta":"","header-below-stick-meta":"","astra-migrate-meta-layouts":"default","ast-page-background-enabled":"default","ast-page-background-meta":{"desktop":{"background-color":"var(--ast-global-color-4)","background-image":"","background-repeat":"repeat","background-position":"center center","background-size":"auto","background-attachment":"scroll","background-type":"","background-media":"","overlay-type":"","overlay-color":"","overlay-opacity":"","overlay-gradient":""},"tablet":{"background-color":"","background-image":"","background-repeat":"repeat","background-position":"center center","background-size":"auto","background-attachment":"scroll","background-type":"","background-media":"","overlay-type":"","overlay-color":"","overlay-opacity":"","overlay-gradient":""},"mobile":{"background-color":"","background-image":"","background-repeat":"repeat","background-position":"center center","background-size":"auto","background-attachment":"scroll","background-type":"","background-media":"","overlay-type":"","overlay-color":"","overlay-opacity":"","overlay-gradient":""}},"ast-content-background-meta":{"desktop":{"background-color":"var(--ast-global-color-5)","background-image":"","background-repeat":"repeat","background-position":"center center","background-size":"auto","background-attachment":"scroll","background-type":"","background-media":"","overlay-type":"","overlay-color":"","overlay-opacity":"","overlay-gradient":""},"tablet":{"background-color":"var(--ast-global-color-5)","background-image":"","background-repeat":"repeat","background-position":"center center","background-size":"auto","background-attachment":"scroll","background-type":"","background-media":"","overlay-type":"","overlay-color":"","overlay-opacity":"","overlay-gradient":""},"mobile":{"background-color":"var(--ast-global-color-5)","background-image":"","background-repeat":"repeat","background-position":"center center","background-size":"auto","background-attachment":"scroll","background-type":"","background-media":"","overlay-type":"","overlay-color":"","overlay-opacity":"","overlay-gradient":""}}},"product_brand":[],"product_cat":[316,315],"product_tag":[],"berocket_brand":[575],"class_list":{"0":"post-18945","1":"product","2":"type-product","3":"status-publish","4":"has-post-thumbnail","6":"product_cat-attirosas","7":"product_cat-maskas","8":"berocket_brand-anua","9":"desktop-align-left","10":"tablet-align-left","11":"mobile-align-left","13":"first","14":"outofstock","15":"taxable","16":"shipping-taxable","17":"purchasable","18":"product-type-simple","19":"add-to-wishlist-before_image"},"yoast_head":"<!-- This site is optimized with the Yoast SEO plugin v27.4 - https:\/\/yoast.com\/product\/yoast-seo-wordpress\/ -->\n<title>Anua Heartleaf Pore Clay Pack 100ml - FACECORNER<\/title>\n<meta name=\"description\" content=\"Anua Heartleaf Pore Clay Pack absorb\u0113 net\u012brumus no por\u0101m, no\u0146em lieko sebumu un keratiniz\u0113tas \u0101das da\u013ci\u0146as,nov\u0113r\u0161 taukainu sp\u012bdumu.\" \/>\n<meta name=\"robots\" content=\"index, follow, max-snippet:-1, max-image-preview:large, max-video-preview:-1\" \/>\n<link rel=\"canonical\" href=\"https:\/\/www.facecorner.lv\/en\/shop\/anua-heartleaf-pore-clay-pack-100ml\/\" \/>\n<meta property=\"og:locale\" content=\"en_US\" \/>\n<meta property=\"og:type\" content=\"article\" \/>\n<meta property=\"og:title\" content=\"Anua Heartleaf Pore Clay Pack 100ml - FACECORNER\" \/>\n<meta property=\"og:description\" content=\"Anua Heartleaf Pore Clay Pack absorb\u0113 net\u012brumus no por\u0101m, no\u0146em lieko sebumu un keratiniz\u0113tas \u0101das da\u013ci\u0146as,nov\u0113r\u0161 taukainu sp\u012bdumu.\" \/>\n<meta property=\"og:url\" content=\"https:\/\/www.facecorner.lv\/en\/shop\/anua-heartleaf-pore-clay-pack-100ml\/\" \/>\n<meta property=\"og:site_name\" content=\"FACECORNER\" \/>\n<meta property=\"article:publisher\" content=\"https:\/\/www.facebook.com\/profile.php?id=100063824551839\" \/>\n<meta property=\"article:modified_time\" content=\"2025-03-14T17:50:47+00:00\" \/>\n<meta property=\"og:image\" content=\"https:\/\/www.facecorner.lv\/wp-content\/uploads\/2024\/07\/09_5c5b59da-f214-47ef-8730-9b6138ba16a5.jpg.webp\" \/>\n\t<meta property=\"og:image:width\" content=\"800\" \/>\n\t<meta property=\"og:image:height\" content=\"800\" \/>\n\t<meta property=\"og:image:type\" content=\"image\/webp\" \/>\n<meta name=\"twitter:card\" content=\"summary_large_image\" \/>\n<meta name=\"twitter:label1\" content=\"Price\" \/>\n\t<meta name=\"twitter:data1\" content=\"&euro;21.90\" \/>\n\t<meta name=\"twitter:label2\" content=\"Availability\" \/>\n\t<meta name=\"twitter:data2\" content=\"Out of stock\" \/>\n<script type=\"application\/ld+json\" class=\"yoast-schema-graph\">{\"@context\":\"https:\\\/\\\/schema.org\",\"@graph\":[{\"@type\":\"WebPage\",\"@id\":\"https:\\\/\\\/www.facecorner.lv\\\/shop\\\/anua-heartleaf-pore-clay-pack-100ml\\\/\",\"url\":\"https:\\\/\\\/www.facecorner.lv\\\/shop\\\/anua-heartleaf-pore-clay-pack-100ml\\\/\",\"name\":\"Anua Heartleaf Pore Clay Pack 100ml - FACECORNER\",\"isPartOf\":{\"@id\":\"https:\\\/\\\/www.facecorner.lv\\\/#website\"},\"primaryImageOfPage\":{\"@id\":\"https:\\\/\\\/www.facecorner.lv\\\/shop\\\/anua-heartleaf-pore-clay-pack-100ml\\\/#primaryimage\"},\"image\":{\"@id\":\"https:\\\/\\\/www.facecorner.lv\\\/shop\\\/anua-heartleaf-pore-clay-pack-100ml\\\/#primaryimage\"},\"thumbnailUrl\":\"https:\\\/\\\/www.facecorner.lv\\\/wp-content\\\/uploads\\\/2024\\\/07\\\/09_5c5b59da-f214-47ef-8730-9b6138ba16a5.jpg.webp\",\"datePublished\":\"2024-07-09T10:21:39+00:00\",\"dateModified\":\"2025-03-14T17:50:47+00:00\",\"description\":\"Anua Heartleaf Pore Clay Pack absorb\u0113 net\u012brumus no por\u0101m, no\u0146em lieko sebumu un keratiniz\u0113tas \u0101das da\u013ci\u0146as,nov\u0113r\u0161 taukainu sp\u012bdumu.\",\"breadcrumb\":{\"@id\":\"https:\\\/\\\/www.facecorner.lv\\\/shop\\\/anua-heartleaf-pore-clay-pack-100ml\\\/#breadcrumb\"},\"inLanguage\":\"en-US\",\"potentialAction\":[{\"@type\":\"ReadAction\",\"target\":[\"https:\\\/\\\/www.facecorner.lv\\\/shop\\\/anua-heartleaf-pore-clay-pack-100ml\\\/\"]}]},{\"@type\":\"ImageObject\",\"inLanguage\":\"en-US\",\"@id\":\"https:\\\/\\\/www.facecorner.lv\\\/shop\\\/anua-heartleaf-pore-clay-pack-100ml\\\/#primaryimage\",\"url\":\"https:\\\/\\\/www.facecorner.lv\\\/wp-content\\\/uploads\\\/2024\\\/07\\\/09_5c5b59da-f214-47ef-8730-9b6138ba16a5.jpg.webp\",\"contentUrl\":\"https:\\\/\\\/www.facecorner.lv\\\/wp-content\\\/uploads\\\/2024\\\/07\\\/09_5c5b59da-f214-47ef-8730-9b6138ba16a5.jpg.webp\",\"width\":800,\"height\":800,\"caption\":\"Anua Heartleaf Pore Clay Pack\"},{\"@type\":\"BreadcrumbList\",\"@id\":\"https:\\\/\\\/www.facecorner.lv\\\/shop\\\/anua-heartleaf-pore-clay-pack-100ml\\\/#breadcrumb\",\"itemListElement\":[{\"@type\":\"ListItem\",\"position\":1,\"name\":\"Home\",\"item\":\"https:\\\/\\\/www.facecorner.lv\\\/\"},{\"@type\":\"ListItem\",\"position\":2,\"name\":\"Veikals\",\"item\":\"https:\\\/\\\/www.facecorner.lv\\\/shop\\\/\"},{\"@type\":\"ListItem\",\"position\":3,\"name\":\"Anua Heartleaf Pore Clay Pack 100ml\"}]},{\"@type\":\"WebSite\",\"@id\":\"https:\\\/\\\/www.facecorner.lv\\\/#website\",\"url\":\"https:\\\/\\\/www.facecorner.lv\\\/\",\"name\":\"Facecorner\",\"description\":\"\",\"publisher\":{\"@id\":\"https:\\\/\\\/www.facecorner.lv\\\/#organization\"},\"potentialAction\":[{\"@type\":\"SearchAction\",\"target\":{\"@type\":\"EntryPoint\",\"urlTemplate\":\"https:\\\/\\\/www.facecorner.lv\\\/?s={search_term_string}\"},\"query-input\":{\"@type\":\"PropertyValueSpecification\",\"valueRequired\":true,\"valueName\":\"search_term_string\"}}],\"inLanguage\":\"en-US\"},{\"@type\":\"Organization\",\"@id\":\"https:\\\/\\\/www.facecorner.lv\\\/#organization\",\"name\":\"Facecorner\",\"url\":\"https:\\\/\\\/www.facecorner.lv\\\/\",\"logo\":{\"@type\":\"ImageObject\",\"inLanguage\":\"en-US\",\"@id\":\"https:\\\/\\\/www.facecorner.lv\\\/#\\\/schema\\\/logo\\\/image\\\/\",\"url\":\"https:\\\/\\\/www.facecorner.lv\\\/wp-content\\\/uploads\\\/2024\\\/04\\\/fc-logo.jpg\",\"contentUrl\":\"https:\\\/\\\/www.facecorner.lv\\\/wp-content\\\/uploads\\\/2024\\\/04\\\/fc-logo.jpg\",\"width\":174,\"height\":28,\"caption\":\"Facecorner\"},\"image\":{\"@id\":\"https:\\\/\\\/www.facecorner.lv\\\/#\\\/schema\\\/logo\\\/image\\\/\"},\"sameAs\":[\"https:\\\/\\\/www.facebook.com\\\/profile.php?id=100063824551839\",\"https:\\\/\\\/www.instagram.com\\\/facecorner_shop\\\/\"]}]}<\/script>\n<meta property=\"product:price:amount\" content=\"21.90\" \/>\n<meta property=\"product:price:currency\" content=\"EUR\" \/>\n<meta property=\"og:availability\" content=\"out of stock\" \/>\n<meta property=\"product:availability\" content=\"out of stock\" \/>\n<meta property=\"product:condition\" content=\"new\" \/>\n<!-- \/ Yoast SEO plugin. -->","yoast_head_json":{"title":"Anua Heartleaf Pore Clay Pack 100ml - FACECORNER","description":"Anua Heartleaf Pore Clay Pack absorb\u0113 net\u012brumus no por\u0101m, no\u0146em lieko sebumu un keratiniz\u0113tas \u0101das da\u013ci\u0146as,nov\u0113r\u0161 taukainu sp\u012bdumu.","robots":{"index":"index","follow":"follow","max-snippet":"max-snippet:-1","max-image-preview":"max-image-preview:large","max-video-preview":"max-video-preview:-1"},"canonical":"https:\/\/www.facecorner.lv\/en\/shop\/anua-heartleaf-pore-clay-pack-100ml\/","og_locale":"en_US","og_type":"article","og_title":"Anua Heartleaf Pore Clay Pack 100ml - FACECORNER","og_description":"Anua Heartleaf Pore Clay Pack absorb\u0113 net\u012brumus no por\u0101m, no\u0146em lieko sebumu un keratiniz\u0113tas \u0101das da\u013ci\u0146as,nov\u0113r\u0161 taukainu sp\u012bdumu.","og_url":"https:\/\/www.facecorner.lv\/en\/shop\/anua-heartleaf-pore-clay-pack-100ml\/","og_site_name":"FACECORNER","article_publisher":"https:\/\/www.facebook.com\/profile.php?id=100063824551839","article_modified_time":"2025-03-14T17:50:47+00:00","og_image":[{"width":800,"height":800,"url":"https:\/\/www.facecorner.lv\/wp-content\/uploads\/2024\/07\/09_5c5b59da-f214-47ef-8730-9b6138ba16a5.jpg.webp","type":"image\/webp"}],"twitter_card":"summary_large_image","twitter_misc":{"Price":"&euro;21.90","Availability":"Out of stock"},"schema":{"@context":"https:\/\/schema.org","@graph":[{"@type":"WebPage","@id":"https:\/\/www.facecorner.lv\/shop\/anua-heartleaf-pore-clay-pack-100ml\/","url":"https:\/\/www.facecorner.lv\/shop\/anua-heartleaf-pore-clay-pack-100ml\/","name":"Anua Heartleaf Pore Clay Pack 100ml - FACECORNER","isPartOf":{"@id":"https:\/\/www.facecorner.lv\/#website"},"primaryImageOfPage":{"@id":"https:\/\/www.facecorner.lv\/shop\/anua-heartleaf-pore-clay-pack-100ml\/#primaryimage"},"image":{"@id":"https:\/\/www.facecorner.lv\/shop\/anua-heartleaf-pore-clay-pack-100ml\/#primaryimage"},"thumbnailUrl":"https:\/\/www.facecorner.lv\/wp-content\/uploads\/2024\/07\/09_5c5b59da-f214-47ef-8730-9b6138ba16a5.jpg.webp","datePublished":"2024-07-09T10:21:39+00:00","dateModified":"2025-03-14T17:50:47+00:00","description":"Anua Heartleaf Pore Clay Pack absorb\u0113 net\u012brumus no por\u0101m, no\u0146em lieko sebumu un keratiniz\u0113tas \u0101das da\u013ci\u0146as,nov\u0113r\u0161 taukainu sp\u012bdumu.","breadcrumb":{"@id":"https:\/\/www.facecorner.lv\/shop\/anua-heartleaf-pore-clay-pack-100ml\/#breadcrumb"},"inLanguage":"en-US","potentialAction":[{"@type":"ReadAction","target":["https:\/\/www.facecorner.lv\/shop\/anua-heartleaf-pore-clay-pack-100ml\/"]}]},{"@type":"ImageObject","inLanguage":"en-US","@id":"https:\/\/www.facecorner.lv\/shop\/anua-heartleaf-pore-clay-pack-100ml\/#primaryimage","url":"https:\/\/www.facecorner.lv\/wp-content\/uploads\/2024\/07\/09_5c5b59da-f214-47ef-8730-9b6138ba16a5.jpg.webp","contentUrl":"https:\/\/www.facecorner.lv\/wp-content\/uploads\/2024\/07\/09_5c5b59da-f214-47ef-8730-9b6138ba16a5.jpg.webp","width":800,"height":800,"caption":"Anua Heartleaf Pore Clay Pack"},{"@type":"BreadcrumbList","@id":"https:\/\/www.facecorner.lv\/shop\/anua-heartleaf-pore-clay-pack-100ml\/#breadcrumb","itemListElement":[{"@type":"ListItem","position":1,"name":"Home","item":"https:\/\/www.facecorner.lv\/"},{"@type":"ListItem","position":2,"name":"Veikals","item":"https:\/\/www.facecorner.lv\/shop\/"},{"@type":"ListItem","position":3,"name":"Anua Heartleaf Pore Clay Pack 100ml"}]},{"@type":"WebSite","@id":"https:\/\/www.facecorner.lv\/#website","url":"https:\/\/www.facecorner.lv\/","name":"Facecorner","description":"","publisher":{"@id":"https:\/\/www.facecorner.lv\/#organization"},"potentialAction":[{"@type":"SearchAction","target":{"@type":"EntryPoint","urlTemplate":"https:\/\/www.facecorner.lv\/?s={search_term_string}"},"query-input":{"@type":"PropertyValueSpecification","valueRequired":true,"valueName":"search_term_string"}}],"inLanguage":"en-US"},{"@type":"Organization","@id":"https:\/\/www.facecorner.lv\/#organization","name":"Facecorner","url":"https:\/\/www.facecorner.lv\/","logo":{"@type":"ImageObject","inLanguage":"en-US","@id":"https:\/\/www.facecorner.lv\/#\/schema\/logo\/image\/","url":"https:\/\/www.facecorner.lv\/wp-content\/uploads\/2024\/04\/fc-logo.jpg","contentUrl":"https:\/\/www.facecorner.lv\/wp-content\/uploads\/2024\/04\/fc-logo.jpg","width":174,"height":28,"caption":"Facecorner"},"image":{"@id":"https:\/\/www.facecorner.lv\/#\/schema\/logo\/image\/"},"sameAs":["https:\/\/www.facebook.com\/profile.php?id=100063824551839","https:\/\/www.instagram.com\/facecorner_shop\/"]}]},"product_price_amount":"21.90","product_price_currency":"EUR","og_availability":"out of stock","product_availability":"out of stock","product_condition":"new"},"_links":{"self":[{"href":"https:\/\/www.facecorner.lv\/en\/wp-json\/wp\/v2\/product\/18945","targetHints":{"allow":["GET"]}}],"collection":[{"href":"https:\/\/www.facecorner.lv\/en\/wp-json\/wp\/v2\/product"}],"about":[{"href":"https:\/\/www.facecorner.lv\/en\/wp-json\/wp\/v2\/types\/product"}],"replies":[{"embeddable":true,"href":"https:\/\/www.facecorner.lv\/en\/wp-json\/wp\/v2\/comments?post=18945"}],"wp:featuredmedia":[{"embeddable":true,"href":"https:\/\/www.facecorner.lv\/en\/wp-json\/wp\/v2\/media\/18946"}],"wp:attachment":[{"href":"https:\/\/www.facecorner.lv\/en\/wp-json\/wp\/v2\/media?parent=18945"}],"wp:term":[{"taxonomy":"product_brand","embeddable":true,"href":"https:\/\/www.facecorner.lv\/en\/wp-json\/wp\/v2\/product_brand?post=18945"},{"taxonomy":"product_cat","embeddable":true,"href":"https:\/\/www.facecorner.lv\/en\/wp-json\/wp\/v2\/product_cat?post=18945"},{"taxonomy":"product_tag","embeddable":true,"href":"https:\/\/www.facecorner.lv\/en\/wp-json\/wp\/v2\/product_tag?post=18945"},{"taxonomy":"berocket_brand","embeddable":true,"href":"https:\/\/www.facecorner.lv\/en\/wp-json\/wp\/v2\/berocket_brand?post=18945"}],"curies":[{"name":"wp","href":"https:\/\/api.w.org\/{rel}","templated":true}]}}