{"id":18942,"date":"2024-07-09T12:10:27","date_gmt":"2024-07-09T10:10:27","guid":{"rendered":"https:\/\/www.facecorner.lv\/?post_type=product&#038;p=18942"},"modified":"2025-10-16T13:29:11","modified_gmt":"2025-10-16T10:29:11","slug":"anua-nano-retinol-03-niacin-renewing-serum-30ml","status":"publish","type":"product","link":"https:\/\/www.facecorner.lv\/en\/shop\/anua-nano-retinol-03-niacin-renewing-serum-30ml\/","title":{"rendered":"Anua Nano Retinol 0,3% + Niacin Renewing Serum 30ml"},"content":{"rendered":"<p>Anua Nano Retinol 0,3 % + Niacinamide Renewing Serum ir sp\u0113c\u012bgs balino\u0161s serums, kas bag\u0101tin\u0101ts ar retinolu un niac\u012bnam\u012bdu, lai c\u012bn\u012btos pret vecuma izmai\u0146\u0101m.<\/p>\n<p>\u0160is produkts ir ide\u0101la retinola un niac\u012bnam\u012bda kombin\u0101cija tiem, kuri v\u0113l tikai ievie\u0161 \u0161\u012bs akt\u012bv\u0101s sast\u0101vda\u013cas sav\u0101 skaistumkop\u0161anas rut\u012bn\u0101. Produkts maigi, bet intens\u012bvi iedarbojas uz redzam\u0101m \u0101das nepiln\u012bb\u0101m: grumb\u0101m, pigment\u0101ciju, papla\u0161in\u0101t\u0101m por\u0101m, nevienm\u0113r\u012bgu tekst\u016bru.<\/p>\n<p>Produkta galven\u0101 \u012bpa\u0161\u012bba ir 0,3 % patent\u0113t\u0101 Nano Retinol\u2122 kompleksa, kas ieskapsul\u0113 retinolu 0,11 % koncentr\u0101cij\u0101 \u012bpa\u0161\u0101s liposomu kapsul\u0101s, kas sast\u0101v no keram\u012bdiem, fitoster\u012bna un ole\u012bnsk\u0101bes.<\/p>\n<p>\u0160\u0101da iekapsul\u0113ta retinola molekul\u0101rais izm\u0113rs ir 5000 rei\u017eu maz\u0101ks nek\u0101 poras, kas nodro\u0161ina t\u0101 visdzi\u013c\u0101ko iek\u013c\u016b\u0161anu un kvalitat\u012bvu l\u012bdzek\u013cu asimil\u0101ciju. Liposomu tehnolo\u0123ija samazina kairin\u0101juma risku un palielina iedarb\u012bbas efektivit\u0101ti uz \u0101du.<\/p>\n<p><strong>Main active ingredients:<\/strong><\/p>\n<ul>\n<li>0,11% retinola iedarbina intens\u012bvu atjauno\u0161an\u0101s procesu, pie\u0161\u0137ir elast\u012bbu, sabiez\u0113, nostiprina \u0101rpus\u0161\u016bnu matricu, normaliz\u0113 hidrolip\u012bdu l\u012bdzsvaru, palielina kolag\u0113na veido\u0161anos, samazina grumbu un p\u016bt\u012btes smagumu.<\/li>\n<li>5% niacinam\u012bds pal\u0113nina melan\u012bna pieg\u0101di epiderm\u0101, nov\u0113r\u0161 pigmenta plankumu veido\u0161anos, samazina jut\u012bbu pret \u0101r\u0113jiem kairin\u0101t\u0101jiem, izl\u012bdzina tonusu, veicina kolag\u0113na veido\u0161anos un palielina bl\u012bvumu.<\/li>\n<li>\u0100bolu ekstrakts ir bag\u0101ts ar C vitam\u012bnu un aug\u013csk\u0101b\u0113m. Tam piem\u012bt sp\u0113c\u012bga mitrino\u0161a iedarb\u012bba, tas toniz\u0113 un pie\u0161\u0137ir vesel\u012bgu mirdzumu.<\/li>\n<li>Ceram\u012bdu komplekss stiprina \u0161\u016bnas un aizsarg\u0101 t\u0101s no boj\u0101jumiem, nov\u0113r\u0161 mitruma iztvaiko\u0161anu un veicina ilgtermi\u0146a mitrin\u0101\u0161anu, uztur optim\u0101lu hidrolip\u012bdu l\u012bdzsvaru.<\/li>\n<li>Kasta\u0146u mizas ekstrakts satur tan\u012bnus, kas palielina \u0101das elast\u012bbu un sa\u0161aurina papla\u0161in\u0101t\u0101s poras. Tiem piem\u012bt sp\u0113c\u012bga antibakteri\u0101la un pretmikrobu iedarb\u012bba, tie pa\u0101trina re\u0123ener\u0101cijas procesus.<\/li>\n<li>Persimona ekstrakts satur polifenolu kompleksu, kas ir sp\u0113c\u012bgi dabiskie antioksidanti. Aizsarg\u0101 \u0161\u016bnas no oksid\u0113\u0161an\u0101s, ultraviolet\u0101s gaismas iedarb\u012bbas. Uztur \u0101das elast\u012bbu un elast\u012bbu.<\/li>\n<li>Peptidu komplekss atbild par past\u0101v\u012bgu re\u0123ener\u0101ciju un \u0161\u016bnu atjauno\u0161anos, tam piem\u012bt dzi\u013ca anti-age iedarb\u012bba, samazina grumbu ra\u0161anos un nov\u0113r\u0161 jaunu grumbu veido\u0161anos, stimul\u0113 atjauno\u0161an\u0101s un re\u0123ener\u0101cijas procesus, pal\u0113nina \u0161\u016bnu noveco\u0161anos. Normaliz\u0113 kolag\u0113na un elast\u012bna veido\u0161anos, izl\u012bdzina \u0101du, samazina grumbu ra\u0161anos un nov\u0113r\u0161 jaunu grumbu veido\u0161anos.<\/li>\n<\/ul>\n<p><strong>How to use:<\/strong> p\u0113c att\u012br\u012b\u0161anas un toniz\u0113\u0161anas uzkl\u0101jiet nelielu daudzumu seruma un izklied\u0113jiet pa sejas \u0101du. Ieteicams vakara kop\u0161anai. Neizmantojiet vair\u0101k k\u0101 1 l\u012bdzekli ar retinolu.<\/p>\n<p><strong>Br\u012bdin\u0101jums.<\/strong> Retinols izraisa fotosensitivit\u0101ti: dienas laik\u0101 lietojiet l\u012bdzekli ar SPF 50. Ja iepriek\u0161 neesat lietojusi retinola produktus, ievietojiet produktu pak\u0101peniski: piem\u0113ram, lietojiet produktu 2 reizes ned\u0113\u013c\u0101 2 ned\u0113\u013cas. P\u0113c tam, ja \u0101dai nerodas kairin\u0101juma paz\u012bmes, lietojiet kr\u0113mu 3 reizes ned\u0113\u013c\u0101 2 ned\u0113\u013cas. Nelietojiet retinola produktus gr\u016btniec\u012bbas un z\u012bd\u012b\u0161anas laik\u0101 vai se\u0161us m\u0113ne\u0161us pirms gr\u016btniec\u012bbas.<\/p>\n<p><strong>Ingredientes:\u00a0<\/strong>Water, glycereth-26, niacinamide (5%), malus domestica fruit extract, glycerin, 1,2-hexanediol, caprylic\/capric acid triglyceride, castanea crenata (chestnut) shell extract, glyceryl citrate\/lactate\/linoleate\/oleate, Diospyros kaki leaf extract, Coptis Japonica root extract, Potentilla Anserina extract, Avena Sativa (oat) kernel extract, Cynara Scolymus (artichoke) leaf extract, Portulaca Oleracea extract, Melaleuca Alternifolia (tea tree) extract, Ficus Carica (fig) fruit extract, Centella Asiatica extract, Camellia Sinensis leaf extract, Artemisia Capillaris Flower Extract, Arnica Montana Flower Extract, Houttuynia Cordata Extract, Melia Azadirachta Leaf Extract, Lavandula Angustifolia (Lavender) Flower Extract, Chamomilla Recutita (Matricaria) Flower\/Leaf Extract, Borago Officinalis Extract, Centaurea Cyanus Flower Extract, Hydrogenated Lecithin, Camellia Sinensis -Leaf Water, Centaurea Cyanus Flower Water, Sodium Hyaluronate, Melaleuca Alternifolia (tea tree) Leaf Oil, Carapa Guianensis Seed Oil, Hippophae Rhamnoides Fruit Oil, Tocopherol, Propanediol, Cetyl Ethyl Hexanoate, Ammonium Acryloyl Dimethyl Taurate\/VP Copolymer, Pentaerythrityl Tetra-di-t-butyl Hydroxyhydrocinnamate, Polyacrylate Crosspolymer-6, Methylpropanediol, Butylene Glycol, Polysorbate 20, Retinol (0.11%), Ceramide NP, Pentylene Glycol, Carbomer, Tromethamine, Dipotassium Glycyrrhizate, Ethylhexylglycerin, Adenosine, Disodium EDTA, Polyquaternium -51, beta-glucan, squalane, panthenol , hydrolyzed sodium hyaluronate, BHT, oleic acid, dipropylene glycol, BHA, allantoin, maltodextrin, saccharide hydrolyzate, sorbitan laurate, glyceryl stearate, butyrospermum parkii (shea) butter, octyldodecanol, phytosterols, madecassoside, Ceramide AS, Ceramide AP, Capryloyl Salicylic acid, Cholesterol, Hydroxyethylcellulose , Acetyl Dipeptide -1 Cetyl Ester, Ceramide NS, Ceramide NG, Caprylyl Glycol, Guaiazulene, Sucrose Distearate, Nonapeptide-1, Acetyl Hexapeptide-8, Copper Tripeptide-1, Tripeptide-1, Palmitoyl Tetrapeptide-7, Palmitoyl Tripeptide-1, Palmitoyl Pentapeptide- 4, Hydroxypropyl Cyclodextrin, Hexapeptide-9, Ceramide EOP<\/p>","protected":false},"excerpt":{"rendered":"<p>Anua Nano Retinol 0,3% + Niacinamide atjaunojo\u0161ais serums ir bag\u0101tin\u0101ts ar retinolu un niac\u012bnam\u012bdu, lai c\u012bn\u012btos ar vecuma izmai\u0146\u0101m. Tas efekt\u012bvi izl\u012bdzina grumbas un grumbi\u0146as un c\u012bn\u0101s pret pigment\u0101ciju. Seruma sast\u0101v\u0101 ir 8 pept\u012bdi, kas stiprina aizsargbarjeru un uztur \u0101das elast\u012bbu. Nomierino\u0161u un nomierino\u0161u iedarb\u012bbu nodro\u0161ina augu izcelsmes sast\u0101vda\u013cas &#8211; t\u0113jas koka lapu e\u013c\u013ca, v\u012b\u0123es un auzu ekstrakti. Piem\u0113rots jut\u012bgai \u0101dai.<\/p>","protected":false},"featured_media":18943,"comment_status":"open","ping_status":"closed","template":"","meta":{"site-sidebar-layout":"default","site-content-layout":"","ast-site-content-layout":"","site-content-style":"default","site-sidebar-style":"default","ast-global-header-display":"","ast-banner-title-visibility":"","ast-main-header-display":"","ast-hfb-above-header-display":"","ast-hfb-below-header-display":"","ast-hfb-mobile-header-display":"","site-post-title":"","ast-breadcrumbs-content":"","ast-featured-img":"","footer-sml-layout":"","theme-transparent-header-meta":"","adv-header-id-meta":"","stick-header-meta":"","header-above-stick-meta":"","header-main-stick-meta":"","header-below-stick-meta":"","astra-migrate-meta-layouts":"default","ast-page-background-enabled":"default","ast-page-background-meta":{"desktop":{"background-color":"var(--ast-global-color-4)","background-image":"","background-repeat":"repeat","background-position":"center center","background-size":"auto","background-attachment":"scroll","background-type":"","background-media":"","overlay-type":"","overlay-color":"","overlay-opacity":"","overlay-gradient":""},"tablet":{"background-color":"","background-image":"","background-repeat":"repeat","background-position":"center center","background-size":"auto","background-attachment":"scroll","background-type":"","background-media":"","overlay-type":"","overlay-color":"","overlay-opacity":"","overlay-gradient":""},"mobile":{"background-color":"","background-image":"","background-repeat":"repeat","background-position":"center center","background-size":"auto","background-attachment":"scroll","background-type":"","background-media":"","overlay-type":"","overlay-color":"","overlay-opacity":"","overlay-gradient":""}},"ast-content-background-meta":{"desktop":{"background-color":"var(--ast-global-color-5)","background-image":"","background-repeat":"repeat","background-position":"center center","background-size":"auto","background-attachment":"scroll","background-type":"","background-media":"","overlay-type":"","overlay-color":"","overlay-opacity":"","overlay-gradient":""},"tablet":{"background-color":"var(--ast-global-color-5)","background-image":"","background-repeat":"repeat","background-position":"center center","background-size":"auto","background-attachment":"scroll","background-type":"","background-media":"","overlay-type":"","overlay-color":"","overlay-opacity":"","overlay-gradient":""},"mobile":{"background-color":"var(--ast-global-color-5)","background-image":"","background-repeat":"repeat","background-position":"center center","background-size":"auto","background-attachment":"scroll","background-type":"","background-media":"","overlay-type":"","overlay-color":"","overlay-opacity":"","overlay-gradient":""}}},"product_brand":[],"product_cat":[370,371,373,374,363],"product_tag":[],"berocket_brand":[575],"class_list":{"0":"post-18942","1":"product","2":"type-product","3":"status-publish","4":"has-post-thumbnail","6":"product_cat-adas-mirdzumam","7":"product_cat-anti-age","8":"product_cat-poras-sasaurinoss","9":"product_cat-pret-pinnem","10":"product_cat-serumi","11":"berocket_brand-anua","12":"desktop-align-left","13":"tablet-align-left","14":"mobile-align-left","16":"first","17":"outofstock","18":"taxable","19":"shipping-taxable","20":"purchasable","21":"product-type-simple","22":"add-to-wishlist-before_image"},"yoast_head":"<!-- This site is optimized with the Yoast SEO plugin v27.4 - https:\/\/yoast.com\/product\/yoast-seo-wordpress\/ -->\n<title>Anua Nano Retinol 0,3% + Niacin Renewing Serum 30ml - FACECORNER<\/title>\n<meta name=\"description\" content=\"Anua Nano Retinol 0,3% + Niacinamide atjaunojo\u0161ais serums ir bag\u0101tin\u0101ts ar retinolu un niac\u012bnam\u012bdu, lai c\u012bn\u012btos ar vecuma izmai\u0146\u0101m.\" \/>\n<meta name=\"robots\" content=\"index, follow, max-snippet:-1, max-image-preview:large, max-video-preview:-1\" \/>\n<link rel=\"canonical\" href=\"https:\/\/www.facecorner.lv\/en\/shop\/anua-nano-retinol-03-niacin-renewing-serum-30ml\/\" \/>\n<meta property=\"og:locale\" content=\"en_US\" \/>\n<meta property=\"og:type\" content=\"article\" \/>\n<meta property=\"og:title\" content=\"Anua Nano Retinol 0,3% + Niacin Renewing Serum 30ml - FACECORNER\" \/>\n<meta property=\"og:description\" content=\"Anua Nano Retinol 0,3% + Niacinamide atjaunojo\u0161ais serums ir bag\u0101tin\u0101ts ar retinolu un niac\u012bnam\u012bdu, lai c\u012bn\u012btos ar vecuma izmai\u0146\u0101m.\" \/>\n<meta property=\"og:url\" content=\"https:\/\/www.facecorner.lv\/en\/shop\/anua-nano-retinol-03-niacin-renewing-serum-30ml\/\" \/>\n<meta property=\"og:site_name\" content=\"FACECORNER\" \/>\n<meta property=\"article:publisher\" content=\"https:\/\/www.facebook.com\/profile.php?id=100063824551839\" \/>\n<meta property=\"article:modified_time\" content=\"2025-10-16T10:29:11+00:00\" \/>\n<meta property=\"og:image\" content=\"https:\/\/www.facecorner.lv\/wp-content\/uploads\/2024\/07\/600X600px-2023-12-09T210244.796.jpg.webp\" \/>\n\t<meta property=\"og:image:width\" content=\"600\" \/>\n\t<meta property=\"og:image:height\" content=\"600\" \/>\n\t<meta property=\"og:image:type\" content=\"image\/webp\" \/>\n<meta name=\"twitter:card\" content=\"summary_large_image\" \/>\n<meta name=\"twitter:label1\" content=\"Price\" \/>\n\t<meta name=\"twitter:data1\" content=\"&euro;34.90\" \/>\n\t<meta name=\"twitter:label2\" content=\"Availability\" \/>\n\t<meta name=\"twitter:data2\" content=\"Out of stock\" \/>\n<script type=\"application\/ld+json\" class=\"yoast-schema-graph\">{\"@context\":\"https:\\\/\\\/schema.org\",\"@graph\":[{\"@type\":\"WebPage\",\"@id\":\"https:\\\/\\\/www.facecorner.lv\\\/shop\\\/anua-nano-retinol-03-niacin-renewing-serum-30ml\\\/\",\"url\":\"https:\\\/\\\/www.facecorner.lv\\\/shop\\\/anua-nano-retinol-03-niacin-renewing-serum-30ml\\\/\",\"name\":\"Anua Nano Retinol 0,3% + Niacin Renewing Serum 30ml - FACECORNER\",\"isPartOf\":{\"@id\":\"https:\\\/\\\/www.facecorner.lv\\\/#website\"},\"primaryImageOfPage\":{\"@id\":\"https:\\\/\\\/www.facecorner.lv\\\/shop\\\/anua-nano-retinol-03-niacin-renewing-serum-30ml\\\/#primaryimage\"},\"image\":{\"@id\":\"https:\\\/\\\/www.facecorner.lv\\\/shop\\\/anua-nano-retinol-03-niacin-renewing-serum-30ml\\\/#primaryimage\"},\"thumbnailUrl\":\"https:\\\/\\\/www.facecorner.lv\\\/wp-content\\\/uploads\\\/2024\\\/07\\\/600X600px-2023-12-09T210244.796.jpg.webp\",\"datePublished\":\"2024-07-09T10:10:27+00:00\",\"dateModified\":\"2025-10-16T10:29:11+00:00\",\"description\":\"Anua Nano Retinol 0,3% + Niacinamide atjaunojo\u0161ais serums ir bag\u0101tin\u0101ts ar retinolu un niac\u012bnam\u012bdu, lai c\u012bn\u012btos ar vecuma izmai\u0146\u0101m.\",\"breadcrumb\":{\"@id\":\"https:\\\/\\\/www.facecorner.lv\\\/shop\\\/anua-nano-retinol-03-niacin-renewing-serum-30ml\\\/#breadcrumb\"},\"inLanguage\":\"en-US\",\"potentialAction\":[{\"@type\":\"ReadAction\",\"target\":[\"https:\\\/\\\/www.facecorner.lv\\\/shop\\\/anua-nano-retinol-03-niacin-renewing-serum-30ml\\\/\"]}]},{\"@type\":\"ImageObject\",\"inLanguage\":\"en-US\",\"@id\":\"https:\\\/\\\/www.facecorner.lv\\\/shop\\\/anua-nano-retinol-03-niacin-renewing-serum-30ml\\\/#primaryimage\",\"url\":\"https:\\\/\\\/www.facecorner.lv\\\/wp-content\\\/uploads\\\/2024\\\/07\\\/600X600px-2023-12-09T210244.796.jpg.webp\",\"contentUrl\":\"https:\\\/\\\/www.facecorner.lv\\\/wp-content\\\/uploads\\\/2024\\\/07\\\/600X600px-2023-12-09T210244.796.jpg.webp\",\"width\":600,\"height\":600,\"caption\":\"Anua Nano Retinol 0,3% + Niacin Renewing Serum\"},{\"@type\":\"BreadcrumbList\",\"@id\":\"https:\\\/\\\/www.facecorner.lv\\\/shop\\\/anua-nano-retinol-03-niacin-renewing-serum-30ml\\\/#breadcrumb\",\"itemListElement\":[{\"@type\":\"ListItem\",\"position\":1,\"name\":\"Home\",\"item\":\"https:\\\/\\\/www.facecorner.lv\\\/\"},{\"@type\":\"ListItem\",\"position\":2,\"name\":\"Veikals\",\"item\":\"https:\\\/\\\/www.facecorner.lv\\\/shop\\\/\"},{\"@type\":\"ListItem\",\"position\":3,\"name\":\"Anua Nano Retinol 0,3% + Niacin Renewing Serum 30ml\"}]},{\"@type\":\"WebSite\",\"@id\":\"https:\\\/\\\/www.facecorner.lv\\\/#website\",\"url\":\"https:\\\/\\\/www.facecorner.lv\\\/\",\"name\":\"Facecorner\",\"description\":\"\",\"publisher\":{\"@id\":\"https:\\\/\\\/www.facecorner.lv\\\/#organization\"},\"potentialAction\":[{\"@type\":\"SearchAction\",\"target\":{\"@type\":\"EntryPoint\",\"urlTemplate\":\"https:\\\/\\\/www.facecorner.lv\\\/?s={search_term_string}\"},\"query-input\":{\"@type\":\"PropertyValueSpecification\",\"valueRequired\":true,\"valueName\":\"search_term_string\"}}],\"inLanguage\":\"en-US\"},{\"@type\":\"Organization\",\"@id\":\"https:\\\/\\\/www.facecorner.lv\\\/#organization\",\"name\":\"Facecorner\",\"url\":\"https:\\\/\\\/www.facecorner.lv\\\/\",\"logo\":{\"@type\":\"ImageObject\",\"inLanguage\":\"en-US\",\"@id\":\"https:\\\/\\\/www.facecorner.lv\\\/#\\\/schema\\\/logo\\\/image\\\/\",\"url\":\"https:\\\/\\\/www.facecorner.lv\\\/wp-content\\\/uploads\\\/2024\\\/04\\\/fc-logo.jpg\",\"contentUrl\":\"https:\\\/\\\/www.facecorner.lv\\\/wp-content\\\/uploads\\\/2024\\\/04\\\/fc-logo.jpg\",\"width\":174,\"height\":28,\"caption\":\"Facecorner\"},\"image\":{\"@id\":\"https:\\\/\\\/www.facecorner.lv\\\/#\\\/schema\\\/logo\\\/image\\\/\"},\"sameAs\":[\"https:\\\/\\\/www.facebook.com\\\/profile.php?id=100063824551839\",\"https:\\\/\\\/www.instagram.com\\\/facecorner_shop\\\/\"]}]}<\/script>\n<meta property=\"product:price:amount\" content=\"34.90\" \/>\n<meta property=\"product:price:currency\" content=\"EUR\" \/>\n<meta property=\"og:availability\" content=\"out of stock\" \/>\n<meta property=\"product:availability\" content=\"out of stock\" \/>\n<meta property=\"product:condition\" content=\"new\" \/>\n<!-- \/ Yoast SEO plugin. -->","yoast_head_json":{"title":"Anua Nano Retinol 0,3% + Niacin Renewing Serum 30ml - FACECORNER","description":"Anua Nano Retinol 0,3% + Niacinamide atjaunojo\u0161ais serums ir bag\u0101tin\u0101ts ar retinolu un niac\u012bnam\u012bdu, lai c\u012bn\u012btos ar vecuma izmai\u0146\u0101m.","robots":{"index":"index","follow":"follow","max-snippet":"max-snippet:-1","max-image-preview":"max-image-preview:large","max-video-preview":"max-video-preview:-1"},"canonical":"https:\/\/www.facecorner.lv\/en\/shop\/anua-nano-retinol-03-niacin-renewing-serum-30ml\/","og_locale":"en_US","og_type":"article","og_title":"Anua Nano Retinol 0,3% + Niacin Renewing Serum 30ml - FACECORNER","og_description":"Anua Nano Retinol 0,3% + Niacinamide atjaunojo\u0161ais serums ir bag\u0101tin\u0101ts ar retinolu un niac\u012bnam\u012bdu, lai c\u012bn\u012btos ar vecuma izmai\u0146\u0101m.","og_url":"https:\/\/www.facecorner.lv\/en\/shop\/anua-nano-retinol-03-niacin-renewing-serum-30ml\/","og_site_name":"FACECORNER","article_publisher":"https:\/\/www.facebook.com\/profile.php?id=100063824551839","article_modified_time":"2025-10-16T10:29:11+00:00","og_image":[{"width":600,"height":600,"url":"https:\/\/www.facecorner.lv\/wp-content\/uploads\/2024\/07\/600X600px-2023-12-09T210244.796.jpg.webp","type":"image\/webp"}],"twitter_card":"summary_large_image","twitter_misc":{"Price":"&euro;34.90","Availability":"Out of stock"},"schema":{"@context":"https:\/\/schema.org","@graph":[{"@type":"WebPage","@id":"https:\/\/www.facecorner.lv\/shop\/anua-nano-retinol-03-niacin-renewing-serum-30ml\/","url":"https:\/\/www.facecorner.lv\/shop\/anua-nano-retinol-03-niacin-renewing-serum-30ml\/","name":"Anua Nano Retinol 0,3% + Niacin Renewing Serum 30ml - FACECORNER","isPartOf":{"@id":"https:\/\/www.facecorner.lv\/#website"},"primaryImageOfPage":{"@id":"https:\/\/www.facecorner.lv\/shop\/anua-nano-retinol-03-niacin-renewing-serum-30ml\/#primaryimage"},"image":{"@id":"https:\/\/www.facecorner.lv\/shop\/anua-nano-retinol-03-niacin-renewing-serum-30ml\/#primaryimage"},"thumbnailUrl":"https:\/\/www.facecorner.lv\/wp-content\/uploads\/2024\/07\/600X600px-2023-12-09T210244.796.jpg.webp","datePublished":"2024-07-09T10:10:27+00:00","dateModified":"2025-10-16T10:29:11+00:00","description":"Anua Nano Retinol 0,3% + Niacinamide atjaunojo\u0161ais serums ir bag\u0101tin\u0101ts ar retinolu un niac\u012bnam\u012bdu, lai c\u012bn\u012btos ar vecuma izmai\u0146\u0101m.","breadcrumb":{"@id":"https:\/\/www.facecorner.lv\/shop\/anua-nano-retinol-03-niacin-renewing-serum-30ml\/#breadcrumb"},"inLanguage":"en-US","potentialAction":[{"@type":"ReadAction","target":["https:\/\/www.facecorner.lv\/shop\/anua-nano-retinol-03-niacin-renewing-serum-30ml\/"]}]},{"@type":"ImageObject","inLanguage":"en-US","@id":"https:\/\/www.facecorner.lv\/shop\/anua-nano-retinol-03-niacin-renewing-serum-30ml\/#primaryimage","url":"https:\/\/www.facecorner.lv\/wp-content\/uploads\/2024\/07\/600X600px-2023-12-09T210244.796.jpg.webp","contentUrl":"https:\/\/www.facecorner.lv\/wp-content\/uploads\/2024\/07\/600X600px-2023-12-09T210244.796.jpg.webp","width":600,"height":600,"caption":"Anua Nano Retinol 0,3% + Niacin Renewing Serum"},{"@type":"BreadcrumbList","@id":"https:\/\/www.facecorner.lv\/shop\/anua-nano-retinol-03-niacin-renewing-serum-30ml\/#breadcrumb","itemListElement":[{"@type":"ListItem","position":1,"name":"Home","item":"https:\/\/www.facecorner.lv\/"},{"@type":"ListItem","position":2,"name":"Veikals","item":"https:\/\/www.facecorner.lv\/shop\/"},{"@type":"ListItem","position":3,"name":"Anua Nano Retinol 0,3% + Niacin Renewing Serum 30ml"}]},{"@type":"WebSite","@id":"https:\/\/www.facecorner.lv\/#website","url":"https:\/\/www.facecorner.lv\/","name":"Facecorner","description":"","publisher":{"@id":"https:\/\/www.facecorner.lv\/#organization"},"potentialAction":[{"@type":"SearchAction","target":{"@type":"EntryPoint","urlTemplate":"https:\/\/www.facecorner.lv\/?s={search_term_string}"},"query-input":{"@type":"PropertyValueSpecification","valueRequired":true,"valueName":"search_term_string"}}],"inLanguage":"en-US"},{"@type":"Organization","@id":"https:\/\/www.facecorner.lv\/#organization","name":"Facecorner","url":"https:\/\/www.facecorner.lv\/","logo":{"@type":"ImageObject","inLanguage":"en-US","@id":"https:\/\/www.facecorner.lv\/#\/schema\/logo\/image\/","url":"https:\/\/www.facecorner.lv\/wp-content\/uploads\/2024\/04\/fc-logo.jpg","contentUrl":"https:\/\/www.facecorner.lv\/wp-content\/uploads\/2024\/04\/fc-logo.jpg","width":174,"height":28,"caption":"Facecorner"},"image":{"@id":"https:\/\/www.facecorner.lv\/#\/schema\/logo\/image\/"},"sameAs":["https:\/\/www.facebook.com\/profile.php?id=100063824551839","https:\/\/www.instagram.com\/facecorner_shop\/"]}]},"product_price_amount":"34.90","product_price_currency":"EUR","og_availability":"out of stock","product_availability":"out of stock","product_condition":"new"},"_links":{"self":[{"href":"https:\/\/www.facecorner.lv\/en\/wp-json\/wp\/v2\/product\/18942","targetHints":{"allow":["GET"]}}],"collection":[{"href":"https:\/\/www.facecorner.lv\/en\/wp-json\/wp\/v2\/product"}],"about":[{"href":"https:\/\/www.facecorner.lv\/en\/wp-json\/wp\/v2\/types\/product"}],"replies":[{"embeddable":true,"href":"https:\/\/www.facecorner.lv\/en\/wp-json\/wp\/v2\/comments?post=18942"}],"wp:featuredmedia":[{"embeddable":true,"href":"https:\/\/www.facecorner.lv\/en\/wp-json\/wp\/v2\/media\/18943"}],"wp:attachment":[{"href":"https:\/\/www.facecorner.lv\/en\/wp-json\/wp\/v2\/media?parent=18942"}],"wp:term":[{"taxonomy":"product_brand","embeddable":true,"href":"https:\/\/www.facecorner.lv\/en\/wp-json\/wp\/v2\/product_brand?post=18942"},{"taxonomy":"product_cat","embeddable":true,"href":"https:\/\/www.facecorner.lv\/en\/wp-json\/wp\/v2\/product_cat?post=18942"},{"taxonomy":"product_tag","embeddable":true,"href":"https:\/\/www.facecorner.lv\/en\/wp-json\/wp\/v2\/product_tag?post=18942"},{"taxonomy":"berocket_brand","embeddable":true,"href":"https:\/\/www.facecorner.lv\/en\/wp-json\/wp\/v2\/berocket_brand?post=18942"}],"curies":[{"name":"wp","href":"https:\/\/api.w.org\/{rel}","templated":true}]}}