{"id":18852,"date":"2024-07-01T15:03:50","date_gmt":"2024-07-01T13:03:50","guid":{"rendered":"https:\/\/www.facecorner.lv\/?post_type=product&#038;p=18852"},"modified":"2025-02-08T21:28:59","modified_gmt":"2025-02-08T18:28:59","slug":"lador-c-tox-clay-shampoo-200ml","status":"publish","type":"product","link":"https:\/\/www.facecorner.lv\/en\/shop\/lador-c-tox-clay-shampoo-200ml\/","title":{"rendered":"Lador C-Tox Clay Shampoo 200ml"},"content":{"rendered":"<p>Lador C-Tox Clay Shampoo gently removes impurities by absorbing dust, excess sebum and keratinized particles. The product softens hair, does not cause dryness, nourishes and moisturizes thanks to the minerals in the composition.<\/p>\n<p>Forms a thick, soft foam that deeply cleanses the hair and washes out the residues of styling products. The mildly acidic formula maintains an optimal pH level, promoting the growth of healthy hair.<\/p>\n<p>The shampoo gives a pleasant aroma: top notes - orange, lemon, grapefruit; heart notes - lily of the valley, rose, jasmine, eucalyptus and green notes; base notes - musk, amber.<\/p>\n<p><strong>Main active ingredients:<\/strong><\/p>\n<ul>\n<li>Kaolin (1000 ppb) softens the scalp and soothes irritation, absorbs sebum, eliminates excessive oiliness, normalizes pH balance, promotes the growth of healthy and strong hair.<\/li>\n<li>Charcoal powder absorbs excess sebum, draws all impurities from the pores, has a good cleansing effect.<\/li>\n<li>Laminaria extract moisturizes and strengthens, saturates hair with essential minerals and trace elements. Stimulates hair growth, activates blood circulation, has an antioxidant effect.<\/li>\n<li>Fucus extract is extracted from brown algae. Tones, saturates with antioxidants, moisturizes and prevents scalp dryness.<\/li>\n<li>Undaria pinnata extract is an algae that is a rich source of vitamin A. It provides antioxidant protection<\/li>\n<li>Plankton extract is extracted from algae and other marine organisms.<\/li>\n<li>Seawater is rich in macro- and micronutrients and helps thicken and smooth hair.<\/li>\n<li>Tocopherol (vitamin E) is an antioxidant, supports healthy hair growth, has a photoprotective effect, softens and nourishes.<\/li>\n<\/ul>\n<p><strong>Piem\u0113rots visiem matu tipiem.<\/strong><\/p>\n<p><strong>How to use:<\/strong> apply the shampoo to a wet scalp, spread with massaging movements and rinse with water.<\/p>\n<p><strong>Ingredientes:<\/strong> Water, Disodium Laureth Sulfosuccinate, Lauryl Betaine, Cocamide MIPA, Sodium Cocoyl Isethionate, Potassium Cocoyl Glycinate, Glycol Distearate, Propylene Glycol Laurate, Sodium Chloride, Polyquaternium-10, Potassium Cocoate, Caprylyl Glycol, Citric Acid, Charcoal Powder, Propanediol, Trihydroxystearin, Disodium EDTA, Ethylhexylglycerin, Isopropanolamine, Sea Water, Kaolin(1000ppb), Onsen-Sui, Tocopherol, Butylene Glycol, 1,2-Hexanediol, Dipropylene Glycol, Pentylene Glycol, Laminaria Japonica Extract, Fucus Vesiculosus Extract, Undaria Pinnatifida Extract, Chlorella Vulgaris Extract, Salicornia Herbacea Extract, Plankton Extract, Sodium Benzoate, Hydroxyacetophenone, Fragrance, Linalool, Limonene<\/p>","protected":false},"excerpt":{"rendered":"<p>Lador C-Tox Clay Shampoo with clay and sea minerals gently removes impurities - the product absorbs dust, excess sebum and keratinized skin particles, washing them from the scalp. The product softens hair, does not cause dryness, nourishes and moisturizes thanks to the minerals in the composition. Contains clay, algae extracts, plankton, sea water, charcoal powder and tocopherol.<\/p>","protected":false},"featured_media":18853,"comment_status":"open","ping_status":"closed","template":"","meta":{"site-sidebar-layout":"default","site-content-layout":"","ast-site-content-layout":"","site-content-style":"default","site-sidebar-style":"default","ast-global-header-display":"","ast-banner-title-visibility":"","ast-main-header-display":"","ast-hfb-above-header-display":"","ast-hfb-below-header-display":"","ast-hfb-mobile-header-display":"","site-post-title":"","ast-breadcrumbs-content":"","ast-featured-img":"","footer-sml-layout":"","theme-transparent-header-meta":"","adv-header-id-meta":"","stick-header-meta":"","header-above-stick-meta":"","header-main-stick-meta":"","header-below-stick-meta":"","astra-migrate-meta-layouts":"default","ast-page-background-enabled":"default","ast-page-background-meta":{"desktop":{"background-color":"var(--ast-global-color-4)","background-image":"","background-repeat":"repeat","background-position":"center center","background-size":"auto","background-attachment":"scroll","background-type":"","background-media":"","overlay-type":"","overlay-color":"","overlay-opacity":"","overlay-gradient":""},"tablet":{"background-color":"","background-image":"","background-repeat":"repeat","background-position":"center center","background-size":"auto","background-attachment":"scroll","background-type":"","background-media":"","overlay-type":"","overlay-color":"","overlay-opacity":"","overlay-gradient":""},"mobile":{"background-color":"","background-image":"","background-repeat":"repeat","background-position":"center center","background-size":"auto","background-attachment":"scroll","background-type":"","background-media":"","overlay-type":"","overlay-color":"","overlay-opacity":"","overlay-gradient":""}},"ast-content-background-meta":{"desktop":{"background-color":"var(--ast-global-color-5)","background-image":"","background-repeat":"repeat","background-position":"center center","background-size":"auto","background-attachment":"scroll","background-type":"","background-media":"","overlay-type":"","overlay-color":"","overlay-opacity":"","overlay-gradient":""},"tablet":{"background-color":"var(--ast-global-color-5)","background-image":"","background-repeat":"repeat","background-position":"center center","background-size":"auto","background-attachment":"scroll","background-type":"","background-media":"","overlay-type":"","overlay-color":"","overlay-opacity":"","overlay-gradient":""},"mobile":{"background-color":"var(--ast-global-color-5)","background-image":"","background-repeat":"repeat","background-position":"center center","background-size":"auto","background-attachment":"scroll","background-type":"","background-media":"","overlay-type":"","overlay-color":"","overlay-opacity":"","overlay-gradient":""}}},"product_brand":[],"product_cat":[330,357],"product_tag":[],"berocket_brand":[594],"class_list":{"0":"post-18852","1":"product","2":"type-product","3":"status-publish","4":"has-post-thumbnail","6":"product_cat-matiem","7":"product_cat-sampuni","8":"berocket_brand-lador","9":"desktop-align-left","10":"tablet-align-left","11":"mobile-align-left","13":"first","14":"instock","15":"taxable","16":"shipping-taxable","17":"purchasable","18":"product-type-simple","19":"add-to-wishlist-before_image"},"yoast_head":"<!-- This site is optimized with the Yoast SEO plugin v27.4 - https:\/\/yoast.com\/product\/yoast-seo-wordpress\/ -->\n<title>Lador C-Tox Clay Shampoo 200ml - FACECORNER<\/title>\n<meta name=\"description\" content=\"Lador C-Tox Clay \u0161amp\u016bns ar m\u0101liem un j\u016bras miner\u0101liem maigi no\u0146em net\u012brumus - l\u012bdzeklis absorb\u0113 putek\u013cus, lieko sebumu un keratiniz\u0113tas \u0101das da\u013ci\u0146as.\" \/>\n<meta name=\"robots\" content=\"index, follow, max-snippet:-1, max-image-preview:large, max-video-preview:-1\" \/>\n<link rel=\"canonical\" href=\"https:\/\/www.facecorner.lv\/en\/shop\/lador-c-tox-clay-shampoo-200ml\/\" \/>\n<meta property=\"og:locale\" content=\"en_US\" \/>\n<meta property=\"og:type\" content=\"article\" \/>\n<meta property=\"og:title\" content=\"Lador C-Tox Clay Shampoo 200ml - FACECORNER\" \/>\n<meta property=\"og:description\" content=\"Lador C-Tox Clay \u0161amp\u016bns ar m\u0101liem un j\u016bras miner\u0101liem maigi no\u0146em net\u012brumus - l\u012bdzeklis absorb\u0113 putek\u013cus, lieko sebumu un keratiniz\u0113tas \u0101das da\u013ci\u0146as.\" \/>\n<meta property=\"og:url\" content=\"https:\/\/www.facecorner.lv\/en\/shop\/lador-c-tox-clay-shampoo-200ml\/\" \/>\n<meta property=\"og:site_name\" content=\"FACECORNER\" \/>\n<meta property=\"article:publisher\" content=\"https:\/\/www.facebook.com\/profile.php?id=100063824551839\" \/>\n<meta property=\"article:modified_time\" content=\"2025-02-08T18:28:59+00:00\" \/>\n<meta property=\"og:image\" content=\"https:\/\/www.facecorner.lv\/wp-content\/uploads\/2024\/07\/4exchcr2-1.jpg\" \/>\n\t<meta property=\"og:image:width\" content=\"1320\" \/>\n\t<meta property=\"og:image:height\" content=\"1320\" \/>\n\t<meta property=\"og:image:type\" content=\"image\/jpeg\" \/>\n<meta name=\"twitter:card\" content=\"summary_large_image\" \/>\n<meta name=\"twitter:label1\" content=\"Price\" \/>\n\t<meta name=\"twitter:data1\" content=\"&euro;18.00\" \/>\n\t<meta name=\"twitter:label2\" content=\"Availability\" \/>\n\t<meta name=\"twitter:data2\" content=\"In stock\" \/>\n<script type=\"application\/ld+json\" class=\"yoast-schema-graph\">{\"@context\":\"https:\\\/\\\/schema.org\",\"@graph\":[{\"@type\":\"WebPage\",\"@id\":\"https:\\\/\\\/www.facecorner.lv\\\/shop\\\/lador-c-tox-clay-shampoo-200ml\\\/\",\"url\":\"https:\\\/\\\/www.facecorner.lv\\\/shop\\\/lador-c-tox-clay-shampoo-200ml\\\/\",\"name\":\"Lador C-Tox Clay Shampoo 200ml - FACECORNER\",\"isPartOf\":{\"@id\":\"https:\\\/\\\/www.facecorner.lv\\\/#website\"},\"primaryImageOfPage\":{\"@id\":\"https:\\\/\\\/www.facecorner.lv\\\/shop\\\/lador-c-tox-clay-shampoo-200ml\\\/#primaryimage\"},\"image\":{\"@id\":\"https:\\\/\\\/www.facecorner.lv\\\/shop\\\/lador-c-tox-clay-shampoo-200ml\\\/#primaryimage\"},\"thumbnailUrl\":\"https:\\\/\\\/www.facecorner.lv\\\/wp-content\\\/uploads\\\/2024\\\/07\\\/4exchcr2-1.jpg\",\"datePublished\":\"2024-07-01T13:03:50+00:00\",\"dateModified\":\"2025-02-08T18:28:59+00:00\",\"description\":\"Lador C-Tox Clay \u0161amp\u016bns ar m\u0101liem un j\u016bras miner\u0101liem maigi no\u0146em net\u012brumus - l\u012bdzeklis absorb\u0113 putek\u013cus, lieko sebumu un keratiniz\u0113tas \u0101das da\u013ci\u0146as.\",\"breadcrumb\":{\"@id\":\"https:\\\/\\\/www.facecorner.lv\\\/shop\\\/lador-c-tox-clay-shampoo-200ml\\\/#breadcrumb\"},\"inLanguage\":\"en-US\",\"potentialAction\":[{\"@type\":\"ReadAction\",\"target\":[\"https:\\\/\\\/www.facecorner.lv\\\/shop\\\/lador-c-tox-clay-shampoo-200ml\\\/\"]}]},{\"@type\":\"ImageObject\",\"inLanguage\":\"en-US\",\"@id\":\"https:\\\/\\\/www.facecorner.lv\\\/shop\\\/lador-c-tox-clay-shampoo-200ml\\\/#primaryimage\",\"url\":\"https:\\\/\\\/www.facecorner.lv\\\/wp-content\\\/uploads\\\/2024\\\/07\\\/4exchcr2-1.jpg\",\"contentUrl\":\"https:\\\/\\\/www.facecorner.lv\\\/wp-content\\\/uploads\\\/2024\\\/07\\\/4exchcr2-1.jpg\",\"width\":1320,\"height\":1320,\"caption\":\"Lador C-Tox Clay Shampoo\"},{\"@type\":\"BreadcrumbList\",\"@id\":\"https:\\\/\\\/www.facecorner.lv\\\/shop\\\/lador-c-tox-clay-shampoo-200ml\\\/#breadcrumb\",\"itemListElement\":[{\"@type\":\"ListItem\",\"position\":1,\"name\":\"Home\",\"item\":\"https:\\\/\\\/www.facecorner.lv\\\/\"},{\"@type\":\"ListItem\",\"position\":2,\"name\":\"Veikals\",\"item\":\"https:\\\/\\\/www.facecorner.lv\\\/shop\\\/\"},{\"@type\":\"ListItem\",\"position\":3,\"name\":\"Lador C-Tox Clay Shampoo 200ml\"}]},{\"@type\":\"WebSite\",\"@id\":\"https:\\\/\\\/www.facecorner.lv\\\/#website\",\"url\":\"https:\\\/\\\/www.facecorner.lv\\\/\",\"name\":\"Facecorner\",\"description\":\"\",\"publisher\":{\"@id\":\"https:\\\/\\\/www.facecorner.lv\\\/#organization\"},\"potentialAction\":[{\"@type\":\"SearchAction\",\"target\":{\"@type\":\"EntryPoint\",\"urlTemplate\":\"https:\\\/\\\/www.facecorner.lv\\\/?s={search_term_string}\"},\"query-input\":{\"@type\":\"PropertyValueSpecification\",\"valueRequired\":true,\"valueName\":\"search_term_string\"}}],\"inLanguage\":\"en-US\"},{\"@type\":\"Organization\",\"@id\":\"https:\\\/\\\/www.facecorner.lv\\\/#organization\",\"name\":\"Facecorner\",\"url\":\"https:\\\/\\\/www.facecorner.lv\\\/\",\"logo\":{\"@type\":\"ImageObject\",\"inLanguage\":\"en-US\",\"@id\":\"https:\\\/\\\/www.facecorner.lv\\\/#\\\/schema\\\/logo\\\/image\\\/\",\"url\":\"https:\\\/\\\/www.facecorner.lv\\\/wp-content\\\/uploads\\\/2024\\\/04\\\/fc-logo.jpg\",\"contentUrl\":\"https:\\\/\\\/www.facecorner.lv\\\/wp-content\\\/uploads\\\/2024\\\/04\\\/fc-logo.jpg\",\"width\":174,\"height\":28,\"caption\":\"Facecorner\"},\"image\":{\"@id\":\"https:\\\/\\\/www.facecorner.lv\\\/#\\\/schema\\\/logo\\\/image\\\/\"},\"sameAs\":[\"https:\\\/\\\/www.facebook.com\\\/profile.php?id=100063824551839\",\"https:\\\/\\\/www.instagram.com\\\/facecorner_shop\\\/\"]}]}<\/script>\n<meta property=\"product:price:amount\" content=\"18.00\" \/>\n<meta property=\"product:price:currency\" content=\"EUR\" \/>\n<meta property=\"og:availability\" content=\"instock\" \/>\n<meta property=\"product:availability\" content=\"instock\" \/>\n<meta property=\"product:condition\" content=\"new\" \/>\n<!-- \/ Yoast SEO plugin. -->","yoast_head_json":{"title":"Lador C-Tox Clay Shampoo 200ml - FACECORNER","description":"Lador C-Tox Clay \u0161amp\u016bns ar m\u0101liem un j\u016bras miner\u0101liem maigi no\u0146em net\u012brumus - l\u012bdzeklis absorb\u0113 putek\u013cus, lieko sebumu un keratiniz\u0113tas \u0101das da\u013ci\u0146as.","robots":{"index":"index","follow":"follow","max-snippet":"max-snippet:-1","max-image-preview":"max-image-preview:large","max-video-preview":"max-video-preview:-1"},"canonical":"https:\/\/www.facecorner.lv\/en\/shop\/lador-c-tox-clay-shampoo-200ml\/","og_locale":"en_US","og_type":"article","og_title":"Lador C-Tox Clay Shampoo 200ml - FACECORNER","og_description":"Lador C-Tox Clay \u0161amp\u016bns ar m\u0101liem un j\u016bras miner\u0101liem maigi no\u0146em net\u012brumus - l\u012bdzeklis absorb\u0113 putek\u013cus, lieko sebumu un keratiniz\u0113tas \u0101das da\u013ci\u0146as.","og_url":"https:\/\/www.facecorner.lv\/en\/shop\/lador-c-tox-clay-shampoo-200ml\/","og_site_name":"FACECORNER","article_publisher":"https:\/\/www.facebook.com\/profile.php?id=100063824551839","article_modified_time":"2025-02-08T18:28:59+00:00","og_image":[{"width":1320,"height":1320,"url":"https:\/\/www.facecorner.lv\/wp-content\/uploads\/2024\/07\/4exchcr2-1.jpg","type":"image\/jpeg"}],"twitter_card":"summary_large_image","twitter_misc":{"Price":"&euro;18.00","Availability":"In stock"},"schema":{"@context":"https:\/\/schema.org","@graph":[{"@type":"WebPage","@id":"https:\/\/www.facecorner.lv\/shop\/lador-c-tox-clay-shampoo-200ml\/","url":"https:\/\/www.facecorner.lv\/shop\/lador-c-tox-clay-shampoo-200ml\/","name":"Lador C-Tox Clay Shampoo 200ml - FACECORNER","isPartOf":{"@id":"https:\/\/www.facecorner.lv\/#website"},"primaryImageOfPage":{"@id":"https:\/\/www.facecorner.lv\/shop\/lador-c-tox-clay-shampoo-200ml\/#primaryimage"},"image":{"@id":"https:\/\/www.facecorner.lv\/shop\/lador-c-tox-clay-shampoo-200ml\/#primaryimage"},"thumbnailUrl":"https:\/\/www.facecorner.lv\/wp-content\/uploads\/2024\/07\/4exchcr2-1.jpg","datePublished":"2024-07-01T13:03:50+00:00","dateModified":"2025-02-08T18:28:59+00:00","description":"Lador C-Tox Clay \u0161amp\u016bns ar m\u0101liem un j\u016bras miner\u0101liem maigi no\u0146em net\u012brumus - l\u012bdzeklis absorb\u0113 putek\u013cus, lieko sebumu un keratiniz\u0113tas \u0101das da\u013ci\u0146as.","breadcrumb":{"@id":"https:\/\/www.facecorner.lv\/shop\/lador-c-tox-clay-shampoo-200ml\/#breadcrumb"},"inLanguage":"en-US","potentialAction":[{"@type":"ReadAction","target":["https:\/\/www.facecorner.lv\/shop\/lador-c-tox-clay-shampoo-200ml\/"]}]},{"@type":"ImageObject","inLanguage":"en-US","@id":"https:\/\/www.facecorner.lv\/shop\/lador-c-tox-clay-shampoo-200ml\/#primaryimage","url":"https:\/\/www.facecorner.lv\/wp-content\/uploads\/2024\/07\/4exchcr2-1.jpg","contentUrl":"https:\/\/www.facecorner.lv\/wp-content\/uploads\/2024\/07\/4exchcr2-1.jpg","width":1320,"height":1320,"caption":"Lador C-Tox Clay Shampoo"},{"@type":"BreadcrumbList","@id":"https:\/\/www.facecorner.lv\/shop\/lador-c-tox-clay-shampoo-200ml\/#breadcrumb","itemListElement":[{"@type":"ListItem","position":1,"name":"Home","item":"https:\/\/www.facecorner.lv\/"},{"@type":"ListItem","position":2,"name":"Veikals","item":"https:\/\/www.facecorner.lv\/shop\/"},{"@type":"ListItem","position":3,"name":"Lador C-Tox Clay Shampoo 200ml"}]},{"@type":"WebSite","@id":"https:\/\/www.facecorner.lv\/#website","url":"https:\/\/www.facecorner.lv\/","name":"Facecorner","description":"","publisher":{"@id":"https:\/\/www.facecorner.lv\/#organization"},"potentialAction":[{"@type":"SearchAction","target":{"@type":"EntryPoint","urlTemplate":"https:\/\/www.facecorner.lv\/?s={search_term_string}"},"query-input":{"@type":"PropertyValueSpecification","valueRequired":true,"valueName":"search_term_string"}}],"inLanguage":"en-US"},{"@type":"Organization","@id":"https:\/\/www.facecorner.lv\/#organization","name":"Facecorner","url":"https:\/\/www.facecorner.lv\/","logo":{"@type":"ImageObject","inLanguage":"en-US","@id":"https:\/\/www.facecorner.lv\/#\/schema\/logo\/image\/","url":"https:\/\/www.facecorner.lv\/wp-content\/uploads\/2024\/04\/fc-logo.jpg","contentUrl":"https:\/\/www.facecorner.lv\/wp-content\/uploads\/2024\/04\/fc-logo.jpg","width":174,"height":28,"caption":"Facecorner"},"image":{"@id":"https:\/\/www.facecorner.lv\/#\/schema\/logo\/image\/"},"sameAs":["https:\/\/www.facebook.com\/profile.php?id=100063824551839","https:\/\/www.instagram.com\/facecorner_shop\/"]}]},"product_price_amount":"18.00","product_price_currency":"EUR","og_availability":"instock","product_availability":"instock","product_condition":"new"},"_links":{"self":[{"href":"https:\/\/www.facecorner.lv\/en\/wp-json\/wp\/v2\/product\/18852","targetHints":{"allow":["GET"]}}],"collection":[{"href":"https:\/\/www.facecorner.lv\/en\/wp-json\/wp\/v2\/product"}],"about":[{"href":"https:\/\/www.facecorner.lv\/en\/wp-json\/wp\/v2\/types\/product"}],"replies":[{"embeddable":true,"href":"https:\/\/www.facecorner.lv\/en\/wp-json\/wp\/v2\/comments?post=18852"}],"wp:featuredmedia":[{"embeddable":true,"href":"https:\/\/www.facecorner.lv\/en\/wp-json\/wp\/v2\/media\/18853"}],"wp:attachment":[{"href":"https:\/\/www.facecorner.lv\/en\/wp-json\/wp\/v2\/media?parent=18852"}],"wp:term":[{"taxonomy":"product_brand","embeddable":true,"href":"https:\/\/www.facecorner.lv\/en\/wp-json\/wp\/v2\/product_brand?post=18852"},{"taxonomy":"product_cat","embeddable":true,"href":"https:\/\/www.facecorner.lv\/en\/wp-json\/wp\/v2\/product_cat?post=18852"},{"taxonomy":"product_tag","embeddable":true,"href":"https:\/\/www.facecorner.lv\/en\/wp-json\/wp\/v2\/product_tag?post=18852"},{"taxonomy":"berocket_brand","embeddable":true,"href":"https:\/\/www.facecorner.lv\/en\/wp-json\/wp\/v2\/berocket_brand?post=18852"}],"curies":[{"name":"wp","href":"https:\/\/api.w.org\/{rel}","templated":true}]}}