{"id":18849,"date":"2024-07-01T14:03:55","date_gmt":"2024-07-01T12:03:55","guid":{"rendered":"https:\/\/www.facecorner.lv\/?post_type=product&#038;p=18849"},"modified":"2025-10-10T10:45:28","modified_gmt":"2025-10-10T07:45:28","slug":"lador-c-tox-clay-treatment-200ml","status":"publish","type":"product","link":"https:\/\/www.facecorner.lv\/en\/shop\/lador-c-tox-clay-treatment-200ml\/","title":{"rendered":"Lador C-Tox Clay Treatment 200ml"},"content":{"rendered":"<p>Hair mask with clay and sea minerals Lador C-Tox Clay Treatment deeply cleanses roots, removes residues of styling products, eliminates irritation and itching, softens and nourishes hair. The product fights excessive greasiness of hair, maintains an optimal level of moisture, smooths. Contains clay, charcoal powder, sea water, algae and plankton extracts, as well as babassu and coconut oils.<\/p>\n<p><strong>Main active ingredients:<\/strong><\/p>\n<ul>\n<li>Kaolin softens, absorbs sebum, eliminates excessive oiliness, normalizes pH balance, and promotes the growth of healthy and strong hair.<\/li>\n<li>Charcoal powder draws out all impurities, has a good cleansing effect.<\/li>\n<li>Babassu oil conditions and nourishes the hair, prevents hair loss and split ends, detangles thanks to polyphenols that penetrate the hair structure.<\/li>\n<li>Laminaria extract moisturizes and strengthens, saturates hair with essential minerals and microelements. Stimulates growth, activates blood circulation, has antioxidant effect.<\/li>\n<li>Coconut oil perfectly moisturizes and nourishes, as well as protects from the negative effects of the environment. It has antiseptic and antibacterial properties.<\/li>\n<li>Fucus extract is extracted from brown algae. Tones, saturates with antioxidants, moisturizes and prevents dryness.<\/li>\n<li>Undaria pinnata extract is an algae that is a rich source of vitamin A. It provides antioxidant protection.<\/li>\n<li>Plankton extract is extracted from algae and other marine organisms. Moisturizes, conditions and softens hair.<\/li>\n<li>Seawater is rich in macro- and microelements and helps to thicken and smooth hair.<\/li>\n<\/ul>\n<p><strong>Suitable for all hair types.<\/strong><\/p>\n<p><strong>How to use:<\/strong> Apply the mask on wet, towel-dried hair, rinse after 3-4 minutes. For a stronger effect, apply the mask for 20-30 minutes.<\/p>\n<p><strong>Ingredientes:<\/strong> Water, Dipropylene Glycol, Dimethicone, Cetearyl Alcohol, Kaolin, Behentrimonium Chloride, Stearamidopropyl Dimethylamine, Glyceryl Stearate SE, Citric Acid, Myristyl Alcohol, Lauryl Alcohol, Caprylyl Glycol, Charcoal Powder, Ethylhexylglycerin, Orbignya Oleifera Seed Oil, Sea Water, Onsen-Sui, Cocos Nucifera (Coconut) Oil, Raphanus Sativus (Radish) Seed Extract, Octyldodecyl Oleate, Octyldodecanol, Butylene Glycol, Acacia Concinna Fruit Extract, Tocopherol, 1,2-Hexanediol, Pentylene Glycol, Magnolia Officinalis Bark Extract, Tamarindus Indica Fruit Extract, Rosmarinus Officinalis (Rosemary) Leaf Extract, Laminaria Japonica Extract, Fucus Vesiculosus Extract, Undaria Pinnatifida Extract, Chlorella Vulgaris Extract, Salicornia Herbacea Extract, Plankton Extract, Fragrance, Limonene, Linalool<\/p>","protected":false},"excerpt":{"rendered":"<p>Hair mask with clay and sea minerals Lador C-Tox Clay Treatment deeply cleanses roots, removes residues of styling products, eliminates irritation and itching, softens and nourishes hair. The product fights excessive greasiness of hair, maintains an optimal level of moisture, smooths. Contains clay, charcoal powder, sea water, algae and plankton extracts, as well as babassu and coconut oils.<\/p>","protected":false},"featured_media":18850,"comment_status":"open","ping_status":"closed","template":"","meta":{"site-sidebar-layout":"default","site-content-layout":"","ast-site-content-layout":"","site-content-style":"default","site-sidebar-style":"default","ast-global-header-display":"","ast-banner-title-visibility":"","ast-main-header-display":"","ast-hfb-above-header-display":"","ast-hfb-below-header-display":"","ast-hfb-mobile-header-display":"","site-post-title":"","ast-breadcrumbs-content":"","ast-featured-img":"","footer-sml-layout":"","theme-transparent-header-meta":"","adv-header-id-meta":"","stick-header-meta":"","header-above-stick-meta":"","header-main-stick-meta":"","header-below-stick-meta":"","astra-migrate-meta-layouts":"default","ast-page-background-enabled":"default","ast-page-background-meta":{"desktop":{"background-color":"var(--ast-global-color-4)","background-image":"","background-repeat":"repeat","background-position":"center center","background-size":"auto","background-attachment":"scroll","background-type":"","background-media":"","overlay-type":"","overlay-color":"","overlay-opacity":"","overlay-gradient":""},"tablet":{"background-color":"","background-image":"","background-repeat":"repeat","background-position":"center center","background-size":"auto","background-attachment":"scroll","background-type":"","background-media":"","overlay-type":"","overlay-color":"","overlay-opacity":"","overlay-gradient":""},"mobile":{"background-color":"","background-image":"","background-repeat":"repeat","background-position":"center center","background-size":"auto","background-attachment":"scroll","background-type":"","background-media":"","overlay-type":"","overlay-color":"","overlay-opacity":"","overlay-gradient":""}},"ast-content-background-meta":{"desktop":{"background-color":"var(--ast-global-color-5)","background-image":"","background-repeat":"repeat","background-position":"center center","background-size":"auto","background-attachment":"scroll","background-type":"","background-media":"","overlay-type":"","overlay-color":"","overlay-opacity":"","overlay-gradient":""},"tablet":{"background-color":"var(--ast-global-color-5)","background-image":"","background-repeat":"repeat","background-position":"center center","background-size":"auto","background-attachment":"scroll","background-type":"","background-media":"","overlay-type":"","overlay-color":"","overlay-opacity":"","overlay-gradient":""},"mobile":{"background-color":"var(--ast-global-color-5)","background-image":"","background-repeat":"repeat","background-position":"center center","background-size":"auto","background-attachment":"scroll","background-type":"","background-media":"","overlay-type":"","overlay-color":"","overlay-opacity":"","overlay-gradient":""}}},"product_brand":[],"product_cat":[330,351],"product_tag":[],"berocket_brand":[594],"class_list":{"0":"post-18849","1":"product","2":"type-product","3":"status-publish","4":"has-post-thumbnail","6":"product_cat-matiem","7":"product_cat-matu-maskas","8":"berocket_brand-lador","9":"desktop-align-left","10":"tablet-align-left","11":"mobile-align-left","13":"first","14":"instock","15":"taxable","16":"shipping-taxable","17":"purchasable","18":"product-type-simple","19":"add-to-wishlist-before_image"},"yoast_head":"<!-- This site is optimized with the Yoast SEO plugin v27.3 - https:\/\/yoast.com\/product\/yoast-seo-wordpress\/ -->\n<title>Lador C-Tox Clay Treatment 200ml - FACECORNER<\/title>\n<meta name=\"description\" content=\"Matu maska ar m\u0101liem un j\u016bras miner\u0101liem Lador C-Tox Clay Treatment dzi\u013ci att\u012bra matu saknes, no\u0146em matu veido\u0161anas l\u012bdzek\u013cu atliekas.\" \/>\n<meta name=\"robots\" content=\"index, follow, max-snippet:-1, max-image-preview:large, max-video-preview:-1\" \/>\n<link rel=\"canonical\" href=\"https:\/\/www.facecorner.lv\/en\/shop\/lador-c-tox-clay-treatment-200ml\/\" \/>\n<meta property=\"og:locale\" content=\"en_US\" \/>\n<meta property=\"og:type\" content=\"article\" \/>\n<meta property=\"og:title\" content=\"Lador C-Tox Clay Treatment 200ml - FACECORNER\" \/>\n<meta property=\"og:description\" content=\"Matu maska ar m\u0101liem un j\u016bras miner\u0101liem Lador C-Tox Clay Treatment dzi\u013ci att\u012bra matu saknes, no\u0146em matu veido\u0161anas l\u012bdzek\u013cu atliekas.\" \/>\n<meta property=\"og:url\" content=\"https:\/\/www.facecorner.lv\/en\/shop\/lador-c-tox-clay-treatment-200ml\/\" \/>\n<meta property=\"og:site_name\" content=\"FACECORNER\" \/>\n<meta property=\"article:publisher\" content=\"https:\/\/www.facebook.com\/profile.php?id=100063824551839\" \/>\n<meta property=\"article:modified_time\" content=\"2025-10-10T07:45:28+00:00\" \/>\n<meta property=\"og:image\" content=\"https:\/\/www.facecorner.lv\/wp-content\/uploads\/2024\/07\/4exchcr2.jpg\" \/>\n\t<meta property=\"og:image:width\" content=\"1320\" \/>\n\t<meta property=\"og:image:height\" content=\"1320\" \/>\n\t<meta property=\"og:image:type\" content=\"image\/jpeg\" \/>\n<meta name=\"twitter:card\" content=\"summary_large_image\" \/>\n<meta name=\"twitter:label1\" content=\"Price\" \/>\n\t<meta name=\"twitter:data1\" content=\"&euro;18.00\" \/>\n\t<meta name=\"twitter:label2\" content=\"Availability\" \/>\n\t<meta name=\"twitter:data2\" content=\"In stock\" \/>\n<script type=\"application\/ld+json\" class=\"yoast-schema-graph\">{\"@context\":\"https:\\\/\\\/schema.org\",\"@graph\":[{\"@type\":\"WebPage\",\"@id\":\"https:\\\/\\\/www.facecorner.lv\\\/shop\\\/lador-c-tox-clay-treatment-200ml\\\/\",\"url\":\"https:\\\/\\\/www.facecorner.lv\\\/shop\\\/lador-c-tox-clay-treatment-200ml\\\/\",\"name\":\"Lador C-Tox Clay Treatment 200ml - FACECORNER\",\"isPartOf\":{\"@id\":\"https:\\\/\\\/www.facecorner.lv\\\/#website\"},\"primaryImageOfPage\":{\"@id\":\"https:\\\/\\\/www.facecorner.lv\\\/shop\\\/lador-c-tox-clay-treatment-200ml\\\/#primaryimage\"},\"image\":{\"@id\":\"https:\\\/\\\/www.facecorner.lv\\\/shop\\\/lador-c-tox-clay-treatment-200ml\\\/#primaryimage\"},\"thumbnailUrl\":\"https:\\\/\\\/www.facecorner.lv\\\/wp-content\\\/uploads\\\/2024\\\/07\\\/4exchcr2.jpg\",\"datePublished\":\"2024-07-01T12:03:55+00:00\",\"dateModified\":\"2025-10-10T07:45:28+00:00\",\"description\":\"Matu maska ar m\u0101liem un j\u016bras miner\u0101liem Lador C-Tox Clay Treatment dzi\u013ci att\u012bra matu saknes, no\u0146em matu veido\u0161anas l\u012bdzek\u013cu atliekas.\",\"breadcrumb\":{\"@id\":\"https:\\\/\\\/www.facecorner.lv\\\/shop\\\/lador-c-tox-clay-treatment-200ml\\\/#breadcrumb\"},\"inLanguage\":\"en-US\",\"potentialAction\":[{\"@type\":\"ReadAction\",\"target\":[\"https:\\\/\\\/www.facecorner.lv\\\/shop\\\/lador-c-tox-clay-treatment-200ml\\\/\"]}]},{\"@type\":\"ImageObject\",\"inLanguage\":\"en-US\",\"@id\":\"https:\\\/\\\/www.facecorner.lv\\\/shop\\\/lador-c-tox-clay-treatment-200ml\\\/#primaryimage\",\"url\":\"https:\\\/\\\/www.facecorner.lv\\\/wp-content\\\/uploads\\\/2024\\\/07\\\/4exchcr2.jpg\",\"contentUrl\":\"https:\\\/\\\/www.facecorner.lv\\\/wp-content\\\/uploads\\\/2024\\\/07\\\/4exchcr2.jpg\",\"width\":1320,\"height\":1320,\"caption\":\"Lador C-Tox Clay Treatment\"},{\"@type\":\"BreadcrumbList\",\"@id\":\"https:\\\/\\\/www.facecorner.lv\\\/shop\\\/lador-c-tox-clay-treatment-200ml\\\/#breadcrumb\",\"itemListElement\":[{\"@type\":\"ListItem\",\"position\":1,\"name\":\"Home\",\"item\":\"https:\\\/\\\/www.facecorner.lv\\\/\"},{\"@type\":\"ListItem\",\"position\":2,\"name\":\"Veikals\",\"item\":\"https:\\\/\\\/www.facecorner.lv\\\/shop\\\/\"},{\"@type\":\"ListItem\",\"position\":3,\"name\":\"Lador C-Tox Clay Treatment 200ml\"}]},{\"@type\":\"WebSite\",\"@id\":\"https:\\\/\\\/www.facecorner.lv\\\/#website\",\"url\":\"https:\\\/\\\/www.facecorner.lv\\\/\",\"name\":\"Facecorner\",\"description\":\"\",\"publisher\":{\"@id\":\"https:\\\/\\\/www.facecorner.lv\\\/#organization\"},\"potentialAction\":[{\"@type\":\"SearchAction\",\"target\":{\"@type\":\"EntryPoint\",\"urlTemplate\":\"https:\\\/\\\/www.facecorner.lv\\\/?s={search_term_string}\"},\"query-input\":{\"@type\":\"PropertyValueSpecification\",\"valueRequired\":true,\"valueName\":\"search_term_string\"}}],\"inLanguage\":\"en-US\"},{\"@type\":\"Organization\",\"@id\":\"https:\\\/\\\/www.facecorner.lv\\\/#organization\",\"name\":\"Facecorner\",\"url\":\"https:\\\/\\\/www.facecorner.lv\\\/\",\"logo\":{\"@type\":\"ImageObject\",\"inLanguage\":\"en-US\",\"@id\":\"https:\\\/\\\/www.facecorner.lv\\\/#\\\/schema\\\/logo\\\/image\\\/\",\"url\":\"https:\\\/\\\/www.facecorner.lv\\\/wp-content\\\/uploads\\\/2024\\\/04\\\/fc-logo.jpg\",\"contentUrl\":\"https:\\\/\\\/www.facecorner.lv\\\/wp-content\\\/uploads\\\/2024\\\/04\\\/fc-logo.jpg\",\"width\":174,\"height\":28,\"caption\":\"Facecorner\"},\"image\":{\"@id\":\"https:\\\/\\\/www.facecorner.lv\\\/#\\\/schema\\\/logo\\\/image\\\/\"},\"sameAs\":[\"https:\\\/\\\/www.facebook.com\\\/profile.php?id=100063824551839\",\"https:\\\/\\\/www.instagram.com\\\/facecorner_shop\\\/\"]}]}<\/script>\n<meta property=\"product:price:amount\" content=\"18.00\" \/>\n<meta property=\"product:price:currency\" content=\"EUR\" \/>\n<meta property=\"og:availability\" content=\"instock\" \/>\n<meta property=\"product:availability\" content=\"instock\" \/>\n<meta property=\"product:condition\" content=\"new\" \/>\n<!-- \/ Yoast SEO plugin. -->","yoast_head_json":{"title":"Lador C-Tox Clay Treatment 200ml - FACECORNER","description":"Matu maska ar m\u0101liem un j\u016bras miner\u0101liem Lador C-Tox Clay Treatment dzi\u013ci att\u012bra matu saknes, no\u0146em matu veido\u0161anas l\u012bdzek\u013cu atliekas.","robots":{"index":"index","follow":"follow","max-snippet":"max-snippet:-1","max-image-preview":"max-image-preview:large","max-video-preview":"max-video-preview:-1"},"canonical":"https:\/\/www.facecorner.lv\/en\/shop\/lador-c-tox-clay-treatment-200ml\/","og_locale":"en_US","og_type":"article","og_title":"Lador C-Tox Clay Treatment 200ml - FACECORNER","og_description":"Matu maska ar m\u0101liem un j\u016bras miner\u0101liem Lador C-Tox Clay Treatment dzi\u013ci att\u012bra matu saknes, no\u0146em matu veido\u0161anas l\u012bdzek\u013cu atliekas.","og_url":"https:\/\/www.facecorner.lv\/en\/shop\/lador-c-tox-clay-treatment-200ml\/","og_site_name":"FACECORNER","article_publisher":"https:\/\/www.facebook.com\/profile.php?id=100063824551839","article_modified_time":"2025-10-10T07:45:28+00:00","og_image":[{"width":1320,"height":1320,"url":"https:\/\/www.facecorner.lv\/wp-content\/uploads\/2024\/07\/4exchcr2.jpg","type":"image\/jpeg"}],"twitter_card":"summary_large_image","twitter_misc":{"Price":"&euro;18.00","Availability":"In stock"},"schema":{"@context":"https:\/\/schema.org","@graph":[{"@type":"WebPage","@id":"https:\/\/www.facecorner.lv\/shop\/lador-c-tox-clay-treatment-200ml\/","url":"https:\/\/www.facecorner.lv\/shop\/lador-c-tox-clay-treatment-200ml\/","name":"Lador C-Tox Clay Treatment 200ml - FACECORNER","isPartOf":{"@id":"https:\/\/www.facecorner.lv\/#website"},"primaryImageOfPage":{"@id":"https:\/\/www.facecorner.lv\/shop\/lador-c-tox-clay-treatment-200ml\/#primaryimage"},"image":{"@id":"https:\/\/www.facecorner.lv\/shop\/lador-c-tox-clay-treatment-200ml\/#primaryimage"},"thumbnailUrl":"https:\/\/www.facecorner.lv\/wp-content\/uploads\/2024\/07\/4exchcr2.jpg","datePublished":"2024-07-01T12:03:55+00:00","dateModified":"2025-10-10T07:45:28+00:00","description":"Matu maska ar m\u0101liem un j\u016bras miner\u0101liem Lador C-Tox Clay Treatment dzi\u013ci att\u012bra matu saknes, no\u0146em matu veido\u0161anas l\u012bdzek\u013cu atliekas.","breadcrumb":{"@id":"https:\/\/www.facecorner.lv\/shop\/lador-c-tox-clay-treatment-200ml\/#breadcrumb"},"inLanguage":"en-US","potentialAction":[{"@type":"ReadAction","target":["https:\/\/www.facecorner.lv\/shop\/lador-c-tox-clay-treatment-200ml\/"]}]},{"@type":"ImageObject","inLanguage":"en-US","@id":"https:\/\/www.facecorner.lv\/shop\/lador-c-tox-clay-treatment-200ml\/#primaryimage","url":"https:\/\/www.facecorner.lv\/wp-content\/uploads\/2024\/07\/4exchcr2.jpg","contentUrl":"https:\/\/www.facecorner.lv\/wp-content\/uploads\/2024\/07\/4exchcr2.jpg","width":1320,"height":1320,"caption":"Lador C-Tox Clay Treatment"},{"@type":"BreadcrumbList","@id":"https:\/\/www.facecorner.lv\/shop\/lador-c-tox-clay-treatment-200ml\/#breadcrumb","itemListElement":[{"@type":"ListItem","position":1,"name":"Home","item":"https:\/\/www.facecorner.lv\/"},{"@type":"ListItem","position":2,"name":"Veikals","item":"https:\/\/www.facecorner.lv\/shop\/"},{"@type":"ListItem","position":3,"name":"Lador C-Tox Clay Treatment 200ml"}]},{"@type":"WebSite","@id":"https:\/\/www.facecorner.lv\/#website","url":"https:\/\/www.facecorner.lv\/","name":"Facecorner","description":"","publisher":{"@id":"https:\/\/www.facecorner.lv\/#organization"},"potentialAction":[{"@type":"SearchAction","target":{"@type":"EntryPoint","urlTemplate":"https:\/\/www.facecorner.lv\/?s={search_term_string}"},"query-input":{"@type":"PropertyValueSpecification","valueRequired":true,"valueName":"search_term_string"}}],"inLanguage":"en-US"},{"@type":"Organization","@id":"https:\/\/www.facecorner.lv\/#organization","name":"Facecorner","url":"https:\/\/www.facecorner.lv\/","logo":{"@type":"ImageObject","inLanguage":"en-US","@id":"https:\/\/www.facecorner.lv\/#\/schema\/logo\/image\/","url":"https:\/\/www.facecorner.lv\/wp-content\/uploads\/2024\/04\/fc-logo.jpg","contentUrl":"https:\/\/www.facecorner.lv\/wp-content\/uploads\/2024\/04\/fc-logo.jpg","width":174,"height":28,"caption":"Facecorner"},"image":{"@id":"https:\/\/www.facecorner.lv\/#\/schema\/logo\/image\/"},"sameAs":["https:\/\/www.facebook.com\/profile.php?id=100063824551839","https:\/\/www.instagram.com\/facecorner_shop\/"]}]},"product_price_amount":"18.00","product_price_currency":"EUR","og_availability":"instock","product_availability":"instock","product_condition":"new"},"_links":{"self":[{"href":"https:\/\/www.facecorner.lv\/en\/wp-json\/wp\/v2\/product\/18849","targetHints":{"allow":["GET"]}}],"collection":[{"href":"https:\/\/www.facecorner.lv\/en\/wp-json\/wp\/v2\/product"}],"about":[{"href":"https:\/\/www.facecorner.lv\/en\/wp-json\/wp\/v2\/types\/product"}],"replies":[{"embeddable":true,"href":"https:\/\/www.facecorner.lv\/en\/wp-json\/wp\/v2\/comments?post=18849"}],"wp:featuredmedia":[{"embeddable":true,"href":"https:\/\/www.facecorner.lv\/en\/wp-json\/wp\/v2\/media\/18850"}],"wp:attachment":[{"href":"https:\/\/www.facecorner.lv\/en\/wp-json\/wp\/v2\/media?parent=18849"}],"wp:term":[{"taxonomy":"product_brand","embeddable":true,"href":"https:\/\/www.facecorner.lv\/en\/wp-json\/wp\/v2\/product_brand?post=18849"},{"taxonomy":"product_cat","embeddable":true,"href":"https:\/\/www.facecorner.lv\/en\/wp-json\/wp\/v2\/product_cat?post=18849"},{"taxonomy":"product_tag","embeddable":true,"href":"https:\/\/www.facecorner.lv\/en\/wp-json\/wp\/v2\/product_tag?post=18849"},{"taxonomy":"berocket_brand","embeddable":true,"href":"https:\/\/www.facecorner.lv\/en\/wp-json\/wp\/v2\/berocket_brand?post=18849"}],"curies":[{"name":"wp","href":"https:\/\/api.w.org\/{rel}","templated":true}]}}